{"id":40853,"date":"2025-04-30T01:04:26","date_gmt":"2025-04-30T05:04:26","guid":{"rendered":"https:\/\/produncan.cl\/producto\/terrain-a-maullin-rio-astillero-region-des-lacs\/"},"modified":"2025-12-26T17:20:44","modified_gmt":"2025-12-26T20:20:44","slug":"terrain-a-maullin-rio-astillero-region-des-lacs","status":"publish","type":"product","link":"https:\/\/produncan.cl\/fr\/produit\/terrain-a-maullin-rio-astillero-region-des-lacs\/","title":{"rendered":"Terrain \u00e0 Maull\u00edn &#8211; R\u00edo Astillero &#8211; R\u00e9gion des lacs"},"content":{"rendered":"\t\t<div data-elementor-type=\"product-post\" data-elementor-id=\"40853\" class=\"elementor elementor-40853 elementor-40685\" data-elementor-post-type=\"product\">\n\t\t\t\t<div class=\"elementor-element elementor-element-aaa8f84 e-flex e-con-boxed e-con e-parent\" data-id=\"aaa8f84\" data-element_type=\"container\" data-e-type=\"container\" data-settings=\"{&quot;jet_parallax_layout_list&quot;:[]}\">\n\t\t\t\t\t<div class=\"e-con-inner\">\n\t\t\t\t<div class=\"elementor-element elementor-element-2fd3897 elementor-widget elementor-widget-heading\" data-id=\"2fd3897\" data-element_type=\"widget\" data-e-type=\"widget\" data-widget_type=\"heading.default\">\n\t\t\t\t\t<h2 class=\"elementor-heading-title elementor-size-default\">4,07 hectares Campito in R\u00edo Astillero - Un joyau naturel sur la c\u00f4te de Maull\u00edn<\/h2>\t\t\t\t<\/div>\n\t\t\t\t\t<\/div>\n\t\t\t\t<\/div>\n\t\t<div class=\"elementor-element elementor-element-9bde2bb e-flex e-con-boxed e-con e-parent\" data-id=\"9bde2bb\" data-element_type=\"container\" data-e-type=\"container\" data-settings=\"{&quot;jet_parallax_layout_list&quot;:[]}\">\n\t\t\t\t\t<div class=\"e-con-inner\">\n\t\t\t\t<div class=\"elementor-element elementor-element-1261e7c elementor-widget elementor-widget-text-editor\" data-id=\"1261e7c\" data-element_type=\"widget\" data-e-type=\"widget\" data-widget_type=\"text-editor.default\">\n\t\t\t\t\t\t\t\t\t<p>Situ\u00e9 dans le secteur d&#8217;A\u00ednco, commune de Maull\u00edn, r\u00e9gion de Los Lagos, le Campito R\u00edo Astillero est une propri\u00e9t\u00e9 unique de 4,07 hectares qui offre un environnement naturel incomparable, avec 350 m\u00e8tres de rivage direct sur la mer et la rivi\u00e8re Astillero. Cette rivi\u00e8re est r\u00e9put\u00e9e pour sa biodiversit\u00e9, car elle abrite des flamants roses, des cygnes, des renards, des &#8220;monitos del monte del monte&#8221; et d&#8217;autres esp\u00e8ces typiques du sud du Chili. Le terrain se compose d&#8217;un beau jardin et d&#8217;une for\u00eat indig\u00e8ne environnante avec des myrtes, des maqui, des murta, des noisetiers et des ulmo, cr\u00e9ant ainsi un environnement parfait pour ceux qui appr\u00e9cient la nature et la tranquillit\u00e9.  <\/p>\n<p>Ce petit camp \u00e0 Maull\u00edn dispose d&#8217;une maison rustique de 95 m\u00b2, construite en 2010 avec des bois indig\u00e8nes et recouverte de bardeaux de m\u00e9l\u00e8ze. Elle dispose d&#8217;une cuisine ouverte et d&#8217;un chauffage au bois. La maison est orient\u00e9e \u00e0 l&#8217;ouest, ce qui lui conf\u00e8re un excellent ensoleillement tout au long de la journ\u00e9e. Malgr\u00e9 son caract\u00e8re rustique, elle est raccord\u00e9e \u00e0 l&#8217;\u00e9lectricit\u00e9 par le r\u00e9seau Crell et \u00e0 l&#8217;eau potable rurale (APR). L&#8217;utilisation des terres est agricole et il existe une interdiction de changement d&#8217;utilisation, ce qui garantit la conservation de l&#8217;environnement. La propri\u00e9t\u00e9 ne paie pas d&#8217;imp\u00f4ts et on y acc\u00e8de par une route de gravier en bon \u00e9tat, \u00e0 seulement trois kilom\u00e8tres de l&#8217;asphalte.     <\/p>\n<p>Depuis El Campito, l&#8217;a\u00e9roport El Tepual de Puerto Montt est accessible en 50 minutes. Il se trouve \u00e9galement \u00e0 proximit\u00e9 de villes comme Pargua (9 km) et Carelmapu (10 km), et dispose d&#8217;un signal t\u00e9l\u00e9phonique et d&#8217;un acc\u00e8s aux transports publics \u00e0 3 km. Cette situation privil\u00e9gi\u00e9e, ainsi que sa diversit\u00e9 naturelle et paysag\u00e8re, en font une option id\u00e9ale pour les personnes \u00e0 la recherche d&#8217;un refuge dans la nature, ainsi que pour les projets de tourisme durable ou les r\u00e9sidences familiales.  <\/p>\n<p>Avec un prix de vente de 400 000 000 $, Campito R\u00edo Astillero repr\u00e9sente une excellente opportunit\u00e9 d&#8217;acqu\u00e9rir un terrain en bord de mer dans l&#8217;une des r\u00e9gions les plus pr\u00e9serv\u00e9es du sud du Chili. Une propri\u00e9t\u00e9 qui offre une vie en contact avec la terre, la mer et la for\u00eat, dans un environnement prot\u00e9g\u00e9 d&#8217;une richesse \u00e9cologique difficilement \u00e9galable. <\/p>\t\t\t\t\t\t\t\t<\/div>\n\t\t\t\t\t<\/div>\n\t\t\t\t<\/div>\n\t\t\t\t<\/div>\n\t\t","protected":false},"excerpt":{"rendered":"<p>4,07 hectares avec 350 m\u00e8tres de bord de mer \u00e0 Rio Astillero. A 50 minutes de l&#8217;a\u00e9roport, acc\u00e8s en grande partie asphalt\u00e9. Elle dispose d&#8217;une maison de 95 m\u00b2, \u00e9lectricit\u00e9, eau potable rurale (APR), bon signal et proximit\u00e9 de Pargua et Carelmapu.  <\/p>\n","protected":false},"featured_media":40689,"template":"","meta":{"_acf_changed":false},"product_brand":[],"product_cat":[113],"product_tag":[236,237],"regiones":[226],"ciudades":[446,457],"class_list":{"0":"post-40853","1":"product","2":"type-product","3":"status-publish","4":"has-post-thumbnail","6":"product_cat-ohiggins-los-lagos-fr","7":"product_tag-parcelles","8":"product_tag-proprietes-touristiques","9":"regiones-nuble-los_lagos","10":"ciudades-carelmapu","11":"ciudades-maullin","13":"first","14":"instock","15":"sold-individually","16":"shipping-taxable","17":"purchasable","18":"product-type-simple"},"acf":[],"yoast_head":"<!-- This site is optimized with the Yoast SEO Premium plugin v26.0 (Yoast SEO v27.3) - https:\/\/yoast.com\/product\/yoast-seo-premium-wordpress\/ -->\n<title>Terrain \u00e0 Maull\u00edn - R\u00edo Astillero - R\u00e9gion des lacs - Produncan<\/title>\n<meta name=\"description\" content=\"Petit camp de 4,07 ha avec 350 m de bord de mer dans le Rio Astillero. Maison 95 m\u00b2, APR, \u00e9lectricit\u00e9, bon signal et 50 min de l&#039;a\u00e9roport, pr\u00e8s de Pargua.\" \/>\n<meta name=\"robots\" content=\"index, follow, max-snippet:-1, max-image-preview:large, max-video-preview:-1\" \/>\n<link rel=\"canonical\" href=\"https:\/\/produncan.cl\/fr\/produit\/terrain-a-maullin-rio-astillero-region-des-lacs\/\" \/>\n<meta property=\"og:locale\" content=\"fr_FR\" \/>\n<meta property=\"og:type\" content=\"article\" \/>\n<meta property=\"og:title\" content=\"Terrain \u00e0 Maull\u00edn - R\u00edo Astillero - R\u00e9gion des lacs\" \/>\n<meta property=\"og:description\" content=\"Petit camp de 4,07 ha avec 350 m de bord de mer dans le Rio Astillero. Maison 95 m\u00b2, APR, \u00e9lectricit\u00e9, bon signal et 50 min de l&#039;a\u00e9roport, pr\u00e8s de Pargua.\" \/>\n<meta property=\"og:url\" content=\"https:\/\/produncan.cl\/fr\/produit\/terrain-a-maullin-rio-astillero-region-des-lacs\/\" \/>\n<meta property=\"og:site_name\" content=\"Produncan\" \/>\n<meta property=\"article:publisher\" content=\"https:\/\/web.facebook.com\/produncanland\" \/>\n<meta property=\"article:modified_time\" content=\"2025-12-26T20:20:44+00:00\" \/>\n<meta property=\"og:image\" content=\"https:\/\/produncan.cl\/wp-content\/uploads\/2025\/04\/Campo-en-venta-en-Maullin-Rio-Astillero.webp\" \/>\n\t<meta property=\"og:image:width\" content=\"800\" \/>\n\t<meta property=\"og:image:height\" content=\"600\" \/>\n\t<meta property=\"og:image:type\" content=\"image\/webp\" \/>\n<meta name=\"twitter:card\" content=\"summary_large_image\" \/>\n<meta name=\"twitter:label1\" content=\"Price\" \/>\n\t<meta name=\"twitter:data1\" content=\"USD434.800,00\" \/>\n\t<meta name=\"twitter:label2\" content=\"Availability\" \/>\n\t<meta name=\"twitter:data2\" content=\"In stock\" \/>\n<script type=\"application\/ld+json\" class=\"yoast-schema-graph\">{\"@context\":\"https:\\\/\\\/schema.org\",\"@graph\":[{\"@type\":\"WebPage\",\"@id\":\"https:\\\/\\\/produncan.cl\\\/fr\\\/produit\\\/terrain-a-maullin-rio-astillero-region-des-lacs\\\/\",\"url\":\"https:\\\/\\\/produncan.cl\\\/fr\\\/produit\\\/terrain-a-maullin-rio-astillero-region-des-lacs\\\/\",\"name\":\"Terrain \u00e0 Maull\u00edn - R\u00edo Astillero - R\u00e9gion des lacs - Produncan\",\"isPartOf\":{\"@id\":\"https:\\\/\\\/produncan.cl\\\/fr\\\/#website\"},\"primaryImageOfPage\":{\"@id\":\"https:\\\/\\\/produncan.cl\\\/fr\\\/produit\\\/terrain-a-maullin-rio-astillero-region-des-lacs\\\/#primaryimage\"},\"image\":{\"@id\":\"https:\\\/\\\/produncan.cl\\\/fr\\\/produit\\\/terrain-a-maullin-rio-astillero-region-des-lacs\\\/#primaryimage\"},\"thumbnailUrl\":\"https:\\\/\\\/produncan.cl\\\/wp-content\\\/uploads\\\/2025\\\/04\\\/Campo-en-venta-en-Maullin-Rio-Astillero.webp\",\"datePublished\":\"2025-04-30T05:04:26+00:00\",\"dateModified\":\"2025-12-26T20:20:44+00:00\",\"description\":\"Petit camp de 4,07 ha avec 350 m de bord de mer dans le Rio Astillero. Maison 95 m\u00b2, APR, \u00e9lectricit\u00e9, bon signal et 50 min de l'a\u00e9roport, pr\u00e8s de Pargua.\",\"breadcrumb\":{\"@id\":\"https:\\\/\\\/produncan.cl\\\/fr\\\/produit\\\/terrain-a-maullin-rio-astillero-region-des-lacs\\\/#breadcrumb\"},\"inLanguage\":\"fr-FR\",\"potentialAction\":[{\"@type\":\"ReadAction\",\"target\":[\"https:\\\/\\\/produncan.cl\\\/fr\\\/produit\\\/terrain-a-maullin-rio-astillero-region-des-lacs\\\/\"]}]},{\"@type\":\"ImageObject\",\"inLanguage\":\"fr-FR\",\"@id\":\"https:\\\/\\\/produncan.cl\\\/fr\\\/produit\\\/terrain-a-maullin-rio-astillero-region-des-lacs\\\/#primaryimage\",\"url\":\"https:\\\/\\\/produncan.cl\\\/wp-content\\\/uploads\\\/2025\\\/04\\\/Campo-en-venta-en-Maullin-Rio-Astillero.webp\",\"contentUrl\":\"https:\\\/\\\/produncan.cl\\\/wp-content\\\/uploads\\\/2025\\\/04\\\/Campo-en-venta-en-Maullin-Rio-Astillero.webp\",\"width\":800,\"height\":600,\"caption\":\"Terrain \u00e0 vendre \u00e0 Maullin River Shipyard\"},{\"@type\":\"BreadcrumbList\",\"@id\":\"https:\\\/\\\/produncan.cl\\\/fr\\\/produit\\\/terrain-a-maullin-rio-astillero-region-des-lacs\\\/#breadcrumb\",\"itemListElement\":[{\"@type\":\"ListItem\",\"position\":1,\"name\":\"Inicio\",\"item\":\"https:\\\/\\\/produncan.cl\\\/fr\\\/\"},{\"@type\":\"ListItem\",\"position\":2,\"name\":\"Propri\u00e9t\u00e9s\",\"item\":\"https:\\\/\\\/produncan.cl\\\/propiedades\\\/\"},{\"@type\":\"ListItem\",\"position\":3,\"name\":\"Parcelles\",\"item\":\"https:\\\/\\\/produncan.cl\\\/fr\\\/cat&eacute;gorie\\\/parcelles\\\/\"},{\"@type\":\"ListItem\",\"position\":4,\"name\":\"Terrain \u00e0 Maull\u00edn &#8211; R\u00edo Astillero &#8211; R\u00e9gion des lacs\"}]},{\"@type\":\"WebSite\",\"@id\":\"https:\\\/\\\/produncan.cl\\\/fr\\\/#website\",\"url\":\"https:\\\/\\\/produncan.cl\\\/fr\\\/\",\"name\":\"Produncan\",\"description\":\"Nous vous accompagnons dans votre projet de vie !\",\"publisher\":{\"@id\":\"https:\\\/\\\/produncan.cl\\\/fr\\\/#organization\"},\"potentialAction\":[{\"@type\":\"SearchAction\",\"target\":{\"@type\":\"EntryPoint\",\"urlTemplate\":\"https:\\\/\\\/produncan.cl\\\/fr\\\/?s={search_term_string}\"},\"query-input\":{\"@type\":\"PropertyValueSpecification\",\"valueRequired\":true,\"valueName\":\"search_term_string\"}}],\"inLanguage\":\"fr-FR\"},{\"@type\":\"Organization\",\"@id\":\"https:\\\/\\\/produncan.cl\\\/fr\\\/#organization\",\"name\":\"Produncan\",\"url\":\"https:\\\/\\\/produncan.cl\\\/fr\\\/\",\"logo\":{\"@type\":\"ImageObject\",\"inLanguage\":\"fr-FR\",\"@id\":\"https:\\\/\\\/produncan.cl\\\/fr\\\/#\\\/schema\\\/logo\\\/image\\\/\",\"url\":\"https:\\\/\\\/produncan.cl\\\/wp-content\\\/uploads\\\/2021\\\/03\\\/LOGO.jpeg\",\"contentUrl\":\"https:\\\/\\\/produncan.cl\\\/wp-content\\\/uploads\\\/2021\\\/03\\\/LOGO.jpeg\",\"width\":1280,\"height\":903,\"caption\":\"Produncan\"},\"image\":{\"@id\":\"https:\\\/\\\/produncan.cl\\\/fr\\\/#\\\/schema\\\/logo\\\/image\\\/\"},\"sameAs\":[\"https:\\\/\\\/web.facebook.com\\\/produncanland\",\"https:\\\/\\\/www.instagram.com\\\/pro_duncan\\\/\",\"https:\\\/\\\/www.linkedin.com\\\/company\\\/produncan-lands\\\/\",\"https:\\\/\\\/www.youtube.com\\\/channel\\\/UCu7N-f3x0svkazD-Eew1-QQ\"],\"description\":\"En Produncan somos especialistas en la venta de terrenos en el sur de Chile. Proveemos estancias, campos, parcelas y hoteles.\",\"email\":\"info@produncan.cl\"}]}<\/script>\n<meta property=\"og:video\" content=\"https:\/\/www.youtube.com\/embed\/O7OcqNMYbvo\" \/>\n<meta property=\"og:video:type\" content=\"text\/html\" \/>\n<meta property=\"og:video:duration\" content=\"64\" \/>\n<meta property=\"og:video:width\" content=\"480\" \/>\n<meta property=\"og:video:height\" content=\"270\" \/>\n<meta property=\"ya:ovs:adult\" content=\"false\" \/>\n<meta property=\"ya:ovs:upload_date\" content=\"2025-04-30T05:04:26+00:00\" \/>\n<meta property=\"ya:ovs:allow_embed\" content=\"true\" \/>\n<meta property=\"product:price:amount\" content=\"434800.00\" \/>\n<meta property=\"product:price:currency\" content=\"USD\" \/>\n<meta property=\"og:availability\" content=\"instock\" \/>\n<meta property=\"product:availability\" content=\"instock\" \/>\n<meta property=\"product:condition\" content=\"new\" \/>\n<!-- \/ Yoast SEO Premium plugin. -->","yoast_head_json":{"title":"Terrain \u00e0 Maull\u00edn - R\u00edo Astillero - R\u00e9gion des lacs - Produncan","description":"Petit camp de 4,07 ha avec 350 m de bord de mer dans le Rio Astillero. Maison 95 m\u00b2, APR, \u00e9lectricit\u00e9, bon signal et 50 min de l'a\u00e9roport, pr\u00e8s de Pargua.","robots":{"index":"index","follow":"follow","max-snippet":"max-snippet:-1","max-image-preview":"max-image-preview:large","max-video-preview":"max-video-preview:-1"},"canonical":"https:\/\/produncan.cl\/fr\/produit\/terrain-a-maullin-rio-astillero-region-des-lacs\/","og_locale":"fr_FR","og_type":"article","og_title":"Terrain \u00e0 Maull\u00edn - R\u00edo Astillero - R\u00e9gion des lacs","og_description":"Petit camp de 4,07 ha avec 350 m de bord de mer dans le Rio Astillero. Maison 95 m\u00b2, APR, \u00e9lectricit\u00e9, bon signal et 50 min de l'a\u00e9roport, pr\u00e8s de Pargua.","og_url":"https:\/\/produncan.cl\/fr\/produit\/terrain-a-maullin-rio-astillero-region-des-lacs\/","og_site_name":"Produncan","article_publisher":"https:\/\/web.facebook.com\/produncanland","article_modified_time":"2025-12-26T20:20:44+00:00","og_image":[{"width":800,"height":600,"url":"https:\/\/produncan.cl\/wp-content\/uploads\/2025\/04\/Campo-en-venta-en-Maullin-Rio-Astillero.webp","type":"image\/webp"}],"twitter_card":"summary_large_image","twitter_misc":{"Price":"USD434.800,00","Availability":"In stock"},"schema":{"@context":"https:\/\/schema.org","@graph":[{"@type":"WebPage","@id":"https:\/\/produncan.cl\/fr\/produit\/terrain-a-maullin-rio-astillero-region-des-lacs\/","url":"https:\/\/produncan.cl\/fr\/produit\/terrain-a-maullin-rio-astillero-region-des-lacs\/","name":"Terrain \u00e0 Maull\u00edn - R\u00edo Astillero - R\u00e9gion des lacs - Produncan","isPartOf":{"@id":"https:\/\/produncan.cl\/fr\/#website"},"primaryImageOfPage":{"@id":"https:\/\/produncan.cl\/fr\/produit\/terrain-a-maullin-rio-astillero-region-des-lacs\/#primaryimage"},"image":{"@id":"https:\/\/produncan.cl\/fr\/produit\/terrain-a-maullin-rio-astillero-region-des-lacs\/#primaryimage"},"thumbnailUrl":"https:\/\/produncan.cl\/wp-content\/uploads\/2025\/04\/Campo-en-venta-en-Maullin-Rio-Astillero.webp","datePublished":"2025-04-30T05:04:26+00:00","dateModified":"2025-12-26T20:20:44+00:00","description":"Petit camp de 4,07 ha avec 350 m de bord de mer dans le Rio Astillero. Maison 95 m\u00b2, APR, \u00e9lectricit\u00e9, bon signal et 50 min de l'a\u00e9roport, pr\u00e8s de Pargua.","breadcrumb":{"@id":"https:\/\/produncan.cl\/fr\/produit\/terrain-a-maullin-rio-astillero-region-des-lacs\/#breadcrumb"},"inLanguage":"fr-FR","potentialAction":[{"@type":"ReadAction","target":["https:\/\/produncan.cl\/fr\/produit\/terrain-a-maullin-rio-astillero-region-des-lacs\/"]}]},{"@type":"ImageObject","inLanguage":"fr-FR","@id":"https:\/\/produncan.cl\/fr\/produit\/terrain-a-maullin-rio-astillero-region-des-lacs\/#primaryimage","url":"https:\/\/produncan.cl\/wp-content\/uploads\/2025\/04\/Campo-en-venta-en-Maullin-Rio-Astillero.webp","contentUrl":"https:\/\/produncan.cl\/wp-content\/uploads\/2025\/04\/Campo-en-venta-en-Maullin-Rio-Astillero.webp","width":800,"height":600,"caption":"Terrain \u00e0 vendre \u00e0 Maullin River Shipyard"},{"@type":"BreadcrumbList","@id":"https:\/\/produncan.cl\/fr\/produit\/terrain-a-maullin-rio-astillero-region-des-lacs\/#breadcrumb","itemListElement":[{"@type":"ListItem","position":1,"name":"Inicio","item":"https:\/\/produncan.cl\/fr\/"},{"@type":"ListItem","position":2,"name":"Propri\u00e9t\u00e9s","item":"https:\/\/produncan.cl\/propiedades\/"},{"@type":"ListItem","position":3,"name":"Parcelles","item":"https:\/\/produncan.cl\/fr\/cat&eacute;gorie\/parcelles\/"},{"@type":"ListItem","position":4,"name":"Terrain \u00e0 Maull\u00edn &#8211; R\u00edo Astillero &#8211; R\u00e9gion des lacs"}]},{"@type":"WebSite","@id":"https:\/\/produncan.cl\/fr\/#website","url":"https:\/\/produncan.cl\/fr\/","name":"Produncan","description":"Nous vous accompagnons dans votre projet de vie !","publisher":{"@id":"https:\/\/produncan.cl\/fr\/#organization"},"potentialAction":[{"@type":"SearchAction","target":{"@type":"EntryPoint","urlTemplate":"https:\/\/produncan.cl\/fr\/?s={search_term_string}"},"query-input":{"@type":"PropertyValueSpecification","valueRequired":true,"valueName":"search_term_string"}}],"inLanguage":"fr-FR"},{"@type":"Organization","@id":"https:\/\/produncan.cl\/fr\/#organization","name":"Produncan","url":"https:\/\/produncan.cl\/fr\/","logo":{"@type":"ImageObject","inLanguage":"fr-FR","@id":"https:\/\/produncan.cl\/fr\/#\/schema\/logo\/image\/","url":"https:\/\/produncan.cl\/wp-content\/uploads\/2021\/03\/LOGO.jpeg","contentUrl":"https:\/\/produncan.cl\/wp-content\/uploads\/2021\/03\/LOGO.jpeg","width":1280,"height":903,"caption":"Produncan"},"image":{"@id":"https:\/\/produncan.cl\/fr\/#\/schema\/logo\/image\/"},"sameAs":["https:\/\/web.facebook.com\/produncanland","https:\/\/www.instagram.com\/pro_duncan\/","https:\/\/www.linkedin.com\/company\/produncan-lands\/","https:\/\/www.youtube.com\/channel\/UCu7N-f3x0svkazD-Eew1-QQ"],"description":"En Produncan somos especialistas en la venta de terrenos en el sur de Chile. Proveemos estancias, campos, parcelas y hoteles.","email":"info@produncan.cl"}]},"og_video":"https:\/\/www.youtube.com\/embed\/O7OcqNMYbvo","og_video_type":"text\/html","og_video_duration":"64","og_video_width":"480","og_video_height":"270","ya_ovs_adult":"false","ya_ovs_upload_date":"2025-04-30T05:04:26+00:00","ya_ovs_allow_embed":"true","product_price_amount":"434800.00","product_price_currency":"USD","og_availability":"instock","product_availability":"instock","product_condition":"new"},"_links":{"self":[{"href":"https:\/\/produncan.cl\/fr\/wp-json\/wp\/v2\/product\/40853","targetHints":{"allow":["GET"]}}],"collection":[{"href":"https:\/\/produncan.cl\/fr\/wp-json\/wp\/v2\/product"}],"about":[{"href":"https:\/\/produncan.cl\/fr\/wp-json\/wp\/v2\/types\/product"}],"version-history":[{"count":2,"href":"https:\/\/produncan.cl\/fr\/wp-json\/wp\/v2\/product\/40853\/revisions"}],"predecessor-version":[{"id":54158,"href":"https:\/\/produncan.cl\/fr\/wp-json\/wp\/v2\/product\/40853\/revisions\/54158"}],"wp:featuredmedia":[{"embeddable":true,"href":"https:\/\/produncan.cl\/fr\/wp-json\/wp\/v2\/media\/40689"}],"wp:attachment":[{"href":"https:\/\/produncan.cl\/fr\/wp-json\/wp\/v2\/media?parent=40853"}],"wp:term":[{"taxonomy":"product_brand","embeddable":true,"href":"https:\/\/produncan.cl\/fr\/wp-json\/wp\/v2\/product_brand?post=40853"},{"taxonomy":"product_cat","embeddable":true,"href":"https:\/\/produncan.cl\/fr\/wp-json\/wp\/v2\/product_cat?post=40853"},{"taxonomy":"product_tag","embeddable":true,"href":"https:\/\/produncan.cl\/fr\/wp-json\/wp\/v2\/product_tag?post=40853"},{"taxonomy":"regiones","embeddable":true,"href":"https:\/\/produncan.cl\/fr\/wp-json\/wp\/v2\/regiones?post=40853"},{"taxonomy":"ciudades","embeddable":true,"href":"https:\/\/produncan.cl\/fr\/wp-json\/wp\/v2\/ciudades?post=40853"}],"curies":[{"name":"wp","href":"https:\/\/api.w.org\/{rel}","templated":true}]}}