{"id":40938,"date":"2025-05-16T17:22:08","date_gmt":"2025-05-16T21:22:08","guid":{"rendered":"https:\/\/produncan.cl\/producto\/campagne-a-puerto-aysen-laguna-los-palos-region-d-aysen\/"},"modified":"2025-12-26T17:20:44","modified_gmt":"2025-12-26T20:20:44","slug":"campagne-a-puerto-aysen-laguna-los-palos-region-d-aysen","status":"publish","type":"product","link":"https:\/\/produncan.cl\/fr\/produit\/campagne-a-puerto-aysen-laguna-los-palos-region-d-aysen\/","title":{"rendered":"Campagne \u00e0 Puerto Ays\u00e9n &#8211; Laguna Los Palos &#8211; R\u00e9gion d&#8217; Ays\u00e9n"},"content":{"rendered":"\t\t<div data-elementor-type=\"product-post\" data-elementor-id=\"40938\" class=\"elementor elementor-40938 elementor-40861\" data-elementor-post-type=\"product\">\n\t\t\t\t<div class=\"elementor-element elementor-element-f357e2c e-flex e-con-boxed e-con e-parent\" data-id=\"f357e2c\" data-element_type=\"container\" data-e-type=\"container\" data-settings=\"{&quot;jet_parallax_layout_list&quot;:[]}\">\n\t\t\t\t\t<div class=\"e-con-inner\">\n\t\t\t\t<div class=\"elementor-element elementor-element-69f5427 elementor-widget elementor-widget-heading\" data-id=\"69f5427\" data-element_type=\"widget\" data-e-type=\"widget\" data-widget_type=\"heading.default\">\n\t\t\t\t\t<h2 class=\"elementor-heading-title elementor-size-default\">Un paradis naturel de 390,6 hectares avec un \u00e9norme potentiel touristique et de conservation\n\u00e0 Puerto Ays\u00e9n \n<\/h2>\t\t\t\t<\/div>\n\t\t\t\t\t<\/div>\n\t\t\t\t<\/div>\n\t\t<div class=\"elementor-element elementor-element-7d76716 e-flex e-con-boxed e-con e-parent\" data-id=\"7d76716\" data-element_type=\"container\" data-e-type=\"container\" data-settings=\"{&quot;jet_parallax_layout_list&quot;:[]}\">\n\t\t\t\t\t<div class=\"e-con-inner\">\n\t\t\t\t<div class=\"elementor-element elementor-element-a87864e elementor-widget elementor-widget-text-editor\" data-id=\"a87864e\" data-element_type=\"widget\" data-e-type=\"widget\" data-widget_type=\"text-editor.default\">\n\t\t\t\t\t\t\t\t\t<p>Situ\u00e9 \u00e0 seulement 17 minutes de Puerto Ays\u00e9n, Campo Laguna Los Palos repr\u00e9sente une opportunit\u00e9 unique pour ceux qui cherchent \u00e0 d\u00e9velopper un projet de tourisme, d&#8217;\u00e9levage ou de conservation dans l&#8217;un des environnements naturels les plus spectaculaires de la Patagonie chilienne. D&#8217;une superficie de 390 hectares, cette propri\u00e9t\u00e9 allie la beaut\u00e9 du paysage, une excellente connectivit\u00e9 et une grande valeur productive. <\/p>\n<p>La ferme Puerto Ays\u00e9n, Laguna Los Palos, offre une vari\u00e9t\u00e9 de paysages comprenant des zones essentiellement plates, des pentes moyennes, 400 m\u00e8tres de rivage de la Laguna Los Palos et environ 700 m\u00e8tres de la rivi\u00e8re Pangal, le tout orient\u00e9 vers le nord, ce qui garantit une excellente exposition au soleil et des vues privil\u00e9gi\u00e9es. Les terres sont utilis\u00e9es pour l&#8217;\u00e9levage de chevaux, le kayak, le trekking et la p\u00eache \u00e0 la mouche, ce qui confirme leur polyvalence pour les activit\u00e9s r\u00e9cr\u00e9atives et productives. <\/p>\n<p>La propri\u00e9t\u00e9 compte environ 140 hectares de for\u00eats indig\u00e8nes sur des collines offrant des vues panoramiques, environ 50 hectares de prairies et le reste est constitu\u00e9 de prairies fourrag\u00e8res de haute qualit\u00e9, id\u00e9ales pour le p\u00e2turage strat\u00e9gique en rotation. Cette diversit\u00e9 de sols permet de profiter des zones plus s\u00e8ches en hiver et d&#8217;utiliser les prairies en \u00e9t\u00e9, ce qui la rend particuli\u00e8rement adapt\u00e9e aux petits et moyens producteurs qui recherchent la durabilit\u00e9 et l&#8217;adaptabilit\u00e9 climatique. <\/p>\n<p>Il existe des constructions fonctionnelles d\u00e9j\u00e0 r\u00e9alis\u00e9es, telles qu&#8217; une maison rurale habitable de 60 m\u00b2 et un hangar de 70 m\u00b2. La propri\u00e9t\u00e9 poss\u00e8de son propre cadastre, sa propre cl\u00f4ture, son propre approvisionnement en eau (avec un projet en cours et un acc\u00e8s provisoire depuis la lagune et les estuaires) et son propre approvisionnement en \u00e9lectricit\u00e9, le dernier poteau n&#8217;\u00e9tant qu&#8217;\u00e0 300 m\u00e8tres et les c\u00e2bles traversant la rivi\u00e8re. Bien qu&#8217;il faille encore construire 1,5 kilom\u00e8tre de route pour acc\u00e9der directement au camp &#8211; en traversant cinq ruisseaux &#8211; il est actuellement possible d&#8217; y acc\u00e9der en traversant la rivi\u00e8re Pangal.  <\/p>\n<p>L&#8217;emplacement est strat\u00e9gique. Le terrain appartient \u00e0 la commune de Puerto Ays\u00e9n, dans la r\u00e9gion d&#8217;Ays\u00e9n du G\u00e9n\u00e9ral Carlos Ib\u00e1\u00f1ez del Campo. La route publique qui m\u00e8ne \u00e0 la travers\u00e9e en bateau est en excellent \u00e9tat et l &#8216; a\u00e9roport de Balmaceda se trouve \u00e0 deux heures de route par la route 240 et la route australe. Puerto Ays\u00e9n est en train de devenir l &#8216;une des destinations touristiques les plus populaires de Patagonie, gr\u00e2ce \u00e0 sa proximit\u00e9 avec Coyhaique, sa connectivit\u00e9 avec Puerto Chacabuco et sa proximit\u00e9 avec des zones de grand int\u00e9r\u00eat comme la lagune de San Rafael et les fjords du sud.   <\/p>\n<p>En termes de biodiversit\u00e9, le paysage abrite des esp\u00e8ces indig\u00e8nes telles que les coig\u00fces, les cypr\u00e8s, les myrtes, le prunellier et le calafate. La faune comprend une grande vari\u00e9t\u00e9 d&#8217;oiseaux &#8211; comme les canards, les bandurrias, les grives et les cr\u00e9cerelles &#8211; ainsi que des observations de pumas, de huemules et de fario et des truites arc-en-ciel dans la lagune. <\/p>\n<p>El Campo \u00e0 Puerto Ays\u00e9n, Laguna Los Palos n&#8217;est pas simplement un investissement immobilier, mais l&#8217;occasion de d\u00e9velopper un projet unique et durable dans l&#8217;un des environnements les plus vierges avec le plus grand potentiel de croissance dans le sud du Chili.<\/p>\n<p>Nous sommes \u00e0 votre disposition pour vous fournir de plus amples informations, des plans, des photos ou pour organiser une visite. Il s&#8217;agit d&#8217; une opportunit\u00e9 unique en Patagonie chilienne. <\/p>\n\t\t\t\t\t\t\t\t<\/div>\n\t\t\t\t\t<\/div>\n\t\t\t\t<\/div>\n\t\t\t\t<\/div>\n\t\t","protected":false},"excerpt":{"rendered":"<p>Terrain \u00e0 Puerto Ays\u00e9n, avec 400 m\u00e8tres de rive lacustre et 700 m\u00e8tres de rive fluviale. Avec maison, cave, principalement des prairies d\u00e9gag\u00e9es, des terres fertiles et une colline avec une for\u00eat native et des vues spectaculaires. Id\u00e9al pour la rotation des p\u00e2turages.  <\/p>\n","protected":false},"featured_media":40865,"template":"","meta":{"_acf_changed":false},"product_brand":[],"product_cat":[129],"product_tag":[233,237],"regiones":[225],"ciudades":[448],"class_list":{"0":"post-40938","1":"product","2":"type-product","3":"status-publish","4":"has-post-thumbnail","6":"product_cat-aysen-magallanes-fr","7":"product_tag-champs","8":"product_tag-proprietes-touristiques","9":"regiones-aysen-magallanes","10":"ciudades-puerto-aysen","12":"first","13":"instock","14":"sold-individually","15":"shipping-taxable","16":"purchasable","17":"product-type-simple"},"acf":[],"yoast_head":"<!-- This site is optimized with the Yoast SEO Premium plugin v26.0 (Yoast SEO v27.3) - https:\/\/yoast.com\/product\/yoast-seo-premium-wordpress\/ -->\n<title>Campagne \u00e0 Puerto Ays\u00e9n - Laguna Los Palos - R\u00e9gion d&#039; Ays\u00e9n - Produncan<\/title>\n<meta name=\"description\" content=\"Ferme \u00e0 Puerto Ays\u00e9n, Laguna Los Palos : 391 ha avec 400 m de lac et 700 m de rivi\u00e8re. Pr\u00e9s, prairies et collines avec for\u00eat indig\u00e8ne, id\u00e9al pour le p\u00e2turage en rotation.\" \/>\n<meta name=\"robots\" content=\"index, follow, max-snippet:-1, max-image-preview:large, max-video-preview:-1\" \/>\n<link rel=\"canonical\" href=\"https:\/\/produncan.cl\/fr\/produit\/campagne-a-puerto-aysen-laguna-los-palos-region-d-aysen\/\" \/>\n<meta property=\"og:locale\" content=\"fr_FR\" \/>\n<meta property=\"og:type\" content=\"article\" \/>\n<meta property=\"og:title\" content=\"Campagne \u00e0 Puerto Ays\u00e9n - Laguna Los Palos - R\u00e9gion d&#039; Ays\u00e9n\" \/>\n<meta property=\"og:description\" content=\"Ferme \u00e0 Puerto Ays\u00e9n, Laguna Los Palos : 391 ha avec 400 m de lac et 700 m de rivi\u00e8re. Pr\u00e9s, prairies et collines avec for\u00eat indig\u00e8ne, id\u00e9al pour le p\u00e2turage en rotation.\" \/>\n<meta property=\"og:url\" content=\"https:\/\/produncan.cl\/fr\/produit\/campagne-a-puerto-aysen-laguna-los-palos-region-d-aysen\/\" \/>\n<meta property=\"og:site_name\" content=\"Produncan\" \/>\n<meta property=\"article:publisher\" content=\"https:\/\/web.facebook.com\/produncanland\" \/>\n<meta property=\"article:modified_time\" content=\"2025-12-26T20:20:44+00:00\" \/>\n<meta property=\"og:image\" content=\"https:\/\/produncan.cl\/wp-content\/uploads\/2025\/05\/Campo-Laguna-Los-Palos-Puerto-Aysen.webp\" \/>\n<meta name=\"twitter:card\" content=\"summary_large_image\" \/>\n<meta name=\"twitter:label1\" content=\"Price\" \/>\n\t<meta name=\"twitter:data1\" content=\"USD1.273.800,00\" \/>\n\t<meta name=\"twitter:label2\" content=\"Availability\" \/>\n\t<meta name=\"twitter:data2\" content=\"In stock\" \/>\n<script type=\"application\/ld+json\" class=\"yoast-schema-graph\">{\"@context\":\"https:\\\/\\\/schema.org\",\"@graph\":[{\"@type\":\"WebPage\",\"@id\":\"https:\\\/\\\/produncan.cl\\\/fr\\\/produit\\\/campagne-a-puerto-aysen-laguna-los-palos-region-d-aysen\\\/\",\"url\":\"https:\\\/\\\/produncan.cl\\\/fr\\\/produit\\\/campagne-a-puerto-aysen-laguna-los-palos-region-d-aysen\\\/\",\"name\":\"Campagne \u00e0 Puerto Ays\u00e9n - Laguna Los Palos - R\u00e9gion d' Ays\u00e9n - Produncan\",\"isPartOf\":{\"@id\":\"https:\\\/\\\/produncan.cl\\\/fr\\\/#website\"},\"primaryImageOfPage\":{\"@id\":\"https:\\\/\\\/produncan.cl\\\/fr\\\/produit\\\/campagne-a-puerto-aysen-laguna-los-palos-region-d-aysen\\\/#primaryimage\"},\"image\":{\"@id\":\"https:\\\/\\\/produncan.cl\\\/fr\\\/produit\\\/campagne-a-puerto-aysen-laguna-los-palos-region-d-aysen\\\/#primaryimage\"},\"thumbnailUrl\":\"https:\\\/\\\/produncan.cl\\\/wp-content\\\/uploads\\\/2025\\\/05\\\/Campo-Laguna-Los-Palos-Puerto-Aysen.webp\",\"datePublished\":\"2025-05-16T21:22:08+00:00\",\"dateModified\":\"2025-12-26T20:20:44+00:00\",\"description\":\"Ferme \u00e0 Puerto Ays\u00e9n, Laguna Los Palos : 391 ha avec 400 m de lac et 700 m de rivi\u00e8re. Pr\u00e9s, prairies et collines avec for\u00eat indig\u00e8ne, id\u00e9al pour le p\u00e2turage en rotation.\",\"breadcrumb\":{\"@id\":\"https:\\\/\\\/produncan.cl\\\/fr\\\/produit\\\/campagne-a-puerto-aysen-laguna-los-palos-region-d-aysen\\\/#breadcrumb\"},\"inLanguage\":\"fr-FR\",\"potentialAction\":[{\"@type\":\"ReadAction\",\"target\":[\"https:\\\/\\\/produncan.cl\\\/fr\\\/produit\\\/campagne-a-puerto-aysen-laguna-los-palos-region-d-aysen\\\/\"]}]},{\"@type\":\"ImageObject\",\"inLanguage\":\"fr-FR\",\"@id\":\"https:\\\/\\\/produncan.cl\\\/fr\\\/produit\\\/campagne-a-puerto-aysen-laguna-los-palos-region-d-aysen\\\/#primaryimage\",\"url\":\"https:\\\/\\\/produncan.cl\\\/wp-content\\\/uploads\\\/2025\\\/05\\\/Campo-Laguna-Los-Palos-Puerto-Aysen.webp\",\"contentUrl\":\"https:\\\/\\\/produncan.cl\\\/wp-content\\\/uploads\\\/2025\\\/05\\\/Campo-Laguna-Los-Palos-Puerto-Aysen.webp\",\"width\":800,\"height\":600,\"caption\":\"Campo Laguna Los Palos Puerto Aysen\"},{\"@type\":\"BreadcrumbList\",\"@id\":\"https:\\\/\\\/produncan.cl\\\/fr\\\/produit\\\/campagne-a-puerto-aysen-laguna-los-palos-region-d-aysen\\\/#breadcrumb\",\"itemListElement\":[{\"@type\":\"ListItem\",\"position\":1,\"name\":\"Inicio\",\"item\":\"https:\\\/\\\/produncan.cl\\\/fr\\\/\"},{\"@type\":\"ListItem\",\"position\":2,\"name\":\"Propri\u00e9t\u00e9s\",\"item\":\"https:\\\/\\\/produncan.cl\\\/propiedades\\\/\"},{\"@type\":\"ListItem\",\"position\":3,\"name\":\"Champs\",\"item\":\"https:\\\/\\\/produncan.cl\\\/fr\\\/cat&eacute;gorie\\\/champs\\\/\"},{\"@type\":\"ListItem\",\"position\":4,\"name\":\"Campagne \u00e0 Puerto Ays\u00e9n &#8211; Laguna Los Palos &#8211; R\u00e9gion d&#8217; Ays\u00e9n\"}]},{\"@type\":\"WebSite\",\"@id\":\"https:\\\/\\\/produncan.cl\\\/fr\\\/#website\",\"url\":\"https:\\\/\\\/produncan.cl\\\/fr\\\/\",\"name\":\"Produncan\",\"description\":\"Nous vous accompagnons dans votre projet de vie !\",\"publisher\":{\"@id\":\"https:\\\/\\\/produncan.cl\\\/fr\\\/#organization\"},\"potentialAction\":[{\"@type\":\"SearchAction\",\"target\":{\"@type\":\"EntryPoint\",\"urlTemplate\":\"https:\\\/\\\/produncan.cl\\\/fr\\\/?s={search_term_string}\"},\"query-input\":{\"@type\":\"PropertyValueSpecification\",\"valueRequired\":true,\"valueName\":\"search_term_string\"}}],\"inLanguage\":\"fr-FR\"},{\"@type\":\"Organization\",\"@id\":\"https:\\\/\\\/produncan.cl\\\/fr\\\/#organization\",\"name\":\"Produncan\",\"url\":\"https:\\\/\\\/produncan.cl\\\/fr\\\/\",\"logo\":{\"@type\":\"ImageObject\",\"inLanguage\":\"fr-FR\",\"@id\":\"https:\\\/\\\/produncan.cl\\\/fr\\\/#\\\/schema\\\/logo\\\/image\\\/\",\"url\":\"https:\\\/\\\/produncan.cl\\\/wp-content\\\/uploads\\\/2021\\\/03\\\/LOGO.jpeg\",\"contentUrl\":\"https:\\\/\\\/produncan.cl\\\/wp-content\\\/uploads\\\/2021\\\/03\\\/LOGO.jpeg\",\"width\":1280,\"height\":903,\"caption\":\"Produncan\"},\"image\":{\"@id\":\"https:\\\/\\\/produncan.cl\\\/fr\\\/#\\\/schema\\\/logo\\\/image\\\/\"},\"sameAs\":[\"https:\\\/\\\/web.facebook.com\\\/produncanland\",\"https:\\\/\\\/www.instagram.com\\\/pro_duncan\\\/\",\"https:\\\/\\\/www.linkedin.com\\\/company\\\/produncan-lands\\\/\",\"https:\\\/\\\/www.youtube.com\\\/channel\\\/UCu7N-f3x0svkazD-Eew1-QQ\"],\"description\":\"En Produncan somos especialistas en la venta de terrenos en el sur de Chile. Proveemos estancias, campos, parcelas y hoteles.\",\"email\":\"info@produncan.cl\"}]}<\/script>\n<meta property=\"og:video\" content=\"https:\/\/www.youtube.com\/embed\/jAxegchs258\" \/>\n<meta property=\"og:video:type\" content=\"text\/html\" \/>\n<meta property=\"og:video:duration\" content=\"68\" \/>\n<meta property=\"og:video:width\" content=\"480\" \/>\n<meta property=\"og:video:height\" content=\"270\" \/>\n<meta property=\"ya:ovs:adult\" content=\"false\" \/>\n<meta property=\"ya:ovs:upload_date\" content=\"2025-05-16T21:22:08+00:00\" \/>\n<meta property=\"ya:ovs:allow_embed\" content=\"true\" \/>\n<meta property=\"product:price:amount\" content=\"1273800.00\" \/>\n<meta property=\"product:price:currency\" content=\"USD\" \/>\n<meta property=\"og:availability\" content=\"instock\" \/>\n<meta property=\"product:availability\" content=\"instock\" \/>\n<meta property=\"product:condition\" content=\"new\" \/>\n<!-- \/ Yoast SEO Premium plugin. -->","yoast_head_json":{"title":"Campagne \u00e0 Puerto Ays\u00e9n - Laguna Los Palos - R\u00e9gion d' Ays\u00e9n - Produncan","description":"Ferme \u00e0 Puerto Ays\u00e9n, Laguna Los Palos : 391 ha avec 400 m de lac et 700 m de rivi\u00e8re. Pr\u00e9s, prairies et collines avec for\u00eat indig\u00e8ne, id\u00e9al pour le p\u00e2turage en rotation.","robots":{"index":"index","follow":"follow","max-snippet":"max-snippet:-1","max-image-preview":"max-image-preview:large","max-video-preview":"max-video-preview:-1"},"canonical":"https:\/\/produncan.cl\/fr\/produit\/campagne-a-puerto-aysen-laguna-los-palos-region-d-aysen\/","og_locale":"fr_FR","og_type":"article","og_title":"Campagne \u00e0 Puerto Ays\u00e9n - Laguna Los Palos - R\u00e9gion d' Ays\u00e9n","og_description":"Ferme \u00e0 Puerto Ays\u00e9n, Laguna Los Palos : 391 ha avec 400 m de lac et 700 m de rivi\u00e8re. Pr\u00e9s, prairies et collines avec for\u00eat indig\u00e8ne, id\u00e9al pour le p\u00e2turage en rotation.","og_url":"https:\/\/produncan.cl\/fr\/produit\/campagne-a-puerto-aysen-laguna-los-palos-region-d-aysen\/","og_site_name":"Produncan","article_publisher":"https:\/\/web.facebook.com\/produncanland","article_modified_time":"2025-12-26T20:20:44+00:00","og_image":[{"url":"https:\/\/produncan.cl\/wp-content\/uploads\/2025\/05\/Campo-Laguna-Los-Palos-Puerto-Aysen.webp","type":"","width":"","height":""}],"twitter_card":"summary_large_image","twitter_misc":{"Price":"USD1.273.800,00","Availability":"In stock"},"schema":{"@context":"https:\/\/schema.org","@graph":[{"@type":"WebPage","@id":"https:\/\/produncan.cl\/fr\/produit\/campagne-a-puerto-aysen-laguna-los-palos-region-d-aysen\/","url":"https:\/\/produncan.cl\/fr\/produit\/campagne-a-puerto-aysen-laguna-los-palos-region-d-aysen\/","name":"Campagne \u00e0 Puerto Ays\u00e9n - Laguna Los Palos - R\u00e9gion d' Ays\u00e9n - Produncan","isPartOf":{"@id":"https:\/\/produncan.cl\/fr\/#website"},"primaryImageOfPage":{"@id":"https:\/\/produncan.cl\/fr\/produit\/campagne-a-puerto-aysen-laguna-los-palos-region-d-aysen\/#primaryimage"},"image":{"@id":"https:\/\/produncan.cl\/fr\/produit\/campagne-a-puerto-aysen-laguna-los-palos-region-d-aysen\/#primaryimage"},"thumbnailUrl":"https:\/\/produncan.cl\/wp-content\/uploads\/2025\/05\/Campo-Laguna-Los-Palos-Puerto-Aysen.webp","datePublished":"2025-05-16T21:22:08+00:00","dateModified":"2025-12-26T20:20:44+00:00","description":"Ferme \u00e0 Puerto Ays\u00e9n, Laguna Los Palos : 391 ha avec 400 m de lac et 700 m de rivi\u00e8re. Pr\u00e9s, prairies et collines avec for\u00eat indig\u00e8ne, id\u00e9al pour le p\u00e2turage en rotation.","breadcrumb":{"@id":"https:\/\/produncan.cl\/fr\/produit\/campagne-a-puerto-aysen-laguna-los-palos-region-d-aysen\/#breadcrumb"},"inLanguage":"fr-FR","potentialAction":[{"@type":"ReadAction","target":["https:\/\/produncan.cl\/fr\/produit\/campagne-a-puerto-aysen-laguna-los-palos-region-d-aysen\/"]}]},{"@type":"ImageObject","inLanguage":"fr-FR","@id":"https:\/\/produncan.cl\/fr\/produit\/campagne-a-puerto-aysen-laguna-los-palos-region-d-aysen\/#primaryimage","url":"https:\/\/produncan.cl\/wp-content\/uploads\/2025\/05\/Campo-Laguna-Los-Palos-Puerto-Aysen.webp","contentUrl":"https:\/\/produncan.cl\/wp-content\/uploads\/2025\/05\/Campo-Laguna-Los-Palos-Puerto-Aysen.webp","width":800,"height":600,"caption":"Campo Laguna Los Palos Puerto Aysen"},{"@type":"BreadcrumbList","@id":"https:\/\/produncan.cl\/fr\/produit\/campagne-a-puerto-aysen-laguna-los-palos-region-d-aysen\/#breadcrumb","itemListElement":[{"@type":"ListItem","position":1,"name":"Inicio","item":"https:\/\/produncan.cl\/fr\/"},{"@type":"ListItem","position":2,"name":"Propri\u00e9t\u00e9s","item":"https:\/\/produncan.cl\/propiedades\/"},{"@type":"ListItem","position":3,"name":"Champs","item":"https:\/\/produncan.cl\/fr\/cat&eacute;gorie\/champs\/"},{"@type":"ListItem","position":4,"name":"Campagne \u00e0 Puerto Ays\u00e9n &#8211; Laguna Los Palos &#8211; R\u00e9gion d&#8217; Ays\u00e9n"}]},{"@type":"WebSite","@id":"https:\/\/produncan.cl\/fr\/#website","url":"https:\/\/produncan.cl\/fr\/","name":"Produncan","description":"Nous vous accompagnons dans votre projet de vie !","publisher":{"@id":"https:\/\/produncan.cl\/fr\/#organization"},"potentialAction":[{"@type":"SearchAction","target":{"@type":"EntryPoint","urlTemplate":"https:\/\/produncan.cl\/fr\/?s={search_term_string}"},"query-input":{"@type":"PropertyValueSpecification","valueRequired":true,"valueName":"search_term_string"}}],"inLanguage":"fr-FR"},{"@type":"Organization","@id":"https:\/\/produncan.cl\/fr\/#organization","name":"Produncan","url":"https:\/\/produncan.cl\/fr\/","logo":{"@type":"ImageObject","inLanguage":"fr-FR","@id":"https:\/\/produncan.cl\/fr\/#\/schema\/logo\/image\/","url":"https:\/\/produncan.cl\/wp-content\/uploads\/2021\/03\/LOGO.jpeg","contentUrl":"https:\/\/produncan.cl\/wp-content\/uploads\/2021\/03\/LOGO.jpeg","width":1280,"height":903,"caption":"Produncan"},"image":{"@id":"https:\/\/produncan.cl\/fr\/#\/schema\/logo\/image\/"},"sameAs":["https:\/\/web.facebook.com\/produncanland","https:\/\/www.instagram.com\/pro_duncan\/","https:\/\/www.linkedin.com\/company\/produncan-lands\/","https:\/\/www.youtube.com\/channel\/UCu7N-f3x0svkazD-Eew1-QQ"],"description":"En Produncan somos especialistas en la venta de terrenos en el sur de Chile. Proveemos estancias, campos, parcelas y hoteles.","email":"info@produncan.cl"}]},"og_video":"https:\/\/www.youtube.com\/embed\/jAxegchs258","og_video_type":"text\/html","og_video_duration":"68","og_video_width":"480","og_video_height":"270","ya_ovs_adult":"false","ya_ovs_upload_date":"2025-05-16T21:22:08+00:00","ya_ovs_allow_embed":"true","product_price_amount":"1273800.00","product_price_currency":"USD","og_availability":"instock","product_availability":"instock","product_condition":"new"},"_links":{"self":[{"href":"https:\/\/produncan.cl\/fr\/wp-json\/wp\/v2\/product\/40938","targetHints":{"allow":["GET"]}}],"collection":[{"href":"https:\/\/produncan.cl\/fr\/wp-json\/wp\/v2\/product"}],"about":[{"href":"https:\/\/produncan.cl\/fr\/wp-json\/wp\/v2\/types\/product"}],"version-history":[{"count":2,"href":"https:\/\/produncan.cl\/fr\/wp-json\/wp\/v2\/product\/40938\/revisions"}],"predecessor-version":[{"id":54163,"href":"https:\/\/produncan.cl\/fr\/wp-json\/wp\/v2\/product\/40938\/revisions\/54163"}],"wp:featuredmedia":[{"embeddable":true,"href":"https:\/\/produncan.cl\/fr\/wp-json\/wp\/v2\/media\/40865"}],"wp:attachment":[{"href":"https:\/\/produncan.cl\/fr\/wp-json\/wp\/v2\/media?parent=40938"}],"wp:term":[{"taxonomy":"product_brand","embeddable":true,"href":"https:\/\/produncan.cl\/fr\/wp-json\/wp\/v2\/product_brand?post=40938"},{"taxonomy":"product_cat","embeddable":true,"href":"https:\/\/produncan.cl\/fr\/wp-json\/wp\/v2\/product_cat?post=40938"},{"taxonomy":"product_tag","embeddable":true,"href":"https:\/\/produncan.cl\/fr\/wp-json\/wp\/v2\/product_tag?post=40938"},{"taxonomy":"regiones","embeddable":true,"href":"https:\/\/produncan.cl\/fr\/wp-json\/wp\/v2\/regiones?post=40938"},{"taxonomy":"ciudades","embeddable":true,"href":"https:\/\/produncan.cl\/fr\/wp-json\/wp\/v2\/ciudades?post=40938"}],"curies":[{"name":"wp","href":"https:\/\/api.w.org\/{rel}","templated":true}]}}