{"id":41148,"date":"2025-05-20T15:17:20","date_gmt":"2025-05-20T19:17:20","guid":{"rendered":"https:\/\/produncan.cl\/producto\/maison-a-lomas-de-pilauco-osorno-region-de-los-lagos\/"},"modified":"2026-03-12T13:02:26","modified_gmt":"2026-03-12T16:02:26","slug":"maison-a-lomas-de-pilauco-osorno-region-de-los-lagos","status":"publish","type":"product","link":"https:\/\/produncan.cl\/fr\/produit\/maison-a-lomas-de-pilauco-osorno-region-de-los-lagos\/","title":{"rendered":"Maison \u00e0 Lomas de Pilauco, Osorno &#8211; R\u00e9gion de Los Lagos"},"content":{"rendered":"\t\t<div data-elementor-type=\"product-post\" data-elementor-id=\"41148\" class=\"elementor elementor-41148 elementor-41011\" data-elementor-post-type=\"product\">\n\t\t\t\t<div class=\"elementor-element elementor-element-a31da8b e-flex e-con-boxed e-con e-parent\" data-id=\"a31da8b\" data-element_type=\"container\" data-e-type=\"container\" data-settings=\"{&quot;jet_parallax_layout_list&quot;:[]}\">\n\t\t\t\t\t<div class=\"e-con-inner\">\n\t\t\t\t\t\t\t<h2 \n\t\tdata-interaction-id=\"6b2448c\" \n\t\tclass=\"e-6b2448c-b69e8af e-heading-base\" \n\t\t \n\t\t\n\t>\n\t\n\t\t\tVivez entour\u00e9 de nature et de confort dans cette charmante maison \u00e0 Lomas de Pilauco, Osorno.\n\t\t<\/h2>\n\t\t\t\t\t<\/div>\n\t\t\t\t<\/div>\n\t\t<div class=\"elementor-element elementor-element-7590807 e-flex e-con-boxed e-con e-parent\" data-id=\"7590807\" data-element_type=\"container\" data-e-type=\"container\" data-settings=\"{&quot;jet_parallax_layout_list&quot;:[]}\">\n\t\t\t\t\t<div class=\"e-con-inner\">\n\t\t\t\t<div class=\"elementor-element elementor-element-b8e5493 elementor-widget elementor-widget-text-editor\" data-id=\"b8e5493\" data-element_type=\"widget\" data-e-type=\"widget\" data-widget_type=\"text-editor.default\">\n\t\t\t\t\t\t\t\t\t<p>Nous vous pr\u00e9sentons une propri\u00e9t\u00e9 exclusive, situ\u00e9e dans la copropri\u00e9t\u00e9 consolid\u00e9e et privil\u00e9gi\u00e9e de Lomas de Pilauco, au nord de la ville d&#8217;Osorno. Ici, la tranquillit\u00e9 de l&#8217;environnement naturel du sud du Chili est parfaitement combin\u00e9e avec la connectivit\u00e9 et la proximit\u00e9 de la ville, offrant un style de vie incomparable. <\/p>\n<p>Le condominium Lomas de Pilauco a un acc\u00e8s direct depuis la route asphalt\u00e9e et se trouve \u00e0 seulement 5 minutes du centre d&#8217;Osorno et \u00e0 20 minutes de l&#8217;a\u00e9roport, ce qui en fait une excellente alternative pour la vie et l&#8217;investissement.<\/p>\n<p>Une maison con\u00e7ue pour profiter de la vie<\/p>\n<p>La propri\u00e9t\u00e9 comprend une maison confortable de 260 m\u00b2 au total, construite avec des mat\u00e9riaux de haute qualit\u00e9 et con\u00e7ue pour le confort de la famille. Elle dispose de : <\/p>\n<ul>\n<li>5000m2 de terrain.<\/li>\n<li>5 chambres : 3 chambres principales, 1 bureau et 1 chambre de service.<\/li>\n<li>4 salles de bains compl\u00e8tes, dont une en suite, une pour les chambres, une pour les visiteurs et une pour le service.<\/li>\n<li>Cuisine ferm\u00e9e avec salle \u00e0 manger quotidienne, garde-manger et loggia am\u00e9nag\u00e9e en buanderie.<\/li>\n<li>Spacieux s\u00e9jour orient\u00e9 nord-ouest, id\u00e9al pour profiter de la lumi\u00e8re naturelle.<\/li>\n<li>Terrasse de 25 m\u00b2 avec four, id\u00e9ale pour les r\u00e9unions en plein air.<\/li>\n<li>Cave de 40 m\u00b2, comprenant un b\u00fbcher, et une serre de 3&#215;6 m.<\/li>\n<li>2 chauffe-eau, une chaudi\u00e8re \u00e0 bois et \u00e0 gaz, et des fen\u00eatres thermopanel pour une temp\u00e9rature int\u00e9rieure confortable \u00e0 tout moment.<\/li>\n<li>Parking couvert pour deux voitures et espace suppl\u00e9mentaire pour d&#8217;autres v\u00e9hicules.<\/li>\n<li>Cl\u00f4ture p\u00e9rim\u00e9trique compl\u00e8te avec portail en bois et verrouillage t\u00e9l\u00e9command\u00e9.<\/li>\n<\/ul>\n<div> <\/div>\n<p>La maison \u00e0 Lomas de Pilauco a \u00e9t\u00e9 construite en 2015 et dispose d&#8217;une r\u00e9ception municipale et de permis \u00e0 jour, ce qui garantit un investissement solide et sans surprise.<\/p>\n<p>Environnement naturel et forte connectivit\u00e9<\/p>\n<p>Lomas de Pilauco se distingue par sa s\u00e9curit\u00e9 24\/7, son acc\u00e8s contr\u00f4l\u00e9, ses cam\u00e9ras CCTV et ses routes int\u00e9rieures en gravier en excellent \u00e9tat. Le condominium dispose de parcelles consolid\u00e9es, de logements modernes et est adjacent \u00e0 un nouveau centre sportif, qui comprendra des terrains de paddle et de football, ajoutant ainsi de la valeur et de la qualit\u00e9 de vie. <\/p>\n<p>Le terrain de Lomas de Pilauco est en grande partie plat, avec une l\u00e9g\u00e8re pente qui offre une belle vue sur l&#8217;acc\u00e8s. Il b\u00e9n\u00e9ficie d&#8217;un environnement avec des arbres indig\u00e8nes, des copihues et des arbres fruitiers, d&#8217;une bonne exposition au soleil et des services de base tels que l&#8217;eau potable trait\u00e9e, l&#8217;\u00e9lectricit\u00e9 monophas\u00e9e, l&#8217;internet et la t\u00e9l\u00e9vision par c\u00e2ble (Telsur). <\/p>\n<p>Valeur de vente : UF 11 980<\/p>\n<p>Contributions approximatives : 300 000 dollars par trimestre.<\/p>\n<p>Que vous soyez \u00e0 la recherche d&#8217;une r\u00e9sidence permanente, d&#8217;une r\u00e9sidence secondaire ou d&#8217;un investissement de grande valeur, cette propri\u00e9t\u00e9 \u00e0 Lomas de Pilauco est une occasion unique de vivre dans le sud avec style, s\u00e9curit\u00e9 et connectivit\u00e9 compl\u00e8te.<\/p>\n<p>Sivous souhaitez planifier une visite ou recevoir plus d&#8217; informations,contactez-nous d\u00e8s aujourd&#8217;hui! <\/p>\n\t\t\t\t\t\t\t\t<\/div>\n\t\t\t\t\t<\/div>\n\t\t\t\t<\/div>\n\t\t\t\t<\/div>\n\t\t","protected":false},"excerpt":{"rendered":"<p>Maison \u00e0 Lomas de Pilauco, Osorno. 260 m\u00b2. Elle comprend 5 chambres, 4 salles de bains, l&#8217;eau potable, l&#8217;\u00e9lectricit\u00e9 et une r\u00e9ception municipale. Situ\u00e9e dans un projet consolid\u00e9, \u00e0 5 minutes du centre-ville. S\u00e9curit\u00e9 24h\/24 et 7j\/7 et \u00e0 proximit\u00e9 du centre sportif.    <\/p>\n","protected":false},"featured_media":51857,"template":"","meta":{"_acf_changed":false},"product_brand":[],"product_cat":[113],"product_tag":[236,442],"regiones":[226],"ciudades":[217],"class_list":{"0":"post-41148","1":"product","2":"type-product","3":"status-publish","4":"has-post-thumbnail","6":"product_cat-ohiggins-los-lagos-fr","7":"product_tag-parcelles","8":"product_tag-proprietes-urbaines","9":"regiones-nuble-los_lagos","10":"ciudades-osorno","12":"first","13":"outofstock","14":"shipping-taxable","15":"product-type-simple"},"acf":[],"yoast_head":"<!-- This site is optimized with the Yoast SEO Premium plugin v26.0 (Yoast SEO v27.4) - https:\/\/yoast.com\/product\/yoast-seo-premium-wordpress\/ -->\n<title>Maison \u00e0 Lomas de Pilauco, Osorno - R\u00e9gion de Los Lagos - Produncan<\/title>\n<meta name=\"description\" content=\"Maison \u00e0 Lomas de Pilauco, Osorno : 260 m\u00b2 sur un terrain de 5.000 m\u00b2, 5 chambres, 4 salles de bain, eau potable, r\u00e9ception municipale, s\u00e9curit\u00e9 24\/7 et proche du Centre Sportif.\" \/>\n<meta name=\"robots\" content=\"index, follow, max-snippet:-1, max-image-preview:large, max-video-preview:-1\" \/>\n<link rel=\"canonical\" href=\"https:\/\/produncan.cl\/fr\/produit\/maison-a-lomas-de-pilauco-osorno-region-de-los-lagos\/\" \/>\n<meta property=\"og:locale\" content=\"fr_FR\" \/>\n<meta property=\"og:type\" content=\"article\" \/>\n<meta property=\"og:title\" content=\"Maison \u00e0 Lomas de Pilauco, Osorno - R\u00e9gion de Los Lagos\" \/>\n<meta property=\"og:description\" content=\"Maison \u00e0 Lomas de Pilauco, Osorno : 260 m\u00b2 sur un terrain de 5.000 m\u00b2, 5 chambres, 4 salles de bain, eau potable, r\u00e9ception municipale, s\u00e9curit\u00e9 24\/7 et proche du Centre Sportif.\" \/>\n<meta property=\"og:url\" content=\"https:\/\/produncan.cl\/fr\/produit\/maison-a-lomas-de-pilauco-osorno-region-de-los-lagos\/\" \/>\n<meta property=\"og:site_name\" content=\"Produncan\" \/>\n<meta property=\"article:publisher\" content=\"https:\/\/web.facebook.com\/produncanland\" \/>\n<meta property=\"article:modified_time\" content=\"2026-03-12T16:02:26+00:00\" \/>\n<meta property=\"og:image\" content=\"https:\/\/produncan.cl\/wp-content\/uploads\/2025\/05\/Lomas-de-Pilauco-Vendido.webp\" \/>\n\t<meta property=\"og:image:width\" content=\"600\" \/>\n\t<meta property=\"og:image:height\" content=\"450\" \/>\n\t<meta property=\"og:image:type\" content=\"image\/webp\" \/>\n<meta name=\"twitter:card\" content=\"summary_large_image\" \/>\n<meta name=\"twitter:label1\" content=\"Price\" \/>\n\t<meta name=\"twitter:data1\" content=\"\" \/>\n\t<meta name=\"twitter:label2\" content=\"Availability\" \/>\n\t<meta name=\"twitter:data2\" content=\"Out of stock\" \/>\n<script type=\"application\/ld+json\" class=\"yoast-schema-graph\">{\"@context\":\"https:\\\/\\\/schema.org\",\"@graph\":[{\"@type\":\"WebPage\",\"@id\":\"https:\\\/\\\/produncan.cl\\\/fr\\\/produit\\\/maison-a-lomas-de-pilauco-osorno-region-de-los-lagos\\\/\",\"url\":\"https:\\\/\\\/produncan.cl\\\/fr\\\/produit\\\/maison-a-lomas-de-pilauco-osorno-region-de-los-lagos\\\/\",\"name\":\"Maison \u00e0 Lomas de Pilauco, Osorno - R\u00e9gion de Los Lagos - Produncan\",\"isPartOf\":{\"@id\":\"https:\\\/\\\/produncan.cl\\\/fr\\\/#website\"},\"primaryImageOfPage\":{\"@id\":\"https:\\\/\\\/produncan.cl\\\/fr\\\/produit\\\/maison-a-lomas-de-pilauco-osorno-region-de-los-lagos\\\/#primaryimage\"},\"image\":{\"@id\":\"https:\\\/\\\/produncan.cl\\\/fr\\\/produit\\\/maison-a-lomas-de-pilauco-osorno-region-de-los-lagos\\\/#primaryimage\"},\"thumbnailUrl\":\"https:\\\/\\\/produncan.cl\\\/wp-content\\\/uploads\\\/2025\\\/05\\\/Lomas-de-Pilauco-Vendido.webp\",\"datePublished\":\"2025-05-20T19:17:20+00:00\",\"dateModified\":\"2026-03-12T16:02:26+00:00\",\"description\":\"Maison \u00e0 Lomas de Pilauco, Osorno : 260 m\u00b2 sur un terrain de 5.000 m\u00b2, 5 chambres, 4 salles de bain, eau potable, r\u00e9ception municipale, s\u00e9curit\u00e9 24\\\/7 et proche du Centre Sportif.\",\"breadcrumb\":{\"@id\":\"https:\\\/\\\/produncan.cl\\\/fr\\\/produit\\\/maison-a-lomas-de-pilauco-osorno-region-de-los-lagos\\\/#breadcrumb\"},\"inLanguage\":\"fr-FR\",\"potentialAction\":[{\"@type\":\"ReadAction\",\"target\":[\"https:\\\/\\\/produncan.cl\\\/fr\\\/produit\\\/maison-a-lomas-de-pilauco-osorno-region-de-los-lagos\\\/\"]}]},{\"@type\":\"ImageObject\",\"inLanguage\":\"fr-FR\",\"@id\":\"https:\\\/\\\/produncan.cl\\\/fr\\\/produit\\\/maison-a-lomas-de-pilauco-osorno-region-de-los-lagos\\\/#primaryimage\",\"url\":\"https:\\\/\\\/produncan.cl\\\/wp-content\\\/uploads\\\/2025\\\/05\\\/Lomas-de-Pilauco-Vendido.webp\",\"contentUrl\":\"https:\\\/\\\/produncan.cl\\\/wp-content\\\/uploads\\\/2025\\\/05\\\/Lomas-de-Pilauco-Vendido.webp\",\"width\":600,\"height\":450,\"caption\":\"Lomas de Pilauco Vendido\"},{\"@type\":\"BreadcrumbList\",\"@id\":\"https:\\\/\\\/produncan.cl\\\/fr\\\/produit\\\/maison-a-lomas-de-pilauco-osorno-region-de-los-lagos\\\/#breadcrumb\",\"itemListElement\":[{\"@type\":\"ListItem\",\"position\":1,\"name\":\"Inicio\",\"item\":\"https:\\\/\\\/produncan.cl\\\/fr\\\/\"},{\"@type\":\"ListItem\",\"position\":2,\"name\":\"Propri\u00e9t\u00e9s\",\"item\":\"https:\\\/\\\/produncan.cl\\\/propiedades\\\/\"},{\"@type\":\"ListItem\",\"position\":3,\"name\":\"Parcelles\",\"item\":\"https:\\\/\\\/produncan.cl\\\/fr\\\/cat&eacute;gorie\\\/parcelles\\\/\"},{\"@type\":\"ListItem\",\"position\":4,\"name\":\"Maison \u00e0 Lomas de Pilauco, Osorno &#8211; R\u00e9gion de Los Lagos\"}]},{\"@type\":\"WebSite\",\"@id\":\"https:\\\/\\\/produncan.cl\\\/fr\\\/#website\",\"url\":\"https:\\\/\\\/produncan.cl\\\/fr\\\/\",\"name\":\"Produncan\",\"description\":\"Nous vous accompagnons dans votre projet de vie !\",\"publisher\":{\"@id\":\"https:\\\/\\\/produncan.cl\\\/fr\\\/#organization\"},\"potentialAction\":[{\"@type\":\"SearchAction\",\"target\":{\"@type\":\"EntryPoint\",\"urlTemplate\":\"https:\\\/\\\/produncan.cl\\\/fr\\\/?s={search_term_string}\"},\"query-input\":{\"@type\":\"PropertyValueSpecification\",\"valueRequired\":true,\"valueName\":\"search_term_string\"}}],\"inLanguage\":\"fr-FR\"},{\"@type\":\"Organization\",\"@id\":\"https:\\\/\\\/produncan.cl\\\/fr\\\/#organization\",\"name\":\"Produncan\",\"url\":\"https:\\\/\\\/produncan.cl\\\/fr\\\/\",\"logo\":{\"@type\":\"ImageObject\",\"inLanguage\":\"fr-FR\",\"@id\":\"https:\\\/\\\/produncan.cl\\\/fr\\\/#\\\/schema\\\/logo\\\/image\\\/\",\"url\":\"https:\\\/\\\/produncan.cl\\\/wp-content\\\/uploads\\\/2021\\\/03\\\/LOGO.jpeg\",\"contentUrl\":\"https:\\\/\\\/produncan.cl\\\/wp-content\\\/uploads\\\/2021\\\/03\\\/LOGO.jpeg\",\"width\":1280,\"height\":903,\"caption\":\"Produncan\"},\"image\":{\"@id\":\"https:\\\/\\\/produncan.cl\\\/fr\\\/#\\\/schema\\\/logo\\\/image\\\/\"},\"sameAs\":[\"https:\\\/\\\/web.facebook.com\\\/produncanland\",\"https:\\\/\\\/www.instagram.com\\\/pro_duncan\\\/\",\"https:\\\/\\\/www.linkedin.com\\\/company\\\/produncan-lands\\\/\",\"https:\\\/\\\/www.youtube.com\\\/channel\\\/UCu7N-f3x0svkazD-Eew1-QQ\"],\"description\":\"En Produncan somos especialistas en la venta de terrenos en el sur de Chile. Proveemos estancias, campos, parcelas y hoteles.\",\"email\":\"info@produncan.cl\"}]}<\/script>\n<meta property=\"og:video\" content=\"https:\/\/www.youtube.com\/embed\/Gw-o9cy-f5E\" \/>\n<meta property=\"og:video:type\" content=\"text\/html\" \/>\n<meta property=\"og:video:duration\" content=\"62\" \/>\n<meta property=\"og:video:width\" content=\"480\" \/>\n<meta property=\"og:video:height\" content=\"270\" \/>\n<meta property=\"ya:ovs:adult\" content=\"false\" \/>\n<meta property=\"ya:ovs:upload_date\" content=\"2025-05-20T19:17:20+00:00\" \/>\n<meta property=\"ya:ovs:allow_embed\" content=\"true\" \/>\n<meta property=\"product:price:currency\" content=\"USD\" \/>\n<meta property=\"og:availability\" content=\"out of stock\" \/>\n<meta property=\"product:availability\" content=\"out of stock\" \/>\n<meta property=\"product:condition\" content=\"new\" \/>\n<!-- \/ Yoast SEO Premium plugin. -->","yoast_head_json":{"title":"Maison \u00e0 Lomas de Pilauco, Osorno - R\u00e9gion de Los Lagos - Produncan","description":"Maison \u00e0 Lomas de Pilauco, Osorno : 260 m\u00b2 sur un terrain de 5.000 m\u00b2, 5 chambres, 4 salles de bain, eau potable, r\u00e9ception municipale, s\u00e9curit\u00e9 24\/7 et proche du Centre Sportif.","robots":{"index":"index","follow":"follow","max-snippet":"max-snippet:-1","max-image-preview":"max-image-preview:large","max-video-preview":"max-video-preview:-1"},"canonical":"https:\/\/produncan.cl\/fr\/produit\/maison-a-lomas-de-pilauco-osorno-region-de-los-lagos\/","og_locale":"fr_FR","og_type":"article","og_title":"Maison \u00e0 Lomas de Pilauco, Osorno - R\u00e9gion de Los Lagos","og_description":"Maison \u00e0 Lomas de Pilauco, Osorno : 260 m\u00b2 sur un terrain de 5.000 m\u00b2, 5 chambres, 4 salles de bain, eau potable, r\u00e9ception municipale, s\u00e9curit\u00e9 24\/7 et proche du Centre Sportif.","og_url":"https:\/\/produncan.cl\/fr\/produit\/maison-a-lomas-de-pilauco-osorno-region-de-los-lagos\/","og_site_name":"Produncan","article_publisher":"https:\/\/web.facebook.com\/produncanland","article_modified_time":"2026-03-12T16:02:26+00:00","og_image":[{"width":600,"height":450,"url":"https:\/\/produncan.cl\/wp-content\/uploads\/2025\/05\/Lomas-de-Pilauco-Vendido.webp","type":"image\/webp"}],"twitter_card":"summary_large_image","twitter_misc":{"Price":"","Availability":"Out of stock"},"schema":{"@context":"https:\/\/schema.org","@graph":[{"@type":"WebPage","@id":"https:\/\/produncan.cl\/fr\/produit\/maison-a-lomas-de-pilauco-osorno-region-de-los-lagos\/","url":"https:\/\/produncan.cl\/fr\/produit\/maison-a-lomas-de-pilauco-osorno-region-de-los-lagos\/","name":"Maison \u00e0 Lomas de Pilauco, Osorno - R\u00e9gion de Los Lagos - Produncan","isPartOf":{"@id":"https:\/\/produncan.cl\/fr\/#website"},"primaryImageOfPage":{"@id":"https:\/\/produncan.cl\/fr\/produit\/maison-a-lomas-de-pilauco-osorno-region-de-los-lagos\/#primaryimage"},"image":{"@id":"https:\/\/produncan.cl\/fr\/produit\/maison-a-lomas-de-pilauco-osorno-region-de-los-lagos\/#primaryimage"},"thumbnailUrl":"https:\/\/produncan.cl\/wp-content\/uploads\/2025\/05\/Lomas-de-Pilauco-Vendido.webp","datePublished":"2025-05-20T19:17:20+00:00","dateModified":"2026-03-12T16:02:26+00:00","description":"Maison \u00e0 Lomas de Pilauco, Osorno : 260 m\u00b2 sur un terrain de 5.000 m\u00b2, 5 chambres, 4 salles de bain, eau potable, r\u00e9ception municipale, s\u00e9curit\u00e9 24\/7 et proche du Centre Sportif.","breadcrumb":{"@id":"https:\/\/produncan.cl\/fr\/produit\/maison-a-lomas-de-pilauco-osorno-region-de-los-lagos\/#breadcrumb"},"inLanguage":"fr-FR","potentialAction":[{"@type":"ReadAction","target":["https:\/\/produncan.cl\/fr\/produit\/maison-a-lomas-de-pilauco-osorno-region-de-los-lagos\/"]}]},{"@type":"ImageObject","inLanguage":"fr-FR","@id":"https:\/\/produncan.cl\/fr\/produit\/maison-a-lomas-de-pilauco-osorno-region-de-los-lagos\/#primaryimage","url":"https:\/\/produncan.cl\/wp-content\/uploads\/2025\/05\/Lomas-de-Pilauco-Vendido.webp","contentUrl":"https:\/\/produncan.cl\/wp-content\/uploads\/2025\/05\/Lomas-de-Pilauco-Vendido.webp","width":600,"height":450,"caption":"Lomas de Pilauco Vendido"},{"@type":"BreadcrumbList","@id":"https:\/\/produncan.cl\/fr\/produit\/maison-a-lomas-de-pilauco-osorno-region-de-los-lagos\/#breadcrumb","itemListElement":[{"@type":"ListItem","position":1,"name":"Inicio","item":"https:\/\/produncan.cl\/fr\/"},{"@type":"ListItem","position":2,"name":"Propri\u00e9t\u00e9s","item":"https:\/\/produncan.cl\/propiedades\/"},{"@type":"ListItem","position":3,"name":"Parcelles","item":"https:\/\/produncan.cl\/fr\/cat&eacute;gorie\/parcelles\/"},{"@type":"ListItem","position":4,"name":"Maison \u00e0 Lomas de Pilauco, Osorno &#8211; R\u00e9gion de Los Lagos"}]},{"@type":"WebSite","@id":"https:\/\/produncan.cl\/fr\/#website","url":"https:\/\/produncan.cl\/fr\/","name":"Produncan","description":"Nous vous accompagnons dans votre projet de vie !","publisher":{"@id":"https:\/\/produncan.cl\/fr\/#organization"},"potentialAction":[{"@type":"SearchAction","target":{"@type":"EntryPoint","urlTemplate":"https:\/\/produncan.cl\/fr\/?s={search_term_string}"},"query-input":{"@type":"PropertyValueSpecification","valueRequired":true,"valueName":"search_term_string"}}],"inLanguage":"fr-FR"},{"@type":"Organization","@id":"https:\/\/produncan.cl\/fr\/#organization","name":"Produncan","url":"https:\/\/produncan.cl\/fr\/","logo":{"@type":"ImageObject","inLanguage":"fr-FR","@id":"https:\/\/produncan.cl\/fr\/#\/schema\/logo\/image\/","url":"https:\/\/produncan.cl\/wp-content\/uploads\/2021\/03\/LOGO.jpeg","contentUrl":"https:\/\/produncan.cl\/wp-content\/uploads\/2021\/03\/LOGO.jpeg","width":1280,"height":903,"caption":"Produncan"},"image":{"@id":"https:\/\/produncan.cl\/fr\/#\/schema\/logo\/image\/"},"sameAs":["https:\/\/web.facebook.com\/produncanland","https:\/\/www.instagram.com\/pro_duncan\/","https:\/\/www.linkedin.com\/company\/produncan-lands\/","https:\/\/www.youtube.com\/channel\/UCu7N-f3x0svkazD-Eew1-QQ"],"description":"En Produncan somos especialistas en la venta de terrenos en el sur de Chile. Proveemos estancias, campos, parcelas y hoteles.","email":"info@produncan.cl"}]},"og_video":"https:\/\/www.youtube.com\/embed\/Gw-o9cy-f5E","og_video_type":"text\/html","og_video_duration":"62","og_video_width":"480","og_video_height":"270","ya_ovs_adult":"false","ya_ovs_upload_date":"2025-05-20T19:17:20+00:00","ya_ovs_allow_embed":"true","product_price_currency":"USD","og_availability":"out of stock","product_availability":"out of stock","product_condition":"new"},"_links":{"self":[{"href":"https:\/\/produncan.cl\/fr\/wp-json\/wp\/v2\/product\/41148","targetHints":{"allow":["GET"]}}],"collection":[{"href":"https:\/\/produncan.cl\/fr\/wp-json\/wp\/v2\/product"}],"about":[{"href":"https:\/\/produncan.cl\/fr\/wp-json\/wp\/v2\/types\/product"}],"version-history":[{"count":2,"href":"https:\/\/produncan.cl\/fr\/wp-json\/wp\/v2\/product\/41148\/revisions"}],"predecessor-version":[{"id":54868,"href":"https:\/\/produncan.cl\/fr\/wp-json\/wp\/v2\/product\/41148\/revisions\/54868"}],"wp:featuredmedia":[{"embeddable":true,"href":"https:\/\/produncan.cl\/fr\/wp-json\/wp\/v2\/media\/51857"}],"wp:attachment":[{"href":"https:\/\/produncan.cl\/fr\/wp-json\/wp\/v2\/media?parent=41148"}],"wp:term":[{"taxonomy":"product_brand","embeddable":true,"href":"https:\/\/produncan.cl\/fr\/wp-json\/wp\/v2\/product_brand?post=41148"},{"taxonomy":"product_cat","embeddable":true,"href":"https:\/\/produncan.cl\/fr\/wp-json\/wp\/v2\/product_cat?post=41148"},{"taxonomy":"product_tag","embeddable":true,"href":"https:\/\/produncan.cl\/fr\/wp-json\/wp\/v2\/product_tag?post=41148"},{"taxonomy":"regiones","embeddable":true,"href":"https:\/\/produncan.cl\/fr\/wp-json\/wp\/v2\/regiones?post=41148"},{"taxonomy":"ciudades","embeddable":true,"href":"https:\/\/produncan.cl\/fr\/wp-json\/wp\/v2\/ciudades?post=41148"}],"curies":[{"name":"wp","href":"https:\/\/api.w.org\/{rel}","templated":true}]}}