{"id":41653,"date":"2025-05-22T19:00:41","date_gmt":"2025-05-22T23:00:41","guid":{"rendered":"https:\/\/produncan.cl\/producto\/campagne-a-puerto-varas-bosque-los-chaquihues-lake-district\/"},"modified":"2025-11-05T11:59:42","modified_gmt":"2025-11-05T14:59:42","slug":"campagne-a-puerto-varas-bosque-los-chaquihues-lake-district","status":"publish","type":"product","link":"https:\/\/produncan.cl\/fr\/produit\/campagne-a-puerto-varas-bosque-los-chaquihues-lake-district\/","title":{"rendered":"Campagne \u00e0 Puerto Varas, Bosque los Chaquihues &#8211; Lake District"},"content":{"rendered":"\t\t<div data-elementor-type=\"product-post\" data-elementor-id=\"41653\" class=\"elementor elementor-41653 elementor-41156\" data-elementor-post-type=\"product\">\n\t\t\t\t<div class=\"elementor-element elementor-element-1de29af e-flex e-con-boxed e-con e-parent\" data-id=\"1de29af\" data-element_type=\"container\" data-e-type=\"container\" data-settings=\"{&quot;jet_parallax_layout_list&quot;:[]}\">\n\t\t\t\t\t<div class=\"e-con-inner\">\n\t\t\t\t<div class=\"elementor-element elementor-element-28abb86 elementor-widget elementor-widget-heading\" data-id=\"28abb86\" data-element_type=\"widget\" data-e-type=\"widget\" data-widget_type=\"heading.default\">\n\t\t\t\t\t<h2 class=\"elementor-heading-title elementor-size-default\">Vivez dans votre propre sanctuaire de 27,22 hectares surplombant le lac Llanquihue !<\/h2>\t\t\t\t<\/div>\n\t\t\t\t\t<\/div>\n\t\t\t\t<\/div>\n\t\t<div class=\"elementor-element elementor-element-50d2e3b e-flex e-con-boxed e-con e-parent\" data-id=\"50d2e3b\" data-element_type=\"container\" data-e-type=\"container\" data-settings=\"{&quot;jet_parallax_layout_list&quot;:[]}\">\n\t\t\t\t\t<div class=\"e-con-inner\">\n\t\t\t\t<div class=\"elementor-element elementor-element-255723a elementor-widget elementor-widget-text-editor\" data-id=\"255723a\" data-element_type=\"widget\" data-e-type=\"widget\" data-widget_type=\"text-editor.default\">\n\t\t\t\t\t\t\t\t\t<p>Une for\u00eat unique, pr\u00eate \u00e0 \u00eatre appr\u00e9ci\u00e9e<\/p><p>Imaginez que vous vous r\u00e9veillez entour\u00e9 d&#8217;indig\u00e8nes mill\u00e9naires &#8211; dont le plus ancien Ulmo de la r\u00e9gion &#8211; dans une for\u00eat en grande partie plate, propre et facilement travers\u00e9e par ses sentiers. Ici, chaque pas r\u00e9v\u00e8le la richesse des esp\u00e8ces indig\u00e8nes : ma\u00f1\u00edo, coig\u00fce, luma, array\u00e1n, olivillo et bien d&#8217;autres encore. <\/p><p>Vues panoramiques incomparables<\/p><p>La for\u00eat de Chaquihues est bord\u00e9e par la rivi\u00e8re La Poza sur deux c\u00f4t\u00e9s et par un estuaire \u00e0 l&#8217;est. Elle offre \u00e9galement une vue privil\u00e9gi\u00e9e sur le lac Llanquihue, couronn\u00e9 par une crique naturelle qui offre des cartes postales inoubliables du bassin. <\/p><p>Services et connectivit\u00e9<\/p><ul><li>\u00c9lectricit\u00e9 : Raccordement souterrain et compteur pr\u00eat \u00e0 \u00eatre install\u00e9.<\/li><li>Eau : puits de 45 m fonctionnant en septembre-octobre 2025.<\/li><li>Acc\u00e8s : 6,5 km de route en gravier (avec projet d&#8217;asphaltage en cours) et servitude garantie.<\/li><li>T\u00e9l\u00e9communications : IP Patagonia fibre optique.<\/li><li>Transport : \u00e0 50 minutes de l&#8217;a\u00e9roport d&#8217;El Tepual, et avec des transports publics dans les environs imm\u00e9diats.<br><br><\/li><\/ul><p>Un environnement vivant<\/p><p>Ici, la faune s&#8217;exprime au maximum : pud\u00faes, renards, chucao, huet-huet, et une grande vari\u00e9t\u00e9 d&#8217;oiseaux qui dansent entre les arbres. Un v\u00e9ritable \u00e9cosyst\u00e8me qui transforme votre investissement en un h\u00e9ritage naturel. <\/p><p>Utilisation et r\u00e9glementation<\/p><ul><li>Zone : Agriculture-sylviculture (aucun changement d&#8217;affectation n&#8217;est autoris\u00e9).<\/li><li>Id\u00e9al pour : Les projets de conservation, le tourisme de nature ou une r\u00e9sidence immerg\u00e9e dans la vie sauvage.<\/li><li>Constructions avec plan de gestion.<\/li><li>Enceinte : P\u00e9rim\u00e8tre partiel.<br><br><\/li><\/ul><p>Cette propri\u00e9t\u00e9 repr\u00e9sente une opportunit\u00e9 unique en raison de sa situation et de ses caract\u00e9ristiques. Il n&#8217;existe pas d&#8217;autres terrains similaires entre Puerto Varas et Ensenada qui offrent la possibilit\u00e9 de vivre immerg\u00e9 dans une for\u00eat indig\u00e8ne, avec des vues privil\u00e9gi\u00e9es et \u00e0 seulement quelques minutes du centre ville. De plus, il s&#8217;agit d&#8217;un investissement s\u00fbr, avec son propre r\u00f4le et un acc\u00e8s facile aux services de base, ce qui garantit la projection, la tranquillit\u00e9 et l&#8217;appr\u00e9ciation \u00e0 long terme.  <\/p><p>Contactez-nous d\u00e8s aujourd&#8217;hui et commencez \u00e0 concevoir votre projet dans ce coin de paradis patagon.<\/p>\t\t\t\t\t\t\t\t<\/div>\n\t\t\t\t\t<\/div>\n\t\t\t\t<\/div>\n\t\t\t\t<\/div>\n\t\t","protected":false},"excerpt":{"rendered":"<p>Campagne \u00e0 Puerto Varas. For\u00eat ancienne route vers Ensenada. Poss\u00e8de acc\u00e8s facile, \u00e9lectricit\u00e9, eau, fibre optique et \u00e0 6 km de la chauss\u00e9e. Anciens natifs, grande vue sur le bassin du lac et proximit\u00e9 de la ville.   <\/p>\n","protected":false},"featured_media":41160,"template":"","meta":{"_acf_changed":false},"product_brand":[],"product_cat":[113],"product_tag":[233,238],"regiones":[226],"ciudades":[219],"class_list":{"0":"post-41653","1":"product","2":"type-product","3":"status-publish","4":"has-post-thumbnail","6":"product_cat-ohiggins-los-lagos-fr","7":"product_tag-champs","8":"product_tag-champs-de-conservation","9":"regiones-nuble-los_lagos","10":"ciudades-puerto-varas","12":"first","13":"instock","14":"shipping-taxable","15":"purchasable","16":"product-type-simple"},"acf":[],"yoast_head":"<!-- This site is optimized with the Yoast SEO Premium plugin v26.0 (Yoast SEO v27.3) - https:\/\/yoast.com\/product\/yoast-seo-premium-wordpress\/ -->\n<title>Terrain \u00e0 Puerto Varas, Bosque los Chaquihues - Produncan<\/title>\n<meta name=\"description\" content=\"Terrain de 27,22 ha \u00e0 Puerto Varas, sur la route d&#039;Ensenada. Anciennefor\u00eat indig\u00e8ne, vue sur le bassin du lac, eau, \u00e9lectricit\u00e9, fibre optique et 6 km de la chauss\u00e9e.\" \/>\n<meta name=\"robots\" content=\"index, follow, max-snippet:-1, max-image-preview:large, max-video-preview:-1\" \/>\n<link rel=\"canonical\" href=\"https:\/\/produncan.cl\/fr\/produit\/campagne-a-puerto-varas-bosque-los-chaquihues-lake-district\/\" \/>\n<meta property=\"og:locale\" content=\"fr_FR\" \/>\n<meta property=\"og:type\" content=\"article\" \/>\n<meta property=\"og:title\" content=\"Campagne \u00e0 Puerto Varas, Bosque los Chaquihues - Lake District\" \/>\n<meta property=\"og:description\" content=\"Terrain de 27,22 ha \u00e0 Puerto Varas, sur la route d&#039;Ensenada. Anciennefor\u00eat indig\u00e8ne, vue sur le bassin du lac, eau, \u00e9lectricit\u00e9, fibre optique et 6 km de la chauss\u00e9e.\" \/>\n<meta property=\"og:url\" content=\"https:\/\/produncan.cl\/fr\/produit\/campagne-a-puerto-varas-bosque-los-chaquihues-lake-district\/\" \/>\n<meta property=\"og:site_name\" content=\"Produncan\" \/>\n<meta property=\"article:publisher\" content=\"https:\/\/web.facebook.com\/produncanland\" \/>\n<meta property=\"article:modified_time\" content=\"2025-11-05T14:59:42+00:00\" \/>\n<meta property=\"og:image\" content=\"https:\/\/produncan.cl\/wp-content\/uploads\/2025\/05\/Campo-en-venta-Bosque-Chaquihues-Puerto-Varas.webp\" \/>\n<meta name=\"twitter:card\" content=\"summary_large_image\" \/>\n<meta name=\"twitter:label1\" content=\"Price\" \/>\n\t<meta name=\"twitter:data1\" content=\"USD414.300,00\" \/>\n\t<meta name=\"twitter:label2\" content=\"Availability\" \/>\n\t<meta name=\"twitter:data2\" content=\"In stock\" \/>\n<script type=\"application\/ld+json\" class=\"yoast-schema-graph\">{\"@context\":\"https:\\\/\\\/schema.org\",\"@graph\":[{\"@type\":\"WebPage\",\"@id\":\"https:\\\/\\\/produncan.cl\\\/fr\\\/produit\\\/campagne-a-puerto-varas-bosque-los-chaquihues-lake-district\\\/\",\"url\":\"https:\\\/\\\/produncan.cl\\\/fr\\\/produit\\\/campagne-a-puerto-varas-bosque-los-chaquihues-lake-district\\\/\",\"name\":\"Terrain \u00e0 Puerto Varas, Bosque los Chaquihues - Produncan\",\"isPartOf\":{\"@id\":\"https:\\\/\\\/produncan.cl\\\/fr\\\/#website\"},\"primaryImageOfPage\":{\"@id\":\"https:\\\/\\\/produncan.cl\\\/fr\\\/produit\\\/campagne-a-puerto-varas-bosque-los-chaquihues-lake-district\\\/#primaryimage\"},\"image\":{\"@id\":\"https:\\\/\\\/produncan.cl\\\/fr\\\/produit\\\/campagne-a-puerto-varas-bosque-los-chaquihues-lake-district\\\/#primaryimage\"},\"thumbnailUrl\":\"https:\\\/\\\/produncan.cl\\\/wp-content\\\/uploads\\\/2025\\\/05\\\/Campo-en-venta-Bosque-Chaquihues-Puerto-Varas.webp\",\"datePublished\":\"2025-05-22T23:00:41+00:00\",\"dateModified\":\"2025-11-05T14:59:42+00:00\",\"description\":\"Terrain de 27,22 ha \u00e0 Puerto Varas, sur la route d'Ensenada. Anciennefor\u00eat indig\u00e8ne, vue sur le bassin du lac, eau, \u00e9lectricit\u00e9, fibre optique et 6 km de la chauss\u00e9e.\",\"breadcrumb\":{\"@id\":\"https:\\\/\\\/produncan.cl\\\/fr\\\/produit\\\/campagne-a-puerto-varas-bosque-los-chaquihues-lake-district\\\/#breadcrumb\"},\"inLanguage\":\"fr-FR\",\"potentialAction\":[{\"@type\":\"ReadAction\",\"target\":[\"https:\\\/\\\/produncan.cl\\\/fr\\\/produit\\\/campagne-a-puerto-varas-bosque-los-chaquihues-lake-district\\\/\"]}]},{\"@type\":\"ImageObject\",\"inLanguage\":\"fr-FR\",\"@id\":\"https:\\\/\\\/produncan.cl\\\/fr\\\/produit\\\/campagne-a-puerto-varas-bosque-los-chaquihues-lake-district\\\/#primaryimage\",\"url\":\"https:\\\/\\\/produncan.cl\\\/wp-content\\\/uploads\\\/2025\\\/05\\\/Campo-en-venta-Bosque-Chaquihues-Puerto-Varas.webp\",\"contentUrl\":\"https:\\\/\\\/produncan.cl\\\/wp-content\\\/uploads\\\/2025\\\/05\\\/Campo-en-venta-Bosque-Chaquihues-Puerto-Varas.webp\",\"width\":800,\"height\":600,\"caption\":\"Terrain \u00e0 vendre Bosque Chaquihues Puerto Varas\"},{\"@type\":\"BreadcrumbList\",\"@id\":\"https:\\\/\\\/produncan.cl\\\/fr\\\/produit\\\/campagne-a-puerto-varas-bosque-los-chaquihues-lake-district\\\/#breadcrumb\",\"itemListElement\":[{\"@type\":\"ListItem\",\"position\":1,\"name\":\"Inicio\",\"item\":\"https:\\\/\\\/produncan.cl\\\/fr\\\/\"},{\"@type\":\"ListItem\",\"position\":2,\"name\":\"Propri\u00e9t\u00e9s\",\"item\":\"https:\\\/\\\/produncan.cl\\\/propiedades\\\/\"},{\"@type\":\"ListItem\",\"position\":3,\"name\":\"Champs\",\"item\":\"https:\\\/\\\/produncan.cl\\\/fr\\\/cat&eacute;gorie\\\/champs\\\/\"},{\"@type\":\"ListItem\",\"position\":4,\"name\":\"Campagne \u00e0 Puerto Varas, Bosque los Chaquihues &#8211; Lake District\"}]},{\"@type\":\"WebSite\",\"@id\":\"https:\\\/\\\/produncan.cl\\\/fr\\\/#website\",\"url\":\"https:\\\/\\\/produncan.cl\\\/fr\\\/\",\"name\":\"Produncan\",\"description\":\"Nous vous accompagnons dans votre projet de vie !\",\"publisher\":{\"@id\":\"https:\\\/\\\/produncan.cl\\\/fr\\\/#organization\"},\"potentialAction\":[{\"@type\":\"SearchAction\",\"target\":{\"@type\":\"EntryPoint\",\"urlTemplate\":\"https:\\\/\\\/produncan.cl\\\/fr\\\/?s={search_term_string}\"},\"query-input\":{\"@type\":\"PropertyValueSpecification\",\"valueRequired\":true,\"valueName\":\"search_term_string\"}}],\"inLanguage\":\"fr-FR\"},{\"@type\":\"Organization\",\"@id\":\"https:\\\/\\\/produncan.cl\\\/fr\\\/#organization\",\"name\":\"Produncan\",\"url\":\"https:\\\/\\\/produncan.cl\\\/fr\\\/\",\"logo\":{\"@type\":\"ImageObject\",\"inLanguage\":\"fr-FR\",\"@id\":\"https:\\\/\\\/produncan.cl\\\/fr\\\/#\\\/schema\\\/logo\\\/image\\\/\",\"url\":\"https:\\\/\\\/produncan.cl\\\/wp-content\\\/uploads\\\/2021\\\/03\\\/LOGO.jpeg\",\"contentUrl\":\"https:\\\/\\\/produncan.cl\\\/wp-content\\\/uploads\\\/2021\\\/03\\\/LOGO.jpeg\",\"width\":1280,\"height\":903,\"caption\":\"Produncan\"},\"image\":{\"@id\":\"https:\\\/\\\/produncan.cl\\\/fr\\\/#\\\/schema\\\/logo\\\/image\\\/\"},\"sameAs\":[\"https:\\\/\\\/web.facebook.com\\\/produncanland\",\"https:\\\/\\\/www.instagram.com\\\/pro_duncan\\\/\",\"https:\\\/\\\/www.linkedin.com\\\/company\\\/produncan-lands\\\/\",\"https:\\\/\\\/www.youtube.com\\\/channel\\\/UCu7N-f3x0svkazD-Eew1-QQ\"],\"description\":\"En Produncan somos especialistas en la venta de terrenos en el sur de Chile. Proveemos estancias, campos, parcelas y hoteles.\",\"email\":\"info@produncan.cl\"}]}<\/script>\n<meta property=\"og:video\" content=\"https:\/\/www.youtube.com\/embed\/3hCbI9UaRhQ\" \/>\n<meta property=\"og:video:type\" content=\"text\/html\" \/>\n<meta property=\"og:video:duration\" content=\"65\" \/>\n<meta property=\"og:video:width\" content=\"480\" \/>\n<meta property=\"og:video:height\" content=\"270\" \/>\n<meta property=\"ya:ovs:adult\" content=\"false\" \/>\n<meta property=\"ya:ovs:upload_date\" content=\"2025-05-22T23:00:41+00:00\" \/>\n<meta property=\"ya:ovs:allow_embed\" content=\"true\" \/>\n<meta property=\"product:price:amount\" content=\"414300.00\" \/>\n<meta property=\"product:price:currency\" content=\"USD\" \/>\n<meta property=\"og:availability\" content=\"instock\" \/>\n<meta property=\"product:availability\" content=\"instock\" \/>\n<meta property=\"product:condition\" content=\"new\" \/>\n<!-- \/ Yoast SEO Premium plugin. -->","yoast_head_json":{"title":"Terrain \u00e0 Puerto Varas, Bosque los Chaquihues - Produncan","description":"Terrain de 27,22 ha \u00e0 Puerto Varas, sur la route d'Ensenada. Anciennefor\u00eat indig\u00e8ne, vue sur le bassin du lac, eau, \u00e9lectricit\u00e9, fibre optique et 6 km de la chauss\u00e9e.","robots":{"index":"index","follow":"follow","max-snippet":"max-snippet:-1","max-image-preview":"max-image-preview:large","max-video-preview":"max-video-preview:-1"},"canonical":"https:\/\/produncan.cl\/fr\/produit\/campagne-a-puerto-varas-bosque-los-chaquihues-lake-district\/","og_locale":"fr_FR","og_type":"article","og_title":"Campagne \u00e0 Puerto Varas, Bosque los Chaquihues - Lake District","og_description":"Terrain de 27,22 ha \u00e0 Puerto Varas, sur la route d'Ensenada. Anciennefor\u00eat indig\u00e8ne, vue sur le bassin du lac, eau, \u00e9lectricit\u00e9, fibre optique et 6 km de la chauss\u00e9e.","og_url":"https:\/\/produncan.cl\/fr\/produit\/campagne-a-puerto-varas-bosque-los-chaquihues-lake-district\/","og_site_name":"Produncan","article_publisher":"https:\/\/web.facebook.com\/produncanland","article_modified_time":"2025-11-05T14:59:42+00:00","og_image":[{"url":"https:\/\/produncan.cl\/wp-content\/uploads\/2025\/05\/Campo-en-venta-Bosque-Chaquihues-Puerto-Varas.webp","type":"","width":"","height":""}],"twitter_card":"summary_large_image","twitter_misc":{"Price":"USD414.300,00","Availability":"In stock"},"schema":{"@context":"https:\/\/schema.org","@graph":[{"@type":"WebPage","@id":"https:\/\/produncan.cl\/fr\/produit\/campagne-a-puerto-varas-bosque-los-chaquihues-lake-district\/","url":"https:\/\/produncan.cl\/fr\/produit\/campagne-a-puerto-varas-bosque-los-chaquihues-lake-district\/","name":"Terrain \u00e0 Puerto Varas, Bosque los Chaquihues - Produncan","isPartOf":{"@id":"https:\/\/produncan.cl\/fr\/#website"},"primaryImageOfPage":{"@id":"https:\/\/produncan.cl\/fr\/produit\/campagne-a-puerto-varas-bosque-los-chaquihues-lake-district\/#primaryimage"},"image":{"@id":"https:\/\/produncan.cl\/fr\/produit\/campagne-a-puerto-varas-bosque-los-chaquihues-lake-district\/#primaryimage"},"thumbnailUrl":"https:\/\/produncan.cl\/wp-content\/uploads\/2025\/05\/Campo-en-venta-Bosque-Chaquihues-Puerto-Varas.webp","datePublished":"2025-05-22T23:00:41+00:00","dateModified":"2025-11-05T14:59:42+00:00","description":"Terrain de 27,22 ha \u00e0 Puerto Varas, sur la route d'Ensenada. Anciennefor\u00eat indig\u00e8ne, vue sur le bassin du lac, eau, \u00e9lectricit\u00e9, fibre optique et 6 km de la chauss\u00e9e.","breadcrumb":{"@id":"https:\/\/produncan.cl\/fr\/produit\/campagne-a-puerto-varas-bosque-los-chaquihues-lake-district\/#breadcrumb"},"inLanguage":"fr-FR","potentialAction":[{"@type":"ReadAction","target":["https:\/\/produncan.cl\/fr\/produit\/campagne-a-puerto-varas-bosque-los-chaquihues-lake-district\/"]}]},{"@type":"ImageObject","inLanguage":"fr-FR","@id":"https:\/\/produncan.cl\/fr\/produit\/campagne-a-puerto-varas-bosque-los-chaquihues-lake-district\/#primaryimage","url":"https:\/\/produncan.cl\/wp-content\/uploads\/2025\/05\/Campo-en-venta-Bosque-Chaquihues-Puerto-Varas.webp","contentUrl":"https:\/\/produncan.cl\/wp-content\/uploads\/2025\/05\/Campo-en-venta-Bosque-Chaquihues-Puerto-Varas.webp","width":800,"height":600,"caption":"Terrain \u00e0 vendre Bosque Chaquihues Puerto Varas"},{"@type":"BreadcrumbList","@id":"https:\/\/produncan.cl\/fr\/produit\/campagne-a-puerto-varas-bosque-los-chaquihues-lake-district\/#breadcrumb","itemListElement":[{"@type":"ListItem","position":1,"name":"Inicio","item":"https:\/\/produncan.cl\/fr\/"},{"@type":"ListItem","position":2,"name":"Propri\u00e9t\u00e9s","item":"https:\/\/produncan.cl\/propiedades\/"},{"@type":"ListItem","position":3,"name":"Champs","item":"https:\/\/produncan.cl\/fr\/cat&eacute;gorie\/champs\/"},{"@type":"ListItem","position":4,"name":"Campagne \u00e0 Puerto Varas, Bosque los Chaquihues &#8211; Lake District"}]},{"@type":"WebSite","@id":"https:\/\/produncan.cl\/fr\/#website","url":"https:\/\/produncan.cl\/fr\/","name":"Produncan","description":"Nous vous accompagnons dans votre projet de vie !","publisher":{"@id":"https:\/\/produncan.cl\/fr\/#organization"},"potentialAction":[{"@type":"SearchAction","target":{"@type":"EntryPoint","urlTemplate":"https:\/\/produncan.cl\/fr\/?s={search_term_string}"},"query-input":{"@type":"PropertyValueSpecification","valueRequired":true,"valueName":"search_term_string"}}],"inLanguage":"fr-FR"},{"@type":"Organization","@id":"https:\/\/produncan.cl\/fr\/#organization","name":"Produncan","url":"https:\/\/produncan.cl\/fr\/","logo":{"@type":"ImageObject","inLanguage":"fr-FR","@id":"https:\/\/produncan.cl\/fr\/#\/schema\/logo\/image\/","url":"https:\/\/produncan.cl\/wp-content\/uploads\/2021\/03\/LOGO.jpeg","contentUrl":"https:\/\/produncan.cl\/wp-content\/uploads\/2021\/03\/LOGO.jpeg","width":1280,"height":903,"caption":"Produncan"},"image":{"@id":"https:\/\/produncan.cl\/fr\/#\/schema\/logo\/image\/"},"sameAs":["https:\/\/web.facebook.com\/produncanland","https:\/\/www.instagram.com\/pro_duncan\/","https:\/\/www.linkedin.com\/company\/produncan-lands\/","https:\/\/www.youtube.com\/channel\/UCu7N-f3x0svkazD-Eew1-QQ"],"description":"En Produncan somos especialistas en la venta de terrenos en el sur de Chile. Proveemos estancias, campos, parcelas y hoteles.","email":"info@produncan.cl"}]},"og_video":"https:\/\/www.youtube.com\/embed\/3hCbI9UaRhQ","og_video_type":"text\/html","og_video_duration":"65","og_video_width":"480","og_video_height":"270","ya_ovs_adult":"false","ya_ovs_upload_date":"2025-05-22T23:00:41+00:00","ya_ovs_allow_embed":"true","product_price_amount":"414300.00","product_price_currency":"USD","og_availability":"instock","product_availability":"instock","product_condition":"new"},"_links":{"self":[{"href":"https:\/\/produncan.cl\/fr\/wp-json\/wp\/v2\/product\/41653","targetHints":{"allow":["GET"]}}],"collection":[{"href":"https:\/\/produncan.cl\/fr\/wp-json\/wp\/v2\/product"}],"about":[{"href":"https:\/\/produncan.cl\/fr\/wp-json\/wp\/v2\/types\/product"}],"version-history":[{"count":1,"href":"https:\/\/produncan.cl\/fr\/wp-json\/wp\/v2\/product\/41653\/revisions"}],"predecessor-version":[{"id":51653,"href":"https:\/\/produncan.cl\/fr\/wp-json\/wp\/v2\/product\/41653\/revisions\/51653"}],"wp:featuredmedia":[{"embeddable":true,"href":"https:\/\/produncan.cl\/fr\/wp-json\/wp\/v2\/media\/41160"}],"wp:attachment":[{"href":"https:\/\/produncan.cl\/fr\/wp-json\/wp\/v2\/media?parent=41653"}],"wp:term":[{"taxonomy":"product_brand","embeddable":true,"href":"https:\/\/produncan.cl\/fr\/wp-json\/wp\/v2\/product_brand?post=41653"},{"taxonomy":"product_cat","embeddable":true,"href":"https:\/\/produncan.cl\/fr\/wp-json\/wp\/v2\/product_cat?post=41653"},{"taxonomy":"product_tag","embeddable":true,"href":"https:\/\/produncan.cl\/fr\/wp-json\/wp\/v2\/product_tag?post=41653"},{"taxonomy":"regiones","embeddable":true,"href":"https:\/\/produncan.cl\/fr\/wp-json\/wp\/v2\/regiones?post=41653"},{"taxonomy":"ciudades","embeddable":true,"href":"https:\/\/produncan.cl\/fr\/wp-json\/wp\/v2\/ciudades?post=41653"}],"curies":[{"name":"wp","href":"https:\/\/api.w.org\/{rel}","templated":true}]}}