{"id":41655,"date":"2025-05-23T19:56:13","date_gmt":"2025-05-23T23:56:13","guid":{"rendered":"https:\/\/produncan.cl\/producto\/terrain-a-futrono-vista-hermosa-lago-ranco-region-des-rivieres\/"},"modified":"2025-11-05T11:59:42","modified_gmt":"2025-11-05T14:59:42","slug":"terrain-a-futrono-vista-hermosa-lago-ranco-region-des-rivieres","status":"publish","type":"product","link":"https:\/\/produncan.cl\/fr\/produit\/terrain-a-futrono-vista-hermosa-lago-ranco-region-des-rivieres\/","title":{"rendered":"Terrain \u00e0 Futrono, Vista Hermosa &#8211; Lago Ranco &#8211; R\u00e9gion des rivi\u00e8res"},"content":{"rendered":"\t\t<div data-elementor-type=\"product-post\" data-elementor-id=\"41655\" class=\"elementor elementor-41655 elementor-41258\" data-elementor-post-type=\"product\">\n\t\t\t\t<div class=\"elementor-element elementor-element-2309f75 e-flex e-con-boxed e-con e-parent\" data-id=\"2309f75\" data-element_type=\"container\" data-e-type=\"container\" data-settings=\"{&quot;jet_parallax_layout_list&quot;:[]}\">\n\t\t\t\t\t<div class=\"e-con-inner\">\n\t\t\t\t<div class=\"elementor-element elementor-element-b928a54 elementor-widget elementor-widget-heading\" data-id=\"b928a54\" data-element_type=\"widget\" data-e-type=\"widget\" data-widget_type=\"heading.default\">\n\t\t\t\t\t<h2 class=\"elementor-heading-title elementor-size-default\">1,5 hectares de prairies plates avec eau, droits d' irrigation et connectivit\u00e9 \u00e0 Futrono.<\/h2>\t\t\t\t<\/div>\n\t\t\t\t\t<\/div>\n\t\t\t\t<\/div>\n\t\t<div class=\"elementor-element elementor-element-9f75533 e-flex e-con-boxed e-con e-parent\" data-id=\"9f75533\" data-element_type=\"container\" data-e-type=\"container\" data-settings=\"{&quot;jet_parallax_layout_list&quot;:[]}\">\n\t\t\t\t\t<div class=\"e-con-inner\">\n\t\t\t\t<div class=\"elementor-element elementor-element-ec766b9 elementor-widget elementor-widget-text-editor\" data-id=\"ec766b9\" data-element_type=\"widget\" data-e-type=\"widget\" data-widget_type=\"text-editor.default\">\n\t\t\t\t\t\t\t\t\t<p>Situ\u00e9e dans le secteur de Vista Hermosa, dans la commune de Futrono, cette parcelle de 1,5 hectare offre un cadre rural paisible, avec une bonne exposition au soleil et une topographie compl\u00e8tement plate, id\u00e9ale pour des projets agricoles, d&#8217;habitation ou de loisirs.<\/p><p>La parcelle de Futrono, Lago Ranco, poss\u00e8de son propre terrain, est travers\u00e9e par un canal d&#8217;irrigation sur 67 m\u00e8tres et poss\u00e8de des droits d&#8217; eau de surface, ce qui garantit l&#8217; acc\u00e8s \u00e0 cette ressource fondamentale. De plus, l&#8217;incorporation officielle au syst\u00e8me APR est en cours de gestion pour cette ann\u00e9e, le puits est pr\u00eat \u00e0 \u00eatre install\u00e9. <\/p><p>L&#8217;\u00e9lectricit\u00e9 de Saesa passe \u00e0 20 m\u00e8tres, ce qui facilite le raccordement. Le terrain n&#8217;a pas de b\u00e2timents, mais dispose d&#8217;une cl\u00f4ture p\u00e9rim\u00e9trique avec fil barbel\u00e9, d&#8217;une servitude enregistr\u00e9e et d&#8217;un acc\u00e8s facile par une route publique gravillonn\u00e9e en excellent \u00e9tat et d&#8217;une servitude finale de seulement 200 m\u00e8tres. <\/p><p>Ce terrain \u00e0 Futrono se trouve \u00e0 seulement 3,7 km de l&#8217;asphalte, \u00e0 10 minutes du Lago Ranco (secteur Bah\u00eda Coique), \u00e0 10 km du centre de Futrono et \u00e0 environ 1 heure de l&#8217;a\u00e9roport. La connexion num\u00e9rique est \u00e9galement bien connect\u00e9e avec un bon signal cellulaire. <\/p><p>Il n&#8217;y a pas de d\u00e9penses communes ni de restrictions d&#8217;utilisation, et aucune taxe n&#8217;est pay\u00e9e. Le terrain est recouvert d&#8217;une prairie naturelle, avec quelques arbres et buissons indig\u00e8nes \u00e0 l&#8217;entr\u00e9e, ce qui le rend id\u00e9al pour ceux qui recherchent un terrain facilement am\u00e9nageable sans faire partie d&#8217;un projet de lotissement. <\/p><p>Une excellente opportunit\u00e9 pour ceux qui recherchent la tranquillit\u00e9, la projection agricole ou la r\u00e9sidence dans un environnement naturel privil\u00e9gi\u00e9, \u00e0 proximit\u00e9 des services, de la connectivit\u00e9 et des attractions touristiques.<\/p><p>Contactez-nous pour planifier votre visite et d\u00e9couvrir ce coin unique de la r\u00e9gion des lacs !<\/p>\t\t\t\t\t\t\t\t<\/div>\n\t\t\t\t\t<\/div>\n\t\t\t\t<\/div>\n\t\t\t\t<\/div>\n\t\t","protected":false},"excerpt":{"rendered":"<p>Terrain \u00e0 Futrono, Lago Ranco de 1,5 hectares. Topographie plate et couverte en grande partie de prairie, bon acc\u00e8s, \u00e9lectricit\u00e9, droits d&#8217;eau et APR. A seulement 3,7 km de l&#8217;asphalte, 10 minutes de Futrono et une heure de l&#8217;a\u00e9roport.  <\/p>\n","protected":false},"featured_media":41262,"template":"","meta":{"_acf_changed":false},"product_brand":[],"product_cat":[113],"product_tag":[236],"regiones":[226],"ciudades":[459],"class_list":{"0":"post-41655","1":"product","2":"type-product","3":"status-publish","4":"has-post-thumbnail","6":"product_cat-ohiggins-los-lagos-fr","7":"product_tag-parcelles","8":"regiones-nuble-los_lagos","9":"ciudades-futrono","11":"first","12":"instock","13":"shipping-taxable","14":"purchasable","15":"product-type-simple"},"acf":[],"yoast_head":"<!-- This site is optimized with the Yoast SEO Premium plugin v26.0 (Yoast SEO v27.3) - https:\/\/yoast.com\/product\/yoast-seo-premium-wordpress\/ -->\n<title>Terrain \u00e0 Futrono, Vista Hermosa - Lago Ranco - Produncan<\/title>\n<meta name=\"description\" content=\"Terrain \u00e0 Futrono, Lago Ranco. Terrain plat avec prairie, bon acc\u00e8s, \u00e9lectricit\u00e9, APR et droits d&#039;eau. A 3,7 km de l&#039;asphalte et 10 min de Futrono.\" \/>\n<meta name=\"robots\" content=\"index, follow, max-snippet:-1, max-image-preview:large, max-video-preview:-1\" \/>\n<link rel=\"canonical\" href=\"https:\/\/produncan.cl\/fr\/produit\/terrain-a-futrono-vista-hermosa-lago-ranco-region-des-rivieres\/\" \/>\n<meta property=\"og:locale\" content=\"fr_FR\" \/>\n<meta property=\"og:type\" content=\"article\" \/>\n<meta property=\"og:title\" content=\"Terrain \u00e0 Futrono, Vista Hermosa - Lago Ranco - R\u00e9gion des rivi\u00e8res\" \/>\n<meta property=\"og:description\" content=\"Terrain \u00e0 Futrono, Lago Ranco. Terrain plat avec prairie, bon acc\u00e8s, \u00e9lectricit\u00e9, APR et droits d&#039;eau. A 3,7 km de l&#039;asphalte et 10 min de Futrono.\" \/>\n<meta property=\"og:url\" content=\"https:\/\/produncan.cl\/fr\/produit\/terrain-a-futrono-vista-hermosa-lago-ranco-region-des-rivieres\/\" \/>\n<meta property=\"og:site_name\" content=\"Produncan\" \/>\n<meta property=\"article:publisher\" content=\"https:\/\/web.facebook.com\/produncanland\" \/>\n<meta property=\"article:modified_time\" content=\"2025-11-05T14:59:42+00:00\" \/>\n<meta property=\"og:image\" content=\"https:\/\/produncan.cl\/wp-content\/uploads\/2025\/05\/PARCELA-VISTA-HERMOSA.webp\" \/>\n\t<meta property=\"og:image:width\" content=\"800\" \/>\n\t<meta property=\"og:image:height\" content=\"600\" \/>\n\t<meta property=\"og:image:type\" content=\"image\/webp\" \/>\n<meta name=\"twitter:card\" content=\"summary_large_image\" \/>\n<meta name=\"twitter:label1\" content=\"Price\" \/>\n\t<meta name=\"twitter:data1\" content=\"USD119.600,00\" \/>\n\t<meta name=\"twitter:label2\" content=\"Availability\" \/>\n\t<meta name=\"twitter:data2\" content=\"In stock\" \/>\n<script type=\"application\/ld+json\" class=\"yoast-schema-graph\">{\"@context\":\"https:\\\/\\\/schema.org\",\"@graph\":[{\"@type\":\"WebPage\",\"@id\":\"https:\\\/\\\/produncan.cl\\\/fr\\\/produit\\\/terrain-a-futrono-vista-hermosa-lago-ranco-region-des-rivieres\\\/\",\"url\":\"https:\\\/\\\/produncan.cl\\\/fr\\\/produit\\\/terrain-a-futrono-vista-hermosa-lago-ranco-region-des-rivieres\\\/\",\"name\":\"Terrain \u00e0 Futrono, Vista Hermosa - Lago Ranco - Produncan\",\"isPartOf\":{\"@id\":\"https:\\\/\\\/produncan.cl\\\/fr\\\/#website\"},\"primaryImageOfPage\":{\"@id\":\"https:\\\/\\\/produncan.cl\\\/fr\\\/produit\\\/terrain-a-futrono-vista-hermosa-lago-ranco-region-des-rivieres\\\/#primaryimage\"},\"image\":{\"@id\":\"https:\\\/\\\/produncan.cl\\\/fr\\\/produit\\\/terrain-a-futrono-vista-hermosa-lago-ranco-region-des-rivieres\\\/#primaryimage\"},\"thumbnailUrl\":\"https:\\\/\\\/produncan.cl\\\/wp-content\\\/uploads\\\/2025\\\/05\\\/PARCELA-VISTA-HERMOSA.webp\",\"datePublished\":\"2025-05-23T23:56:13+00:00\",\"dateModified\":\"2025-11-05T14:59:42+00:00\",\"description\":\"Terrain \u00e0 Futrono, Lago Ranco. Terrain plat avec prairie, bon acc\u00e8s, \u00e9lectricit\u00e9, APR et droits d'eau. A 3,7 km de l'asphalte et 10 min de Futrono.\",\"breadcrumb\":{\"@id\":\"https:\\\/\\\/produncan.cl\\\/fr\\\/produit\\\/terrain-a-futrono-vista-hermosa-lago-ranco-region-des-rivieres\\\/#breadcrumb\"},\"inLanguage\":\"fr-FR\",\"potentialAction\":[{\"@type\":\"ReadAction\",\"target\":[\"https:\\\/\\\/produncan.cl\\\/fr\\\/produit\\\/terrain-a-futrono-vista-hermosa-lago-ranco-region-des-rivieres\\\/\"]}]},{\"@type\":\"ImageObject\",\"inLanguage\":\"fr-FR\",\"@id\":\"https:\\\/\\\/produncan.cl\\\/fr\\\/produit\\\/terrain-a-futrono-vista-hermosa-lago-ranco-region-des-rivieres\\\/#primaryimage\",\"url\":\"https:\\\/\\\/produncan.cl\\\/wp-content\\\/uploads\\\/2025\\\/05\\\/PARCELA-VISTA-HERMOSA.webp\",\"contentUrl\":\"https:\\\/\\\/produncan.cl\\\/wp-content\\\/uploads\\\/2025\\\/05\\\/PARCELA-VISTA-HERMOSA.webp\",\"width\":800,\"height\":600,\"caption\":\"_\"},{\"@type\":\"BreadcrumbList\",\"@id\":\"https:\\\/\\\/produncan.cl\\\/fr\\\/produit\\\/terrain-a-futrono-vista-hermosa-lago-ranco-region-des-rivieres\\\/#breadcrumb\",\"itemListElement\":[{\"@type\":\"ListItem\",\"position\":1,\"name\":\"Inicio\",\"item\":\"https:\\\/\\\/produncan.cl\\\/fr\\\/\"},{\"@type\":\"ListItem\",\"position\":2,\"name\":\"Propri\u00e9t\u00e9s\",\"item\":\"https:\\\/\\\/produncan.cl\\\/propiedades\\\/\"},{\"@type\":\"ListItem\",\"position\":3,\"name\":\"Parcelles\",\"item\":\"https:\\\/\\\/produncan.cl\\\/fr\\\/cat&eacute;gorie\\\/parcelles\\\/\"},{\"@type\":\"ListItem\",\"position\":4,\"name\":\"Terrain \u00e0 Futrono, Vista Hermosa &#8211; Lago Ranco &#8211; R\u00e9gion des rivi\u00e8res\"}]},{\"@type\":\"WebSite\",\"@id\":\"https:\\\/\\\/produncan.cl\\\/fr\\\/#website\",\"url\":\"https:\\\/\\\/produncan.cl\\\/fr\\\/\",\"name\":\"Produncan\",\"description\":\"Nous vous accompagnons dans votre projet de vie !\",\"publisher\":{\"@id\":\"https:\\\/\\\/produncan.cl\\\/fr\\\/#organization\"},\"potentialAction\":[{\"@type\":\"SearchAction\",\"target\":{\"@type\":\"EntryPoint\",\"urlTemplate\":\"https:\\\/\\\/produncan.cl\\\/fr\\\/?s={search_term_string}\"},\"query-input\":{\"@type\":\"PropertyValueSpecification\",\"valueRequired\":true,\"valueName\":\"search_term_string\"}}],\"inLanguage\":\"fr-FR\"},{\"@type\":\"Organization\",\"@id\":\"https:\\\/\\\/produncan.cl\\\/fr\\\/#organization\",\"name\":\"Produncan\",\"url\":\"https:\\\/\\\/produncan.cl\\\/fr\\\/\",\"logo\":{\"@type\":\"ImageObject\",\"inLanguage\":\"fr-FR\",\"@id\":\"https:\\\/\\\/produncan.cl\\\/fr\\\/#\\\/schema\\\/logo\\\/image\\\/\",\"url\":\"https:\\\/\\\/produncan.cl\\\/wp-content\\\/uploads\\\/2021\\\/03\\\/LOGO.jpeg\",\"contentUrl\":\"https:\\\/\\\/produncan.cl\\\/wp-content\\\/uploads\\\/2021\\\/03\\\/LOGO.jpeg\",\"width\":1280,\"height\":903,\"caption\":\"Produncan\"},\"image\":{\"@id\":\"https:\\\/\\\/produncan.cl\\\/fr\\\/#\\\/schema\\\/logo\\\/image\\\/\"},\"sameAs\":[\"https:\\\/\\\/web.facebook.com\\\/produncanland\",\"https:\\\/\\\/www.instagram.com\\\/pro_duncan\\\/\",\"https:\\\/\\\/www.linkedin.com\\\/company\\\/produncan-lands\\\/\",\"https:\\\/\\\/www.youtube.com\\\/channel\\\/UCu7N-f3x0svkazD-Eew1-QQ\"],\"description\":\"En Produncan somos especialistas en la venta de terrenos en el sur de Chile. Proveemos estancias, campos, parcelas y hoteles.\",\"email\":\"info@produncan.cl\"}]}<\/script>\n<meta property=\"og:video\" content=\"https:\/\/www.youtube.com\/embed\/zsySYa5r-bw\" \/>\n<meta property=\"og:video:type\" content=\"text\/html\" \/>\n<meta property=\"og:video:duration\" content=\"69\" \/>\n<meta property=\"og:video:width\" content=\"480\" \/>\n<meta property=\"og:video:height\" content=\"270\" \/>\n<meta property=\"ya:ovs:adult\" content=\"false\" \/>\n<meta property=\"ya:ovs:upload_date\" content=\"2025-05-23T23:56:13+00:00\" \/>\n<meta property=\"ya:ovs:allow_embed\" content=\"true\" \/>\n<meta property=\"product:price:amount\" content=\"119600.00\" \/>\n<meta property=\"product:price:currency\" content=\"USD\" \/>\n<meta property=\"og:availability\" content=\"instock\" \/>\n<meta property=\"product:availability\" content=\"instock\" \/>\n<meta property=\"product:condition\" content=\"new\" \/>\n<!-- \/ Yoast SEO Premium plugin. -->","yoast_head_json":{"title":"Terrain \u00e0 Futrono, Vista Hermosa - Lago Ranco - Produncan","description":"Terrain \u00e0 Futrono, Lago Ranco. Terrain plat avec prairie, bon acc\u00e8s, \u00e9lectricit\u00e9, APR et droits d'eau. A 3,7 km de l'asphalte et 10 min de Futrono.","robots":{"index":"index","follow":"follow","max-snippet":"max-snippet:-1","max-image-preview":"max-image-preview:large","max-video-preview":"max-video-preview:-1"},"canonical":"https:\/\/produncan.cl\/fr\/produit\/terrain-a-futrono-vista-hermosa-lago-ranco-region-des-rivieres\/","og_locale":"fr_FR","og_type":"article","og_title":"Terrain \u00e0 Futrono, Vista Hermosa - Lago Ranco - R\u00e9gion des rivi\u00e8res","og_description":"Terrain \u00e0 Futrono, Lago Ranco. Terrain plat avec prairie, bon acc\u00e8s, \u00e9lectricit\u00e9, APR et droits d'eau. A 3,7 km de l'asphalte et 10 min de Futrono.","og_url":"https:\/\/produncan.cl\/fr\/produit\/terrain-a-futrono-vista-hermosa-lago-ranco-region-des-rivieres\/","og_site_name":"Produncan","article_publisher":"https:\/\/web.facebook.com\/produncanland","article_modified_time":"2025-11-05T14:59:42+00:00","og_image":[{"width":800,"height":600,"url":"https:\/\/produncan.cl\/wp-content\/uploads\/2025\/05\/PARCELA-VISTA-HERMOSA.webp","type":"image\/webp"}],"twitter_card":"summary_large_image","twitter_misc":{"Price":"USD119.600,00","Availability":"In stock"},"schema":{"@context":"https:\/\/schema.org","@graph":[{"@type":"WebPage","@id":"https:\/\/produncan.cl\/fr\/produit\/terrain-a-futrono-vista-hermosa-lago-ranco-region-des-rivieres\/","url":"https:\/\/produncan.cl\/fr\/produit\/terrain-a-futrono-vista-hermosa-lago-ranco-region-des-rivieres\/","name":"Terrain \u00e0 Futrono, Vista Hermosa - Lago Ranco - Produncan","isPartOf":{"@id":"https:\/\/produncan.cl\/fr\/#website"},"primaryImageOfPage":{"@id":"https:\/\/produncan.cl\/fr\/produit\/terrain-a-futrono-vista-hermosa-lago-ranco-region-des-rivieres\/#primaryimage"},"image":{"@id":"https:\/\/produncan.cl\/fr\/produit\/terrain-a-futrono-vista-hermosa-lago-ranco-region-des-rivieres\/#primaryimage"},"thumbnailUrl":"https:\/\/produncan.cl\/wp-content\/uploads\/2025\/05\/PARCELA-VISTA-HERMOSA.webp","datePublished":"2025-05-23T23:56:13+00:00","dateModified":"2025-11-05T14:59:42+00:00","description":"Terrain \u00e0 Futrono, Lago Ranco. Terrain plat avec prairie, bon acc\u00e8s, \u00e9lectricit\u00e9, APR et droits d'eau. A 3,7 km de l'asphalte et 10 min de Futrono.","breadcrumb":{"@id":"https:\/\/produncan.cl\/fr\/produit\/terrain-a-futrono-vista-hermosa-lago-ranco-region-des-rivieres\/#breadcrumb"},"inLanguage":"fr-FR","potentialAction":[{"@type":"ReadAction","target":["https:\/\/produncan.cl\/fr\/produit\/terrain-a-futrono-vista-hermosa-lago-ranco-region-des-rivieres\/"]}]},{"@type":"ImageObject","inLanguage":"fr-FR","@id":"https:\/\/produncan.cl\/fr\/produit\/terrain-a-futrono-vista-hermosa-lago-ranco-region-des-rivieres\/#primaryimage","url":"https:\/\/produncan.cl\/wp-content\/uploads\/2025\/05\/PARCELA-VISTA-HERMOSA.webp","contentUrl":"https:\/\/produncan.cl\/wp-content\/uploads\/2025\/05\/PARCELA-VISTA-HERMOSA.webp","width":800,"height":600,"caption":"_"},{"@type":"BreadcrumbList","@id":"https:\/\/produncan.cl\/fr\/produit\/terrain-a-futrono-vista-hermosa-lago-ranco-region-des-rivieres\/#breadcrumb","itemListElement":[{"@type":"ListItem","position":1,"name":"Inicio","item":"https:\/\/produncan.cl\/fr\/"},{"@type":"ListItem","position":2,"name":"Propri\u00e9t\u00e9s","item":"https:\/\/produncan.cl\/propiedades\/"},{"@type":"ListItem","position":3,"name":"Parcelles","item":"https:\/\/produncan.cl\/fr\/cat&eacute;gorie\/parcelles\/"},{"@type":"ListItem","position":4,"name":"Terrain \u00e0 Futrono, Vista Hermosa &#8211; Lago Ranco &#8211; R\u00e9gion des rivi\u00e8res"}]},{"@type":"WebSite","@id":"https:\/\/produncan.cl\/fr\/#website","url":"https:\/\/produncan.cl\/fr\/","name":"Produncan","description":"Nous vous accompagnons dans votre projet de vie !","publisher":{"@id":"https:\/\/produncan.cl\/fr\/#organization"},"potentialAction":[{"@type":"SearchAction","target":{"@type":"EntryPoint","urlTemplate":"https:\/\/produncan.cl\/fr\/?s={search_term_string}"},"query-input":{"@type":"PropertyValueSpecification","valueRequired":true,"valueName":"search_term_string"}}],"inLanguage":"fr-FR"},{"@type":"Organization","@id":"https:\/\/produncan.cl\/fr\/#organization","name":"Produncan","url":"https:\/\/produncan.cl\/fr\/","logo":{"@type":"ImageObject","inLanguage":"fr-FR","@id":"https:\/\/produncan.cl\/fr\/#\/schema\/logo\/image\/","url":"https:\/\/produncan.cl\/wp-content\/uploads\/2021\/03\/LOGO.jpeg","contentUrl":"https:\/\/produncan.cl\/wp-content\/uploads\/2021\/03\/LOGO.jpeg","width":1280,"height":903,"caption":"Produncan"},"image":{"@id":"https:\/\/produncan.cl\/fr\/#\/schema\/logo\/image\/"},"sameAs":["https:\/\/web.facebook.com\/produncanland","https:\/\/www.instagram.com\/pro_duncan\/","https:\/\/www.linkedin.com\/company\/produncan-lands\/","https:\/\/www.youtube.com\/channel\/UCu7N-f3x0svkazD-Eew1-QQ"],"description":"En Produncan somos especialistas en la venta de terrenos en el sur de Chile. Proveemos estancias, campos, parcelas y hoteles.","email":"info@produncan.cl"}]},"og_video":"https:\/\/www.youtube.com\/embed\/zsySYa5r-bw","og_video_type":"text\/html","og_video_duration":"69","og_video_width":"480","og_video_height":"270","ya_ovs_adult":"false","ya_ovs_upload_date":"2025-05-23T23:56:13+00:00","ya_ovs_allow_embed":"true","product_price_amount":"119600.00","product_price_currency":"USD","og_availability":"instock","product_availability":"instock","product_condition":"new"},"_links":{"self":[{"href":"https:\/\/produncan.cl\/fr\/wp-json\/wp\/v2\/product\/41655","targetHints":{"allow":["GET"]}}],"collection":[{"href":"https:\/\/produncan.cl\/fr\/wp-json\/wp\/v2\/product"}],"about":[{"href":"https:\/\/produncan.cl\/fr\/wp-json\/wp\/v2\/types\/product"}],"version-history":[{"count":2,"href":"https:\/\/produncan.cl\/fr\/wp-json\/wp\/v2\/product\/41655\/revisions"}],"predecessor-version":[{"id":51648,"href":"https:\/\/produncan.cl\/fr\/wp-json\/wp\/v2\/product\/41655\/revisions\/51648"}],"wp:featuredmedia":[{"embeddable":true,"href":"https:\/\/produncan.cl\/fr\/wp-json\/wp\/v2\/media\/41262"}],"wp:attachment":[{"href":"https:\/\/produncan.cl\/fr\/wp-json\/wp\/v2\/media?parent=41655"}],"wp:term":[{"taxonomy":"product_brand","embeddable":true,"href":"https:\/\/produncan.cl\/fr\/wp-json\/wp\/v2\/product_brand?post=41655"},{"taxonomy":"product_cat","embeddable":true,"href":"https:\/\/produncan.cl\/fr\/wp-json\/wp\/v2\/product_cat?post=41655"},{"taxonomy":"product_tag","embeddable":true,"href":"https:\/\/produncan.cl\/fr\/wp-json\/wp\/v2\/product_tag?post=41655"},{"taxonomy":"regiones","embeddable":true,"href":"https:\/\/produncan.cl\/fr\/wp-json\/wp\/v2\/regiones?post=41655"},{"taxonomy":"ciudades","embeddable":true,"href":"https:\/\/produncan.cl\/fr\/wp-json\/wp\/v2\/ciudades?post=41655"}],"curies":[{"name":"wp","href":"https:\/\/api.w.org\/{rel}","templated":true}]}}