{"id":41657,"date":"2025-05-30T17:38:49","date_gmt":"2025-05-30T21:38:49","guid":{"rendered":"https:\/\/produncan.cl\/producto\/campagne-a-nanculen-region-de-la-union-los-rios\/"},"modified":"2025-12-04T16:55:57","modified_gmt":"2025-12-04T19:55:57","slug":"campagne-a-nanculen-region-de-la-union-los-rios","status":"publish","type":"product","link":"https:\/\/produncan.cl\/fr\/produit\/campagne-a-nanculen-region-de-la-union-los-rios\/","title":{"rendered":"Campagne \u00e0 \u00d1ancul\u00e9n, R\u00e9gion de La Uni\u00f3n &#8211; Los R\u00edos"},"content":{"rendered":"\t\t<div data-elementor-type=\"product-post\" data-elementor-id=\"41657\" class=\"elementor elementor-41657 elementor-41398\" data-elementor-post-type=\"product\">\n\t\t\t\t<div class=\"elementor-element elementor-element-47488a8 e-flex e-con-boxed e-con e-parent\" data-id=\"47488a8\" data-element_type=\"container\" data-e-type=\"container\" data-settings=\"{&quot;jet_parallax_layout_list&quot;:[]}\">\n\t\t\t\t\t<div class=\"e-con-inner\">\n\t\t\t\t<div class=\"elementor-element elementor-element-515e82d elementor-widget elementor-widget-heading\" data-id=\"515e82d\" data-element_type=\"widget\" data-e-type=\"widget\" data-widget_type=\"heading.default\">\n\t\t\t\t\t<h2 class=\"elementor-heading-title elementor-size-default\">Terrain de 150,9 hectares, plat, acc\u00e8s asphalt\u00e9 et 1,8 km de rivi\u00e8re.<\/h2>\t\t\t\t<\/div>\n\t\t\t\t\t<\/div>\n\t\t\t\t<\/div>\n\t\t<div class=\"elementor-element elementor-element-062cc07 e-flex e-con-boxed e-con e-parent\" data-id=\"062cc07\" data-element_type=\"container\" data-e-type=\"container\" data-settings=\"{&quot;jet_parallax_layout_list&quot;:[]}\">\n\t\t\t\t\t<div class=\"e-con-inner\">\n\t\t\t\t<div class=\"elementor-element elementor-element-b95bd9a elementor-widget elementor-widget-text-editor\" data-id=\"b95bd9a\" data-element_type=\"widget\" data-e-type=\"widget\" data-widget_type=\"text-editor.default\">\n\t\t\t\t\t\t\t\t\t<p>Dans la r\u00e9gion de Los R\u00edos, dans la commune de La Uni\u00f3n, se trouve ce spectaculaire terrain de <strong>150,9 hectares.<\/strong> Avec un acc\u00e8s direct par <strong>route goudronn\u00e9e<\/strong> -820 m\u00e8tres \u00e0 c\u00f4t\u00e9 de l&#8217;asphalte- et une topographie plut\u00f4t plate, ce terrain offre des conditions id\u00e9ales pour le d\u00e9veloppement de l&#8217;agriculture et de l&#8217;\u00e9levage, en combinant productivit\u00e9 et beaut\u00e9 naturelle au m\u00eame endroit. <\/p><p>Ce champ de La Uni\u00f3n est compos\u00e9 de <strong>deux r\u00f4les<\/strong>, et a une <strong>utilisation agricole, animale et foresti\u00e8re<\/strong> des terres, avec des sols class\u00e9s dans les classes 1, 2 et 5, ce qui permet un large \u00e9ventail d&#8217;activit\u00e9s productives. Les estimations indiquent que le champ est r\u00e9parti en 50 % de <strong>for\u00eat indig\u00e8ne<\/strong>, principalement renouvelable (avec des esp\u00e8ces telles que le myrte, la cannelle, les hualles et les coihues) et 50 % de <strong>prairies propres<\/strong>, utilisables pour la plantation ou le p\u00e2turage. <\/p><p>Dans son secteur nord-est, le terrain <strong>longe la rivi\u00e8re sur 1,8 kilom\u00e8tre<\/strong>, ce qui lui conf\u00e8re une valeur naturelle et paysag\u00e8re exceptionnelle. De plus, la propri\u00e9t\u00e9 poss\u00e8de des <strong>routes int\u00e9rieures<\/strong>, ce qui facilite le d\u00e9placement et la projection de lotissements ou de zones de travail. <\/p><p>Il est possible de se raccorder \u00e0 l&#8217;\u00e9lectricit\u00e9 par l&#8217;interm\u00e9diaire de la soci\u00e9t\u00e9 Saesa, avec des poteaux situ\u00e9s sur la route. En ce qui concerne l&#8217;eau, un projet d&#8217;APR est en cours dans la r\u00e9gion. L&#8217;exposition au soleil est excellente tout au long de la journ\u00e9e et le terrain est enti\u00e8rement cl\u00f4tur\u00e9 avec des poteaux en bois.  <\/p><p>La ferme de La Uni\u00f3n, \u00d1ancul\u00e9n, est situ\u00e9e \u00e0 seulement <strong>30 minutes de la ville de La Uni\u00f3n<\/strong> et \u00e0 <strong>1 heure de l&#8217;a\u00e9roport Ca\u00f1al Bajo de Osorno<\/strong>, avec une bonne connectivit\u00e9 et une bonne couverture de t\u00e9l\u00e9communications. En outre, dans les environs, on trouve des destinations touristiques telles que le parc national Alerce Costero, le lac Ranco, la cascade de La Leona et la station baln\u00e9aire de Hueicolla. <\/p><p>Une propri\u00e9t\u00e9 \u00e0 fort potentiel productif et naturel, id\u00e9ale pour des investissements \u00e0 moyen et long terme, dans l&#8217;une des r\u00e9gions les plus fertiles et vierges du sud du Chili.<\/p>\t\t\t\t\t\t\t\t<\/div>\n\t\t\t\t\t<\/div>\n\t\t\t\t<\/div>\n\t\t\t\t<\/div>\n\t\t","protected":false},"excerpt":{"rendered":"<p>Ferme \u00e0 La Uni\u00f3n de 151 hectares. Topographie plate, \u00e0 1,8 km de la rivi\u00e8re, acc\u00e8s direct depuis la route publique asphalt\u00e9e, 50 % de prairies, 50 % d&#8217;arbres indig\u00e8nes renouvelables, \u00e9lectricit\u00e9, APR en cours et signal de t\u00e9l\u00e9communications. <\/p>\n","protected":false},"featured_media":41408,"template":"","meta":{"_acf_changed":false},"product_brand":[],"product_cat":[113],"product_tag":[233],"regiones":[226],"ciudades":[215],"class_list":{"0":"post-41657","1":"product","2":"type-product","3":"status-publish","4":"has-post-thumbnail","6":"product_cat-ohiggins-los-lagos-fr","7":"product_tag-champs","8":"regiones-nuble-los_lagos","9":"ciudades-la-union","11":"first","12":"instock","13":"shipping-taxable","14":"purchasable","15":"product-type-simple"},"acf":[],"yoast_head":"<!-- This site is optimized with the Yoast SEO Premium plugin v26.0 (Yoast SEO v27.3) - https:\/\/yoast.com\/product\/yoast-seo-premium-wordpress\/ -->\n<title>Campagne \u00e0 \u00d1ancul\u00e9n, R\u00e9gion de La Uni\u00f3n - Los R\u00edos - Produncan<\/title>\n<meta name=\"description\" content=\"Terrain \u00e0 La Union de 151 ha, plat, avec 1,8 km de rivi\u00e8re. Acc\u00e8s par route asphalt\u00e9e, 50% prairie, 50% indig\u00e8ne, \u00e9lectricit\u00e9, APR en cours et bon signal.\" \/>\n<meta name=\"robots\" content=\"index, follow, max-snippet:-1, max-image-preview:large, max-video-preview:-1\" \/>\n<link rel=\"canonical\" href=\"https:\/\/produncan.cl\/fr\/produit\/campagne-a-nanculen-region-de-la-union-los-rios\/\" \/>\n<meta property=\"og:locale\" content=\"fr_FR\" \/>\n<meta property=\"og:type\" content=\"article\" \/>\n<meta property=\"og:title\" content=\"Campagne \u00e0 \u00d1ancul\u00e9n, R\u00e9gion de La Uni\u00f3n - Los R\u00edos\" \/>\n<meta property=\"og:description\" content=\"Terrain \u00e0 La Union de 151 ha, plat, avec 1,8 km de rivi\u00e8re. Acc\u00e8s par route asphalt\u00e9e, 50% prairie, 50% indig\u00e8ne, \u00e9lectricit\u00e9, APR en cours et bon signal.\" \/>\n<meta property=\"og:url\" content=\"https:\/\/produncan.cl\/fr\/produit\/campagne-a-nanculen-region-de-la-union-los-rios\/\" \/>\n<meta property=\"og:site_name\" content=\"Produncan\" \/>\n<meta property=\"article:publisher\" content=\"https:\/\/web.facebook.com\/produncanland\" \/>\n<meta property=\"article:modified_time\" content=\"2025-12-04T19:55:57+00:00\" \/>\n<meta property=\"og:image\" content=\"https:\/\/produncan.cl\/wp-content\/uploads\/2025\/05\/Campo-en-venta-en-Nanculen.webp\" \/>\n\t<meta property=\"og:image:width\" content=\"800\" \/>\n\t<meta property=\"og:image:height\" content=\"600\" \/>\n\t<meta property=\"og:image:type\" content=\"image\/webp\" \/>\n<meta name=\"twitter:card\" content=\"summary_large_image\" \/>\n<meta name=\"twitter:label1\" content=\"Price\" \/>\n\t<meta name=\"twitter:data1\" content=\"USD2.378.500,00\" \/>\n\t<meta name=\"twitter:label2\" content=\"Availability\" \/>\n\t<meta name=\"twitter:data2\" content=\"In stock\" \/>\n<script type=\"application\/ld+json\" class=\"yoast-schema-graph\">{\"@context\":\"https:\\\/\\\/schema.org\",\"@graph\":[{\"@type\":\"WebPage\",\"@id\":\"https:\\\/\\\/produncan.cl\\\/fr\\\/produit\\\/campagne-a-nanculen-region-de-la-union-los-rios\\\/\",\"url\":\"https:\\\/\\\/produncan.cl\\\/fr\\\/produit\\\/campagne-a-nanculen-region-de-la-union-los-rios\\\/\",\"name\":\"Campagne \u00e0 \u00d1ancul\u00e9n, R\u00e9gion de La Uni\u00f3n - Los R\u00edos - Produncan\",\"isPartOf\":{\"@id\":\"https:\\\/\\\/produncan.cl\\\/fr\\\/#website\"},\"primaryImageOfPage\":{\"@id\":\"https:\\\/\\\/produncan.cl\\\/fr\\\/produit\\\/campagne-a-nanculen-region-de-la-union-los-rios\\\/#primaryimage\"},\"image\":{\"@id\":\"https:\\\/\\\/produncan.cl\\\/fr\\\/produit\\\/campagne-a-nanculen-region-de-la-union-los-rios\\\/#primaryimage\"},\"thumbnailUrl\":\"https:\\\/\\\/produncan.cl\\\/wp-content\\\/uploads\\\/2025\\\/05\\\/Campo-en-venta-en-Nanculen.webp\",\"datePublished\":\"2025-05-30T21:38:49+00:00\",\"dateModified\":\"2025-12-04T19:55:57+00:00\",\"description\":\"Terrain \u00e0 La Union de 151 ha, plat, avec 1,8 km de rivi\u00e8re. Acc\u00e8s par route asphalt\u00e9e, 50% prairie, 50% indig\u00e8ne, \u00e9lectricit\u00e9, APR en cours et bon signal.\",\"breadcrumb\":{\"@id\":\"https:\\\/\\\/produncan.cl\\\/fr\\\/produit\\\/campagne-a-nanculen-region-de-la-union-los-rios\\\/#breadcrumb\"},\"inLanguage\":\"fr-FR\",\"potentialAction\":[{\"@type\":\"ReadAction\",\"target\":[\"https:\\\/\\\/produncan.cl\\\/fr\\\/produit\\\/campagne-a-nanculen-region-de-la-union-los-rios\\\/\"]}]},{\"@type\":\"ImageObject\",\"inLanguage\":\"fr-FR\",\"@id\":\"https:\\\/\\\/produncan.cl\\\/fr\\\/produit\\\/campagne-a-nanculen-region-de-la-union-los-rios\\\/#primaryimage\",\"url\":\"https:\\\/\\\/produncan.cl\\\/wp-content\\\/uploads\\\/2025\\\/05\\\/Campo-en-venta-en-Nanculen.webp\",\"contentUrl\":\"https:\\\/\\\/produncan.cl\\\/wp-content\\\/uploads\\\/2025\\\/05\\\/Campo-en-venta-en-Nanculen.webp\",\"width\":800,\"height\":600,\"caption\":\"Terrain \u00e0 vendre \u00e0 Los Angeles\"},{\"@type\":\"BreadcrumbList\",\"@id\":\"https:\\\/\\\/produncan.cl\\\/fr\\\/produit\\\/campagne-a-nanculen-region-de-la-union-los-rios\\\/#breadcrumb\",\"itemListElement\":[{\"@type\":\"ListItem\",\"position\":1,\"name\":\"Inicio\",\"item\":\"https:\\\/\\\/produncan.cl\\\/fr\\\/\"},{\"@type\":\"ListItem\",\"position\":2,\"name\":\"Propri\u00e9t\u00e9s\",\"item\":\"https:\\\/\\\/produncan.cl\\\/propiedades\\\/\"},{\"@type\":\"ListItem\",\"position\":3,\"name\":\"Champs\",\"item\":\"https:\\\/\\\/produncan.cl\\\/fr\\\/cat&eacute;gorie\\\/champs\\\/\"},{\"@type\":\"ListItem\",\"position\":4,\"name\":\"Campagne \u00e0 \u00d1ancul\u00e9n, R\u00e9gion de La Uni\u00f3n &#8211; Los R\u00edos\"}]},{\"@type\":\"WebSite\",\"@id\":\"https:\\\/\\\/produncan.cl\\\/fr\\\/#website\",\"url\":\"https:\\\/\\\/produncan.cl\\\/fr\\\/\",\"name\":\"Produncan\",\"description\":\"Nous vous accompagnons dans votre projet de vie !\",\"publisher\":{\"@id\":\"https:\\\/\\\/produncan.cl\\\/fr\\\/#organization\"},\"potentialAction\":[{\"@type\":\"SearchAction\",\"target\":{\"@type\":\"EntryPoint\",\"urlTemplate\":\"https:\\\/\\\/produncan.cl\\\/fr\\\/?s={search_term_string}\"},\"query-input\":{\"@type\":\"PropertyValueSpecification\",\"valueRequired\":true,\"valueName\":\"search_term_string\"}}],\"inLanguage\":\"fr-FR\"},{\"@type\":\"Organization\",\"@id\":\"https:\\\/\\\/produncan.cl\\\/fr\\\/#organization\",\"name\":\"Produncan\",\"url\":\"https:\\\/\\\/produncan.cl\\\/fr\\\/\",\"logo\":{\"@type\":\"ImageObject\",\"inLanguage\":\"fr-FR\",\"@id\":\"https:\\\/\\\/produncan.cl\\\/fr\\\/#\\\/schema\\\/logo\\\/image\\\/\",\"url\":\"https:\\\/\\\/produncan.cl\\\/wp-content\\\/uploads\\\/2021\\\/03\\\/LOGO.jpeg\",\"contentUrl\":\"https:\\\/\\\/produncan.cl\\\/wp-content\\\/uploads\\\/2021\\\/03\\\/LOGO.jpeg\",\"width\":1280,\"height\":903,\"caption\":\"Produncan\"},\"image\":{\"@id\":\"https:\\\/\\\/produncan.cl\\\/fr\\\/#\\\/schema\\\/logo\\\/image\\\/\"},\"sameAs\":[\"https:\\\/\\\/web.facebook.com\\\/produncanland\",\"https:\\\/\\\/www.instagram.com\\\/pro_duncan\\\/\",\"https:\\\/\\\/www.linkedin.com\\\/company\\\/produncan-lands\\\/\",\"https:\\\/\\\/www.youtube.com\\\/channel\\\/UCu7N-f3x0svkazD-Eew1-QQ\"],\"description\":\"En Produncan somos especialistas en la venta de terrenos en el sur de Chile. Proveemos estancias, campos, parcelas y hoteles.\",\"email\":\"info@produncan.cl\"}]}<\/script>\n<meta property=\"og:video\" content=\"https:\/\/www.youtube.com\/embed\/ZpTkjNCZQ_0\" \/>\n<meta property=\"og:video:type\" content=\"text\/html\" \/>\n<meta property=\"og:video:duration\" content=\"71\" \/>\n<meta property=\"og:video:width\" content=\"480\" \/>\n<meta property=\"og:video:height\" content=\"270\" \/>\n<meta property=\"ya:ovs:adult\" content=\"false\" \/>\n<meta property=\"ya:ovs:upload_date\" content=\"2025-05-30T21:38:49+00:00\" \/>\n<meta property=\"ya:ovs:allow_embed\" content=\"true\" \/>\n<meta property=\"product:price:amount\" content=\"2378500.00\" \/>\n<meta property=\"product:price:currency\" content=\"USD\" \/>\n<meta property=\"og:availability\" content=\"instock\" \/>\n<meta property=\"product:availability\" content=\"instock\" \/>\n<meta property=\"product:condition\" content=\"new\" \/>\n<!-- \/ Yoast SEO Premium plugin. -->","yoast_head_json":{"title":"Campagne \u00e0 \u00d1ancul\u00e9n, R\u00e9gion de La Uni\u00f3n - Los R\u00edos - Produncan","description":"Terrain \u00e0 La Union de 151 ha, plat, avec 1,8 km de rivi\u00e8re. Acc\u00e8s par route asphalt\u00e9e, 50% prairie, 50% indig\u00e8ne, \u00e9lectricit\u00e9, APR en cours et bon signal.","robots":{"index":"index","follow":"follow","max-snippet":"max-snippet:-1","max-image-preview":"max-image-preview:large","max-video-preview":"max-video-preview:-1"},"canonical":"https:\/\/produncan.cl\/fr\/produit\/campagne-a-nanculen-region-de-la-union-los-rios\/","og_locale":"fr_FR","og_type":"article","og_title":"Campagne \u00e0 \u00d1ancul\u00e9n, R\u00e9gion de La Uni\u00f3n - Los R\u00edos","og_description":"Terrain \u00e0 La Union de 151 ha, plat, avec 1,8 km de rivi\u00e8re. Acc\u00e8s par route asphalt\u00e9e, 50% prairie, 50% indig\u00e8ne, \u00e9lectricit\u00e9, APR en cours et bon signal.","og_url":"https:\/\/produncan.cl\/fr\/produit\/campagne-a-nanculen-region-de-la-union-los-rios\/","og_site_name":"Produncan","article_publisher":"https:\/\/web.facebook.com\/produncanland","article_modified_time":"2025-12-04T19:55:57+00:00","og_image":[{"width":800,"height":600,"url":"https:\/\/produncan.cl\/wp-content\/uploads\/2025\/05\/Campo-en-venta-en-Nanculen.webp","type":"image\/webp"}],"twitter_card":"summary_large_image","twitter_misc":{"Price":"USD2.378.500,00","Availability":"In stock"},"schema":{"@context":"https:\/\/schema.org","@graph":[{"@type":"WebPage","@id":"https:\/\/produncan.cl\/fr\/produit\/campagne-a-nanculen-region-de-la-union-los-rios\/","url":"https:\/\/produncan.cl\/fr\/produit\/campagne-a-nanculen-region-de-la-union-los-rios\/","name":"Campagne \u00e0 \u00d1ancul\u00e9n, R\u00e9gion de La Uni\u00f3n - Los R\u00edos - Produncan","isPartOf":{"@id":"https:\/\/produncan.cl\/fr\/#website"},"primaryImageOfPage":{"@id":"https:\/\/produncan.cl\/fr\/produit\/campagne-a-nanculen-region-de-la-union-los-rios\/#primaryimage"},"image":{"@id":"https:\/\/produncan.cl\/fr\/produit\/campagne-a-nanculen-region-de-la-union-los-rios\/#primaryimage"},"thumbnailUrl":"https:\/\/produncan.cl\/wp-content\/uploads\/2025\/05\/Campo-en-venta-en-Nanculen.webp","datePublished":"2025-05-30T21:38:49+00:00","dateModified":"2025-12-04T19:55:57+00:00","description":"Terrain \u00e0 La Union de 151 ha, plat, avec 1,8 km de rivi\u00e8re. Acc\u00e8s par route asphalt\u00e9e, 50% prairie, 50% indig\u00e8ne, \u00e9lectricit\u00e9, APR en cours et bon signal.","breadcrumb":{"@id":"https:\/\/produncan.cl\/fr\/produit\/campagne-a-nanculen-region-de-la-union-los-rios\/#breadcrumb"},"inLanguage":"fr-FR","potentialAction":[{"@type":"ReadAction","target":["https:\/\/produncan.cl\/fr\/produit\/campagne-a-nanculen-region-de-la-union-los-rios\/"]}]},{"@type":"ImageObject","inLanguage":"fr-FR","@id":"https:\/\/produncan.cl\/fr\/produit\/campagne-a-nanculen-region-de-la-union-los-rios\/#primaryimage","url":"https:\/\/produncan.cl\/wp-content\/uploads\/2025\/05\/Campo-en-venta-en-Nanculen.webp","contentUrl":"https:\/\/produncan.cl\/wp-content\/uploads\/2025\/05\/Campo-en-venta-en-Nanculen.webp","width":800,"height":600,"caption":"Terrain \u00e0 vendre \u00e0 Los Angeles"},{"@type":"BreadcrumbList","@id":"https:\/\/produncan.cl\/fr\/produit\/campagne-a-nanculen-region-de-la-union-los-rios\/#breadcrumb","itemListElement":[{"@type":"ListItem","position":1,"name":"Inicio","item":"https:\/\/produncan.cl\/fr\/"},{"@type":"ListItem","position":2,"name":"Propri\u00e9t\u00e9s","item":"https:\/\/produncan.cl\/propiedades\/"},{"@type":"ListItem","position":3,"name":"Champs","item":"https:\/\/produncan.cl\/fr\/cat&eacute;gorie\/champs\/"},{"@type":"ListItem","position":4,"name":"Campagne \u00e0 \u00d1ancul\u00e9n, R\u00e9gion de La Uni\u00f3n &#8211; Los R\u00edos"}]},{"@type":"WebSite","@id":"https:\/\/produncan.cl\/fr\/#website","url":"https:\/\/produncan.cl\/fr\/","name":"Produncan","description":"Nous vous accompagnons dans votre projet de vie !","publisher":{"@id":"https:\/\/produncan.cl\/fr\/#organization"},"potentialAction":[{"@type":"SearchAction","target":{"@type":"EntryPoint","urlTemplate":"https:\/\/produncan.cl\/fr\/?s={search_term_string}"},"query-input":{"@type":"PropertyValueSpecification","valueRequired":true,"valueName":"search_term_string"}}],"inLanguage":"fr-FR"},{"@type":"Organization","@id":"https:\/\/produncan.cl\/fr\/#organization","name":"Produncan","url":"https:\/\/produncan.cl\/fr\/","logo":{"@type":"ImageObject","inLanguage":"fr-FR","@id":"https:\/\/produncan.cl\/fr\/#\/schema\/logo\/image\/","url":"https:\/\/produncan.cl\/wp-content\/uploads\/2021\/03\/LOGO.jpeg","contentUrl":"https:\/\/produncan.cl\/wp-content\/uploads\/2021\/03\/LOGO.jpeg","width":1280,"height":903,"caption":"Produncan"},"image":{"@id":"https:\/\/produncan.cl\/fr\/#\/schema\/logo\/image\/"},"sameAs":["https:\/\/web.facebook.com\/produncanland","https:\/\/www.instagram.com\/pro_duncan\/","https:\/\/www.linkedin.com\/company\/produncan-lands\/","https:\/\/www.youtube.com\/channel\/UCu7N-f3x0svkazD-Eew1-QQ"],"description":"En Produncan somos especialistas en la venta de terrenos en el sur de Chile. Proveemos estancias, campos, parcelas y hoteles.","email":"info@produncan.cl"}]},"og_video":"https:\/\/www.youtube.com\/embed\/ZpTkjNCZQ_0","og_video_type":"text\/html","og_video_duration":"71","og_video_width":"480","og_video_height":"270","ya_ovs_adult":"false","ya_ovs_upload_date":"2025-05-30T21:38:49+00:00","ya_ovs_allow_embed":"true","product_price_amount":"2378500.00","product_price_currency":"USD","og_availability":"instock","product_availability":"instock","product_condition":"new"},"_links":{"self":[{"href":"https:\/\/produncan.cl\/fr\/wp-json\/wp\/v2\/product\/41657","targetHints":{"allow":["GET"]}}],"collection":[{"href":"https:\/\/produncan.cl\/fr\/wp-json\/wp\/v2\/product"}],"about":[{"href":"https:\/\/produncan.cl\/fr\/wp-json\/wp\/v2\/types\/product"}],"version-history":[{"count":2,"href":"https:\/\/produncan.cl\/fr\/wp-json\/wp\/v2\/product\/41657\/revisions"}],"predecessor-version":[{"id":51640,"href":"https:\/\/produncan.cl\/fr\/wp-json\/wp\/v2\/product\/41657\/revisions\/51640"}],"wp:featuredmedia":[{"embeddable":true,"href":"https:\/\/produncan.cl\/fr\/wp-json\/wp\/v2\/media\/41408"}],"wp:attachment":[{"href":"https:\/\/produncan.cl\/fr\/wp-json\/wp\/v2\/media?parent=41657"}],"wp:term":[{"taxonomy":"product_brand","embeddable":true,"href":"https:\/\/produncan.cl\/fr\/wp-json\/wp\/v2\/product_brand?post=41657"},{"taxonomy":"product_cat","embeddable":true,"href":"https:\/\/produncan.cl\/fr\/wp-json\/wp\/v2\/product_cat?post=41657"},{"taxonomy":"product_tag","embeddable":true,"href":"https:\/\/produncan.cl\/fr\/wp-json\/wp\/v2\/product_tag?post=41657"},{"taxonomy":"regiones","embeddable":true,"href":"https:\/\/produncan.cl\/fr\/wp-json\/wp\/v2\/regiones?post=41657"},{"taxonomy":"ciudades","embeddable":true,"href":"https:\/\/produncan.cl\/fr\/wp-json\/wp\/v2\/ciudades?post=41657"}],"curies":[{"name":"wp","href":"https:\/\/api.w.org\/{rel}","templated":true}]}}