{"id":42079,"date":"2025-06-18T13:50:43","date_gmt":"2025-06-18T17:50:43","guid":{"rendered":"https:\/\/produncan.cl\/producto\/champ-du-lac-maihue-foret-chabranco-futrono-region-de-los-rios\/"},"modified":"2025-11-05T11:59:41","modified_gmt":"2025-11-05T14:59:41","slug":"champ-du-lac-maihue-foret-chabranco-futrono-region-de-los-rios","status":"publish","type":"product","link":"https:\/\/produncan.cl\/fr\/produit\/champ-du-lac-maihue-foret-chabranco-futrono-region-de-los-rios\/","title":{"rendered":"Champ du lac Maihue, for\u00eat Chabranco &#8211; Futrono, r\u00e9gion de Los R\u00edos."},"content":{"rendered":"\t\t<div data-elementor-type=\"product-post\" data-elementor-id=\"42079\" class=\"elementor elementor-42079 elementor-41722\" data-elementor-post-type=\"product\">\n\t\t\t\t<div class=\"elementor-element elementor-element-f50729b e-flex e-con-boxed e-con e-parent\" data-id=\"f50729b\" data-element_type=\"container\" data-e-type=\"container\" data-settings=\"{&quot;jet_parallax_layout_list&quot;:[]}\">\n\t\t\t\t\t<div class=\"e-con-inner\">\n\t\t\t\t<div class=\"elementor-element elementor-element-727e8dd elementor-widget elementor-widget-heading\" data-id=\"727e8dd\" data-element_type=\"widget\" data-e-type=\"widget\" data-widget_type=\"heading.default\">\n\t\t\t\t\t<h2 class=\"elementor-heading-title elementor-size-default\">Opportunit\u00e9 unique au c\u0153ur de la Cordill\u00e8re : 421 hectares au bord du lac Maihue<\/h2>\t\t\t\t<\/div>\n\t\t\t\t\t<\/div>\n\t\t\t\t<\/div>\n\t\t<div class=\"elementor-element elementor-element-8fbd67f e-flex e-con-boxed e-con e-parent\" data-id=\"8fbd67f\" data-element_type=\"container\" data-e-type=\"container\" data-settings=\"{&quot;jet_parallax_layout_list&quot;:[]}\">\n\t\t\t\t\t<div class=\"e-con-inner\">\n\t\t\t\t<div class=\"elementor-element elementor-element-a8209e4 elementor-widget elementor-widget-text-editor\" data-id=\"a8209e4\" data-element_type=\"widget\" data-e-type=\"widget\" data-widget_type=\"text-editor.default\">\n\t\t\t\t\t\t\t\t\t<p>Dans la r\u00e9gion de Los Rios, o\u00f9 la haute montagne se confond avec la magie de la for\u00eat vierge, nous proposons \u00e0 la vente cette extraordinaire terre de 421 hectares situ\u00e9e dans le secteur de Chabranco, au lac Maihue, \u00e0 seulement 30 minutes de Llif\u00e9n et \u00e0 1 heure de Futrono.<\/p><p>L&#8217;exploitation du Lago Maihue, Bosque Chabranco, qui faisait partie de l&#8217;historique Fundo Maihue, est situ\u00e9e dans une zone montagneuse, avec des zones plates en altitude qui offrent des vues incomparables sur le volcan Choshuenco, le Villarrica, le Lago Maihue et la majest\u00e9 de la cordill\u00e8re des Andes, dans un environnement proche de la fronti\u00e8re avec l&#8217;Argentine.<\/p><p>Elle se distingue par sa richesse naturelle : un \u00e9cosyst\u00e8me avec des marais qui tombent d&#8217;en haut, des sources d&#8217;eau, une ancienne for\u00eat indig\u00e8ne qui abrite des esp\u00e8ces embl\u00e9matiques comme les coig\u00fces, les canelos, les lengas, les hualles et une diversit\u00e9 de flore et de faune typique du sud du pays. La propri\u00e9t\u00e9 dispose d&#8217;une servitude d&#8217;acc\u00e8s l\u00e9galement constitu\u00e9e, et la route menant au secteur de Chabranco est enti\u00e8rement asphalt\u00e9e, ce qui facilite sa connectivit\u00e9 et sa viabilit\u00e9 pour diff\u00e9rents projets. <\/p><p>En raison de ses caract\u00e9ristiques, ce domaine situ\u00e9 \u00e0 Lago Maihue, Futrono, est id\u00e9al pour les projets de conservation, le tourisme de nature, les centres de retraite, les lodges de montagne, le glamping ou simplement comme investissement dans un environnement vierge dans le sud du Chili. La documentation est en ordre et pr\u00eate \u00e0 \u00eatre vendue. <\/p><p>La valeur par hectare est de 3 500 000 CLP, avec une valeur r\u00e9f\u00e9rentielle totale de 1 473 500 000 CLP.<\/p><p>Il ne s&#8217;agit pas seulement d&#8217;une propri\u00e9t\u00e9, mais d&#8217;une occasion de participer \u00e0 la protection du patrimoine naturel du Chili, gr\u00e2ce \u00e0 un projet dot\u00e9 d&#8217;un objectif, d&#8217;une vision et d&#8217;un lien avec l&#8217;essentiel.<\/p><p>Contactez-nous pour obtenir plus d&#8217; informations, des coordonn\u00e9es ou pour planifier une visite sur place.<\/p>\t\t\t\t\t\t\t\t<\/div>\n\t\t\t\t\t<\/div>\n\t\t\t\t<\/div>\n\t\t\t\t<\/div>\n\t\t","protected":false},"excerpt":{"rendered":"<p>Terrain \u00e0 Lago Maihue, Futrono : for\u00eat native, vue sur les volcans, marais et biodiversit\u00e9 unique. Id\u00e9al pour des projets de conservation, d&#8217;\u00e9cotourisme, des centres de retraite ou du glamping. <\/p>\n","protected":false},"featured_media":41752,"template":"","meta":{"_acf_changed":false},"product_brand":[],"product_cat":[113],"product_tag":[238],"regiones":[226],"ciudades":[459],"class_list":{"0":"post-42079","1":"product","2":"type-product","3":"status-publish","4":"has-post-thumbnail","6":"product_cat-ohiggins-los-lagos-fr","7":"product_tag-champs-de-conservation","8":"regiones-nuble-los_lagos","9":"ciudades-futrono","11":"first","12":"instock","13":"shipping-taxable","14":"purchasable","15":"product-type-simple"},"acf":[],"yoast_head":"<!-- This site is optimized with the Yoast SEO Premium plugin v26.0 (Yoast SEO v27.3) - https:\/\/yoast.com\/product\/yoast-seo-premium-wordpress\/ -->\n<title>Champ au lac Maihue - For\u00eat Chabranco, Futrono - Produncan<\/title>\n<meta name=\"description\" content=\"Ferme \u00e0 Lago Maihue, Futrono : 421 ha avec vue sur les volcans et le lac, for\u00eat indig\u00e8ne, zones humides, acc\u00e8s l\u00e9gal et route asphalt\u00e9e. Pour la conservation ou le tourisme.\" \/>\n<meta name=\"robots\" content=\"index, follow, max-snippet:-1, max-image-preview:large, max-video-preview:-1\" \/>\n<link rel=\"canonical\" href=\"https:\/\/produncan.cl\/fr\/produit\/champ-du-lac-maihue-foret-chabranco-futrono-region-de-los-rios\/\" \/>\n<meta property=\"og:locale\" content=\"fr_FR\" \/>\n<meta property=\"og:type\" content=\"article\" \/>\n<meta property=\"og:title\" content=\"Champ du lac Maihue, for\u00eat Chabranco - Futrono, r\u00e9gion de Los R\u00edos.\" \/>\n<meta property=\"og:description\" content=\"Ferme \u00e0 Lago Maihue, Futrono : 421 hectares de for\u00eat indig\u00e8ne, vue sur les volcans, les estuaires et une biodiversit\u00e9 unique. Elle dispose d&#039;un acc\u00e8s asphalt\u00e9 et d&#039;une servitude enregistr\u00e9e. Id\u00e9al pour les projets de conservation, l&#039;\u00e9cotourisme, les centres de retraite ou le glamping.\" \/>\n<meta property=\"og:url\" content=\"https:\/\/produncan.cl\/fr\/produit\/champ-du-lac-maihue-foret-chabranco-futrono-region-de-los-rios\/\" \/>\n<meta property=\"og:site_name\" content=\"Produncan\" \/>\n<meta property=\"article:publisher\" content=\"https:\/\/web.facebook.com\/produncanland\" \/>\n<meta property=\"article:modified_time\" content=\"2025-11-05T14:59:41+00:00\" \/>\n<meta property=\"og:image\" content=\"https:\/\/produncan.cl\/wp-content\/uploads\/2025\/06\/Bosque-Chabranco.webp\" \/>\n<meta name=\"twitter:card\" content=\"summary_large_image\" \/>\n<meta name=\"twitter:label1\" content=\"Price\" \/>\n\t<meta name=\"twitter:data1\" content=\"USD915.300,00\" \/>\n\t<meta name=\"twitter:label2\" content=\"Availability\" \/>\n\t<meta name=\"twitter:data2\" content=\"In stock\" \/>\n<script type=\"application\/ld+json\" class=\"yoast-schema-graph\">{\"@context\":\"https:\\\/\\\/schema.org\",\"@graph\":[{\"@type\":\"WebPage\",\"@id\":\"https:\\\/\\\/produncan.cl\\\/fr\\\/produit\\\/champ-du-lac-maihue-foret-chabranco-futrono-region-de-los-rios\\\/\",\"url\":\"https:\\\/\\\/produncan.cl\\\/fr\\\/produit\\\/champ-du-lac-maihue-foret-chabranco-futrono-region-de-los-rios\\\/\",\"name\":\"Champ au lac Maihue - For\u00eat Chabranco, Futrono - Produncan\",\"isPartOf\":{\"@id\":\"https:\\\/\\\/produncan.cl\\\/fr\\\/#website\"},\"primaryImageOfPage\":{\"@id\":\"https:\\\/\\\/produncan.cl\\\/fr\\\/produit\\\/champ-du-lac-maihue-foret-chabranco-futrono-region-de-los-rios\\\/#primaryimage\"},\"image\":{\"@id\":\"https:\\\/\\\/produncan.cl\\\/fr\\\/produit\\\/champ-du-lac-maihue-foret-chabranco-futrono-region-de-los-rios\\\/#primaryimage\"},\"thumbnailUrl\":\"https:\\\/\\\/produncan.cl\\\/wp-content\\\/uploads\\\/2025\\\/06\\\/Bosque-Chabranco.webp\",\"datePublished\":\"2025-06-18T17:50:43+00:00\",\"dateModified\":\"2025-11-05T14:59:41+00:00\",\"description\":\"Ferme \u00e0 Lago Maihue, Futrono : 421 ha avec vue sur les volcans et le lac, for\u00eat indig\u00e8ne, zones humides, acc\u00e8s l\u00e9gal et route asphalt\u00e9e. Pour la conservation ou le tourisme.\",\"breadcrumb\":{\"@id\":\"https:\\\/\\\/produncan.cl\\\/fr\\\/produit\\\/champ-du-lac-maihue-foret-chabranco-futrono-region-de-los-rios\\\/#breadcrumb\"},\"inLanguage\":\"fr-FR\",\"potentialAction\":[{\"@type\":\"ReadAction\",\"target\":[\"https:\\\/\\\/produncan.cl\\\/fr\\\/produit\\\/champ-du-lac-maihue-foret-chabranco-futrono-region-de-los-rios\\\/\"]}]},{\"@type\":\"ImageObject\",\"inLanguage\":\"fr-FR\",\"@id\":\"https:\\\/\\\/produncan.cl\\\/fr\\\/produit\\\/champ-du-lac-maihue-foret-chabranco-futrono-region-de-los-rios\\\/#primaryimage\",\"url\":\"https:\\\/\\\/produncan.cl\\\/wp-content\\\/uploads\\\/2025\\\/06\\\/Bosque-Chabranco.webp\",\"contentUrl\":\"https:\\\/\\\/produncan.cl\\\/wp-content\\\/uploads\\\/2025\\\/06\\\/Bosque-Chabranco.webp\",\"width\":800,\"height\":600,\"caption\":\"Bosque Chabranco\"},{\"@type\":\"BreadcrumbList\",\"@id\":\"https:\\\/\\\/produncan.cl\\\/fr\\\/produit\\\/champ-du-lac-maihue-foret-chabranco-futrono-region-de-los-rios\\\/#breadcrumb\",\"itemListElement\":[{\"@type\":\"ListItem\",\"position\":1,\"name\":\"Inicio\",\"item\":\"https:\\\/\\\/produncan.cl\\\/fr\\\/\"},{\"@type\":\"ListItem\",\"position\":2,\"name\":\"Propri\u00e9t\u00e9s\",\"item\":\"https:\\\/\\\/produncan.cl\\\/propiedades\\\/\"},{\"@type\":\"ListItem\",\"position\":3,\"name\":\"Champs de conservation\",\"item\":\"https:\\\/\\\/produncan.cl\\\/fr\\\/cat&eacute;gorie\\\/champs-de-conservation\\\/\"},{\"@type\":\"ListItem\",\"position\":4,\"name\":\"Champ du lac Maihue, for\u00eat Chabranco &#8211; Futrono, r\u00e9gion de Los R\u00edos.\"}]},{\"@type\":\"WebSite\",\"@id\":\"https:\\\/\\\/produncan.cl\\\/fr\\\/#website\",\"url\":\"https:\\\/\\\/produncan.cl\\\/fr\\\/\",\"name\":\"Produncan\",\"description\":\"Nous vous accompagnons dans votre projet de vie !\",\"publisher\":{\"@id\":\"https:\\\/\\\/produncan.cl\\\/fr\\\/#organization\"},\"potentialAction\":[{\"@type\":\"SearchAction\",\"target\":{\"@type\":\"EntryPoint\",\"urlTemplate\":\"https:\\\/\\\/produncan.cl\\\/fr\\\/?s={search_term_string}\"},\"query-input\":{\"@type\":\"PropertyValueSpecification\",\"valueRequired\":true,\"valueName\":\"search_term_string\"}}],\"inLanguage\":\"fr-FR\"},{\"@type\":\"Organization\",\"@id\":\"https:\\\/\\\/produncan.cl\\\/fr\\\/#organization\",\"name\":\"Produncan\",\"url\":\"https:\\\/\\\/produncan.cl\\\/fr\\\/\",\"logo\":{\"@type\":\"ImageObject\",\"inLanguage\":\"fr-FR\",\"@id\":\"https:\\\/\\\/produncan.cl\\\/fr\\\/#\\\/schema\\\/logo\\\/image\\\/\",\"url\":\"https:\\\/\\\/produncan.cl\\\/wp-content\\\/uploads\\\/2021\\\/03\\\/LOGO.jpeg\",\"contentUrl\":\"https:\\\/\\\/produncan.cl\\\/wp-content\\\/uploads\\\/2021\\\/03\\\/LOGO.jpeg\",\"width\":1280,\"height\":903,\"caption\":\"Produncan\"},\"image\":{\"@id\":\"https:\\\/\\\/produncan.cl\\\/fr\\\/#\\\/schema\\\/logo\\\/image\\\/\"},\"sameAs\":[\"https:\\\/\\\/web.facebook.com\\\/produncanland\",\"https:\\\/\\\/www.instagram.com\\\/pro_duncan\\\/\",\"https:\\\/\\\/www.linkedin.com\\\/company\\\/produncan-lands\\\/\",\"https:\\\/\\\/www.youtube.com\\\/channel\\\/UCu7N-f3x0svkazD-Eew1-QQ\"],\"description\":\"En Produncan somos especialistas en la venta de terrenos en el sur de Chile. Proveemos estancias, campos, parcelas y hoteles.\",\"email\":\"info@produncan.cl\"}]}<\/script>\n<meta property=\"og:video\" content=\"https:\/\/www.youtube.com\/embed\/GoZdUOHDQGk\" \/>\n<meta property=\"og:video:type\" content=\"text\/html\" \/>\n<meta property=\"og:video:duration\" content=\"67\" \/>\n<meta property=\"og:video:width\" content=\"480\" \/>\n<meta property=\"og:video:height\" content=\"270\" \/>\n<meta property=\"ya:ovs:adult\" content=\"false\" \/>\n<meta property=\"ya:ovs:upload_date\" content=\"2025-06-18T17:50:43+00:00\" \/>\n<meta property=\"ya:ovs:allow_embed\" content=\"true\" \/>\n<meta property=\"product:price:amount\" content=\"915300.00\" \/>\n<meta property=\"product:price:currency\" content=\"USD\" \/>\n<meta property=\"og:availability\" content=\"instock\" \/>\n<meta property=\"product:availability\" content=\"instock\" \/>\n<meta property=\"product:condition\" content=\"new\" \/>\n<!-- \/ Yoast SEO Premium plugin. -->","yoast_head_json":{"title":"Champ au lac Maihue - For\u00eat Chabranco, Futrono - Produncan","description":"Ferme \u00e0 Lago Maihue, Futrono : 421 ha avec vue sur les volcans et le lac, for\u00eat indig\u00e8ne, zones humides, acc\u00e8s l\u00e9gal et route asphalt\u00e9e. Pour la conservation ou le tourisme.","robots":{"index":"index","follow":"follow","max-snippet":"max-snippet:-1","max-image-preview":"max-image-preview:large","max-video-preview":"max-video-preview:-1"},"canonical":"https:\/\/produncan.cl\/fr\/produit\/champ-du-lac-maihue-foret-chabranco-futrono-region-de-los-rios\/","og_locale":"fr_FR","og_type":"article","og_title":"Champ du lac Maihue, for\u00eat Chabranco - Futrono, r\u00e9gion de Los R\u00edos.","og_description":"Ferme \u00e0 Lago Maihue, Futrono : 421 hectares de for\u00eat indig\u00e8ne, vue sur les volcans, les estuaires et une biodiversit\u00e9 unique. Elle dispose d'un acc\u00e8s asphalt\u00e9 et d'une servitude enregistr\u00e9e. Id\u00e9al pour les projets de conservation, l'\u00e9cotourisme, les centres de retraite ou le glamping.","og_url":"https:\/\/produncan.cl\/fr\/produit\/champ-du-lac-maihue-foret-chabranco-futrono-region-de-los-rios\/","og_site_name":"Produncan","article_publisher":"https:\/\/web.facebook.com\/produncanland","article_modified_time":"2025-11-05T14:59:41+00:00","og_image":[{"url":"https:\/\/produncan.cl\/wp-content\/uploads\/2025\/06\/Bosque-Chabranco.webp","type":"","width":"","height":""}],"twitter_card":"summary_large_image","twitter_misc":{"Price":"USD915.300,00","Availability":"In stock"},"schema":{"@context":"https:\/\/schema.org","@graph":[{"@type":"WebPage","@id":"https:\/\/produncan.cl\/fr\/produit\/champ-du-lac-maihue-foret-chabranco-futrono-region-de-los-rios\/","url":"https:\/\/produncan.cl\/fr\/produit\/champ-du-lac-maihue-foret-chabranco-futrono-region-de-los-rios\/","name":"Champ au lac Maihue - For\u00eat Chabranco, Futrono - Produncan","isPartOf":{"@id":"https:\/\/produncan.cl\/fr\/#website"},"primaryImageOfPage":{"@id":"https:\/\/produncan.cl\/fr\/produit\/champ-du-lac-maihue-foret-chabranco-futrono-region-de-los-rios\/#primaryimage"},"image":{"@id":"https:\/\/produncan.cl\/fr\/produit\/champ-du-lac-maihue-foret-chabranco-futrono-region-de-los-rios\/#primaryimage"},"thumbnailUrl":"https:\/\/produncan.cl\/wp-content\/uploads\/2025\/06\/Bosque-Chabranco.webp","datePublished":"2025-06-18T17:50:43+00:00","dateModified":"2025-11-05T14:59:41+00:00","description":"Ferme \u00e0 Lago Maihue, Futrono : 421 ha avec vue sur les volcans et le lac, for\u00eat indig\u00e8ne, zones humides, acc\u00e8s l\u00e9gal et route asphalt\u00e9e. Pour la conservation ou le tourisme.","breadcrumb":{"@id":"https:\/\/produncan.cl\/fr\/produit\/champ-du-lac-maihue-foret-chabranco-futrono-region-de-los-rios\/#breadcrumb"},"inLanguage":"fr-FR","potentialAction":[{"@type":"ReadAction","target":["https:\/\/produncan.cl\/fr\/produit\/champ-du-lac-maihue-foret-chabranco-futrono-region-de-los-rios\/"]}]},{"@type":"ImageObject","inLanguage":"fr-FR","@id":"https:\/\/produncan.cl\/fr\/produit\/champ-du-lac-maihue-foret-chabranco-futrono-region-de-los-rios\/#primaryimage","url":"https:\/\/produncan.cl\/wp-content\/uploads\/2025\/06\/Bosque-Chabranco.webp","contentUrl":"https:\/\/produncan.cl\/wp-content\/uploads\/2025\/06\/Bosque-Chabranco.webp","width":800,"height":600,"caption":"Bosque Chabranco"},{"@type":"BreadcrumbList","@id":"https:\/\/produncan.cl\/fr\/produit\/champ-du-lac-maihue-foret-chabranco-futrono-region-de-los-rios\/#breadcrumb","itemListElement":[{"@type":"ListItem","position":1,"name":"Inicio","item":"https:\/\/produncan.cl\/fr\/"},{"@type":"ListItem","position":2,"name":"Propri\u00e9t\u00e9s","item":"https:\/\/produncan.cl\/propiedades\/"},{"@type":"ListItem","position":3,"name":"Champs de conservation","item":"https:\/\/produncan.cl\/fr\/cat&eacute;gorie\/champs-de-conservation\/"},{"@type":"ListItem","position":4,"name":"Champ du lac Maihue, for\u00eat Chabranco &#8211; Futrono, r\u00e9gion de Los R\u00edos."}]},{"@type":"WebSite","@id":"https:\/\/produncan.cl\/fr\/#website","url":"https:\/\/produncan.cl\/fr\/","name":"Produncan","description":"Nous vous accompagnons dans votre projet de vie !","publisher":{"@id":"https:\/\/produncan.cl\/fr\/#organization"},"potentialAction":[{"@type":"SearchAction","target":{"@type":"EntryPoint","urlTemplate":"https:\/\/produncan.cl\/fr\/?s={search_term_string}"},"query-input":{"@type":"PropertyValueSpecification","valueRequired":true,"valueName":"search_term_string"}}],"inLanguage":"fr-FR"},{"@type":"Organization","@id":"https:\/\/produncan.cl\/fr\/#organization","name":"Produncan","url":"https:\/\/produncan.cl\/fr\/","logo":{"@type":"ImageObject","inLanguage":"fr-FR","@id":"https:\/\/produncan.cl\/fr\/#\/schema\/logo\/image\/","url":"https:\/\/produncan.cl\/wp-content\/uploads\/2021\/03\/LOGO.jpeg","contentUrl":"https:\/\/produncan.cl\/wp-content\/uploads\/2021\/03\/LOGO.jpeg","width":1280,"height":903,"caption":"Produncan"},"image":{"@id":"https:\/\/produncan.cl\/fr\/#\/schema\/logo\/image\/"},"sameAs":["https:\/\/web.facebook.com\/produncanland","https:\/\/www.instagram.com\/pro_duncan\/","https:\/\/www.linkedin.com\/company\/produncan-lands\/","https:\/\/www.youtube.com\/channel\/UCu7N-f3x0svkazD-Eew1-QQ"],"description":"En Produncan somos especialistas en la venta de terrenos en el sur de Chile. Proveemos estancias, campos, parcelas y hoteles.","email":"info@produncan.cl"}]},"og_video":"https:\/\/www.youtube.com\/embed\/GoZdUOHDQGk","og_video_type":"text\/html","og_video_duration":"67","og_video_width":"480","og_video_height":"270","ya_ovs_adult":"false","ya_ovs_upload_date":"2025-06-18T17:50:43+00:00","ya_ovs_allow_embed":"true","product_price_amount":"915300.00","product_price_currency":"USD","og_availability":"instock","product_availability":"instock","product_condition":"new"},"_links":{"self":[{"href":"https:\/\/produncan.cl\/fr\/wp-json\/wp\/v2\/product\/42079","targetHints":{"allow":["GET"]}}],"collection":[{"href":"https:\/\/produncan.cl\/fr\/wp-json\/wp\/v2\/product"}],"about":[{"href":"https:\/\/produncan.cl\/fr\/wp-json\/wp\/v2\/types\/product"}],"version-history":[{"count":1,"href":"https:\/\/produncan.cl\/fr\/wp-json\/wp\/v2\/product\/42079\/revisions"}],"predecessor-version":[{"id":51633,"href":"https:\/\/produncan.cl\/fr\/wp-json\/wp\/v2\/product\/42079\/revisions\/51633"}],"wp:featuredmedia":[{"embeddable":true,"href":"https:\/\/produncan.cl\/fr\/wp-json\/wp\/v2\/media\/41752"}],"wp:attachment":[{"href":"https:\/\/produncan.cl\/fr\/wp-json\/wp\/v2\/media?parent=42079"}],"wp:term":[{"taxonomy":"product_brand","embeddable":true,"href":"https:\/\/produncan.cl\/fr\/wp-json\/wp\/v2\/product_brand?post=42079"},{"taxonomy":"product_cat","embeddable":true,"href":"https:\/\/produncan.cl\/fr\/wp-json\/wp\/v2\/product_cat?post=42079"},{"taxonomy":"product_tag","embeddable":true,"href":"https:\/\/produncan.cl\/fr\/wp-json\/wp\/v2\/product_tag?post=42079"},{"taxonomy":"regiones","embeddable":true,"href":"https:\/\/produncan.cl\/fr\/wp-json\/wp\/v2\/regiones?post=42079"},{"taxonomy":"ciudades","embeddable":true,"href":"https:\/\/produncan.cl\/fr\/wp-json\/wp\/v2\/ciudades?post=42079"}],"curies":[{"name":"wp","href":"https:\/\/api.w.org\/{rel}","templated":true}]}}