{"id":42392,"date":"2025-06-24T12:53:51","date_gmt":"2025-06-24T16:53:51","guid":{"rendered":"https:\/\/produncan.cl\/producto\/terrain-a-puerto-aysen-rio-simpson-region-d-aysen\/"},"modified":"2025-12-26T17:18:46","modified_gmt":"2025-12-26T20:18:46","slug":"terrain-a-puerto-aysen-rio-simpson-region-d-aysen","status":"publish","type":"product","link":"https:\/\/produncan.cl\/fr\/produit\/terrain-a-puerto-aysen-rio-simpson-region-d-aysen\/","title":{"rendered":"Terrain \u00e0 Puerto Ays\u00e9n, R\u00edo Simpson &#8211; R\u00e9gion d&#8217; Ays\u00e9n"},"content":{"rendered":"\t\t<div data-elementor-type=\"product-post\" data-elementor-id=\"42392\" class=\"elementor elementor-42392 elementor-42083\" data-elementor-post-type=\"product\">\n\t\t\t\t<div class=\"elementor-element elementor-element-167ff31 e-flex e-con-boxed e-con e-parent\" data-id=\"167ff31\" data-element_type=\"container\" data-e-type=\"container\" data-settings=\"{&quot;jet_parallax_layout_list&quot;:[]}\">\n\t\t\t\t\t<div class=\"e-con-inner\">\n\t\t\t\t<div class=\"elementor-element elementor-element-dddd029 elementor-widget elementor-widget-heading\" data-id=\"dddd029\" data-element_type=\"widget\" data-e-type=\"widget\" data-widget_type=\"heading.default\">\n\t\t\t\t\t<h2 class=\"elementor-heading-title elementor-size-default\">Terrain unique de 1,43 hectare : connectivit\u00e9 et potentiel en un seul endroit<\/h2>\t\t\t\t<\/div>\n\t\t\t\t\t<\/div>\n\t\t\t\t<\/div>\n\t\t<div class=\"elementor-element elementor-element-56cccb4 e-flex e-con-boxed e-con e-parent\" data-id=\"56cccb4\" data-element_type=\"container\" data-e-type=\"container\" data-settings=\"{&quot;jet_parallax_layout_list&quot;:[]}\">\n\t\t\t\t\t<div class=\"e-con-inner\">\n\t\t\t\t<div class=\"elementor-element elementor-element-a6e01db elementor-widget elementor-widget-text-editor\" data-id=\"a6e01db\" data-element_type=\"widget\" data-e-type=\"widget\" data-widget_type=\"text-editor.default\">\n\t\t\t\t\t\t\t\t\t<p>Situ\u00e9 dans un environnement privil\u00e9gi\u00e9 et \u00e0 quelques pas d&#8217;une importante rivi\u00e8re, ce terrain de 1,43 hectare \u00e0 Ays\u00e9n est une excellente alternative pour ceux qui recherchent un terrain avec une bonne accessibilit\u00e9 et une grande projection. Son acc\u00e8s est direct depuis une route publique, et il se trouve \u00e0 seulement 1 km de la route goudronn\u00e9e qui relie Coyhaique \u00e0 Puerto Ays\u00e9n, ce qui garantit une arriv\u00e9e confortable tout au long de l&#8217;ann\u00e9e. <\/p>\n<p>Ce terrain \u00e0 Ays\u00e9n est individuel et ne fait pas partie d&#8217;un lotissement. Il est enti\u00e8rement d\u00e9frich\u00e9 et pr\u00eat \u00e0 \u00eatre construit. Sa topographie essentiellement plate, ainsi que la proximit\u00e9 de la rivi\u00e8re Simpson et d&#8217;imposantes formations naturelles, cr\u00e9ent un cadre d&#8217;une grande beaut\u00e9 panoramique. La v\u00e9g\u00e9tation indig\u00e8ne sur le p\u00e9rim\u00e8tre assure l&#8217;intimit\u00e9 et un environnement naturel, tandis que le reste du terrain reste d\u00e9gag\u00e9, ce qui facilite tout type de d\u00e9veloppement.   <\/p>\n<p>Elle poss\u00e8de son propre cadastre et la possibilit\u00e9 de se connecter au r\u00e9seau \u00e9lectrique est bonne, avec des poteaux \u00e0 une distance d&#8217;un kilom\u00e8tre. Elle dispose \u00e9galement d&#8217;un bon signal de t\u00e9l\u00e9communications et de transports publics \u00e0 proximit\u00e9, ce qui am\u00e9liore encore sa connectivit\u00e9. <\/p>\n<p>Sa situation, en bordure d&#8217;une route de campagne tranquille et \u00e0 proximit\u00e9 imm\u00e9diate de la route principale, facilite le d\u00e9veloppement de projets r\u00e9sidentiels et touristiques. Que vous imaginiez un chalet, une maison ou une petite entreprise, ce terrain offre toutes les conditions pour en faire une r\u00e9alit\u00e9. La proximit\u00e9 de la rivi\u00e8re n&#8217;embellit pas seulement le paysage, mais ouvre \u00e9galement des possibilit\u00e9s d&#8217;activit\u00e9s telles que la p\u00eache \u00e0 la mouche et le tourisme de nature.  <\/p>\n<p>Dans les environs, on trouve des attractions telles que le Velo de la Novia, la Cascada de la Virgen et diverses formations rocheuses qui enrichissent encore la valeur paysag\u00e8re de l&#8217;endroit. Les villes les plus proches sont Puerto Ays\u00e9n et Coyhaique, et le camp se trouve \u00e0 environ 2 heures de l&#8217;a\u00e9roport de Balmaceda, ce qui permet de combiner nature et connexion avec le reste du pays. <\/p>\n<p>Ce terrain situ\u00e9 \u00e0 Ays\u00e9n repr\u00e9sente une <strong>opportunit\u00e9 unique en Patagonie chilienne<\/strong> pour ceux qui r\u00eavent d&#8217;une retraite bien \u00e0 eux, avec des vues spectaculaires, un acc\u00e8s facile et la proximit\u00e9 des centres urbains et des services.<\/p>\n<p><strong>Contactez-nous et venez d\u00e9couvrir cet endroit magnifique.<\/strong> Votre projet peut commencer ici.<\/p>\n\t\t\t\t\t\t\t\t<\/div>\n\t\t\t\t\t<\/div>\n\t\t\t\t<\/div>\n\t\t\t\t<\/div>\n\t\t","protected":false},"excerpt":{"rendered":"<p>Terrain \u00e0 Ays\u00e9n, \u00e0 30 min de Coyhaique, avec acc\u00e8s direct depuis la voie publique, \u00e0 1 km de la route, \u00e0 quelques pas de la rivi\u00e8re Simpson, bon signal, avec fondations pr\u00eates \u00e0 construire. Terrain unique, ce n&#8217;est pas un projet. <\/p>\n","protected":false},"featured_media":42087,"template":"","meta":{"_acf_changed":false},"product_brand":[],"product_cat":[129],"product_tag":[236,237],"regiones":[225],"ciudades":[209,448],"class_list":{"0":"post-42392","1":"product","2":"type-product","3":"status-publish","4":"has-post-thumbnail","6":"product_cat-aysen-magallanes-fr","7":"product_tag-parcelles","8":"product_tag-proprietes-touristiques","9":"regiones-aysen-magallanes","10":"ciudades-coyhaique","11":"ciudades-puerto-aysen","13":"first","14":"instock","15":"shipping-taxable","16":"purchasable","17":"product-type-simple"},"acf":[],"yoast_head":"<!-- This site is optimized with the Yoast SEO Premium plugin v26.0 (Yoast SEO v27.3) - https:\/\/yoast.com\/product\/yoast-seo-premium-wordpress\/ -->\n<title>Terrain \u00e0 Puerto Ays\u00e9n, rivi\u00e8re Simpson, r\u00e9gion d&#039;Ays\u00e9n - Produncan<\/title>\n<meta name=\"description\" content=\"Parcelle de 1,43 ha \u00e0 Ays\u00e9n, plate, pr\u00e8s de la rivi\u00e8re Simpson et \u00e0 1 km de la chauss\u00e9e. Acc\u00e8s direct, r\u00f4le propre, bonne connectivit\u00e9 et environnement naturel unique.\" \/>\n<meta name=\"robots\" content=\"index, follow, max-snippet:-1, max-image-preview:large, max-video-preview:-1\" \/>\n<link rel=\"canonical\" href=\"https:\/\/produncan.cl\/fr\/produit\/terrain-a-puerto-aysen-rio-simpson-region-d-aysen\/\" \/>\n<meta property=\"og:locale\" content=\"fr_FR\" \/>\n<meta property=\"og:type\" content=\"article\" \/>\n<meta property=\"og:title\" content=\"Terrain \u00e0 Puerto Ays\u00e9n, R\u00edo Simpson - R\u00e9gion d&#039; Ays\u00e9n\" \/>\n<meta property=\"og:description\" content=\"Parcelle de 1,43 ha \u00e0 Ays\u00e9n, plate, pr\u00e8s de la rivi\u00e8re Simpson et \u00e0 1 km de la chauss\u00e9e. Acc\u00e8s direct, r\u00f4le propre, bonne connectivit\u00e9 et environnement naturel unique.\" \/>\n<meta property=\"og:url\" content=\"https:\/\/produncan.cl\/fr\/produit\/terrain-a-puerto-aysen-rio-simpson-region-d-aysen\/\" \/>\n<meta property=\"og:site_name\" content=\"Produncan\" \/>\n<meta property=\"article:publisher\" content=\"https:\/\/web.facebook.com\/produncanland\" \/>\n<meta property=\"article:modified_time\" content=\"2025-12-26T20:18:46+00:00\" \/>\n<meta property=\"og:image\" content=\"https:\/\/produncan.cl\/wp-content\/uploads\/2025\/06\/Lote-Caracoles-Puerto-Aysen.webp\" \/>\n\t<meta property=\"og:image:width\" content=\"800\" \/>\n\t<meta property=\"og:image:height\" content=\"600\" \/>\n\t<meta property=\"og:image:type\" content=\"image\/webp\" \/>\n<meta name=\"twitter:card\" content=\"summary_large_image\" \/>\n<meta name=\"twitter:label1\" content=\"Price\" \/>\n\t<meta name=\"twitter:data1\" content=\"USD59.800,00\" \/>\n\t<meta name=\"twitter:label2\" content=\"Availability\" \/>\n\t<meta name=\"twitter:data2\" content=\"In stock\" \/>\n<script type=\"application\/ld+json\" class=\"yoast-schema-graph\">{\"@context\":\"https:\\\/\\\/schema.org\",\"@graph\":[{\"@type\":\"WebPage\",\"@id\":\"https:\\\/\\\/produncan.cl\\\/fr\\\/produit\\\/terrain-a-puerto-aysen-rio-simpson-region-d-aysen\\\/\",\"url\":\"https:\\\/\\\/produncan.cl\\\/fr\\\/produit\\\/terrain-a-puerto-aysen-rio-simpson-region-d-aysen\\\/\",\"name\":\"Terrain \u00e0 Puerto Ays\u00e9n, rivi\u00e8re Simpson, r\u00e9gion d'Ays\u00e9n - Produncan\",\"isPartOf\":{\"@id\":\"https:\\\/\\\/produncan.cl\\\/fr\\\/#website\"},\"primaryImageOfPage\":{\"@id\":\"https:\\\/\\\/produncan.cl\\\/fr\\\/produit\\\/terrain-a-puerto-aysen-rio-simpson-region-d-aysen\\\/#primaryimage\"},\"image\":{\"@id\":\"https:\\\/\\\/produncan.cl\\\/fr\\\/produit\\\/terrain-a-puerto-aysen-rio-simpson-region-d-aysen\\\/#primaryimage\"},\"thumbnailUrl\":\"https:\\\/\\\/produncan.cl\\\/wp-content\\\/uploads\\\/2025\\\/06\\\/Lote-Caracoles-Puerto-Aysen.webp\",\"datePublished\":\"2025-06-24T16:53:51+00:00\",\"dateModified\":\"2025-12-26T20:18:46+00:00\",\"description\":\"Parcelle de 1,43 ha \u00e0 Ays\u00e9n, plate, pr\u00e8s de la rivi\u00e8re Simpson et \u00e0 1 km de la chauss\u00e9e. Acc\u00e8s direct, r\u00f4le propre, bonne connectivit\u00e9 et environnement naturel unique.\",\"breadcrumb\":{\"@id\":\"https:\\\/\\\/produncan.cl\\\/fr\\\/produit\\\/terrain-a-puerto-aysen-rio-simpson-region-d-aysen\\\/#breadcrumb\"},\"inLanguage\":\"fr-FR\",\"potentialAction\":[{\"@type\":\"ReadAction\",\"target\":[\"https:\\\/\\\/produncan.cl\\\/fr\\\/produit\\\/terrain-a-puerto-aysen-rio-simpson-region-d-aysen\\\/\"]}]},{\"@type\":\"ImageObject\",\"inLanguage\":\"fr-FR\",\"@id\":\"https:\\\/\\\/produncan.cl\\\/fr\\\/produit\\\/terrain-a-puerto-aysen-rio-simpson-region-d-aysen\\\/#primaryimage\",\"url\":\"https:\\\/\\\/produncan.cl\\\/wp-content\\\/uploads\\\/2025\\\/06\\\/Lote-Caracoles-Puerto-Aysen.webp\",\"contentUrl\":\"https:\\\/\\\/produncan.cl\\\/wp-content\\\/uploads\\\/2025\\\/06\\\/Lote-Caracoles-Puerto-Aysen.webp\",\"width\":800,\"height\":600,\"caption\":\"Lot Caracoles Puerto Aysen\"},{\"@type\":\"BreadcrumbList\",\"@id\":\"https:\\\/\\\/produncan.cl\\\/fr\\\/produit\\\/terrain-a-puerto-aysen-rio-simpson-region-d-aysen\\\/#breadcrumb\",\"itemListElement\":[{\"@type\":\"ListItem\",\"position\":1,\"name\":\"Inicio\",\"item\":\"https:\\\/\\\/produncan.cl\\\/fr\\\/\"},{\"@type\":\"ListItem\",\"position\":2,\"name\":\"Propri\u00e9t\u00e9s\",\"item\":\"https:\\\/\\\/produncan.cl\\\/propiedades\\\/\"},{\"@type\":\"ListItem\",\"position\":3,\"name\":\"Parcelles\",\"item\":\"https:\\\/\\\/produncan.cl\\\/fr\\\/cat&eacute;gorie\\\/parcelles\\\/\"},{\"@type\":\"ListItem\",\"position\":4,\"name\":\"Terrain \u00e0 Puerto Ays\u00e9n, R\u00edo Simpson &#8211; R\u00e9gion d&#8217; Ays\u00e9n\"}]},{\"@type\":\"WebSite\",\"@id\":\"https:\\\/\\\/produncan.cl\\\/fr\\\/#website\",\"url\":\"https:\\\/\\\/produncan.cl\\\/fr\\\/\",\"name\":\"Produncan\",\"description\":\"Nous vous accompagnons dans votre projet de vie !\",\"publisher\":{\"@id\":\"https:\\\/\\\/produncan.cl\\\/fr\\\/#organization\"},\"potentialAction\":[{\"@type\":\"SearchAction\",\"target\":{\"@type\":\"EntryPoint\",\"urlTemplate\":\"https:\\\/\\\/produncan.cl\\\/fr\\\/?s={search_term_string}\"},\"query-input\":{\"@type\":\"PropertyValueSpecification\",\"valueRequired\":true,\"valueName\":\"search_term_string\"}}],\"inLanguage\":\"fr-FR\"},{\"@type\":\"Organization\",\"@id\":\"https:\\\/\\\/produncan.cl\\\/fr\\\/#organization\",\"name\":\"Produncan\",\"url\":\"https:\\\/\\\/produncan.cl\\\/fr\\\/\",\"logo\":{\"@type\":\"ImageObject\",\"inLanguage\":\"fr-FR\",\"@id\":\"https:\\\/\\\/produncan.cl\\\/fr\\\/#\\\/schema\\\/logo\\\/image\\\/\",\"url\":\"https:\\\/\\\/produncan.cl\\\/wp-content\\\/uploads\\\/2021\\\/03\\\/LOGO.jpeg\",\"contentUrl\":\"https:\\\/\\\/produncan.cl\\\/wp-content\\\/uploads\\\/2021\\\/03\\\/LOGO.jpeg\",\"width\":1280,\"height\":903,\"caption\":\"Produncan\"},\"image\":{\"@id\":\"https:\\\/\\\/produncan.cl\\\/fr\\\/#\\\/schema\\\/logo\\\/image\\\/\"},\"sameAs\":[\"https:\\\/\\\/web.facebook.com\\\/produncanland\",\"https:\\\/\\\/www.instagram.com\\\/pro_duncan\\\/\",\"https:\\\/\\\/www.linkedin.com\\\/company\\\/produncan-lands\\\/\",\"https:\\\/\\\/www.youtube.com\\\/channel\\\/UCu7N-f3x0svkazD-Eew1-QQ\"],\"description\":\"En Produncan somos especialistas en la venta de terrenos en el sur de Chile. Proveemos estancias, campos, parcelas y hoteles.\",\"email\":\"info@produncan.cl\"}]}<\/script>\n<meta property=\"og:video\" content=\"https:\/\/www.youtube.com\/embed\/PhGOVC6AlXY\" \/>\n<meta property=\"og:video:type\" content=\"text\/html\" \/>\n<meta property=\"og:video:duration\" content=\"65\" \/>\n<meta property=\"og:video:width\" content=\"480\" \/>\n<meta property=\"og:video:height\" content=\"270\" \/>\n<meta property=\"ya:ovs:adult\" content=\"false\" \/>\n<meta property=\"ya:ovs:upload_date\" content=\"2025-06-24T16:53:51+00:00\" \/>\n<meta property=\"ya:ovs:allow_embed\" content=\"true\" \/>\n<meta property=\"product:price:amount\" content=\"59800.00\" \/>\n<meta property=\"product:price:currency\" content=\"USD\" \/>\n<meta property=\"og:availability\" content=\"instock\" \/>\n<meta property=\"product:availability\" content=\"instock\" \/>\n<meta property=\"product:condition\" content=\"new\" \/>\n<!-- \/ Yoast SEO Premium plugin. -->","yoast_head_json":{"title":"Terrain \u00e0 Puerto Ays\u00e9n, rivi\u00e8re Simpson, r\u00e9gion d'Ays\u00e9n - Produncan","description":"Parcelle de 1,43 ha \u00e0 Ays\u00e9n, plate, pr\u00e8s de la rivi\u00e8re Simpson et \u00e0 1 km de la chauss\u00e9e. Acc\u00e8s direct, r\u00f4le propre, bonne connectivit\u00e9 et environnement naturel unique.","robots":{"index":"index","follow":"follow","max-snippet":"max-snippet:-1","max-image-preview":"max-image-preview:large","max-video-preview":"max-video-preview:-1"},"canonical":"https:\/\/produncan.cl\/fr\/produit\/terrain-a-puerto-aysen-rio-simpson-region-d-aysen\/","og_locale":"fr_FR","og_type":"article","og_title":"Terrain \u00e0 Puerto Ays\u00e9n, R\u00edo Simpson - R\u00e9gion d' Ays\u00e9n","og_description":"Parcelle de 1,43 ha \u00e0 Ays\u00e9n, plate, pr\u00e8s de la rivi\u00e8re Simpson et \u00e0 1 km de la chauss\u00e9e. Acc\u00e8s direct, r\u00f4le propre, bonne connectivit\u00e9 et environnement naturel unique.","og_url":"https:\/\/produncan.cl\/fr\/produit\/terrain-a-puerto-aysen-rio-simpson-region-d-aysen\/","og_site_name":"Produncan","article_publisher":"https:\/\/web.facebook.com\/produncanland","article_modified_time":"2025-12-26T20:18:46+00:00","og_image":[{"width":800,"height":600,"url":"https:\/\/produncan.cl\/wp-content\/uploads\/2025\/06\/Lote-Caracoles-Puerto-Aysen.webp","type":"image\/webp"}],"twitter_card":"summary_large_image","twitter_misc":{"Price":"USD59.800,00","Availability":"In stock"},"schema":{"@context":"https:\/\/schema.org","@graph":[{"@type":"WebPage","@id":"https:\/\/produncan.cl\/fr\/produit\/terrain-a-puerto-aysen-rio-simpson-region-d-aysen\/","url":"https:\/\/produncan.cl\/fr\/produit\/terrain-a-puerto-aysen-rio-simpson-region-d-aysen\/","name":"Terrain \u00e0 Puerto Ays\u00e9n, rivi\u00e8re Simpson, r\u00e9gion d'Ays\u00e9n - Produncan","isPartOf":{"@id":"https:\/\/produncan.cl\/fr\/#website"},"primaryImageOfPage":{"@id":"https:\/\/produncan.cl\/fr\/produit\/terrain-a-puerto-aysen-rio-simpson-region-d-aysen\/#primaryimage"},"image":{"@id":"https:\/\/produncan.cl\/fr\/produit\/terrain-a-puerto-aysen-rio-simpson-region-d-aysen\/#primaryimage"},"thumbnailUrl":"https:\/\/produncan.cl\/wp-content\/uploads\/2025\/06\/Lote-Caracoles-Puerto-Aysen.webp","datePublished":"2025-06-24T16:53:51+00:00","dateModified":"2025-12-26T20:18:46+00:00","description":"Parcelle de 1,43 ha \u00e0 Ays\u00e9n, plate, pr\u00e8s de la rivi\u00e8re Simpson et \u00e0 1 km de la chauss\u00e9e. Acc\u00e8s direct, r\u00f4le propre, bonne connectivit\u00e9 et environnement naturel unique.","breadcrumb":{"@id":"https:\/\/produncan.cl\/fr\/produit\/terrain-a-puerto-aysen-rio-simpson-region-d-aysen\/#breadcrumb"},"inLanguage":"fr-FR","potentialAction":[{"@type":"ReadAction","target":["https:\/\/produncan.cl\/fr\/produit\/terrain-a-puerto-aysen-rio-simpson-region-d-aysen\/"]}]},{"@type":"ImageObject","inLanguage":"fr-FR","@id":"https:\/\/produncan.cl\/fr\/produit\/terrain-a-puerto-aysen-rio-simpson-region-d-aysen\/#primaryimage","url":"https:\/\/produncan.cl\/wp-content\/uploads\/2025\/06\/Lote-Caracoles-Puerto-Aysen.webp","contentUrl":"https:\/\/produncan.cl\/wp-content\/uploads\/2025\/06\/Lote-Caracoles-Puerto-Aysen.webp","width":800,"height":600,"caption":"Lot Caracoles Puerto Aysen"},{"@type":"BreadcrumbList","@id":"https:\/\/produncan.cl\/fr\/produit\/terrain-a-puerto-aysen-rio-simpson-region-d-aysen\/#breadcrumb","itemListElement":[{"@type":"ListItem","position":1,"name":"Inicio","item":"https:\/\/produncan.cl\/fr\/"},{"@type":"ListItem","position":2,"name":"Propri\u00e9t\u00e9s","item":"https:\/\/produncan.cl\/propiedades\/"},{"@type":"ListItem","position":3,"name":"Parcelles","item":"https:\/\/produncan.cl\/fr\/cat&eacute;gorie\/parcelles\/"},{"@type":"ListItem","position":4,"name":"Terrain \u00e0 Puerto Ays\u00e9n, R\u00edo Simpson &#8211; R\u00e9gion d&#8217; Ays\u00e9n"}]},{"@type":"WebSite","@id":"https:\/\/produncan.cl\/fr\/#website","url":"https:\/\/produncan.cl\/fr\/","name":"Produncan","description":"Nous vous accompagnons dans votre projet de vie !","publisher":{"@id":"https:\/\/produncan.cl\/fr\/#organization"},"potentialAction":[{"@type":"SearchAction","target":{"@type":"EntryPoint","urlTemplate":"https:\/\/produncan.cl\/fr\/?s={search_term_string}"},"query-input":{"@type":"PropertyValueSpecification","valueRequired":true,"valueName":"search_term_string"}}],"inLanguage":"fr-FR"},{"@type":"Organization","@id":"https:\/\/produncan.cl\/fr\/#organization","name":"Produncan","url":"https:\/\/produncan.cl\/fr\/","logo":{"@type":"ImageObject","inLanguage":"fr-FR","@id":"https:\/\/produncan.cl\/fr\/#\/schema\/logo\/image\/","url":"https:\/\/produncan.cl\/wp-content\/uploads\/2021\/03\/LOGO.jpeg","contentUrl":"https:\/\/produncan.cl\/wp-content\/uploads\/2021\/03\/LOGO.jpeg","width":1280,"height":903,"caption":"Produncan"},"image":{"@id":"https:\/\/produncan.cl\/fr\/#\/schema\/logo\/image\/"},"sameAs":["https:\/\/web.facebook.com\/produncanland","https:\/\/www.instagram.com\/pro_duncan\/","https:\/\/www.linkedin.com\/company\/produncan-lands\/","https:\/\/www.youtube.com\/channel\/UCu7N-f3x0svkazD-Eew1-QQ"],"description":"En Produncan somos especialistas en la venta de terrenos en el sur de Chile. Proveemos estancias, campos, parcelas y hoteles.","email":"info@produncan.cl"}]},"og_video":"https:\/\/www.youtube.com\/embed\/PhGOVC6AlXY","og_video_type":"text\/html","og_video_duration":"65","og_video_width":"480","og_video_height":"270","ya_ovs_adult":"false","ya_ovs_upload_date":"2025-06-24T16:53:51+00:00","ya_ovs_allow_embed":"true","product_price_amount":"59800.00","product_price_currency":"USD","og_availability":"instock","product_availability":"instock","product_condition":"new"},"_links":{"self":[{"href":"https:\/\/produncan.cl\/fr\/wp-json\/wp\/v2\/product\/42392","targetHints":{"allow":["GET"]}}],"collection":[{"href":"https:\/\/produncan.cl\/fr\/wp-json\/wp\/v2\/product"}],"about":[{"href":"https:\/\/produncan.cl\/fr\/wp-json\/wp\/v2\/types\/product"}],"version-history":[{"count":3,"href":"https:\/\/produncan.cl\/fr\/wp-json\/wp\/v2\/product\/42392\/revisions"}],"predecessor-version":[{"id":54107,"href":"https:\/\/produncan.cl\/fr\/wp-json\/wp\/v2\/product\/42392\/revisions\/54107"}],"wp:featuredmedia":[{"embeddable":true,"href":"https:\/\/produncan.cl\/fr\/wp-json\/wp\/v2\/media\/42087"}],"wp:attachment":[{"href":"https:\/\/produncan.cl\/fr\/wp-json\/wp\/v2\/media?parent=42392"}],"wp:term":[{"taxonomy":"product_brand","embeddable":true,"href":"https:\/\/produncan.cl\/fr\/wp-json\/wp\/v2\/product_brand?post=42392"},{"taxonomy":"product_cat","embeddable":true,"href":"https:\/\/produncan.cl\/fr\/wp-json\/wp\/v2\/product_cat?post=42392"},{"taxonomy":"product_tag","embeddable":true,"href":"https:\/\/produncan.cl\/fr\/wp-json\/wp\/v2\/product_tag?post=42392"},{"taxonomy":"regiones","embeddable":true,"href":"https:\/\/produncan.cl\/fr\/wp-json\/wp\/v2\/regiones?post=42392"},{"taxonomy":"ciudades","embeddable":true,"href":"https:\/\/produncan.cl\/fr\/wp-json\/wp\/v2\/ciudades?post=42392"}],"curies":[{"name":"wp","href":"https:\/\/api.w.org\/{rel}","templated":true}]}}