{"id":42394,"date":"2025-06-24T16:43:58","date_gmt":"2025-06-24T20:43:58","guid":{"rendered":"https:\/\/produncan.cl\/producto\/campagne-a-los-muermos-el-escondido-region-de-los-lagos\/"},"modified":"2025-11-24T13:16:49","modified_gmt":"2025-11-24T16:16:49","slug":"campagne-a-los-muermos-el-escondido-region-de-los-lagos","status":"publish","type":"product","link":"https:\/\/produncan.cl\/fr\/produit\/campagne-a-los-muermos-el-escondido-region-de-los-lagos\/","title":{"rendered":"Campagne \u00e0 Los Muermos, El Escondido &#8211; R\u00e9gion de Los Lagos"},"content":{"rendered":"\t\t<div data-elementor-type=\"product-post\" data-elementor-id=\"42394\" class=\"elementor elementor-42394 elementor-42158\" data-elementor-post-type=\"product\">\n\t\t\t\t<div class=\"elementor-element elementor-element-dc7afe4 e-flex e-con-boxed e-con e-parent\" data-id=\"dc7afe4\" data-element_type=\"container\" data-e-type=\"container\" data-settings=\"{&quot;jet_parallax_layout_list&quot;:[]}\">\n\t\t\t\t\t<div class=\"e-con-inner\">\n\t\t\t\t<div class=\"elementor-element elementor-element-d1438d5 elementor-widget elementor-widget-heading\" data-id=\"d1438d5\" data-element_type=\"widget\" data-e-type=\"widget\" data-widget_type=\"heading.default\">\n\t\t\t\t\t<h2 class=\"elementor-heading-title elementor-size-default\">69,3 hectares plats avec une vue panoramique sur la rivi\u00e8re Maull\u00edn.<\/h2>\t\t\t\t<\/div>\n\t\t\t\t\t<\/div>\n\t\t\t\t<\/div>\n\t\t<div class=\"elementor-element elementor-element-4e7d710 e-flex e-con-boxed e-con e-parent\" data-id=\"4e7d710\" data-element_type=\"container\" data-e-type=\"container\" data-settings=\"{&quot;jet_parallax_layout_list&quot;:[]}\">\n\t\t\t\t\t<div class=\"e-con-inner\">\n\t\t\t\t<div class=\"elementor-element elementor-element-75c9704 elementor-widget elementor-widget-text-editor\" data-id=\"75c9704\" data-element_type=\"widget\" data-e-type=\"widget\" data-widget_type=\"text-editor.default\">\n\t\t\t\t\t\t\t\t\t<p>Cette ferme de <strong>69,3 hectares<\/strong> situ\u00e9e \u00e0 Los Muermos, \u00e0 quelques pas de la majestueuse rivi\u00e8re Maull\u00edn, allie nature, eau abondante et excellente connectivit\u00e9. Avec une topographie plate et une petite colline qui, dans sa partie sup\u00e9rieure, pr\u00e9sente des prairies et offre des vues panoramiques sur la rivi\u00e8re et la campagne environnante, elle est id\u00e9ale pour d\u00e9velopper des projets agricoles, de l&#8217;\u00e9levage ou m\u00eame des initiatives touristiques ax\u00e9es sur la vie en plein air et le contact avec la nature. <br><br><strong>Le terrain<\/strong> est enti\u00e8rement cl\u00f4tur\u00e9 et dispose d&#8217;un acc\u00e8s direct, sans servitudes, \u00e0 seulement <strong>8,6 km de la route goudronn\u00e9e<\/strong> et \u00e0 environ <strong>1 heure de l&#8217;a\u00e9roport<\/strong>. La proximit\u00e9 de <strong>Los Muermos (16 km)<\/strong> garantit l&#8217;acc\u00e8s aux services, sans sacrifier l&#8217;intimit\u00e9 et la tranquillit\u00e9 de la campagne. <br><br>Avec une <strong>excellente exposition au soleil<\/strong>, 90% de la surface en prairies propres, des arbres indig\u00e8nes comme le hualle, et une riche biodiversit\u00e9, la ferme dispose d&#8217;une <strong>eau de puits abondante<\/strong>, d&#8217;un syst\u00e8me d&#8217;irrigation par canaux, de l&#8217;<strong>\u00e9lectricit\u00e9 monophas\u00e9e<\/strong>, d&#8217;un abreuvoir, d&#8217;un corral, d&#8217;un entrep\u00f4t et d&#8217;<strong>une maison principale avec cave<\/strong> en tr\u00e8s bon \u00e9tat. Le signal de t\u00e9l\u00e9communication est bon, permettant une connexion fluide m\u00eame en milieu rural. <br><br>Cette ferme de Los Muermos ne fait l &#8216;objet d&#8217; aucune restriction ou interdiction et est situ\u00e9e en dehors des terres indig\u00e8nes. Il ne n\u00e9cessite pas de plan de gestion <strong> foresti\u00e8re et a une vocation agricole et d&#8217;\u00e9levage<\/strong>, ce qui en fait un excellent investissement pour ceux qui recherchent la productivit\u00e9, la beaut\u00e9 naturelle et un emplacement strat\u00e9gique. <br><br><strong>Valeur : 1 178 100 000 dollars<\/strong> (soit 17 millions de dollars par hectare)<br><br>Si vous r\u00eavez d&#8217;un endroit fertile, plein de vie, d&#8217;eau et de possibilit\u00e9s dans le sud du Chili, cette ferme \u00e0 Los Muermos, sur les rives de la rivi\u00e8re Maull\u00edn, est une opportunit\u00e9 unique.<br><br><strong>Contactez-nous pour plus d&#8217;informations ou pour organiser une visite.<\/strong><\/p>\t\t\t\t\t\t\t\t<\/div>\n\t\t\t\t\t<\/div>\n\t\t\t\t<\/div>\n\t\t\t\t<\/div>\n\t\t","protected":false},"excerpt":{"rendered":"<p>Terrain \u00e0 Los Muermos, \u00e0 quelques pas de la rivi\u00e8re Maull\u00edn. Topographie plate, 90 % de prairie, priv\u00e9, \u00e9lectricit\u00e9, signal, estuaire, acc\u00e8s sans servitude, installations et petite colline avec vue imprenable sur la rivi\u00e8re Maull\u00edn. \u00c0 1 heure de l&#8217;a\u00e9roport.  <\/p>\n","protected":false},"featured_media":42162,"template":"","meta":{"_acf_changed":false},"product_brand":[],"product_cat":[113],"product_tag":[233],"regiones":[226],"ciudades":[216,457],"class_list":{"0":"post-42394","1":"product","2":"type-product","3":"status-publish","4":"has-post-thumbnail","6":"product_cat-ohiggins-los-lagos-fr","7":"product_tag-champs","8":"regiones-nuble-los_lagos","9":"ciudades-los-muermos","10":"ciudades-maullin","12":"first","13":"instock","14":"shipping-taxable","15":"purchasable","16":"product-type-simple"},"acf":[],"yoast_head":"<!-- This site is optimized with the Yoast SEO Premium plugin v26.0 (Yoast SEO v27.3) - https:\/\/yoast.com\/product\/yoast-seo-premium-wordpress\/ -->\n<title>Campagne \u00e0 Los Muermos, El Escondido - R\u00e9gion de Los Lagos - Produncan<\/title>\n<meta name=\"description\" content=\"Champ de 69,3 ha \u00e0 Los Muermos, plat, avec vue sur la rivi\u00e8re Maull\u00edn. Prairies, eau abondante, \u00e9lectricit\u00e9, maison, corral et acc\u00e8s direct \u00e0 8,6 km de la chauss\u00e9e.\" \/>\n<meta name=\"robots\" content=\"index, follow, max-snippet:-1, max-image-preview:large, max-video-preview:-1\" \/>\n<link rel=\"canonical\" href=\"https:\/\/produncan.cl\/fr\/produit\/campagne-a-los-muermos-el-escondido-region-de-los-lagos\/\" \/>\n<meta property=\"og:locale\" content=\"fr_FR\" \/>\n<meta property=\"og:type\" content=\"article\" \/>\n<meta property=\"og:title\" content=\"Campagne \u00e0 Los Muermos, El Escondido - R\u00e9gion de Los Lagos\" \/>\n<meta property=\"og:description\" content=\"Champ de 69,3 ha \u00e0 Los Muermos, plat, avec vue sur la rivi\u00e8re Maull\u00edn. Prairies, eau abondante, \u00e9lectricit\u00e9, maison, corral et acc\u00e8s direct \u00e0 8,6 km de la chauss\u00e9e.\" \/>\n<meta property=\"og:url\" content=\"https:\/\/produncan.cl\/fr\/produit\/campagne-a-los-muermos-el-escondido-region-de-los-lagos\/\" \/>\n<meta property=\"og:site_name\" content=\"Produncan\" \/>\n<meta property=\"article:publisher\" content=\"https:\/\/web.facebook.com\/produncanland\" \/>\n<meta property=\"article:modified_time\" content=\"2025-11-24T16:16:49+00:00\" \/>\n<meta property=\"og:image\" content=\"https:\/\/produncan.cl\/wp-content\/uploads\/2025\/06\/Campo-El-Escondido.webp\" \/>\n<meta name=\"twitter:card\" content=\"summary_large_image\" \/>\n<meta name=\"twitter:label1\" content=\"Price\" \/>\n\t<meta name=\"twitter:data1\" content=\"USD1.285.400,00\" \/>\n\t<meta name=\"twitter:label2\" content=\"Availability\" \/>\n\t<meta name=\"twitter:data2\" content=\"In stock\" \/>\n<script type=\"application\/ld+json\" class=\"yoast-schema-graph\">{\"@context\":\"https:\\\/\\\/schema.org\",\"@graph\":[{\"@type\":\"WebPage\",\"@id\":\"https:\\\/\\\/produncan.cl\\\/fr\\\/produit\\\/campagne-a-los-muermos-el-escondido-region-de-los-lagos\\\/\",\"url\":\"https:\\\/\\\/produncan.cl\\\/fr\\\/produit\\\/campagne-a-los-muermos-el-escondido-region-de-los-lagos\\\/\",\"name\":\"Campagne \u00e0 Los Muermos, El Escondido - R\u00e9gion de Los Lagos - Produncan\",\"isPartOf\":{\"@id\":\"https:\\\/\\\/produncan.cl\\\/fr\\\/#website\"},\"primaryImageOfPage\":{\"@id\":\"https:\\\/\\\/produncan.cl\\\/fr\\\/produit\\\/campagne-a-los-muermos-el-escondido-region-de-los-lagos\\\/#primaryimage\"},\"image\":{\"@id\":\"https:\\\/\\\/produncan.cl\\\/fr\\\/produit\\\/campagne-a-los-muermos-el-escondido-region-de-los-lagos\\\/#primaryimage\"},\"thumbnailUrl\":\"https:\\\/\\\/produncan.cl\\\/wp-content\\\/uploads\\\/2025\\\/06\\\/Campo-El-Escondido.webp\",\"datePublished\":\"2025-06-24T20:43:58+00:00\",\"dateModified\":\"2025-11-24T16:16:49+00:00\",\"description\":\"Champ de 69,3 ha \u00e0 Los Muermos, plat, avec vue sur la rivi\u00e8re Maull\u00edn. Prairies, eau abondante, \u00e9lectricit\u00e9, maison, corral et acc\u00e8s direct \u00e0 8,6 km de la chauss\u00e9e.\",\"breadcrumb\":{\"@id\":\"https:\\\/\\\/produncan.cl\\\/fr\\\/produit\\\/campagne-a-los-muermos-el-escondido-region-de-los-lagos\\\/#breadcrumb\"},\"inLanguage\":\"fr-FR\",\"potentialAction\":[{\"@type\":\"ReadAction\",\"target\":[\"https:\\\/\\\/produncan.cl\\\/fr\\\/produit\\\/campagne-a-los-muermos-el-escondido-region-de-los-lagos\\\/\"]}]},{\"@type\":\"ImageObject\",\"inLanguage\":\"fr-FR\",\"@id\":\"https:\\\/\\\/produncan.cl\\\/fr\\\/produit\\\/campagne-a-los-muermos-el-escondido-region-de-los-lagos\\\/#primaryimage\",\"url\":\"https:\\\/\\\/produncan.cl\\\/wp-content\\\/uploads\\\/2025\\\/06\\\/Campo-El-Escondido.webp\",\"contentUrl\":\"https:\\\/\\\/produncan.cl\\\/wp-content\\\/uploads\\\/2025\\\/06\\\/Campo-El-Escondido.webp\",\"width\":800,\"height\":600,\"caption\":\"Campo El Escondido\"},{\"@type\":\"BreadcrumbList\",\"@id\":\"https:\\\/\\\/produncan.cl\\\/fr\\\/produit\\\/campagne-a-los-muermos-el-escondido-region-de-los-lagos\\\/#breadcrumb\",\"itemListElement\":[{\"@type\":\"ListItem\",\"position\":1,\"name\":\"Inicio\",\"item\":\"https:\\\/\\\/produncan.cl\\\/fr\\\/\"},{\"@type\":\"ListItem\",\"position\":2,\"name\":\"Propri\u00e9t\u00e9s\",\"item\":\"https:\\\/\\\/produncan.cl\\\/propiedades\\\/\"},{\"@type\":\"ListItem\",\"position\":3,\"name\":\"Champs\",\"item\":\"https:\\\/\\\/produncan.cl\\\/fr\\\/cat&eacute;gorie\\\/champs\\\/\"},{\"@type\":\"ListItem\",\"position\":4,\"name\":\"Campagne \u00e0 Los Muermos, El Escondido &#8211; R\u00e9gion de Los Lagos\"}]},{\"@type\":\"WebSite\",\"@id\":\"https:\\\/\\\/produncan.cl\\\/fr\\\/#website\",\"url\":\"https:\\\/\\\/produncan.cl\\\/fr\\\/\",\"name\":\"Produncan\",\"description\":\"Nous vous accompagnons dans votre projet de vie !\",\"publisher\":{\"@id\":\"https:\\\/\\\/produncan.cl\\\/fr\\\/#organization\"},\"potentialAction\":[{\"@type\":\"SearchAction\",\"target\":{\"@type\":\"EntryPoint\",\"urlTemplate\":\"https:\\\/\\\/produncan.cl\\\/fr\\\/?s={search_term_string}\"},\"query-input\":{\"@type\":\"PropertyValueSpecification\",\"valueRequired\":true,\"valueName\":\"search_term_string\"}}],\"inLanguage\":\"fr-FR\"},{\"@type\":\"Organization\",\"@id\":\"https:\\\/\\\/produncan.cl\\\/fr\\\/#organization\",\"name\":\"Produncan\",\"url\":\"https:\\\/\\\/produncan.cl\\\/fr\\\/\",\"logo\":{\"@type\":\"ImageObject\",\"inLanguage\":\"fr-FR\",\"@id\":\"https:\\\/\\\/produncan.cl\\\/fr\\\/#\\\/schema\\\/logo\\\/image\\\/\",\"url\":\"https:\\\/\\\/produncan.cl\\\/wp-content\\\/uploads\\\/2021\\\/03\\\/LOGO.jpeg\",\"contentUrl\":\"https:\\\/\\\/produncan.cl\\\/wp-content\\\/uploads\\\/2021\\\/03\\\/LOGO.jpeg\",\"width\":1280,\"height\":903,\"caption\":\"Produncan\"},\"image\":{\"@id\":\"https:\\\/\\\/produncan.cl\\\/fr\\\/#\\\/schema\\\/logo\\\/image\\\/\"},\"sameAs\":[\"https:\\\/\\\/web.facebook.com\\\/produncanland\",\"https:\\\/\\\/www.instagram.com\\\/pro_duncan\\\/\",\"https:\\\/\\\/www.linkedin.com\\\/company\\\/produncan-lands\\\/\",\"https:\\\/\\\/www.youtube.com\\\/channel\\\/UCu7N-f3x0svkazD-Eew1-QQ\"],\"description\":\"En Produncan somos especialistas en la venta de terrenos en el sur de Chile. Proveemos estancias, campos, parcelas y hoteles.\",\"email\":\"info@produncan.cl\"}]}<\/script>\n<meta property=\"og:video\" content=\"https:\/\/www.youtube.com\/embed\/M2rkLKr0DxY\" \/>\n<meta property=\"og:video:type\" content=\"text\/html\" \/>\n<meta property=\"og:video:duration\" content=\"66\" \/>\n<meta property=\"og:video:width\" content=\"480\" \/>\n<meta property=\"og:video:height\" content=\"270\" \/>\n<meta property=\"ya:ovs:adult\" content=\"false\" \/>\n<meta property=\"ya:ovs:upload_date\" content=\"2025-06-24T20:43:58+00:00\" \/>\n<meta property=\"ya:ovs:allow_embed\" content=\"true\" \/>\n<meta property=\"product:price:amount\" content=\"1285400.00\" \/>\n<meta property=\"product:price:currency\" content=\"USD\" \/>\n<meta property=\"og:availability\" content=\"instock\" \/>\n<meta property=\"product:availability\" content=\"instock\" \/>\n<meta property=\"product:condition\" content=\"new\" \/>\n<!-- \/ Yoast SEO Premium plugin. -->","yoast_head_json":{"title":"Campagne \u00e0 Los Muermos, El Escondido - R\u00e9gion de Los Lagos - Produncan","description":"Champ de 69,3 ha \u00e0 Los Muermos, plat, avec vue sur la rivi\u00e8re Maull\u00edn. Prairies, eau abondante, \u00e9lectricit\u00e9, maison, corral et acc\u00e8s direct \u00e0 8,6 km de la chauss\u00e9e.","robots":{"index":"index","follow":"follow","max-snippet":"max-snippet:-1","max-image-preview":"max-image-preview:large","max-video-preview":"max-video-preview:-1"},"canonical":"https:\/\/produncan.cl\/fr\/produit\/campagne-a-los-muermos-el-escondido-region-de-los-lagos\/","og_locale":"fr_FR","og_type":"article","og_title":"Campagne \u00e0 Los Muermos, El Escondido - R\u00e9gion de Los Lagos","og_description":"Champ de 69,3 ha \u00e0 Los Muermos, plat, avec vue sur la rivi\u00e8re Maull\u00edn. Prairies, eau abondante, \u00e9lectricit\u00e9, maison, corral et acc\u00e8s direct \u00e0 8,6 km de la chauss\u00e9e.","og_url":"https:\/\/produncan.cl\/fr\/produit\/campagne-a-los-muermos-el-escondido-region-de-los-lagos\/","og_site_name":"Produncan","article_publisher":"https:\/\/web.facebook.com\/produncanland","article_modified_time":"2025-11-24T16:16:49+00:00","og_image":[{"url":"https:\/\/produncan.cl\/wp-content\/uploads\/2025\/06\/Campo-El-Escondido.webp","type":"","width":"","height":""}],"twitter_card":"summary_large_image","twitter_misc":{"Price":"USD1.285.400,00","Availability":"In stock"},"schema":{"@context":"https:\/\/schema.org","@graph":[{"@type":"WebPage","@id":"https:\/\/produncan.cl\/fr\/produit\/campagne-a-los-muermos-el-escondido-region-de-los-lagos\/","url":"https:\/\/produncan.cl\/fr\/produit\/campagne-a-los-muermos-el-escondido-region-de-los-lagos\/","name":"Campagne \u00e0 Los Muermos, El Escondido - R\u00e9gion de Los Lagos - Produncan","isPartOf":{"@id":"https:\/\/produncan.cl\/fr\/#website"},"primaryImageOfPage":{"@id":"https:\/\/produncan.cl\/fr\/produit\/campagne-a-los-muermos-el-escondido-region-de-los-lagos\/#primaryimage"},"image":{"@id":"https:\/\/produncan.cl\/fr\/produit\/campagne-a-los-muermos-el-escondido-region-de-los-lagos\/#primaryimage"},"thumbnailUrl":"https:\/\/produncan.cl\/wp-content\/uploads\/2025\/06\/Campo-El-Escondido.webp","datePublished":"2025-06-24T20:43:58+00:00","dateModified":"2025-11-24T16:16:49+00:00","description":"Champ de 69,3 ha \u00e0 Los Muermos, plat, avec vue sur la rivi\u00e8re Maull\u00edn. Prairies, eau abondante, \u00e9lectricit\u00e9, maison, corral et acc\u00e8s direct \u00e0 8,6 km de la chauss\u00e9e.","breadcrumb":{"@id":"https:\/\/produncan.cl\/fr\/produit\/campagne-a-los-muermos-el-escondido-region-de-los-lagos\/#breadcrumb"},"inLanguage":"fr-FR","potentialAction":[{"@type":"ReadAction","target":["https:\/\/produncan.cl\/fr\/produit\/campagne-a-los-muermos-el-escondido-region-de-los-lagos\/"]}]},{"@type":"ImageObject","inLanguage":"fr-FR","@id":"https:\/\/produncan.cl\/fr\/produit\/campagne-a-los-muermos-el-escondido-region-de-los-lagos\/#primaryimage","url":"https:\/\/produncan.cl\/wp-content\/uploads\/2025\/06\/Campo-El-Escondido.webp","contentUrl":"https:\/\/produncan.cl\/wp-content\/uploads\/2025\/06\/Campo-El-Escondido.webp","width":800,"height":600,"caption":"Campo El Escondido"},{"@type":"BreadcrumbList","@id":"https:\/\/produncan.cl\/fr\/produit\/campagne-a-los-muermos-el-escondido-region-de-los-lagos\/#breadcrumb","itemListElement":[{"@type":"ListItem","position":1,"name":"Inicio","item":"https:\/\/produncan.cl\/fr\/"},{"@type":"ListItem","position":2,"name":"Propri\u00e9t\u00e9s","item":"https:\/\/produncan.cl\/propiedades\/"},{"@type":"ListItem","position":3,"name":"Champs","item":"https:\/\/produncan.cl\/fr\/cat&eacute;gorie\/champs\/"},{"@type":"ListItem","position":4,"name":"Campagne \u00e0 Los Muermos, El Escondido &#8211; R\u00e9gion de Los Lagos"}]},{"@type":"WebSite","@id":"https:\/\/produncan.cl\/fr\/#website","url":"https:\/\/produncan.cl\/fr\/","name":"Produncan","description":"Nous vous accompagnons dans votre projet de vie !","publisher":{"@id":"https:\/\/produncan.cl\/fr\/#organization"},"potentialAction":[{"@type":"SearchAction","target":{"@type":"EntryPoint","urlTemplate":"https:\/\/produncan.cl\/fr\/?s={search_term_string}"},"query-input":{"@type":"PropertyValueSpecification","valueRequired":true,"valueName":"search_term_string"}}],"inLanguage":"fr-FR"},{"@type":"Organization","@id":"https:\/\/produncan.cl\/fr\/#organization","name":"Produncan","url":"https:\/\/produncan.cl\/fr\/","logo":{"@type":"ImageObject","inLanguage":"fr-FR","@id":"https:\/\/produncan.cl\/fr\/#\/schema\/logo\/image\/","url":"https:\/\/produncan.cl\/wp-content\/uploads\/2021\/03\/LOGO.jpeg","contentUrl":"https:\/\/produncan.cl\/wp-content\/uploads\/2021\/03\/LOGO.jpeg","width":1280,"height":903,"caption":"Produncan"},"image":{"@id":"https:\/\/produncan.cl\/fr\/#\/schema\/logo\/image\/"},"sameAs":["https:\/\/web.facebook.com\/produncanland","https:\/\/www.instagram.com\/pro_duncan\/","https:\/\/www.linkedin.com\/company\/produncan-lands\/","https:\/\/www.youtube.com\/channel\/UCu7N-f3x0svkazD-Eew1-QQ"],"description":"En Produncan somos especialistas en la venta de terrenos en el sur de Chile. Proveemos estancias, campos, parcelas y hoteles.","email":"info@produncan.cl"}]},"og_video":"https:\/\/www.youtube.com\/embed\/M2rkLKr0DxY","og_video_type":"text\/html","og_video_duration":"66","og_video_width":"480","og_video_height":"270","ya_ovs_adult":"false","ya_ovs_upload_date":"2025-06-24T20:43:58+00:00","ya_ovs_allow_embed":"true","product_price_amount":"1285400.00","product_price_currency":"USD","og_availability":"instock","product_availability":"instock","product_condition":"new"},"_links":{"self":[{"href":"https:\/\/produncan.cl\/fr\/wp-json\/wp\/v2\/product\/42394","targetHints":{"allow":["GET"]}}],"collection":[{"href":"https:\/\/produncan.cl\/fr\/wp-json\/wp\/v2\/product"}],"about":[{"href":"https:\/\/produncan.cl\/fr\/wp-json\/wp\/v2\/types\/product"}],"version-history":[{"count":2,"href":"https:\/\/produncan.cl\/fr\/wp-json\/wp\/v2\/product\/42394\/revisions"}],"predecessor-version":[{"id":52337,"href":"https:\/\/produncan.cl\/fr\/wp-json\/wp\/v2\/product\/42394\/revisions\/52337"}],"wp:featuredmedia":[{"embeddable":true,"href":"https:\/\/produncan.cl\/fr\/wp-json\/wp\/v2\/media\/42162"}],"wp:attachment":[{"href":"https:\/\/produncan.cl\/fr\/wp-json\/wp\/v2\/media?parent=42394"}],"wp:term":[{"taxonomy":"product_brand","embeddable":true,"href":"https:\/\/produncan.cl\/fr\/wp-json\/wp\/v2\/product_brand?post=42394"},{"taxonomy":"product_cat","embeddable":true,"href":"https:\/\/produncan.cl\/fr\/wp-json\/wp\/v2\/product_cat?post=42394"},{"taxonomy":"product_tag","embeddable":true,"href":"https:\/\/produncan.cl\/fr\/wp-json\/wp\/v2\/product_tag?post=42394"},{"taxonomy":"regiones","embeddable":true,"href":"https:\/\/produncan.cl\/fr\/wp-json\/wp\/v2\/regiones?post=42394"},{"taxonomy":"ciudades","embeddable":true,"href":"https:\/\/produncan.cl\/fr\/wp-json\/wp\/v2\/ciudades?post=42394"}],"curies":[{"name":"wp","href":"https:\/\/api.w.org\/{rel}","templated":true}]}}