{"id":42396,"date":"2025-07-02T23:52:45","date_gmt":"2025-07-03T03:52:45","guid":{"rendered":"https:\/\/produncan.cl\/producto\/estancia-la-angostura-lago-argentino-santa-cruz\/"},"modified":"2025-11-05T11:58:45","modified_gmt":"2025-11-05T14:58:45","slug":"estancia-la-angostura-lago-argentino-santa-cruz","status":"publish","type":"product","link":"https:\/\/produncan.cl\/fr\/produit\/estancia-la-angostura-lago-argentino-santa-cruz\/","title":{"rendered":"Estancia La Angostura &#8211; Lago Argentino, Santa Cruz"},"content":{"rendered":"\t\t<div data-elementor-type=\"product-post\" data-elementor-id=\"42396\" class=\"elementor elementor-42396 elementor-42301\" data-elementor-post-type=\"product\">\n\t\t\t\t<div class=\"elementor-element elementor-element-3a802d3 e-flex e-con-boxed e-con e-parent\" data-id=\"3a802d3\" data-element_type=\"container\" data-e-type=\"container\" data-settings=\"{&quot;jet_parallax_layout_list&quot;:[]}\">\n\t\t\t\t\t<div class=\"e-con-inner\">\n\t\t\t\t<div class=\"elementor-element elementor-element-88b39fd elementor-widget elementor-widget-heading\" data-id=\"88b39fd\" data-element_type=\"widget\" data-e-type=\"widget\" data-widget_type=\"heading.default\">\n\t\t\t\t\t<h2 class=\"elementor-heading-title elementor-size-default\">23 662 hectares sur les rives du Lago Argentino et surplombant la ville d'El Calafate.<\/h2>\t\t\t\t<\/div>\n\t\t\t\t\t<\/div>\n\t\t\t\t<\/div>\n\t\t<div class=\"elementor-element elementor-element-ab97ae9 e-flex e-con-boxed e-con e-parent\" data-id=\"ab97ae9\" data-element_type=\"container\" data-e-type=\"container\" data-settings=\"{&quot;jet_parallax_layout_list&quot;:[]}\">\n\t\t\t\t\t<div class=\"e-con-inner\">\n\t\t\t\t<div class=\"elementor-element elementor-element-a756bec elementor-widget elementor-widget-text-editor\" data-id=\"a756bec\" data-element_type=\"widget\" data-e-type=\"widget\" data-widget_type=\"text-editor.default\">\n\t\t\t\t\t\t\t\t\t<p>Imaginez un territoire si vaste que les jours semblent s&#8217;allonger et que la Patagonie se r\u00e9v\u00e8le dans toute sa splendeur. C&#8217;est l&#8217;Estancia du lac Argentino, La Angostura : 23 662 hectares qui combinent 10 kilom\u00e8tres de c\u00f4te sur le lac Argentino, avec vue sur la ville d&#8217;El Calafate, des montagnes qui embrassent l&#8217;horizon, le Ca\u00f1ad\u00f3n de los Potros, et des prairies \u00e0 perte de vue o\u00f9 paissent en toute libert\u00e9 jusqu&#8217;\u00e0 3 500 moutons et 600 bovins. <\/p>\n<p><strong>Une toile naturelle pour des projets multiples<\/strong><\/p>\n<ul>\n<li>Lotissement autoris\u00e9 : la r\u00e9glementation autorise le lotissement et la vente de parcelles plus petites, id\u00e9ales pour le d\u00e9veloppement de macro-lots touristiques ou r\u00e9sidentiels de haut niveau.<\/li>\n<li>Ressources en eau : le ruisseau El Turbio, plusieurs lagunes et mallines garantissent l&#8217;approvisionnement en eau du ranch et renforcent la biodiversit\u00e9.<\/li>\n<li>Exposition solaire et vents de Patagonie : parfait pour l&#8217;int\u00e9gration des \u00e9nergies renouvelables \u00e9oliennes ou solaires.<\/li>\n<li>Des infrastructures construites pour durer<\/li>\n<li>Maison principale de 300 m\u00b2 (style anglais), pr\u00eate \u00e0 \u00eatre restaur\u00e9e et transform\u00e9e en g\u00eete de charme ou en retraite familiale.<\/li>\n<li>Hangar de tonte, hangar d&#8217;entretien avec fosse, corral et citerne sur\u00e9lev\u00e9e : pr\u00eats \u00e0 fonctionner d\u00e8s le premier jour.<\/li>\n<li>Des logements ind\u00e9pendants pour les contrema\u00eetres et les \u00e9quipes, ainsi qu&#8217;une maison de transition dans le ranch qui ouvre la porte au tourisme d&#8217;aventure.<br><br><\/li>\n<\/ul>\n<p><strong>Une situation strat\u00e9gique avec une \u00e2me patagonienne<\/strong><\/p>\n<p>A seulement 83 km d&#8217;El Calafate (1 heure de l&#8217;a\u00e9roport) et 21 km de la Ruta 40 sur une route en excellent \u00e9tat. D&#8217;ici, le glacier Perito Moreno, El Chalt\u00e9n et Estancia Cristina sont des excursions naturelles. Le signal 4G atteint la coque et Starlink peut \u00eatre install\u00e9 pour une connectivit\u00e9 haut de gamme.  <\/p>\n<p><strong>Un paysage plein de vie<\/strong><\/p>\n<p>Le coir\u00f3n, le romerillo et le calafate dor\u00e9s peignent la steppe ; les guanacos, les renards et les pumas croisent le regard du visiteur ; les peupliers et les saules de la coque offrent un abri au coucher du soleil. Le climat est froid et sec, avec 150 \u00e0 300 mm de pr\u00e9cipitations annuelles : parfait pour les moutons \u00e0 laine fine et les bovins \u00e0 viande maigre. <\/p>\n<p><strong>Potentiel d&#8217;investissement et h\u00e9ritage<\/strong><\/p>\n<p>L&#8217;Estancia sur le lac Argentino, La Angostura, a son propre r\u00f4le et n&#8217;est soumise \u00e0 aucune restriction ou hypoth\u00e8que. La Angostura est plus qu&#8217;un terrain : c&#8217;est un domaine pr\u00eat \u00e0 multiplier sa valeur. Qu&#8217;il s&#8217;agisse d&#8217;un pavillon de p\u00eache \u00e0 la mouche exclusif, d&#8217;un macro-lot en bordure de lac ou d&#8217;une exploitation bovine d&#8217;\u00e9lite, les possibilit\u00e9s convergent en un seul point : le dernier grand terrain vierge sur le plus grand lac de Patagonie en Argentine.  <\/p>\n<p><strong>Appropriez-vous un morceau de Patagonie profonde.<\/strong><\/p>\n<p>Contactez-nous pour plus d&#8217;informations, pour organiser une visite priv\u00e9e ou pour explorer des options d&#8217;investissement sur mesure. L&#8217;Estancia La Angostura vous attend pour \u00e9crire la prochaine grande histoire sur les rives du Lago Argentino. <\/p>\t\t\t\t\t\t\t\t<\/div>\n\t\t\t\t\t<\/div>\n\t\t\t\t<\/div>\n\t\t\t\t<\/div>\n\t\t","protected":false},"excerpt":{"rendered":"<p>Estancia sur le lac Argentino. Avec 10 kilom\u00e8tres de rives et une vue sur la ville d&#8217; El Calafate. Il dispose d&#8217; installations de style anglais, d&#8217;une capacit\u00e9 de 3 500 ovins et 600 bovins, \u00e0 21 kilom\u00e8tres de la route 40.   Pr\u00e8s d&#8217;El Chalt\u00e9n.<\/p>\n","protected":false},"featured_media":42305,"template":"","meta":{"_acf_changed":false},"product_brand":[],"product_cat":[465],"product_tag":[233,238,237],"regiones":[462],"ciudades":[],"class_list":{"0":"post-42396","1":"product","2":"type-product","3":"status-publish","4":"has-post-thumbnail","6":"product_cat-argentine","7":"product_tag-champs","8":"product_tag-champs-de-conservation","9":"product_tag-proprietes-touristiques","10":"regiones-argentina","12":"first","13":"instock","14":"shipping-taxable","15":"purchasable","16":"product-type-simple"},"acf":[],"yoast_head":"<!-- This site is optimized with the Yoast SEO Premium plugin v26.0 (Yoast SEO v27.3) - https:\/\/yoast.com\/product\/yoast-seo-premium-wordpress\/ -->\n<title>Estancia La Angostura - Lago Argentino, Santa Cruz - Produncan<\/title>\n<meta name=\"description\" content=\"Estancia de 23.662 ha dans le Lago Argentino, avec 10 km de rivage, vue sur El Calafate, capacit\u00e9 de b\u00e9tail et constructions anglaises. A 21 km de la Ruta 40.\" \/>\n<meta name=\"robots\" content=\"index, follow, max-snippet:-1, max-image-preview:large, max-video-preview:-1\" \/>\n<link rel=\"canonical\" href=\"https:\/\/produncan.cl\/fr\/produit\/estancia-la-angostura-lago-argentino-santa-cruz\/\" \/>\n<meta property=\"og:locale\" content=\"fr_FR\" \/>\n<meta property=\"og:type\" content=\"article\" \/>\n<meta property=\"og:title\" content=\"Estancia La Angostura - Lago Argentino, Santa Cruz\" \/>\n<meta property=\"og:description\" content=\"Estancia de 23.662 ha dans le Lago Argentino, avec 10 km de rivage, vue sur El Calafate, capacit\u00e9 de b\u00e9tail et constructions anglaises. A 21 km de la Ruta 40.\" \/>\n<meta property=\"og:url\" content=\"https:\/\/produncan.cl\/fr\/produit\/estancia-la-angostura-lago-argentino-santa-cruz\/\" \/>\n<meta property=\"og:site_name\" content=\"Produncan\" \/>\n<meta property=\"article:publisher\" content=\"https:\/\/web.facebook.com\/produncanland\" \/>\n<meta property=\"article:modified_time\" content=\"2025-11-05T14:58:45+00:00\" \/>\n<meta property=\"og:image\" content=\"https:\/\/produncan.cl\/wp-content\/uploads\/2025\/07\/Estancia-en-venta-La-Angostura.webp\" \/>\n\t<meta property=\"og:image:width\" content=\"800\" \/>\n\t<meta property=\"og:image:height\" content=\"600\" \/>\n\t<meta property=\"og:image:type\" content=\"image\/webp\" \/>\n<meta name=\"twitter:card\" content=\"summary_large_image\" \/>\n<meta name=\"twitter:label1\" content=\"Price\" \/>\n\t<meta name=\"twitter:data1\" content=\"USD5.036.200,00\" \/>\n\t<meta name=\"twitter:label2\" content=\"Availability\" \/>\n\t<meta name=\"twitter:data2\" content=\"In stock\" \/>\n<script type=\"application\/ld+json\" class=\"yoast-schema-graph\">{\"@context\":\"https:\\\/\\\/schema.org\",\"@graph\":[{\"@type\":\"WebPage\",\"@id\":\"https:\\\/\\\/produncan.cl\\\/fr\\\/produit\\\/estancia-la-angostura-lago-argentino-santa-cruz\\\/\",\"url\":\"https:\\\/\\\/produncan.cl\\\/fr\\\/produit\\\/estancia-la-angostura-lago-argentino-santa-cruz\\\/\",\"name\":\"Estancia La Angostura - Lago Argentino, Santa Cruz - Produncan\",\"isPartOf\":{\"@id\":\"https:\\\/\\\/produncan.cl\\\/fr\\\/#website\"},\"primaryImageOfPage\":{\"@id\":\"https:\\\/\\\/produncan.cl\\\/fr\\\/produit\\\/estancia-la-angostura-lago-argentino-santa-cruz\\\/#primaryimage\"},\"image\":{\"@id\":\"https:\\\/\\\/produncan.cl\\\/fr\\\/produit\\\/estancia-la-angostura-lago-argentino-santa-cruz\\\/#primaryimage\"},\"thumbnailUrl\":\"https:\\\/\\\/produncan.cl\\\/wp-content\\\/uploads\\\/2025\\\/07\\\/Estancia-en-venta-La-Angostura.webp\",\"datePublished\":\"2025-07-03T03:52:45+00:00\",\"dateModified\":\"2025-11-05T14:58:45+00:00\",\"description\":\"Estancia de 23.662 ha dans le Lago Argentino, avec 10 km de rivage, vue sur El Calafate, capacit\u00e9 de b\u00e9tail et constructions anglaises. A 21 km de la Ruta 40.\",\"breadcrumb\":{\"@id\":\"https:\\\/\\\/produncan.cl\\\/fr\\\/produit\\\/estancia-la-angostura-lago-argentino-santa-cruz\\\/#breadcrumb\"},\"inLanguage\":\"fr-FR\",\"potentialAction\":[{\"@type\":\"ReadAction\",\"target\":[\"https:\\\/\\\/produncan.cl\\\/fr\\\/produit\\\/estancia-la-angostura-lago-argentino-santa-cruz\\\/\"]}]},{\"@type\":\"ImageObject\",\"inLanguage\":\"fr-FR\",\"@id\":\"https:\\\/\\\/produncan.cl\\\/fr\\\/produit\\\/estancia-la-angostura-lago-argentino-santa-cruz\\\/#primaryimage\",\"url\":\"https:\\\/\\\/produncan.cl\\\/wp-content\\\/uploads\\\/2025\\\/07\\\/Estancia-en-venta-La-Angostura.webp\",\"contentUrl\":\"https:\\\/\\\/produncan.cl\\\/wp-content\\\/uploads\\\/2025\\\/07\\\/Estancia-en-venta-La-Angostura.webp\",\"width\":800,\"height\":600,\"caption\":\"S\u00e9jour \u00e0 vendre La Angostura\"},{\"@type\":\"BreadcrumbList\",\"@id\":\"https:\\\/\\\/produncan.cl\\\/fr\\\/produit\\\/estancia-la-angostura-lago-argentino-santa-cruz\\\/#breadcrumb\",\"itemListElement\":[{\"@type\":\"ListItem\",\"position\":1,\"name\":\"Inicio\",\"item\":\"https:\\\/\\\/produncan.cl\\\/fr\\\/\"},{\"@type\":\"ListItem\",\"position\":2,\"name\":\"Propri\u00e9t\u00e9s\",\"item\":\"https:\\\/\\\/produncan.cl\\\/propiedades\\\/\"},{\"@type\":\"ListItem\",\"position\":3,\"name\":\"Champs\",\"item\":\"https:\\\/\\\/produncan.cl\\\/fr\\\/cat&eacute;gorie\\\/champs\\\/\"},{\"@type\":\"ListItem\",\"position\":4,\"name\":\"Estancia La Angostura &#8211; Lago Argentino, Santa Cruz\"}]},{\"@type\":\"WebSite\",\"@id\":\"https:\\\/\\\/produncan.cl\\\/fr\\\/#website\",\"url\":\"https:\\\/\\\/produncan.cl\\\/fr\\\/\",\"name\":\"Produncan\",\"description\":\"Nous vous accompagnons dans votre projet de vie !\",\"publisher\":{\"@id\":\"https:\\\/\\\/produncan.cl\\\/fr\\\/#organization\"},\"potentialAction\":[{\"@type\":\"SearchAction\",\"target\":{\"@type\":\"EntryPoint\",\"urlTemplate\":\"https:\\\/\\\/produncan.cl\\\/fr\\\/?s={search_term_string}\"},\"query-input\":{\"@type\":\"PropertyValueSpecification\",\"valueRequired\":true,\"valueName\":\"search_term_string\"}}],\"inLanguage\":\"fr-FR\"},{\"@type\":\"Organization\",\"@id\":\"https:\\\/\\\/produncan.cl\\\/fr\\\/#organization\",\"name\":\"Produncan\",\"url\":\"https:\\\/\\\/produncan.cl\\\/fr\\\/\",\"logo\":{\"@type\":\"ImageObject\",\"inLanguage\":\"fr-FR\",\"@id\":\"https:\\\/\\\/produncan.cl\\\/fr\\\/#\\\/schema\\\/logo\\\/image\\\/\",\"url\":\"https:\\\/\\\/produncan.cl\\\/wp-content\\\/uploads\\\/2021\\\/03\\\/LOGO.jpeg\",\"contentUrl\":\"https:\\\/\\\/produncan.cl\\\/wp-content\\\/uploads\\\/2021\\\/03\\\/LOGO.jpeg\",\"width\":1280,\"height\":903,\"caption\":\"Produncan\"},\"image\":{\"@id\":\"https:\\\/\\\/produncan.cl\\\/fr\\\/#\\\/schema\\\/logo\\\/image\\\/\"},\"sameAs\":[\"https:\\\/\\\/web.facebook.com\\\/produncanland\",\"https:\\\/\\\/www.instagram.com\\\/pro_duncan\\\/\",\"https:\\\/\\\/www.linkedin.com\\\/company\\\/produncan-lands\\\/\",\"https:\\\/\\\/www.youtube.com\\\/channel\\\/UCu7N-f3x0svkazD-Eew1-QQ\"],\"description\":\"En Produncan somos especialistas en la venta de terrenos en el sur de Chile. Proveemos estancias, campos, parcelas y hoteles.\",\"email\":\"info@produncan.cl\"}]}<\/script>\n<meta property=\"og:video\" content=\"https:\/\/www.youtube.com\/embed\/-eVUwIWjn5k\" \/>\n<meta property=\"og:video:type\" content=\"text\/html\" \/>\n<meta property=\"og:video:duration\" content=\"93\" \/>\n<meta property=\"og:video:width\" content=\"480\" \/>\n<meta property=\"og:video:height\" content=\"270\" \/>\n<meta property=\"ya:ovs:adult\" content=\"false\" \/>\n<meta property=\"ya:ovs:upload_date\" content=\"2025-07-03T03:52:45+00:00\" \/>\n<meta property=\"ya:ovs:allow_embed\" content=\"true\" \/>\n<meta property=\"product:price:amount\" content=\"5036200.00\" \/>\n<meta property=\"product:price:currency\" content=\"USD\" \/>\n<meta property=\"og:availability\" content=\"instock\" \/>\n<meta property=\"product:availability\" content=\"instock\" \/>\n<meta property=\"product:condition\" content=\"new\" \/>\n<!-- \/ Yoast SEO Premium plugin. -->","yoast_head_json":{"title":"Estancia La Angostura - Lago Argentino, Santa Cruz - Produncan","description":"Estancia de 23.662 ha dans le Lago Argentino, avec 10 km de rivage, vue sur El Calafate, capacit\u00e9 de b\u00e9tail et constructions anglaises. A 21 km de la Ruta 40.","robots":{"index":"index","follow":"follow","max-snippet":"max-snippet:-1","max-image-preview":"max-image-preview:large","max-video-preview":"max-video-preview:-1"},"canonical":"https:\/\/produncan.cl\/fr\/produit\/estancia-la-angostura-lago-argentino-santa-cruz\/","og_locale":"fr_FR","og_type":"article","og_title":"Estancia La Angostura - Lago Argentino, Santa Cruz","og_description":"Estancia de 23.662 ha dans le Lago Argentino, avec 10 km de rivage, vue sur El Calafate, capacit\u00e9 de b\u00e9tail et constructions anglaises. A 21 km de la Ruta 40.","og_url":"https:\/\/produncan.cl\/fr\/produit\/estancia-la-angostura-lago-argentino-santa-cruz\/","og_site_name":"Produncan","article_publisher":"https:\/\/web.facebook.com\/produncanland","article_modified_time":"2025-11-05T14:58:45+00:00","og_image":[{"width":800,"height":600,"url":"https:\/\/produncan.cl\/wp-content\/uploads\/2025\/07\/Estancia-en-venta-La-Angostura.webp","type":"image\/webp"}],"twitter_card":"summary_large_image","twitter_misc":{"Price":"USD5.036.200,00","Availability":"In stock"},"schema":{"@context":"https:\/\/schema.org","@graph":[{"@type":"WebPage","@id":"https:\/\/produncan.cl\/fr\/produit\/estancia-la-angostura-lago-argentino-santa-cruz\/","url":"https:\/\/produncan.cl\/fr\/produit\/estancia-la-angostura-lago-argentino-santa-cruz\/","name":"Estancia La Angostura - Lago Argentino, Santa Cruz - Produncan","isPartOf":{"@id":"https:\/\/produncan.cl\/fr\/#website"},"primaryImageOfPage":{"@id":"https:\/\/produncan.cl\/fr\/produit\/estancia-la-angostura-lago-argentino-santa-cruz\/#primaryimage"},"image":{"@id":"https:\/\/produncan.cl\/fr\/produit\/estancia-la-angostura-lago-argentino-santa-cruz\/#primaryimage"},"thumbnailUrl":"https:\/\/produncan.cl\/wp-content\/uploads\/2025\/07\/Estancia-en-venta-La-Angostura.webp","datePublished":"2025-07-03T03:52:45+00:00","dateModified":"2025-11-05T14:58:45+00:00","description":"Estancia de 23.662 ha dans le Lago Argentino, avec 10 km de rivage, vue sur El Calafate, capacit\u00e9 de b\u00e9tail et constructions anglaises. A 21 km de la Ruta 40.","breadcrumb":{"@id":"https:\/\/produncan.cl\/fr\/produit\/estancia-la-angostura-lago-argentino-santa-cruz\/#breadcrumb"},"inLanguage":"fr-FR","potentialAction":[{"@type":"ReadAction","target":["https:\/\/produncan.cl\/fr\/produit\/estancia-la-angostura-lago-argentino-santa-cruz\/"]}]},{"@type":"ImageObject","inLanguage":"fr-FR","@id":"https:\/\/produncan.cl\/fr\/produit\/estancia-la-angostura-lago-argentino-santa-cruz\/#primaryimage","url":"https:\/\/produncan.cl\/wp-content\/uploads\/2025\/07\/Estancia-en-venta-La-Angostura.webp","contentUrl":"https:\/\/produncan.cl\/wp-content\/uploads\/2025\/07\/Estancia-en-venta-La-Angostura.webp","width":800,"height":600,"caption":"S\u00e9jour \u00e0 vendre La Angostura"},{"@type":"BreadcrumbList","@id":"https:\/\/produncan.cl\/fr\/produit\/estancia-la-angostura-lago-argentino-santa-cruz\/#breadcrumb","itemListElement":[{"@type":"ListItem","position":1,"name":"Inicio","item":"https:\/\/produncan.cl\/fr\/"},{"@type":"ListItem","position":2,"name":"Propri\u00e9t\u00e9s","item":"https:\/\/produncan.cl\/propiedades\/"},{"@type":"ListItem","position":3,"name":"Champs","item":"https:\/\/produncan.cl\/fr\/cat&eacute;gorie\/champs\/"},{"@type":"ListItem","position":4,"name":"Estancia La Angostura &#8211; Lago Argentino, Santa Cruz"}]},{"@type":"WebSite","@id":"https:\/\/produncan.cl\/fr\/#website","url":"https:\/\/produncan.cl\/fr\/","name":"Produncan","description":"Nous vous accompagnons dans votre projet de vie !","publisher":{"@id":"https:\/\/produncan.cl\/fr\/#organization"},"potentialAction":[{"@type":"SearchAction","target":{"@type":"EntryPoint","urlTemplate":"https:\/\/produncan.cl\/fr\/?s={search_term_string}"},"query-input":{"@type":"PropertyValueSpecification","valueRequired":true,"valueName":"search_term_string"}}],"inLanguage":"fr-FR"},{"@type":"Organization","@id":"https:\/\/produncan.cl\/fr\/#organization","name":"Produncan","url":"https:\/\/produncan.cl\/fr\/","logo":{"@type":"ImageObject","inLanguage":"fr-FR","@id":"https:\/\/produncan.cl\/fr\/#\/schema\/logo\/image\/","url":"https:\/\/produncan.cl\/wp-content\/uploads\/2021\/03\/LOGO.jpeg","contentUrl":"https:\/\/produncan.cl\/wp-content\/uploads\/2021\/03\/LOGO.jpeg","width":1280,"height":903,"caption":"Produncan"},"image":{"@id":"https:\/\/produncan.cl\/fr\/#\/schema\/logo\/image\/"},"sameAs":["https:\/\/web.facebook.com\/produncanland","https:\/\/www.instagram.com\/pro_duncan\/","https:\/\/www.linkedin.com\/company\/produncan-lands\/","https:\/\/www.youtube.com\/channel\/UCu7N-f3x0svkazD-Eew1-QQ"],"description":"En Produncan somos especialistas en la venta de terrenos en el sur de Chile. Proveemos estancias, campos, parcelas y hoteles.","email":"info@produncan.cl"}]},"og_video":"https:\/\/www.youtube.com\/embed\/-eVUwIWjn5k","og_video_type":"text\/html","og_video_duration":"93","og_video_width":"480","og_video_height":"270","ya_ovs_adult":"false","ya_ovs_upload_date":"2025-07-03T03:52:45+00:00","ya_ovs_allow_embed":"true","product_price_amount":"5036200.00","product_price_currency":"USD","og_availability":"instock","product_availability":"instock","product_condition":"new"},"_links":{"self":[{"href":"https:\/\/produncan.cl\/fr\/wp-json\/wp\/v2\/product\/42396","targetHints":{"allow":["GET"]}}],"collection":[{"href":"https:\/\/produncan.cl\/fr\/wp-json\/wp\/v2\/product"}],"about":[{"href":"https:\/\/produncan.cl\/fr\/wp-json\/wp\/v2\/types\/product"}],"version-history":[{"count":1,"href":"https:\/\/produncan.cl\/fr\/wp-json\/wp\/v2\/product\/42396\/revisions"}],"predecessor-version":[{"id":51621,"href":"https:\/\/produncan.cl\/fr\/wp-json\/wp\/v2\/product\/42396\/revisions\/51621"}],"wp:featuredmedia":[{"embeddable":true,"href":"https:\/\/produncan.cl\/fr\/wp-json\/wp\/v2\/media\/42305"}],"wp:attachment":[{"href":"https:\/\/produncan.cl\/fr\/wp-json\/wp\/v2\/media?parent=42396"}],"wp:term":[{"taxonomy":"product_brand","embeddable":true,"href":"https:\/\/produncan.cl\/fr\/wp-json\/wp\/v2\/product_brand?post=42396"},{"taxonomy":"product_cat","embeddable":true,"href":"https:\/\/produncan.cl\/fr\/wp-json\/wp\/v2\/product_cat?post=42396"},{"taxonomy":"product_tag","embeddable":true,"href":"https:\/\/produncan.cl\/fr\/wp-json\/wp\/v2\/product_tag?post=42396"},{"taxonomy":"regiones","embeddable":true,"href":"https:\/\/produncan.cl\/fr\/wp-json\/wp\/v2\/regiones?post=42396"},{"taxonomy":"ciudades","embeddable":true,"href":"https:\/\/produncan.cl\/fr\/wp-json\/wp\/v2\/ciudades?post=42396"}],"curies":[{"name":"wp","href":"https:\/\/api.w.org\/{rel}","templated":true}]}}