{"id":43677,"date":"2025-07-08T12:26:20","date_gmt":"2025-07-08T16:26:20","guid":{"rendered":"https:\/\/produncan.cl\/producto\/parcela-rio-norte-region-d-aysen\/"},"modified":"2025-11-24T11:29:55","modified_gmt":"2025-11-24T14:29:55","slug":"parcela-rio-norte-region-d-aysen","status":"publish","type":"product","link":"https:\/\/produncan.cl\/fr\/produit\/parcela-rio-norte-region-d-aysen\/","title":{"rendered":"Parcela R\u00edo Norte &#8211; R\u00e9gion d&#8217; Ays\u00e9n"},"content":{"rendered":"\t\t<div data-elementor-type=\"product-post\" data-elementor-id=\"43677\" class=\"elementor elementor-43677 elementor-42534\" data-elementor-post-type=\"product\">\n\t\t\t\t<div class=\"elementor-element elementor-element-4cc0570 e-flex e-con-boxed e-con e-parent\" data-id=\"4cc0570\" data-element_type=\"container\" data-e-type=\"container\" data-settings=\"{&quot;jet_parallax_layout_list&quot;:[]}\">\n\t\t\t\t\t<div class=\"e-con-inner\">\n\t\t\t\t<div class=\"elementor-element elementor-element-d4bd3f4 elementor-widget elementor-widget-heading\" data-id=\"d4bd3f4\" data-element_type=\"widget\" data-e-type=\"widget\" data-widget_type=\"heading.default\">\n\t\t\t\t\t<h2 class=\"elementor-heading-title elementor-size-default\">1 hectare avec 300 m\u00e8tres de berge, \u00e0 2 heures de Coyhaique. <\/h2>\t\t\t\t<\/div>\n\t\t\t\t\t<\/div>\n\t\t\t\t<\/div>\n\t\t<div class=\"elementor-element elementor-element-58d15a0 e-flex e-con-boxed e-con e-parent\" data-id=\"58d15a0\" data-element_type=\"container\" data-e-type=\"container\" data-settings=\"{&quot;jet_parallax_layout_list&quot;:[]}\">\n\t\t\t\t\t<div class=\"e-con-inner\">\n\t\t\t\t<div class=\"elementor-element elementor-element-f1df884 elementor-widget elementor-widget-text-editor\" data-id=\"f1df884\" data-element_type=\"widget\" data-e-type=\"widget\" data-widget_type=\"text-editor.default\">\n\t\t\t\t\t\t\t\t\t<p>Imaginez que vous vous r\u00e9veillez chaque matin au son de l&#8217;eau vive de la rivi\u00e8re Nord, une canne \u00e0 p\u00eache \u00e0 la mouche \u00e0 la main et les imposantes montagnes de Patagonie qui ornent l&#8217;horizon. Ce terrain unique d&#8217;un hectare vous offre 300 m\u00e8tres de berge priv\u00e9e dans l&#8217;une des zones les plus vierges de la r\u00e9gion d&#8217;Ays\u00e9n, id\u00e9ale pour les amateurs de p\u00eache \u00e0 la mouche, de vie en plein air et de tranquillit\u00e9 absolue. <\/p>\n<p>Le terrain \u00e0 R\u00edo Norte, Ays\u00e9n, est compl\u00e8tement plat et utilisable. Il ne fait pas partie d&#8217;un projet parcellaire, ce qui signifie plus d&#8217;ind\u00e9pendance et de libert\u00e9 pour d\u00e9velopper une r\u00e9sidence priv\u00e9e, un lodge ou simplement pour profiter. Il n&#8217;y a actuellement pas d&#8217;\u00e9lectricit\u00e9 dans la r\u00e9gion, mais il y a de l&#8217;\u00e9nergie renouvelable subventionn\u00e9e dans la r\u00e9gion. La ligne passe \u00e0 9 kilom\u00e8tres de l\u00e0, et au fur et \u00e0 mesure que le secteur se d\u00e9veloppe, l&#8217;\u00e9lectricit\u00e9 arrivera. L&#8217;acc\u00e8s \u00e0 la propri\u00e9t\u00e9 se fait actuellement par le chemin d&#8217;une propri\u00e9t\u00e9 voisine, mais il existe une servitude de 400 m\u00e8tres qui est en cours d&#8217;enregistrement. Une fois l&#8217;achat et la vente termin\u00e9s, la servitude sera officiellement activ\u00e9e.     <\/p>\n<p>La flore pr\u00e9dominante comprend la lenga, le \u00f1irre, le calafate, la mata negra, le tr\u00e8fle et l&#8217;herbe \u00e0 grappes, tandis que la faune est riche et vari\u00e9e, avec la pr\u00e9sence de condors, de pumas, de cerfs, de renards et d&#8217;une grande diversit\u00e9 d&#8217; oiseaux tels que les chucaos, les huets huets, les pics et les coliparados.<\/p>\n<p>\u00c0 proximit\u00e9, vous trouverez des services de base tels qu&#8217;un bureau de poste, une \u00e9glise, une \u00e9cole, une \u00e9picerie et une banque voisine, ainsi que de nombreuses attractions naturelles telles que la Valle de la Luna, la Laguna Brava, le Lago Norte, le Cerro Catedral, le Lago Misterioso, le Lago Zapato et la Laguna Arados. Dans ces r\u00e9gions, il est possible de pratiquer la p\u00eache sportive, l&#8217;\u00e9quitation, le trekking et de visiter plusieurs g\u00eetes et pavillons de chasse. <\/p>\n<p>La proximit\u00e9 de la route internationale qui relie l &#8216;Alto R\u00edo Senguer \u00e0 l&#8217;Argentine ajoute une valeur strat\u00e9gique importante au territoire, ouvrant des possibilit\u00e9s de tourisme binational. Les paysages sont compos\u00e9s de for\u00eats indig\u00e8nes luxuriantes, de cha\u00eenes de montagnes d&#8217;origine s\u00e9dimentaire et de formations g\u00e9ologiques uniques , ce qui fait de ce territoire un paradis pour les g\u00e9ologues et les naturalistes. <\/p>\n<p>Ce terrain situ\u00e9 \u00e0 R\u00edo Norte, Ays\u00e9n, repr\u00e9sente une opportunit\u00e9 unique pour ceux qui cherchent \u00e0 investir dans une propri\u00e9t\u00e9 \u00e0 fort potentiel, dans un environnement d&#8217;une beaut\u00e9 \u00e0 couper le souffle, avec une intimit\u00e9 totale et en m\u00eame temps de bonnes connexions. Que ce soit pour construire une maison de r\u00eave, d\u00e9velopper un projet touristique ou simplement pour prot\u00e9ger un coin de Patagonie, ce terrain a tout ce qu&#8217;il faut pour devenir un v\u00e9ritable bijou personnel. <\/p>\n<p>Contactez-nous et apprenez \u00e0 conna\u00eetre ce terrain extraordinaire. C&#8217;est peut-\u00eatre le d\u00e9but de votre histoire dans la Patagonie profonde. <\/p>\t\t\t\t\t\t\t\t<\/div>\n\t\t\t\t\t<\/div>\n\t\t\t\t<\/div>\n\t\t\t\t<\/div>\n\t\t","protected":false},"excerpt":{"rendered":"<p>Terrain \u00e0 Rio Norte, Ays\u00e9n. Avec 300 m\u00e8tres de berge. Un terrain unique et plat, id\u00e9al pour les amateurs de p\u00eache \u00e0 la mouche. Deux heures au nord de Coyhaique. Pr\u00e8s de la route internationale Alto Rio Senguer en Argentine.    <\/p>\n","protected":false},"featured_media":42539,"template":"","meta":{"_acf_changed":false},"product_brand":[],"product_cat":[129],"product_tag":[236,237],"regiones":[225],"ciudades":[209],"class_list":{"0":"post-43677","1":"product","2":"type-product","3":"status-publish","4":"has-post-thumbnail","6":"product_cat-aysen-magallanes-fr","7":"product_tag-parcelles","8":"product_tag-proprietes-touristiques","9":"regiones-aysen-magallanes","10":"ciudades-coyhaique","12":"first","13":"instock","14":"shipping-taxable","15":"purchasable","16":"product-type-simple"},"acf":[],"yoast_head":"<!-- This site is optimized with the Yoast SEO Premium plugin v26.0 (Yoast SEO v27.3) - https:\/\/yoast.com\/product\/yoast-seo-premium-wordpress\/ -->\n<title>Parcela R\u00edo Norte - R\u00e9gion d&#039; Ays\u00e9n - Produncan<\/title>\n<meta name=\"description\" content=\"Terrain de 1 ha \u00e0 Rio Norte, Ays\u00e9n, avec 300 m de rivage. Terrain plat, id\u00e9al pour la p\u00eache \u00e0 la mouche. \u00c0 2 heures de Coyhaique et pr\u00e8s de la route menant \u00e0 Alto R\u00edo Senguer.\" \/>\n<meta name=\"robots\" content=\"index, follow, max-snippet:-1, max-image-preview:large, max-video-preview:-1\" \/>\n<link rel=\"canonical\" href=\"https:\/\/produncan.cl\/fr\/produit\/parcela-rio-norte-region-d-aysen\/\" \/>\n<meta property=\"og:locale\" content=\"fr_FR\" \/>\n<meta property=\"og:type\" content=\"article\" \/>\n<meta property=\"og:title\" content=\"Parcela R\u00edo Norte - R\u00e9gion d&#039; Ays\u00e9n\" \/>\n<meta property=\"og:description\" content=\"Terrain de 1 ha \u00e0 Rio Norte, Ays\u00e9n, avec 300 m de rivage. Terrain plat, id\u00e9al pour la p\u00eache \u00e0 la mouche. A 2 heures de Coyhaique et \u00e0 proximit\u00e9 de la route de l&#039;Alto Rio Senguer.\" \/>\n<meta property=\"og:url\" content=\"https:\/\/produncan.cl\/fr\/produit\/parcela-rio-norte-region-d-aysen\/\" \/>\n<meta property=\"og:site_name\" content=\"Produncan\" \/>\n<meta property=\"article:publisher\" content=\"https:\/\/web.facebook.com\/produncanland\" \/>\n<meta property=\"article:modified_time\" content=\"2025-11-24T14:29:55+00:00\" \/>\n<meta property=\"og:image\" content=\"https:\/\/produncan.cl\/wp-content\/uploads\/2025\/07\/Lote-en-venta-Rio-Norte.webp\" \/>\n<meta name=\"twitter:card\" content=\"summary_large_image\" \/>\n<meta name=\"twitter:label1\" content=\"Price\" \/>\n\t<meta name=\"twitter:data1\" content=\"USD38.100,00\" \/>\n\t<meta name=\"twitter:label2\" content=\"Availability\" \/>\n\t<meta name=\"twitter:data2\" content=\"In stock\" \/>\n<script type=\"application\/ld+json\" class=\"yoast-schema-graph\">{\"@context\":\"https:\\\/\\\/schema.org\",\"@graph\":[{\"@type\":\"WebPage\",\"@id\":\"https:\\\/\\\/produncan.cl\\\/fr\\\/produit\\\/parcela-rio-norte-region-d-aysen\\\/\",\"url\":\"https:\\\/\\\/produncan.cl\\\/fr\\\/produit\\\/parcela-rio-norte-region-d-aysen\\\/\",\"name\":\"Parcela R\u00edo Norte - R\u00e9gion d' Ays\u00e9n - Produncan\",\"isPartOf\":{\"@id\":\"https:\\\/\\\/produncan.cl\\\/fr\\\/#website\"},\"primaryImageOfPage\":{\"@id\":\"https:\\\/\\\/produncan.cl\\\/fr\\\/produit\\\/parcela-rio-norte-region-d-aysen\\\/#primaryimage\"},\"image\":{\"@id\":\"https:\\\/\\\/produncan.cl\\\/fr\\\/produit\\\/parcela-rio-norte-region-d-aysen\\\/#primaryimage\"},\"thumbnailUrl\":\"https:\\\/\\\/produncan.cl\\\/wp-content\\\/uploads\\\/2025\\\/07\\\/Lote-en-venta-Rio-Norte.webp\",\"datePublished\":\"2025-07-08T16:26:20+00:00\",\"dateModified\":\"2025-11-24T14:29:55+00:00\",\"description\":\"Terrain de 1 ha \u00e0 Rio Norte, Ays\u00e9n, avec 300 m de rivage. Terrain plat, id\u00e9al pour la p\u00eache \u00e0 la mouche. \u00c0 2 heures de Coyhaique et pr\u00e8s de la route menant \u00e0 Alto R\u00edo Senguer.\",\"breadcrumb\":{\"@id\":\"https:\\\/\\\/produncan.cl\\\/fr\\\/produit\\\/parcela-rio-norte-region-d-aysen\\\/#breadcrumb\"},\"inLanguage\":\"fr-FR\",\"potentialAction\":[{\"@type\":\"ReadAction\",\"target\":[\"https:\\\/\\\/produncan.cl\\\/fr\\\/produit\\\/parcela-rio-norte-region-d-aysen\\\/\"]}]},{\"@type\":\"ImageObject\",\"inLanguage\":\"fr-FR\",\"@id\":\"https:\\\/\\\/produncan.cl\\\/fr\\\/produit\\\/parcela-rio-norte-region-d-aysen\\\/#primaryimage\",\"url\":\"https:\\\/\\\/produncan.cl\\\/wp-content\\\/uploads\\\/2025\\\/07\\\/Lote-en-venta-Rio-Norte.webp\",\"contentUrl\":\"https:\\\/\\\/produncan.cl\\\/wp-content\\\/uploads\\\/2025\\\/07\\\/Lote-en-venta-Rio-Norte.webp\",\"width\":800,\"height\":600},{\"@type\":\"BreadcrumbList\",\"@id\":\"https:\\\/\\\/produncan.cl\\\/fr\\\/produit\\\/parcela-rio-norte-region-d-aysen\\\/#breadcrumb\",\"itemListElement\":[{\"@type\":\"ListItem\",\"position\":1,\"name\":\"Inicio\",\"item\":\"https:\\\/\\\/produncan.cl\\\/fr\\\/\"},{\"@type\":\"ListItem\",\"position\":2,\"name\":\"Propri\u00e9t\u00e9s\",\"item\":\"https:\\\/\\\/produncan.cl\\\/propiedades\\\/\"},{\"@type\":\"ListItem\",\"position\":3,\"name\":\"Parcelles\",\"item\":\"https:\\\/\\\/produncan.cl\\\/fr\\\/cat&eacute;gorie\\\/parcelles\\\/\"},{\"@type\":\"ListItem\",\"position\":4,\"name\":\"Parcela R\u00edo Norte &#8211; R\u00e9gion d&#8217; Ays\u00e9n\"}]},{\"@type\":\"WebSite\",\"@id\":\"https:\\\/\\\/produncan.cl\\\/fr\\\/#website\",\"url\":\"https:\\\/\\\/produncan.cl\\\/fr\\\/\",\"name\":\"Produncan\",\"description\":\"Nous vous accompagnons dans votre projet de vie !\",\"publisher\":{\"@id\":\"https:\\\/\\\/produncan.cl\\\/fr\\\/#organization\"},\"potentialAction\":[{\"@type\":\"SearchAction\",\"target\":{\"@type\":\"EntryPoint\",\"urlTemplate\":\"https:\\\/\\\/produncan.cl\\\/fr\\\/?s={search_term_string}\"},\"query-input\":{\"@type\":\"PropertyValueSpecification\",\"valueRequired\":true,\"valueName\":\"search_term_string\"}}],\"inLanguage\":\"fr-FR\"},{\"@type\":\"Organization\",\"@id\":\"https:\\\/\\\/produncan.cl\\\/fr\\\/#organization\",\"name\":\"Produncan\",\"url\":\"https:\\\/\\\/produncan.cl\\\/fr\\\/\",\"logo\":{\"@type\":\"ImageObject\",\"inLanguage\":\"fr-FR\",\"@id\":\"https:\\\/\\\/produncan.cl\\\/fr\\\/#\\\/schema\\\/logo\\\/image\\\/\",\"url\":\"https:\\\/\\\/produncan.cl\\\/wp-content\\\/uploads\\\/2021\\\/03\\\/LOGO.jpeg\",\"contentUrl\":\"https:\\\/\\\/produncan.cl\\\/wp-content\\\/uploads\\\/2021\\\/03\\\/LOGO.jpeg\",\"width\":1280,\"height\":903,\"caption\":\"Produncan\"},\"image\":{\"@id\":\"https:\\\/\\\/produncan.cl\\\/fr\\\/#\\\/schema\\\/logo\\\/image\\\/\"},\"sameAs\":[\"https:\\\/\\\/web.facebook.com\\\/produncanland\",\"https:\\\/\\\/www.instagram.com\\\/pro_duncan\\\/\",\"https:\\\/\\\/www.linkedin.com\\\/company\\\/produncan-lands\\\/\",\"https:\\\/\\\/www.youtube.com\\\/channel\\\/UCu7N-f3x0svkazD-Eew1-QQ\"],\"description\":\"En Produncan somos especialistas en la venta de terrenos en el sur de Chile. Proveemos estancias, campos, parcelas y hoteles.\",\"email\":\"info@produncan.cl\"}]}<\/script>\n<meta property=\"og:video\" content=\"https:\/\/www.youtube.com\/embed\/CRrEcnTZBFE\" \/>\n<meta property=\"og:video:type\" content=\"text\/html\" \/>\n<meta property=\"og:video:duration\" content=\"68\" \/>\n<meta property=\"og:video:width\" content=\"480\" \/>\n<meta property=\"og:video:height\" content=\"270\" \/>\n<meta property=\"ya:ovs:adult\" content=\"false\" \/>\n<meta property=\"ya:ovs:upload_date\" content=\"2025-07-08T16:26:20+00:00\" \/>\n<meta property=\"ya:ovs:allow_embed\" content=\"true\" \/>\n<meta property=\"product:price:amount\" content=\"38100.00\" \/>\n<meta property=\"product:price:currency\" content=\"USD\" \/>\n<meta property=\"og:availability\" content=\"instock\" \/>\n<meta property=\"product:availability\" content=\"instock\" \/>\n<meta property=\"product:condition\" content=\"new\" \/>\n<!-- \/ Yoast SEO Premium plugin. -->","yoast_head_json":{"title":"Parcela R\u00edo Norte - R\u00e9gion d' Ays\u00e9n - Produncan","description":"Terrain de 1 ha \u00e0 Rio Norte, Ays\u00e9n, avec 300 m de rivage. Terrain plat, id\u00e9al pour la p\u00eache \u00e0 la mouche. \u00c0 2 heures de Coyhaique et pr\u00e8s de la route menant \u00e0 Alto R\u00edo Senguer.","robots":{"index":"index","follow":"follow","max-snippet":"max-snippet:-1","max-image-preview":"max-image-preview:large","max-video-preview":"max-video-preview:-1"},"canonical":"https:\/\/produncan.cl\/fr\/produit\/parcela-rio-norte-region-d-aysen\/","og_locale":"fr_FR","og_type":"article","og_title":"Parcela R\u00edo Norte - R\u00e9gion d' Ays\u00e9n","og_description":"Terrain de 1 ha \u00e0 Rio Norte, Ays\u00e9n, avec 300 m de rivage. Terrain plat, id\u00e9al pour la p\u00eache \u00e0 la mouche. A 2 heures de Coyhaique et \u00e0 proximit\u00e9 de la route de l'Alto Rio Senguer.","og_url":"https:\/\/produncan.cl\/fr\/produit\/parcela-rio-norte-region-d-aysen\/","og_site_name":"Produncan","article_publisher":"https:\/\/web.facebook.com\/produncanland","article_modified_time":"2025-11-24T14:29:55+00:00","og_image":[{"url":"https:\/\/produncan.cl\/wp-content\/uploads\/2025\/07\/Lote-en-venta-Rio-Norte.webp","type":"","width":"","height":""}],"twitter_card":"summary_large_image","twitter_misc":{"Price":"USD38.100,00","Availability":"In stock"},"schema":{"@context":"https:\/\/schema.org","@graph":[{"@type":"WebPage","@id":"https:\/\/produncan.cl\/fr\/produit\/parcela-rio-norte-region-d-aysen\/","url":"https:\/\/produncan.cl\/fr\/produit\/parcela-rio-norte-region-d-aysen\/","name":"Parcela R\u00edo Norte - R\u00e9gion d' Ays\u00e9n - Produncan","isPartOf":{"@id":"https:\/\/produncan.cl\/fr\/#website"},"primaryImageOfPage":{"@id":"https:\/\/produncan.cl\/fr\/produit\/parcela-rio-norte-region-d-aysen\/#primaryimage"},"image":{"@id":"https:\/\/produncan.cl\/fr\/produit\/parcela-rio-norte-region-d-aysen\/#primaryimage"},"thumbnailUrl":"https:\/\/produncan.cl\/wp-content\/uploads\/2025\/07\/Lote-en-venta-Rio-Norte.webp","datePublished":"2025-07-08T16:26:20+00:00","dateModified":"2025-11-24T14:29:55+00:00","description":"Terrain de 1 ha \u00e0 Rio Norte, Ays\u00e9n, avec 300 m de rivage. Terrain plat, id\u00e9al pour la p\u00eache \u00e0 la mouche. \u00c0 2 heures de Coyhaique et pr\u00e8s de la route menant \u00e0 Alto R\u00edo Senguer.","breadcrumb":{"@id":"https:\/\/produncan.cl\/fr\/produit\/parcela-rio-norte-region-d-aysen\/#breadcrumb"},"inLanguage":"fr-FR","potentialAction":[{"@type":"ReadAction","target":["https:\/\/produncan.cl\/fr\/produit\/parcela-rio-norte-region-d-aysen\/"]}]},{"@type":"ImageObject","inLanguage":"fr-FR","@id":"https:\/\/produncan.cl\/fr\/produit\/parcela-rio-norte-region-d-aysen\/#primaryimage","url":"https:\/\/produncan.cl\/wp-content\/uploads\/2025\/07\/Lote-en-venta-Rio-Norte.webp","contentUrl":"https:\/\/produncan.cl\/wp-content\/uploads\/2025\/07\/Lote-en-venta-Rio-Norte.webp","width":800,"height":600},{"@type":"BreadcrumbList","@id":"https:\/\/produncan.cl\/fr\/produit\/parcela-rio-norte-region-d-aysen\/#breadcrumb","itemListElement":[{"@type":"ListItem","position":1,"name":"Inicio","item":"https:\/\/produncan.cl\/fr\/"},{"@type":"ListItem","position":2,"name":"Propri\u00e9t\u00e9s","item":"https:\/\/produncan.cl\/propiedades\/"},{"@type":"ListItem","position":3,"name":"Parcelles","item":"https:\/\/produncan.cl\/fr\/cat&eacute;gorie\/parcelles\/"},{"@type":"ListItem","position":4,"name":"Parcela R\u00edo Norte &#8211; R\u00e9gion d&#8217; Ays\u00e9n"}]},{"@type":"WebSite","@id":"https:\/\/produncan.cl\/fr\/#website","url":"https:\/\/produncan.cl\/fr\/","name":"Produncan","description":"Nous vous accompagnons dans votre projet de vie !","publisher":{"@id":"https:\/\/produncan.cl\/fr\/#organization"},"potentialAction":[{"@type":"SearchAction","target":{"@type":"EntryPoint","urlTemplate":"https:\/\/produncan.cl\/fr\/?s={search_term_string}"},"query-input":{"@type":"PropertyValueSpecification","valueRequired":true,"valueName":"search_term_string"}}],"inLanguage":"fr-FR"},{"@type":"Organization","@id":"https:\/\/produncan.cl\/fr\/#organization","name":"Produncan","url":"https:\/\/produncan.cl\/fr\/","logo":{"@type":"ImageObject","inLanguage":"fr-FR","@id":"https:\/\/produncan.cl\/fr\/#\/schema\/logo\/image\/","url":"https:\/\/produncan.cl\/wp-content\/uploads\/2021\/03\/LOGO.jpeg","contentUrl":"https:\/\/produncan.cl\/wp-content\/uploads\/2021\/03\/LOGO.jpeg","width":1280,"height":903,"caption":"Produncan"},"image":{"@id":"https:\/\/produncan.cl\/fr\/#\/schema\/logo\/image\/"},"sameAs":["https:\/\/web.facebook.com\/produncanland","https:\/\/www.instagram.com\/pro_duncan\/","https:\/\/www.linkedin.com\/company\/produncan-lands\/","https:\/\/www.youtube.com\/channel\/UCu7N-f3x0svkazD-Eew1-QQ"],"description":"En Produncan somos especialistas en la venta de terrenos en el sur de Chile. Proveemos estancias, campos, parcelas y hoteles.","email":"info@produncan.cl"}]},"og_video":"https:\/\/www.youtube.com\/embed\/CRrEcnTZBFE","og_video_type":"text\/html","og_video_duration":"68","og_video_width":"480","og_video_height":"270","ya_ovs_adult":"false","ya_ovs_upload_date":"2025-07-08T16:26:20+00:00","ya_ovs_allow_embed":"true","product_price_amount":"38100.00","product_price_currency":"USD","og_availability":"instock","product_availability":"instock","product_condition":"new"},"_links":{"self":[{"href":"https:\/\/produncan.cl\/fr\/wp-json\/wp\/v2\/product\/43677","targetHints":{"allow":["GET"]}}],"collection":[{"href":"https:\/\/produncan.cl\/fr\/wp-json\/wp\/v2\/product"}],"about":[{"href":"https:\/\/produncan.cl\/fr\/wp-json\/wp\/v2\/types\/product"}],"version-history":[{"count":1,"href":"https:\/\/produncan.cl\/fr\/wp-json\/wp\/v2\/product\/43677\/revisions"}],"predecessor-version":[{"id":52263,"href":"https:\/\/produncan.cl\/fr\/wp-json\/wp\/v2\/product\/43677\/revisions\/52263"}],"wp:featuredmedia":[{"embeddable":true,"href":"https:\/\/produncan.cl\/fr\/wp-json\/wp\/v2\/media\/42539"}],"wp:attachment":[{"href":"https:\/\/produncan.cl\/fr\/wp-json\/wp\/v2\/media?parent=43677"}],"wp:term":[{"taxonomy":"product_brand","embeddable":true,"href":"https:\/\/produncan.cl\/fr\/wp-json\/wp\/v2\/product_brand?post=43677"},{"taxonomy":"product_cat","embeddable":true,"href":"https:\/\/produncan.cl\/fr\/wp-json\/wp\/v2\/product_cat?post=43677"},{"taxonomy":"product_tag","embeddable":true,"href":"https:\/\/produncan.cl\/fr\/wp-json\/wp\/v2\/product_tag?post=43677"},{"taxonomy":"regiones","embeddable":true,"href":"https:\/\/produncan.cl\/fr\/wp-json\/wp\/v2\/regiones?post=43677"},{"taxonomy":"ciudades","embeddable":true,"href":"https:\/\/produncan.cl\/fr\/wp-json\/wp\/v2\/ciudades?post=43677"}],"curies":[{"name":"wp","href":"https:\/\/api.w.org\/{rel}","templated":true}]}}