{"id":44288,"date":"2025-07-15T18:04:40","date_gmt":"2025-07-15T22:04:40","guid":{"rendered":"https:\/\/produncan.cl\/producto\/campagne-a-la-union-region-de-loncotregua-los-rios\/"},"modified":"2026-03-12T18:33:44","modified_gmt":"2026-03-12T21:33:44","slug":"campagne-a-la-union-region-de-loncotregua-los-rios","status":"publish","type":"product","link":"https:\/\/produncan.cl\/fr\/produit\/campagne-a-la-union-region-de-loncotregua-los-rios\/","title":{"rendered":"Campagne \u00e0 La Uni\u00f3n, r\u00e9gion de Loncotregua &#8211; Los R\u00edos"},"content":{"rendered":"\t\t<div data-elementor-type=\"product-post\" data-elementor-id=\"44288\" class=\"elementor elementor-44288 elementor-44170\" data-elementor-post-type=\"product\">\n\t\t\t\t<div class=\"elementor-element elementor-element-2ce973d e-flex e-con-boxed e-con e-parent\" data-id=\"2ce973d\" data-element_type=\"container\" data-e-type=\"container\" data-settings=\"{&quot;jet_parallax_layout_list&quot;:[]}\">\n\t\t\t\t\t<div class=\"e-con-inner\">\n\t\t\t\t<div class=\"elementor-element elementor-element-49a0653 elementor-widget elementor-widget-heading\" data-id=\"49a0653\" data-element_type=\"widget\" data-e-type=\"widget\" data-widget_type=\"heading.default\">\n\t\t\t\t\t<h2 class=\"elementor-heading-title elementor-size-default\">109,63 hectares de possibilit\u00e9s et de beaut\u00e9 \u00e0 la p\u00e9riph\u00e9rie d'une ville de tradition m\u00e9ridionale<\/h2>\t\t\t\t<\/div>\n\t\t\t\t\t<\/div>\n\t\t\t\t<\/div>\n\t\t<div class=\"elementor-element elementor-element-6dd9d00 e-flex e-con-boxed e-con e-parent\" data-id=\"6dd9d00\" data-element_type=\"container\" data-e-type=\"container\" data-settings=\"{&quot;jet_parallax_layout_list&quot;:[]}\">\n\t\t\t\t\t<div class=\"e-con-inner\">\n\t\t\t\t<div class=\"elementor-element elementor-element-b4e359f elementor-widget elementor-widget-text-editor\" data-id=\"b4e359f\" data-element_type=\"widget\" data-e-type=\"widget\" data-widget_type=\"text-editor.default\">\n\t\t\t\t\t\t\t\t\t<p>Dans le c\u0153ur vert de la r\u00e9gion de Los R\u00edos, \u00e0 seulement 14 minutes de la ville de La Uni\u00f3n, se trouve une ferme qui a tout pour elle : paysage, productivit\u00e9, connexion et un environnement qui vous invite \u00e0 vivre avec calme et d\u00e9termination. Campo Loncotregua n&#8217;est pas seulement une propri\u00e9t\u00e9 rurale, c&#8217;est une invitation \u00e0 construire un projet de vie dans l&#8217;une des r\u00e9gions les plus belles et les plus fertiles du sud du Chili. <\/p>\n<p>La campagne de La Uni\u00f3n, Loncotregua, pr\u00e9sente une topographie avec des collines douces qui s&#8217;ouvrent sur une vue panoramique inoubliable. Elle offre de bonnes conditions pour l&#8217;agriculture et l&#8217;\u00e9levage. L&#8217;ensoleillement est excellent tout au long de l&#8217;ann\u00e9e, car il n&#8217;y a pas de collines ou de montagnes \u00e0 proximit\u00e9 pour cr\u00e9er de l&#8217;ombre, et l&#8217;orientation orientale du terrain permet de profiter de chaque rayon de soleil t\u00f4t le matin. La v\u00e9g\u00e9tation est divis\u00e9e en grandes prairies productives et en zones de for\u00eats indig\u00e8nes, avec peu de pins et principalement des esp\u00e8ces indig\u00e8nes.   <\/p>\n<p>Elle compte 109,63 hectares \u00e0 usage agricole (environ 70 % de prairies), r\u00e9partis en deux r\u00f4les ind\u00e9pendants. La propri\u00e9t\u00e9 a un acc\u00e8s direct \u00e0 la route publique et ne donne pas de servitude \u00e0 d&#8217;autres propri\u00e9t\u00e9s. Elle dispose de l&#8217;\u00e9lectricit\u00e9 monophas\u00e9e, d&#8217;un bon signal et n&#8217;est qu&#8217;\u00e0 1,3 kilom\u00e8tre de la route asphalt\u00e9e, avant d&#8217;atteindre un tron\u00e7on de route gravillonn\u00e9e en excellent \u00e9tat et en cours d&#8217;asphaltage. Ce niveau de connectivit\u00e9, ainsi que la proximit\u00e9 des services, des transports publics et des t\u00e9l\u00e9communications, lui conf\u00e8rent une situation privil\u00e9gi\u00e9e pour ceux qui recherchent la tranquillit\u00e9 sans perdre le confort.   <\/p>\n<p>Le champ de La Uni\u00f3n, Loncotregua, est aliment\u00e9 en eau par une grande source qui coule de l&#8217;int\u00e9rieur de la propri\u00e9t\u00e9 et se transforme en estuaire. Il est bord\u00e9 sur 1,35 kilom\u00e8tre par l&#8217;estuaire de Radimadi. Le processus de demande de droits de consommation permanents de 12 litres par seconde a d\u00e9j\u00e0 \u00e9t\u00e9 entam\u00e9, ce qui garantit une ressource en eau vitale pour le d\u00e9veloppement productif de la propri\u00e9t\u00e9. <\/p>\n<p>L&#8217;infrastructure comprend une \u00e9table d&#8217;une capacit\u00e9 de 200 t\u00eates de b\u00e9tail, des abreuvoirs et des enclos int\u00e9rieurs, ce qui en fait une ferme facilement exploitable. Elle n&#8217;est pas contigu\u00eb \u00e0 des terres foresti\u00e8res ; ses voisins sont des agriculteurs et des \u00e9leveurs bien connus dans la r\u00e9gion, ce qui renforce un environnement sain, s\u00fbr et productif. <\/p>\n<p>Le climat de la r\u00e9gion est temp\u00e9r\u00e9 et pluvieux, avec une forte influence oc\u00e9anique. Las estaciones est\u00e1n bien definidas, con inviernos suaves y veranos agradables, lo que favorece el crecimiento de pasturas naturales y el bienestar animal. Ces conditions climatiques, ainsi que la qualit\u00e9 du sol et l&#8217;acc\u00e8s \u00e0 l&#8217;eau, font de cette exploitation un investissement \u00e0 projection et \u00e0 forte rentabilit\u00e9.  <\/p>\n<p>La ferme Loncotregua est propos\u00e9e \u00e0 la vente au prix de 28 000 UF. Une opportunit\u00e9 unique pour ceux qui recherchent un lieu o\u00f9 la terre, le paysage et la tranquillit\u00e9 s&#8217;unissent pour donner vie \u00e0 des projets productifs, familiaux ou de loisirs en pleine harmonie avec la nature. <\/p>\n<p>Si vous souhaitez le d\u00e9couvrir sur place, n&#8217;h\u00e9sitez pas \u00e0 nous rendre visite. Nous nous ferons un plaisir de vous accompagner \u00e0 chaque \u00e9tape. <\/p>\n\t\t\t\t\t\t\t\t<\/div>\n\t\t\t\t\t<\/div>\n\t\t\t\t<\/div>\n\t\t\t\t<\/div>\n\t\t","protected":false},"excerpt":{"rendered":"<p>Terrain agricole \u00e9levage \u00e0 14 minutes de la ville de La Uni\u00f3n. Avec acc\u00e8s goudronn\u00e9, sans servitudes, 70 % prairies, topographie vallonn\u00e9e, vue panoramique, versants, marais, infrastructure pour l&#8217;\u00e9levage et panneau. <\/p>\n","protected":false},"featured_media":44174,"template":"","meta":{"_acf_changed":false},"product_brand":[],"product_cat":[113],"product_tag":[233],"regiones":[226],"ciudades":[215,217,509],"class_list":{"0":"post-44288","1":"product","2":"type-product","3":"status-publish","4":"has-post-thumbnail","6":"product_cat-ohiggins-los-lagos-fr","7":"product_tag-champs","8":"regiones-nuble-los_lagos","9":"ciudades-la-union","10":"ciudades-osorno","11":"ciudades-rio-bueno","13":"first","14":"instock","15":"shipping-taxable","16":"purchasable","17":"product-type-simple"},"acf":[],"yoast_head":"<!-- This site is optimized with the Yoast SEO Premium plugin v26.0 (Yoast SEO v27.4) - https:\/\/yoast.com\/product\/yoast-seo-premium-wordpress\/ -->\n<title>Campagne \u00e0 La Uni\u00f3n, r\u00e9gion de Loncotregua - Los R\u00edos - Produncan<\/title>\n<meta name=\"description\" content=\"Ferme agricole et d&#039;\u00e9levage \u00e0 14 min de La Uni\u00f3n, avec acc\u00e8s asphalt\u00e9, 70% de prairies, vue panoramique, pentes, marais et infrastructures d&#039;\u00e9levage.\" \/>\n<meta name=\"robots\" content=\"index, follow, max-snippet:-1, max-image-preview:large, max-video-preview:-1\" \/>\n<link rel=\"canonical\" href=\"https:\/\/produncan.cl\/fr\/produit\/campagne-a-la-union-region-de-loncotregua-los-rios\/\" \/>\n<meta property=\"og:locale\" content=\"fr_FR\" \/>\n<meta property=\"og:type\" content=\"article\" \/>\n<meta property=\"og:title\" content=\"Campagne \u00e0 La Uni\u00f3n, r\u00e9gion de Loncotregua - Los R\u00edos\" \/>\n<meta property=\"og:description\" content=\"Ferme agricole et d&#039;\u00e9levage \u00e0 14 minutes de la ville de La Uni\u00f3n. Acc\u00e8s asphalt\u00e9, pas de servitudes, 70% de prairies, topographie ondul\u00e9e, vue panoramique, pentes, estuaires, infrastructure pour l&#039;\u00e9levage et bonne signalisation.\" \/>\n<meta property=\"og:url\" content=\"https:\/\/produncan.cl\/fr\/produit\/campagne-a-la-union-region-de-loncotregua-los-rios\/\" \/>\n<meta property=\"og:site_name\" content=\"Produncan\" \/>\n<meta property=\"article:publisher\" content=\"https:\/\/web.facebook.com\/produncanland\" \/>\n<meta property=\"article:modified_time\" content=\"2026-03-12T21:33:44+00:00\" \/>\n<meta property=\"og:image\" content=\"https:\/\/produncan.cl\/wp-content\/uploads\/2025\/07\/Campo-Loncotregua-La-Union.webp\" \/>\n<meta name=\"twitter:card\" content=\"summary_large_image\" \/>\n<meta name=\"twitter:label1\" content=\"Price\" \/>\n\t<meta name=\"twitter:data1\" content=\"USD1.600.500,00\" \/>\n\t<meta name=\"twitter:label2\" content=\"Availability\" \/>\n\t<meta name=\"twitter:data2\" content=\"In stock\" \/>\n<script type=\"application\/ld+json\" class=\"yoast-schema-graph\">{\"@context\":\"https:\\\/\\\/schema.org\",\"@graph\":[{\"@type\":\"WebPage\",\"@id\":\"https:\\\/\\\/produncan.cl\\\/fr\\\/produit\\\/campagne-a-la-union-region-de-loncotregua-los-rios\\\/\",\"url\":\"https:\\\/\\\/produncan.cl\\\/fr\\\/produit\\\/campagne-a-la-union-region-de-loncotregua-los-rios\\\/\",\"name\":\"Campagne \u00e0 La Uni\u00f3n, r\u00e9gion de Loncotregua - Los R\u00edos - Produncan\",\"isPartOf\":{\"@id\":\"https:\\\/\\\/produncan.cl\\\/fr\\\/#website\"},\"primaryImageOfPage\":{\"@id\":\"https:\\\/\\\/produncan.cl\\\/fr\\\/produit\\\/campagne-a-la-union-region-de-loncotregua-los-rios\\\/#primaryimage\"},\"image\":{\"@id\":\"https:\\\/\\\/produncan.cl\\\/fr\\\/produit\\\/campagne-a-la-union-region-de-loncotregua-los-rios\\\/#primaryimage\"},\"thumbnailUrl\":\"https:\\\/\\\/produncan.cl\\\/wp-content\\\/uploads\\\/2025\\\/07\\\/Campo-Loncotregua-La-Union.webp\",\"datePublished\":\"2025-07-15T22:04:40+00:00\",\"dateModified\":\"2026-03-12T21:33:44+00:00\",\"description\":\"Ferme agricole et d'\u00e9levage \u00e0 14 min de La Uni\u00f3n, avec acc\u00e8s asphalt\u00e9, 70% de prairies, vue panoramique, pentes, marais et infrastructures d'\u00e9levage.\",\"breadcrumb\":{\"@id\":\"https:\\\/\\\/produncan.cl\\\/fr\\\/produit\\\/campagne-a-la-union-region-de-loncotregua-los-rios\\\/#breadcrumb\"},\"inLanguage\":\"fr-FR\",\"potentialAction\":[{\"@type\":\"ReadAction\",\"target\":[\"https:\\\/\\\/produncan.cl\\\/fr\\\/produit\\\/campagne-a-la-union-region-de-loncotregua-los-rios\\\/\"]}]},{\"@type\":\"ImageObject\",\"inLanguage\":\"fr-FR\",\"@id\":\"https:\\\/\\\/produncan.cl\\\/fr\\\/produit\\\/campagne-a-la-union-region-de-loncotregua-los-rios\\\/#primaryimage\",\"url\":\"https:\\\/\\\/produncan.cl\\\/wp-content\\\/uploads\\\/2025\\\/07\\\/Campo-Loncotregua-La-Union.webp\",\"contentUrl\":\"https:\\\/\\\/produncan.cl\\\/wp-content\\\/uploads\\\/2025\\\/07\\\/Campo-Loncotregua-La-Union.webp\",\"width\":800,\"height\":600,\"caption\":\"Union europ\u00e9enne\"},{\"@type\":\"BreadcrumbList\",\"@id\":\"https:\\\/\\\/produncan.cl\\\/fr\\\/produit\\\/campagne-a-la-union-region-de-loncotregua-los-rios\\\/#breadcrumb\",\"itemListElement\":[{\"@type\":\"ListItem\",\"position\":1,\"name\":\"Inicio\",\"item\":\"https:\\\/\\\/produncan.cl\\\/fr\\\/\"},{\"@type\":\"ListItem\",\"position\":2,\"name\":\"Propri\u00e9t\u00e9s\",\"item\":\"https:\\\/\\\/produncan.cl\\\/propiedades\\\/\"},{\"@type\":\"ListItem\",\"position\":3,\"name\":\"Champs\",\"item\":\"https:\\\/\\\/produncan.cl\\\/fr\\\/cat&eacute;gorie\\\/champs\\\/\"},{\"@type\":\"ListItem\",\"position\":4,\"name\":\"Campagne \u00e0 La Uni\u00f3n, r\u00e9gion de Loncotregua &#8211; Los R\u00edos\"}]},{\"@type\":\"WebSite\",\"@id\":\"https:\\\/\\\/produncan.cl\\\/fr\\\/#website\",\"url\":\"https:\\\/\\\/produncan.cl\\\/fr\\\/\",\"name\":\"Produncan\",\"description\":\"Nous vous accompagnons dans votre projet de vie !\",\"publisher\":{\"@id\":\"https:\\\/\\\/produncan.cl\\\/fr\\\/#organization\"},\"potentialAction\":[{\"@type\":\"SearchAction\",\"target\":{\"@type\":\"EntryPoint\",\"urlTemplate\":\"https:\\\/\\\/produncan.cl\\\/fr\\\/?s={search_term_string}\"},\"query-input\":{\"@type\":\"PropertyValueSpecification\",\"valueRequired\":true,\"valueName\":\"search_term_string\"}}],\"inLanguage\":\"fr-FR\"},{\"@type\":\"Organization\",\"@id\":\"https:\\\/\\\/produncan.cl\\\/fr\\\/#organization\",\"name\":\"Produncan\",\"url\":\"https:\\\/\\\/produncan.cl\\\/fr\\\/\",\"logo\":{\"@type\":\"ImageObject\",\"inLanguage\":\"fr-FR\",\"@id\":\"https:\\\/\\\/produncan.cl\\\/fr\\\/#\\\/schema\\\/logo\\\/image\\\/\",\"url\":\"https:\\\/\\\/produncan.cl\\\/wp-content\\\/uploads\\\/2021\\\/03\\\/LOGO.jpeg\",\"contentUrl\":\"https:\\\/\\\/produncan.cl\\\/wp-content\\\/uploads\\\/2021\\\/03\\\/LOGO.jpeg\",\"width\":1280,\"height\":903,\"caption\":\"Produncan\"},\"image\":{\"@id\":\"https:\\\/\\\/produncan.cl\\\/fr\\\/#\\\/schema\\\/logo\\\/image\\\/\"},\"sameAs\":[\"https:\\\/\\\/web.facebook.com\\\/produncanland\",\"https:\\\/\\\/www.instagram.com\\\/pro_duncan\\\/\",\"https:\\\/\\\/www.linkedin.com\\\/company\\\/produncan-lands\\\/\",\"https:\\\/\\\/www.youtube.com\\\/channel\\\/UCu7N-f3x0svkazD-Eew1-QQ\"],\"description\":\"En Produncan somos especialistas en la venta de terrenos en el sur de Chile. Proveemos estancias, campos, parcelas y hoteles.\",\"email\":\"info@produncan.cl\"}]}<\/script>\n<meta property=\"og:video\" content=\"https:\/\/www.youtube.com\/embed\/XT-evLv9UXc\" \/>\n<meta property=\"og:video:type\" content=\"text\/html\" \/>\n<meta property=\"og:video:duration\" content=\"72\" \/>\n<meta property=\"og:video:width\" content=\"480\" \/>\n<meta property=\"og:video:height\" content=\"270\" \/>\n<meta property=\"ya:ovs:adult\" content=\"false\" \/>\n<meta property=\"ya:ovs:upload_date\" content=\"2025-07-15T22:04:40+00:00\" \/>\n<meta property=\"ya:ovs:allow_embed\" content=\"true\" \/>\n<meta property=\"product:price:amount\" content=\"1600500.00\" \/>\n<meta property=\"product:price:currency\" content=\"USD\" \/>\n<meta property=\"og:availability\" content=\"instock\" \/>\n<meta property=\"product:availability\" content=\"instock\" \/>\n<meta property=\"product:condition\" content=\"new\" \/>\n<!-- \/ Yoast SEO Premium plugin. -->","yoast_head_json":{"title":"Campagne \u00e0 La Uni\u00f3n, r\u00e9gion de Loncotregua - Los R\u00edos - Produncan","description":"Ferme agricole et d'\u00e9levage \u00e0 14 min de La Uni\u00f3n, avec acc\u00e8s asphalt\u00e9, 70% de prairies, vue panoramique, pentes, marais et infrastructures d'\u00e9levage.","robots":{"index":"index","follow":"follow","max-snippet":"max-snippet:-1","max-image-preview":"max-image-preview:large","max-video-preview":"max-video-preview:-1"},"canonical":"https:\/\/produncan.cl\/fr\/produit\/campagne-a-la-union-region-de-loncotregua-los-rios\/","og_locale":"fr_FR","og_type":"article","og_title":"Campagne \u00e0 La Uni\u00f3n, r\u00e9gion de Loncotregua - Los R\u00edos","og_description":"Ferme agricole et d'\u00e9levage \u00e0 14 minutes de la ville de La Uni\u00f3n. Acc\u00e8s asphalt\u00e9, pas de servitudes, 70% de prairies, topographie ondul\u00e9e, vue panoramique, pentes, estuaires, infrastructure pour l'\u00e9levage et bonne signalisation.","og_url":"https:\/\/produncan.cl\/fr\/produit\/campagne-a-la-union-region-de-loncotregua-los-rios\/","og_site_name":"Produncan","article_publisher":"https:\/\/web.facebook.com\/produncanland","article_modified_time":"2026-03-12T21:33:44+00:00","og_image":[{"url":"https:\/\/produncan.cl\/wp-content\/uploads\/2025\/07\/Campo-Loncotregua-La-Union.webp","type":"","width":"","height":""}],"twitter_card":"summary_large_image","twitter_misc":{"Price":"USD1.600.500,00","Availability":"In stock"},"schema":{"@context":"https:\/\/schema.org","@graph":[{"@type":"WebPage","@id":"https:\/\/produncan.cl\/fr\/produit\/campagne-a-la-union-region-de-loncotregua-los-rios\/","url":"https:\/\/produncan.cl\/fr\/produit\/campagne-a-la-union-region-de-loncotregua-los-rios\/","name":"Campagne \u00e0 La Uni\u00f3n, r\u00e9gion de Loncotregua - Los R\u00edos - Produncan","isPartOf":{"@id":"https:\/\/produncan.cl\/fr\/#website"},"primaryImageOfPage":{"@id":"https:\/\/produncan.cl\/fr\/produit\/campagne-a-la-union-region-de-loncotregua-los-rios\/#primaryimage"},"image":{"@id":"https:\/\/produncan.cl\/fr\/produit\/campagne-a-la-union-region-de-loncotregua-los-rios\/#primaryimage"},"thumbnailUrl":"https:\/\/produncan.cl\/wp-content\/uploads\/2025\/07\/Campo-Loncotregua-La-Union.webp","datePublished":"2025-07-15T22:04:40+00:00","dateModified":"2026-03-12T21:33:44+00:00","description":"Ferme agricole et d'\u00e9levage \u00e0 14 min de La Uni\u00f3n, avec acc\u00e8s asphalt\u00e9, 70% de prairies, vue panoramique, pentes, marais et infrastructures d'\u00e9levage.","breadcrumb":{"@id":"https:\/\/produncan.cl\/fr\/produit\/campagne-a-la-union-region-de-loncotregua-los-rios\/#breadcrumb"},"inLanguage":"fr-FR","potentialAction":[{"@type":"ReadAction","target":["https:\/\/produncan.cl\/fr\/produit\/campagne-a-la-union-region-de-loncotregua-los-rios\/"]}]},{"@type":"ImageObject","inLanguage":"fr-FR","@id":"https:\/\/produncan.cl\/fr\/produit\/campagne-a-la-union-region-de-loncotregua-los-rios\/#primaryimage","url":"https:\/\/produncan.cl\/wp-content\/uploads\/2025\/07\/Campo-Loncotregua-La-Union.webp","contentUrl":"https:\/\/produncan.cl\/wp-content\/uploads\/2025\/07\/Campo-Loncotregua-La-Union.webp","width":800,"height":600,"caption":"Union europ\u00e9enne"},{"@type":"BreadcrumbList","@id":"https:\/\/produncan.cl\/fr\/produit\/campagne-a-la-union-region-de-loncotregua-los-rios\/#breadcrumb","itemListElement":[{"@type":"ListItem","position":1,"name":"Inicio","item":"https:\/\/produncan.cl\/fr\/"},{"@type":"ListItem","position":2,"name":"Propri\u00e9t\u00e9s","item":"https:\/\/produncan.cl\/propiedades\/"},{"@type":"ListItem","position":3,"name":"Champs","item":"https:\/\/produncan.cl\/fr\/cat&eacute;gorie\/champs\/"},{"@type":"ListItem","position":4,"name":"Campagne \u00e0 La Uni\u00f3n, r\u00e9gion de Loncotregua &#8211; Los R\u00edos"}]},{"@type":"WebSite","@id":"https:\/\/produncan.cl\/fr\/#website","url":"https:\/\/produncan.cl\/fr\/","name":"Produncan","description":"Nous vous accompagnons dans votre projet de vie !","publisher":{"@id":"https:\/\/produncan.cl\/fr\/#organization"},"potentialAction":[{"@type":"SearchAction","target":{"@type":"EntryPoint","urlTemplate":"https:\/\/produncan.cl\/fr\/?s={search_term_string}"},"query-input":{"@type":"PropertyValueSpecification","valueRequired":true,"valueName":"search_term_string"}}],"inLanguage":"fr-FR"},{"@type":"Organization","@id":"https:\/\/produncan.cl\/fr\/#organization","name":"Produncan","url":"https:\/\/produncan.cl\/fr\/","logo":{"@type":"ImageObject","inLanguage":"fr-FR","@id":"https:\/\/produncan.cl\/fr\/#\/schema\/logo\/image\/","url":"https:\/\/produncan.cl\/wp-content\/uploads\/2021\/03\/LOGO.jpeg","contentUrl":"https:\/\/produncan.cl\/wp-content\/uploads\/2021\/03\/LOGO.jpeg","width":1280,"height":903,"caption":"Produncan"},"image":{"@id":"https:\/\/produncan.cl\/fr\/#\/schema\/logo\/image\/"},"sameAs":["https:\/\/web.facebook.com\/produncanland","https:\/\/www.instagram.com\/pro_duncan\/","https:\/\/www.linkedin.com\/company\/produncan-lands\/","https:\/\/www.youtube.com\/channel\/UCu7N-f3x0svkazD-Eew1-QQ"],"description":"En Produncan somos especialistas en la venta de terrenos en el sur de Chile. Proveemos estancias, campos, parcelas y hoteles.","email":"info@produncan.cl"}]},"og_video":"https:\/\/www.youtube.com\/embed\/XT-evLv9UXc","og_video_type":"text\/html","og_video_duration":"72","og_video_width":"480","og_video_height":"270","ya_ovs_adult":"false","ya_ovs_upload_date":"2025-07-15T22:04:40+00:00","ya_ovs_allow_embed":"true","product_price_amount":"1600500.00","product_price_currency":"USD","og_availability":"instock","product_availability":"instock","product_condition":"new"},"_links":{"self":[{"href":"https:\/\/produncan.cl\/fr\/wp-json\/wp\/v2\/product\/44288","targetHints":{"allow":["GET"]}}],"collection":[{"href":"https:\/\/produncan.cl\/fr\/wp-json\/wp\/v2\/product"}],"about":[{"href":"https:\/\/produncan.cl\/fr\/wp-json\/wp\/v2\/types\/product"}],"version-history":[{"count":3,"href":"https:\/\/produncan.cl\/fr\/wp-json\/wp\/v2\/product\/44288\/revisions"}],"predecessor-version":[{"id":54919,"href":"https:\/\/produncan.cl\/fr\/wp-json\/wp\/v2\/product\/44288\/revisions\/54919"}],"wp:featuredmedia":[{"embeddable":true,"href":"https:\/\/produncan.cl\/fr\/wp-json\/wp\/v2\/media\/44174"}],"wp:attachment":[{"href":"https:\/\/produncan.cl\/fr\/wp-json\/wp\/v2\/media?parent=44288"}],"wp:term":[{"taxonomy":"product_brand","embeddable":true,"href":"https:\/\/produncan.cl\/fr\/wp-json\/wp\/v2\/product_brand?post=44288"},{"taxonomy":"product_cat","embeddable":true,"href":"https:\/\/produncan.cl\/fr\/wp-json\/wp\/v2\/product_cat?post=44288"},{"taxonomy":"product_tag","embeddable":true,"href":"https:\/\/produncan.cl\/fr\/wp-json\/wp\/v2\/product_tag?post=44288"},{"taxonomy":"regiones","embeddable":true,"href":"https:\/\/produncan.cl\/fr\/wp-json\/wp\/v2\/regiones?post=44288"},{"taxonomy":"ciudades","embeddable":true,"href":"https:\/\/produncan.cl\/fr\/wp-json\/wp\/v2\/ciudades?post=44288"}],"curies":[{"name":"wp","href":"https:\/\/api.w.org\/{rel}","templated":true}]}}