{"id":44679,"date":"2025-07-21T18:52:24","date_gmt":"2025-07-21T22:52:24","guid":{"rendered":"https:\/\/produncan.cl\/producto\/hotel-boutique-riquelme-la-union-region-de-los-rios\/"},"modified":"2025-11-24T13:16:48","modified_gmt":"2025-11-24T16:16:48","slug":"hotel-boutique-riquelme-la-union-region-de-los-rios","status":"publish","type":"product","link":"https:\/\/produncan.cl\/fr\/produit\/hotel-boutique-riquelme-la-union-region-de-los-rios\/","title":{"rendered":"Hotel Boutique Riquelme, La Uni\u00f3n &#8211; R\u00e9gion de Los R\u00edos"},"content":{"rendered":"\t\t<div data-elementor-type=\"product-post\" data-elementor-id=\"44679\" class=\"elementor elementor-44679 elementor-44572\" data-elementor-post-type=\"product\">\n\t\t\t\t<div class=\"elementor-element elementor-element-710c91e e-flex e-con-boxed e-con e-parent\" data-id=\"710c91e\" data-element_type=\"container\" data-e-type=\"container\" data-settings=\"{&quot;jet_parallax_layout_list&quot;:[]}\">\n\t\t\t\t\t<div class=\"e-con-inner\">\n\t\t\t\t<div class=\"elementor-element elementor-element-44a3a7b elementor-widget elementor-widget-heading\" data-id=\"44a3a7b\" data-element_type=\"widget\" data-e-type=\"widget\" data-widget_type=\"heading.default\">\n\t\t\t\t\t<h2 class=\"elementor-heading-title elementor-size-default\">\u00c9l\u00e9gance et histoire au c\u0153ur de La Union<\/h2>\t\t\t\t<\/div>\n\t\t\t\t\t<\/div>\n\t\t\t\t<\/div>\n\t\t<div class=\"elementor-element elementor-element-82b1c04 e-flex e-con-boxed e-con e-parent\" data-id=\"82b1c04\" data-element_type=\"container\" data-e-type=\"container\" data-settings=\"{&quot;jet_parallax_layout_list&quot;:[]}\">\n\t\t\t\t\t<div class=\"e-con-inner\">\n\t\t\t\t<div class=\"elementor-element elementor-element-da8b697 elementor-widget elementor-widget-text-editor\" data-id=\"da8b697\" data-element_type=\"widget\" data-e-type=\"widget\" data-widget_type=\"text-editor.default\">\n\t\t\t\t\t\t\t\t\t<p>Au c\u0153ur de la ville de La Uni\u00f3n se trouve une propri\u00e9t\u00e9 exclusive \u00e0 vendre : l&#8217;h\u00f4tel Boutique Riquelme, une demeure historique datant de 1900, enti\u00e8rement r\u00e9nov\u00e9e en 2018. Cette propri\u00e9t\u00e9 a \u00e9t\u00e9 restaur\u00e9e dans un style classique \u00e9l\u00e9gant, int\u00e9grant des touches glamour et des d\u00e9tails baroques qui mettent en valeur son caract\u00e8re unique. Le prix demand\u00e9 est de 2.500.000.000 dollars.  <\/p><p>D&#8217;une surface construite de 875 m\u00b2 et situ\u00e9e sur un terrain de 703 m\u00b2, la propri\u00e9t\u00e9 est r\u00e9partie sur trois niveaux, avec des d\u00e9tails tels que des portes int\u00e9rieures en pell\u00edn, des escaliers avec des rampes du m\u00eame mat\u00e9riau, des sols et des murs en laurier, des rampes en fer forg\u00e9 import\u00e9es et une restauration minutieuse de la porte d&#8217;entr\u00e9e d&#8217;origine. La r\u00e9novation comprenait un sous-sol complet, des extensions, un troisi\u00e8me \u00e9tage, des fen\u00eatres, un nouveau toit et un rev\u00eatement ext\u00e9rieur moderne en fibre de ciment. <\/p><p>L&#8217;h\u00f4tel de charme dispose de 13 chambres, dont 10 sont actuellement utilisables \u00e0 l&#8217;h\u00f4tel, toutes avec salle de bains privative, fauteuils, bureaux et t\u00e9l\u00e9visions de 55 pouces. Les chambres sont \u00e9quip\u00e9es de matelas et de lits Rosen super king, fabriqu\u00e9s sp\u00e9cialement pour Frau Nora. Trois chambres avec salle de bains sont utilis\u00e9es \u00e0 titre priv\u00e9, l&#8217;une d&#8217;entre elles servant de bureau. En outre, il y a un appartement priv\u00e9 de 80 m\u00b2 avec une cuisine de style p\u00e9ninsule, une chambre double avec penderie et un salon spacieux, dans le m\u00eame style architectural que la maison, avec des sols et des murs recouverts de laurier.   <\/p><p>Au premier \u00e9tage, il y a deux grandes salles, actuellement utilis\u00e9es comme salle \u00e0 manger, salle de petit-d\u00e9jeuner et caf\u00e9, chacune pouvant accueillir 30 personnes. L&#8217;une d&#8217;entre elles dispose d&#8217;une cuisine, d&#8217;un garde-manger et d&#8217;une salle de bains. Il y a \u00e9galement une buanderie et une r\u00e9serve pour le linge. La propri\u00e9t\u00e9 dispose d&#8217;un atelier de menuiserie, d&#8217;un syst\u00e8me d&#8217;eau chaude avec chaudi\u00e8re \u00e0 mazout et d&#8217;un double syst\u00e8me d&#8217;eau potable et d&#8217;\u00e9lectricit\u00e9 pour l&#8217;h\u00f4tel et l&#8217;appartement.   <\/p><p>Entre autres attributs, il se distingue par sa proximit\u00e9 avec la place principale, son orientation privil\u00e9gi\u00e9e et l&#8217;acc\u00e8s aux services de base tels que les transports publics, les supermarch\u00e9s, les cliniques et les \u00e9coles. La propri\u00e9t\u00e9 dispose de deux parkings pouvant accueillir jusqu&#8217;\u00e0 10 v\u00e9hicules, d&#8217;un ascenseur moderne jusqu&#8217;au 3\u00e8me \u00e9tage, d&#8217;une terrasse au premier \u00e9tage et d&#8217;un syst\u00e8me de s\u00e9curit\u00e9 avec cam\u00e9ras int\u00e9rieures et ext\u00e9rieures, sonnette, alarme et r\u00e9seau sec et humide \u00e0 tous les \u00e9tages. <\/p><p>L&#8217;h\u00f4tel boutique dispose d&#8217;une r\u00e9ception municipale et d&#8217;une licence pour l&#8217;h\u00e9bergement et l&#8217;alcool. Il fonctionne actuellement avec un ticket d&#8217;entr\u00e9e de 138 000 dollars par couple, petit-d\u00e9jeuner inclus, et une pr\u00e9sence sur le web, les r\u00e9seaux sociaux, Google Maps et Booking. Il a \u00e9galement \u00e9t\u00e9 reconnu par SERNATUR comme le premier h\u00f4tel-boutique certifi\u00e9 de la r\u00e9gion de Los R\u00edos.  <\/p><p>Cette propri\u00e9t\u00e9 est vendue enti\u00e8rement meubl\u00e9e (moins les meubles antiques personnels) et est id\u00e9ale pour continuer \u00e0 servir d&#8217;h\u00f4tel. Elle convient \u00e9galement pour des bureaux, des cliniques ou d&#8217;autres activit\u00e9s commerciales. Il est transf\u00e9r\u00e9 avec tout le savoir-faire op\u00e9rationnel, le nom et la marque consolid\u00e9e, offrant une opportunit\u00e9 d&#8217;investissement unique dans le sud du Chili, combinant l&#8217;histoire, le luxe et un emplacement strat\u00e9gique.  <\/p><p>Contactez-nous pour plus d&#8217;informations sur cette propri\u00e9t\u00e9 exceptionnelle !<\/p>\t\t\t\t\t\t\t\t<\/div>\n\t\t\t\t\t<\/div>\n\t\t\t\t<\/div>\n\t\t\t\t<\/div>\n\t\t","protected":false},"excerpt":{"rendered":"<p>H\u00f4tel boutique \u00e0 La Uni\u00f3n. 875 m\u00b2 utiles r\u00e9partis sur 3 \u00e9tages, r\u00e9nov\u00e9 en 2018. 13 chambres avec salle de bain, 1 appartement, 2 salons, ascenseur, tout rev\u00eatu de bois indig\u00e8ne, balustrades en fer forg\u00e9. Emplacement id\u00e9al.   <\/p>\n","protected":false},"featured_media":44576,"template":"","meta":{"_acf_changed":false},"product_brand":[],"product_cat":[113],"product_tag":[237,442],"regiones":[226],"ciudades":[215,217,509],"class_list":{"0":"post-44679","1":"product","2":"type-product","3":"status-publish","4":"has-post-thumbnail","6":"product_cat-ohiggins-los-lagos-fr","7":"product_tag-proprietes-touristiques","8":"product_tag-proprietes-urbaines","9":"regiones-nuble-los_lagos","10":"ciudades-la-union","11":"ciudades-osorno","12":"ciudades-rio-bueno","14":"first","15":"instock","16":"shipping-taxable","17":"purchasable","18":"product-type-simple"},"acf":[],"yoast_head":"<!-- This site is optimized with the Yoast SEO Premium plugin v26.0 (Yoast SEO v27.4) - https:\/\/yoast.com\/product\/yoast-seo-premium-wordpress\/ -->\n<title>Hotel Boutique Riquelme, La Uni\u00f3n - R\u00e9gion de Los R\u00edos - Produncan<\/title>\n<meta name=\"description\" content=\"Boutique h\u00f4tel \u00e0 La Uni\u00f3n de 875 m\u00b2, 13 chambres avec salle de bains, appartement, salons et ascenseur. R\u00e9nov\u00e9 en 2018, habill\u00e9 de bois indig\u00e8ne et tr\u00e8s bien situ\u00e9.\" \/>\n<meta name=\"robots\" content=\"index, follow, max-snippet:-1, max-image-preview:large, max-video-preview:-1\" \/>\n<link rel=\"canonical\" href=\"https:\/\/produncan.cl\/fr\/produit\/hotel-boutique-riquelme-la-union-region-de-los-rios\/\" \/>\n<meta property=\"og:locale\" content=\"fr_FR\" \/>\n<meta property=\"og:type\" content=\"article\" \/>\n<meta property=\"og:title\" content=\"Hotel Boutique Riquelme, La Uni\u00f3n - R\u00e9gion de Los R\u00edos\" \/>\n<meta property=\"og:description\" content=\"H\u00f4tel boutique \u00e0 La Uni\u00f3n. 875m2 utiles sur 3 \u00e9tages, r\u00e9nov\u00e9s en 2018. 13 chambres en-suite, 1 appartement, 2 salons, ascenseur, le tout rev\u00eatu de bois indig\u00e8ne, garde-corps en fer forg\u00e9. Dans le meilleur emplacement.\" \/>\n<meta property=\"og:url\" content=\"https:\/\/produncan.cl\/fr\/produit\/hotel-boutique-riquelme-la-union-region-de-los-rios\/\" \/>\n<meta property=\"og:site_name\" content=\"Produncan\" \/>\n<meta property=\"article:publisher\" content=\"https:\/\/web.facebook.com\/produncanland\" \/>\n<meta property=\"article:modified_time\" content=\"2025-11-24T16:16:48+00:00\" \/>\n<meta property=\"og:image\" content=\"https:\/\/produncan.cl\/wp-content\/uploads\/2025\/07\/Hotel-Riquelme-La-Union.webp\" \/>\n<meta name=\"twitter:card\" content=\"summary_large_image\" \/>\n<meta name=\"twitter:label1\" content=\"Price\" \/>\n\t<meta name=\"twitter:data1\" content=\"USD2.807.500,00\" \/>\n\t<meta name=\"twitter:label2\" content=\"Availability\" \/>\n\t<meta name=\"twitter:data2\" content=\"In stock\" \/>\n<script type=\"application\/ld+json\" class=\"yoast-schema-graph\">{\"@context\":\"https:\\\/\\\/schema.org\",\"@graph\":[{\"@type\":\"WebPage\",\"@id\":\"https:\\\/\\\/produncan.cl\\\/fr\\\/produit\\\/hotel-boutique-riquelme-la-union-region-de-los-rios\\\/\",\"url\":\"https:\\\/\\\/produncan.cl\\\/fr\\\/produit\\\/hotel-boutique-riquelme-la-union-region-de-los-rios\\\/\",\"name\":\"Hotel Boutique Riquelme, La Uni\u00f3n - R\u00e9gion de Los R\u00edos - Produncan\",\"isPartOf\":{\"@id\":\"https:\\\/\\\/produncan.cl\\\/fr\\\/#website\"},\"primaryImageOfPage\":{\"@id\":\"https:\\\/\\\/produncan.cl\\\/fr\\\/produit\\\/hotel-boutique-riquelme-la-union-region-de-los-rios\\\/#primaryimage\"},\"image\":{\"@id\":\"https:\\\/\\\/produncan.cl\\\/fr\\\/produit\\\/hotel-boutique-riquelme-la-union-region-de-los-rios\\\/#primaryimage\"},\"thumbnailUrl\":\"https:\\\/\\\/produncan.cl\\\/wp-content\\\/uploads\\\/2025\\\/07\\\/Hotel-Riquelme-La-Union.webp\",\"datePublished\":\"2025-07-21T22:52:24+00:00\",\"dateModified\":\"2025-11-24T16:16:48+00:00\",\"description\":\"Boutique h\u00f4tel \u00e0 La Uni\u00f3n de 875 m\u00b2, 13 chambres avec salle de bains, appartement, salons et ascenseur. R\u00e9nov\u00e9 en 2018, habill\u00e9 de bois indig\u00e8ne et tr\u00e8s bien situ\u00e9.\",\"breadcrumb\":{\"@id\":\"https:\\\/\\\/produncan.cl\\\/fr\\\/produit\\\/hotel-boutique-riquelme-la-union-region-de-los-rios\\\/#breadcrumb\"},\"inLanguage\":\"fr-FR\",\"potentialAction\":[{\"@type\":\"ReadAction\",\"target\":[\"https:\\\/\\\/produncan.cl\\\/fr\\\/produit\\\/hotel-boutique-riquelme-la-union-region-de-los-rios\\\/\"]}]},{\"@type\":\"ImageObject\",\"inLanguage\":\"fr-FR\",\"@id\":\"https:\\\/\\\/produncan.cl\\\/fr\\\/produit\\\/hotel-boutique-riquelme-la-union-region-de-los-rios\\\/#primaryimage\",\"url\":\"https:\\\/\\\/produncan.cl\\\/wp-content\\\/uploads\\\/2025\\\/07\\\/Hotel-Riquelme-La-Union.webp\",\"contentUrl\":\"https:\\\/\\\/produncan.cl\\\/wp-content\\\/uploads\\\/2025\\\/07\\\/Hotel-Riquelme-La-Union.webp\",\"width\":800,\"height\":600,\"caption\":\"H\u00f4tel Riquelme La Union\"},{\"@type\":\"BreadcrumbList\",\"@id\":\"https:\\\/\\\/produncan.cl\\\/fr\\\/produit\\\/hotel-boutique-riquelme-la-union-region-de-los-rios\\\/#breadcrumb\",\"itemListElement\":[{\"@type\":\"ListItem\",\"position\":1,\"name\":\"Inicio\",\"item\":\"https:\\\/\\\/produncan.cl\\\/fr\\\/\"},{\"@type\":\"ListItem\",\"position\":2,\"name\":\"Propri\u00e9t\u00e9s\",\"item\":\"https:\\\/\\\/produncan.cl\\\/propiedades\\\/\"},{\"@type\":\"ListItem\",\"position\":3,\"name\":\"Propri\u00e9t\u00e9s touristiques\",\"item\":\"https:\\\/\\\/produncan.cl\\\/fr\\\/cat&eacute;gorie\\\/proprietes-touristiques\\\/\"},{\"@type\":\"ListItem\",\"position\":4,\"name\":\"Hotel Boutique Riquelme, La Uni\u00f3n &#8211; R\u00e9gion de Los R\u00edos\"}]},{\"@type\":\"WebSite\",\"@id\":\"https:\\\/\\\/produncan.cl\\\/fr\\\/#website\",\"url\":\"https:\\\/\\\/produncan.cl\\\/fr\\\/\",\"name\":\"Produncan\",\"description\":\"Nous vous accompagnons dans votre projet de vie !\",\"publisher\":{\"@id\":\"https:\\\/\\\/produncan.cl\\\/fr\\\/#organization\"},\"potentialAction\":[{\"@type\":\"SearchAction\",\"target\":{\"@type\":\"EntryPoint\",\"urlTemplate\":\"https:\\\/\\\/produncan.cl\\\/fr\\\/?s={search_term_string}\"},\"query-input\":{\"@type\":\"PropertyValueSpecification\",\"valueRequired\":true,\"valueName\":\"search_term_string\"}}],\"inLanguage\":\"fr-FR\"},{\"@type\":\"Organization\",\"@id\":\"https:\\\/\\\/produncan.cl\\\/fr\\\/#organization\",\"name\":\"Produncan\",\"url\":\"https:\\\/\\\/produncan.cl\\\/fr\\\/\",\"logo\":{\"@type\":\"ImageObject\",\"inLanguage\":\"fr-FR\",\"@id\":\"https:\\\/\\\/produncan.cl\\\/fr\\\/#\\\/schema\\\/logo\\\/image\\\/\",\"url\":\"https:\\\/\\\/produncan.cl\\\/wp-content\\\/uploads\\\/2021\\\/03\\\/LOGO.jpeg\",\"contentUrl\":\"https:\\\/\\\/produncan.cl\\\/wp-content\\\/uploads\\\/2021\\\/03\\\/LOGO.jpeg\",\"width\":1280,\"height\":903,\"caption\":\"Produncan\"},\"image\":{\"@id\":\"https:\\\/\\\/produncan.cl\\\/fr\\\/#\\\/schema\\\/logo\\\/image\\\/\"},\"sameAs\":[\"https:\\\/\\\/web.facebook.com\\\/produncanland\",\"https:\\\/\\\/www.instagram.com\\\/pro_duncan\\\/\",\"https:\\\/\\\/www.linkedin.com\\\/company\\\/produncan-lands\\\/\",\"https:\\\/\\\/www.youtube.com\\\/channel\\\/UCu7N-f3x0svkazD-Eew1-QQ\"],\"description\":\"En Produncan somos especialistas en la venta de terrenos en el sur de Chile. Proveemos estancias, campos, parcelas y hoteles.\",\"email\":\"info@produncan.cl\"}]}<\/script>\n<meta property=\"og:video\" content=\"https:\/\/www.youtube.com\/embed\/QMVgW1cxSs0\" \/>\n<meta property=\"og:video:type\" content=\"text\/html\" \/>\n<meta property=\"og:video:duration\" content=\"82\" \/>\n<meta property=\"og:video:width\" content=\"480\" \/>\n<meta property=\"og:video:height\" content=\"270\" \/>\n<meta property=\"ya:ovs:adult\" content=\"false\" \/>\n<meta property=\"ya:ovs:upload_date\" content=\"2025-07-21T22:52:24+00:00\" \/>\n<meta property=\"ya:ovs:allow_embed\" content=\"true\" \/>\n<meta property=\"product:price:amount\" content=\"2807500.00\" \/>\n<meta property=\"product:price:currency\" content=\"USD\" \/>\n<meta property=\"og:availability\" content=\"instock\" \/>\n<meta property=\"product:availability\" content=\"instock\" \/>\n<meta property=\"product:condition\" content=\"new\" \/>\n<!-- \/ Yoast SEO Premium plugin. -->","yoast_head_json":{"title":"Hotel Boutique Riquelme, La Uni\u00f3n - R\u00e9gion de Los R\u00edos - Produncan","description":"Boutique h\u00f4tel \u00e0 La Uni\u00f3n de 875 m\u00b2, 13 chambres avec salle de bains, appartement, salons et ascenseur. R\u00e9nov\u00e9 en 2018, habill\u00e9 de bois indig\u00e8ne et tr\u00e8s bien situ\u00e9.","robots":{"index":"index","follow":"follow","max-snippet":"max-snippet:-1","max-image-preview":"max-image-preview:large","max-video-preview":"max-video-preview:-1"},"canonical":"https:\/\/produncan.cl\/fr\/produit\/hotel-boutique-riquelme-la-union-region-de-los-rios\/","og_locale":"fr_FR","og_type":"article","og_title":"Hotel Boutique Riquelme, La Uni\u00f3n - R\u00e9gion de Los R\u00edos","og_description":"H\u00f4tel boutique \u00e0 La Uni\u00f3n. 875m2 utiles sur 3 \u00e9tages, r\u00e9nov\u00e9s en 2018. 13 chambres en-suite, 1 appartement, 2 salons, ascenseur, le tout rev\u00eatu de bois indig\u00e8ne, garde-corps en fer forg\u00e9. Dans le meilleur emplacement.","og_url":"https:\/\/produncan.cl\/fr\/produit\/hotel-boutique-riquelme-la-union-region-de-los-rios\/","og_site_name":"Produncan","article_publisher":"https:\/\/web.facebook.com\/produncanland","article_modified_time":"2025-11-24T16:16:48+00:00","og_image":[{"url":"https:\/\/produncan.cl\/wp-content\/uploads\/2025\/07\/Hotel-Riquelme-La-Union.webp","type":"","width":"","height":""}],"twitter_card":"summary_large_image","twitter_misc":{"Price":"USD2.807.500,00","Availability":"In stock"},"schema":{"@context":"https:\/\/schema.org","@graph":[{"@type":"WebPage","@id":"https:\/\/produncan.cl\/fr\/produit\/hotel-boutique-riquelme-la-union-region-de-los-rios\/","url":"https:\/\/produncan.cl\/fr\/produit\/hotel-boutique-riquelme-la-union-region-de-los-rios\/","name":"Hotel Boutique Riquelme, La Uni\u00f3n - R\u00e9gion de Los R\u00edos - Produncan","isPartOf":{"@id":"https:\/\/produncan.cl\/fr\/#website"},"primaryImageOfPage":{"@id":"https:\/\/produncan.cl\/fr\/produit\/hotel-boutique-riquelme-la-union-region-de-los-rios\/#primaryimage"},"image":{"@id":"https:\/\/produncan.cl\/fr\/produit\/hotel-boutique-riquelme-la-union-region-de-los-rios\/#primaryimage"},"thumbnailUrl":"https:\/\/produncan.cl\/wp-content\/uploads\/2025\/07\/Hotel-Riquelme-La-Union.webp","datePublished":"2025-07-21T22:52:24+00:00","dateModified":"2025-11-24T16:16:48+00:00","description":"Boutique h\u00f4tel \u00e0 La Uni\u00f3n de 875 m\u00b2, 13 chambres avec salle de bains, appartement, salons et ascenseur. R\u00e9nov\u00e9 en 2018, habill\u00e9 de bois indig\u00e8ne et tr\u00e8s bien situ\u00e9.","breadcrumb":{"@id":"https:\/\/produncan.cl\/fr\/produit\/hotel-boutique-riquelme-la-union-region-de-los-rios\/#breadcrumb"},"inLanguage":"fr-FR","potentialAction":[{"@type":"ReadAction","target":["https:\/\/produncan.cl\/fr\/produit\/hotel-boutique-riquelme-la-union-region-de-los-rios\/"]}]},{"@type":"ImageObject","inLanguage":"fr-FR","@id":"https:\/\/produncan.cl\/fr\/produit\/hotel-boutique-riquelme-la-union-region-de-los-rios\/#primaryimage","url":"https:\/\/produncan.cl\/wp-content\/uploads\/2025\/07\/Hotel-Riquelme-La-Union.webp","contentUrl":"https:\/\/produncan.cl\/wp-content\/uploads\/2025\/07\/Hotel-Riquelme-La-Union.webp","width":800,"height":600,"caption":"H\u00f4tel Riquelme La Union"},{"@type":"BreadcrumbList","@id":"https:\/\/produncan.cl\/fr\/produit\/hotel-boutique-riquelme-la-union-region-de-los-rios\/#breadcrumb","itemListElement":[{"@type":"ListItem","position":1,"name":"Inicio","item":"https:\/\/produncan.cl\/fr\/"},{"@type":"ListItem","position":2,"name":"Propri\u00e9t\u00e9s","item":"https:\/\/produncan.cl\/propiedades\/"},{"@type":"ListItem","position":3,"name":"Propri\u00e9t\u00e9s touristiques","item":"https:\/\/produncan.cl\/fr\/cat&eacute;gorie\/proprietes-touristiques\/"},{"@type":"ListItem","position":4,"name":"Hotel Boutique Riquelme, La Uni\u00f3n &#8211; R\u00e9gion de Los R\u00edos"}]},{"@type":"WebSite","@id":"https:\/\/produncan.cl\/fr\/#website","url":"https:\/\/produncan.cl\/fr\/","name":"Produncan","description":"Nous vous accompagnons dans votre projet de vie !","publisher":{"@id":"https:\/\/produncan.cl\/fr\/#organization"},"potentialAction":[{"@type":"SearchAction","target":{"@type":"EntryPoint","urlTemplate":"https:\/\/produncan.cl\/fr\/?s={search_term_string}"},"query-input":{"@type":"PropertyValueSpecification","valueRequired":true,"valueName":"search_term_string"}}],"inLanguage":"fr-FR"},{"@type":"Organization","@id":"https:\/\/produncan.cl\/fr\/#organization","name":"Produncan","url":"https:\/\/produncan.cl\/fr\/","logo":{"@type":"ImageObject","inLanguage":"fr-FR","@id":"https:\/\/produncan.cl\/fr\/#\/schema\/logo\/image\/","url":"https:\/\/produncan.cl\/wp-content\/uploads\/2021\/03\/LOGO.jpeg","contentUrl":"https:\/\/produncan.cl\/wp-content\/uploads\/2021\/03\/LOGO.jpeg","width":1280,"height":903,"caption":"Produncan"},"image":{"@id":"https:\/\/produncan.cl\/fr\/#\/schema\/logo\/image\/"},"sameAs":["https:\/\/web.facebook.com\/produncanland","https:\/\/www.instagram.com\/pro_duncan\/","https:\/\/www.linkedin.com\/company\/produncan-lands\/","https:\/\/www.youtube.com\/channel\/UCu7N-f3x0svkazD-Eew1-QQ"],"description":"En Produncan somos especialistas en la venta de terrenos en el sur de Chile. Proveemos estancias, campos, parcelas y hoteles.","email":"info@produncan.cl"}]},"og_video":"https:\/\/www.youtube.com\/embed\/QMVgW1cxSs0","og_video_type":"text\/html","og_video_duration":"82","og_video_width":"480","og_video_height":"270","ya_ovs_adult":"false","ya_ovs_upload_date":"2025-07-21T22:52:24+00:00","ya_ovs_allow_embed":"true","product_price_amount":"2807500.00","product_price_currency":"USD","og_availability":"instock","product_availability":"instock","product_condition":"new"},"_links":{"self":[{"href":"https:\/\/produncan.cl\/fr\/wp-json\/wp\/v2\/product\/44679","targetHints":{"allow":["GET"]}}],"collection":[{"href":"https:\/\/produncan.cl\/fr\/wp-json\/wp\/v2\/product"}],"about":[{"href":"https:\/\/produncan.cl\/fr\/wp-json\/wp\/v2\/types\/product"}],"version-history":[{"count":1,"href":"https:\/\/produncan.cl\/fr\/wp-json\/wp\/v2\/product\/44679\/revisions"}],"predecessor-version":[{"id":52314,"href":"https:\/\/produncan.cl\/fr\/wp-json\/wp\/v2\/product\/44679\/revisions\/52314"}],"wp:featuredmedia":[{"embeddable":true,"href":"https:\/\/produncan.cl\/fr\/wp-json\/wp\/v2\/media\/44576"}],"wp:attachment":[{"href":"https:\/\/produncan.cl\/fr\/wp-json\/wp\/v2\/media?parent=44679"}],"wp:term":[{"taxonomy":"product_brand","embeddable":true,"href":"https:\/\/produncan.cl\/fr\/wp-json\/wp\/v2\/product_brand?post=44679"},{"taxonomy":"product_cat","embeddable":true,"href":"https:\/\/produncan.cl\/fr\/wp-json\/wp\/v2\/product_cat?post=44679"},{"taxonomy":"product_tag","embeddable":true,"href":"https:\/\/produncan.cl\/fr\/wp-json\/wp\/v2\/product_tag?post=44679"},{"taxonomy":"regiones","embeddable":true,"href":"https:\/\/produncan.cl\/fr\/wp-json\/wp\/v2\/regiones?post=44679"},{"taxonomy":"ciudades","embeddable":true,"href":"https:\/\/produncan.cl\/fr\/wp-json\/wp\/v2\/ciudades?post=44679"}],"curies":[{"name":"wp","href":"https:\/\/api.w.org\/{rel}","templated":true}]}}