{"id":47294,"date":"2025-08-05T12:38:13","date_gmt":"2025-08-05T16:38:13","guid":{"rendered":"https:\/\/produncan.cl\/producto\/hotel-en-puerto-aysen-lodge-rio-claro-region-de-aysen\/"},"modified":"2025-11-24T13:16:47","modified_gmt":"2025-11-24T16:16:47","slug":"hotel-en-puerto-aysen-lodge-rio-claro-region-de-aysen","status":"publish","type":"product","link":"https:\/\/produncan.cl\/fr\/produit\/hotel-en-puerto-aysen-lodge-rio-claro-region-de-aysen\/","title":{"rendered":"H\u00f4tel \u00e0 Puerto Ays\u00e9n, Lodge R\u00edo Claro &#8211; R\u00e9gion d&#8217;Ays\u00e9n"},"content":{"rendered":"\t\t<div data-elementor-type=\"product-post\" data-elementor-id=\"47294\" class=\"elementor elementor-47294 elementor-45636\" data-elementor-post-type=\"product\">\n\t\t\t\t<div class=\"elementor-element elementor-element-2fff62a e-flex e-con-boxed e-con e-parent\" data-id=\"2fff62a\" data-element_type=\"container\" data-e-type=\"container\" data-settings=\"{&quot;jet_parallax_layout_list&quot;:[]}\">\n\t\t\t\t\t<div class=\"e-con-inner\">\n\t\t\t\t<div class=\"elementor-element elementor-element-2653dfe elementor-widget elementor-widget-heading\" data-id=\"2653dfe\" data-element_type=\"widget\" data-e-type=\"widget\" data-widget_type=\"heading.default\">\n\t\t\t\t\t<h2 class=\"elementor-heading-title elementor-size-default\">Investissez dans une entreprise touristique bien \u00e9tablie en Patagonie !<\/h2>\t\t\t\t<\/div>\n\t\t\t\t\t<\/div>\n\t\t\t\t<\/div>\n\t\t<div class=\"elementor-element elementor-element-893524a e-flex e-con-boxed e-con e-parent\" data-id=\"893524a\" data-element_type=\"container\" data-e-type=\"container\" data-settings=\"{&quot;jet_parallax_layout_list&quot;:[]}\">\n\t\t\t\t\t<div class=\"e-con-inner\">\n\t\t\t\t<div class=\"elementor-element elementor-element-5a1b2e5 elementor-widget elementor-widget-text-editor\" data-id=\"5a1b2e5\" data-element_type=\"widget\" data-e-type=\"widget\" data-widget_type=\"text-editor.default\">\n\t\t\t\t\t\t\t\t\t<p>\u00c0 seulement 7 km de Puerto Ays\u00e9n et avec un acc\u00e8s pratiquement asphalt\u00e9, le Lodge R\u00edo Claro repr\u00e9sente une opportunit\u00e9 unique pour les investisseurs du secteur touristique qui cherchent \u00e0 allier rentabilit\u00e9, nature et connectivit\u00e9. Vente cl\u00e9 en main. <\/p><p>Ce charmant lodge situ\u00e9 \u00e0 Puerto Ays\u00e9n, avec une vue magnifique sur la vall\u00e9e et la ville, a \u00e9t\u00e9 soigneusement con\u00e7u pour offrir une exp\u00e9rience chaleureuse et accueillante \u00e0 ses clients. Son infrastructure de premier ordre et son excellente r\u00e9putation en font l&#8217;un des h\u00e9bergements les mieux not\u00e9s de la r\u00e9gion (9,4 sur Viajes de a Dos), avec une pr\u00e9sence remarquable sur les portails touristiques, SERNATUR et dans les reportages d&#8217;El Mercurio. <\/p><p><strong>Infrastructure totale de 337 m\u00b2 construits sur un terrain de 5 000 m\u00b2 :<\/strong><\/p><ul><li>Maison de ma\u00eetre de type villa : 143,59 m\u00b2 \u2013 3 chambres, 2 salles de bains (dont 1 attenante), salon, cuisine semi-ouverte.<\/li><li>Cabane R\u00edo Ays\u00e9n : 71,55 m\u00b2 \u2013 2 chambres, salle de bain compl\u00e8te, terrasse priv\u00e9e et jacuzzi (baignoire \u00e0 remous).<\/li><li>Cabane R\u00edo Pangal : 64,65 m\u00b2 \u2013 1 chambre, salle de bain compl\u00e8te, terrasse et jacuzzi (baignoire \u00e0 remous).<\/li><li>Grand espace barbecue double hauteur : 57.21 m\u00b2 avec terrasse de 19 m\u00b2, id\u00e9al comme salle de r\u00e9ception, caf\u00e9t\u00e9ria ou salle de r\u00e9union.<\/li><li>Salle de s\u00e9jour \/ r\u00e9union pouvant accueillir confortablement 15 personnes.<\/li><li>1 cave de 7 m\u00b2 environ.<br><br><\/li><\/ul><p><strong>Caract\u00e9ristiques principales :<\/strong><\/p><ul><li>WiFi gratuit et bon signal de t\u00e9l\u00e9communications (Movistar et autres).<\/li><li>Parking pour 8 v\u00e9hicules.<\/li><li>Vue nocturne privil\u00e9gi\u00e9e sur les lumi\u00e8res de Puerto Ays\u00e9n.<\/li><li>Chauffage et eau chaude au gaz (avec accord Gasco).<\/li><li>Panneaux thermiques aux fen\u00eatres, sols en gr\u00e8s c\u00e9rame et stratifi\u00e9.<\/li><li>Alimentation en eau par puits avec r\u00e9ception sanitaire.<\/li><li>\u00c9lectricit\u00e9 a\u00e9rienne et souterraine (Edelaysen).<\/li><li>R\u00e9ception municipale et licence commerciale en cours de validit\u00e9.<\/li><li>Orientation nord-est, avec une excellente luminosit\u00e9 et du soleil le matin.<\/li><li>\u00c0 seulement 1 heure et 52 minutes de l&#8217;a\u00e9roport de Balmaceda.<br><br><\/li><\/ul><p><strong>Informations cl\u00e9s pour les investisseurs :<\/strong><\/p><ul><li>Revenu moyen par saison : 42 millions de pesos chiliens par an.<\/li><li>Prix moyen du billet : 140 000 CLP.<\/li><li>Grand potentiel d&#8217;expansion (le lodge n&#8217;a pas \u00e9t\u00e9 exploit\u00e9 \u00e0 sa capacit\u00e9 maximale).<\/li><li>Situ\u00e9 dans une r\u00e9gion qui suscite un int\u00e9r\u00eat touristique croissant, \u00e0 proximit\u00e9 d&#8217;attractions telles que la cascade Le\u00f3n, le lac Los Palos, le fleuve Ays\u00e9n et la baie Acantilada.<br><br><\/li><\/ul><p>Ce lodge situ\u00e9 \u00e0 Puerto Ays\u00e9n n&#8217;est pas seulement un refuge pour ceux qui recherchent la nature et la tranquillit\u00e9, mais aussi un investissement s\u00fbr et strat\u00e9gique dans l&#8217;une des r\u00e9gions les plus pr\u00e9serv\u00e9es et les plus visit\u00e9es du sud du Chili. Son excellente connectivit\u00e9, ses infrastructures de qualit\u00e9 et son potentiel de croissance en font un v\u00e9ritable joyau h\u00f4telier en Patagonie chilienne. <\/p><p>Vous souhaitez recevoir la fiche technique, des images ou planifier une visite virtuelle ? Contactez-nous d\u00e8s aujourd&#8217;hui et ne laissez passer cette opportunit\u00e9. <\/p>\t\t\t\t\t\t\t\t<\/div>\n\t\t\t\t\t<\/div>\n\t\t\t\t<\/div>\n\t\t\t\t<\/div>\n\t\t","protected":false},"excerpt":{"rendered":"<p>Lodge \u00e0 Puerto Ays\u00e9n avec 337 m\u00b2 utiles. Deux chalets modernes, un chalet, un barbecue, un salon, des parkings, une vue panoramique imprenable, acc\u00e8s par une route goudronn\u00e9e. Avec constructions, raccordement \u00e0 l&#8217;eau et la meilleure note sur booking.  <\/p>\n","protected":false},"featured_media":45658,"template":"","meta":{"_acf_changed":false},"product_brand":[],"product_cat":[129],"product_tag":[236,237],"regiones":[225],"ciudades":[209,448],"class_list":{"0":"post-47294","1":"product","2":"type-product","3":"status-publish","4":"has-post-thumbnail","6":"product_cat-aysen-magallanes-fr","7":"product_tag-parcelles","8":"product_tag-proprietes-touristiques","9":"regiones-aysen-magallanes","10":"ciudades-coyhaique","11":"ciudades-puerto-aysen","13":"first","14":"instock","15":"shipping-taxable","16":"purchasable","17":"product-type-simple"},"acf":[],"yoast_head":"<!-- This site is optimized with the Yoast SEO Premium plugin v26.0 (Yoast SEO v27.3) - https:\/\/yoast.com\/product\/yoast-seo-premium-wordpress\/ -->\n<title>H\u00f4tel \u00e0 Puerto Ays\u00e9n, Lodge R\u00edo Claro - R\u00e9gion d&#039;Ays\u00e9n - Produncan<\/title>\n<meta name=\"description\" content=\"Lodge \u00e0 Puerto Ays\u00e9n de 337 m\u00b2 avec chalets, villa, quincho et vue panoramique. Acc\u00e8s goudronn\u00e9, eau raccord\u00e9e et excellente note sur Booking.\" \/>\n<meta name=\"robots\" content=\"index, follow, max-snippet:-1, max-image-preview:large, max-video-preview:-1\" \/>\n<link rel=\"canonical\" href=\"https:\/\/produncan.cl\/fr\/produit\/hotel-en-puerto-aysen-lodge-rio-claro-region-de-aysen\/\" \/>\n<meta property=\"og:locale\" content=\"fr_FR\" \/>\n<meta property=\"og:type\" content=\"article\" \/>\n<meta property=\"og:title\" content=\"H\u00f4tel \u00e0 Puerto Ays\u00e9n, Lodge R\u00edo Claro - R\u00e9gion d&#039;Ays\u00e9n\" \/>\n<meta property=\"og:description\" content=\"Lodge \u00e0 Puerto Ays\u00e9n de 337 m\u00b2 avec chalets, villa, quincho et vue panoramique. Acc\u00e8s goudronn\u00e9, eau raccord\u00e9e et excellente note sur Booking.\" \/>\n<meta property=\"og:url\" content=\"https:\/\/produncan.cl\/fr\/produit\/hotel-en-puerto-aysen-lodge-rio-claro-region-de-aysen\/\" \/>\n<meta property=\"og:site_name\" content=\"Produncan\" \/>\n<meta property=\"article:publisher\" content=\"https:\/\/web.facebook.com\/produncanland\" \/>\n<meta property=\"article:modified_time\" content=\"2025-11-24T16:16:47+00:00\" \/>\n<meta property=\"og:image\" content=\"https:\/\/produncan.cl\/wp-content\/uploads\/2025\/08\/Lodge-Rio-Claro-Puerto-Aysen.webp\" \/>\n\t<meta property=\"og:image:width\" content=\"800\" \/>\n\t<meta property=\"og:image:height\" content=\"600\" \/>\n\t<meta property=\"og:image:type\" content=\"image\/webp\" \/>\n<meta name=\"twitter:card\" content=\"summary_large_image\" \/>\n<meta name=\"twitter:label1\" content=\"Price\" \/>\n\t<meta name=\"twitter:data1\" content=\"USD719.600,00\" \/>\n\t<meta name=\"twitter:label2\" content=\"Availability\" \/>\n\t<meta name=\"twitter:data2\" content=\"In stock\" \/>\n<script type=\"application\/ld+json\" class=\"yoast-schema-graph\">{\"@context\":\"https:\\\/\\\/schema.org\",\"@graph\":[{\"@type\":\"WebPage\",\"@id\":\"https:\\\/\\\/produncan.cl\\\/fr\\\/produit\\\/hotel-en-puerto-aysen-lodge-rio-claro-region-de-aysen\\\/\",\"url\":\"https:\\\/\\\/produncan.cl\\\/fr\\\/produit\\\/hotel-en-puerto-aysen-lodge-rio-claro-region-de-aysen\\\/\",\"name\":\"H\u00f4tel \u00e0 Puerto Ays\u00e9n, Lodge R\u00edo Claro - R\u00e9gion d'Ays\u00e9n - Produncan\",\"isPartOf\":{\"@id\":\"https:\\\/\\\/produncan.cl\\\/fr\\\/#website\"},\"primaryImageOfPage\":{\"@id\":\"https:\\\/\\\/produncan.cl\\\/fr\\\/produit\\\/hotel-en-puerto-aysen-lodge-rio-claro-region-de-aysen\\\/#primaryimage\"},\"image\":{\"@id\":\"https:\\\/\\\/produncan.cl\\\/fr\\\/produit\\\/hotel-en-puerto-aysen-lodge-rio-claro-region-de-aysen\\\/#primaryimage\"},\"thumbnailUrl\":\"https:\\\/\\\/produncan.cl\\\/wp-content\\\/uploads\\\/2025\\\/08\\\/Lodge-Rio-Claro-Puerto-Aysen.webp\",\"datePublished\":\"2025-08-05T16:38:13+00:00\",\"dateModified\":\"2025-11-24T16:16:47+00:00\",\"description\":\"Lodge \u00e0 Puerto Ays\u00e9n de 337 m\u00b2 avec chalets, villa, quincho et vue panoramique. Acc\u00e8s goudronn\u00e9, eau raccord\u00e9e et excellente note sur Booking.\",\"breadcrumb\":{\"@id\":\"https:\\\/\\\/produncan.cl\\\/fr\\\/produit\\\/hotel-en-puerto-aysen-lodge-rio-claro-region-de-aysen\\\/#breadcrumb\"},\"inLanguage\":\"fr-FR\",\"potentialAction\":[{\"@type\":\"ReadAction\",\"target\":[\"https:\\\/\\\/produncan.cl\\\/fr\\\/produit\\\/hotel-en-puerto-aysen-lodge-rio-claro-region-de-aysen\\\/\"]}]},{\"@type\":\"ImageObject\",\"inLanguage\":\"fr-FR\",\"@id\":\"https:\\\/\\\/produncan.cl\\\/fr\\\/produit\\\/hotel-en-puerto-aysen-lodge-rio-claro-region-de-aysen\\\/#primaryimage\",\"url\":\"https:\\\/\\\/produncan.cl\\\/wp-content\\\/uploads\\\/2025\\\/08\\\/Lodge-Rio-Claro-Puerto-Aysen.webp\",\"contentUrl\":\"https:\\\/\\\/produncan.cl\\\/wp-content\\\/uploads\\\/2025\\\/08\\\/Lodge-Rio-Claro-Puerto-Aysen.webp\",\"width\":800,\"height\":600,\"caption\":\"Lodge R\u00edo Claro Puerto Ays\u00e9n\"},{\"@type\":\"BreadcrumbList\",\"@id\":\"https:\\\/\\\/produncan.cl\\\/fr\\\/produit\\\/hotel-en-puerto-aysen-lodge-rio-claro-region-de-aysen\\\/#breadcrumb\",\"itemListElement\":[{\"@type\":\"ListItem\",\"position\":1,\"name\":\"Inicio\",\"item\":\"https:\\\/\\\/produncan.cl\\\/fr\\\/\"},{\"@type\":\"ListItem\",\"position\":2,\"name\":\"Propri\u00e9t\u00e9s\",\"item\":\"https:\\\/\\\/produncan.cl\\\/propiedades\\\/\"},{\"@type\":\"ListItem\",\"position\":3,\"name\":\"Parcelles\",\"item\":\"https:\\\/\\\/produncan.cl\\\/fr\\\/cat&eacute;gorie\\\/parcelles\\\/\"},{\"@type\":\"ListItem\",\"position\":4,\"name\":\"H\u00f4tel \u00e0 Puerto Ays\u00e9n, Lodge R\u00edo Claro &#8211; R\u00e9gion d&#8217;Ays\u00e9n\"}]},{\"@type\":\"WebSite\",\"@id\":\"https:\\\/\\\/produncan.cl\\\/fr\\\/#website\",\"url\":\"https:\\\/\\\/produncan.cl\\\/fr\\\/\",\"name\":\"Produncan\",\"description\":\"Nous vous accompagnons dans votre projet de vie !\",\"publisher\":{\"@id\":\"https:\\\/\\\/produncan.cl\\\/fr\\\/#organization\"},\"potentialAction\":[{\"@type\":\"SearchAction\",\"target\":{\"@type\":\"EntryPoint\",\"urlTemplate\":\"https:\\\/\\\/produncan.cl\\\/fr\\\/?s={search_term_string}\"},\"query-input\":{\"@type\":\"PropertyValueSpecification\",\"valueRequired\":true,\"valueName\":\"search_term_string\"}}],\"inLanguage\":\"fr-FR\"},{\"@type\":\"Organization\",\"@id\":\"https:\\\/\\\/produncan.cl\\\/fr\\\/#organization\",\"name\":\"Produncan\",\"url\":\"https:\\\/\\\/produncan.cl\\\/fr\\\/\",\"logo\":{\"@type\":\"ImageObject\",\"inLanguage\":\"fr-FR\",\"@id\":\"https:\\\/\\\/produncan.cl\\\/fr\\\/#\\\/schema\\\/logo\\\/image\\\/\",\"url\":\"https:\\\/\\\/produncan.cl\\\/wp-content\\\/uploads\\\/2021\\\/03\\\/LOGO.jpeg\",\"contentUrl\":\"https:\\\/\\\/produncan.cl\\\/wp-content\\\/uploads\\\/2021\\\/03\\\/LOGO.jpeg\",\"width\":1280,\"height\":903,\"caption\":\"Produncan\"},\"image\":{\"@id\":\"https:\\\/\\\/produncan.cl\\\/fr\\\/#\\\/schema\\\/logo\\\/image\\\/\"},\"sameAs\":[\"https:\\\/\\\/web.facebook.com\\\/produncanland\",\"https:\\\/\\\/www.instagram.com\\\/pro_duncan\\\/\",\"https:\\\/\\\/www.linkedin.com\\\/company\\\/produncan-lands\\\/\",\"https:\\\/\\\/www.youtube.com\\\/channel\\\/UCu7N-f3x0svkazD-Eew1-QQ\"],\"description\":\"En Produncan somos especialistas en la venta de terrenos en el sur de Chile. Proveemos estancias, campos, parcelas y hoteles.\",\"email\":\"info@produncan.cl\"}]}<\/script>\n<meta property=\"og:video\" content=\"https:\/\/www.youtube.com\/embed\/Flgjao5Xk1U\" \/>\n<meta property=\"og:video:type\" content=\"text\/html\" \/>\n<meta property=\"og:video:duration\" content=\"71\" \/>\n<meta property=\"og:video:width\" content=\"480\" \/>\n<meta property=\"og:video:height\" content=\"270\" \/>\n<meta property=\"ya:ovs:adult\" content=\"false\" \/>\n<meta property=\"ya:ovs:upload_date\" content=\"2025-08-05T16:38:13+00:00\" \/>\n<meta property=\"ya:ovs:allow_embed\" content=\"true\" \/>\n<meta property=\"product:price:amount\" content=\"719600.00\" \/>\n<meta property=\"product:price:currency\" content=\"USD\" \/>\n<meta property=\"og:availability\" content=\"instock\" \/>\n<meta property=\"product:availability\" content=\"instock\" \/>\n<meta property=\"product:condition\" content=\"new\" \/>\n<!-- \/ Yoast SEO Premium plugin. -->","yoast_head_json":{"title":"H\u00f4tel \u00e0 Puerto Ays\u00e9n, Lodge R\u00edo Claro - R\u00e9gion d'Ays\u00e9n - Produncan","description":"Lodge \u00e0 Puerto Ays\u00e9n de 337 m\u00b2 avec chalets, villa, quincho et vue panoramique. Acc\u00e8s goudronn\u00e9, eau raccord\u00e9e et excellente note sur Booking.","robots":{"index":"index","follow":"follow","max-snippet":"max-snippet:-1","max-image-preview":"max-image-preview:large","max-video-preview":"max-video-preview:-1"},"canonical":"https:\/\/produncan.cl\/fr\/produit\/hotel-en-puerto-aysen-lodge-rio-claro-region-de-aysen\/","og_locale":"fr_FR","og_type":"article","og_title":"H\u00f4tel \u00e0 Puerto Ays\u00e9n, Lodge R\u00edo Claro - R\u00e9gion d'Ays\u00e9n","og_description":"Lodge \u00e0 Puerto Ays\u00e9n de 337 m\u00b2 avec chalets, villa, quincho et vue panoramique. Acc\u00e8s goudronn\u00e9, eau raccord\u00e9e et excellente note sur Booking.","og_url":"https:\/\/produncan.cl\/fr\/produit\/hotel-en-puerto-aysen-lodge-rio-claro-region-de-aysen\/","og_site_name":"Produncan","article_publisher":"https:\/\/web.facebook.com\/produncanland","article_modified_time":"2025-11-24T16:16:47+00:00","og_image":[{"width":800,"height":600,"url":"https:\/\/produncan.cl\/wp-content\/uploads\/2025\/08\/Lodge-Rio-Claro-Puerto-Aysen.webp","type":"image\/webp"}],"twitter_card":"summary_large_image","twitter_misc":{"Price":"USD719.600,00","Availability":"In stock"},"schema":{"@context":"https:\/\/schema.org","@graph":[{"@type":"WebPage","@id":"https:\/\/produncan.cl\/fr\/produit\/hotel-en-puerto-aysen-lodge-rio-claro-region-de-aysen\/","url":"https:\/\/produncan.cl\/fr\/produit\/hotel-en-puerto-aysen-lodge-rio-claro-region-de-aysen\/","name":"H\u00f4tel \u00e0 Puerto Ays\u00e9n, Lodge R\u00edo Claro - R\u00e9gion d'Ays\u00e9n - Produncan","isPartOf":{"@id":"https:\/\/produncan.cl\/fr\/#website"},"primaryImageOfPage":{"@id":"https:\/\/produncan.cl\/fr\/produit\/hotel-en-puerto-aysen-lodge-rio-claro-region-de-aysen\/#primaryimage"},"image":{"@id":"https:\/\/produncan.cl\/fr\/produit\/hotel-en-puerto-aysen-lodge-rio-claro-region-de-aysen\/#primaryimage"},"thumbnailUrl":"https:\/\/produncan.cl\/wp-content\/uploads\/2025\/08\/Lodge-Rio-Claro-Puerto-Aysen.webp","datePublished":"2025-08-05T16:38:13+00:00","dateModified":"2025-11-24T16:16:47+00:00","description":"Lodge \u00e0 Puerto Ays\u00e9n de 337 m\u00b2 avec chalets, villa, quincho et vue panoramique. Acc\u00e8s goudronn\u00e9, eau raccord\u00e9e et excellente note sur Booking.","breadcrumb":{"@id":"https:\/\/produncan.cl\/fr\/produit\/hotel-en-puerto-aysen-lodge-rio-claro-region-de-aysen\/#breadcrumb"},"inLanguage":"fr-FR","potentialAction":[{"@type":"ReadAction","target":["https:\/\/produncan.cl\/fr\/produit\/hotel-en-puerto-aysen-lodge-rio-claro-region-de-aysen\/"]}]},{"@type":"ImageObject","inLanguage":"fr-FR","@id":"https:\/\/produncan.cl\/fr\/produit\/hotel-en-puerto-aysen-lodge-rio-claro-region-de-aysen\/#primaryimage","url":"https:\/\/produncan.cl\/wp-content\/uploads\/2025\/08\/Lodge-Rio-Claro-Puerto-Aysen.webp","contentUrl":"https:\/\/produncan.cl\/wp-content\/uploads\/2025\/08\/Lodge-Rio-Claro-Puerto-Aysen.webp","width":800,"height":600,"caption":"Lodge R\u00edo Claro Puerto Ays\u00e9n"},{"@type":"BreadcrumbList","@id":"https:\/\/produncan.cl\/fr\/produit\/hotel-en-puerto-aysen-lodge-rio-claro-region-de-aysen\/#breadcrumb","itemListElement":[{"@type":"ListItem","position":1,"name":"Inicio","item":"https:\/\/produncan.cl\/fr\/"},{"@type":"ListItem","position":2,"name":"Propri\u00e9t\u00e9s","item":"https:\/\/produncan.cl\/propiedades\/"},{"@type":"ListItem","position":3,"name":"Parcelles","item":"https:\/\/produncan.cl\/fr\/cat&eacute;gorie\/parcelles\/"},{"@type":"ListItem","position":4,"name":"H\u00f4tel \u00e0 Puerto Ays\u00e9n, Lodge R\u00edo Claro &#8211; R\u00e9gion d&#8217;Ays\u00e9n"}]},{"@type":"WebSite","@id":"https:\/\/produncan.cl\/fr\/#website","url":"https:\/\/produncan.cl\/fr\/","name":"Produncan","description":"Nous vous accompagnons dans votre projet de vie !","publisher":{"@id":"https:\/\/produncan.cl\/fr\/#organization"},"potentialAction":[{"@type":"SearchAction","target":{"@type":"EntryPoint","urlTemplate":"https:\/\/produncan.cl\/fr\/?s={search_term_string}"},"query-input":{"@type":"PropertyValueSpecification","valueRequired":true,"valueName":"search_term_string"}}],"inLanguage":"fr-FR"},{"@type":"Organization","@id":"https:\/\/produncan.cl\/fr\/#organization","name":"Produncan","url":"https:\/\/produncan.cl\/fr\/","logo":{"@type":"ImageObject","inLanguage":"fr-FR","@id":"https:\/\/produncan.cl\/fr\/#\/schema\/logo\/image\/","url":"https:\/\/produncan.cl\/wp-content\/uploads\/2021\/03\/LOGO.jpeg","contentUrl":"https:\/\/produncan.cl\/wp-content\/uploads\/2021\/03\/LOGO.jpeg","width":1280,"height":903,"caption":"Produncan"},"image":{"@id":"https:\/\/produncan.cl\/fr\/#\/schema\/logo\/image\/"},"sameAs":["https:\/\/web.facebook.com\/produncanland","https:\/\/www.instagram.com\/pro_duncan\/","https:\/\/www.linkedin.com\/company\/produncan-lands\/","https:\/\/www.youtube.com\/channel\/UCu7N-f3x0svkazD-Eew1-QQ"],"description":"En Produncan somos especialistas en la venta de terrenos en el sur de Chile. Proveemos estancias, campos, parcelas y hoteles.","email":"info@produncan.cl"}]},"og_video":"https:\/\/www.youtube.com\/embed\/Flgjao5Xk1U","og_video_type":"text\/html","og_video_duration":"71","og_video_width":"480","og_video_height":"270","ya_ovs_adult":"false","ya_ovs_upload_date":"2025-08-05T16:38:13+00:00","ya_ovs_allow_embed":"true","product_price_amount":"719600.00","product_price_currency":"USD","og_availability":"instock","product_availability":"instock","product_condition":"new"},"_links":{"self":[{"href":"https:\/\/produncan.cl\/fr\/wp-json\/wp\/v2\/product\/47294","targetHints":{"allow":["GET"]}}],"collection":[{"href":"https:\/\/produncan.cl\/fr\/wp-json\/wp\/v2\/product"}],"about":[{"href":"https:\/\/produncan.cl\/fr\/wp-json\/wp\/v2\/types\/product"}],"version-history":[{"count":2,"href":"https:\/\/produncan.cl\/fr\/wp-json\/wp\/v2\/product\/47294\/revisions"}],"predecessor-version":[{"id":52305,"href":"https:\/\/produncan.cl\/fr\/wp-json\/wp\/v2\/product\/47294\/revisions\/52305"}],"wp:featuredmedia":[{"embeddable":true,"href":"https:\/\/produncan.cl\/fr\/wp-json\/wp\/v2\/media\/45658"}],"wp:attachment":[{"href":"https:\/\/produncan.cl\/fr\/wp-json\/wp\/v2\/media?parent=47294"}],"wp:term":[{"taxonomy":"product_brand","embeddable":true,"href":"https:\/\/produncan.cl\/fr\/wp-json\/wp\/v2\/product_brand?post=47294"},{"taxonomy":"product_cat","embeddable":true,"href":"https:\/\/produncan.cl\/fr\/wp-json\/wp\/v2\/product_cat?post=47294"},{"taxonomy":"product_tag","embeddable":true,"href":"https:\/\/produncan.cl\/fr\/wp-json\/wp\/v2\/product_tag?post=47294"},{"taxonomy":"regiones","embeddable":true,"href":"https:\/\/produncan.cl\/fr\/wp-json\/wp\/v2\/regiones?post=47294"},{"taxonomy":"ciudades","embeddable":true,"href":"https:\/\/produncan.cl\/fr\/wp-json\/wp\/v2\/ciudades?post=47294"}],"curies":[{"name":"wp","href":"https:\/\/api.w.org\/{rel}","templated":true}]}}