{"id":47301,"date":"2025-07-29T17:17:18","date_gmt":"2025-07-29T21:17:18","guid":{"rendered":"https:\/\/produncan.cl\/producto\/terreno-en-lago-inferior-llanada-grande-region-de-los-lagos\/"},"modified":"2025-11-24T13:16:48","modified_gmt":"2025-11-24T16:16:48","slug":"terreno-en-lago-inferior-llanada-grande-region-de-los-lagos","status":"publish","type":"product","link":"https:\/\/produncan.cl\/fr\/produit\/terreno-en-lago-inferior-llanada-grande-region-de-los-lagos\/","title":{"rendered":"Terrain \u00e0 Lago Inferior, Llanada Grande \u2013 R\u00e9gion des Lacs"},"content":{"rendered":"\t\t<div data-elementor-type=\"product-post\" data-elementor-id=\"47301\" class=\"elementor elementor-47301 elementor-45114\" data-elementor-post-type=\"product\">\n\t\t\t\t<div class=\"elementor-element elementor-element-90e07e3 e-flex e-con-boxed e-con e-parent\" data-id=\"90e07e3\" data-element_type=\"container\" data-e-type=\"container\" data-settings=\"{&quot;jet_parallax_layout_list&quot;:[]}\">\n\t\t\t\t\t<div class=\"e-con-inner\">\n\t\t\t\t<div class=\"elementor-element elementor-element-42f6754 elementor-widget elementor-widget-heading\" data-id=\"42f6754\" data-element_type=\"widget\" data-e-type=\"widget\" data-widget_type=\"heading.default\">\n\t\t\t\t\t<h2 class=\"elementor-heading-title elementor-size-default\">20 hectares avec 400 m\u00e8tres de rivage lacustre dans le nord de la Patagonie<\/h2>\t\t\t\t<\/div>\n\t\t\t\t\t<\/div>\n\t\t\t\t<\/div>\n\t\t<div class=\"elementor-element elementor-element-bf33935 e-flex e-con-boxed e-con e-parent\" data-id=\"bf33935\" data-element_type=\"container\" data-e-type=\"container\" data-settings=\"{&quot;jet_parallax_layout_list&quot;:[]}\">\n\t\t\t\t\t<div class=\"e-con-inner\">\n\t\t\t\t<div class=\"elementor-element elementor-element-f1b1143 elementor-widget elementor-widget-text-editor\" data-id=\"f1b1143\" data-element_type=\"widget\" data-e-type=\"widget\" data-widget_type=\"text-editor.default\">\n\t\t\t\t\t\t\t\t\t<p>Si vous recherchez un terrain vraiment unique, directement reli\u00e9 \u00e0 l&#8217;un des lacs les plus purs de la Patagonie chilienne, voici l&#8217;occasion r\u00eav\u00e9e.<\/p><p>Situ\u00e9 dans la commune de Cocham\u00f3, ce lac d&#8217;origine glaciaire est le point de d\u00e9part du c\u00e9l\u00e8bre fleuve Puelo. Cette propri\u00e9t\u00e9 de 20 hectares, \u00e0 quelques pas de la fronti\u00e8re argentine, offre un cadre naturel extraordinaire, id\u00e9al pour ceux qui souhaitent d\u00e9velopper un projet touristique, \u00e9cologique ou une r\u00e9sidence secondaire en pleine nature. <\/p><h4><strong>Un environnement naturel incomparable<\/strong><\/h4><p>Ce terrain situ\u00e9 au bord du lac Inferior, deuxi\u00e8me enclos de Llanada Grande, pr\u00e9sente une topographie irr\u00e9guli\u00e8re avec des pentes moyennes qui descendent jusqu&#8217;\u00e0 une bande de 400 m\u00e8tres au bord du lac, o\u00f9 s&#8217;ouvre un espace parfait pour construire une maison avec une vue imprenable sur les eaux cristallines du lac Inferior. La propri\u00e9t\u00e9 est couverte \u00e0 50 % par une for\u00eat native dense et mature avec des esp\u00e8ces telles que des coig\u00fces, des lengas, des cypr\u00e8s des Guaitecas et des ulmos, accompagn\u00e9s d&#8217;un sous-bois de foug\u00e8res, de mousses et de lichens. <\/p><p>Le reste du terrain combine des zones rocheuses et un sol argileux stratifi\u00e9, typique des d\u00e9p\u00f4ts glaciaires et fluviaux de la r\u00e9gion. Cet \u00e9quilibre entre v\u00e9g\u00e9tation et g\u00e9ographie permet d&#8217;envisager un d\u00e9veloppement qui pr\u00e9serve l&#8217;environnement tout en l&#8217;exploitant avec respect et intelligence. <\/p><h4><strong>Isolement, beaut\u00e9 et potentiel<\/strong><\/h4><p>La propri\u00e9t\u00e9 ne dispose actuellement d&#8217;aucun service de base, ce qui la rend id\u00e9ale pour ceux qui recherchent un projet autosuffisant. Il existe des sources naturelles qui permettent de mettre en place un syst\u00e8me d&#8217;approvisionnement en eau autonome, et l&#8217;\u00e9nergie peut \u00eatre fournie par des sources renouvelables telles que des panneaux solaires. <\/p><p>Son bon ensoleillement (orientation nord-est), son acc\u00e8s exclusif (uniquement en bateau, \u00e0 pied ou en quad) et son \u00e9loignement de l&#8217;urbanisation garantissent un niveau d&#8217;intimit\u00e9 et de contact avec la nature rarement atteint.<\/p><p>La faune locale comprend des esp\u00e8ces telles que les pud\u00fas, les martins-p\u00eacheurs, les singes-\u00e9cureuils, les li\u00e8vres, les truites et les colibris, ce qui renforce l&#8217;attrait pour les projets ax\u00e9s sur l&#8217;observation de la faune sauvage, la p\u00eache r\u00e9cr\u00e9ative ou les retraites de d\u00e9connexion profonde.<\/p><h4><strong>Acc\u00e8s et emplacement<\/strong><\/h4><p>L&#8217;acc\u00e8s au terrain se fait \u00e0 partir de l&#8217;endroit o\u00f9 se termine la route publique et o\u00f9 commence le lac inf\u00e9rieur. De l\u00e0, on y acc\u00e8de en bateau en 15 \u00e0 20 minutes en longeant la c\u00f4te, ou bien \u00e0 pied ou en quad en empruntant un sentier sur une route vicinale. Bien que la route carrossable ne soit pas encore arriv\u00e9e, le prolongement de la route rurale est d\u00e9j\u00e0 pr\u00e9vu, ce qui am\u00e9liorera consid\u00e9rablement la connectivit\u00e9 \u00e0 court terme. \u00c0 l&#8217;avenir, il est pr\u00e9vu que la route relie l&#8217;Argentine.   <\/p><p>Le terrain se trouve \u00e0 environ 4 heures de l&#8217;a\u00e9roport El Tepual de Puerto Montt, via deux routes panoramiques qui traversent des bacs, des vall\u00e9es, des lacs et des for\u00eats patagoniennes. Il est \u00e9galement possible de s&#8217;y rendre en avion jusqu&#8217;\u00e0 l&#8217;a\u00e9rodrome de Llanada Grande, ce qui r\u00e9duit consid\u00e9rablement le temps de trajet. <\/p><p>La localit\u00e9 de Llanada Grande se trouve \u00e0 30 kilom\u00e8tres et offre tout ce dont vous avez besoin en mati\u00e8re d&#8217;approvisionnement. Plus loin, vous trouverez Cocham\u00f3 et Puelo, o\u00f9 tous les services de base sont disponibles. \u00c0 proximit\u00e9, vous trouverez de nombreuses attractions naturelles telles que le lac Las Rocas, le lac Azul, le lac Puelo et El Bols\u00f3n du c\u00f4t\u00e9 argentin.  <\/p><p>Le terrain situ\u00e9 \u00e0 Lago Inferior, Llanada Grande, est cadastr\u00e9 et se compose des lots A et B. Une route locale relie les deux lots. La propri\u00e9t\u00e9 ne fait l&#8217;objet d&#8217;aucune restriction et ne comporte aucune construction existante. Utilisation actuelle du sol : terrain vague.  <\/p><p>Investissez dans une propri\u00e9t\u00e9 prometteuse, magnifique et au caract\u00e8re authentiquement patagonien.<\/p><p>Id\u00e9al pour ceux qui souhaitent investir dans la nature, d\u00e9velopper un projet avec une identit\u00e9 propre et faire partie d&#8217;un paysage intact, loin du bruit, mais plein de vie.<\/p><p>Contactez-nous pour plus d&#8217;informations. Il s&#8217;agit d&#8217;une opportunit\u00e9 unique pour les visionnaires et les amoureux de la Patagonie. <\/p>\t\t\t\t\t\t\t\t<\/div>\n\t\t\t\t\t<\/div>\n\t\t\t\t<\/div>\n\t\t\t\t<\/div>\n\t\t","protected":false},"excerpt":{"rendered":"<p>Terrain \u00e0 Lago Inferior, Llanada Grande, avec 400 m\u00e8tres de rivage lacustre. On y acc\u00e8de en bateau en 15 minutes ou par un chemin rural en quad. Un endroit unique pour les amoureux de la nature intacte, \u00e0 deux pas de la fronti\u00e8re avec l&#8217;Argentine.   <\/p>\n","protected":false},"featured_media":45125,"template":"","meta":{"_acf_changed":false},"product_brand":[],"product_cat":[113],"product_tag":[233,237],"regiones":[226],"ciudades":[455,510,218],"class_list":{"0":"post-47301","1":"product","2":"type-product","3":"status-publish","4":"has-post-thumbnail","6":"product_cat-ohiggins-los-lagos-fr","7":"product_tag-champs","8":"product_tag-proprietes-touristiques","9":"regiones-nuble-los_lagos","10":"ciudades-cochamo","11":"ciudades-llanada-grande","12":"ciudades-puerto-montt","14":"first","15":"instock","16":"shipping-taxable","17":"purchasable","18":"product-type-simple"},"acf":[],"yoast_head":"<!-- This site is optimized with the Yoast SEO Premium plugin v26.0 (Yoast SEO v27.4) - https:\/\/yoast.com\/product\/yoast-seo-premium-wordpress\/ -->\n<title>Terrain \u00e0 Lago Inferior, Llanada Grande \u2013 R\u00e9gion des Lacs - Produncan<\/title>\n<meta name=\"description\" content=\"Terrain \u00e0 Lago Inferior, Llanada Grande, avec 400 m de rivage. Acc\u00e8s en bateau ou en quad. Nature intacte, pr\u00e8s de la fronti\u00e8re avec l&#039;Argentine.\" \/>\n<meta name=\"robots\" content=\"index, follow, max-snippet:-1, max-image-preview:large, max-video-preview:-1\" \/>\n<link rel=\"canonical\" href=\"https:\/\/produncan.cl\/fr\/produit\/terreno-en-lago-inferior-llanada-grande-region-de-los-lagos\/\" \/>\n<meta property=\"og:locale\" content=\"fr_FR\" \/>\n<meta property=\"og:type\" content=\"article\" \/>\n<meta property=\"og:title\" content=\"Terrain \u00e0 Lago Inferior, Llanada Grande \u2013 R\u00e9gion des Lacs\" \/>\n<meta property=\"og:description\" content=\"Terrain \u00e0 Lago Inferior, Llanada Grande, avec 400 m de rivage. Acc\u00e8s en bateau ou en quad. Nature intacte, pr\u00e8s de la fronti\u00e8re avec l&#039;Argentine.\" \/>\n<meta property=\"og:url\" content=\"https:\/\/produncan.cl\/fr\/produit\/terreno-en-lago-inferior-llanada-grande-region-de-los-lagos\/\" \/>\n<meta property=\"og:site_name\" content=\"Produncan\" \/>\n<meta property=\"article:publisher\" content=\"https:\/\/web.facebook.com\/produncanland\" \/>\n<meta property=\"article:modified_time\" content=\"2025-11-24T16:16:48+00:00\" \/>\n<meta property=\"og:image\" content=\"https:\/\/produncan.cl\/wp-content\/uploads\/2025\/07\/Terreno-en-venta-Lago-Inferior.webp\" \/>\n\t<meta property=\"og:image:width\" content=\"800\" \/>\n\t<meta property=\"og:image:height\" content=\"600\" \/>\n\t<meta property=\"og:image:type\" content=\"image\/webp\" \/>\n<meta name=\"twitter:card\" content=\"summary_large_image\" \/>\n<meta name=\"twitter:label1\" content=\"Price\" \/>\n\t<meta name=\"twitter:data1\" content=\"USD375.100,00\" \/>\n\t<meta name=\"twitter:label2\" content=\"Availability\" \/>\n\t<meta name=\"twitter:data2\" content=\"In stock\" \/>\n<script type=\"application\/ld+json\" class=\"yoast-schema-graph\">{\"@context\":\"https:\\\/\\\/schema.org\",\"@graph\":[{\"@type\":\"WebPage\",\"@id\":\"https:\\\/\\\/produncan.cl\\\/fr\\\/produit\\\/terreno-en-lago-inferior-llanada-grande-region-de-los-lagos\\\/\",\"url\":\"https:\\\/\\\/produncan.cl\\\/fr\\\/produit\\\/terreno-en-lago-inferior-llanada-grande-region-de-los-lagos\\\/\",\"name\":\"Terrain \u00e0 Lago Inferior, Llanada Grande \u2013 R\u00e9gion des Lacs - Produncan\",\"isPartOf\":{\"@id\":\"https:\\\/\\\/produncan.cl\\\/fr\\\/#website\"},\"primaryImageOfPage\":{\"@id\":\"https:\\\/\\\/produncan.cl\\\/fr\\\/produit\\\/terreno-en-lago-inferior-llanada-grande-region-de-los-lagos\\\/#primaryimage\"},\"image\":{\"@id\":\"https:\\\/\\\/produncan.cl\\\/fr\\\/produit\\\/terreno-en-lago-inferior-llanada-grande-region-de-los-lagos\\\/#primaryimage\"},\"thumbnailUrl\":\"https:\\\/\\\/produncan.cl\\\/wp-content\\\/uploads\\\/2025\\\/07\\\/Terreno-en-venta-Lago-Inferior.webp\",\"datePublished\":\"2025-07-29T21:17:18+00:00\",\"dateModified\":\"2025-11-24T16:16:48+00:00\",\"description\":\"Terrain \u00e0 Lago Inferior, Llanada Grande, avec 400 m de rivage. Acc\u00e8s en bateau ou en quad. Nature intacte, pr\u00e8s de la fronti\u00e8re avec l'Argentine.\",\"breadcrumb\":{\"@id\":\"https:\\\/\\\/produncan.cl\\\/fr\\\/produit\\\/terreno-en-lago-inferior-llanada-grande-region-de-los-lagos\\\/#breadcrumb\"},\"inLanguage\":\"fr-FR\",\"potentialAction\":[{\"@type\":\"ReadAction\",\"target\":[\"https:\\\/\\\/produncan.cl\\\/fr\\\/produit\\\/terreno-en-lago-inferior-llanada-grande-region-de-los-lagos\\\/\"]}]},{\"@type\":\"ImageObject\",\"inLanguage\":\"fr-FR\",\"@id\":\"https:\\\/\\\/produncan.cl\\\/fr\\\/produit\\\/terreno-en-lago-inferior-llanada-grande-region-de-los-lagos\\\/#primaryimage\",\"url\":\"https:\\\/\\\/produncan.cl\\\/wp-content\\\/uploads\\\/2025\\\/07\\\/Terreno-en-venta-Lago-Inferior.webp\",\"contentUrl\":\"https:\\\/\\\/produncan.cl\\\/wp-content\\\/uploads\\\/2025\\\/07\\\/Terreno-en-venta-Lago-Inferior.webp\",\"width\":800,\"height\":600,\"caption\":\"Terrain \u00e0 vendre Lower Lake\"},{\"@type\":\"BreadcrumbList\",\"@id\":\"https:\\\/\\\/produncan.cl\\\/fr\\\/produit\\\/terreno-en-lago-inferior-llanada-grande-region-de-los-lagos\\\/#breadcrumb\",\"itemListElement\":[{\"@type\":\"ListItem\",\"position\":1,\"name\":\"Inicio\",\"item\":\"https:\\\/\\\/produncan.cl\\\/fr\\\/\"},{\"@type\":\"ListItem\",\"position\":2,\"name\":\"Propri\u00e9t\u00e9s\",\"item\":\"https:\\\/\\\/produncan.cl\\\/propiedades\\\/\"},{\"@type\":\"ListItem\",\"position\":3,\"name\":\"Champs\",\"item\":\"https:\\\/\\\/produncan.cl\\\/fr\\\/cat&eacute;gorie\\\/champs\\\/\"},{\"@type\":\"ListItem\",\"position\":4,\"name\":\"Terrain \u00e0 Lago Inferior, Llanada Grande \u2013 R\u00e9gion des Lacs\"}]},{\"@type\":\"WebSite\",\"@id\":\"https:\\\/\\\/produncan.cl\\\/fr\\\/#website\",\"url\":\"https:\\\/\\\/produncan.cl\\\/fr\\\/\",\"name\":\"Produncan\",\"description\":\"Nous vous accompagnons dans votre projet de vie !\",\"publisher\":{\"@id\":\"https:\\\/\\\/produncan.cl\\\/fr\\\/#organization\"},\"potentialAction\":[{\"@type\":\"SearchAction\",\"target\":{\"@type\":\"EntryPoint\",\"urlTemplate\":\"https:\\\/\\\/produncan.cl\\\/fr\\\/?s={search_term_string}\"},\"query-input\":{\"@type\":\"PropertyValueSpecification\",\"valueRequired\":true,\"valueName\":\"search_term_string\"}}],\"inLanguage\":\"fr-FR\"},{\"@type\":\"Organization\",\"@id\":\"https:\\\/\\\/produncan.cl\\\/fr\\\/#organization\",\"name\":\"Produncan\",\"url\":\"https:\\\/\\\/produncan.cl\\\/fr\\\/\",\"logo\":{\"@type\":\"ImageObject\",\"inLanguage\":\"fr-FR\",\"@id\":\"https:\\\/\\\/produncan.cl\\\/fr\\\/#\\\/schema\\\/logo\\\/image\\\/\",\"url\":\"https:\\\/\\\/produncan.cl\\\/wp-content\\\/uploads\\\/2021\\\/03\\\/LOGO.jpeg\",\"contentUrl\":\"https:\\\/\\\/produncan.cl\\\/wp-content\\\/uploads\\\/2021\\\/03\\\/LOGO.jpeg\",\"width\":1280,\"height\":903,\"caption\":\"Produncan\"},\"image\":{\"@id\":\"https:\\\/\\\/produncan.cl\\\/fr\\\/#\\\/schema\\\/logo\\\/image\\\/\"},\"sameAs\":[\"https:\\\/\\\/web.facebook.com\\\/produncanland\",\"https:\\\/\\\/www.instagram.com\\\/pro_duncan\\\/\",\"https:\\\/\\\/www.linkedin.com\\\/company\\\/produncan-lands\\\/\",\"https:\\\/\\\/www.youtube.com\\\/channel\\\/UCu7N-f3x0svkazD-Eew1-QQ\"],\"description\":\"En Produncan somos especialistas en la venta de terrenos en el sur de Chile. Proveemos estancias, campos, parcelas y hoteles.\",\"email\":\"info@produncan.cl\"}]}<\/script>\n<meta property=\"og:video\" content=\"https:\/\/www.youtube.com\/embed\/_e--sTiL5ec\" \/>\n<meta property=\"og:video:type\" content=\"text\/html\" \/>\n<meta property=\"og:video:duration\" content=\"71\" \/>\n<meta property=\"og:video:width\" content=\"480\" \/>\n<meta property=\"og:video:height\" content=\"270\" \/>\n<meta property=\"ya:ovs:adult\" content=\"false\" \/>\n<meta property=\"ya:ovs:upload_date\" content=\"2025-07-29T21:17:18+00:00\" \/>\n<meta property=\"ya:ovs:allow_embed\" content=\"true\" \/>\n<meta property=\"product:price:amount\" content=\"375100.00\" \/>\n<meta property=\"product:price:currency\" content=\"USD\" \/>\n<meta property=\"og:availability\" content=\"instock\" \/>\n<meta property=\"product:availability\" content=\"instock\" \/>\n<meta property=\"product:condition\" content=\"new\" \/>\n<!-- \/ Yoast SEO Premium plugin. -->","yoast_head_json":{"title":"Terrain \u00e0 Lago Inferior, Llanada Grande \u2013 R\u00e9gion des Lacs - Produncan","description":"Terrain \u00e0 Lago Inferior, Llanada Grande, avec 400 m de rivage. Acc\u00e8s en bateau ou en quad. Nature intacte, pr\u00e8s de la fronti\u00e8re avec l'Argentine.","robots":{"index":"index","follow":"follow","max-snippet":"max-snippet:-1","max-image-preview":"max-image-preview:large","max-video-preview":"max-video-preview:-1"},"canonical":"https:\/\/produncan.cl\/fr\/produit\/terreno-en-lago-inferior-llanada-grande-region-de-los-lagos\/","og_locale":"fr_FR","og_type":"article","og_title":"Terrain \u00e0 Lago Inferior, Llanada Grande \u2013 R\u00e9gion des Lacs","og_description":"Terrain \u00e0 Lago Inferior, Llanada Grande, avec 400 m de rivage. Acc\u00e8s en bateau ou en quad. Nature intacte, pr\u00e8s de la fronti\u00e8re avec l'Argentine.","og_url":"https:\/\/produncan.cl\/fr\/produit\/terreno-en-lago-inferior-llanada-grande-region-de-los-lagos\/","og_site_name":"Produncan","article_publisher":"https:\/\/web.facebook.com\/produncanland","article_modified_time":"2025-11-24T16:16:48+00:00","og_image":[{"width":800,"height":600,"url":"https:\/\/produncan.cl\/wp-content\/uploads\/2025\/07\/Terreno-en-venta-Lago-Inferior.webp","type":"image\/webp"}],"twitter_card":"summary_large_image","twitter_misc":{"Price":"USD375.100,00","Availability":"In stock"},"schema":{"@context":"https:\/\/schema.org","@graph":[{"@type":"WebPage","@id":"https:\/\/produncan.cl\/fr\/produit\/terreno-en-lago-inferior-llanada-grande-region-de-los-lagos\/","url":"https:\/\/produncan.cl\/fr\/produit\/terreno-en-lago-inferior-llanada-grande-region-de-los-lagos\/","name":"Terrain \u00e0 Lago Inferior, Llanada Grande \u2013 R\u00e9gion des Lacs - Produncan","isPartOf":{"@id":"https:\/\/produncan.cl\/fr\/#website"},"primaryImageOfPage":{"@id":"https:\/\/produncan.cl\/fr\/produit\/terreno-en-lago-inferior-llanada-grande-region-de-los-lagos\/#primaryimage"},"image":{"@id":"https:\/\/produncan.cl\/fr\/produit\/terreno-en-lago-inferior-llanada-grande-region-de-los-lagos\/#primaryimage"},"thumbnailUrl":"https:\/\/produncan.cl\/wp-content\/uploads\/2025\/07\/Terreno-en-venta-Lago-Inferior.webp","datePublished":"2025-07-29T21:17:18+00:00","dateModified":"2025-11-24T16:16:48+00:00","description":"Terrain \u00e0 Lago Inferior, Llanada Grande, avec 400 m de rivage. Acc\u00e8s en bateau ou en quad. Nature intacte, pr\u00e8s de la fronti\u00e8re avec l'Argentine.","breadcrumb":{"@id":"https:\/\/produncan.cl\/fr\/produit\/terreno-en-lago-inferior-llanada-grande-region-de-los-lagos\/#breadcrumb"},"inLanguage":"fr-FR","potentialAction":[{"@type":"ReadAction","target":["https:\/\/produncan.cl\/fr\/produit\/terreno-en-lago-inferior-llanada-grande-region-de-los-lagos\/"]}]},{"@type":"ImageObject","inLanguage":"fr-FR","@id":"https:\/\/produncan.cl\/fr\/produit\/terreno-en-lago-inferior-llanada-grande-region-de-los-lagos\/#primaryimage","url":"https:\/\/produncan.cl\/wp-content\/uploads\/2025\/07\/Terreno-en-venta-Lago-Inferior.webp","contentUrl":"https:\/\/produncan.cl\/wp-content\/uploads\/2025\/07\/Terreno-en-venta-Lago-Inferior.webp","width":800,"height":600,"caption":"Terrain \u00e0 vendre Lower Lake"},{"@type":"BreadcrumbList","@id":"https:\/\/produncan.cl\/fr\/produit\/terreno-en-lago-inferior-llanada-grande-region-de-los-lagos\/#breadcrumb","itemListElement":[{"@type":"ListItem","position":1,"name":"Inicio","item":"https:\/\/produncan.cl\/fr\/"},{"@type":"ListItem","position":2,"name":"Propri\u00e9t\u00e9s","item":"https:\/\/produncan.cl\/propiedades\/"},{"@type":"ListItem","position":3,"name":"Champs","item":"https:\/\/produncan.cl\/fr\/cat&eacute;gorie\/champs\/"},{"@type":"ListItem","position":4,"name":"Terrain \u00e0 Lago Inferior, Llanada Grande \u2013 R\u00e9gion des Lacs"}]},{"@type":"WebSite","@id":"https:\/\/produncan.cl\/fr\/#website","url":"https:\/\/produncan.cl\/fr\/","name":"Produncan","description":"Nous vous accompagnons dans votre projet de vie !","publisher":{"@id":"https:\/\/produncan.cl\/fr\/#organization"},"potentialAction":[{"@type":"SearchAction","target":{"@type":"EntryPoint","urlTemplate":"https:\/\/produncan.cl\/fr\/?s={search_term_string}"},"query-input":{"@type":"PropertyValueSpecification","valueRequired":true,"valueName":"search_term_string"}}],"inLanguage":"fr-FR"},{"@type":"Organization","@id":"https:\/\/produncan.cl\/fr\/#organization","name":"Produncan","url":"https:\/\/produncan.cl\/fr\/","logo":{"@type":"ImageObject","inLanguage":"fr-FR","@id":"https:\/\/produncan.cl\/fr\/#\/schema\/logo\/image\/","url":"https:\/\/produncan.cl\/wp-content\/uploads\/2021\/03\/LOGO.jpeg","contentUrl":"https:\/\/produncan.cl\/wp-content\/uploads\/2021\/03\/LOGO.jpeg","width":1280,"height":903,"caption":"Produncan"},"image":{"@id":"https:\/\/produncan.cl\/fr\/#\/schema\/logo\/image\/"},"sameAs":["https:\/\/web.facebook.com\/produncanland","https:\/\/www.instagram.com\/pro_duncan\/","https:\/\/www.linkedin.com\/company\/produncan-lands\/","https:\/\/www.youtube.com\/channel\/UCu7N-f3x0svkazD-Eew1-QQ"],"description":"En Produncan somos especialistas en la venta de terrenos en el sur de Chile. Proveemos estancias, campos, parcelas y hoteles.","email":"info@produncan.cl"}]},"og_video":"https:\/\/www.youtube.com\/embed\/_e--sTiL5ec","og_video_type":"text\/html","og_video_duration":"71","og_video_width":"480","og_video_height":"270","ya_ovs_adult":"false","ya_ovs_upload_date":"2025-07-29T21:17:18+00:00","ya_ovs_allow_embed":"true","product_price_amount":"375100.00","product_price_currency":"USD","og_availability":"instock","product_availability":"instock","product_condition":"new"},"_links":{"self":[{"href":"https:\/\/produncan.cl\/fr\/wp-json\/wp\/v2\/product\/47301","targetHints":{"allow":["GET"]}}],"collection":[{"href":"https:\/\/produncan.cl\/fr\/wp-json\/wp\/v2\/product"}],"about":[{"href":"https:\/\/produncan.cl\/fr\/wp-json\/wp\/v2\/types\/product"}],"version-history":[{"count":1,"href":"https:\/\/produncan.cl\/fr\/wp-json\/wp\/v2\/product\/47301\/revisions"}],"predecessor-version":[{"id":52310,"href":"https:\/\/produncan.cl\/fr\/wp-json\/wp\/v2\/product\/47301\/revisions\/52310"}],"wp:featuredmedia":[{"embeddable":true,"href":"https:\/\/produncan.cl\/fr\/wp-json\/wp\/v2\/media\/45125"}],"wp:attachment":[{"href":"https:\/\/produncan.cl\/fr\/wp-json\/wp\/v2\/media?parent=47301"}],"wp:term":[{"taxonomy":"product_brand","embeddable":true,"href":"https:\/\/produncan.cl\/fr\/wp-json\/wp\/v2\/product_brand?post=47301"},{"taxonomy":"product_cat","embeddable":true,"href":"https:\/\/produncan.cl\/fr\/wp-json\/wp\/v2\/product_cat?post=47301"},{"taxonomy":"product_tag","embeddable":true,"href":"https:\/\/produncan.cl\/fr\/wp-json\/wp\/v2\/product_tag?post=47301"},{"taxonomy":"regiones","embeddable":true,"href":"https:\/\/produncan.cl\/fr\/wp-json\/wp\/v2\/regiones?post=47301"},{"taxonomy":"ciudades","embeddable":true,"href":"https:\/\/produncan.cl\/fr\/wp-json\/wp\/v2\/ciudades?post=47301"}],"curies":[{"name":"wp","href":"https:\/\/api.w.org\/{rel}","templated":true}]}}