{"id":47597,"date":"2025-08-11T18:44:34","date_gmt":"2025-08-11T22:44:34","guid":{"rendered":"https:\/\/produncan.cl\/producto\/terrain-a-puerto-varas-las-tranqueras-region-des-lacs\/"},"modified":"2025-11-20T13:21:03","modified_gmt":"2025-11-20T16:21:03","slug":"terrain-a-puerto-varas-las-tranqueras-region-des-lacs","status":"publish","type":"product","link":"https:\/\/produncan.cl\/fr\/produit\/terrain-a-puerto-varas-las-tranqueras-region-des-lacs\/","title":{"rendered":"Terrain \u00e0 Puerto Varas, Las Tranqueras \u2013 R\u00e9gion des Lacs"},"content":{"rendered":"\t\t<div data-elementor-type=\"product-post\" data-elementor-id=\"47597\" class=\"elementor elementor-47597 elementor-47523\" data-elementor-post-type=\"product\">\n\t\t\t\t<div class=\"elementor-element elementor-element-7c77baf e-flex e-con-boxed e-con e-parent\" data-id=\"7c77baf\" data-element_type=\"container\" data-e-type=\"container\" data-settings=\"{&quot;jet_parallax_layout_list&quot;:[]}\">\n\t\t\t\t\t<div class=\"e-con-inner\">\n\t\t\t\t<div class=\"elementor-element elementor-element-4f2d9be elementor-widget elementor-widget-heading\" data-id=\"4f2d9be\" data-element_type=\"widget\" data-e-type=\"widget\" data-widget_type=\"heading.default\">\n\t\t\t\t\t<h2 class=\"elementor-heading-title elementor-size-default\">Achetez un terrain \u00e0 prix r\u00e9duit dans le projet exclusif Las Tranqueras<\/h2>\t\t\t\t<\/div>\n\t\t\t\t\t<\/div>\n\t\t\t\t<\/div>\n\t\t<div class=\"elementor-element elementor-element-2b21fb9 e-flex e-con-boxed e-con e-parent\" data-id=\"2b21fb9\" data-element_type=\"container\" data-e-type=\"container\" data-settings=\"{&quot;jet_parallax_layout_list&quot;:[]}\">\n\t\t\t\t\t<div class=\"e-con-inner\">\n\t\t\t\t<div class=\"elementor-element elementor-element-d02cb4a elementor-widget elementor-widget-text-editor\" data-id=\"d02cb4a\" data-element_type=\"widget\" data-e-type=\"widget\" data-widget_type=\"text-editor.default\">\n\t\t\t\t\t\t\t\t\t<p>Ubicada a la salida de Puerto Varas, camino a Ensenada, esta parcela en venta con una superficie de 5.000 m\u00b2, forma parte del consolidado proyecto Las Tranqueras, emplazado en una de las zonas m\u00e1s privilegiadas de la X Regi\u00f3n. El proyecto Las Tranqueras ha sido concebido con dedicaci\u00f3n, ofreciendo un entorno ideal para familias en b\u00fasqueda de una primera vivienda en Puerto Varas. <\/p><p><strong>Un quartier unique, entour\u00e9 de beaut\u00e9 naturelle<\/strong><\/p><p>Sur ce terrain situ\u00e9 \u00e0 Puerto Varas, vous profiterez d&#8217;une for\u00eat native, de vastes espaces verts et de vues spectaculaires. Tout a \u00e9t\u00e9 pens\u00e9 pour que vous viviez en harmonie avec l&#8217;environnement et d\u00e9veloppiez un mode de vie tranquille, s\u00fbr et connect\u00e9 \u00e0 l&#8217;essentiel. <\/p><p><strong>Infrastructure de haut niveau<\/strong><\/p><ul><li>\u00c9lectricit\u00e9 souterraine<\/li><li>Acc\u00e8s contr\u00f4l\u00e9 et portails \u00e9lectriques \u00e0 chaque \u00e9tape<\/li><li>Routes asphalt\u00e9es<\/li><li>Square avec aire de jeux pour enfants<\/li><li>Lagune avec des canards<\/li><li>Quincho commun pour les r\u00e9unions et les c\u00e9l\u00e9brations<br><br><\/li><\/ul><p><strong>Nature et sport \u00e0 votre porte<\/strong><\/p><p>Parcourez des sentiers nich\u00e9s dans la for\u00eat native, parfaits pour le trekking, le running, le VTT ou l&#8217;\u00e9quitation.<\/p><p><strong>Centre \u00e9questre exclusif<\/strong><\/p><p>Profitez de cours d&#8217;\u00e9quitation pour enfants et adultes, de balades \u00e0 poney, d&#8217;ateliers d&#8217;\u00e9t\u00e9, de coaching avec des chevaux, de randonn\u00e9es guid\u00e9es et d&#8217;un service d&#8217;h\u00e9bergement et d&#8217;entretien pour votre cheval.<\/p><p><strong>Emplacement strat\u00e9gique<\/strong><\/p><p>\u00c0 seulement 13 km du centre de Puerto Varas et \u00e0 35 km de l&#8217;a\u00e9roport El Tepual, avec un acc\u00e8s direct \u00e0 la route 225 qui longe le lac Llanquihue. Un environnement calme et r\u00e9sidentiel, entour\u00e9 de parcelles avec des maisons haut de gamme. <\/p><p><strong>Une opportunit\u00e9 unique<\/strong><\/p><p>Le propri\u00e9taire propose cette parcelle unique \u00e0 Puerto Varas \u00e0 un prix sp\u00e9cial, inf\u00e9rieur \u00e0 la valeur du march\u00e9. C&#8217;est le moment id\u00e9al pour investir et vous assurer une place dans ce projet exclusif. <\/p><p>Parcelle Las Tranqueras, o\u00f9 nature, confort et qualit\u00e9 de vie se rencontrent.<\/p><p>Contactez-nous et demandez plus d&#8217;informations !<\/p>\t\t\t\t\t\t\t\t<\/div>\n\t\t\t\t\t<\/div>\n\t\t\t\t<\/div>\n\t\t\t\t<\/div>\n\t\t","protected":false},"excerpt":{"rendered":"<p>Terrain \u00e0 Puerto Varas, \u00e0 13 kilom\u00e8tres du centre-ville. Acc\u00e8s contr\u00f4l\u00e9, route goudronn\u00e9e, club \u00e9questre, lac et am\u00e9nagement paysager. Au sein d&#8217;un projet consolid\u00e9, id\u00e9al pour une premi\u00e8re r\u00e9sidence. Profitez de la remise.    <\/p>\n","protected":false},"featured_media":47527,"template":"","meta":{"_acf_changed":false},"product_brand":[],"product_cat":[113],"product_tag":[236],"regiones":[226],"ciudades":[219],"class_list":{"0":"post-47597","1":"product","2":"type-product","3":"status-publish","4":"has-post-thumbnail","6":"product_cat-ohiggins-los-lagos-fr","7":"product_tag-parcelles","8":"regiones-nuble-los_lagos","9":"ciudades-puerto-varas","11":"first","12":"instock","13":"shipping-taxable","14":"purchasable","15":"product-type-simple"},"acf":[],"yoast_head":"<!-- This site is optimized with the Yoast SEO Premium plugin v26.0 (Yoast SEO v27.3) - https:\/\/yoast.com\/product\/yoast-seo-premium-wordpress\/ -->\n<title>Terrain \u00e0 Puerto Varas, Las Tranqueras \u2013 R\u00e9gion des Lacs - Produncan<\/title>\n<meta name=\"description\" content=\"Terrain \u00e0 Puerto Varas, \u00e0 13 km du centre-ville, dans un projet consolid\u00e9 avec acc\u00e8s contr\u00f4l\u00e9, club \u00e9questre, lac et am\u00e9nagement paysager. Id\u00e9al comme r\u00e9sidence principale.\" \/>\n<meta name=\"robots\" content=\"index, follow, max-snippet:-1, max-image-preview:large, max-video-preview:-1\" \/>\n<link rel=\"canonical\" href=\"https:\/\/produncan.cl\/fr\/produit\/terrain-a-puerto-varas-las-tranqueras-region-des-lacs\/\" \/>\n<meta property=\"og:locale\" content=\"fr_FR\" \/>\n<meta property=\"og:type\" content=\"article\" \/>\n<meta property=\"og:title\" content=\"Terrain \u00e0 Puerto Varas, Las Tranqueras \u2013 R\u00e9gion des Lacs\" \/>\n<meta property=\"og:description\" content=\"Terrain \u00e0 Puerto Varas, \u00e0 13 km du centre-ville, dans un projet consolid\u00e9 avec acc\u00e8s contr\u00f4l\u00e9, club \u00e9questre, lac et am\u00e9nagement paysager. Id\u00e9al comme r\u00e9sidence principale.\" \/>\n<meta property=\"og:url\" content=\"https:\/\/produncan.cl\/fr\/produit\/terrain-a-puerto-varas-las-tranqueras-region-des-lacs\/\" \/>\n<meta property=\"og:site_name\" content=\"Produncan\" \/>\n<meta property=\"article:publisher\" content=\"https:\/\/web.facebook.com\/produncanland\" \/>\n<meta property=\"article:modified_time\" content=\"2025-11-20T16:21:03+00:00\" \/>\n<meta property=\"og:image\" content=\"https:\/\/produncan.cl\/wp-content\/uploads\/2025\/08\/Parcela-Las-Tranqueras-Puerto-Varas.webp\" \/>\n\t<meta property=\"og:image:width\" content=\"800\" \/>\n\t<meta property=\"og:image:height\" content=\"600\" \/>\n\t<meta property=\"og:image:type\" content=\"image\/webp\" \/>\n<meta name=\"twitter:card\" content=\"summary_large_image\" \/>\n<meta name=\"twitter:label1\" content=\"Price\" \/>\n\t<meta name=\"twitter:data1\" content=\"USD179.400,00\" \/>\n\t<meta name=\"twitter:label2\" content=\"Availability\" \/>\n\t<meta name=\"twitter:data2\" content=\"In stock\" \/>\n<script type=\"application\/ld+json\" class=\"yoast-schema-graph\">{\"@context\":\"https:\\\/\\\/schema.org\",\"@graph\":[{\"@type\":\"WebPage\",\"@id\":\"https:\\\/\\\/produncan.cl\\\/fr\\\/produit\\\/terrain-a-puerto-varas-las-tranqueras-region-des-lacs\\\/\",\"url\":\"https:\\\/\\\/produncan.cl\\\/fr\\\/produit\\\/terrain-a-puerto-varas-las-tranqueras-region-des-lacs\\\/\",\"name\":\"Terrain \u00e0 Puerto Varas, Las Tranqueras \u2013 R\u00e9gion des Lacs - Produncan\",\"isPartOf\":{\"@id\":\"https:\\\/\\\/produncan.cl\\\/fr\\\/#website\"},\"primaryImageOfPage\":{\"@id\":\"https:\\\/\\\/produncan.cl\\\/fr\\\/produit\\\/terrain-a-puerto-varas-las-tranqueras-region-des-lacs\\\/#primaryimage\"},\"image\":{\"@id\":\"https:\\\/\\\/produncan.cl\\\/fr\\\/produit\\\/terrain-a-puerto-varas-las-tranqueras-region-des-lacs\\\/#primaryimage\"},\"thumbnailUrl\":\"https:\\\/\\\/produncan.cl\\\/wp-content\\\/uploads\\\/2025\\\/08\\\/Parcela-Las-Tranqueras-Puerto-Varas.webp\",\"datePublished\":\"2025-08-11T22:44:34+00:00\",\"dateModified\":\"2025-11-20T16:21:03+00:00\",\"description\":\"Terrain \u00e0 Puerto Varas, \u00e0 13 km du centre-ville, dans un projet consolid\u00e9 avec acc\u00e8s contr\u00f4l\u00e9, club \u00e9questre, lac et am\u00e9nagement paysager. Id\u00e9al comme r\u00e9sidence principale.\",\"breadcrumb\":{\"@id\":\"https:\\\/\\\/produncan.cl\\\/fr\\\/produit\\\/terrain-a-puerto-varas-las-tranqueras-region-des-lacs\\\/#breadcrumb\"},\"inLanguage\":\"fr-FR\",\"potentialAction\":[{\"@type\":\"ReadAction\",\"target\":[\"https:\\\/\\\/produncan.cl\\\/fr\\\/produit\\\/terrain-a-puerto-varas-las-tranqueras-region-des-lacs\\\/\"]}]},{\"@type\":\"ImageObject\",\"inLanguage\":\"fr-FR\",\"@id\":\"https:\\\/\\\/produncan.cl\\\/fr\\\/produit\\\/terrain-a-puerto-varas-las-tranqueras-region-des-lacs\\\/#primaryimage\",\"url\":\"https:\\\/\\\/produncan.cl\\\/wp-content\\\/uploads\\\/2025\\\/08\\\/Parcela-Las-Tranqueras-Puerto-Varas.webp\",\"contentUrl\":\"https:\\\/\\\/produncan.cl\\\/wp-content\\\/uploads\\\/2025\\\/08\\\/Parcela-Las-Tranqueras-Puerto-Varas.webp\",\"width\":800,\"height\":600,\"caption\":\"Terrain Las Tranqueras Puerto Varas\"},{\"@type\":\"BreadcrumbList\",\"@id\":\"https:\\\/\\\/produncan.cl\\\/fr\\\/produit\\\/terrain-a-puerto-varas-las-tranqueras-region-des-lacs\\\/#breadcrumb\",\"itemListElement\":[{\"@type\":\"ListItem\",\"position\":1,\"name\":\"Inicio\",\"item\":\"https:\\\/\\\/produncan.cl\\\/fr\\\/\"},{\"@type\":\"ListItem\",\"position\":2,\"name\":\"Propri\u00e9t\u00e9s\",\"item\":\"https:\\\/\\\/produncan.cl\\\/propiedades\\\/\"},{\"@type\":\"ListItem\",\"position\":3,\"name\":\"Parcelles\",\"item\":\"https:\\\/\\\/produncan.cl\\\/fr\\\/cat&eacute;gorie\\\/parcelles\\\/\"},{\"@type\":\"ListItem\",\"position\":4,\"name\":\"Terrain \u00e0 Puerto Varas, Las Tranqueras \u2013 R\u00e9gion des Lacs\"}]},{\"@type\":\"WebSite\",\"@id\":\"https:\\\/\\\/produncan.cl\\\/fr\\\/#website\",\"url\":\"https:\\\/\\\/produncan.cl\\\/fr\\\/\",\"name\":\"Produncan\",\"description\":\"Nous vous accompagnons dans votre projet de vie !\",\"publisher\":{\"@id\":\"https:\\\/\\\/produncan.cl\\\/fr\\\/#organization\"},\"potentialAction\":[{\"@type\":\"SearchAction\",\"target\":{\"@type\":\"EntryPoint\",\"urlTemplate\":\"https:\\\/\\\/produncan.cl\\\/fr\\\/?s={search_term_string}\"},\"query-input\":{\"@type\":\"PropertyValueSpecification\",\"valueRequired\":true,\"valueName\":\"search_term_string\"}}],\"inLanguage\":\"fr-FR\"},{\"@type\":\"Organization\",\"@id\":\"https:\\\/\\\/produncan.cl\\\/fr\\\/#organization\",\"name\":\"Produncan\",\"url\":\"https:\\\/\\\/produncan.cl\\\/fr\\\/\",\"logo\":{\"@type\":\"ImageObject\",\"inLanguage\":\"fr-FR\",\"@id\":\"https:\\\/\\\/produncan.cl\\\/fr\\\/#\\\/schema\\\/logo\\\/image\\\/\",\"url\":\"https:\\\/\\\/produncan.cl\\\/wp-content\\\/uploads\\\/2021\\\/03\\\/LOGO.jpeg\",\"contentUrl\":\"https:\\\/\\\/produncan.cl\\\/wp-content\\\/uploads\\\/2021\\\/03\\\/LOGO.jpeg\",\"width\":1280,\"height\":903,\"caption\":\"Produncan\"},\"image\":{\"@id\":\"https:\\\/\\\/produncan.cl\\\/fr\\\/#\\\/schema\\\/logo\\\/image\\\/\"},\"sameAs\":[\"https:\\\/\\\/web.facebook.com\\\/produncanland\",\"https:\\\/\\\/www.instagram.com\\\/pro_duncan\\\/\",\"https:\\\/\\\/www.linkedin.com\\\/company\\\/produncan-lands\\\/\",\"https:\\\/\\\/www.youtube.com\\\/channel\\\/UCu7N-f3x0svkazD-Eew1-QQ\"],\"description\":\"En Produncan somos especialistas en la venta de terrenos en el sur de Chile. Proveemos estancias, campos, parcelas y hoteles.\",\"email\":\"info@produncan.cl\"}]}<\/script>\n<meta property=\"og:video\" content=\"https:\/\/www.youtube.com\/embed\/gdZLsNGvYw4\" \/>\n<meta property=\"og:video:type\" content=\"text\/html\" \/>\n<meta property=\"og:video:duration\" content=\"77\" \/>\n<meta property=\"og:video:width\" content=\"480\" \/>\n<meta property=\"og:video:height\" content=\"270\" \/>\n<meta property=\"ya:ovs:adult\" content=\"false\" \/>\n<meta property=\"ya:ovs:upload_date\" content=\"2025-08-11T22:44:34+00:00\" \/>\n<meta property=\"ya:ovs:allow_embed\" content=\"true\" \/>\n<meta property=\"product:price:amount\" content=\"179400.00\" \/>\n<meta property=\"product:price:currency\" content=\"USD\" \/>\n<meta property=\"og:availability\" content=\"instock\" \/>\n<meta property=\"product:availability\" content=\"instock\" \/>\n<meta property=\"product:condition\" content=\"new\" \/>\n<!-- \/ Yoast SEO Premium plugin. -->","yoast_head_json":{"title":"Terrain \u00e0 Puerto Varas, Las Tranqueras \u2013 R\u00e9gion des Lacs - Produncan","description":"Terrain \u00e0 Puerto Varas, \u00e0 13 km du centre-ville, dans un projet consolid\u00e9 avec acc\u00e8s contr\u00f4l\u00e9, club \u00e9questre, lac et am\u00e9nagement paysager. Id\u00e9al comme r\u00e9sidence principale.","robots":{"index":"index","follow":"follow","max-snippet":"max-snippet:-1","max-image-preview":"max-image-preview:large","max-video-preview":"max-video-preview:-1"},"canonical":"https:\/\/produncan.cl\/fr\/produit\/terrain-a-puerto-varas-las-tranqueras-region-des-lacs\/","og_locale":"fr_FR","og_type":"article","og_title":"Terrain \u00e0 Puerto Varas, Las Tranqueras \u2013 R\u00e9gion des Lacs","og_description":"Terrain \u00e0 Puerto Varas, \u00e0 13 km du centre-ville, dans un projet consolid\u00e9 avec acc\u00e8s contr\u00f4l\u00e9, club \u00e9questre, lac et am\u00e9nagement paysager. Id\u00e9al comme r\u00e9sidence principale.","og_url":"https:\/\/produncan.cl\/fr\/produit\/terrain-a-puerto-varas-las-tranqueras-region-des-lacs\/","og_site_name":"Produncan","article_publisher":"https:\/\/web.facebook.com\/produncanland","article_modified_time":"2025-11-20T16:21:03+00:00","og_image":[{"width":800,"height":600,"url":"https:\/\/produncan.cl\/wp-content\/uploads\/2025\/08\/Parcela-Las-Tranqueras-Puerto-Varas.webp","type":"image\/webp"}],"twitter_card":"summary_large_image","twitter_misc":{"Price":"USD179.400,00","Availability":"In stock"},"schema":{"@context":"https:\/\/schema.org","@graph":[{"@type":"WebPage","@id":"https:\/\/produncan.cl\/fr\/produit\/terrain-a-puerto-varas-las-tranqueras-region-des-lacs\/","url":"https:\/\/produncan.cl\/fr\/produit\/terrain-a-puerto-varas-las-tranqueras-region-des-lacs\/","name":"Terrain \u00e0 Puerto Varas, Las Tranqueras \u2013 R\u00e9gion des Lacs - Produncan","isPartOf":{"@id":"https:\/\/produncan.cl\/fr\/#website"},"primaryImageOfPage":{"@id":"https:\/\/produncan.cl\/fr\/produit\/terrain-a-puerto-varas-las-tranqueras-region-des-lacs\/#primaryimage"},"image":{"@id":"https:\/\/produncan.cl\/fr\/produit\/terrain-a-puerto-varas-las-tranqueras-region-des-lacs\/#primaryimage"},"thumbnailUrl":"https:\/\/produncan.cl\/wp-content\/uploads\/2025\/08\/Parcela-Las-Tranqueras-Puerto-Varas.webp","datePublished":"2025-08-11T22:44:34+00:00","dateModified":"2025-11-20T16:21:03+00:00","description":"Terrain \u00e0 Puerto Varas, \u00e0 13 km du centre-ville, dans un projet consolid\u00e9 avec acc\u00e8s contr\u00f4l\u00e9, club \u00e9questre, lac et am\u00e9nagement paysager. Id\u00e9al comme r\u00e9sidence principale.","breadcrumb":{"@id":"https:\/\/produncan.cl\/fr\/produit\/terrain-a-puerto-varas-las-tranqueras-region-des-lacs\/#breadcrumb"},"inLanguage":"fr-FR","potentialAction":[{"@type":"ReadAction","target":["https:\/\/produncan.cl\/fr\/produit\/terrain-a-puerto-varas-las-tranqueras-region-des-lacs\/"]}]},{"@type":"ImageObject","inLanguage":"fr-FR","@id":"https:\/\/produncan.cl\/fr\/produit\/terrain-a-puerto-varas-las-tranqueras-region-des-lacs\/#primaryimage","url":"https:\/\/produncan.cl\/wp-content\/uploads\/2025\/08\/Parcela-Las-Tranqueras-Puerto-Varas.webp","contentUrl":"https:\/\/produncan.cl\/wp-content\/uploads\/2025\/08\/Parcela-Las-Tranqueras-Puerto-Varas.webp","width":800,"height":600,"caption":"Terrain Las Tranqueras Puerto Varas"},{"@type":"BreadcrumbList","@id":"https:\/\/produncan.cl\/fr\/produit\/terrain-a-puerto-varas-las-tranqueras-region-des-lacs\/#breadcrumb","itemListElement":[{"@type":"ListItem","position":1,"name":"Inicio","item":"https:\/\/produncan.cl\/fr\/"},{"@type":"ListItem","position":2,"name":"Propri\u00e9t\u00e9s","item":"https:\/\/produncan.cl\/propiedades\/"},{"@type":"ListItem","position":3,"name":"Parcelles","item":"https:\/\/produncan.cl\/fr\/cat&eacute;gorie\/parcelles\/"},{"@type":"ListItem","position":4,"name":"Terrain \u00e0 Puerto Varas, Las Tranqueras \u2013 R\u00e9gion des Lacs"}]},{"@type":"WebSite","@id":"https:\/\/produncan.cl\/fr\/#website","url":"https:\/\/produncan.cl\/fr\/","name":"Produncan","description":"Nous vous accompagnons dans votre projet de vie !","publisher":{"@id":"https:\/\/produncan.cl\/fr\/#organization"},"potentialAction":[{"@type":"SearchAction","target":{"@type":"EntryPoint","urlTemplate":"https:\/\/produncan.cl\/fr\/?s={search_term_string}"},"query-input":{"@type":"PropertyValueSpecification","valueRequired":true,"valueName":"search_term_string"}}],"inLanguage":"fr-FR"},{"@type":"Organization","@id":"https:\/\/produncan.cl\/fr\/#organization","name":"Produncan","url":"https:\/\/produncan.cl\/fr\/","logo":{"@type":"ImageObject","inLanguage":"fr-FR","@id":"https:\/\/produncan.cl\/fr\/#\/schema\/logo\/image\/","url":"https:\/\/produncan.cl\/wp-content\/uploads\/2021\/03\/LOGO.jpeg","contentUrl":"https:\/\/produncan.cl\/wp-content\/uploads\/2021\/03\/LOGO.jpeg","width":1280,"height":903,"caption":"Produncan"},"image":{"@id":"https:\/\/produncan.cl\/fr\/#\/schema\/logo\/image\/"},"sameAs":["https:\/\/web.facebook.com\/produncanland","https:\/\/www.instagram.com\/pro_duncan\/","https:\/\/www.linkedin.com\/company\/produncan-lands\/","https:\/\/www.youtube.com\/channel\/UCu7N-f3x0svkazD-Eew1-QQ"],"description":"En Produncan somos especialistas en la venta de terrenos en el sur de Chile. Proveemos estancias, campos, parcelas y hoteles.","email":"info@produncan.cl"}]},"og_video":"https:\/\/www.youtube.com\/embed\/gdZLsNGvYw4","og_video_type":"text\/html","og_video_duration":"77","og_video_width":"480","og_video_height":"270","ya_ovs_adult":"false","ya_ovs_upload_date":"2025-08-11T22:44:34+00:00","ya_ovs_allow_embed":"true","product_price_amount":"179400.00","product_price_currency":"USD","og_availability":"instock","product_availability":"instock","product_condition":"new"},"_links":{"self":[{"href":"https:\/\/produncan.cl\/fr\/wp-json\/wp\/v2\/product\/47597","targetHints":{"allow":["GET"]}}],"collection":[{"href":"https:\/\/produncan.cl\/fr\/wp-json\/wp\/v2\/product"}],"about":[{"href":"https:\/\/produncan.cl\/fr\/wp-json\/wp\/v2\/types\/product"}],"version-history":[{"count":2,"href":"https:\/\/produncan.cl\/fr\/wp-json\/wp\/v2\/product\/47597\/revisions"}],"predecessor-version":[{"id":52022,"href":"https:\/\/produncan.cl\/fr\/wp-json\/wp\/v2\/product\/47597\/revisions\/52022"}],"wp:featuredmedia":[{"embeddable":true,"href":"https:\/\/produncan.cl\/fr\/wp-json\/wp\/v2\/media\/47527"}],"wp:attachment":[{"href":"https:\/\/produncan.cl\/fr\/wp-json\/wp\/v2\/media?parent=47597"}],"wp:term":[{"taxonomy":"product_brand","embeddable":true,"href":"https:\/\/produncan.cl\/fr\/wp-json\/wp\/v2\/product_brand?post=47597"},{"taxonomy":"product_cat","embeddable":true,"href":"https:\/\/produncan.cl\/fr\/wp-json\/wp\/v2\/product_cat?post=47597"},{"taxonomy":"product_tag","embeddable":true,"href":"https:\/\/produncan.cl\/fr\/wp-json\/wp\/v2\/product_tag?post=47597"},{"taxonomy":"regiones","embeddable":true,"href":"https:\/\/produncan.cl\/fr\/wp-json\/wp\/v2\/regiones?post=47597"},{"taxonomy":"ciudades","embeddable":true,"href":"https:\/\/produncan.cl\/fr\/wp-json\/wp\/v2\/ciudades?post=47597"}],"curies":[{"name":"wp","href":"https:\/\/api.w.org\/{rel}","templated":true}]}}