{"id":48107,"date":"2025-08-12T18:41:46","date_gmt":"2025-08-12T22:41:46","guid":{"rendered":"https:\/\/produncan.cl\/producto\/maison-a-puerto-montt-panitao-bajo-region-de-los-lagos\/"},"modified":"2025-11-24T15:48:00","modified_gmt":"2025-11-24T18:48:00","slug":"maison-a-puerto-montt-panitao-bajo-region-de-los-lagos","status":"publish","type":"product","link":"https:\/\/produncan.cl\/fr\/produit\/maison-a-puerto-montt-panitao-bajo-region-de-los-lagos\/","title":{"rendered":"Maison \u00e0 Puerto Montt, Panitao Bajo &#8211; R\u00e9gion de Los Lagos"},"content":{"rendered":"\t\t<div data-elementor-type=\"product-post\" data-elementor-id=\"48107\" class=\"elementor elementor-48107 elementor-47615\" data-elementor-post-type=\"product\">\n\t\t\t\t<div class=\"elementor-element elementor-element-8369799 e-flex e-con-boxed e-con e-parent\" data-id=\"8369799\" data-element_type=\"container\" data-e-type=\"container\" data-settings=\"{&quot;jet_parallax_layout_list&quot;:[]}\">\n\t\t\t\t\t<div class=\"e-con-inner\">\n\t\t\t\t<div class=\"elementor-element elementor-element-29613c2 elementor-widget elementor-widget-heading\" data-id=\"29613c2\" data-element_type=\"widget\" data-e-type=\"widget\" data-widget_type=\"heading.default\">\n\t\t\t\t\t<h2 class=\"elementor-heading-title elementor-size-default\">Acc\u00e8s direct \u00e0 la mer sur ce terrain avec nouvelle maison <\/h2>\t\t\t\t<\/div>\n\t\t\t\t\t<\/div>\n\t\t\t\t<\/div>\n\t\t<div class=\"elementor-element elementor-element-6ac983b e-flex e-con-boxed e-con e-parent\" data-id=\"6ac983b\" data-element_type=\"container\" data-e-type=\"container\" data-settings=\"{&quot;jet_parallax_layout_list&quot;:[]}\">\n\t\t\t\t\t<div class=\"e-con-inner\">\n\t\t\t\t<div class=\"elementor-element elementor-element-5c85175 elementor-widget elementor-widget-text-editor\" data-id=\"5c85175\" data-element_type=\"widget\" data-e-type=\"widget\" data-widget_type=\"text-editor.default\">\n\t\t\t\t\t\t\t\t\t<p>D\u00e9couvrez cette incroyable opportunit\u00e9 \u00e0 Panitao Bajo, un secteur calme, s\u00fbr et entour\u00e9 de nature, situ\u00e9 au sud de Puerto Montt. Ici vous trouverez la combinaison parfaite entre intimit\u00e9, connectivit\u00e9 et beaut\u00e9 panoramique: vue panoramique sur la mer, pr\u00e9sence de faune indig\u00e8ne comme les cygnes \u00e0 col noir, et un environnement qui invite au repos et \u00e0 la vie en plein air.<\/p><p>La maison \u00e0 Puerto Montt, Panitao Bajo, est \u00e0 seulement 20-25 minutes du centre de Puerto Montt et de l&#8217;a\u00e9roport El Tepual, avec un acc\u00e8s rapide de la Route 5, cette propri\u00e9t\u00e9 est proche de tout mais assez loin pour profiter de la tranquillit\u00e9. La communaut\u00e9 locale est active et organis\u00e9e, c\u00e9l\u00e9brant des \u00e9v\u00e9nements traditionnels tels que le Festival de la bi\u00e8re avec la gastronomie typique, la musique live et l&#8217;artisanat.<\/p><h4>Caract\u00e9ristiques du champ<\/h4><ul><li>Superficie : 5 000 m2 avec 20,15 m du front c\u00f4tier.<\/li><li>Terrain plat dans le secteur de la maison et de la cave, et pente douce dans la for\u00eat indig\u00e8ne donnant une vue incroyable et de nouvelles possibilit\u00e9s de d\u00e9veloppement.<\/li><li>\u00c9lectricit\u00e9 Saesa avec certification TE1.<\/li><li>eau propre avec syst\u00e8me de mise en pot et piscine de 3000 litres; raccordement \u00e0 APR en cours de traitement.<\/li><li>Nouvelle fermeture p\u00e9rim\u00e9tral du maillage Acma avec bois et cl\u00f4tures vivantes de cypr\u00e8s.<\/li><li>Bonne exposition solaire.<br\/><br\/><\/li><\/ul><h4>Caract\u00e9ristiques de la maison \u00e0 Puerto Montt, Panitao Bajo<\/h4><ul><li>Construit en 2025, 140 m 2 sur un \u00e9tage.<\/li><li>4 chambres, 2 salles de bains, chambre principale en suite avec dressing.<\/li><li>Cuisine semi-ouverte avec salle \u00e0 manger et cellier.<\/li><li>Salon avec plancher flottant et fen\u00eatres thermopanelles en noyer.<\/li><li>22,35 m 2 terrasse avec filet de s\u00e9curit\u00e9.<\/li><li>Parking pour 3 v\u00e9hicules et 10 m2 cave.<\/li><li>Syst\u00e8me de chauffage au bois, Internet par satellite Starlink, cam\u00e9ras de s\u00e9curit\u00e9 (CCTV) et luminaire ext\u00e9rieur.<br\/><br\/><\/li><\/ul><h4>Environnement proche et attractions<\/h4><p>Plage devant la maison en plus des endroits d&#8217;int\u00e9r\u00eat tels que Huelmo, Calbuco, Ilque et les \u00eeles Huar et Maillen.<\/p><p>Si vous recherchez une propri\u00e9t\u00e9 avec un acc\u00e8s direct \u00e0 la mer, une maison neuve, un environnement naturel privil\u00e9gi\u00e9 et une connectivit\u00e9 imbattable, c&#8217;est l&#8217;occasion de vivre ou d&#8217;investir dans un secteur \u00e0 forte projection touristique et r\u00e9sidentielle \u00e0 Puerto Montt.<\/p><p>Contactez-nous aujourd&#8217;hui pour coordonner une visite et tomber amoureux de cet endroit.<\/p><p><\/p>\t\t\t\t\t\t\t\t<\/div>\n\t\t\t\t\t<\/div>\n\t\t\t\t<\/div>\n\t\t\t\t<\/div>\n\t\t","protected":false},"excerpt":{"rendered":"<p>Maison \u00e0 Puerto Montt inside terrain en face de la mer. Construit sur 2025, surface 140m2, 4 chambres, 2 salles de bains, bon acc\u00e8s, \u00e9lectricit\u00e9, eau et intimit\u00e9 totale. Il a secteur avec for\u00eat indig\u00e8ne et belle vue panoramique. <\/p>\n","protected":false},"featured_media":47619,"template":"","meta":{"_acf_changed":false},"product_brand":[],"product_cat":[113],"product_tag":[236,237],"regiones":[226],"ciudades":[506,218,219],"class_list":{"0":"post-48107","1":"product","2":"type-product","3":"status-publish","4":"has-post-thumbnail","6":"product_cat-ohiggins-los-lagos-fr","7":"product_tag-parcelles","8":"product_tag-proprietes-touristiques","9":"regiones-nuble-los_lagos","10":"ciudades-calbuco","11":"ciudades-puerto-montt","12":"ciudades-puerto-varas","14":"first","15":"instock","16":"shipping-taxable","17":"purchasable","18":"product-type-simple"},"acf":[],"yoast_head":"<!-- This site is optimized with the Yoast SEO Premium plugin v26.0 (Yoast SEO v27.3) - https:\/\/yoast.com\/product\/yoast-seo-premium-wordpress\/ -->\n<title>Maison \u00e0 Puerto Montt, Panitao Bajo - R\u00e9gion de Los Lagos - Produncan<\/title>\n<meta name=\"description\" content=\"Maison \u00e0 Puerto Montt de 140 m2, 4 chambres et 2 salles de bains, sur terrain face \u00e0 la mer avec for\u00eat indig\u00e8ne, vue panoramique, eau, lumi\u00e8re, bon acc\u00e8s et intimit\u00e9.\" \/>\n<meta name=\"robots\" content=\"index, follow, max-snippet:-1, max-image-preview:large, max-video-preview:-1\" \/>\n<link rel=\"canonical\" href=\"https:\/\/produncan.cl\/fr\/produit\/maison-a-puerto-montt-panitao-bajo-region-de-los-lagos\/\" \/>\n<meta property=\"og:locale\" content=\"fr_FR\" \/>\n<meta property=\"og:type\" content=\"article\" \/>\n<meta property=\"og:title\" content=\"Maison \u00e0 Puerto Montt, Panitao Bajo - R\u00e9gion de Los Lagos\" \/>\n<meta property=\"og:description\" content=\"Maison \u00e0 Puerto Montt inside terrain en face de la mer. Construit sur 2025, surface 140m2, 4 chambres, 2 salles de bains, bon acc\u00e8s, \u00e9lectricit\u00e9, eau et intimit\u00e9 totale. Il a secteur avec for\u00eat indig\u00e8ne et belle vue panoramique.\" \/>\n<meta property=\"og:url\" content=\"https:\/\/produncan.cl\/fr\/produit\/maison-a-puerto-montt-panitao-bajo-region-de-los-lagos\/\" \/>\n<meta property=\"og:site_name\" content=\"Produncan\" \/>\n<meta property=\"article:publisher\" content=\"https:\/\/web.facebook.com\/produncanland\" \/>\n<meta property=\"article:modified_time\" content=\"2025-11-24T18:48:00+00:00\" \/>\n<meta property=\"og:image\" content=\"https:\/\/produncan.cl\/wp-content\/uploads\/2025\/08\/Parcela-Panitao-Bajo-Puerto-Montt.webp\" \/>\n<meta name=\"twitter:card\" content=\"summary_large_image\" \/>\n<meta name=\"twitter:label1\" content=\"Price\" \/>\n\t<meta name=\"twitter:data1\" content=\"USD289.200,00\" \/>\n\t<meta name=\"twitter:label2\" content=\"Availability\" \/>\n\t<meta name=\"twitter:data2\" content=\"In stock\" \/>\n<script type=\"application\/ld+json\" class=\"yoast-schema-graph\">{\"@context\":\"https:\\\/\\\/schema.org\",\"@graph\":[{\"@type\":\"WebPage\",\"@id\":\"https:\\\/\\\/produncan.cl\\\/fr\\\/produit\\\/maison-a-puerto-montt-panitao-bajo-region-de-los-lagos\\\/\",\"url\":\"https:\\\/\\\/produncan.cl\\\/fr\\\/produit\\\/maison-a-puerto-montt-panitao-bajo-region-de-los-lagos\\\/\",\"name\":\"Maison \u00e0 Puerto Montt, Panitao Bajo - R\u00e9gion de Los Lagos - Produncan\",\"isPartOf\":{\"@id\":\"https:\\\/\\\/produncan.cl\\\/fr\\\/#website\"},\"primaryImageOfPage\":{\"@id\":\"https:\\\/\\\/produncan.cl\\\/fr\\\/produit\\\/maison-a-puerto-montt-panitao-bajo-region-de-los-lagos\\\/#primaryimage\"},\"image\":{\"@id\":\"https:\\\/\\\/produncan.cl\\\/fr\\\/produit\\\/maison-a-puerto-montt-panitao-bajo-region-de-los-lagos\\\/#primaryimage\"},\"thumbnailUrl\":\"https:\\\/\\\/produncan.cl\\\/wp-content\\\/uploads\\\/2025\\\/08\\\/Parcela-Panitao-Bajo-Puerto-Montt.webp\",\"datePublished\":\"2025-08-12T22:41:46+00:00\",\"dateModified\":\"2025-11-24T18:48:00+00:00\",\"description\":\"Maison \u00e0 Puerto Montt de 140 m2, 4 chambres et 2 salles de bains, sur terrain face \u00e0 la mer avec for\u00eat indig\u00e8ne, vue panoramique, eau, lumi\u00e8re, bon acc\u00e8s et intimit\u00e9.\",\"breadcrumb\":{\"@id\":\"https:\\\/\\\/produncan.cl\\\/fr\\\/produit\\\/maison-a-puerto-montt-panitao-bajo-region-de-los-lagos\\\/#breadcrumb\"},\"inLanguage\":\"fr-FR\",\"potentialAction\":[{\"@type\":\"ReadAction\",\"target\":[\"https:\\\/\\\/produncan.cl\\\/fr\\\/produit\\\/maison-a-puerto-montt-panitao-bajo-region-de-los-lagos\\\/\"]}]},{\"@type\":\"ImageObject\",\"inLanguage\":\"fr-FR\",\"@id\":\"https:\\\/\\\/produncan.cl\\\/fr\\\/produit\\\/maison-a-puerto-montt-panitao-bajo-region-de-los-lagos\\\/#primaryimage\",\"url\":\"https:\\\/\\\/produncan.cl\\\/wp-content\\\/uploads\\\/2025\\\/08\\\/Parcela-Panitao-Bajo-Puerto-Montt.webp\",\"contentUrl\":\"https:\\\/\\\/produncan.cl\\\/wp-content\\\/uploads\\\/2025\\\/08\\\/Parcela-Panitao-Bajo-Puerto-Montt.webp\",\"width\":800,\"height\":600,\"caption\":\"Plot de Panitao sous Puerto Montt\"},{\"@type\":\"BreadcrumbList\",\"@id\":\"https:\\\/\\\/produncan.cl\\\/fr\\\/produit\\\/maison-a-puerto-montt-panitao-bajo-region-de-los-lagos\\\/#breadcrumb\",\"itemListElement\":[{\"@type\":\"ListItem\",\"position\":1,\"name\":\"Inicio\",\"item\":\"https:\\\/\\\/produncan.cl\\\/fr\\\/\"},{\"@type\":\"ListItem\",\"position\":2,\"name\":\"Propri\u00e9t\u00e9s\",\"item\":\"https:\\\/\\\/produncan.cl\\\/propiedades\\\/\"},{\"@type\":\"ListItem\",\"position\":3,\"name\":\"Parcelles\",\"item\":\"https:\\\/\\\/produncan.cl\\\/fr\\\/cat&eacute;gorie\\\/parcelles\\\/\"},{\"@type\":\"ListItem\",\"position\":4,\"name\":\"Maison \u00e0 Puerto Montt, Panitao Bajo &#8211; R\u00e9gion de Los Lagos\"}]},{\"@type\":\"WebSite\",\"@id\":\"https:\\\/\\\/produncan.cl\\\/fr\\\/#website\",\"url\":\"https:\\\/\\\/produncan.cl\\\/fr\\\/\",\"name\":\"Produncan\",\"description\":\"Nous vous accompagnons dans votre projet de vie !\",\"publisher\":{\"@id\":\"https:\\\/\\\/produncan.cl\\\/fr\\\/#organization\"},\"potentialAction\":[{\"@type\":\"SearchAction\",\"target\":{\"@type\":\"EntryPoint\",\"urlTemplate\":\"https:\\\/\\\/produncan.cl\\\/fr\\\/?s={search_term_string}\"},\"query-input\":{\"@type\":\"PropertyValueSpecification\",\"valueRequired\":true,\"valueName\":\"search_term_string\"}}],\"inLanguage\":\"fr-FR\"},{\"@type\":\"Organization\",\"@id\":\"https:\\\/\\\/produncan.cl\\\/fr\\\/#organization\",\"name\":\"Produncan\",\"url\":\"https:\\\/\\\/produncan.cl\\\/fr\\\/\",\"logo\":{\"@type\":\"ImageObject\",\"inLanguage\":\"fr-FR\",\"@id\":\"https:\\\/\\\/produncan.cl\\\/fr\\\/#\\\/schema\\\/logo\\\/image\\\/\",\"url\":\"https:\\\/\\\/produncan.cl\\\/wp-content\\\/uploads\\\/2021\\\/03\\\/LOGO.jpeg\",\"contentUrl\":\"https:\\\/\\\/produncan.cl\\\/wp-content\\\/uploads\\\/2021\\\/03\\\/LOGO.jpeg\",\"width\":1280,\"height\":903,\"caption\":\"Produncan\"},\"image\":{\"@id\":\"https:\\\/\\\/produncan.cl\\\/fr\\\/#\\\/schema\\\/logo\\\/image\\\/\"},\"sameAs\":[\"https:\\\/\\\/web.facebook.com\\\/produncanland\",\"https:\\\/\\\/www.instagram.com\\\/pro_duncan\\\/\",\"https:\\\/\\\/www.linkedin.com\\\/company\\\/produncan-lands\\\/\",\"https:\\\/\\\/www.youtube.com\\\/channel\\\/UCu7N-f3x0svkazD-Eew1-QQ\"],\"description\":\"En Produncan somos especialistas en la venta de terrenos en el sur de Chile. Proveemos estancias, campos, parcelas y hoteles.\",\"email\":\"info@produncan.cl\"}]}<\/script>\n<meta property=\"og:video\" content=\"https:\/\/www.youtube.com\/embed\/eI0EJ6RDO5I\" \/>\n<meta property=\"og:video:type\" content=\"text\/html\" \/>\n<meta property=\"og:video:duration\" content=\"76\" \/>\n<meta property=\"og:video:width\" content=\"480\" \/>\n<meta property=\"og:video:height\" content=\"270\" \/>\n<meta property=\"ya:ovs:adult\" content=\"false\" \/>\n<meta property=\"ya:ovs:upload_date\" content=\"2025-08-12T22:41:46+00:00\" \/>\n<meta property=\"ya:ovs:allow_embed\" content=\"true\" \/>\n<meta property=\"product:price:amount\" content=\"289200.00\" \/>\n<meta property=\"product:price:currency\" content=\"USD\" \/>\n<meta property=\"og:availability\" content=\"instock\" \/>\n<meta property=\"product:availability\" content=\"instock\" \/>\n<meta property=\"product:condition\" content=\"new\" \/>\n<!-- \/ Yoast SEO Premium plugin. -->","yoast_head_json":{"title":"Maison \u00e0 Puerto Montt, Panitao Bajo - R\u00e9gion de Los Lagos - Produncan","description":"Maison \u00e0 Puerto Montt de 140 m2, 4 chambres et 2 salles de bains, sur terrain face \u00e0 la mer avec for\u00eat indig\u00e8ne, vue panoramique, eau, lumi\u00e8re, bon acc\u00e8s et intimit\u00e9.","robots":{"index":"index","follow":"follow","max-snippet":"max-snippet:-1","max-image-preview":"max-image-preview:large","max-video-preview":"max-video-preview:-1"},"canonical":"https:\/\/produncan.cl\/fr\/produit\/maison-a-puerto-montt-panitao-bajo-region-de-los-lagos\/","og_locale":"fr_FR","og_type":"article","og_title":"Maison \u00e0 Puerto Montt, Panitao Bajo - R\u00e9gion de Los Lagos","og_description":"Maison \u00e0 Puerto Montt inside terrain en face de la mer. Construit sur 2025, surface 140m2, 4 chambres, 2 salles de bains, bon acc\u00e8s, \u00e9lectricit\u00e9, eau et intimit\u00e9 totale. Il a secteur avec for\u00eat indig\u00e8ne et belle vue panoramique.","og_url":"https:\/\/produncan.cl\/fr\/produit\/maison-a-puerto-montt-panitao-bajo-region-de-los-lagos\/","og_site_name":"Produncan","article_publisher":"https:\/\/web.facebook.com\/produncanland","article_modified_time":"2025-11-24T18:48:00+00:00","og_image":[{"url":"https:\/\/produncan.cl\/wp-content\/uploads\/2025\/08\/Parcela-Panitao-Bajo-Puerto-Montt.webp","type":"","width":"","height":""}],"twitter_card":"summary_large_image","twitter_misc":{"Price":"USD289.200,00","Availability":"In stock"},"schema":{"@context":"https:\/\/schema.org","@graph":[{"@type":"WebPage","@id":"https:\/\/produncan.cl\/fr\/produit\/maison-a-puerto-montt-panitao-bajo-region-de-los-lagos\/","url":"https:\/\/produncan.cl\/fr\/produit\/maison-a-puerto-montt-panitao-bajo-region-de-los-lagos\/","name":"Maison \u00e0 Puerto Montt, Panitao Bajo - R\u00e9gion de Los Lagos - Produncan","isPartOf":{"@id":"https:\/\/produncan.cl\/fr\/#website"},"primaryImageOfPage":{"@id":"https:\/\/produncan.cl\/fr\/produit\/maison-a-puerto-montt-panitao-bajo-region-de-los-lagos\/#primaryimage"},"image":{"@id":"https:\/\/produncan.cl\/fr\/produit\/maison-a-puerto-montt-panitao-bajo-region-de-los-lagos\/#primaryimage"},"thumbnailUrl":"https:\/\/produncan.cl\/wp-content\/uploads\/2025\/08\/Parcela-Panitao-Bajo-Puerto-Montt.webp","datePublished":"2025-08-12T22:41:46+00:00","dateModified":"2025-11-24T18:48:00+00:00","description":"Maison \u00e0 Puerto Montt de 140 m2, 4 chambres et 2 salles de bains, sur terrain face \u00e0 la mer avec for\u00eat indig\u00e8ne, vue panoramique, eau, lumi\u00e8re, bon acc\u00e8s et intimit\u00e9.","breadcrumb":{"@id":"https:\/\/produncan.cl\/fr\/produit\/maison-a-puerto-montt-panitao-bajo-region-de-los-lagos\/#breadcrumb"},"inLanguage":"fr-FR","potentialAction":[{"@type":"ReadAction","target":["https:\/\/produncan.cl\/fr\/produit\/maison-a-puerto-montt-panitao-bajo-region-de-los-lagos\/"]}]},{"@type":"ImageObject","inLanguage":"fr-FR","@id":"https:\/\/produncan.cl\/fr\/produit\/maison-a-puerto-montt-panitao-bajo-region-de-los-lagos\/#primaryimage","url":"https:\/\/produncan.cl\/wp-content\/uploads\/2025\/08\/Parcela-Panitao-Bajo-Puerto-Montt.webp","contentUrl":"https:\/\/produncan.cl\/wp-content\/uploads\/2025\/08\/Parcela-Panitao-Bajo-Puerto-Montt.webp","width":800,"height":600,"caption":"Plot de Panitao sous Puerto Montt"},{"@type":"BreadcrumbList","@id":"https:\/\/produncan.cl\/fr\/produit\/maison-a-puerto-montt-panitao-bajo-region-de-los-lagos\/#breadcrumb","itemListElement":[{"@type":"ListItem","position":1,"name":"Inicio","item":"https:\/\/produncan.cl\/fr\/"},{"@type":"ListItem","position":2,"name":"Propri\u00e9t\u00e9s","item":"https:\/\/produncan.cl\/propiedades\/"},{"@type":"ListItem","position":3,"name":"Parcelles","item":"https:\/\/produncan.cl\/fr\/cat&eacute;gorie\/parcelles\/"},{"@type":"ListItem","position":4,"name":"Maison \u00e0 Puerto Montt, Panitao Bajo &#8211; R\u00e9gion de Los Lagos"}]},{"@type":"WebSite","@id":"https:\/\/produncan.cl\/fr\/#website","url":"https:\/\/produncan.cl\/fr\/","name":"Produncan","description":"Nous vous accompagnons dans votre projet de vie !","publisher":{"@id":"https:\/\/produncan.cl\/fr\/#organization"},"potentialAction":[{"@type":"SearchAction","target":{"@type":"EntryPoint","urlTemplate":"https:\/\/produncan.cl\/fr\/?s={search_term_string}"},"query-input":{"@type":"PropertyValueSpecification","valueRequired":true,"valueName":"search_term_string"}}],"inLanguage":"fr-FR"},{"@type":"Organization","@id":"https:\/\/produncan.cl\/fr\/#organization","name":"Produncan","url":"https:\/\/produncan.cl\/fr\/","logo":{"@type":"ImageObject","inLanguage":"fr-FR","@id":"https:\/\/produncan.cl\/fr\/#\/schema\/logo\/image\/","url":"https:\/\/produncan.cl\/wp-content\/uploads\/2021\/03\/LOGO.jpeg","contentUrl":"https:\/\/produncan.cl\/wp-content\/uploads\/2021\/03\/LOGO.jpeg","width":1280,"height":903,"caption":"Produncan"},"image":{"@id":"https:\/\/produncan.cl\/fr\/#\/schema\/logo\/image\/"},"sameAs":["https:\/\/web.facebook.com\/produncanland","https:\/\/www.instagram.com\/pro_duncan\/","https:\/\/www.linkedin.com\/company\/produncan-lands\/","https:\/\/www.youtube.com\/channel\/UCu7N-f3x0svkazD-Eew1-QQ"],"description":"En Produncan somos especialistas en la venta de terrenos en el sur de Chile. Proveemos estancias, campos, parcelas y hoteles.","email":"info@produncan.cl"}]},"og_video":"https:\/\/www.youtube.com\/embed\/eI0EJ6RDO5I","og_video_type":"text\/html","og_video_duration":"76","og_video_width":"480","og_video_height":"270","ya_ovs_adult":"false","ya_ovs_upload_date":"2025-08-12T22:41:46+00:00","ya_ovs_allow_embed":"true","product_price_amount":"289200.00","product_price_currency":"USD","og_availability":"instock","product_availability":"instock","product_condition":"new"},"_links":{"self":[{"href":"https:\/\/produncan.cl\/fr\/wp-json\/wp\/v2\/product\/48107","targetHints":{"allow":["GET"]}}],"collection":[{"href":"https:\/\/produncan.cl\/fr\/wp-json\/wp\/v2\/product"}],"about":[{"href":"https:\/\/produncan.cl\/fr\/wp-json\/wp\/v2\/types\/product"}],"version-history":[{"count":2,"href":"https:\/\/produncan.cl\/fr\/wp-json\/wp\/v2\/product\/48107\/revisions"}],"predecessor-version":[{"id":52455,"href":"https:\/\/produncan.cl\/fr\/wp-json\/wp\/v2\/product\/48107\/revisions\/52455"}],"wp:featuredmedia":[{"embeddable":true,"href":"https:\/\/produncan.cl\/fr\/wp-json\/wp\/v2\/media\/47619"}],"wp:attachment":[{"href":"https:\/\/produncan.cl\/fr\/wp-json\/wp\/v2\/media?parent=48107"}],"wp:term":[{"taxonomy":"product_brand","embeddable":true,"href":"https:\/\/produncan.cl\/fr\/wp-json\/wp\/v2\/product_brand?post=48107"},{"taxonomy":"product_cat","embeddable":true,"href":"https:\/\/produncan.cl\/fr\/wp-json\/wp\/v2\/product_cat?post=48107"},{"taxonomy":"product_tag","embeddable":true,"href":"https:\/\/produncan.cl\/fr\/wp-json\/wp\/v2\/product_tag?post=48107"},{"taxonomy":"regiones","embeddable":true,"href":"https:\/\/produncan.cl\/fr\/wp-json\/wp\/v2\/regiones?post=48107"},{"taxonomy":"ciudades","embeddable":true,"href":"https:\/\/produncan.cl\/fr\/wp-json\/wp\/v2\/ciudades?post=48107"}],"curies":[{"name":"wp","href":"https:\/\/api.w.org\/{rel}","templated":true}]}}