{"id":48737,"date":"2025-08-19T21:52:39","date_gmt":"2025-08-20T01:52:39","guid":{"rendered":"https:\/\/produncan.cl\/producto\/lots-a-rio-bueno-el-boquial-region-de-los-rios\/"},"modified":"2025-12-04T17:18:13","modified_gmt":"2025-12-04T20:18:13","slug":"lots-a-rio-bueno-el-boquial-region-de-los-rios","status":"publish","type":"product","link":"https:\/\/produncan.cl\/fr\/produit\/lots-a-rio-bueno-el-boquial-region-de-los-rios\/","title":{"rendered":"Lots \u00e0 Rio Bueno, El Boquial &#8211; R\u00e9gion de Los R\u00edos"},"content":{"rendered":"\t\t<div data-elementor-type=\"product-post\" data-elementor-id=\"48737\" class=\"elementor elementor-48737 elementor-48467\" data-elementor-post-type=\"product\">\n\t\t\t\t<div class=\"elementor-element elementor-element-b095869 e-flex e-con-boxed e-con e-parent\" data-id=\"b095869\" data-element_type=\"container\" data-e-type=\"container\" data-settings=\"{&quot;jet_parallax_layout_list&quot;:[]}\">\n\t\t\t\t\t<div class=\"e-con-inner\">\n\t\t\t\t<div class=\"elementor-element elementor-element-a162f5b elementor-widget elementor-widget-heading\" data-id=\"a162f5b\" data-element_type=\"widget\" data-e-type=\"widget\" data-widget_type=\"heading.default\">\n\t\t\t\t\t<h2 class=\"elementor-heading-title elementor-size-default\">Obtenez votre campagne de r\u00eave avec une prairie parfaite et une vue magnifique sur le volcan Puntiaguo et Osorno<\/h2>\t\t\t\t<\/div>\n\t\t\t\t\t<\/div>\n\t\t\t\t<\/div>\n\t\t<div class=\"elementor-element elementor-element-1f6c052 e-flex e-con-boxed e-con e-parent\" data-id=\"1f6c052\" data-element_type=\"container\" data-e-type=\"container\" data-settings=\"{&quot;jet_parallax_layout_list&quot;:[]}\">\n\t\t\t\t\t<div class=\"e-con-inner\">\n\t\t\t\t<div class=\"elementor-element elementor-element-cf3ab1f elementor-widget elementor-widget-text-editor\" data-id=\"cf3ab1f\" data-element_type=\"widget\" data-e-type=\"widget\" data-widget_type=\"text-editor.default\">\n\t\t\t\t\t\t\t\t\t<p>D\u00e9couvrez une opportunit\u00e9 d&#8217;investissement unique dans le sud du Chili : 5 terrains spectaculaires de 3,89 \u00e0 4,89 hectares, avec acc\u00e8s direct depuis la voie publique et bord\u00e9s par la magnifique rivi\u00e8re Chirre.<\/p><p>Chaque lot combine des prairies propres et plates, id\u00e9ales pour des projets agricoles ou r\u00e9cr\u00e9atifs, avec une petite for\u00eat native ouverte et d\u00e9gag\u00e9e qui s&#8217;\u00e9tend jusqu&#8217;\u00e0 la rive du fleuve. De plus, tous b\u00e9n\u00e9ficient d&#8217;une vue privil\u00e9gi\u00e9e sur la cordill\u00e8re et les volcans Puntiagudo et Osorno, dans un environnement d&#8217;une grande beaut\u00e9, \u00e0 proximit\u00e9 des lacs Puyehue et Ranco, deux des destinations les plus pris\u00e9es du sud du Chili. <\/p><h4>Caract\u00e9ristiques principales<\/h4><ul><li>Superficies de 3,89 \u00e0 4,89 hectares<\/li><li>Valeurs \u00e0 partir de 99 millions de pesos chiliens<\/li><li>Eau souterraine \u00e0 seulement 4 m\u00e8tres de profondeur (possibilit\u00e9 de puits ou de noria)<\/li><li>Raccordement \u00e9lectrique install\u00e9 avec num\u00e9ro de client pr\u00eat pour transfert<\/li><li>Connexion Internet (Starlink et 4G) et bon signal de t\u00e9l\u00e9phonie mobile<\/li><li>Parcelles cl\u00f4tur\u00e9es, recommandations d&#8217;am\u00e9liorations dans certains secteurs sp\u00e9cifiques.<\/li><li>Constructions existantes sur certains terrains (cabane, cave et hangars)<\/li><\/ul><h4>Lots disponibles<\/h4><ul><li>Lot 1 : 3,89 ha \u2013 99 millions de CLP<\/li><li>Lot 2 : 4,89 ha \u2013 avec cabane et cave \u2013 CLP 129 millions<\/li><li>Lot 3 : 4,89 ha \u2013 avec hangar \u2013 119 millions de pesos chiliens<\/li><li>Lot 4 : 4,89 ha \u2013 avec hangar \u2013 119 millions de pesos chiliens<\/li><li>Lot 5 : Vendu<\/li><\/ul><h4>Lieu privil\u00e9gi\u00e9<\/h4><ul><li>Entre el Lago Puyehue et el Lago Ranco<\/li><li>\u00c0 40 minutes d&#8217;Entre Lagos et \u00e0 1 heure d&#8217;Osorno.<\/li><li>\u00c0 moins d&#8217;une heure de l&#8217;a\u00e9roport d&#8217;Osorno<\/li><li>Arr\u00eat de bus \u00e0 seulement 3 km<\/li><\/ul><h4>Environnement naturel<\/h4><ul><li>Topographie principalement plate avec des prairies et des for\u00eats indig\u00e8nes<\/li><li>Colindancia avec le fleuve Chirre<\/li><li>Climat temp\u00e9r\u00e9 et pluvieux : \u00e9t\u00e9s doux et hivers abondants en pr\u00e9cipitations, id\u00e9al pour l&#8217;agriculture et les loisirs.<\/li><\/ul><p>Ces terrains situ\u00e9s \u00e0 R\u00edo Bueno, El Boquial, offrent un m\u00e9lange parfait entre nature, connectivit\u00e9 et exclusivit\u00e9. Que ce soit pour y vivre, y passer vos vacances ou y investir, vous trouverez ici un espace \u00e0 fort potentiel et une qualit\u00e9 de vie incomparable. <\/p><p>Contactez-nous et prenez rendez-vous pour une visite !<\/p>\t\t\t\t\t\t\t\t<\/div>\n\t\t\t\t\t<\/div>\n\t\t\t\t<\/div>\n\t\t\t\t<\/div>\n\t\t","protected":false},"excerpt":{"rendered":"<p>Terrains \u00e0 R\u00edo Bueno situ\u00e9s entre le lac Puyehue et le lac Ranco. Acc\u00e8s direct depuis la voie publique, \u00e9lectricit\u00e9, prairies plates, petit bois indig\u00e8ne et bordant la rivi\u00e8re. Vue spectaculaire sur les volcans Puntiagudo et Osorno.   <\/p>\n","protected":false},"featured_media":48476,"template":"","meta":{"_acf_changed":false},"product_brand":[],"product_cat":[113],"product_tag":[233,236,237],"regiones":[226],"ciudades":[217,509],"class_list":{"0":"post-48737","1":"product","2":"type-product","3":"status-publish","4":"has-post-thumbnail","6":"product_cat-ohiggins-los-lagos-fr","7":"product_tag-champs","8":"product_tag-parcelles","9":"product_tag-proprietes-touristiques","10":"regiones-nuble-los_lagos","11":"ciudades-osorno","12":"ciudades-rio-bueno","14":"first","15":"instock","16":"shipping-taxable","17":"purchasable","18":"product-type-simple"},"acf":[],"yoast_head":"<!-- This site is optimized with the Yoast SEO Premium plugin v26.0 (Yoast SEO v27.3) - https:\/\/yoast.com\/product\/yoast-seo-premium-wordpress\/ -->\n<title>Lots \u00e0 Rio Bueno, El Boquial - R\u00e9gion de Los R\u00edos - Produncan<\/title>\n<meta name=\"description\" content=\"Terrains \u00e0 R\u00edo Bueno, entre les lacs Puyehue et Ranco, avec acc\u00e8s public, \u00e9lectricit\u00e9, prairies plates, for\u00eat native et rivi\u00e8re. Vue spectaculaire sur les volcans.\" \/>\n<meta name=\"robots\" content=\"index, follow, max-snippet:-1, max-image-preview:large, max-video-preview:-1\" \/>\n<link rel=\"canonical\" href=\"https:\/\/produncan.cl\/fr\/produit\/lots-a-rio-bueno-el-boquial-region-de-los-rios\/\" \/>\n<meta property=\"og:locale\" content=\"fr_FR\" \/>\n<meta property=\"og:type\" content=\"article\" \/>\n<meta property=\"og:title\" content=\"Lots \u00e0 Rio Bueno, El Boquial - R\u00e9gion de Los R\u00edos\" \/>\n<meta property=\"og:description\" content=\"Terrains \u00e0 R\u00edo Bueno, entre les lacs Puyehue et Ranco, avec acc\u00e8s public, \u00e9lectricit\u00e9, prairies plates, for\u00eat native et rivi\u00e8re. Vue spectaculaire sur les volcans.\" \/>\n<meta property=\"og:url\" content=\"https:\/\/produncan.cl\/fr\/produit\/lots-a-rio-bueno-el-boquial-region-de-los-rios\/\" \/>\n<meta property=\"og:site_name\" content=\"Produncan\" \/>\n<meta property=\"article:publisher\" content=\"https:\/\/web.facebook.com\/produncanland\" \/>\n<meta property=\"article:modified_time\" content=\"2025-12-04T20:18:13+00:00\" \/>\n<meta property=\"og:image\" content=\"https:\/\/produncan.cl\/wp-content\/uploads\/2025\/08\/Campito-en-venta-El-Boquial-Rio-Bueno.webp\" \/>\n\t<meta property=\"og:image:width\" content=\"800\" \/>\n\t<meta property=\"og:image:height\" content=\"600\" \/>\n\t<meta property=\"og:image:type\" content=\"image\/webp\" \/>\n<meta name=\"twitter:card\" content=\"summary_large_image\" \/>\n<meta name=\"twitter:label1\" content=\"Price\" \/>\n\t<meta name=\"twitter:data1\" content=\"USD129.900,00\" \/>\n\t<meta name=\"twitter:label2\" content=\"Availability\" \/>\n\t<meta name=\"twitter:data2\" content=\"In stock\" \/>\n<script type=\"application\/ld+json\" class=\"yoast-schema-graph\">{\"@context\":\"https:\\\/\\\/schema.org\",\"@graph\":[{\"@type\":\"WebPage\",\"@id\":\"https:\\\/\\\/produncan.cl\\\/fr\\\/produit\\\/lots-a-rio-bueno-el-boquial-region-de-los-rios\\\/\",\"url\":\"https:\\\/\\\/produncan.cl\\\/fr\\\/produit\\\/lots-a-rio-bueno-el-boquial-region-de-los-rios\\\/\",\"name\":\"Lots \u00e0 Rio Bueno, El Boquial - R\u00e9gion de Los R\u00edos - Produncan\",\"isPartOf\":{\"@id\":\"https:\\\/\\\/produncan.cl\\\/fr\\\/#website\"},\"primaryImageOfPage\":{\"@id\":\"https:\\\/\\\/produncan.cl\\\/fr\\\/produit\\\/lots-a-rio-bueno-el-boquial-region-de-los-rios\\\/#primaryimage\"},\"image\":{\"@id\":\"https:\\\/\\\/produncan.cl\\\/fr\\\/produit\\\/lots-a-rio-bueno-el-boquial-region-de-los-rios\\\/#primaryimage\"},\"thumbnailUrl\":\"https:\\\/\\\/produncan.cl\\\/wp-content\\\/uploads\\\/2025\\\/08\\\/Campito-en-venta-El-Boquial-Rio-Bueno.webp\",\"datePublished\":\"2025-08-20T01:52:39+00:00\",\"dateModified\":\"2025-12-04T20:18:13+00:00\",\"description\":\"Terrains \u00e0 R\u00edo Bueno, entre les lacs Puyehue et Ranco, avec acc\u00e8s public, \u00e9lectricit\u00e9, prairies plates, for\u00eat native et rivi\u00e8re. Vue spectaculaire sur les volcans.\",\"breadcrumb\":{\"@id\":\"https:\\\/\\\/produncan.cl\\\/fr\\\/produit\\\/lots-a-rio-bueno-el-boquial-region-de-los-rios\\\/#breadcrumb\"},\"inLanguage\":\"fr-FR\",\"potentialAction\":[{\"@type\":\"ReadAction\",\"target\":[\"https:\\\/\\\/produncan.cl\\\/fr\\\/produit\\\/lots-a-rio-bueno-el-boquial-region-de-los-rios\\\/\"]}]},{\"@type\":\"ImageObject\",\"inLanguage\":\"fr-FR\",\"@id\":\"https:\\\/\\\/produncan.cl\\\/fr\\\/produit\\\/lots-a-rio-bueno-el-boquial-region-de-los-rios\\\/#primaryimage\",\"url\":\"https:\\\/\\\/produncan.cl\\\/wp-content\\\/uploads\\\/2025\\\/08\\\/Campito-en-venta-El-Boquial-Rio-Bueno.webp\",\"contentUrl\":\"https:\\\/\\\/produncan.cl\\\/wp-content\\\/uploads\\\/2025\\\/08\\\/Campito-en-venta-El-Boquial-Rio-Bueno.webp\",\"width\":800,\"height\":600,\"caption\":\"Campus \u00e0 vendre El Boquial R\u00edo Buenos\"},{\"@type\":\"BreadcrumbList\",\"@id\":\"https:\\\/\\\/produncan.cl\\\/fr\\\/produit\\\/lots-a-rio-bueno-el-boquial-region-de-los-rios\\\/#breadcrumb\",\"itemListElement\":[{\"@type\":\"ListItem\",\"position\":1,\"name\":\"Inicio\",\"item\":\"https:\\\/\\\/produncan.cl\\\/fr\\\/\"},{\"@type\":\"ListItem\",\"position\":2,\"name\":\"Propri\u00e9t\u00e9s\",\"item\":\"https:\\\/\\\/produncan.cl\\\/propiedades\\\/\"},{\"@type\":\"ListItem\",\"position\":3,\"name\":\"Champs\",\"item\":\"https:\\\/\\\/produncan.cl\\\/fr\\\/cat&eacute;gorie\\\/champs\\\/\"},{\"@type\":\"ListItem\",\"position\":4,\"name\":\"Lots \u00e0 Rio Bueno, El Boquial &#8211; R\u00e9gion de Los R\u00edos\"}]},{\"@type\":\"WebSite\",\"@id\":\"https:\\\/\\\/produncan.cl\\\/fr\\\/#website\",\"url\":\"https:\\\/\\\/produncan.cl\\\/fr\\\/\",\"name\":\"Produncan\",\"description\":\"Nous vous accompagnons dans votre projet de vie !\",\"publisher\":{\"@id\":\"https:\\\/\\\/produncan.cl\\\/fr\\\/#organization\"},\"potentialAction\":[{\"@type\":\"SearchAction\",\"target\":{\"@type\":\"EntryPoint\",\"urlTemplate\":\"https:\\\/\\\/produncan.cl\\\/fr\\\/?s={search_term_string}\"},\"query-input\":{\"@type\":\"PropertyValueSpecification\",\"valueRequired\":true,\"valueName\":\"search_term_string\"}}],\"inLanguage\":\"fr-FR\"},{\"@type\":\"Organization\",\"@id\":\"https:\\\/\\\/produncan.cl\\\/fr\\\/#organization\",\"name\":\"Produncan\",\"url\":\"https:\\\/\\\/produncan.cl\\\/fr\\\/\",\"logo\":{\"@type\":\"ImageObject\",\"inLanguage\":\"fr-FR\",\"@id\":\"https:\\\/\\\/produncan.cl\\\/fr\\\/#\\\/schema\\\/logo\\\/image\\\/\",\"url\":\"https:\\\/\\\/produncan.cl\\\/wp-content\\\/uploads\\\/2021\\\/03\\\/LOGO.jpeg\",\"contentUrl\":\"https:\\\/\\\/produncan.cl\\\/wp-content\\\/uploads\\\/2021\\\/03\\\/LOGO.jpeg\",\"width\":1280,\"height\":903,\"caption\":\"Produncan\"},\"image\":{\"@id\":\"https:\\\/\\\/produncan.cl\\\/fr\\\/#\\\/schema\\\/logo\\\/image\\\/\"},\"sameAs\":[\"https:\\\/\\\/web.facebook.com\\\/produncanland\",\"https:\\\/\\\/www.instagram.com\\\/pro_duncan\\\/\",\"https:\\\/\\\/www.linkedin.com\\\/company\\\/produncan-lands\\\/\",\"https:\\\/\\\/www.youtube.com\\\/channel\\\/UCu7N-f3x0svkazD-Eew1-QQ\"],\"description\":\"En Produncan somos especialistas en la venta de terrenos en el sur de Chile. Proveemos estancias, campos, parcelas y hoteles.\",\"email\":\"info@produncan.cl\"}]}<\/script>\n<meta property=\"og:video\" content=\"https:\/\/www.youtube.com\/embed\/hlnM9Ty_HUQ\" \/>\n<meta property=\"og:video:type\" content=\"text\/html\" \/>\n<meta property=\"og:video:duration\" content=\"76\" \/>\n<meta property=\"og:video:width\" content=\"480\" \/>\n<meta property=\"og:video:height\" content=\"270\" \/>\n<meta property=\"ya:ovs:adult\" content=\"false\" \/>\n<meta property=\"ya:ovs:upload_date\" content=\"2025-08-20T01:52:39+00:00\" \/>\n<meta property=\"ya:ovs:allow_embed\" content=\"true\" \/>\n<meta property=\"product:price:amount\" content=\"129900.00\" \/>\n<meta property=\"product:price:currency\" content=\"USD\" \/>\n<meta property=\"og:availability\" content=\"instock\" \/>\n<meta property=\"product:availability\" content=\"instock\" \/>\n<meta property=\"product:condition\" content=\"new\" \/>\n<!-- \/ Yoast SEO Premium plugin. -->","yoast_head_json":{"title":"Lots \u00e0 Rio Bueno, El Boquial - R\u00e9gion de Los R\u00edos - Produncan","description":"Terrains \u00e0 R\u00edo Bueno, entre les lacs Puyehue et Ranco, avec acc\u00e8s public, \u00e9lectricit\u00e9, prairies plates, for\u00eat native et rivi\u00e8re. Vue spectaculaire sur les volcans.","robots":{"index":"index","follow":"follow","max-snippet":"max-snippet:-1","max-image-preview":"max-image-preview:large","max-video-preview":"max-video-preview:-1"},"canonical":"https:\/\/produncan.cl\/fr\/produit\/lots-a-rio-bueno-el-boquial-region-de-los-rios\/","og_locale":"fr_FR","og_type":"article","og_title":"Lots \u00e0 Rio Bueno, El Boquial - R\u00e9gion de Los R\u00edos","og_description":"Terrains \u00e0 R\u00edo Bueno, entre les lacs Puyehue et Ranco, avec acc\u00e8s public, \u00e9lectricit\u00e9, prairies plates, for\u00eat native et rivi\u00e8re. Vue spectaculaire sur les volcans.","og_url":"https:\/\/produncan.cl\/fr\/produit\/lots-a-rio-bueno-el-boquial-region-de-los-rios\/","og_site_name":"Produncan","article_publisher":"https:\/\/web.facebook.com\/produncanland","article_modified_time":"2025-12-04T20:18:13+00:00","og_image":[{"width":800,"height":600,"url":"https:\/\/produncan.cl\/wp-content\/uploads\/2025\/08\/Campito-en-venta-El-Boquial-Rio-Bueno.webp","type":"image\/webp"}],"twitter_card":"summary_large_image","twitter_misc":{"Price":"USD129.900,00","Availability":"In stock"},"schema":{"@context":"https:\/\/schema.org","@graph":[{"@type":"WebPage","@id":"https:\/\/produncan.cl\/fr\/produit\/lots-a-rio-bueno-el-boquial-region-de-los-rios\/","url":"https:\/\/produncan.cl\/fr\/produit\/lots-a-rio-bueno-el-boquial-region-de-los-rios\/","name":"Lots \u00e0 Rio Bueno, El Boquial - R\u00e9gion de Los R\u00edos - Produncan","isPartOf":{"@id":"https:\/\/produncan.cl\/fr\/#website"},"primaryImageOfPage":{"@id":"https:\/\/produncan.cl\/fr\/produit\/lots-a-rio-bueno-el-boquial-region-de-los-rios\/#primaryimage"},"image":{"@id":"https:\/\/produncan.cl\/fr\/produit\/lots-a-rio-bueno-el-boquial-region-de-los-rios\/#primaryimage"},"thumbnailUrl":"https:\/\/produncan.cl\/wp-content\/uploads\/2025\/08\/Campito-en-venta-El-Boquial-Rio-Bueno.webp","datePublished":"2025-08-20T01:52:39+00:00","dateModified":"2025-12-04T20:18:13+00:00","description":"Terrains \u00e0 R\u00edo Bueno, entre les lacs Puyehue et Ranco, avec acc\u00e8s public, \u00e9lectricit\u00e9, prairies plates, for\u00eat native et rivi\u00e8re. Vue spectaculaire sur les volcans.","breadcrumb":{"@id":"https:\/\/produncan.cl\/fr\/produit\/lots-a-rio-bueno-el-boquial-region-de-los-rios\/#breadcrumb"},"inLanguage":"fr-FR","potentialAction":[{"@type":"ReadAction","target":["https:\/\/produncan.cl\/fr\/produit\/lots-a-rio-bueno-el-boquial-region-de-los-rios\/"]}]},{"@type":"ImageObject","inLanguage":"fr-FR","@id":"https:\/\/produncan.cl\/fr\/produit\/lots-a-rio-bueno-el-boquial-region-de-los-rios\/#primaryimage","url":"https:\/\/produncan.cl\/wp-content\/uploads\/2025\/08\/Campito-en-venta-El-Boquial-Rio-Bueno.webp","contentUrl":"https:\/\/produncan.cl\/wp-content\/uploads\/2025\/08\/Campito-en-venta-El-Boquial-Rio-Bueno.webp","width":800,"height":600,"caption":"Campus \u00e0 vendre El Boquial R\u00edo Buenos"},{"@type":"BreadcrumbList","@id":"https:\/\/produncan.cl\/fr\/produit\/lots-a-rio-bueno-el-boquial-region-de-los-rios\/#breadcrumb","itemListElement":[{"@type":"ListItem","position":1,"name":"Inicio","item":"https:\/\/produncan.cl\/fr\/"},{"@type":"ListItem","position":2,"name":"Propri\u00e9t\u00e9s","item":"https:\/\/produncan.cl\/propiedades\/"},{"@type":"ListItem","position":3,"name":"Champs","item":"https:\/\/produncan.cl\/fr\/cat&eacute;gorie\/champs\/"},{"@type":"ListItem","position":4,"name":"Lots \u00e0 Rio Bueno, El Boquial &#8211; R\u00e9gion de Los R\u00edos"}]},{"@type":"WebSite","@id":"https:\/\/produncan.cl\/fr\/#website","url":"https:\/\/produncan.cl\/fr\/","name":"Produncan","description":"Nous vous accompagnons dans votre projet de vie !","publisher":{"@id":"https:\/\/produncan.cl\/fr\/#organization"},"potentialAction":[{"@type":"SearchAction","target":{"@type":"EntryPoint","urlTemplate":"https:\/\/produncan.cl\/fr\/?s={search_term_string}"},"query-input":{"@type":"PropertyValueSpecification","valueRequired":true,"valueName":"search_term_string"}}],"inLanguage":"fr-FR"},{"@type":"Organization","@id":"https:\/\/produncan.cl\/fr\/#organization","name":"Produncan","url":"https:\/\/produncan.cl\/fr\/","logo":{"@type":"ImageObject","inLanguage":"fr-FR","@id":"https:\/\/produncan.cl\/fr\/#\/schema\/logo\/image\/","url":"https:\/\/produncan.cl\/wp-content\/uploads\/2021\/03\/LOGO.jpeg","contentUrl":"https:\/\/produncan.cl\/wp-content\/uploads\/2021\/03\/LOGO.jpeg","width":1280,"height":903,"caption":"Produncan"},"image":{"@id":"https:\/\/produncan.cl\/fr\/#\/schema\/logo\/image\/"},"sameAs":["https:\/\/web.facebook.com\/produncanland","https:\/\/www.instagram.com\/pro_duncan\/","https:\/\/www.linkedin.com\/company\/produncan-lands\/","https:\/\/www.youtube.com\/channel\/UCu7N-f3x0svkazD-Eew1-QQ"],"description":"En Produncan somos especialistas en la venta de terrenos en el sur de Chile. Proveemos estancias, campos, parcelas y hoteles.","email":"info@produncan.cl"}]},"og_video":"https:\/\/www.youtube.com\/embed\/hlnM9Ty_HUQ","og_video_type":"text\/html","og_video_duration":"76","og_video_width":"480","og_video_height":"270","ya_ovs_adult":"false","ya_ovs_upload_date":"2025-08-20T01:52:39+00:00","ya_ovs_allow_embed":"true","product_price_amount":"129900.00","product_price_currency":"USD","og_availability":"instock","product_availability":"instock","product_condition":"new"},"_links":{"self":[{"href":"https:\/\/produncan.cl\/fr\/wp-json\/wp\/v2\/product\/48737","targetHints":{"allow":["GET"]}}],"collection":[{"href":"https:\/\/produncan.cl\/fr\/wp-json\/wp\/v2\/product"}],"about":[{"href":"https:\/\/produncan.cl\/fr\/wp-json\/wp\/v2\/types\/product"}],"version-history":[{"count":1,"href":"https:\/\/produncan.cl\/fr\/wp-json\/wp\/v2\/product\/48737\/revisions"}],"predecessor-version":[{"id":52448,"href":"https:\/\/produncan.cl\/fr\/wp-json\/wp\/v2\/product\/48737\/revisions\/52448"}],"wp:featuredmedia":[{"embeddable":true,"href":"https:\/\/produncan.cl\/fr\/wp-json\/wp\/v2\/media\/48476"}],"wp:attachment":[{"href":"https:\/\/produncan.cl\/fr\/wp-json\/wp\/v2\/media?parent=48737"}],"wp:term":[{"taxonomy":"product_brand","embeddable":true,"href":"https:\/\/produncan.cl\/fr\/wp-json\/wp\/v2\/product_brand?post=48737"},{"taxonomy":"product_cat","embeddable":true,"href":"https:\/\/produncan.cl\/fr\/wp-json\/wp\/v2\/product_cat?post=48737"},{"taxonomy":"product_tag","embeddable":true,"href":"https:\/\/produncan.cl\/fr\/wp-json\/wp\/v2\/product_tag?post=48737"},{"taxonomy":"regiones","embeddable":true,"href":"https:\/\/produncan.cl\/fr\/wp-json\/wp\/v2\/regiones?post=48737"},{"taxonomy":"ciudades","embeddable":true,"href":"https:\/\/produncan.cl\/fr\/wp-json\/wp\/v2\/ciudades?post=48737"}],"curies":[{"name":"wp","href":"https:\/\/api.w.org\/{rel}","templated":true}]}}