{"id":49279,"date":"2025-08-27T13:53:42","date_gmt":"2025-08-27T17:53:42","guid":{"rendered":"https:\/\/produncan.cl\/producto\/terrain-a-chamiza-puerto-montt-region-des-lacs\/"},"modified":"2025-12-26T17:18:46","modified_gmt":"2025-12-26T20:18:46","slug":"terrain-a-chamiza-puerto-montt-region-des-lacs","status":"publish","type":"product","link":"https:\/\/produncan.cl\/fr\/produit\/terrain-a-chamiza-puerto-montt-region-des-lacs\/","title":{"rendered":"Terrain \u00e0 Chamiza, Puerto Montt \u2013 R\u00e9gion des Lacs"},"content":{"rendered":"\t\t<div data-elementor-type=\"product-post\" data-elementor-id=\"49279\" class=\"elementor elementor-49279 elementor-49167\" data-elementor-post-type=\"product\">\n\t\t\t\t<div class=\"elementor-element elementor-element-8bdb2e4 e-flex e-con-boxed e-con e-parent\" data-id=\"8bdb2e4\" data-element_type=\"container\" data-e-type=\"container\" data-settings=\"{&quot;jet_parallax_layout_list&quot;:[]}\">\n\t\t\t\t\t<div class=\"e-con-inner\">\n\t\t\t\t<div class=\"elementor-element elementor-element-c94c255 elementor-widget elementor-widget-heading\" data-id=\"c94c255\" data-element_type=\"widget\" data-e-type=\"widget\" data-widget_type=\"heading.default\">\n\t\t\t\t\t<h2 class=\"elementor-heading-title elementor-size-default\">R\u00e9veillez-vous chaque matin au murmure de la rivi\u00e8re \u00e0 vos pieds<\/h2>\t\t\t\t<\/div>\n\t\t\t\t\t<\/div>\n\t\t\t\t<\/div>\n\t\t<div class=\"elementor-element elementor-element-a81ed59 e-flex e-con-boxed e-con e-parent\" data-id=\"a81ed59\" data-element_type=\"container\" data-e-type=\"container\" data-settings=\"{&quot;jet_parallax_layout_list&quot;:[]}\">\n\t\t\t\t\t<div class=\"e-con-inner\">\n\t\t\t\t<div class=\"elementor-element elementor-element-6309fef elementor-widget elementor-widget-text-editor\" data-id=\"6309fef\" data-element_type=\"widget\" data-e-type=\"widget\" data-widget_type=\"text-editor.default\">\n\t\t\t\t\t\t\t\t\t<p>Avec la cordill\u00e8re \u00e0 l&#8217;horizon et la tranquillit\u00e9 d&#8217;un environnement naturel unique, \u00e0 seulement quelques minutes de Puerto Montt, deux parcelles contigu\u00ebs sont propos\u00e9es \u00e0 Chamiza. Il ne s&#8217;agit pas seulement d&#8217;un terrain, mais d&#8217;une invitation \u00e0 construire la vie dont vous r\u00eavez, entour\u00e9 de beaut\u00e9, de confort et de perspectives d&#8217;avenir.<\/p>\n<p>Avec un acc\u00e8s direct depuis une route publique goudronn\u00e9e, les deux parcelles offrent la s\u00e9curit\u00e9 d&#8217;une connexion rapide, sans perdre la tranquillit\u00e9 que seule la campagne peut offrir. Leurs prairies ouvertes se combinent avec une petite for\u00eat et les berges de la rivi\u00e8re, offrant un environnement naturel id\u00e9al pour des projets familiaux, touristiques ou d&#8217;investissement. <\/p>\n<p>La premi\u00e8re parcelle \u00e0 Chamiza a une superficie de 5 000 m\u00b2 et est vendue \u00e0 4 000 UF. Elle est plate, facile \u00e0 exploiter, parfaite pour donner vie \u00e0 votre maison ou \u00e0 votre entreprise. La deuxi\u00e8me parcelle \u00e0 Chamiza a une superficie de 8 900 m\u00b2 et est vendue \u00e0 5 000 UF. Elle est plus spacieuse, dispose d&#8217;un ravin avec une vue imprenable sur la rivi\u00e8re et la cordill\u00e8re, et poss\u00e8de un charme unique pour ceux qui recherchent quelque chose de diff\u00e9rent.   <\/p>\n<p>Les deux disposent d&#8217;\u00e9lectricit\u00e9 et d&#8217;un r\u00e9seau d&#8217;eau pr\u00eat \u00e0 \u00eatre raccord\u00e9, provenant d&#8217;un puits profond \u00e0 grand d\u00e9bit.<\/p>\n<p>Son emplacement garantit un ensoleillement naturel tout au long de la journ\u00e9e, sans collines pour projeter d&#8217;ombre. De plus, les environs offrent des attraits incomparables : le lac Chapo, le parc Alerce Andino, le lac Llanquihue et un acc\u00e8s direct \u00e0 la magique Carretera Austral. <\/p>\n<p>Avec une connectivit\u00e9 \u00e0 port\u00e9e de main, la ville de Puerto Montt est \u00e0 seulement 20 minutes, l&#8217;a\u00e9roport El Tepual \u00e0 50 minutes et les transports publics \u00e0 proximit\u00e9, avec une connexion directe \u00e0 la route 7.<\/p>\n<p>Sans constructions pr\u00e9alables ni frais communs, chaque parcelle est une toile vierge sur laquelle vous pouvez projeter votre style de vie, votre activit\u00e9 touristique ou votre refuge personnel. Avec des contributions abordables et la tranquillit\u00e9 d&#8217;esprit d&#8217;avoir son propre r\u00f4le, ces parcelles sont une occasion unique d&#8217;investir dans une zone \u00e0 forte plus-value et \u00e0 la demande croissante. <\/p>\n<p>Acheter un terrain \u00e0 Chamiza, ce n&#8217;est pas simplement acheter un terrain, c&#8217;est ouvrir la porte \u00e0 un mode de vie plus \u00e9panouissant, en contact avec la nature et avec l&#8217;avantage d&#8217;\u00eatre \u00e0 quelques minutes de la ville.<\/p>\n<p>Contactez-nous et d\u00e9couvrez comment ces parcelles peuvent devenir le cadre de vos meilleures ann\u00e9es.<\/p>\n\t\t\t\t\t\t\t\t<\/div>\n\t\t\t\t\t<\/div>\n\t\t\t\t<\/div>\n\t\t\t\t<\/div>\n\t\t","protected":false},"excerpt":{"rendered":"<p>Terrain \u00e0 Chamiza, \u00e0 20 minutes de Puerto Montt. Avec acc\u00e8s direct depuis une route goudronn\u00e9e, \u00e9lectricit\u00e9, eau et rive de rivi\u00e8re. Topographie plate, principalement prairie et petite for\u00eat. Belle vue sur la cordill\u00e8re.   <\/p>\n","protected":false},"featured_media":49172,"template":"","meta":{"_acf_changed":false},"product_brand":[],"product_cat":[113],"product_tag":[236],"regiones":[226],"ciudades":[218],"class_list":{"0":"post-49279","1":"product","2":"type-product","3":"status-publish","4":"has-post-thumbnail","6":"product_cat-ohiggins-los-lagos-fr","7":"product_tag-parcelles","8":"regiones-nuble-los_lagos","9":"ciudades-puerto-montt","11":"first","12":"instock","13":"shipping-taxable","14":"purchasable","15":"product-type-simple"},"acf":[],"yoast_head":"<!-- This site is optimized with the Yoast SEO Premium plugin v26.0 (Yoast SEO v27.3) - https:\/\/yoast.com\/product\/yoast-seo-premium-wordpress\/ -->\n<title>Terrain \u00e0 Chamiza, Puerto Montt \u2013 R\u00e9gion des Lacs - Produncan<\/title>\n<meta name=\"description\" content=\"Terrain \u00e0 Chamiza, \u00e0 20 min de Puerto Montt, avec acc\u00e8s goudronn\u00e9, eau, \u00e9lectricit\u00e9, rive de rivi\u00e8re, prairies plates, petit bois et vue sur la cordill\u00e8re.\" \/>\n<meta name=\"robots\" content=\"index, follow, max-snippet:-1, max-image-preview:large, max-video-preview:-1\" \/>\n<link rel=\"canonical\" href=\"https:\/\/produncan.cl\/fr\/produit\/terrain-a-chamiza-puerto-montt-region-des-lacs\/\" \/>\n<meta property=\"og:locale\" content=\"fr_FR\" \/>\n<meta property=\"og:type\" content=\"article\" \/>\n<meta property=\"og:title\" content=\"Terrain \u00e0 Chamiza, Puerto Montt \u2013 R\u00e9gion des Lacs\" \/>\n<meta property=\"og:description\" content=\"Terrain \u00e0 Chamiza, \u00e0 20 min de Puerto Montt, avec acc\u00e8s goudronn\u00e9, eau, \u00e9lectricit\u00e9, rive de rivi\u00e8re, prairies plates, petit bois et vue sur la cordill\u00e8re.\" \/>\n<meta property=\"og:url\" content=\"https:\/\/produncan.cl\/fr\/produit\/terrain-a-chamiza-puerto-montt-region-des-lacs\/\" \/>\n<meta property=\"og:site_name\" content=\"Produncan\" \/>\n<meta property=\"article:publisher\" content=\"https:\/\/web.facebook.com\/produncanland\" \/>\n<meta property=\"article:modified_time\" content=\"2025-12-26T20:18:46+00:00\" \/>\n<meta property=\"og:image\" content=\"https:\/\/produncan.cl\/wp-content\/uploads\/2025\/08\/Parcela-Chamiza-Puerto-Montt.webp\" \/>\n<meta name=\"twitter:card\" content=\"summary_large_image\" \/>\n<meta name=\"twitter:label1\" content=\"Price\" \/>\n\t<meta name=\"twitter:data1\" content=\"USD172.400,00\" \/>\n\t<meta name=\"twitter:label2\" content=\"Availability\" \/>\n\t<meta name=\"twitter:data2\" content=\"In stock\" \/>\n<script type=\"application\/ld+json\" class=\"yoast-schema-graph\">{\"@context\":\"https:\\\/\\\/schema.org\",\"@graph\":[{\"@type\":\"WebPage\",\"@id\":\"https:\\\/\\\/produncan.cl\\\/fr\\\/produit\\\/terrain-a-chamiza-puerto-montt-region-des-lacs\\\/\",\"url\":\"https:\\\/\\\/produncan.cl\\\/fr\\\/produit\\\/terrain-a-chamiza-puerto-montt-region-des-lacs\\\/\",\"name\":\"Terrain \u00e0 Chamiza, Puerto Montt \u2013 R\u00e9gion des Lacs - Produncan\",\"isPartOf\":{\"@id\":\"https:\\\/\\\/produncan.cl\\\/fr\\\/#website\"},\"primaryImageOfPage\":{\"@id\":\"https:\\\/\\\/produncan.cl\\\/fr\\\/produit\\\/terrain-a-chamiza-puerto-montt-region-des-lacs\\\/#primaryimage\"},\"image\":{\"@id\":\"https:\\\/\\\/produncan.cl\\\/fr\\\/produit\\\/terrain-a-chamiza-puerto-montt-region-des-lacs\\\/#primaryimage\"},\"thumbnailUrl\":\"https:\\\/\\\/produncan.cl\\\/wp-content\\\/uploads\\\/2025\\\/08\\\/Parcela-Chamiza-Puerto-Montt.webp\",\"datePublished\":\"2025-08-27T17:53:42+00:00\",\"dateModified\":\"2025-12-26T20:18:46+00:00\",\"description\":\"Terrain \u00e0 Chamiza, \u00e0 20 min de Puerto Montt, avec acc\u00e8s goudronn\u00e9, eau, \u00e9lectricit\u00e9, rive de rivi\u00e8re, prairies plates, petit bois et vue sur la cordill\u00e8re.\",\"breadcrumb\":{\"@id\":\"https:\\\/\\\/produncan.cl\\\/fr\\\/produit\\\/terrain-a-chamiza-puerto-montt-region-des-lacs\\\/#breadcrumb\"},\"inLanguage\":\"fr-FR\",\"potentialAction\":[{\"@type\":\"ReadAction\",\"target\":[\"https:\\\/\\\/produncan.cl\\\/fr\\\/produit\\\/terrain-a-chamiza-puerto-montt-region-des-lacs\\\/\"]}]},{\"@type\":\"ImageObject\",\"inLanguage\":\"fr-FR\",\"@id\":\"https:\\\/\\\/produncan.cl\\\/fr\\\/produit\\\/terrain-a-chamiza-puerto-montt-region-des-lacs\\\/#primaryimage\",\"url\":\"https:\\\/\\\/produncan.cl\\\/wp-content\\\/uploads\\\/2025\\\/08\\\/Parcela-Chamiza-Puerto-Montt.webp\",\"contentUrl\":\"https:\\\/\\\/produncan.cl\\\/wp-content\\\/uploads\\\/2025\\\/08\\\/Parcela-Chamiza-Puerto-Montt.webp\",\"width\":800,\"height\":600,\"caption\":\"Emplacement Chamiza Puerto Montt\"},{\"@type\":\"BreadcrumbList\",\"@id\":\"https:\\\/\\\/produncan.cl\\\/fr\\\/produit\\\/terrain-a-chamiza-puerto-montt-region-des-lacs\\\/#breadcrumb\",\"itemListElement\":[{\"@type\":\"ListItem\",\"position\":1,\"name\":\"Inicio\",\"item\":\"https:\\\/\\\/produncan.cl\\\/fr\\\/\"},{\"@type\":\"ListItem\",\"position\":2,\"name\":\"Propri\u00e9t\u00e9s\",\"item\":\"https:\\\/\\\/produncan.cl\\\/propiedades\\\/\"},{\"@type\":\"ListItem\",\"position\":3,\"name\":\"Parcelles\",\"item\":\"https:\\\/\\\/produncan.cl\\\/fr\\\/cat&eacute;gorie\\\/parcelles\\\/\"},{\"@type\":\"ListItem\",\"position\":4,\"name\":\"Terrain \u00e0 Chamiza, Puerto Montt \u2013 R\u00e9gion des Lacs\"}]},{\"@type\":\"WebSite\",\"@id\":\"https:\\\/\\\/produncan.cl\\\/fr\\\/#website\",\"url\":\"https:\\\/\\\/produncan.cl\\\/fr\\\/\",\"name\":\"Produncan\",\"description\":\"Nous vous accompagnons dans votre projet de vie !\",\"publisher\":{\"@id\":\"https:\\\/\\\/produncan.cl\\\/fr\\\/#organization\"},\"potentialAction\":[{\"@type\":\"SearchAction\",\"target\":{\"@type\":\"EntryPoint\",\"urlTemplate\":\"https:\\\/\\\/produncan.cl\\\/fr\\\/?s={search_term_string}\"},\"query-input\":{\"@type\":\"PropertyValueSpecification\",\"valueRequired\":true,\"valueName\":\"search_term_string\"}}],\"inLanguage\":\"fr-FR\"},{\"@type\":\"Organization\",\"@id\":\"https:\\\/\\\/produncan.cl\\\/fr\\\/#organization\",\"name\":\"Produncan\",\"url\":\"https:\\\/\\\/produncan.cl\\\/fr\\\/\",\"logo\":{\"@type\":\"ImageObject\",\"inLanguage\":\"fr-FR\",\"@id\":\"https:\\\/\\\/produncan.cl\\\/fr\\\/#\\\/schema\\\/logo\\\/image\\\/\",\"url\":\"https:\\\/\\\/produncan.cl\\\/wp-content\\\/uploads\\\/2021\\\/03\\\/LOGO.jpeg\",\"contentUrl\":\"https:\\\/\\\/produncan.cl\\\/wp-content\\\/uploads\\\/2021\\\/03\\\/LOGO.jpeg\",\"width\":1280,\"height\":903,\"caption\":\"Produncan\"},\"image\":{\"@id\":\"https:\\\/\\\/produncan.cl\\\/fr\\\/#\\\/schema\\\/logo\\\/image\\\/\"},\"sameAs\":[\"https:\\\/\\\/web.facebook.com\\\/produncanland\",\"https:\\\/\\\/www.instagram.com\\\/pro_duncan\\\/\",\"https:\\\/\\\/www.linkedin.com\\\/company\\\/produncan-lands\\\/\",\"https:\\\/\\\/www.youtube.com\\\/channel\\\/UCu7N-f3x0svkazD-Eew1-QQ\"],\"description\":\"En Produncan somos especialistas en la venta de terrenos en el sur de Chile. Proveemos estancias, campos, parcelas y hoteles.\",\"email\":\"info@produncan.cl\"}]}<\/script>\n<meta property=\"og:video\" content=\"https:\/\/www.youtube.com\/embed\/dL90V9OVPZI\" \/>\n<meta property=\"og:video:type\" content=\"text\/html\" \/>\n<meta property=\"og:video:duration\" content=\"80\" \/>\n<meta property=\"og:video:width\" content=\"480\" \/>\n<meta property=\"og:video:height\" content=\"270\" \/>\n<meta property=\"ya:ovs:adult\" content=\"false\" \/>\n<meta property=\"ya:ovs:upload_date\" content=\"2025-08-27T17:53:42+00:00\" \/>\n<meta property=\"ya:ovs:allow_embed\" content=\"true\" \/>\n<meta property=\"product:price:amount\" content=\"172400.00\" \/>\n<meta property=\"product:price:currency\" content=\"USD\" \/>\n<meta property=\"og:availability\" content=\"instock\" \/>\n<meta property=\"product:availability\" content=\"instock\" \/>\n<meta property=\"product:condition\" content=\"new\" \/>\n<!-- \/ Yoast SEO Premium plugin. -->","yoast_head_json":{"title":"Terrain \u00e0 Chamiza, Puerto Montt \u2013 R\u00e9gion des Lacs - Produncan","description":"Terrain \u00e0 Chamiza, \u00e0 20 min de Puerto Montt, avec acc\u00e8s goudronn\u00e9, eau, \u00e9lectricit\u00e9, rive de rivi\u00e8re, prairies plates, petit bois et vue sur la cordill\u00e8re.","robots":{"index":"index","follow":"follow","max-snippet":"max-snippet:-1","max-image-preview":"max-image-preview:large","max-video-preview":"max-video-preview:-1"},"canonical":"https:\/\/produncan.cl\/fr\/produit\/terrain-a-chamiza-puerto-montt-region-des-lacs\/","og_locale":"fr_FR","og_type":"article","og_title":"Terrain \u00e0 Chamiza, Puerto Montt \u2013 R\u00e9gion des Lacs","og_description":"Terrain \u00e0 Chamiza, \u00e0 20 min de Puerto Montt, avec acc\u00e8s goudronn\u00e9, eau, \u00e9lectricit\u00e9, rive de rivi\u00e8re, prairies plates, petit bois et vue sur la cordill\u00e8re.","og_url":"https:\/\/produncan.cl\/fr\/produit\/terrain-a-chamiza-puerto-montt-region-des-lacs\/","og_site_name":"Produncan","article_publisher":"https:\/\/web.facebook.com\/produncanland","article_modified_time":"2025-12-26T20:18:46+00:00","og_image":[{"url":"https:\/\/produncan.cl\/wp-content\/uploads\/2025\/08\/Parcela-Chamiza-Puerto-Montt.webp","type":"","width":"","height":""}],"twitter_card":"summary_large_image","twitter_misc":{"Price":"USD172.400,00","Availability":"In stock"},"schema":{"@context":"https:\/\/schema.org","@graph":[{"@type":"WebPage","@id":"https:\/\/produncan.cl\/fr\/produit\/terrain-a-chamiza-puerto-montt-region-des-lacs\/","url":"https:\/\/produncan.cl\/fr\/produit\/terrain-a-chamiza-puerto-montt-region-des-lacs\/","name":"Terrain \u00e0 Chamiza, Puerto Montt \u2013 R\u00e9gion des Lacs - Produncan","isPartOf":{"@id":"https:\/\/produncan.cl\/fr\/#website"},"primaryImageOfPage":{"@id":"https:\/\/produncan.cl\/fr\/produit\/terrain-a-chamiza-puerto-montt-region-des-lacs\/#primaryimage"},"image":{"@id":"https:\/\/produncan.cl\/fr\/produit\/terrain-a-chamiza-puerto-montt-region-des-lacs\/#primaryimage"},"thumbnailUrl":"https:\/\/produncan.cl\/wp-content\/uploads\/2025\/08\/Parcela-Chamiza-Puerto-Montt.webp","datePublished":"2025-08-27T17:53:42+00:00","dateModified":"2025-12-26T20:18:46+00:00","description":"Terrain \u00e0 Chamiza, \u00e0 20 min de Puerto Montt, avec acc\u00e8s goudronn\u00e9, eau, \u00e9lectricit\u00e9, rive de rivi\u00e8re, prairies plates, petit bois et vue sur la cordill\u00e8re.","breadcrumb":{"@id":"https:\/\/produncan.cl\/fr\/produit\/terrain-a-chamiza-puerto-montt-region-des-lacs\/#breadcrumb"},"inLanguage":"fr-FR","potentialAction":[{"@type":"ReadAction","target":["https:\/\/produncan.cl\/fr\/produit\/terrain-a-chamiza-puerto-montt-region-des-lacs\/"]}]},{"@type":"ImageObject","inLanguage":"fr-FR","@id":"https:\/\/produncan.cl\/fr\/produit\/terrain-a-chamiza-puerto-montt-region-des-lacs\/#primaryimage","url":"https:\/\/produncan.cl\/wp-content\/uploads\/2025\/08\/Parcela-Chamiza-Puerto-Montt.webp","contentUrl":"https:\/\/produncan.cl\/wp-content\/uploads\/2025\/08\/Parcela-Chamiza-Puerto-Montt.webp","width":800,"height":600,"caption":"Emplacement Chamiza Puerto Montt"},{"@type":"BreadcrumbList","@id":"https:\/\/produncan.cl\/fr\/produit\/terrain-a-chamiza-puerto-montt-region-des-lacs\/#breadcrumb","itemListElement":[{"@type":"ListItem","position":1,"name":"Inicio","item":"https:\/\/produncan.cl\/fr\/"},{"@type":"ListItem","position":2,"name":"Propri\u00e9t\u00e9s","item":"https:\/\/produncan.cl\/propiedades\/"},{"@type":"ListItem","position":3,"name":"Parcelles","item":"https:\/\/produncan.cl\/fr\/cat&eacute;gorie\/parcelles\/"},{"@type":"ListItem","position":4,"name":"Terrain \u00e0 Chamiza, Puerto Montt \u2013 R\u00e9gion des Lacs"}]},{"@type":"WebSite","@id":"https:\/\/produncan.cl\/fr\/#website","url":"https:\/\/produncan.cl\/fr\/","name":"Produncan","description":"Nous vous accompagnons dans votre projet de vie !","publisher":{"@id":"https:\/\/produncan.cl\/fr\/#organization"},"potentialAction":[{"@type":"SearchAction","target":{"@type":"EntryPoint","urlTemplate":"https:\/\/produncan.cl\/fr\/?s={search_term_string}"},"query-input":{"@type":"PropertyValueSpecification","valueRequired":true,"valueName":"search_term_string"}}],"inLanguage":"fr-FR"},{"@type":"Organization","@id":"https:\/\/produncan.cl\/fr\/#organization","name":"Produncan","url":"https:\/\/produncan.cl\/fr\/","logo":{"@type":"ImageObject","inLanguage":"fr-FR","@id":"https:\/\/produncan.cl\/fr\/#\/schema\/logo\/image\/","url":"https:\/\/produncan.cl\/wp-content\/uploads\/2021\/03\/LOGO.jpeg","contentUrl":"https:\/\/produncan.cl\/wp-content\/uploads\/2021\/03\/LOGO.jpeg","width":1280,"height":903,"caption":"Produncan"},"image":{"@id":"https:\/\/produncan.cl\/fr\/#\/schema\/logo\/image\/"},"sameAs":["https:\/\/web.facebook.com\/produncanland","https:\/\/www.instagram.com\/pro_duncan\/","https:\/\/www.linkedin.com\/company\/produncan-lands\/","https:\/\/www.youtube.com\/channel\/UCu7N-f3x0svkazD-Eew1-QQ"],"description":"En Produncan somos especialistas en la venta de terrenos en el sur de Chile. Proveemos estancias, campos, parcelas y hoteles.","email":"info@produncan.cl"}]},"og_video":"https:\/\/www.youtube.com\/embed\/dL90V9OVPZI","og_video_type":"text\/html","og_video_duration":"80","og_video_width":"480","og_video_height":"270","ya_ovs_adult":"false","ya_ovs_upload_date":"2025-08-27T17:53:42+00:00","ya_ovs_allow_embed":"true","product_price_amount":"172400.00","product_price_currency":"USD","og_availability":"instock","product_availability":"instock","product_condition":"new"},"_links":{"self":[{"href":"https:\/\/produncan.cl\/fr\/wp-json\/wp\/v2\/product\/49279","targetHints":{"allow":["GET"]}}],"collection":[{"href":"https:\/\/produncan.cl\/fr\/wp-json\/wp\/v2\/product"}],"about":[{"href":"https:\/\/produncan.cl\/fr\/wp-json\/wp\/v2\/types\/product"}],"version-history":[{"count":2,"href":"https:\/\/produncan.cl\/fr\/wp-json\/wp\/v2\/product\/49279\/revisions"}],"predecessor-version":[{"id":54103,"href":"https:\/\/produncan.cl\/fr\/wp-json\/wp\/v2\/product\/49279\/revisions\/54103"}],"wp:featuredmedia":[{"embeddable":true,"href":"https:\/\/produncan.cl\/fr\/wp-json\/wp\/v2\/media\/49172"}],"wp:attachment":[{"href":"https:\/\/produncan.cl\/fr\/wp-json\/wp\/v2\/media?parent=49279"}],"wp:term":[{"taxonomy":"product_brand","embeddable":true,"href":"https:\/\/produncan.cl\/fr\/wp-json\/wp\/v2\/product_brand?post=49279"},{"taxonomy":"product_cat","embeddable":true,"href":"https:\/\/produncan.cl\/fr\/wp-json\/wp\/v2\/product_cat?post=49279"},{"taxonomy":"product_tag","embeddable":true,"href":"https:\/\/produncan.cl\/fr\/wp-json\/wp\/v2\/product_tag?post=49279"},{"taxonomy":"regiones","embeddable":true,"href":"https:\/\/produncan.cl\/fr\/wp-json\/wp\/v2\/regiones?post=49279"},{"taxonomy":"ciudades","embeddable":true,"href":"https:\/\/produncan.cl\/fr\/wp-json\/wp\/v2\/ciudades?post=49279"}],"curies":[{"name":"wp","href":"https:\/\/api.w.org\/{rel}","templated":true}]}}