{"id":50950,"date":"2025-09-11T14:36:47","date_gmt":"2025-09-11T17:36:47","guid":{"rendered":"https:\/\/produncan.cl\/propiedad\/maison-a-puerto-varas-los-copihues-region-de-los-lagos\/"},"modified":"2025-11-24T11:09:59","modified_gmt":"2025-11-24T14:09:59","slug":"maison-a-puerto-varas-los-copihues-region-de-los-lagos","status":"publish","type":"product","link":"https:\/\/produncan.cl\/fr\/produit\/maison-a-puerto-varas-los-copihues-region-de-los-lagos\/","title":{"rendered":"Maison \u00e0 Puerto Varas, Los Copihues &#8211; R\u00e9gion de Los Lagos"},"content":{"rendered":"\t\t<div data-elementor-type=\"product-post\" data-elementor-id=\"50950\" class=\"elementor elementor-50950 elementor-49618\" data-elementor-post-type=\"product\">\n\t\t\t\t<div class=\"elementor-element elementor-element-41bbdc1 e-flex e-con-boxed e-con e-parent\" data-id=\"41bbdc1\" data-element_type=\"container\" data-e-type=\"container\" data-settings=\"{&quot;jet_parallax_layout_list&quot;:[]}\">\n\t\t\t\t\t<div class=\"e-con-inner\">\n\t\t\t\t<div class=\"elementor-element elementor-element-6617c09 elementor-widget elementor-widget-heading\" data-id=\"6617c09\" data-element_type=\"widget\" data-e-type=\"widget\" data-widget_type=\"heading.default\">\n\t\t\t\t\t<h2 class=\"elementor-heading-title elementor-size-default\">Accueil plus Petite Maison terrain int\u00e9rieur de 5,070 m 2 15 minutes de Puerto Varas<\/h2>\t\t\t\t<\/div>\n\t\t\t\t\t<\/div>\n\t\t\t\t<\/div>\n\t\t<div class=\"elementor-element elementor-element-55401ed e-flex e-con-boxed e-con e-parent\" data-id=\"55401ed\" data-element_type=\"container\" data-e-type=\"container\" data-settings=\"{&quot;jet_parallax_layout_list&quot;:[]}\">\n\t\t\t\t\t<div class=\"e-con-inner\">\n\t\t\t\t<div class=\"elementor-element elementor-element-c59e306 elementor-widget elementor-widget-text-editor\" data-id=\"c59e306\" data-element_type=\"widget\" data-e-type=\"widget\" data-widget_type=\"text-editor.default\">\n\t\t\t\t\t\t\t\t\t<p>Situ\u00e9 dans le secteur du Nouveau Braunau, <span style=\"color: #ff0000;\"><a href=\"https:\/\/produncan.cl\/ciudades\/puerto-varas\/\" rel=\"noopener\" style=\"color: #ff0000;\" target=\"_blank\"><strong>Port Varas<\/strong><\/a><\/span>, ce terrain offre deux nouvelles maisons modernes, jamais habit\u00e9es, id\u00e9ales pour l&#8217;investissement ou la r\u00e9sidence familiale. Ins\u00e9r\u00e9 dans un endroit qui combine la s\u00e9r\u00e9nit\u00e9 de la nature avec le confort d&#8217;\u00eatre \u00e0 seulement 15 minutes du centre de Puerto Varas et \u00e0 20 minutes de l&#8217;a\u00e9roport de Puerto Montt.<\/p><p>Ici, le quotidien devient extraordinaire: les sons de l&#8217;estuaire qui borde l&#8217;intrigue, le chant des oiseaux \u00e0 l&#8217;aube et la lumi\u00e8re du soleil qui marche doucement \u00e0 travers les lis du sol.<\/p><p>La maison principale, de deux \u00e9tages et 208 m2, a \u00e9t\u00e9 con\u00e7ue pour s&#8217;int\u00e9grer \u00e0 l&#8217;environnement par de grandes fen\u00eatres qui remplissent les espaces de lumi\u00e8re et de paysage. Ses trois chambres &#8211; dont une suite avec th\u00e9 &#8211; et trois salles de bains, plus une chambre et une salle de bains de service, offrent le confort d&#8217;une maison moderne. La cuisine ouverte avec l&#8217;\u00eele vous invite \u00e0 partager, tandis que le chauffage central et l&#8217;eau chaude assurent le confort \u00e0 n&#8217;importe quelle station. Sur le c\u00f4t\u00e9, un espace couvert de 16 m2 esp\u00e8re devenir un quincho ou une terrasse id\u00e9ale pour des r\u00e9unions familiales et juste derri\u00e8re un grand espace qui peut \u00eatre utilis\u00e9 comme une cave ou une chambre suppl\u00e9mentaire.<\/p><p>Un sentier d&#8217;arbres m\u00e8ne \u00e0 un charmant mini-bar de 35 m2 (maison minuscule), ind\u00e9pendant de la maison principale. Avec une chambre au premier \u00e9tage, un deuxi\u00e8me niveau polyvalent et le chauffage \u00e0 combustion lente, il est parfait pour recevoir des visites, louer comme un h\u00e9bergement touristique ou m\u00eame installer un bureau priv\u00e9 entour\u00e9 par la nature.<\/p><p>Le terrain de 5 070 m2 offre des lombages mous, une bonne exposition solaire et une v\u00e9g\u00e9tation indig\u00e8ne comme une rayonne. Le sol est l\u00e9g\u00e8rement inclin\u00e9 vers l&#8217;\u00e9tag\u00e8re, assurant un drainage naturel et une vue toujours changeante avec les stations. L&#8217;acc\u00e8s est direct de la route asphalt\u00e9e, avec seulement 1,2 km de ripid compact au tram en bois qui accueille la propri\u00e9t\u00e9.<\/p><p>Le Condominium ajoute de la valeur \u00e0 cette exp\u00e9rience avec un acc\u00e8s contr\u00f4l\u00e9, de grandes zones communes dont 20 hectares de for\u00eat indig\u00e8ne, des sentiers de randonn\u00e9e de 1,9 km, un parc \u00e0 v\u00e9los et l&#8217;acc\u00e8s \u00e0 la rive d&#8217;une rivi\u00e8re commune. Tous con\u00e7us pour vivre dans la communaut\u00e9, sans perdre la vie priv\u00e9e.<\/p><p>Et le meilleur : votre emplacement. Vous \u00eates proche de tout ce qui rend la r\u00e9gion sp\u00e9ciale: Lac Llanquihue, l&#8217;imposant volcan Osorno, le mus\u00e9e Antonio Felmer et activit\u00e9s \u00e9questres \u00e0 Rancho Volke.<\/p><p>Cette propri\u00e9t\u00e9 n&#8217;est pas seulement un terrain avec la maison: c&#8217;est une invitation \u00e0 une vie diff\u00e9rente, o\u00f9 la modernit\u00e9 et la nature vivent ensemble en harmonie. Id\u00e9al pour ceux qui recherchent une maison familiale, une deuxi\u00e8me maison ou un projet d&#8217;investissement touristique dans l&#8217;une des r\u00e9gions les plus exigeantes du Chili.<\/p><p>D\u00e9couvrez le meilleur du sud \u00e0 Puerto Varas. Votre prochaine aventure commence ici, contactez-nous et planifiez votre visite!<\/p>\t\t\t\t\t\t\t\t<\/div>\n\t\t\t\t\t<\/div>\n\t\t\t\t<\/div>\n\t\t\t\t<\/div>\n\t\t","protected":false},"excerpt":{"rendered":"<p>Terrain avec 2 maisons neuves de 208 m 2 et 35 m 2 15 minutes de Puerto Varas. Il a de l&#8217;\u00e9lectricit\u00e9, de l&#8217;eau potable et des tapis. Condo int\u00e9rieur avec club house, sentiers de randonn\u00e9e, parc \u00e0 v\u00e9los et rive commune.<\/p>\n","protected":false},"featured_media":49622,"template":"","meta":{"_acf_changed":false},"product_brand":[],"product_cat":[113],"product_tag":[236],"regiones":[226],"ciudades":[218,219],"class_list":{"0":"post-50950","1":"product","2":"type-product","3":"status-publish","4":"has-post-thumbnail","6":"product_cat-ohiggins-los-lagos-fr","7":"product_tag-parcelles","8":"regiones-nuble-los_lagos","9":"ciudades-puerto-montt","10":"ciudades-puerto-varas","12":"first","13":"instock","14":"shipping-taxable","15":"purchasable","16":"product-type-simple"},"acf":[],"yoast_head":"<!-- This site is optimized with the Yoast SEO Premium plugin v26.0 (Yoast SEO v27.4) - https:\/\/yoast.com\/product\/yoast-seo-premium-wordpress\/ -->\n<title>Maison \u00e0 Puerto Varas, Los Copihues - R\u00e9gion de Los Lagos - Produncan<\/title>\n<meta name=\"description\" content=\"Terrain avec 2 maisons neuves \u00e0 15 minutes de Puerto Varas. Il a de l&#039;\u00e9lectricit\u00e9, de l&#039;eau potable et des tapis. Condo int\u00e9rieur avec club house, sentiers de randonn\u00e9e, parc \u00e0 v\u00e9los et rive commune.\" \/>\n<meta name=\"robots\" content=\"index, follow, max-snippet:-1, max-image-preview:large, max-video-preview:-1\" \/>\n<link rel=\"canonical\" href=\"https:\/\/produncan.cl\/fr\/produit\/maison-a-puerto-varas-los-copihues-region-de-los-lagos\/\" \/>\n<meta property=\"og:locale\" content=\"fr_FR\" \/>\n<meta property=\"og:type\" content=\"article\" \/>\n<meta property=\"og:title\" content=\"Maison \u00e0 Puerto Varas, Los Copihues - R\u00e9gion de Los Lagos\" \/>\n<meta property=\"og:description\" content=\"Terrain avec 2 maisons neuves \u00e0 15 minutes de Puerto Varas. Il a de l&#039;\u00e9lectricit\u00e9, de l&#039;eau potable et des tapis. Condo int\u00e9rieur avec club house, sentiers de randonn\u00e9e, parc \u00e0 v\u00e9los et rive commune.\" \/>\n<meta property=\"og:url\" content=\"https:\/\/produncan.cl\/fr\/produit\/maison-a-puerto-varas-los-copihues-region-de-los-lagos\/\" \/>\n<meta property=\"og:site_name\" content=\"Produncan\" \/>\n<meta property=\"article:publisher\" content=\"https:\/\/web.facebook.com\/produncanland\" \/>\n<meta property=\"article:modified_time\" content=\"2025-11-24T14:09:59+00:00\" \/>\n<meta property=\"og:image\" content=\"https:\/\/produncan.cl\/wp-content\/uploads\/2025\/09\/Casa-Los-Copihues-Puerto-Varas.webp\" \/>\n<meta name=\"twitter:card\" content=\"summary_large_image\" \/>\n<meta name=\"twitter:label1\" content=\"Price\" \/>\n\t<meta name=\"twitter:data1\" content=\"USD354.900,00\" \/>\n\t<meta name=\"twitter:label2\" content=\"Availability\" \/>\n\t<meta name=\"twitter:data2\" content=\"In stock\" \/>\n<script type=\"application\/ld+json\" class=\"yoast-schema-graph\">{\"@context\":\"https:\\\/\\\/schema.org\",\"@graph\":[{\"@type\":\"WebPage\",\"@id\":\"https:\\\/\\\/produncan.cl\\\/fr\\\/produit\\\/maison-a-puerto-varas-los-copihues-region-de-los-lagos\\\/\",\"url\":\"https:\\\/\\\/produncan.cl\\\/fr\\\/produit\\\/maison-a-puerto-varas-los-copihues-region-de-los-lagos\\\/\",\"name\":\"Maison \u00e0 Puerto Varas, Los Copihues - R\u00e9gion de Los Lagos - Produncan\",\"isPartOf\":{\"@id\":\"https:\\\/\\\/produncan.cl\\\/fr\\\/#website\"},\"primaryImageOfPage\":{\"@id\":\"https:\\\/\\\/produncan.cl\\\/fr\\\/produit\\\/maison-a-puerto-varas-los-copihues-region-de-los-lagos\\\/#primaryimage\"},\"image\":{\"@id\":\"https:\\\/\\\/produncan.cl\\\/fr\\\/produit\\\/maison-a-puerto-varas-los-copihues-region-de-los-lagos\\\/#primaryimage\"},\"thumbnailUrl\":\"https:\\\/\\\/produncan.cl\\\/wp-content\\\/uploads\\\/2025\\\/09\\\/Casa-Los-Copihues-Puerto-Varas.webp\",\"datePublished\":\"2025-09-11T17:36:47+00:00\",\"dateModified\":\"2025-11-24T14:09:59+00:00\",\"description\":\"Terrain avec 2 maisons neuves \u00e0 15 minutes de Puerto Varas. Il a de l'\u00e9lectricit\u00e9, de l'eau potable et des tapis. Condo int\u00e9rieur avec club house, sentiers de randonn\u00e9e, parc \u00e0 v\u00e9los et rive commune.\",\"breadcrumb\":{\"@id\":\"https:\\\/\\\/produncan.cl\\\/fr\\\/produit\\\/maison-a-puerto-varas-los-copihues-region-de-los-lagos\\\/#breadcrumb\"},\"inLanguage\":\"fr-FR\",\"potentialAction\":[{\"@type\":\"ReadAction\",\"target\":[\"https:\\\/\\\/produncan.cl\\\/fr\\\/produit\\\/maison-a-puerto-varas-los-copihues-region-de-los-lagos\\\/\"]}]},{\"@type\":\"ImageObject\",\"inLanguage\":\"fr-FR\",\"@id\":\"https:\\\/\\\/produncan.cl\\\/fr\\\/produit\\\/maison-a-puerto-varas-los-copihues-region-de-los-lagos\\\/#primaryimage\",\"url\":\"https:\\\/\\\/produncan.cl\\\/wp-content\\\/uploads\\\/2025\\\/09\\\/Casa-Los-Copihues-Puerto-Varas.webp\",\"contentUrl\":\"https:\\\/\\\/produncan.cl\\\/wp-content\\\/uploads\\\/2025\\\/09\\\/Casa-Los-Copihues-Puerto-Varas.webp\",\"width\":800,\"height\":600,\"caption\":\"Casa Los Copihues Puerto Varas\"},{\"@type\":\"BreadcrumbList\",\"@id\":\"https:\\\/\\\/produncan.cl\\\/fr\\\/produit\\\/maison-a-puerto-varas-los-copihues-region-de-los-lagos\\\/#breadcrumb\",\"itemListElement\":[{\"@type\":\"ListItem\",\"position\":1,\"name\":\"Inicio\",\"item\":\"https:\\\/\\\/produncan.cl\\\/fr\\\/\"},{\"@type\":\"ListItem\",\"position\":2,\"name\":\"Propri\u00e9t\u00e9s\",\"item\":\"https:\\\/\\\/produncan.cl\\\/propiedades\\\/\"},{\"@type\":\"ListItem\",\"position\":3,\"name\":\"Parcelles\",\"item\":\"https:\\\/\\\/produncan.cl\\\/fr\\\/cat&eacute;gorie\\\/parcelles\\\/\"},{\"@type\":\"ListItem\",\"position\":4,\"name\":\"Maison \u00e0 Puerto Varas, Los Copihues &#8211; R\u00e9gion de Los Lagos\"}]},{\"@type\":\"WebSite\",\"@id\":\"https:\\\/\\\/produncan.cl\\\/fr\\\/#website\",\"url\":\"https:\\\/\\\/produncan.cl\\\/fr\\\/\",\"name\":\"Produncan\",\"description\":\"Nous vous accompagnons dans votre projet de vie !\",\"publisher\":{\"@id\":\"https:\\\/\\\/produncan.cl\\\/fr\\\/#organization\"},\"potentialAction\":[{\"@type\":\"SearchAction\",\"target\":{\"@type\":\"EntryPoint\",\"urlTemplate\":\"https:\\\/\\\/produncan.cl\\\/fr\\\/?s={search_term_string}\"},\"query-input\":{\"@type\":\"PropertyValueSpecification\",\"valueRequired\":true,\"valueName\":\"search_term_string\"}}],\"inLanguage\":\"fr-FR\"},{\"@type\":\"Organization\",\"@id\":\"https:\\\/\\\/produncan.cl\\\/fr\\\/#organization\",\"name\":\"Produncan\",\"url\":\"https:\\\/\\\/produncan.cl\\\/fr\\\/\",\"logo\":{\"@type\":\"ImageObject\",\"inLanguage\":\"fr-FR\",\"@id\":\"https:\\\/\\\/produncan.cl\\\/fr\\\/#\\\/schema\\\/logo\\\/image\\\/\",\"url\":\"https:\\\/\\\/produncan.cl\\\/wp-content\\\/uploads\\\/2021\\\/03\\\/LOGO.jpeg\",\"contentUrl\":\"https:\\\/\\\/produncan.cl\\\/wp-content\\\/uploads\\\/2021\\\/03\\\/LOGO.jpeg\",\"width\":1280,\"height\":903,\"caption\":\"Produncan\"},\"image\":{\"@id\":\"https:\\\/\\\/produncan.cl\\\/fr\\\/#\\\/schema\\\/logo\\\/image\\\/\"},\"sameAs\":[\"https:\\\/\\\/web.facebook.com\\\/produncanland\",\"https:\\\/\\\/www.instagram.com\\\/pro_duncan\\\/\",\"https:\\\/\\\/www.linkedin.com\\\/company\\\/produncan-lands\\\/\",\"https:\\\/\\\/www.youtube.com\\\/channel\\\/UCu7N-f3x0svkazD-Eew1-QQ\"],\"description\":\"En Produncan somos especialistas en la venta de terrenos en el sur de Chile. Proveemos estancias, campos, parcelas y hoteles.\",\"email\":\"info@produncan.cl\"}]}<\/script>\n<meta property=\"og:video\" content=\"https:\/\/www.youtube.com\/embed\/ZaoM3P9LFbQ\" \/>\n<meta property=\"og:video:type\" content=\"text\/html\" \/>\n<meta property=\"og:video:duration\" content=\"68\" \/>\n<meta property=\"og:video:width\" content=\"480\" \/>\n<meta property=\"og:video:height\" content=\"270\" \/>\n<meta property=\"ya:ovs:adult\" content=\"false\" \/>\n<meta property=\"ya:ovs:upload_date\" content=\"2025-09-11T17:36:47+00:00\" \/>\n<meta property=\"ya:ovs:allow_embed\" content=\"true\" \/>\n<meta property=\"product:price:amount\" content=\"354900.00\" \/>\n<meta property=\"product:price:currency\" content=\"USD\" \/>\n<meta property=\"og:availability\" content=\"instock\" \/>\n<meta property=\"product:availability\" content=\"instock\" \/>\n<meta property=\"product:condition\" content=\"new\" \/>\n<!-- \/ Yoast SEO Premium plugin. -->","yoast_head_json":{"title":"Maison \u00e0 Puerto Varas, Los Copihues - R\u00e9gion de Los Lagos - Produncan","description":"Terrain avec 2 maisons neuves \u00e0 15 minutes de Puerto Varas. Il a de l'\u00e9lectricit\u00e9, de l'eau potable et des tapis. Condo int\u00e9rieur avec club house, sentiers de randonn\u00e9e, parc \u00e0 v\u00e9los et rive commune.","robots":{"index":"index","follow":"follow","max-snippet":"max-snippet:-1","max-image-preview":"max-image-preview:large","max-video-preview":"max-video-preview:-1"},"canonical":"https:\/\/produncan.cl\/fr\/produit\/maison-a-puerto-varas-los-copihues-region-de-los-lagos\/","og_locale":"fr_FR","og_type":"article","og_title":"Maison \u00e0 Puerto Varas, Los Copihues - R\u00e9gion de Los Lagos","og_description":"Terrain avec 2 maisons neuves \u00e0 15 minutes de Puerto Varas. Il a de l'\u00e9lectricit\u00e9, de l'eau potable et des tapis. Condo int\u00e9rieur avec club house, sentiers de randonn\u00e9e, parc \u00e0 v\u00e9los et rive commune.","og_url":"https:\/\/produncan.cl\/fr\/produit\/maison-a-puerto-varas-los-copihues-region-de-los-lagos\/","og_site_name":"Produncan","article_publisher":"https:\/\/web.facebook.com\/produncanland","article_modified_time":"2025-11-24T14:09:59+00:00","og_image":[{"url":"https:\/\/produncan.cl\/wp-content\/uploads\/2025\/09\/Casa-Los-Copihues-Puerto-Varas.webp","type":"","width":"","height":""}],"twitter_card":"summary_large_image","twitter_misc":{"Price":"USD354.900,00","Availability":"In stock"},"schema":{"@context":"https:\/\/schema.org","@graph":[{"@type":"WebPage","@id":"https:\/\/produncan.cl\/fr\/produit\/maison-a-puerto-varas-los-copihues-region-de-los-lagos\/","url":"https:\/\/produncan.cl\/fr\/produit\/maison-a-puerto-varas-los-copihues-region-de-los-lagos\/","name":"Maison \u00e0 Puerto Varas, Los Copihues - R\u00e9gion de Los Lagos - Produncan","isPartOf":{"@id":"https:\/\/produncan.cl\/fr\/#website"},"primaryImageOfPage":{"@id":"https:\/\/produncan.cl\/fr\/produit\/maison-a-puerto-varas-los-copihues-region-de-los-lagos\/#primaryimage"},"image":{"@id":"https:\/\/produncan.cl\/fr\/produit\/maison-a-puerto-varas-los-copihues-region-de-los-lagos\/#primaryimage"},"thumbnailUrl":"https:\/\/produncan.cl\/wp-content\/uploads\/2025\/09\/Casa-Los-Copihues-Puerto-Varas.webp","datePublished":"2025-09-11T17:36:47+00:00","dateModified":"2025-11-24T14:09:59+00:00","description":"Terrain avec 2 maisons neuves \u00e0 15 minutes de Puerto Varas. Il a de l'\u00e9lectricit\u00e9, de l'eau potable et des tapis. Condo int\u00e9rieur avec club house, sentiers de randonn\u00e9e, parc \u00e0 v\u00e9los et rive commune.","breadcrumb":{"@id":"https:\/\/produncan.cl\/fr\/produit\/maison-a-puerto-varas-los-copihues-region-de-los-lagos\/#breadcrumb"},"inLanguage":"fr-FR","potentialAction":[{"@type":"ReadAction","target":["https:\/\/produncan.cl\/fr\/produit\/maison-a-puerto-varas-los-copihues-region-de-los-lagos\/"]}]},{"@type":"ImageObject","inLanguage":"fr-FR","@id":"https:\/\/produncan.cl\/fr\/produit\/maison-a-puerto-varas-los-copihues-region-de-los-lagos\/#primaryimage","url":"https:\/\/produncan.cl\/wp-content\/uploads\/2025\/09\/Casa-Los-Copihues-Puerto-Varas.webp","contentUrl":"https:\/\/produncan.cl\/wp-content\/uploads\/2025\/09\/Casa-Los-Copihues-Puerto-Varas.webp","width":800,"height":600,"caption":"Casa Los Copihues Puerto Varas"},{"@type":"BreadcrumbList","@id":"https:\/\/produncan.cl\/fr\/produit\/maison-a-puerto-varas-los-copihues-region-de-los-lagos\/#breadcrumb","itemListElement":[{"@type":"ListItem","position":1,"name":"Inicio","item":"https:\/\/produncan.cl\/fr\/"},{"@type":"ListItem","position":2,"name":"Propri\u00e9t\u00e9s","item":"https:\/\/produncan.cl\/propiedades\/"},{"@type":"ListItem","position":3,"name":"Parcelles","item":"https:\/\/produncan.cl\/fr\/cat&eacute;gorie\/parcelles\/"},{"@type":"ListItem","position":4,"name":"Maison \u00e0 Puerto Varas, Los Copihues &#8211; R\u00e9gion de Los Lagos"}]},{"@type":"WebSite","@id":"https:\/\/produncan.cl\/fr\/#website","url":"https:\/\/produncan.cl\/fr\/","name":"Produncan","description":"Nous vous accompagnons dans votre projet de vie !","publisher":{"@id":"https:\/\/produncan.cl\/fr\/#organization"},"potentialAction":[{"@type":"SearchAction","target":{"@type":"EntryPoint","urlTemplate":"https:\/\/produncan.cl\/fr\/?s={search_term_string}"},"query-input":{"@type":"PropertyValueSpecification","valueRequired":true,"valueName":"search_term_string"}}],"inLanguage":"fr-FR"},{"@type":"Organization","@id":"https:\/\/produncan.cl\/fr\/#organization","name":"Produncan","url":"https:\/\/produncan.cl\/fr\/","logo":{"@type":"ImageObject","inLanguage":"fr-FR","@id":"https:\/\/produncan.cl\/fr\/#\/schema\/logo\/image\/","url":"https:\/\/produncan.cl\/wp-content\/uploads\/2021\/03\/LOGO.jpeg","contentUrl":"https:\/\/produncan.cl\/wp-content\/uploads\/2021\/03\/LOGO.jpeg","width":1280,"height":903,"caption":"Produncan"},"image":{"@id":"https:\/\/produncan.cl\/fr\/#\/schema\/logo\/image\/"},"sameAs":["https:\/\/web.facebook.com\/produncanland","https:\/\/www.instagram.com\/pro_duncan\/","https:\/\/www.linkedin.com\/company\/produncan-lands\/","https:\/\/www.youtube.com\/channel\/UCu7N-f3x0svkazD-Eew1-QQ"],"description":"En Produncan somos especialistas en la venta de terrenos en el sur de Chile. Proveemos estancias, campos, parcelas y hoteles.","email":"info@produncan.cl"}]},"og_video":"https:\/\/www.youtube.com\/embed\/ZaoM3P9LFbQ","og_video_type":"text\/html","og_video_duration":"68","og_video_width":"480","og_video_height":"270","ya_ovs_adult":"false","ya_ovs_upload_date":"2025-09-11T17:36:47+00:00","ya_ovs_allow_embed":"true","product_price_amount":"354900.00","product_price_currency":"USD","og_availability":"instock","product_availability":"instock","product_condition":"new"},"_links":{"self":[{"href":"https:\/\/produncan.cl\/fr\/wp-json\/wp\/v2\/product\/50950","targetHints":{"allow":["GET"]}}],"collection":[{"href":"https:\/\/produncan.cl\/fr\/wp-json\/wp\/v2\/product"}],"about":[{"href":"https:\/\/produncan.cl\/fr\/wp-json\/wp\/v2\/types\/product"}],"version-history":[{"count":1,"href":"https:\/\/produncan.cl\/fr\/wp-json\/wp\/v2\/product\/50950\/revisions"}],"predecessor-version":[{"id":50956,"href":"https:\/\/produncan.cl\/fr\/wp-json\/wp\/v2\/product\/50950\/revisions\/50956"}],"wp:featuredmedia":[{"embeddable":true,"href":"https:\/\/produncan.cl\/fr\/wp-json\/wp\/v2\/media\/49622"}],"wp:attachment":[{"href":"https:\/\/produncan.cl\/fr\/wp-json\/wp\/v2\/media?parent=50950"}],"wp:term":[{"taxonomy":"product_brand","embeddable":true,"href":"https:\/\/produncan.cl\/fr\/wp-json\/wp\/v2\/product_brand?post=50950"},{"taxonomy":"product_cat","embeddable":true,"href":"https:\/\/produncan.cl\/fr\/wp-json\/wp\/v2\/product_cat?post=50950"},{"taxonomy":"product_tag","embeddable":true,"href":"https:\/\/produncan.cl\/fr\/wp-json\/wp\/v2\/product_tag?post=50950"},{"taxonomy":"regiones","embeddable":true,"href":"https:\/\/produncan.cl\/fr\/wp-json\/wp\/v2\/regiones?post=50950"},{"taxonomy":"ciudades","embeddable":true,"href":"https:\/\/produncan.cl\/fr\/wp-json\/wp\/v2\/ciudades?post=50950"}],"curies":[{"name":"wp","href":"https:\/\/api.w.org\/{rel}","templated":true}]}}