{"id":50978,"date":"2025-09-16T13:21:07","date_gmt":"2025-09-16T16:21:07","guid":{"rendered":"https:\/\/produncan.cl\/propiedad\/champ-a-estakilla-bautista-la-region-des-lacs\/"},"modified":"2026-03-12T13:02:09","modified_gmt":"2026-03-12T16:02:09","slug":"champ-a-estakilla-bautista-la-region-des-lacs","status":"publish","type":"product","link":"https:\/\/produncan.cl\/fr\/produit\/champ-a-estakilla-bautista-la-region-des-lacs\/","title":{"rendered":"Champ \u00e0 Estakilla, Bautista &#8211; La r\u00e9gion des lacs"},"content":{"rendered":"\t\t<div data-elementor-type=\"product-post\" data-elementor-id=\"50978\" class=\"elementor elementor-50978 elementor-49776\" data-elementor-post-type=\"product\">\n\t\t\t\t<div class=\"elementor-element elementor-element-5e7a54a e-flex e-con-boxed e-con e-parent\" data-id=\"5e7a54a\" data-element_type=\"container\" data-e-type=\"container\" data-settings=\"{&quot;jet_parallax_layout_list&quot;:[]}\">\n\t\t\t\t\t<div class=\"e-con-inner\">\n\t\t\t\t<div class=\"elementor-element elementor-element-bad1864 elementor-widget elementor-widget-heading\" data-id=\"bad1864\" data-element_type=\"widget\" data-e-type=\"widget\" data-widget_type=\"heading.default\">\n\t\t\t\t\t<h2 class=\"elementor-heading-title elementor-size-default\">O\u00f9 la nature s'unit \u00e0 la projection des investissements<\/h2>\t\t\t\t<\/div>\n\t\t\t\t\t<\/div>\n\t\t\t\t<\/div>\n\t\t<div class=\"elementor-element elementor-element-c0e53e8 e-flex e-con-boxed e-con e-parent\" data-id=\"c0e53e8\" data-element_type=\"container\" data-e-type=\"container\" data-settings=\"{&quot;jet_parallax_layout_list&quot;:[]}\">\n\t\t\t\t\t<div class=\"e-con-inner\">\n\t\t\t\t<div class=\"elementor-element elementor-element-62ca2c2 elementor-widget elementor-widget-text-editor\" data-id=\"62ca2c2\" data-element_type=\"widget\" data-e-type=\"widget\" data-widget_type=\"text-editor.default\">\n\t\t\t\t\t\t\t\t\t<p>Imaginez poss\u00e9der un champ de 60 hectares sur la c\u00f4te sud du Chili, avec vue sur la mer, acc\u00e8s direct depuis la route publique et entour\u00e9 de for\u00eats estuaires et indig\u00e8nes. C&#8217;est Campo Bautista, une opportunit\u00e9 unique \u00e0 proximit\u00e9 d&#8217;Estakilla, l&#8217;un des secteurs les plus prometteurs pour le tourisme et le d\u00e9veloppement agricole dans la r\u00e9gion de Los Lagos.<\/p>\n<p>Ce champ \u00e0 Estakilla est \u00e0 seulement trois kilom\u00e8tres de Caleta Estakilla, reconnu pour sa tradition de p\u00eache et ses paysages c\u00f4tiers. 38 kilom\u00e8tres de la ville de Los Muermos et seulement 1: 15 heures de l&#8217;a\u00e9roport El Tepual \u00e0 Puerto Montt, avec un acc\u00e8s rapide gr\u00e2ce \u00e0 une route asphalt\u00e9e qui atteint presque la propri\u00e9t\u00e9, soustrayant seulement deux kilom\u00e8tres de ripio en excellent \u00e9tat, qui est actuellement en cours d&#8217;asphalte.<\/p>\n<p>La nature est un protagoniste dans ce lieu. Soixante-dix pour cent de sa superficie est couverte de for\u00eats indig\u00e8nes avec des esp\u00e8ces telles que la coigue, le tepa et le tepu, tandis que les 30 % restants correspondent aux prairies id\u00e9ales pour le b\u00e9tail ou les cultures. Une grande partie du champ est entour\u00e9e de tapis, qui fournit de la fra\u00eecheur, une v\u00e9g\u00e9tation abondante et des ressources naturelles, ainsi qu&#8217;une excellente exposition solaire gr\u00e2ce \u00e0 sa direction vers le poney.<\/p>\n<p>En termes de ressources, la propri\u00e9t\u00e9 poss\u00e8de de l&#8217;eau s\u00e9curis\u00e9e par une rivi\u00e8re de cinq m\u00e8tres, un \u00e9tang de cinq mille litres et une eau potable. L&#8217;\u00e9lectricit\u00e9 est \u00e9galement install\u00e9e dans le champ, ce qui facilite tout projet \u00e0 d\u00e9velopper. Sa production a d\u00e9j\u00e0 \u00e9t\u00e9 test\u00e9e : en 2024, cent trente-huit bols de silo ont \u00e9t\u00e9 r\u00e9colt\u00e9s.<\/p>\n<p>Le Camp d&#8217;Estakilla, Bautista, offre des possibilit\u00e9s infinies. Son sol agricole convient \u00e0 l&#8217;\u00e9levage et \u00e0 l&#8217;engraissement des animaux, ainsi qu&#8217;\u00e0 la plantation de pommes de terre ou d&#8217;autres cultures. Cependant, sa valeur n&#8217;est pas limit\u00e9e \u00e0 l&#8217;agriculture, car son emplacement et ses paysages en font un lieu \u00e0 fort potentiel pour le tourisme rural, l&#8217;\u00e9coluge ou les initiatives durables, une v\u00e9ritable toile blanche o\u00f9 la cr\u00e9ativit\u00e9 peut prendre forme.<\/p>\n<p>Ce domaine n&#8217;est pas seulement la terre, c&#8217;est la nature, la projection et le patrimoine en un seul endroit. Dans les environs d&#8217;Estakilla, des projets touristiques de haut niveau commencent \u00e0 se d\u00e9velopper, \u00e0 l&#8217;exemple de Mari Mari, l&#8217;un des h\u00f4tels les plus exclusifs du Chili. Acheter ici, c&#8217;est investir dans l&#8217;avenir avec une plus-value assur\u00e9e.<\/p>\n<p>Champ \u00e0 Estakilla, Baptiste, vous attend. C&#8217;est une opportunit\u00e9 pour ceux qui cherchent plus qu&#8217;une propri\u00e9t\u00e9: un espace pour investir, projeter et vivre le meilleur dans le sud du Chili.<\/p>\n<p>Contactez-nous et planifiez votre visite!<\/p>\n\t\t\t\t\t\t\t\t<\/div>\n\t\t\t\t\t<\/div>\n\t\t\t\t<\/div>\n\t\t\t\t<\/div>\n\t\t","protected":false},"excerpt":{"rendered":"<p>Terrain \u00e0 Estakilla de 60 hectares adjacent \u00e0 la route publique. 30 % de prairies et 70 % de plantes indig\u00e8nes, topographie plane et pente molle, entour\u00e9e de tapis et vue sur la mer. Il a de l&#8217;\u00e9lectricit\u00e9, de l&#8217;eau de rivi\u00e8re et pas de construction.<\/p>\n","protected":false},"featured_media":54349,"template":"","meta":{"_acf_changed":false},"product_brand":[],"product_cat":[113],"product_tag":[233],"regiones":[226],"ciudades":[245],"class_list":{"0":"post-50978","1":"product","2":"type-product","3":"status-publish","4":"has-post-thumbnail","6":"product_cat-ohiggins-los-lagos-fr","7":"product_tag-champs","8":"regiones-nuble-los_lagos","9":"ciudades-estaquilla","11":"first","12":"outofstock","13":"shipping-taxable","14":"product-type-simple"},"acf":[],"yoast_head":"<!-- This site is optimized with the Yoast SEO Premium plugin v26.0 (Yoast SEO v27.3) - https:\/\/yoast.com\/product\/yoast-seo-premium-wordpress\/ -->\n<title>Champ \u00e0 Estakilla, Bautista - La r\u00e9gion des lacs - Produncan<\/title>\n<meta name=\"description\" content=\"Terrain \u00e0 Estakilla de 60 hectares adjacent \u00e0 la route publique. 30 % de prairies et 70 % de plantes indig\u00e8nes, topographie plane et pente molle, entour\u00e9e de tapis et vue sur la mer. Il a de l&#039;\u00e9lectricit\u00e9, de l&#039;eau de rivi\u00e8re et pas de construction.\" \/>\n<meta name=\"robots\" content=\"index, follow, max-snippet:-1, max-image-preview:large, max-video-preview:-1\" \/>\n<link rel=\"canonical\" href=\"https:\/\/produncan.cl\/fr\/produit\/champ-a-estakilla-bautista-la-region-des-lacs\/\" \/>\n<meta property=\"og:locale\" content=\"fr_FR\" \/>\n<meta property=\"og:type\" content=\"article\" \/>\n<meta property=\"og:title\" content=\"Champ \u00e0 Estakilla, Bautista - La r\u00e9gion des lacs\" \/>\n<meta property=\"og:description\" content=\"Terrain \u00e0 Estakilla de 60 hectares adjacent \u00e0 la route publique. 30 % de prairies et 70 % de plantes indig\u00e8nes, topographie plane et pente molle, entour\u00e9e de tapis et vue sur la mer. Il a de l&#039;\u00e9lectricit\u00e9, de l&#039;eau de rivi\u00e8re et pas de construction.\" \/>\n<meta property=\"og:url\" content=\"https:\/\/produncan.cl\/fr\/produit\/champ-a-estakilla-bautista-la-region-des-lacs\/\" \/>\n<meta property=\"og:site_name\" content=\"Produncan\" \/>\n<meta property=\"article:publisher\" content=\"https:\/\/web.facebook.com\/produncanland\" \/>\n<meta property=\"article:modified_time\" content=\"2026-03-12T16:02:09+00:00\" \/>\n<meta property=\"og:image\" content=\"https:\/\/produncan.cl\/wp-content\/uploads\/2025\/09\/Campo-Bautista-vendido.webp\" \/>\n\t<meta property=\"og:image:width\" content=\"600\" \/>\n\t<meta property=\"og:image:height\" content=\"450\" \/>\n\t<meta property=\"og:image:type\" content=\"image\/webp\" \/>\n<meta name=\"twitter:card\" content=\"summary_large_image\" \/>\n<meta name=\"twitter:label1\" content=\"Price\" \/>\n\t<meta name=\"twitter:data1\" content=\"\" \/>\n\t<meta name=\"twitter:label2\" content=\"Availability\" \/>\n\t<meta name=\"twitter:data2\" content=\"Out of stock\" \/>\n<script type=\"application\/ld+json\" class=\"yoast-schema-graph\">{\"@context\":\"https:\\\/\\\/schema.org\",\"@graph\":[{\"@type\":\"WebPage\",\"@id\":\"https:\\\/\\\/produncan.cl\\\/fr\\\/produit\\\/champ-a-estakilla-bautista-la-region-des-lacs\\\/\",\"url\":\"https:\\\/\\\/produncan.cl\\\/fr\\\/produit\\\/champ-a-estakilla-bautista-la-region-des-lacs\\\/\",\"name\":\"Champ \u00e0 Estakilla, Bautista - La r\u00e9gion des lacs - Produncan\",\"isPartOf\":{\"@id\":\"https:\\\/\\\/produncan.cl\\\/fr\\\/#website\"},\"primaryImageOfPage\":{\"@id\":\"https:\\\/\\\/produncan.cl\\\/fr\\\/produit\\\/champ-a-estakilla-bautista-la-region-des-lacs\\\/#primaryimage\"},\"image\":{\"@id\":\"https:\\\/\\\/produncan.cl\\\/fr\\\/produit\\\/champ-a-estakilla-bautista-la-region-des-lacs\\\/#primaryimage\"},\"thumbnailUrl\":\"https:\\\/\\\/produncan.cl\\\/wp-content\\\/uploads\\\/2025\\\/09\\\/Campo-Bautista-vendido.webp\",\"datePublished\":\"2025-09-16T16:21:07+00:00\",\"dateModified\":\"2026-03-12T16:02:09+00:00\",\"description\":\"Terrain \u00e0 Estakilla de 60 hectares adjacent \u00e0 la route publique. 30 % de prairies et 70 % de plantes indig\u00e8nes, topographie plane et pente molle, entour\u00e9e de tapis et vue sur la mer. Il a de l'\u00e9lectricit\u00e9, de l'eau de rivi\u00e8re et pas de construction.\",\"breadcrumb\":{\"@id\":\"https:\\\/\\\/produncan.cl\\\/fr\\\/produit\\\/champ-a-estakilla-bautista-la-region-des-lacs\\\/#breadcrumb\"},\"inLanguage\":\"fr-FR\",\"potentialAction\":[{\"@type\":\"ReadAction\",\"target\":[\"https:\\\/\\\/produncan.cl\\\/fr\\\/produit\\\/champ-a-estakilla-bautista-la-region-des-lacs\\\/\"]}]},{\"@type\":\"ImageObject\",\"inLanguage\":\"fr-FR\",\"@id\":\"https:\\\/\\\/produncan.cl\\\/fr\\\/produit\\\/champ-a-estakilla-bautista-la-region-des-lacs\\\/#primaryimage\",\"url\":\"https:\\\/\\\/produncan.cl\\\/wp-content\\\/uploads\\\/2025\\\/09\\\/Campo-Bautista-vendido.webp\",\"contentUrl\":\"https:\\\/\\\/produncan.cl\\\/wp-content\\\/uploads\\\/2025\\\/09\\\/Campo-Bautista-vendido.webp\",\"width\":600,\"height\":450,\"caption\":\"Campo Bautista vendido\"},{\"@type\":\"BreadcrumbList\",\"@id\":\"https:\\\/\\\/produncan.cl\\\/fr\\\/produit\\\/champ-a-estakilla-bautista-la-region-des-lacs\\\/#breadcrumb\",\"itemListElement\":[{\"@type\":\"ListItem\",\"position\":1,\"name\":\"Inicio\",\"item\":\"https:\\\/\\\/produncan.cl\\\/fr\\\/\"},{\"@type\":\"ListItem\",\"position\":2,\"name\":\"Propri\u00e9t\u00e9s\",\"item\":\"https:\\\/\\\/produncan.cl\\\/propiedades\\\/\"},{\"@type\":\"ListItem\",\"position\":3,\"name\":\"Champs\",\"item\":\"https:\\\/\\\/produncan.cl\\\/fr\\\/cat&eacute;gorie\\\/champs\\\/\"},{\"@type\":\"ListItem\",\"position\":4,\"name\":\"Champ \u00e0 Estakilla, Bautista &#8211; La r\u00e9gion des lacs\"}]},{\"@type\":\"WebSite\",\"@id\":\"https:\\\/\\\/produncan.cl\\\/fr\\\/#website\",\"url\":\"https:\\\/\\\/produncan.cl\\\/fr\\\/\",\"name\":\"Produncan\",\"description\":\"Nous vous accompagnons dans votre projet de vie !\",\"publisher\":{\"@id\":\"https:\\\/\\\/produncan.cl\\\/fr\\\/#organization\"},\"potentialAction\":[{\"@type\":\"SearchAction\",\"target\":{\"@type\":\"EntryPoint\",\"urlTemplate\":\"https:\\\/\\\/produncan.cl\\\/fr\\\/?s={search_term_string}\"},\"query-input\":{\"@type\":\"PropertyValueSpecification\",\"valueRequired\":true,\"valueName\":\"search_term_string\"}}],\"inLanguage\":\"fr-FR\"},{\"@type\":\"Organization\",\"@id\":\"https:\\\/\\\/produncan.cl\\\/fr\\\/#organization\",\"name\":\"Produncan\",\"url\":\"https:\\\/\\\/produncan.cl\\\/fr\\\/\",\"logo\":{\"@type\":\"ImageObject\",\"inLanguage\":\"fr-FR\",\"@id\":\"https:\\\/\\\/produncan.cl\\\/fr\\\/#\\\/schema\\\/logo\\\/image\\\/\",\"url\":\"https:\\\/\\\/produncan.cl\\\/wp-content\\\/uploads\\\/2021\\\/03\\\/LOGO.jpeg\",\"contentUrl\":\"https:\\\/\\\/produncan.cl\\\/wp-content\\\/uploads\\\/2021\\\/03\\\/LOGO.jpeg\",\"width\":1280,\"height\":903,\"caption\":\"Produncan\"},\"image\":{\"@id\":\"https:\\\/\\\/produncan.cl\\\/fr\\\/#\\\/schema\\\/logo\\\/image\\\/\"},\"sameAs\":[\"https:\\\/\\\/web.facebook.com\\\/produncanland\",\"https:\\\/\\\/www.instagram.com\\\/pro_duncan\\\/\",\"https:\\\/\\\/www.linkedin.com\\\/company\\\/produncan-lands\\\/\",\"https:\\\/\\\/www.youtube.com\\\/channel\\\/UCu7N-f3x0svkazD-Eew1-QQ\"],\"description\":\"En Produncan somos especialistas en la venta de terrenos en el sur de Chile. Proveemos estancias, campos, parcelas y hoteles.\",\"email\":\"info@produncan.cl\"}]}<\/script>\n<meta property=\"og:video\" content=\"https:\/\/www.youtube.com\/embed\/KiQp3Q588qs\" \/>\n<meta property=\"og:video:type\" content=\"text\/html\" \/>\n<meta property=\"og:video:duration\" content=\"94\" \/>\n<meta property=\"og:video:width\" content=\"480\" \/>\n<meta property=\"og:video:height\" content=\"270\" \/>\n<meta property=\"ya:ovs:adult\" content=\"false\" \/>\n<meta property=\"ya:ovs:upload_date\" content=\"2025-09-16T16:21:07+00:00\" \/>\n<meta property=\"ya:ovs:allow_embed\" content=\"true\" \/>\n<meta property=\"product:price:currency\" content=\"USD\" \/>\n<meta property=\"og:availability\" content=\"out of stock\" \/>\n<meta property=\"product:availability\" content=\"out of stock\" \/>\n<meta property=\"product:condition\" content=\"new\" \/>\n<!-- \/ Yoast SEO Premium plugin. -->","yoast_head_json":{"title":"Champ \u00e0 Estakilla, Bautista - La r\u00e9gion des lacs - Produncan","description":"Terrain \u00e0 Estakilla de 60 hectares adjacent \u00e0 la route publique. 30 % de prairies et 70 % de plantes indig\u00e8nes, topographie plane et pente molle, entour\u00e9e de tapis et vue sur la mer. Il a de l'\u00e9lectricit\u00e9, de l'eau de rivi\u00e8re et pas de construction.","robots":{"index":"index","follow":"follow","max-snippet":"max-snippet:-1","max-image-preview":"max-image-preview:large","max-video-preview":"max-video-preview:-1"},"canonical":"https:\/\/produncan.cl\/fr\/produit\/champ-a-estakilla-bautista-la-region-des-lacs\/","og_locale":"fr_FR","og_type":"article","og_title":"Champ \u00e0 Estakilla, Bautista - La r\u00e9gion des lacs","og_description":"Terrain \u00e0 Estakilla de 60 hectares adjacent \u00e0 la route publique. 30 % de prairies et 70 % de plantes indig\u00e8nes, topographie plane et pente molle, entour\u00e9e de tapis et vue sur la mer. Il a de l'\u00e9lectricit\u00e9, de l'eau de rivi\u00e8re et pas de construction.","og_url":"https:\/\/produncan.cl\/fr\/produit\/champ-a-estakilla-bautista-la-region-des-lacs\/","og_site_name":"Produncan","article_publisher":"https:\/\/web.facebook.com\/produncanland","article_modified_time":"2026-03-12T16:02:09+00:00","og_image":[{"width":600,"height":450,"url":"https:\/\/produncan.cl\/wp-content\/uploads\/2025\/09\/Campo-Bautista-vendido.webp","type":"image\/webp"}],"twitter_card":"summary_large_image","twitter_misc":{"Price":"","Availability":"Out of stock"},"schema":{"@context":"https:\/\/schema.org","@graph":[{"@type":"WebPage","@id":"https:\/\/produncan.cl\/fr\/produit\/champ-a-estakilla-bautista-la-region-des-lacs\/","url":"https:\/\/produncan.cl\/fr\/produit\/champ-a-estakilla-bautista-la-region-des-lacs\/","name":"Champ \u00e0 Estakilla, Bautista - La r\u00e9gion des lacs - Produncan","isPartOf":{"@id":"https:\/\/produncan.cl\/fr\/#website"},"primaryImageOfPage":{"@id":"https:\/\/produncan.cl\/fr\/produit\/champ-a-estakilla-bautista-la-region-des-lacs\/#primaryimage"},"image":{"@id":"https:\/\/produncan.cl\/fr\/produit\/champ-a-estakilla-bautista-la-region-des-lacs\/#primaryimage"},"thumbnailUrl":"https:\/\/produncan.cl\/wp-content\/uploads\/2025\/09\/Campo-Bautista-vendido.webp","datePublished":"2025-09-16T16:21:07+00:00","dateModified":"2026-03-12T16:02:09+00:00","description":"Terrain \u00e0 Estakilla de 60 hectares adjacent \u00e0 la route publique. 30 % de prairies et 70 % de plantes indig\u00e8nes, topographie plane et pente molle, entour\u00e9e de tapis et vue sur la mer. Il a de l'\u00e9lectricit\u00e9, de l'eau de rivi\u00e8re et pas de construction.","breadcrumb":{"@id":"https:\/\/produncan.cl\/fr\/produit\/champ-a-estakilla-bautista-la-region-des-lacs\/#breadcrumb"},"inLanguage":"fr-FR","potentialAction":[{"@type":"ReadAction","target":["https:\/\/produncan.cl\/fr\/produit\/champ-a-estakilla-bautista-la-region-des-lacs\/"]}]},{"@type":"ImageObject","inLanguage":"fr-FR","@id":"https:\/\/produncan.cl\/fr\/produit\/champ-a-estakilla-bautista-la-region-des-lacs\/#primaryimage","url":"https:\/\/produncan.cl\/wp-content\/uploads\/2025\/09\/Campo-Bautista-vendido.webp","contentUrl":"https:\/\/produncan.cl\/wp-content\/uploads\/2025\/09\/Campo-Bautista-vendido.webp","width":600,"height":450,"caption":"Campo Bautista vendido"},{"@type":"BreadcrumbList","@id":"https:\/\/produncan.cl\/fr\/produit\/champ-a-estakilla-bautista-la-region-des-lacs\/#breadcrumb","itemListElement":[{"@type":"ListItem","position":1,"name":"Inicio","item":"https:\/\/produncan.cl\/fr\/"},{"@type":"ListItem","position":2,"name":"Propri\u00e9t\u00e9s","item":"https:\/\/produncan.cl\/propiedades\/"},{"@type":"ListItem","position":3,"name":"Champs","item":"https:\/\/produncan.cl\/fr\/cat&eacute;gorie\/champs\/"},{"@type":"ListItem","position":4,"name":"Champ \u00e0 Estakilla, Bautista &#8211; La r\u00e9gion des lacs"}]},{"@type":"WebSite","@id":"https:\/\/produncan.cl\/fr\/#website","url":"https:\/\/produncan.cl\/fr\/","name":"Produncan","description":"Nous vous accompagnons dans votre projet de vie !","publisher":{"@id":"https:\/\/produncan.cl\/fr\/#organization"},"potentialAction":[{"@type":"SearchAction","target":{"@type":"EntryPoint","urlTemplate":"https:\/\/produncan.cl\/fr\/?s={search_term_string}"},"query-input":{"@type":"PropertyValueSpecification","valueRequired":true,"valueName":"search_term_string"}}],"inLanguage":"fr-FR"},{"@type":"Organization","@id":"https:\/\/produncan.cl\/fr\/#organization","name":"Produncan","url":"https:\/\/produncan.cl\/fr\/","logo":{"@type":"ImageObject","inLanguage":"fr-FR","@id":"https:\/\/produncan.cl\/fr\/#\/schema\/logo\/image\/","url":"https:\/\/produncan.cl\/wp-content\/uploads\/2021\/03\/LOGO.jpeg","contentUrl":"https:\/\/produncan.cl\/wp-content\/uploads\/2021\/03\/LOGO.jpeg","width":1280,"height":903,"caption":"Produncan"},"image":{"@id":"https:\/\/produncan.cl\/fr\/#\/schema\/logo\/image\/"},"sameAs":["https:\/\/web.facebook.com\/produncanland","https:\/\/www.instagram.com\/pro_duncan\/","https:\/\/www.linkedin.com\/company\/produncan-lands\/","https:\/\/www.youtube.com\/channel\/UCu7N-f3x0svkazD-Eew1-QQ"],"description":"En Produncan somos especialistas en la venta de terrenos en el sur de Chile. Proveemos estancias, campos, parcelas y hoteles.","email":"info@produncan.cl"}]},"og_video":"https:\/\/www.youtube.com\/embed\/KiQp3Q588qs","og_video_type":"text\/html","og_video_duration":"94","og_video_width":"480","og_video_height":"270","ya_ovs_adult":"false","ya_ovs_upload_date":"2025-09-16T16:21:07+00:00","ya_ovs_allow_embed":"true","product_price_currency":"USD","og_availability":"out of stock","product_availability":"out of stock","product_condition":"new"},"_links":{"self":[{"href":"https:\/\/produncan.cl\/fr\/wp-json\/wp\/v2\/product\/50978","targetHints":{"allow":["GET"]}}],"collection":[{"href":"https:\/\/produncan.cl\/fr\/wp-json\/wp\/v2\/product"}],"about":[{"href":"https:\/\/produncan.cl\/fr\/wp-json\/wp\/v2\/types\/product"}],"version-history":[{"count":2,"href":"https:\/\/produncan.cl\/fr\/wp-json\/wp\/v2\/product\/50978\/revisions"}],"predecessor-version":[{"id":54354,"href":"https:\/\/produncan.cl\/fr\/wp-json\/wp\/v2\/product\/50978\/revisions\/54354"}],"wp:featuredmedia":[{"embeddable":true,"href":"https:\/\/produncan.cl\/fr\/wp-json\/wp\/v2\/media\/54349"}],"wp:attachment":[{"href":"https:\/\/produncan.cl\/fr\/wp-json\/wp\/v2\/media?parent=50978"}],"wp:term":[{"taxonomy":"product_brand","embeddable":true,"href":"https:\/\/produncan.cl\/fr\/wp-json\/wp\/v2\/product_brand?post=50978"},{"taxonomy":"product_cat","embeddable":true,"href":"https:\/\/produncan.cl\/fr\/wp-json\/wp\/v2\/product_cat?post=50978"},{"taxonomy":"product_tag","embeddable":true,"href":"https:\/\/produncan.cl\/fr\/wp-json\/wp\/v2\/product_tag?post=50978"},{"taxonomy":"regiones","embeddable":true,"href":"https:\/\/produncan.cl\/fr\/wp-json\/wp\/v2\/regiones?post=50978"},{"taxonomy":"ciudades","embeddable":true,"href":"https:\/\/produncan.cl\/fr\/wp-json\/wp\/v2\/ciudades?post=50978"}],"curies":[{"name":"wp","href":"https:\/\/api.w.org\/{rel}","templated":true}]}}