{"id":51006,"date":"2025-09-23T14:00:29","date_gmt":"2025-09-23T17:00:29","guid":{"rendered":"https:\/\/produncan.cl\/propiedad\/pays-a-paillaco-ralitran-region-de-los-rios\/"},"modified":"2026-03-12T13:01:25","modified_gmt":"2026-03-12T16:01:25","slug":"pays-a-paillaco-ralitran-region-de-los-rios","status":"publish","type":"product","link":"https:\/\/produncan.cl\/fr\/produit\/pays-a-paillaco-ralitran-region-de-los-rios\/","title":{"rendered":"Pays \u00e0 Paillaco, Ralitran &#8211; R\u00e9gion de Los R\u00edos"},"content":{"rendered":"\t\t<div data-elementor-type=\"product-post\" data-elementor-id=\"51006\" class=\"elementor elementor-51006 elementor-49906\" data-elementor-post-type=\"product\">\n\t\t\t\t<div class=\"elementor-element elementor-element-0d22a59 e-flex e-con-boxed e-con e-parent\" data-id=\"0d22a59\" data-element_type=\"container\" data-e-type=\"container\" data-settings=\"{&quot;jet_parallax_layout_list&quot;:[]}\">\n\t\t\t\t\t<div class=\"e-con-inner\">\n\t\t\t\t<div class=\"elementor-element elementor-element-c1f6793 elementor-widget elementor-widget-heading\" data-id=\"c1f6793\" data-element_type=\"widget\" data-e-type=\"widget\" data-widget_type=\"heading.default\">\n\t\t\t\t\t<h2 class=\"elementor-heading-title elementor-size-default\">Nature et intimit\u00e9 entrelac\u00e9es pour offrir un refuge extraordinaire<\/h2>\t\t\t\t<\/div>\n\t\t\t\t\t<\/div>\n\t\t\t\t<\/div>\n\t\t<div class=\"elementor-element elementor-element-35b2cf2 e-flex e-con-boxed e-con e-parent\" data-id=\"35b2cf2\" data-element_type=\"container\" data-e-type=\"container\" data-settings=\"{&quot;jet_parallax_layout_list&quot;:[]}\">\n\t\t\t\t\t<div class=\"e-con-inner\">\n\t\t\t\t<div class=\"elementor-element elementor-element-5a518ea elementor-widget elementor-widget-text-editor\" data-id=\"5a518ea\" data-element_type=\"widget\" data-e-type=\"widget\" data-widget_type=\"text-editor.default\">\n\t\t\t\t\t\t\t\t\t<p>Au c\u0153ur du sud du Chili, \u00e0 quelques minutes du lac Ranco, se trouve le Campo Ralitran, un endroit unique de 42 hectares o\u00f9 la terre embrasse la tranquillit\u00e9.<\/p>\n<p>Ce champ de Paillaco est un v\u00e9ritable sanctuaire pour ceux qui cherchent la paix, l&#8217;amplitude et la connexion \u00e0 la terre. Sa topographie combine 13 hectares compl\u00e8tement plat et 29 hectares avec des longueurs d&#8217;onde douces en hauteur qui permettent une vue privil\u00e9gi\u00e9e vers le cordon qui entoure le lac Ranco. 85% de sa surface est fertile Dans le nord, il est entour\u00e9 d&#8217;un champ agricole et d&#8217;\u00e9levage, tandis que dans le sud, il est limit\u00e9 par une for\u00eat indig\u00e8ne centenaire avec des esp\u00e8ces telles que la coigue, l&#8217;ulmo, le tineo et le arryan, ce qui donne un contraste parfait entre la production et la conservation.<\/p>\n<p>La terre est polyvalente et fertile : sols adapt\u00e9s \u00e0 l&#8217;agriculture et au b\u00e9tail, avec une histoire de cultures comme le bl\u00e9 et l&#8217;avoine, ainsi que des p\u00e2turages d&#8217;animaux. Ses 781 m\u00e8tres de bord mat, qui coule m\u00eame en \u00e9t\u00e9, assurent une eau constante et un environnement frais et vert tout au long de l&#8217;ann\u00e9e.<\/p>\n<p>La vie \u00e0 Ralitran se caract\u00e9rise par le calme et la d\u00e9connexion de la ville, mais sans perdre l&#8217;accessibilit\u00e9 : \u00e0 seulement 28 km de Futr\u00f3n, \u00e0 26 km de Paillaco et \u00e0 un peu plus d&#8217;une heure de l&#8217;a\u00e9roport de Valdivia, avec un acc\u00e8s en grande partie asphalt\u00e9 et \u00e0 seulement 2,6 km de ripio en excellent \u00e9tat.<\/p>\n<p>Ce champ \u00e0 Paillaco est plus que terrestre : c&#8217;est une toile ouverte pour r\u00eaver. D&#8217;un projet agricole ou d&#8217;\u00e9levage familial \u00e0 une zone de repos, de conservation ou de tourisme rural. Ici, chaque hectare offre des possibilit\u00e9s infinies.<\/p>\n<p>Ralitran champ est la vie priv\u00e9e, la nature et la projection. Un lieu pour ceux qui cherchent \u00e0 investir dans la vie, le paysage et l&#8217;avenir dans l&#8217;un des plus beaux territoires du sud du Chili.<\/p>\n<p>Contactez-nous et planifiez votre visite!<\/p>\n\t\t\t\t\t\t\t\t<\/div>\n\t\t\t\t\t<\/div>\n\t\t\t\t<\/div>\n\t\t\t\t<\/div>\n\t\t","protected":false},"excerpt":{"rendered":"<p>Pays \u00e0 Paillaco, pr\u00e8s du lac Ranco. 85% de prairies fertiles, 13 hectares plats, 29 longueurs d&#8217;onde et en hauteur avec vue sur le cordon. 781 m\u00e8tres d&#8217;acc\u00e8s continu mat et coll\u00e9.<\/p>\n","protected":false},"featured_media":54840,"template":"","meta":{"_acf_changed":false},"product_brand":[],"product_cat":[113],"product_tag":[233],"regiones":[226],"ciudades":[490],"class_list":{"0":"post-51006","1":"product","2":"type-product","3":"status-publish","4":"has-post-thumbnail","6":"product_cat-ohiggins-los-lagos-fr","7":"product_tag-champs","8":"regiones-nuble-los_lagos","9":"ciudades-paillaco","11":"first","12":"outofstock","13":"shipping-taxable","14":"product-type-simple"},"acf":[],"yoast_head":"<!-- This site is optimized with the Yoast SEO Premium plugin v26.0 (Yoast SEO v27.4) - https:\/\/yoast.com\/product\/yoast-seo-premium-wordpress\/ -->\n<title>Pays \u00e0 Paillaco, Ralitran - R\u00e9gion de Los R\u00edos - Produncan<\/title>\n<meta name=\"description\" content=\"Campo Ralitr\u00e1n \u00e0 Paillaco, 42 ha de prairies et de for\u00eats indig\u00e8nes, bord mat, grande accessibilit\u00e9 et vue sur le lac Ranco. Agriculture, \u00e9levage ou tourisme.\" \/>\n<meta name=\"robots\" content=\"index, follow, max-snippet:-1, max-image-preview:large, max-video-preview:-1\" \/>\n<link rel=\"canonical\" href=\"https:\/\/produncan.cl\/fr\/produit\/pays-a-paillaco-ralitran-region-de-los-rios\/\" \/>\n<meta property=\"og:locale\" content=\"fr_FR\" \/>\n<meta property=\"og:type\" content=\"article\" \/>\n<meta property=\"og:title\" content=\"Pays \u00e0 Paillaco, Ralitran - R\u00e9gion de Los R\u00edos\" \/>\n<meta property=\"og:description\" content=\"Campo Ralitr\u00e1n \u00e0 Paillaco, 42 ha de prairies et de for\u00eats indig\u00e8nes, bord mat, grande accessibilit\u00e9 et vue sur le lac Ranco. Id\u00e9al pour l&#039;agriculture, le b\u00e9tail ou le tourisme.\" \/>\n<meta property=\"og:url\" content=\"https:\/\/produncan.cl\/fr\/produit\/pays-a-paillaco-ralitran-region-de-los-rios\/\" \/>\n<meta property=\"og:site_name\" content=\"Produncan\" \/>\n<meta property=\"article:publisher\" content=\"https:\/\/web.facebook.com\/produncanland\" \/>\n<meta property=\"article:modified_time\" content=\"2026-03-12T16:01:25+00:00\" \/>\n<meta property=\"og:image\" content=\"https:\/\/produncan.cl\/wp-content\/uploads\/2025\/09\/Campo-Ralitran-Paillaco.webp\" \/>\n<meta name=\"twitter:card\" content=\"summary_large_image\" \/>\n<meta name=\"twitter:label1\" content=\"Price\" \/>\n\t<meta name=\"twitter:data1\" content=\"\" \/>\n\t<meta name=\"twitter:label2\" content=\"Availability\" \/>\n\t<meta name=\"twitter:data2\" content=\"Out of stock\" \/>\n<script type=\"application\/ld+json\" class=\"yoast-schema-graph\">{\"@context\":\"https:\\\/\\\/schema.org\",\"@graph\":[{\"@type\":\"WebPage\",\"@id\":\"https:\\\/\\\/produncan.cl\\\/fr\\\/produit\\\/pays-a-paillaco-ralitran-region-de-los-rios\\\/\",\"url\":\"https:\\\/\\\/produncan.cl\\\/fr\\\/produit\\\/pays-a-paillaco-ralitran-region-de-los-rios\\\/\",\"name\":\"Pays \u00e0 Paillaco, Ralitran - R\u00e9gion de Los R\u00edos - Produncan\",\"isPartOf\":{\"@id\":\"https:\\\/\\\/produncan.cl\\\/fr\\\/#website\"},\"primaryImageOfPage\":{\"@id\":\"https:\\\/\\\/produncan.cl\\\/fr\\\/produit\\\/pays-a-paillaco-ralitran-region-de-los-rios\\\/#primaryimage\"},\"image\":{\"@id\":\"https:\\\/\\\/produncan.cl\\\/fr\\\/produit\\\/pays-a-paillaco-ralitran-region-de-los-rios\\\/#primaryimage\"},\"thumbnailUrl\":\"https:\\\/\\\/produncan.cl\\\/wp-content\\\/uploads\\\/2025\\\/09\\\/Ralitran-vendido.webp\",\"datePublished\":\"2025-09-23T17:00:29+00:00\",\"dateModified\":\"2026-03-12T16:01:25+00:00\",\"description\":\"Campo Ralitr\u00e1n \u00e0 Paillaco, 42 ha de prairies et de for\u00eats indig\u00e8nes, bord mat, grande accessibilit\u00e9 et vue sur le lac Ranco. Agriculture, \u00e9levage ou tourisme.\",\"breadcrumb\":{\"@id\":\"https:\\\/\\\/produncan.cl\\\/fr\\\/produit\\\/pays-a-paillaco-ralitran-region-de-los-rios\\\/#breadcrumb\"},\"inLanguage\":\"fr-FR\",\"potentialAction\":[{\"@type\":\"ReadAction\",\"target\":[\"https:\\\/\\\/produncan.cl\\\/fr\\\/produit\\\/pays-a-paillaco-ralitran-region-de-los-rios\\\/\"]}]},{\"@type\":\"ImageObject\",\"inLanguage\":\"fr-FR\",\"@id\":\"https:\\\/\\\/produncan.cl\\\/fr\\\/produit\\\/pays-a-paillaco-ralitran-region-de-los-rios\\\/#primaryimage\",\"url\":\"https:\\\/\\\/produncan.cl\\\/wp-content\\\/uploads\\\/2025\\\/09\\\/Ralitran-vendido.webp\",\"contentUrl\":\"https:\\\/\\\/produncan.cl\\\/wp-content\\\/uploads\\\/2025\\\/09\\\/Ralitran-vendido.webp\",\"width\":600,\"height\":450,\"caption\":\"Ralitran vendido\"},{\"@type\":\"BreadcrumbList\",\"@id\":\"https:\\\/\\\/produncan.cl\\\/fr\\\/produit\\\/pays-a-paillaco-ralitran-region-de-los-rios\\\/#breadcrumb\",\"itemListElement\":[{\"@type\":\"ListItem\",\"position\":1,\"name\":\"Inicio\",\"item\":\"https:\\\/\\\/produncan.cl\\\/fr\\\/\"},{\"@type\":\"ListItem\",\"position\":2,\"name\":\"Propri\u00e9t\u00e9s\",\"item\":\"https:\\\/\\\/produncan.cl\\\/propiedades\\\/\"},{\"@type\":\"ListItem\",\"position\":3,\"name\":\"Champs\",\"item\":\"https:\\\/\\\/produncan.cl\\\/fr\\\/cat&eacute;gorie\\\/champs\\\/\"},{\"@type\":\"ListItem\",\"position\":4,\"name\":\"Pays \u00e0 Paillaco, Ralitran &#8211; R\u00e9gion de Los R\u00edos\"}]},{\"@type\":\"WebSite\",\"@id\":\"https:\\\/\\\/produncan.cl\\\/fr\\\/#website\",\"url\":\"https:\\\/\\\/produncan.cl\\\/fr\\\/\",\"name\":\"Produncan\",\"description\":\"Nous vous accompagnons dans votre projet de vie !\",\"publisher\":{\"@id\":\"https:\\\/\\\/produncan.cl\\\/fr\\\/#organization\"},\"potentialAction\":[{\"@type\":\"SearchAction\",\"target\":{\"@type\":\"EntryPoint\",\"urlTemplate\":\"https:\\\/\\\/produncan.cl\\\/fr\\\/?s={search_term_string}\"},\"query-input\":{\"@type\":\"PropertyValueSpecification\",\"valueRequired\":true,\"valueName\":\"search_term_string\"}}],\"inLanguage\":\"fr-FR\"},{\"@type\":\"Organization\",\"@id\":\"https:\\\/\\\/produncan.cl\\\/fr\\\/#organization\",\"name\":\"Produncan\",\"url\":\"https:\\\/\\\/produncan.cl\\\/fr\\\/\",\"logo\":{\"@type\":\"ImageObject\",\"inLanguage\":\"fr-FR\",\"@id\":\"https:\\\/\\\/produncan.cl\\\/fr\\\/#\\\/schema\\\/logo\\\/image\\\/\",\"url\":\"https:\\\/\\\/produncan.cl\\\/wp-content\\\/uploads\\\/2021\\\/03\\\/LOGO.jpeg\",\"contentUrl\":\"https:\\\/\\\/produncan.cl\\\/wp-content\\\/uploads\\\/2021\\\/03\\\/LOGO.jpeg\",\"width\":1280,\"height\":903,\"caption\":\"Produncan\"},\"image\":{\"@id\":\"https:\\\/\\\/produncan.cl\\\/fr\\\/#\\\/schema\\\/logo\\\/image\\\/\"},\"sameAs\":[\"https:\\\/\\\/web.facebook.com\\\/produncanland\",\"https:\\\/\\\/www.instagram.com\\\/pro_duncan\\\/\",\"https:\\\/\\\/www.linkedin.com\\\/company\\\/produncan-lands\\\/\",\"https:\\\/\\\/www.youtube.com\\\/channel\\\/UCu7N-f3x0svkazD-Eew1-QQ\"],\"description\":\"En Produncan somos especialistas en la venta de terrenos en el sur de Chile. Proveemos estancias, campos, parcelas y hoteles.\",\"email\":\"info@produncan.cl\"}]}<\/script>\n<meta property=\"og:video\" content=\"https:\/\/www.youtube.com\/embed\/Hq1rLeN12t0\" \/>\n<meta property=\"og:video:type\" content=\"text\/html\" \/>\n<meta property=\"og:video:duration\" content=\"85\" \/>\n<meta property=\"og:video:width\" content=\"480\" \/>\n<meta property=\"og:video:height\" content=\"270\" \/>\n<meta property=\"ya:ovs:adult\" content=\"false\" \/>\n<meta property=\"ya:ovs:upload_date\" content=\"2025-09-23T17:00:29+00:00\" \/>\n<meta property=\"ya:ovs:allow_embed\" content=\"true\" \/>\n<meta property=\"product:price:currency\" content=\"USD\" \/>\n<meta property=\"og:availability\" content=\"out of stock\" \/>\n<meta property=\"product:availability\" content=\"out of stock\" \/>\n<meta property=\"product:condition\" content=\"new\" \/>\n<!-- \/ Yoast SEO Premium plugin. -->","yoast_head_json":{"title":"Pays \u00e0 Paillaco, Ralitran - R\u00e9gion de Los R\u00edos - Produncan","description":"Campo Ralitr\u00e1n \u00e0 Paillaco, 42 ha de prairies et de for\u00eats indig\u00e8nes, bord mat, grande accessibilit\u00e9 et vue sur le lac Ranco. Agriculture, \u00e9levage ou tourisme.","robots":{"index":"index","follow":"follow","max-snippet":"max-snippet:-1","max-image-preview":"max-image-preview:large","max-video-preview":"max-video-preview:-1"},"canonical":"https:\/\/produncan.cl\/fr\/produit\/pays-a-paillaco-ralitran-region-de-los-rios\/","og_locale":"fr_FR","og_type":"article","og_title":"Pays \u00e0 Paillaco, Ralitran - R\u00e9gion de Los R\u00edos","og_description":"Campo Ralitr\u00e1n \u00e0 Paillaco, 42 ha de prairies et de for\u00eats indig\u00e8nes, bord mat, grande accessibilit\u00e9 et vue sur le lac Ranco. Id\u00e9al pour l'agriculture, le b\u00e9tail ou le tourisme.","og_url":"https:\/\/produncan.cl\/fr\/produit\/pays-a-paillaco-ralitran-region-de-los-rios\/","og_site_name":"Produncan","article_publisher":"https:\/\/web.facebook.com\/produncanland","article_modified_time":"2026-03-12T16:01:25+00:00","og_image":[{"url":"https:\/\/produncan.cl\/wp-content\/uploads\/2025\/09\/Campo-Ralitran-Paillaco.webp","type":"","width":"","height":""}],"twitter_card":"summary_large_image","twitter_misc":{"Price":"","Availability":"Out of stock"},"schema":{"@context":"https:\/\/schema.org","@graph":[{"@type":"WebPage","@id":"https:\/\/produncan.cl\/fr\/produit\/pays-a-paillaco-ralitran-region-de-los-rios\/","url":"https:\/\/produncan.cl\/fr\/produit\/pays-a-paillaco-ralitran-region-de-los-rios\/","name":"Pays \u00e0 Paillaco, Ralitran - R\u00e9gion de Los R\u00edos - Produncan","isPartOf":{"@id":"https:\/\/produncan.cl\/fr\/#website"},"primaryImageOfPage":{"@id":"https:\/\/produncan.cl\/fr\/produit\/pays-a-paillaco-ralitran-region-de-los-rios\/#primaryimage"},"image":{"@id":"https:\/\/produncan.cl\/fr\/produit\/pays-a-paillaco-ralitran-region-de-los-rios\/#primaryimage"},"thumbnailUrl":"https:\/\/produncan.cl\/wp-content\/uploads\/2025\/09\/Ralitran-vendido.webp","datePublished":"2025-09-23T17:00:29+00:00","dateModified":"2026-03-12T16:01:25+00:00","description":"Campo Ralitr\u00e1n \u00e0 Paillaco, 42 ha de prairies et de for\u00eats indig\u00e8nes, bord mat, grande accessibilit\u00e9 et vue sur le lac Ranco. Agriculture, \u00e9levage ou tourisme.","breadcrumb":{"@id":"https:\/\/produncan.cl\/fr\/produit\/pays-a-paillaco-ralitran-region-de-los-rios\/#breadcrumb"},"inLanguage":"fr-FR","potentialAction":[{"@type":"ReadAction","target":["https:\/\/produncan.cl\/fr\/produit\/pays-a-paillaco-ralitran-region-de-los-rios\/"]}]},{"@type":"ImageObject","inLanguage":"fr-FR","@id":"https:\/\/produncan.cl\/fr\/produit\/pays-a-paillaco-ralitran-region-de-los-rios\/#primaryimage","url":"https:\/\/produncan.cl\/wp-content\/uploads\/2025\/09\/Ralitran-vendido.webp","contentUrl":"https:\/\/produncan.cl\/wp-content\/uploads\/2025\/09\/Ralitran-vendido.webp","width":600,"height":450,"caption":"Ralitran vendido"},{"@type":"BreadcrumbList","@id":"https:\/\/produncan.cl\/fr\/produit\/pays-a-paillaco-ralitran-region-de-los-rios\/#breadcrumb","itemListElement":[{"@type":"ListItem","position":1,"name":"Inicio","item":"https:\/\/produncan.cl\/fr\/"},{"@type":"ListItem","position":2,"name":"Propri\u00e9t\u00e9s","item":"https:\/\/produncan.cl\/propiedades\/"},{"@type":"ListItem","position":3,"name":"Champs","item":"https:\/\/produncan.cl\/fr\/cat&eacute;gorie\/champs\/"},{"@type":"ListItem","position":4,"name":"Pays \u00e0 Paillaco, Ralitran &#8211; R\u00e9gion de Los R\u00edos"}]},{"@type":"WebSite","@id":"https:\/\/produncan.cl\/fr\/#website","url":"https:\/\/produncan.cl\/fr\/","name":"Produncan","description":"Nous vous accompagnons dans votre projet de vie !","publisher":{"@id":"https:\/\/produncan.cl\/fr\/#organization"},"potentialAction":[{"@type":"SearchAction","target":{"@type":"EntryPoint","urlTemplate":"https:\/\/produncan.cl\/fr\/?s={search_term_string}"},"query-input":{"@type":"PropertyValueSpecification","valueRequired":true,"valueName":"search_term_string"}}],"inLanguage":"fr-FR"},{"@type":"Organization","@id":"https:\/\/produncan.cl\/fr\/#organization","name":"Produncan","url":"https:\/\/produncan.cl\/fr\/","logo":{"@type":"ImageObject","inLanguage":"fr-FR","@id":"https:\/\/produncan.cl\/fr\/#\/schema\/logo\/image\/","url":"https:\/\/produncan.cl\/wp-content\/uploads\/2021\/03\/LOGO.jpeg","contentUrl":"https:\/\/produncan.cl\/wp-content\/uploads\/2021\/03\/LOGO.jpeg","width":1280,"height":903,"caption":"Produncan"},"image":{"@id":"https:\/\/produncan.cl\/fr\/#\/schema\/logo\/image\/"},"sameAs":["https:\/\/web.facebook.com\/produncanland","https:\/\/www.instagram.com\/pro_duncan\/","https:\/\/www.linkedin.com\/company\/produncan-lands\/","https:\/\/www.youtube.com\/channel\/UCu7N-f3x0svkazD-Eew1-QQ"],"description":"En Produncan somos especialistas en la venta de terrenos en el sur de Chile. Proveemos estancias, campos, parcelas y hoteles.","email":"info@produncan.cl"}]},"og_video":"https:\/\/www.youtube.com\/embed\/Hq1rLeN12t0","og_video_type":"text\/html","og_video_duration":"85","og_video_width":"480","og_video_height":"270","ya_ovs_adult":"false","ya_ovs_upload_date":"2025-09-23T17:00:29+00:00","ya_ovs_allow_embed":"true","product_price_currency":"USD","og_availability":"out of stock","product_availability":"out of stock","product_condition":"new"},"_links":{"self":[{"href":"https:\/\/produncan.cl\/fr\/wp-json\/wp\/v2\/product\/51006","targetHints":{"allow":["GET"]}}],"collection":[{"href":"https:\/\/produncan.cl\/fr\/wp-json\/wp\/v2\/product"}],"about":[{"href":"https:\/\/produncan.cl\/fr\/wp-json\/wp\/v2\/types\/product"}],"version-history":[{"count":2,"href":"https:\/\/produncan.cl\/fr\/wp-json\/wp\/v2\/product\/51006\/revisions"}],"predecessor-version":[{"id":54844,"href":"https:\/\/produncan.cl\/fr\/wp-json\/wp\/v2\/product\/51006\/revisions\/54844"}],"wp:featuredmedia":[{"embeddable":true,"href":"https:\/\/produncan.cl\/fr\/wp-json\/wp\/v2\/media\/54840"}],"wp:attachment":[{"href":"https:\/\/produncan.cl\/fr\/wp-json\/wp\/v2\/media?parent=51006"}],"wp:term":[{"taxonomy":"product_brand","embeddable":true,"href":"https:\/\/produncan.cl\/fr\/wp-json\/wp\/v2\/product_brand?post=51006"},{"taxonomy":"product_cat","embeddable":true,"href":"https:\/\/produncan.cl\/fr\/wp-json\/wp\/v2\/product_cat?post=51006"},{"taxonomy":"product_tag","embeddable":true,"href":"https:\/\/produncan.cl\/fr\/wp-json\/wp\/v2\/product_tag?post=51006"},{"taxonomy":"regiones","embeddable":true,"href":"https:\/\/produncan.cl\/fr\/wp-json\/wp\/v2\/regiones?post=51006"},{"taxonomy":"ciudades","embeddable":true,"href":"https:\/\/produncan.cl\/fr\/wp-json\/wp\/v2\/ciudades?post=51006"}],"curies":[{"name":"wp","href":"https:\/\/api.w.org\/{rel}","templated":true}]}}