{"id":51294,"date":"2025-10-16T13:44:31","date_gmt":"2025-10-16T16:44:31","guid":{"rendered":"https:\/\/produncan.cl\/propiedad\/terrain-a-bethleem-caichaca-putre-arica-et-parinacota\/"},"modified":"2025-12-26T17:18:45","modified_gmt":"2025-12-26T20:18:45","slug":"terrain-a-bethleem-caichaca-putre-arica-et-parinacota","status":"publish","type":"product","link":"https:\/\/produncan.cl\/fr\/produit\/terrain-a-bethleem-caichaca-putre-arica-et-parinacota\/","title":{"rendered":"Terrain \u00e0 Bethl\u00e9em, Caichaca &#8211; Putre, Arica et Parinacota"},"content":{"rendered":"\t\t<div data-elementor-type=\"product-post\" data-elementor-id=\"51294\" class=\"elementor elementor-51294 elementor-51230\" data-elementor-post-type=\"product\">\n\t\t\t\t<div class=\"elementor-element elementor-element-3055395 e-flex e-con-boxed e-con e-parent\" data-id=\"3055395\" data-element_type=\"container\" data-e-type=\"container\" data-settings=\"{&quot;jet_parallax_layout_list&quot;:[]}\">\n\t\t\t\t\t<div class=\"e-con-inner\">\n\t\t\t\t<div class=\"elementor-element elementor-element-a2aa92a elementor-widget elementor-widget-heading\" data-id=\"a2aa92a\" data-element_type=\"widget\" data-e-type=\"widget\" data-widget_type=\"heading.default\">\n\t\t\t\t\t<h2 class=\"elementor-heading-title elementor-size-default\">Parcelle Agricola- Patrimonial dans le village de Bethl\u00e9em, l'altiplano chilien<\/h2>\t\t\t\t<\/div>\n\t\t\t\t\t<\/div>\n\t\t\t\t<\/div>\n\t\t<div class=\"elementor-element elementor-element-923a710 e-flex e-con-boxed e-con e-parent\" data-id=\"923a710\" data-element_type=\"container\" data-e-type=\"container\" data-settings=\"{&quot;jet_parallax_layout_list&quot;:[]}\">\n\t\t\t\t\t<div class=\"e-con-inner\">\n\t\t\t\t<div class=\"elementor-element elementor-element-0bf36e0 elementor-widget elementor-widget-text-editor\" data-id=\"0bf36e0\" data-element_type=\"widget\" data-e-type=\"widget\" data-widget_type=\"text-editor.default\">\n\t\t\t\t\t\t\t\t\t<p>Situ\u00e9 dans l&#8217;un des villages les plus embl\u00e9matiques de l&#8217;altiplano chilien, ce terrain agricole de 2,04 hectares offre une opportunit\u00e9 unique \u00e0 ceux qui cherchent \u00e0 investir dans un environnement de haute valeur patrimoniale, culturelle et naturelle.<\/p>\n\t\t\t\t\t\t\t\t<\/div>\n\t\t\t\t\t<\/div>\n\t\t\t\t<\/div>\n\t\t<div class=\"elementor-element elementor-element-d5dc098 e-flex e-con-boxed e-con e-parent\" data-id=\"d5dc098\" data-element_type=\"container\" data-e-type=\"container\" data-settings=\"{&quot;jet_parallax_layout_list&quot;:[]}\">\n\t\t\t\t\t<div class=\"e-con-inner\">\n\t\t\t\t<div class=\"elementor-element elementor-element-4f72f4f elementor-widget elementor-widget-heading\" data-id=\"4f72f4f\" data-element_type=\"widget\" data-e-type=\"widget\" data-widget_type=\"heading.default\">\n\t\t\t\t\t<h3 class=\"elementor-heading-title elementor-size-default\">Environnement et patrimoine<\/h3>\t\t\t\t<\/div>\n\t\t\t\t\t<\/div>\n\t\t\t\t<\/div>\n\t\t<div class=\"elementor-element elementor-element-8316d2f e-flex e-con-boxed e-con e-parent\" data-id=\"8316d2f\" data-element_type=\"container\" data-e-type=\"container\" data-settings=\"{&quot;jet_parallax_layout_list&quot;:[]}\">\n\t\t\t\t\t<div class=\"e-con-inner\">\n\t\t\t\t<div class=\"elementor-element elementor-element-08956d0 elementor-widget elementor-widget-text-editor\" data-id=\"08956d0\" data-element_type=\"widget\" data-e-type=\"widget\" data-widget_type=\"text-editor.default\">\n\t\t\t\t\t\t\t\t\t<p>Le terrain est situ\u00e9 \u00e0 Bethl\u00e9em, une petite maison pr\u00e9-cordillerano situ\u00e9e \u00e0 3 270 m\u00e8tres d&#8217;altitude, \u00e0 70 km de Putre et \u00e0 144 km d&#8217;Arica. Reconnu pour son architecture coloniale dans l&#8217;adobe et sa disposition traditionnelle, Bethl\u00e9em a \u00e9t\u00e9 d\u00e9clar\u00e9 Monument National pour sa richesse culturelle et sa beaut\u00e9 paysag\u00e8re.<br \/>Parmi ses principales attractions figurent l&#8217;\u00e9glise de Saint Jacques l&#8217;Ap\u00f4tre, l&#8217;\u00e9glise de la Vierge de la Candelaria et le Pucar\u00e1 de Bethl\u00e9em, en plus de sa proximit\u00e9 avec le parc national de Lauca, la r\u00e9serve nationale de Las Vicinas et le monument naturel de Quebrada de Cardones.<\/p>\n<p>Les gens c\u00e9l\u00e8brent chaque 25 juillet leurs vacances les plus importantes en l&#8217;honneur de San Santiago, patron local, \u00e0 cette occasion toute la communaut\u00e9 se r\u00e9unit autour des traditions ancestrales, de la musique et des danses altiplaniques.<\/p>\n\t\t\t\t\t\t\t\t<\/div>\n\t\t\t\t\t<\/div>\n\t\t\t\t<\/div>\n\t\t<div class=\"elementor-element elementor-element-cfbcd14 e-flex e-con-boxed e-con e-parent\" data-id=\"cfbcd14\" data-element_type=\"container\" data-e-type=\"container\" data-settings=\"{&quot;jet_parallax_layout_list&quot;:[]}\">\n\t\t\t\t\t<div class=\"e-con-inner\">\n\t\t\t\t<div class=\"elementor-element elementor-element-2beb4d6 elementor-widget elementor-widget-heading\" data-id=\"2beb4d6\" data-element_type=\"widget\" data-e-type=\"widget\" data-widget_type=\"heading.default\">\n\t\t\t\t\t<h3 class=\"elementor-heading-title elementor-size-default\">Caract\u00e9ristiques du champ<\/h3>\t\t\t\t<\/div>\n\t\t\t\t\t<\/div>\n\t\t\t\t<\/div>\n\t\t<div class=\"elementor-element elementor-element-80ed30e e-flex e-con-boxed e-con e-parent\" data-id=\"80ed30e\" data-element_type=\"container\" data-e-type=\"container\" data-settings=\"{&quot;jet_parallax_layout_list&quot;:[]}\">\n\t\t\t\t\t<div class=\"e-con-inner\">\n\t\t\t\t<div class=\"elementor-element elementor-element-1676649 elementor-widget elementor-widget-text-editor\" data-id=\"1676649\" data-element_type=\"widget\" data-e-type=\"widget\" data-widget_type=\"text-editor.default\">\n\t\t\t\t\t\t\t\t\t<ul>\n<li>Superficie totale : 2,04 hectares<\/li>\n<li>R\u00f4le propre: 4310-44<\/li>\n<li>Utilisation et type de sol:<\/li>\n<li>Lieu: Dans le parc national de Lauca (l&#8217;une des rares propri\u00e9t\u00e9s priv\u00e9es du parc)<\/li>\n<li>Topographie: Irr\u00e9guli\u00e8re, avec terrasses naturelles<\/li>\n<li>Exposition solaire : C\u00f4t\u00e9 est, tr\u00e8s ensoleill\u00e9<\/li>\n<li>Distance jusqu&#8217;\u00e0 l&#8217;asphalte : 100 m\u00e8tres<\/li>\n<li>Acc\u00e8s : N\u00e9cessite une gestion de la servitude<\/li>\n<li>Fermeture p\u00e9rim\u00e9tral: Pires et thons<\/li>\n<li>Adresse d&#8217;acc\u00e8s: Num\u00e9ro<\/li>\n<\/ul>\n\t\t\t\t\t\t\t\t<\/div>\n\t\t\t\t\t<\/div>\n\t\t\t\t<\/div>\n\t\t<div class=\"elementor-element elementor-element-f4aad5c e-flex e-con-boxed e-con e-parent\" data-id=\"f4aad5c\" data-element_type=\"container\" data-e-type=\"container\" data-settings=\"{&quot;jet_parallax_layout_list&quot;:[]}\">\n\t\t\t\t\t<div class=\"e-con-inner\">\n\t\t\t\t<div class=\"elementor-element elementor-element-662ee8f elementor-widget elementor-widget-heading\" data-id=\"662ee8f\" data-element_type=\"widget\" data-e-type=\"widget\" data-widget_type=\"heading.default\">\n\t\t\t\t\t<h3 class=\"elementor-heading-title elementor-size-default\">Ressources naturelles<\/h3>\t\t\t\t<\/div>\n\t\t\t\t\t<\/div>\n\t\t\t\t<\/div>\n\t\t<div class=\"elementor-element elementor-element-52269bd e-flex e-con-boxed e-con e-parent\" data-id=\"52269bd\" data-element_type=\"container\" data-e-type=\"container\" data-settings=\"{&quot;jet_parallax_layout_list&quot;:[]}\">\n\t\t\t\t\t<div class=\"e-con-inner\">\n\t\t\t\t<div class=\"elementor-element elementor-element-2afcb18 elementor-widget elementor-widget-text-editor\" data-id=\"2afcb18\" data-element_type=\"widget\" data-e-type=\"widget\" data-widget_type=\"text-editor.default\">\n\t\t\t\t\t\t\t\t\t<ul>\n<li>Droits \u00e0 l&#8217;eau: 1 392 actions de d\u00e9veloppement (232 heures\/mois)<\/li>\n<li>Anneau d&#8217;eau: 250 m\u00e8tres le long du canal de Misa\u00f1a<\/li>\n<li>V\u00e9g\u00e9tation: Altoandine buissons et pajonal &#8211; tola, chachacoma, festuca, paille de brava, luzerne et origan.<\/li>\n<li>Faune locale: Guanacos, vicnias, renards coupables, vizcachas, pumas, tarucas et condors andins.<\/li>\n<\/ul>\n\t\t\t\t\t\t\t\t<\/div>\n\t\t\t\t\t<\/div>\n\t\t\t\t<\/div>\n\t\t<div class=\"elementor-element elementor-element-e7ac0e7 e-flex e-con-boxed e-con e-parent\" data-id=\"e7ac0e7\" data-element_type=\"container\" data-e-type=\"container\" data-settings=\"{&quot;jet_parallax_layout_list&quot;:[]}\">\n\t\t\t\t\t<div class=\"e-con-inner\">\n\t\t\t\t<div class=\"elementor-element elementor-element-9536a93 elementor-widget elementor-widget-heading\" data-id=\"9536a93\" data-element_type=\"widget\" data-e-type=\"widget\" data-widget_type=\"heading.default\">\n\t\t\t\t\t<h3 class=\"elementor-heading-title elementor-size-default\">Environnement et accessibilit\u00e9<\/h3>\t\t\t\t<\/div>\n\t\t\t\t\t<\/div>\n\t\t\t\t<\/div>\n\t\t<div class=\"elementor-element elementor-element-a34b988 e-flex e-con-boxed e-con e-parent\" data-id=\"a34b988\" data-element_type=\"container\" data-e-type=\"container\" data-settings=\"{&quot;jet_parallax_layout_list&quot;:[]}\">\n\t\t\t\t\t<div class=\"e-con-inner\">\n\t\t\t\t<div class=\"elementor-element elementor-element-9a6e65d elementor-widget elementor-widget-text-editor\" data-id=\"9a6e65d\" data-element_type=\"widget\" data-e-type=\"widget\" data-widget_type=\"text-editor.default\">\n\t\t\t\t\t\t\t\t\t<ul>\n<li>Chemin: Asphalte, en bon \u00e9tat toute l&#8217;ann\u00e9e<\/li>\n<li>Ville la plus proche: Putre (40 km)<\/li>\n<li>A\u00e9roport le plus proche: Arica (2 1\u20442 \u00e0 3 heures de voyage)<\/li>\n<li>Transports publics: Bus La Paloma<\/li>\n<li>Signe de t\u00e9l\u00e9communication: Oui<\/li>\n<\/ul>\n\t\t\t\t\t\t\t\t<\/div>\n\t\t\t\t\t<\/div>\n\t\t\t\t<\/div>\n\t\t<div class=\"elementor-element elementor-element-a21e3bc e-flex e-con-boxed e-con e-parent\" data-id=\"a21e3bc\" data-element_type=\"container\" data-e-type=\"container\" data-settings=\"{&quot;jet_parallax_layout_list&quot;:[]}\">\n\t\t\t\t\t<div class=\"e-con-inner\">\n\t\t\t\t<div class=\"elementor-element elementor-element-91085ea elementor-widget elementor-widget-heading\" data-id=\"91085ea\" data-element_type=\"widget\" data-e-type=\"widget\" data-widget_type=\"heading.default\">\n\t\t\t\t\t<h3 class=\"elementor-heading-title elementor-size-default\">Valeur et potentiel<\/h3>\t\t\t\t<\/div>\n\t\t\t\t\t<\/div>\n\t\t\t\t<\/div>\n\t\t<div class=\"elementor-element elementor-element-a60ea35 e-flex e-con-boxed e-con e-parent\" data-id=\"a60ea35\" data-element_type=\"container\" data-e-type=\"container\" data-settings=\"{&quot;jet_parallax_layout_list&quot;:[]}\">\n\t\t\t\t\t<div class=\"e-con-inner\">\n\t\t\t\t<div class=\"elementor-element elementor-element-8b07f91 elementor-widget elementor-widget-text-editor\" data-id=\"8b07f91\" data-element_type=\"widget\" data-e-type=\"widget\" data-widget_type=\"text-editor.default\">\n\t\t\t\t\t\t\t\t\t<p>La terre ne paie pas de contributions ni de co\u00fbts communs et ne pr\u00e9sente pas d&#8217;interdictions l\u00e9gales. Son emplacement dans le parc national de Lauca en fait une propri\u00e9t\u00e9 exceptionnelle, id\u00e9ale pour des projets de tourisme naturel, de conservation, de recherche ou d&#8217;agriculture de montagne traditionnelle.<\/p>\n<p>Vous cherchez un endroit avec l&#8217;histoire, la biodiversit\u00e9 et la projection?<br \/>Cette parcelle \u00e0 Bethl\u00e9em est une occasion unique de faire partie du patrimoine vivant de l&#8217;altiplano chilien.<\/p>\n<p>Contactez-nous \u00e0 Produncan Lands pour plus d&#8217;informations ou pour coordonner une visite.<\/p>\n\t\t\t\t\t\t\t\t<\/div>\n\t\t\t\t\t<\/div>\n\t\t\t\t<\/div>\n\t\t\t\t<\/div>\n\t\t","protected":false},"excerpt":{"rendered":"<p>Beaucoup \u00e0 Bethl\u00e9em, Putre. Il a 250 m\u00e8tres de mat, droits d&#8217;eau, 100 m\u00e8tres d&#8217;asphalte, signal de t\u00e9l\u00e9communications. L&#8217;une des rares propri\u00e9t\u00e9s priv\u00e9es du parc national de Lauca, l&#8217;Altiplano chilien.<\/p>\n","protected":false},"featured_media":51295,"template":"","meta":{"_acf_changed":false},"product_brand":[],"product_cat":[500],"product_tag":[236,237],"regiones":[496],"ciudades":[497],"class_list":{"0":"post-51294","1":"product","2":"type-product","3":"status-publish","4":"has-post-thumbnail","6":"product_cat-arica-coquimbo","7":"product_tag-parcelles","8":"product_tag-proprietes-touristiques","9":"regiones-arica-coquimbo","10":"ciudades-putre","12":"first","13":"instock","14":"shipping-taxable","15":"purchasable","16":"product-type-simple"},"acf":[],"yoast_head":"<!-- This site is optimized with the Yoast SEO Premium plugin v26.0 (Yoast SEO v27.3) - https:\/\/yoast.com\/product\/yoast-seo-premium-wordpress\/ -->\n<title>Terrain \u00e0 Bethl\u00e9em, Caichaca - Putre, Arica et Parinacota - Produncan<\/title>\n<meta name=\"description\" content=\"Beaucoup \u00e0 Bethl\u00e9em, Putre. Superficie de 2,04 hectares, 250 m\u00e8tres d&#039;estuaire, droits d&#039;eau, 100 m\u00e8tres d&#039;asphalte, signal de t\u00e9l\u00e9communications.\" \/>\n<meta name=\"robots\" content=\"index, follow, max-snippet:-1, max-image-preview:large, max-video-preview:-1\" \/>\n<link rel=\"canonical\" href=\"https:\/\/produncan.cl\/fr\/produit\/terrain-a-bethleem-caichaca-putre-arica-et-parinacota\/\" \/>\n<meta property=\"og:locale\" content=\"fr_FR\" \/>\n<meta property=\"og:type\" content=\"article\" \/>\n<meta property=\"og:title\" content=\"Terrain \u00e0 Bethl\u00e9em, Caichaca - Putre, Arica et Parinacota\" \/>\n<meta property=\"og:description\" content=\"Beaucoup \u00e0 Bethl\u00e9em, Putre. Superficie de 2,04 hectares, 250 m\u00e8tres d&#039;estuaire, droits d&#039;eau, 100 m\u00e8tres d&#039;asphalte, signal de t\u00e9l\u00e9communications.\" \/>\n<meta property=\"og:url\" content=\"https:\/\/produncan.cl\/fr\/produit\/terrain-a-bethleem-caichaca-putre-arica-et-parinacota\/\" \/>\n<meta property=\"og:site_name\" content=\"Produncan\" \/>\n<meta property=\"article:publisher\" content=\"https:\/\/web.facebook.com\/produncanland\" \/>\n<meta property=\"article:modified_time\" content=\"2025-12-26T20:18:45+00:00\" \/>\n<meta property=\"og:image\" content=\"https:\/\/produncan.cl\/wp-content\/uploads\/2025\/10\/Lote-caichaca-en-Belen-Arica.webp\" \/>\n\t<meta property=\"og:image:width\" content=\"800\" \/>\n\t<meta property=\"og:image:height\" content=\"600\" \/>\n\t<meta property=\"og:image:type\" content=\"image\/webp\" \/>\n<meta name=\"twitter:card\" content=\"summary_large_image\" \/>\n<meta name=\"twitter:label1\" content=\"Price\" \/>\n\t<meta name=\"twitter:data1\" content=\"USD49.000,00\" \/>\n\t<meta name=\"twitter:label2\" content=\"Availability\" \/>\n\t<meta name=\"twitter:data2\" content=\"In stock\" \/>\n<script type=\"application\/ld+json\" class=\"yoast-schema-graph\">{\"@context\":\"https:\\\/\\\/schema.org\",\"@graph\":[{\"@type\":\"WebPage\",\"@id\":\"https:\\\/\\\/produncan.cl\\\/fr\\\/produit\\\/terrain-a-bethleem-caichaca-putre-arica-et-parinacota\\\/\",\"url\":\"https:\\\/\\\/produncan.cl\\\/fr\\\/produit\\\/terrain-a-bethleem-caichaca-putre-arica-et-parinacota\\\/\",\"name\":\"Terrain \u00e0 Bethl\u00e9em, Caichaca - Putre, Arica et Parinacota - Produncan\",\"isPartOf\":{\"@id\":\"https:\\\/\\\/produncan.cl\\\/fr\\\/#website\"},\"primaryImageOfPage\":{\"@id\":\"https:\\\/\\\/produncan.cl\\\/fr\\\/produit\\\/terrain-a-bethleem-caichaca-putre-arica-et-parinacota\\\/#primaryimage\"},\"image\":{\"@id\":\"https:\\\/\\\/produncan.cl\\\/fr\\\/produit\\\/terrain-a-bethleem-caichaca-putre-arica-et-parinacota\\\/#primaryimage\"},\"thumbnailUrl\":\"https:\\\/\\\/produncan.cl\\\/wp-content\\\/uploads\\\/2025\\\/10\\\/Lote-caichaca-en-Belen-Arica.webp\",\"datePublished\":\"2025-10-16T16:44:31+00:00\",\"dateModified\":\"2025-12-26T20:18:45+00:00\",\"description\":\"Beaucoup \u00e0 Bethl\u00e9em, Putre. Superficie de 2,04 hectares, 250 m\u00e8tres d'estuaire, droits d'eau, 100 m\u00e8tres d'asphalte, signal de t\u00e9l\u00e9communications.\",\"breadcrumb\":{\"@id\":\"https:\\\/\\\/produncan.cl\\\/fr\\\/produit\\\/terrain-a-bethleem-caichaca-putre-arica-et-parinacota\\\/#breadcrumb\"},\"inLanguage\":\"fr-FR\",\"potentialAction\":[{\"@type\":\"ReadAction\",\"target\":[\"https:\\\/\\\/produncan.cl\\\/fr\\\/produit\\\/terrain-a-bethleem-caichaca-putre-arica-et-parinacota\\\/\"]}]},{\"@type\":\"ImageObject\",\"inLanguage\":\"fr-FR\",\"@id\":\"https:\\\/\\\/produncan.cl\\\/fr\\\/produit\\\/terrain-a-bethleem-caichaca-putre-arica-et-parinacota\\\/#primaryimage\",\"url\":\"https:\\\/\\\/produncan.cl\\\/wp-content\\\/uploads\\\/2025\\\/10\\\/Lote-caichaca-en-Belen-Arica.webp\",\"contentUrl\":\"https:\\\/\\\/produncan.cl\\\/wp-content\\\/uploads\\\/2025\\\/10\\\/Lote-caichaca-en-Belen-Arica.webp\",\"width\":800,\"height\":600,\"caption\":\"Lote caichaca \u00e0 Bethl\u00e9em Arica\"},{\"@type\":\"BreadcrumbList\",\"@id\":\"https:\\\/\\\/produncan.cl\\\/fr\\\/produit\\\/terrain-a-bethleem-caichaca-putre-arica-et-parinacota\\\/#breadcrumb\",\"itemListElement\":[{\"@type\":\"ListItem\",\"position\":1,\"name\":\"Inicio\",\"item\":\"https:\\\/\\\/produncan.cl\\\/fr\\\/\"},{\"@type\":\"ListItem\",\"position\":2,\"name\":\"Propri\u00e9t\u00e9s\",\"item\":\"https:\\\/\\\/produncan.cl\\\/propiedades\\\/\"},{\"@type\":\"ListItem\",\"position\":3,\"name\":\"Parcelles\",\"item\":\"https:\\\/\\\/produncan.cl\\\/fr\\\/cat&eacute;gorie\\\/parcelles\\\/\"},{\"@type\":\"ListItem\",\"position\":4,\"name\":\"Terrain \u00e0 Bethl\u00e9em, Caichaca &#8211; Putre, Arica et Parinacota\"}]},{\"@type\":\"WebSite\",\"@id\":\"https:\\\/\\\/produncan.cl\\\/fr\\\/#website\",\"url\":\"https:\\\/\\\/produncan.cl\\\/fr\\\/\",\"name\":\"Produncan\",\"description\":\"Nous vous accompagnons dans votre projet de vie !\",\"publisher\":{\"@id\":\"https:\\\/\\\/produncan.cl\\\/fr\\\/#organization\"},\"potentialAction\":[{\"@type\":\"SearchAction\",\"target\":{\"@type\":\"EntryPoint\",\"urlTemplate\":\"https:\\\/\\\/produncan.cl\\\/fr\\\/?s={search_term_string}\"},\"query-input\":{\"@type\":\"PropertyValueSpecification\",\"valueRequired\":true,\"valueName\":\"search_term_string\"}}],\"inLanguage\":\"fr-FR\"},{\"@type\":\"Organization\",\"@id\":\"https:\\\/\\\/produncan.cl\\\/fr\\\/#organization\",\"name\":\"Produncan\",\"url\":\"https:\\\/\\\/produncan.cl\\\/fr\\\/\",\"logo\":{\"@type\":\"ImageObject\",\"inLanguage\":\"fr-FR\",\"@id\":\"https:\\\/\\\/produncan.cl\\\/fr\\\/#\\\/schema\\\/logo\\\/image\\\/\",\"url\":\"https:\\\/\\\/produncan.cl\\\/wp-content\\\/uploads\\\/2021\\\/03\\\/LOGO.jpeg\",\"contentUrl\":\"https:\\\/\\\/produncan.cl\\\/wp-content\\\/uploads\\\/2021\\\/03\\\/LOGO.jpeg\",\"width\":1280,\"height\":903,\"caption\":\"Produncan\"},\"image\":{\"@id\":\"https:\\\/\\\/produncan.cl\\\/fr\\\/#\\\/schema\\\/logo\\\/image\\\/\"},\"sameAs\":[\"https:\\\/\\\/web.facebook.com\\\/produncanland\",\"https:\\\/\\\/www.instagram.com\\\/pro_duncan\\\/\",\"https:\\\/\\\/www.linkedin.com\\\/company\\\/produncan-lands\\\/\",\"https:\\\/\\\/www.youtube.com\\\/channel\\\/UCu7N-f3x0svkazD-Eew1-QQ\"],\"description\":\"En Produncan somos especialistas en la venta de terrenos en el sur de Chile. Proveemos estancias, campos, parcelas y hoteles.\",\"email\":\"info@produncan.cl\"}]}<\/script>\n<meta property=\"og:video\" content=\"https:\/\/www.youtube.com\/embed\/QFZEUvvJmUM\" \/>\n<meta property=\"og:video:type\" content=\"text\/html\" \/>\n<meta property=\"og:video:duration\" content=\"64\" \/>\n<meta property=\"og:video:width\" content=\"480\" \/>\n<meta property=\"og:video:height\" content=\"270\" \/>\n<meta property=\"ya:ovs:adult\" content=\"false\" \/>\n<meta property=\"ya:ovs:upload_date\" content=\"2025-10-16T16:44:31+00:00\" \/>\n<meta property=\"ya:ovs:allow_embed\" content=\"true\" \/>\n<meta property=\"product:price:amount\" content=\"49000.00\" \/>\n<meta property=\"product:price:currency\" content=\"USD\" \/>\n<meta property=\"og:availability\" content=\"instock\" \/>\n<meta property=\"product:availability\" content=\"instock\" \/>\n<meta property=\"product:condition\" content=\"new\" \/>\n<!-- \/ Yoast SEO Premium plugin. -->","yoast_head_json":{"title":"Terrain \u00e0 Bethl\u00e9em, Caichaca - Putre, Arica et Parinacota - Produncan","description":"Beaucoup \u00e0 Bethl\u00e9em, Putre. Superficie de 2,04 hectares, 250 m\u00e8tres d'estuaire, droits d'eau, 100 m\u00e8tres d'asphalte, signal de t\u00e9l\u00e9communications.","robots":{"index":"index","follow":"follow","max-snippet":"max-snippet:-1","max-image-preview":"max-image-preview:large","max-video-preview":"max-video-preview:-1"},"canonical":"https:\/\/produncan.cl\/fr\/produit\/terrain-a-bethleem-caichaca-putre-arica-et-parinacota\/","og_locale":"fr_FR","og_type":"article","og_title":"Terrain \u00e0 Bethl\u00e9em, Caichaca - Putre, Arica et Parinacota","og_description":"Beaucoup \u00e0 Bethl\u00e9em, Putre. Superficie de 2,04 hectares, 250 m\u00e8tres d'estuaire, droits d'eau, 100 m\u00e8tres d'asphalte, signal de t\u00e9l\u00e9communications.","og_url":"https:\/\/produncan.cl\/fr\/produit\/terrain-a-bethleem-caichaca-putre-arica-et-parinacota\/","og_site_name":"Produncan","article_publisher":"https:\/\/web.facebook.com\/produncanland","article_modified_time":"2025-12-26T20:18:45+00:00","og_image":[{"width":800,"height":600,"url":"https:\/\/produncan.cl\/wp-content\/uploads\/2025\/10\/Lote-caichaca-en-Belen-Arica.webp","type":"image\/webp"}],"twitter_card":"summary_large_image","twitter_misc":{"Price":"USD49.000,00","Availability":"In stock"},"schema":{"@context":"https:\/\/schema.org","@graph":[{"@type":"WebPage","@id":"https:\/\/produncan.cl\/fr\/produit\/terrain-a-bethleem-caichaca-putre-arica-et-parinacota\/","url":"https:\/\/produncan.cl\/fr\/produit\/terrain-a-bethleem-caichaca-putre-arica-et-parinacota\/","name":"Terrain \u00e0 Bethl\u00e9em, Caichaca - Putre, Arica et Parinacota - Produncan","isPartOf":{"@id":"https:\/\/produncan.cl\/fr\/#website"},"primaryImageOfPage":{"@id":"https:\/\/produncan.cl\/fr\/produit\/terrain-a-bethleem-caichaca-putre-arica-et-parinacota\/#primaryimage"},"image":{"@id":"https:\/\/produncan.cl\/fr\/produit\/terrain-a-bethleem-caichaca-putre-arica-et-parinacota\/#primaryimage"},"thumbnailUrl":"https:\/\/produncan.cl\/wp-content\/uploads\/2025\/10\/Lote-caichaca-en-Belen-Arica.webp","datePublished":"2025-10-16T16:44:31+00:00","dateModified":"2025-12-26T20:18:45+00:00","description":"Beaucoup \u00e0 Bethl\u00e9em, Putre. Superficie de 2,04 hectares, 250 m\u00e8tres d'estuaire, droits d'eau, 100 m\u00e8tres d'asphalte, signal de t\u00e9l\u00e9communications.","breadcrumb":{"@id":"https:\/\/produncan.cl\/fr\/produit\/terrain-a-bethleem-caichaca-putre-arica-et-parinacota\/#breadcrumb"},"inLanguage":"fr-FR","potentialAction":[{"@type":"ReadAction","target":["https:\/\/produncan.cl\/fr\/produit\/terrain-a-bethleem-caichaca-putre-arica-et-parinacota\/"]}]},{"@type":"ImageObject","inLanguage":"fr-FR","@id":"https:\/\/produncan.cl\/fr\/produit\/terrain-a-bethleem-caichaca-putre-arica-et-parinacota\/#primaryimage","url":"https:\/\/produncan.cl\/wp-content\/uploads\/2025\/10\/Lote-caichaca-en-Belen-Arica.webp","contentUrl":"https:\/\/produncan.cl\/wp-content\/uploads\/2025\/10\/Lote-caichaca-en-Belen-Arica.webp","width":800,"height":600,"caption":"Lote caichaca \u00e0 Bethl\u00e9em Arica"},{"@type":"BreadcrumbList","@id":"https:\/\/produncan.cl\/fr\/produit\/terrain-a-bethleem-caichaca-putre-arica-et-parinacota\/#breadcrumb","itemListElement":[{"@type":"ListItem","position":1,"name":"Inicio","item":"https:\/\/produncan.cl\/fr\/"},{"@type":"ListItem","position":2,"name":"Propri\u00e9t\u00e9s","item":"https:\/\/produncan.cl\/propiedades\/"},{"@type":"ListItem","position":3,"name":"Parcelles","item":"https:\/\/produncan.cl\/fr\/cat&eacute;gorie\/parcelles\/"},{"@type":"ListItem","position":4,"name":"Terrain \u00e0 Bethl\u00e9em, Caichaca &#8211; Putre, Arica et Parinacota"}]},{"@type":"WebSite","@id":"https:\/\/produncan.cl\/fr\/#website","url":"https:\/\/produncan.cl\/fr\/","name":"Produncan","description":"Nous vous accompagnons dans votre projet de vie !","publisher":{"@id":"https:\/\/produncan.cl\/fr\/#organization"},"potentialAction":[{"@type":"SearchAction","target":{"@type":"EntryPoint","urlTemplate":"https:\/\/produncan.cl\/fr\/?s={search_term_string}"},"query-input":{"@type":"PropertyValueSpecification","valueRequired":true,"valueName":"search_term_string"}}],"inLanguage":"fr-FR"},{"@type":"Organization","@id":"https:\/\/produncan.cl\/fr\/#organization","name":"Produncan","url":"https:\/\/produncan.cl\/fr\/","logo":{"@type":"ImageObject","inLanguage":"fr-FR","@id":"https:\/\/produncan.cl\/fr\/#\/schema\/logo\/image\/","url":"https:\/\/produncan.cl\/wp-content\/uploads\/2021\/03\/LOGO.jpeg","contentUrl":"https:\/\/produncan.cl\/wp-content\/uploads\/2021\/03\/LOGO.jpeg","width":1280,"height":903,"caption":"Produncan"},"image":{"@id":"https:\/\/produncan.cl\/fr\/#\/schema\/logo\/image\/"},"sameAs":["https:\/\/web.facebook.com\/produncanland","https:\/\/www.instagram.com\/pro_duncan\/","https:\/\/www.linkedin.com\/company\/produncan-lands\/","https:\/\/www.youtube.com\/channel\/UCu7N-f3x0svkazD-Eew1-QQ"],"description":"En Produncan somos especialistas en la venta de terrenos en el sur de Chile. Proveemos estancias, campos, parcelas y hoteles.","email":"info@produncan.cl"}]},"og_video":"https:\/\/www.youtube.com\/embed\/QFZEUvvJmUM","og_video_type":"text\/html","og_video_duration":"64","og_video_width":"480","og_video_height":"270","ya_ovs_adult":"false","ya_ovs_upload_date":"2025-10-16T16:44:31+00:00","ya_ovs_allow_embed":"true","product_price_amount":"49000.00","product_price_currency":"USD","og_availability":"instock","product_availability":"instock","product_condition":"new"},"_links":{"self":[{"href":"https:\/\/produncan.cl\/fr\/wp-json\/wp\/v2\/product\/51294","targetHints":{"allow":["GET"]}}],"collection":[{"href":"https:\/\/produncan.cl\/fr\/wp-json\/wp\/v2\/product"}],"about":[{"href":"https:\/\/produncan.cl\/fr\/wp-json\/wp\/v2\/types\/product"}],"version-history":[{"count":2,"href":"https:\/\/produncan.cl\/fr\/wp-json\/wp\/v2\/product\/51294\/revisions"}],"predecessor-version":[{"id":54098,"href":"https:\/\/produncan.cl\/fr\/wp-json\/wp\/v2\/product\/51294\/revisions\/54098"}],"wp:featuredmedia":[{"embeddable":true,"href":"https:\/\/produncan.cl\/fr\/wp-json\/wp\/v2\/media\/51295"}],"wp:attachment":[{"href":"https:\/\/produncan.cl\/fr\/wp-json\/wp\/v2\/media?parent=51294"}],"wp:term":[{"taxonomy":"product_brand","embeddable":true,"href":"https:\/\/produncan.cl\/fr\/wp-json\/wp\/v2\/product_brand?post=51294"},{"taxonomy":"product_cat","embeddable":true,"href":"https:\/\/produncan.cl\/fr\/wp-json\/wp\/v2\/product_cat?post=51294"},{"taxonomy":"product_tag","embeddable":true,"href":"https:\/\/produncan.cl\/fr\/wp-json\/wp\/v2\/product_tag?post=51294"},{"taxonomy":"regiones","embeddable":true,"href":"https:\/\/produncan.cl\/fr\/wp-json\/wp\/v2\/regiones?post=51294"},{"taxonomy":"ciudades","embeddable":true,"href":"https:\/\/produncan.cl\/fr\/wp-json\/wp\/v2\/ciudades?post=51294"}],"curies":[{"name":"wp","href":"https:\/\/api.w.org\/{rel}","templated":true}]}}