{"id":51354,"date":"2025-10-08T12:40:03","date_gmt":"2025-10-08T15:40:03","guid":{"rendered":"https:\/\/produncan.cl\/propiedad\/terrain-a-los-muermos-yerbas-buena-region-de-los-lagos\/"},"modified":"2025-10-17T10:09:07","modified_gmt":"2025-10-17T13:09:07","slug":"terrain-a-los-muermos-yerbas-buena-region-de-los-lagos","status":"publish","type":"product","link":"https:\/\/produncan.cl\/fr\/produit\/terrain-a-los-muermos-yerbas-buena-region-de-los-lagos\/","title":{"rendered":"Terrain \u00e0 Los Muermos, Yerbas Buena &#8211; R\u00e9gion de Los Lagos"},"content":{"rendered":"\t\t<div data-elementor-type=\"product-post\" data-elementor-id=\"51354\" class=\"elementor elementor-51354 elementor-51053\" data-elementor-post-type=\"product\">\n\t\t\t\t<div class=\"elementor-element elementor-element-e4f9c64 e-flex e-con-boxed e-con e-parent\" data-id=\"e4f9c64\" data-element_type=\"container\" data-e-type=\"container\" data-settings=\"{&quot;jet_parallax_layout_list&quot;:[]}\">\n\t\t\t\t\t<div class=\"e-con-inner\">\n\t\t\t\t<div class=\"elementor-element elementor-element-01f959c elementor-widget elementor-widget-heading\" data-id=\"01f959c\" data-element_type=\"widget\" data-e-type=\"widget\" data-widget_type=\"heading.default\">\n\t\t\t\t\t<h2 class=\"elementor-heading-title elementor-size-default\">Situ\u00e9 dans la cha\u00eene de montagnes de la c\u00f4te, route \u00e0 l'embouchure de Llico Bajo<\/h2>\t\t\t\t<\/div>\n\t\t\t\t\t<\/div>\n\t\t\t\t<\/div>\n\t\t<div class=\"elementor-element elementor-element-713b34a e-flex e-con-boxed e-con e-parent\" data-id=\"713b34a\" data-element_type=\"container\" data-e-type=\"container\" data-settings=\"{&quot;jet_parallax_layout_list&quot;:[]}\">\n\t\t\t\t\t<div class=\"e-con-inner\">\n\t\t\t\t<div class=\"elementor-element elementor-element-2d865dd elementor-widget elementor-widget-text-editor\" data-id=\"2d865dd\" data-element_type=\"widget\" data-e-type=\"widget\" data-widget_type=\"text-editor.default\">\n\t\t\t\t\t\t\t\t\t<p>Dans le secteur de Yerbas Buena, commune de Los Muermos. Cette propri\u00e9t\u00e9 de 41 hectares allie beaut\u00e9 naturelle, potentiel productif et un emplacement privil\u00e9gi\u00e9, immerg\u00e9 dans un environnement de for\u00eats indig\u00e8nes, eau et tranquillit\u00e9 absolue.<\/p><p>La terre a son propre r\u00f4le et l&#8217;utilisation des sols agricoles et forestiers, id\u00e9al pour les projets de conservation, le tourisme rural ou des activit\u00e9s productives durables. Sa topographie est irr\u00e9guli\u00e8re, avec des pentes molles et des secteurs plats, ce qui facilite \u00e0 la fois la construction et le d\u00e9veloppement des cultures ou des p\u00e2turages. Il dispose d&#8217;\u00e9lectricit\u00e9 et d&#8217;eau d&#8217;un c\u00f4t\u00e9 motobombe de 1 HP. Pendant la propri\u00e9t\u00e9, six aspects naissent qui sont transform\u00e9s en petits tapis avec un d\u00e9bit permanent tout au long de l&#8217;ann\u00e9e, assurant une excellente disponibilit\u00e9 en eau.<\/p><p>Au sein de la propri\u00e9t\u00e9 sont diff\u00e9rents b\u00e2timents: une maison principale de 100 m\u00e8tres carr\u00e9s construite en 2005, avec trois chambres, une salle de bains et le chauffage \u00e0 combustion lente; en plus d&#8217;une cave, un gallon et un bois\u00e9. La propri\u00e9t\u00e9 est partiellement cl\u00f4tur\u00e9e et a acc\u00e8s \u00e0 la servitude en bon \u00e9tat. Il est actuellement \u00e0 sept kilom\u00e8tres de l&#8217;asphalte, mais avec la prochaine am\u00e9lioration de la route il ne sera que trois kilom\u00e8tres, ce qui augmentera sa connectivit\u00e9 et sa valeur.<\/p><p>Le champ de Los Muermos a un plan d&#8217;am\u00e9nagement forestier en place jusqu&#8217;en d\u00e9cembre 2025. Sur sa superficie totale, 10 hectares correspondent \u00e0 des for\u00eats anciennes non exploit\u00e9es, 20 \u00e0 des for\u00eats matures, 5 \u00e0 des r\u00e9novations et 5 \u00e0 des prairies. Parmi les esp\u00e8ces pr\u00e9dominantes figurent le tepa, la cannelle, l&#8217;ulmo, le luma, l&#8217;olive, le radal, le matin, la lingua, la noisette et le m\u00e9li, qui donnent vie \u00e0 un \u00e9cosyst\u00e8me riche et diversifi\u00e9. La faune de l&#8217;endroit comprend des renards, des li\u00e8vres et, parfois, des pumas, refl\u00e9tant l&#8217;\u00e9quilibre naturel qui caract\u00e9rise cette r\u00e9gion.<\/p><p>La propri\u00e9t\u00e9 est situ\u00e9e dans une exposition de poniente, avec un climat temp\u00e9r\u00e9 et des conditions id\u00e9ales pour diverses activit\u00e9s agricoles et foresti\u00e8res. Les contributions sont faibles, soit environ 18 000 pesos par trimestre. Il n&#8217;y a pas d&#8217;interdictions ni d&#8217;effets juridiques sur la propri\u00e9t\u00e9 et elle n&#8217;est pas inscrite sur la liste des terres autochtones.<\/p><p>Son emplacement strat\u00e9gique permet d&#8217;atteindre facilement Los Muermos ou Fresia, \u00e0 une distance similaire, et est situ\u00e9 \u00e0 une heure et vingt minutes de l&#8217;a\u00e9roport El Tepual \u00e0 Puerto Montt. Acc\u00e8s est sur une route rurale de ripien en bon \u00e9tat, avec locomotion publique qui passe une fois par jour \u00e0 Los Muermos. Le signal du t\u00e9l\u00e9phone mobile est bon, en particulier de la part des entreprises Entel et Claro.<\/p><p>Ce domaine \u00e0 Los Muermos, secteur Yerbas Buena, repr\u00e9sente une occasion exceptionnelle pour ceux qui cherchent \u00e0 investir dans un environnement naturel avec une projection de plus-value, d\u00e9velopper un projet touristique ou de logement, ou simplement vivre en contact avec la nature dans l&#8217;un des paysages les plus authentiques du sud du Chili. Son \u00e9quilibre entre accessibilit\u00e9, ressources naturelles, infrastructures et beaut\u00e9 en fait un lieu id\u00e9al pour combiner vie, conservation et d\u00e9veloppement durable.<\/p>\t\t\t\t\t\t\t\t<\/div>\n\t\t\t\t\t<\/div>\n\t\t\t\t<\/div>\n\t\t\t\t<\/div>\n\t\t","protected":false},"excerpt":{"rendered":"<p>Terrain \u00e0 Los Muermos de 41 hectares situ\u00e9 dans la cha\u00eene de montagnes de la c\u00f4te. 1: 20 heures de Puerto Varas \u00e0 la mer. Avec \u00e9lectricit\u00e9, eau, maison, gallon, cave et bois\u00e9. 5 hectares de prairies et 10 hectares de for\u00eat mature.<\/p>\n","protected":false},"featured_media":51355,"template":"","meta":{"_acf_changed":false},"product_brand":[],"product_cat":[113],"product_tag":[233],"regiones":[226],"ciudades":[214,216],"class_list":{"0":"post-51354","1":"product","2":"type-product","3":"status-publish","4":"has-post-thumbnail","6":"product_cat-ohiggins-los-lagos-fr","7":"product_tag-champs","8":"regiones-nuble-los_lagos","9":"ciudades-fresia","10":"ciudades-los-muermos","12":"first","13":"instock","14":"shipping-taxable","15":"purchasable","16":"product-type-simple"},"acf":[],"yoast_head":"<!-- This site is optimized with the Yoast SEO Premium plugin v26.0 (Yoast SEO v27.3) - https:\/\/yoast.com\/product\/yoast-seo-premium-wordpress\/ -->\n<title>Terrain \u00e0 Los Muermos, Yerbas Buena - R\u00e9gion de Los Lagos - Produncan<\/title>\n<meta name=\"description\" content=\"Camp \u00e0 Los Muermos de 41 ha, avec maison, gallon, cave et boiseries. \u00c9lectricit\u00e9, eau lat\u00e9rale, 5 hectares de prairies et 10 de for\u00eats indig\u00e8nes matures.\" \/>\n<meta name=\"robots\" content=\"index, follow, max-snippet:-1, max-image-preview:large, max-video-preview:-1\" \/>\n<link rel=\"canonical\" href=\"https:\/\/produncan.cl\/fr\/produit\/terrain-a-los-muermos-yerbas-buena-region-de-los-lagos\/\" \/>\n<meta property=\"og:locale\" content=\"fr_FR\" \/>\n<meta property=\"og:type\" content=\"article\" \/>\n<meta property=\"og:title\" content=\"Terrain \u00e0 Los Muermos, Yerbas Buena - R\u00e9gion de Los Lagos\" \/>\n<meta property=\"og:description\" content=\"Camp \u00e0 Los Muermos de 41 ha, avec maison, gallon, cave et boiseries. \u00c9lectricit\u00e9, eau lat\u00e9rale, 5 hectares de prairies et 10 de for\u00eats indig\u00e8nes matures.\" \/>\n<meta property=\"og:url\" content=\"https:\/\/produncan.cl\/fr\/produit\/terrain-a-los-muermos-yerbas-buena-region-de-los-lagos\/\" \/>\n<meta property=\"og:site_name\" content=\"Produncan\" \/>\n<meta property=\"article:publisher\" content=\"https:\/\/web.facebook.com\/produncanland\" \/>\n<meta property=\"article:modified_time\" content=\"2025-10-17T13:09:07+00:00\" \/>\n<meta property=\"og:image\" content=\"https:\/\/produncan.cl\/wp-content\/uploads\/2025\/10\/Campo-Yerbas-Buenas-Fresia.webp\" \/>\n\t<meta property=\"og:image:width\" content=\"800\" \/>\n\t<meta property=\"og:image:height\" content=\"600\" \/>\n\t<meta property=\"og:image:type\" content=\"image\/webp\" \/>\n<meta name=\"twitter:card\" content=\"summary_large_image\" \/>\n<meta name=\"twitter:label1\" content=\"Price\" \/>\n\t<meta name=\"twitter:data1\" content=\"USD445.700,00\" \/>\n\t<meta name=\"twitter:label2\" content=\"Availability\" \/>\n\t<meta name=\"twitter:data2\" content=\"In stock\" \/>\n<script type=\"application\/ld+json\" class=\"yoast-schema-graph\">{\"@context\":\"https:\\\/\\\/schema.org\",\"@graph\":[{\"@type\":\"WebPage\",\"@id\":\"https:\\\/\\\/produncan.cl\\\/fr\\\/produit\\\/terrain-a-los-muermos-yerbas-buena-region-de-los-lagos\\\/\",\"url\":\"https:\\\/\\\/produncan.cl\\\/fr\\\/produit\\\/terrain-a-los-muermos-yerbas-buena-region-de-los-lagos\\\/\",\"name\":\"Terrain \u00e0 Los Muermos, Yerbas Buena - R\u00e9gion de Los Lagos - Produncan\",\"isPartOf\":{\"@id\":\"https:\\\/\\\/produncan.cl\\\/fr\\\/#website\"},\"primaryImageOfPage\":{\"@id\":\"https:\\\/\\\/produncan.cl\\\/fr\\\/produit\\\/terrain-a-los-muermos-yerbas-buena-region-de-los-lagos\\\/#primaryimage\"},\"image\":{\"@id\":\"https:\\\/\\\/produncan.cl\\\/fr\\\/produit\\\/terrain-a-los-muermos-yerbas-buena-region-de-los-lagos\\\/#primaryimage\"},\"thumbnailUrl\":\"https:\\\/\\\/produncan.cl\\\/wp-content\\\/uploads\\\/2025\\\/10\\\/Campo-Yerbas-Buenas-Fresia.webp\",\"datePublished\":\"2025-10-08T15:40:03+00:00\",\"dateModified\":\"2025-10-17T13:09:07+00:00\",\"description\":\"Camp \u00e0 Los Muermos de 41 ha, avec maison, gallon, cave et boiseries. \u00c9lectricit\u00e9, eau lat\u00e9rale, 5 hectares de prairies et 10 de for\u00eats indig\u00e8nes matures.\",\"breadcrumb\":{\"@id\":\"https:\\\/\\\/produncan.cl\\\/fr\\\/produit\\\/terrain-a-los-muermos-yerbas-buena-region-de-los-lagos\\\/#breadcrumb\"},\"inLanguage\":\"fr-FR\",\"potentialAction\":[{\"@type\":\"ReadAction\",\"target\":[\"https:\\\/\\\/produncan.cl\\\/fr\\\/produit\\\/terrain-a-los-muermos-yerbas-buena-region-de-los-lagos\\\/\"]}]},{\"@type\":\"ImageObject\",\"inLanguage\":\"fr-FR\",\"@id\":\"https:\\\/\\\/produncan.cl\\\/fr\\\/produit\\\/terrain-a-los-muermos-yerbas-buena-region-de-los-lagos\\\/#primaryimage\",\"url\":\"https:\\\/\\\/produncan.cl\\\/wp-content\\\/uploads\\\/2025\\\/10\\\/Campo-Yerbas-Buenas-Fresia.webp\",\"contentUrl\":\"https:\\\/\\\/produncan.cl\\\/wp-content\\\/uploads\\\/2025\\\/10\\\/Campo-Yerbas-Buenas-Fresia.webp\",\"width\":800,\"height\":600,\"caption\":\"Champ Yerbas Bonne fraise\"},{\"@type\":\"BreadcrumbList\",\"@id\":\"https:\\\/\\\/produncan.cl\\\/fr\\\/produit\\\/terrain-a-los-muermos-yerbas-buena-region-de-los-lagos\\\/#breadcrumb\",\"itemListElement\":[{\"@type\":\"ListItem\",\"position\":1,\"name\":\"Inicio\",\"item\":\"https:\\\/\\\/produncan.cl\\\/fr\\\/\"},{\"@type\":\"ListItem\",\"position\":2,\"name\":\"Propri\u00e9t\u00e9s\",\"item\":\"https:\\\/\\\/produncan.cl\\\/propiedades\\\/\"},{\"@type\":\"ListItem\",\"position\":3,\"name\":\"Champs\",\"item\":\"https:\\\/\\\/produncan.cl\\\/fr\\\/cat&eacute;gorie\\\/champs\\\/\"},{\"@type\":\"ListItem\",\"position\":4,\"name\":\"Terrain \u00e0 Los Muermos, Yerbas Buena &#8211; R\u00e9gion de Los Lagos\"}]},{\"@type\":\"WebSite\",\"@id\":\"https:\\\/\\\/produncan.cl\\\/fr\\\/#website\",\"url\":\"https:\\\/\\\/produncan.cl\\\/fr\\\/\",\"name\":\"Produncan\",\"description\":\"Nous vous accompagnons dans votre projet de vie !\",\"publisher\":{\"@id\":\"https:\\\/\\\/produncan.cl\\\/fr\\\/#organization\"},\"potentialAction\":[{\"@type\":\"SearchAction\",\"target\":{\"@type\":\"EntryPoint\",\"urlTemplate\":\"https:\\\/\\\/produncan.cl\\\/fr\\\/?s={search_term_string}\"},\"query-input\":{\"@type\":\"PropertyValueSpecification\",\"valueRequired\":true,\"valueName\":\"search_term_string\"}}],\"inLanguage\":\"fr-FR\"},{\"@type\":\"Organization\",\"@id\":\"https:\\\/\\\/produncan.cl\\\/fr\\\/#organization\",\"name\":\"Produncan\",\"url\":\"https:\\\/\\\/produncan.cl\\\/fr\\\/\",\"logo\":{\"@type\":\"ImageObject\",\"inLanguage\":\"fr-FR\",\"@id\":\"https:\\\/\\\/produncan.cl\\\/fr\\\/#\\\/schema\\\/logo\\\/image\\\/\",\"url\":\"https:\\\/\\\/produncan.cl\\\/wp-content\\\/uploads\\\/2021\\\/03\\\/LOGO.jpeg\",\"contentUrl\":\"https:\\\/\\\/produncan.cl\\\/wp-content\\\/uploads\\\/2021\\\/03\\\/LOGO.jpeg\",\"width\":1280,\"height\":903,\"caption\":\"Produncan\"},\"image\":{\"@id\":\"https:\\\/\\\/produncan.cl\\\/fr\\\/#\\\/schema\\\/logo\\\/image\\\/\"},\"sameAs\":[\"https:\\\/\\\/web.facebook.com\\\/produncanland\",\"https:\\\/\\\/www.instagram.com\\\/pro_duncan\\\/\",\"https:\\\/\\\/www.linkedin.com\\\/company\\\/produncan-lands\\\/\",\"https:\\\/\\\/www.youtube.com\\\/channel\\\/UCu7N-f3x0svkazD-Eew1-QQ\"],\"description\":\"En Produncan somos especialistas en la venta de terrenos en el sur de Chile. Proveemos estancias, campos, parcelas y hoteles.\",\"email\":\"info@produncan.cl\"}]}<\/script>\n<meta property=\"og:video\" content=\"https:\/\/www.youtube.com\/embed\/GUDVKABB9v8\" \/>\n<meta property=\"og:video:type\" content=\"text\/html\" \/>\n<meta property=\"og:video:duration\" content=\"85\" \/>\n<meta property=\"og:video:width\" content=\"480\" \/>\n<meta property=\"og:video:height\" content=\"270\" \/>\n<meta property=\"ya:ovs:adult\" content=\"false\" \/>\n<meta property=\"ya:ovs:upload_date\" content=\"2025-10-08T15:40:03+00:00\" \/>\n<meta property=\"ya:ovs:allow_embed\" content=\"true\" \/>\n<meta property=\"product:price:amount\" content=\"445700.00\" \/>\n<meta property=\"product:price:currency\" content=\"USD\" \/>\n<meta property=\"og:availability\" content=\"instock\" \/>\n<meta property=\"product:availability\" content=\"instock\" \/>\n<meta property=\"product:condition\" content=\"new\" \/>\n<!-- \/ Yoast SEO Premium plugin. -->","yoast_head_json":{"title":"Terrain \u00e0 Los Muermos, Yerbas Buena - R\u00e9gion de Los Lagos - Produncan","description":"Camp \u00e0 Los Muermos de 41 ha, avec maison, gallon, cave et boiseries. \u00c9lectricit\u00e9, eau lat\u00e9rale, 5 hectares de prairies et 10 de for\u00eats indig\u00e8nes matures.","robots":{"index":"index","follow":"follow","max-snippet":"max-snippet:-1","max-image-preview":"max-image-preview:large","max-video-preview":"max-video-preview:-1"},"canonical":"https:\/\/produncan.cl\/fr\/produit\/terrain-a-los-muermos-yerbas-buena-region-de-los-lagos\/","og_locale":"fr_FR","og_type":"article","og_title":"Terrain \u00e0 Los Muermos, Yerbas Buena - R\u00e9gion de Los Lagos","og_description":"Camp \u00e0 Los Muermos de 41 ha, avec maison, gallon, cave et boiseries. \u00c9lectricit\u00e9, eau lat\u00e9rale, 5 hectares de prairies et 10 de for\u00eats indig\u00e8nes matures.","og_url":"https:\/\/produncan.cl\/fr\/produit\/terrain-a-los-muermos-yerbas-buena-region-de-los-lagos\/","og_site_name":"Produncan","article_publisher":"https:\/\/web.facebook.com\/produncanland","article_modified_time":"2025-10-17T13:09:07+00:00","og_image":[{"width":800,"height":600,"url":"https:\/\/produncan.cl\/wp-content\/uploads\/2025\/10\/Campo-Yerbas-Buenas-Fresia.webp","type":"image\/webp"}],"twitter_card":"summary_large_image","twitter_misc":{"Price":"USD445.700,00","Availability":"In stock"},"schema":{"@context":"https:\/\/schema.org","@graph":[{"@type":"WebPage","@id":"https:\/\/produncan.cl\/fr\/produit\/terrain-a-los-muermos-yerbas-buena-region-de-los-lagos\/","url":"https:\/\/produncan.cl\/fr\/produit\/terrain-a-los-muermos-yerbas-buena-region-de-los-lagos\/","name":"Terrain \u00e0 Los Muermos, Yerbas Buena - R\u00e9gion de Los Lagos - Produncan","isPartOf":{"@id":"https:\/\/produncan.cl\/fr\/#website"},"primaryImageOfPage":{"@id":"https:\/\/produncan.cl\/fr\/produit\/terrain-a-los-muermos-yerbas-buena-region-de-los-lagos\/#primaryimage"},"image":{"@id":"https:\/\/produncan.cl\/fr\/produit\/terrain-a-los-muermos-yerbas-buena-region-de-los-lagos\/#primaryimage"},"thumbnailUrl":"https:\/\/produncan.cl\/wp-content\/uploads\/2025\/10\/Campo-Yerbas-Buenas-Fresia.webp","datePublished":"2025-10-08T15:40:03+00:00","dateModified":"2025-10-17T13:09:07+00:00","description":"Camp \u00e0 Los Muermos de 41 ha, avec maison, gallon, cave et boiseries. \u00c9lectricit\u00e9, eau lat\u00e9rale, 5 hectares de prairies et 10 de for\u00eats indig\u00e8nes matures.","breadcrumb":{"@id":"https:\/\/produncan.cl\/fr\/produit\/terrain-a-los-muermos-yerbas-buena-region-de-los-lagos\/#breadcrumb"},"inLanguage":"fr-FR","potentialAction":[{"@type":"ReadAction","target":["https:\/\/produncan.cl\/fr\/produit\/terrain-a-los-muermos-yerbas-buena-region-de-los-lagos\/"]}]},{"@type":"ImageObject","inLanguage":"fr-FR","@id":"https:\/\/produncan.cl\/fr\/produit\/terrain-a-los-muermos-yerbas-buena-region-de-los-lagos\/#primaryimage","url":"https:\/\/produncan.cl\/wp-content\/uploads\/2025\/10\/Campo-Yerbas-Buenas-Fresia.webp","contentUrl":"https:\/\/produncan.cl\/wp-content\/uploads\/2025\/10\/Campo-Yerbas-Buenas-Fresia.webp","width":800,"height":600,"caption":"Champ Yerbas Bonne fraise"},{"@type":"BreadcrumbList","@id":"https:\/\/produncan.cl\/fr\/produit\/terrain-a-los-muermos-yerbas-buena-region-de-los-lagos\/#breadcrumb","itemListElement":[{"@type":"ListItem","position":1,"name":"Inicio","item":"https:\/\/produncan.cl\/fr\/"},{"@type":"ListItem","position":2,"name":"Propri\u00e9t\u00e9s","item":"https:\/\/produncan.cl\/propiedades\/"},{"@type":"ListItem","position":3,"name":"Champs","item":"https:\/\/produncan.cl\/fr\/cat&eacute;gorie\/champs\/"},{"@type":"ListItem","position":4,"name":"Terrain \u00e0 Los Muermos, Yerbas Buena &#8211; R\u00e9gion de Los Lagos"}]},{"@type":"WebSite","@id":"https:\/\/produncan.cl\/fr\/#website","url":"https:\/\/produncan.cl\/fr\/","name":"Produncan","description":"Nous vous accompagnons dans votre projet de vie !","publisher":{"@id":"https:\/\/produncan.cl\/fr\/#organization"},"potentialAction":[{"@type":"SearchAction","target":{"@type":"EntryPoint","urlTemplate":"https:\/\/produncan.cl\/fr\/?s={search_term_string}"},"query-input":{"@type":"PropertyValueSpecification","valueRequired":true,"valueName":"search_term_string"}}],"inLanguage":"fr-FR"},{"@type":"Organization","@id":"https:\/\/produncan.cl\/fr\/#organization","name":"Produncan","url":"https:\/\/produncan.cl\/fr\/","logo":{"@type":"ImageObject","inLanguage":"fr-FR","@id":"https:\/\/produncan.cl\/fr\/#\/schema\/logo\/image\/","url":"https:\/\/produncan.cl\/wp-content\/uploads\/2021\/03\/LOGO.jpeg","contentUrl":"https:\/\/produncan.cl\/wp-content\/uploads\/2021\/03\/LOGO.jpeg","width":1280,"height":903,"caption":"Produncan"},"image":{"@id":"https:\/\/produncan.cl\/fr\/#\/schema\/logo\/image\/"},"sameAs":["https:\/\/web.facebook.com\/produncanland","https:\/\/www.instagram.com\/pro_duncan\/","https:\/\/www.linkedin.com\/company\/produncan-lands\/","https:\/\/www.youtube.com\/channel\/UCu7N-f3x0svkazD-Eew1-QQ"],"description":"En Produncan somos especialistas en la venta de terrenos en el sur de Chile. Proveemos estancias, campos, parcelas y hoteles.","email":"info@produncan.cl"}]},"og_video":"https:\/\/www.youtube.com\/embed\/GUDVKABB9v8","og_video_type":"text\/html","og_video_duration":"85","og_video_width":"480","og_video_height":"270","ya_ovs_adult":"false","ya_ovs_upload_date":"2025-10-08T15:40:03+00:00","ya_ovs_allow_embed":"true","product_price_amount":"445700.00","product_price_currency":"USD","og_availability":"instock","product_availability":"instock","product_condition":"new"},"_links":{"self":[{"href":"https:\/\/produncan.cl\/fr\/wp-json\/wp\/v2\/product\/51354","targetHints":{"allow":["GET"]}}],"collection":[{"href":"https:\/\/produncan.cl\/fr\/wp-json\/wp\/v2\/product"}],"about":[{"href":"https:\/\/produncan.cl\/fr\/wp-json\/wp\/v2\/types\/product"}],"version-history":[{"count":1,"href":"https:\/\/produncan.cl\/fr\/wp-json\/wp\/v2\/product\/51354\/revisions"}],"predecessor-version":[{"id":51368,"href":"https:\/\/produncan.cl\/fr\/wp-json\/wp\/v2\/product\/51354\/revisions\/51368"}],"wp:featuredmedia":[{"embeddable":true,"href":"https:\/\/produncan.cl\/fr\/wp-json\/wp\/v2\/media\/51355"}],"wp:attachment":[{"href":"https:\/\/produncan.cl\/fr\/wp-json\/wp\/v2\/media?parent=51354"}],"wp:term":[{"taxonomy":"product_brand","embeddable":true,"href":"https:\/\/produncan.cl\/fr\/wp-json\/wp\/v2\/product_brand?post=51354"},{"taxonomy":"product_cat","embeddable":true,"href":"https:\/\/produncan.cl\/fr\/wp-json\/wp\/v2\/product_cat?post=51354"},{"taxonomy":"product_tag","embeddable":true,"href":"https:\/\/produncan.cl\/fr\/wp-json\/wp\/v2\/product_tag?post=51354"},{"taxonomy":"regiones","embeddable":true,"href":"https:\/\/produncan.cl\/fr\/wp-json\/wp\/v2\/regiones?post=51354"},{"taxonomy":"ciudades","embeddable":true,"href":"https:\/\/produncan.cl\/fr\/wp-json\/wp\/v2\/ciudades?post=51354"}],"curies":[{"name":"wp","href":"https:\/\/api.w.org\/{rel}","templated":true}]}}