{"id":51529,"date":"2025-10-28T17:55:54","date_gmt":"2025-10-28T20:55:54","guid":{"rendered":"https:\/\/produncan.cl\/propiedad\/pays-avec-maison-a-caleta-estakilla-los-muermos-region-de-los-lagos\/"},"modified":"2025-12-05T13:42:22","modified_gmt":"2025-12-05T16:42:22","slug":"pays-avec-maison-a-caleta-estakilla-los-muermos-region-de-los-lagos","status":"publish","type":"product","link":"https:\/\/produncan.cl\/fr\/produit\/pays-avec-maison-a-caleta-estakilla-los-muermos-region-de-los-lagos\/","title":{"rendered":"Pays avec maison \u00e0 Caleta Estakilla &#8211; Los Muermos, r\u00e9gion de Los Lagos"},"content":{"rendered":"\t\t<div data-elementor-type=\"product-post\" data-elementor-id=\"51529\" class=\"elementor elementor-51529 elementor-51422\" data-elementor-post-type=\"product\">\n\t\t\t\t<div class=\"elementor-element elementor-element-2e6c297 e-flex e-con-boxed e-con e-parent\" data-id=\"2e6c297\" data-element_type=\"container\" data-e-type=\"container\" data-settings=\"{&quot;jet_parallax_layout_list&quot;:[]}\">\n\t\t\t\t\t<div class=\"e-con-inner\">\n\t\t\t\t<div class=\"elementor-element elementor-element-ebd359e elementor-widget elementor-widget-heading\" data-id=\"ebd359e\" data-element_type=\"widget\" data-e-type=\"widget\" data-widget_type=\"heading.default\">\n\t\t\t\t\t<h2 class=\"elementor-heading-title elementor-size-default\">Propri\u00e9t\u00e9 de 5,75 hectares avec maison, gallon, guatero et serre, pr\u00eate pour votre projet de vie!<\/h2>\t\t\t\t<\/div>\n\t\t\t\t\t<\/div>\n\t\t\t\t<\/div>\n\t\t<div class=\"elementor-element elementor-element-b110376 e-flex e-con-boxed e-con e-parent\" data-id=\"b110376\" data-element_type=\"container\" data-e-type=\"container\" data-settings=\"{&quot;jet_parallax_layout_list&quot;:[]}\">\n\t\t\t\t\t<div class=\"e-con-inner\">\n\t\t\t\t<div class=\"elementor-element elementor-element-c0483a6 elementor-widget elementor-widget-text-editor\" data-id=\"c0483a6\" data-element_type=\"widget\" data-e-type=\"widget\" data-widget_type=\"text-editor.default\">\n\t\t\t\t\t\t\t\t\t<p>Situ\u00e9 dans la zone rurale de Caleta <span style=\"color: #c74040;\"><a href=\"https:\/\/produncan.cl\/ciudades\/estaquilla\/\" rel=\"noopener\" style=\"color: #c74040;\" target=\"_blank\"><strong>Steak<\/strong><\/a><\/span>, municipalit\u00e9 de Los Muermos, R\u00e9gion de Los Lagos, ce domaine de <strong>5,75 hectares<\/strong> offre une excellente occasion \u00e0 ceux qui cherchent \u00e0 vivre ou \u00e0 investir dans un environnement naturel, avec des infrastructures d\u00e9j\u00e0 mises en place, maison avec accueil municipal et un grand potentiel productif \u00e0 l&#8217;\u00e9chelle familiale.<\/p><p>La propri\u00e9t\u00e9 compte sur <strong>r\u00f4le<\/strong>, l&#8217;utilisation du sol agricole et la topographie r\u00e9guli\u00e8re avec lombages mous et secteur plat o\u00f9 les b\u00e2timents sont situ\u00e9s. La propri\u00e9t\u00e9 est connect\u00e9e au <strong>R\u00e9seau \u00e9lectrique CRELL<\/strong>, a un syst\u00e8me de <strong>appui au groupe \u00e9lectrog\u00e8ne<\/strong> et de l &#8216; approvisionnement en eau <strong>R\u00e9seau APR<\/strong>en plus de <strong>Ligne de ciment de 3 m\u00e8tres de profondeur<\/strong> avec une planque.<\/p><p>Parmi les constructions, on peut citer :<\/p><ul><li><strong>Maison principale de 126 m2<\/strong>construit en 2021, avec 3 chambres, 1 salle de bains, chauffage au bois par combustion lente, cuisine ouverte, terrasse et rev\u00eatement en bois naturel.<\/li><li><strong>Galpon de 170 m2<\/strong>qui peut \u00e9galement \u00eatre utilis\u00e9 comme un parking couvert.<\/li><li><strong>Domaine viticole de 35 m2<\/strong> pour les outils.<\/li><li><strong>Aluminium Invernadero de 54 m2<\/strong>, construit en polycarbonate, \u00e9quip\u00e9 de 100 m 3 accumulateur d&#8217;eau et <strong>syst\u00e8me d&#8217;irrigation automatique<\/strong>.<br\/><br\/><\/li><\/ul><p>Ce champ \u00e0 Estakilla a la fermeture du p\u00e9rim\u00e8tre dans presque toute son extension, avec <strong>portail m\u00e9tallique \u00e0 l&#8217;acc\u00e8s principal<\/strong>, et il correspond \u00e0 un <strong>naturel mat<\/strong> qui traverse le champ, qui offre \u00e0 la fois une valeur \u00e9cologique et des possibilit\u00e9s d&#8217;utilisation compl\u00e9mentaire.<\/p><p>L&#8217;exposition solaire est excellente toute la journ\u00e9e et sur la propri\u00e9t\u00e9 sont des esp\u00e8ces telles que les coigues, les matins et les cl\u00f4tures vivantes du pittosporum. La faune locale comprend des oiseaux tels que les chucaos, les zorzales, les rayaditos, les tioques et les mammif\u00e8res tels que le renard chilien.<\/p><p>Un solo <strong>500 m\u00e8tres de la chauss\u00e9e<\/strong>, l&#8217;acc\u00e8s est principalement par route asphalt\u00e9e et le dernier tron\u00e7on est une tr\u00e8s bonne route ripien . Le terrain est situ\u00e9 \u00e0 40 minutes de Los Muermos et environ <strong>1 heure et 15 minutes de l&#8217;a\u00e9roport d&#8217;El Tepual<\/strong> \u00e0 Puerto Montt.<\/p><p>Dans ses environs sont les principales attractions c\u00f4ti\u00e8res de la r\u00e9gion: <strong>plage Stakilla<\/strong>, <strong>Dunes Huar-Huar<\/strong>, <strong>Puerto Godoy<\/strong>, <strong>Faible<\/strong> et <strong>Carelmapu<\/strong>, outre les options pour des activit\u00e9s telles que la p\u00eache, le kayak, les promenades en bateau et l&#8217;observation de la faune marine, <strong>Pingouins Humboldt<\/strong>, loups de mer, dauphins et m\u00eame baleines en saison. Il est \u00e9galement proche de la for\u00eat engloutie de la rivi\u00e8re Maullin, avec son \u00e9cosyst\u00e8me unique.<\/p><p><strong>La maison a approuv\u00e9 la r\u00e9ception municipale, permettant la demande de cr\u00e9dit hypoth\u00e9caire et la propri\u00e9t\u00e9 est libre de contributions.<\/strong><\/p><p>Une propri\u00e9t\u00e9 qui combine emplacement strat\u00e9gique, nature, production et tranquillit\u00e9, dans l&#8217;une des zones les plus vierges de la c\u00f4te sud du Chili.<\/p><p>Contactez-nous et connaissez votre nouveau projet de vie!<\/p>\t\t\t\t\t\t\t\t<\/div>\n\t\t\t\t\t<\/div>\n\t\t\t\t<\/div>\n\t\t\t\t<\/div>\n\t\t","protected":false},"excerpt":{"rendered":"<p>Terrain \u00e0 Estakilla, Los Muermos. Il dispose d&#8217;une maison avec r\u00e9ception municipale, serre avec syst\u00e8me d&#8217;irrigation, gallon et cave. Il a la lumi\u00e8re \u00e9lectrique, l&#8217;eau APR et sa propre. Aucune contribution et un bon acc\u00e8s.<\/p>\n","protected":false},"featured_media":51530,"template":"","meta":{"_acf_changed":false},"product_brand":[],"product_cat":[113],"product_tag":[233,236],"regiones":[226],"ciudades":[245,216],"class_list":{"0":"post-51529","1":"product","2":"type-product","3":"status-publish","4":"has-post-thumbnail","6":"product_cat-ohiggins-los-lagos-fr","7":"product_tag-champs","8":"product_tag-parcelles","9":"regiones-nuble-los_lagos","10":"ciudades-estaquilla","11":"ciudades-los-muermos","13":"first","14":"instock","15":"shipping-taxable","16":"purchasable","17":"product-type-simple"},"acf":[],"yoast_head":"<!-- This site is optimized with the Yoast SEO Premium plugin v26.0 (Yoast SEO v27.3) - https:\/\/yoast.com\/product\/yoast-seo-premium-wordpress\/ -->\n<title>Pays avec maison \u00e0 Estakilla - Los Muermos - Produncan<\/title>\n<meta name=\"description\" content=\"ChatGPT dit: Terrain \u00e0 Estakilla, Los Muermos, de 5,75 ha avec maison re\u00e7ue, gallon, cave, serre avec irrigation, lumi\u00e8re, APR, noria et excellent acc\u00e8s.\" \/>\n<meta name=\"robots\" content=\"index, follow, max-snippet:-1, max-image-preview:large, max-video-preview:-1\" \/>\n<link rel=\"canonical\" href=\"https:\/\/produncan.cl\/fr\/produit\/pays-avec-maison-a-caleta-estakilla-los-muermos-region-de-los-lagos\/\" \/>\n<meta property=\"og:locale\" content=\"fr_FR\" \/>\n<meta property=\"og:type\" content=\"article\" \/>\n<meta property=\"og:title\" content=\"Pays avec maison \u00e0 Caleta Estakilla - Los Muermos, r\u00e9gion de Los Lagos\" \/>\n<meta property=\"og:description\" content=\"Terrain \u00e0 Estakilla, Los Muermos. Il dispose d&#039;une maison avec r\u00e9ception municipale, serre avec syst\u00e8me d&#039;irrigation, gallon et cave. Il a la lumi\u00e8re \u00e9lectrique, l&#039;eau APR et sa propre. Aucune contribution et un bon acc\u00e8s.\" \/>\n<meta property=\"og:url\" content=\"https:\/\/produncan.cl\/fr\/produit\/pays-avec-maison-a-caleta-estakilla-los-muermos-region-de-los-lagos\/\" \/>\n<meta property=\"og:site_name\" content=\"Produncan\" \/>\n<meta property=\"article:publisher\" content=\"https:\/\/web.facebook.com\/produncanland\" \/>\n<meta property=\"article:modified_time\" content=\"2025-12-05T16:42:22+00:00\" \/>\n<meta property=\"og:image\" content=\"https:\/\/produncan.cl\/wp-content\/uploads\/2025\/10\/Campito-Estaquilla-Alto-Los-Muermos.webp\" \/>\n<meta name=\"twitter:card\" content=\"summary_large_image\" \/>\n<meta name=\"twitter:label1\" content=\"Price\" \/>\n\t<meta name=\"twitter:data1\" content=\"USD195.700,00\" \/>\n\t<meta name=\"twitter:label2\" content=\"Availability\" \/>\n\t<meta name=\"twitter:data2\" content=\"In stock\" \/>\n<script type=\"application\/ld+json\" class=\"yoast-schema-graph\">{\"@context\":\"https:\\\/\\\/schema.org\",\"@graph\":[{\"@type\":\"WebPage\",\"@id\":\"https:\\\/\\\/produncan.cl\\\/fr\\\/produit\\\/pays-avec-maison-a-caleta-estakilla-los-muermos-region-de-los-lagos\\\/\",\"url\":\"https:\\\/\\\/produncan.cl\\\/fr\\\/produit\\\/pays-avec-maison-a-caleta-estakilla-los-muermos-region-de-los-lagos\\\/\",\"name\":\"Pays avec maison \u00e0 Estakilla - Los Muermos - Produncan\",\"isPartOf\":{\"@id\":\"https:\\\/\\\/produncan.cl\\\/fr\\\/#website\"},\"primaryImageOfPage\":{\"@id\":\"https:\\\/\\\/produncan.cl\\\/fr\\\/produit\\\/pays-avec-maison-a-caleta-estakilla-los-muermos-region-de-los-lagos\\\/#primaryimage\"},\"image\":{\"@id\":\"https:\\\/\\\/produncan.cl\\\/fr\\\/produit\\\/pays-avec-maison-a-caleta-estakilla-los-muermos-region-de-los-lagos\\\/#primaryimage\"},\"thumbnailUrl\":\"https:\\\/\\\/produncan.cl\\\/wp-content\\\/uploads\\\/2025\\\/10\\\/Campito-Estaquilla-Alto-Los-Muermos.webp\",\"datePublished\":\"2025-10-28T20:55:54+00:00\",\"dateModified\":\"2025-12-05T16:42:22+00:00\",\"description\":\"ChatGPT dit: Terrain \u00e0 Estakilla, Los Muermos, de 5,75 ha avec maison re\u00e7ue, gallon, cave, serre avec irrigation, lumi\u00e8re, APR, noria et excellent acc\u00e8s.\",\"breadcrumb\":{\"@id\":\"https:\\\/\\\/produncan.cl\\\/fr\\\/produit\\\/pays-avec-maison-a-caleta-estakilla-los-muermos-region-de-los-lagos\\\/#breadcrumb\"},\"inLanguage\":\"fr-FR\",\"potentialAction\":[{\"@type\":\"ReadAction\",\"target\":[\"https:\\\/\\\/produncan.cl\\\/fr\\\/produit\\\/pays-avec-maison-a-caleta-estakilla-los-muermos-region-de-los-lagos\\\/\"]}]},{\"@type\":\"ImageObject\",\"inLanguage\":\"fr-FR\",\"@id\":\"https:\\\/\\\/produncan.cl\\\/fr\\\/produit\\\/pays-avec-maison-a-caleta-estakilla-los-muermos-region-de-los-lagos\\\/#primaryimage\",\"url\":\"https:\\\/\\\/produncan.cl\\\/wp-content\\\/uploads\\\/2025\\\/10\\\/Campito-Estaquilla-Alto-Los-Muermos.webp\",\"contentUrl\":\"https:\\\/\\\/produncan.cl\\\/wp-content\\\/uploads\\\/2025\\\/10\\\/Campito-Estaquilla-Alto-Los-Muermos.webp\",\"width\":800,\"height\":600,\"caption\":\"Campito Estakilla Alto Los Muermos\"},{\"@type\":\"BreadcrumbList\",\"@id\":\"https:\\\/\\\/produncan.cl\\\/fr\\\/produit\\\/pays-avec-maison-a-caleta-estakilla-los-muermos-region-de-los-lagos\\\/#breadcrumb\",\"itemListElement\":[{\"@type\":\"ListItem\",\"position\":1,\"name\":\"Inicio\",\"item\":\"https:\\\/\\\/produncan.cl\\\/fr\\\/\"},{\"@type\":\"ListItem\",\"position\":2,\"name\":\"Propri\u00e9t\u00e9s\",\"item\":\"https:\\\/\\\/produncan.cl\\\/propiedades\\\/\"},{\"@type\":\"ListItem\",\"position\":3,\"name\":\"Champs\",\"item\":\"https:\\\/\\\/produncan.cl\\\/fr\\\/cat&eacute;gorie\\\/champs\\\/\"},{\"@type\":\"ListItem\",\"position\":4,\"name\":\"Pays avec maison \u00e0 Caleta Estakilla &#8211; Los Muermos, r\u00e9gion de Los Lagos\"}]},{\"@type\":\"WebSite\",\"@id\":\"https:\\\/\\\/produncan.cl\\\/fr\\\/#website\",\"url\":\"https:\\\/\\\/produncan.cl\\\/fr\\\/\",\"name\":\"Produncan\",\"description\":\"Nous vous accompagnons dans votre projet de vie !\",\"publisher\":{\"@id\":\"https:\\\/\\\/produncan.cl\\\/fr\\\/#organization\"},\"potentialAction\":[{\"@type\":\"SearchAction\",\"target\":{\"@type\":\"EntryPoint\",\"urlTemplate\":\"https:\\\/\\\/produncan.cl\\\/fr\\\/?s={search_term_string}\"},\"query-input\":{\"@type\":\"PropertyValueSpecification\",\"valueRequired\":true,\"valueName\":\"search_term_string\"}}],\"inLanguage\":\"fr-FR\"},{\"@type\":\"Organization\",\"@id\":\"https:\\\/\\\/produncan.cl\\\/fr\\\/#organization\",\"name\":\"Produncan\",\"url\":\"https:\\\/\\\/produncan.cl\\\/fr\\\/\",\"logo\":{\"@type\":\"ImageObject\",\"inLanguage\":\"fr-FR\",\"@id\":\"https:\\\/\\\/produncan.cl\\\/fr\\\/#\\\/schema\\\/logo\\\/image\\\/\",\"url\":\"https:\\\/\\\/produncan.cl\\\/wp-content\\\/uploads\\\/2021\\\/03\\\/LOGO.jpeg\",\"contentUrl\":\"https:\\\/\\\/produncan.cl\\\/wp-content\\\/uploads\\\/2021\\\/03\\\/LOGO.jpeg\",\"width\":1280,\"height\":903,\"caption\":\"Produncan\"},\"image\":{\"@id\":\"https:\\\/\\\/produncan.cl\\\/fr\\\/#\\\/schema\\\/logo\\\/image\\\/\"},\"sameAs\":[\"https:\\\/\\\/web.facebook.com\\\/produncanland\",\"https:\\\/\\\/www.instagram.com\\\/pro_duncan\\\/\",\"https:\\\/\\\/www.linkedin.com\\\/company\\\/produncan-lands\\\/\",\"https:\\\/\\\/www.youtube.com\\\/channel\\\/UCu7N-f3x0svkazD-Eew1-QQ\"],\"description\":\"En Produncan somos especialistas en la venta de terrenos en el sur de Chile. Proveemos estancias, campos, parcelas y hoteles.\",\"email\":\"info@produncan.cl\"}]}<\/script>\n<meta property=\"og:video\" content=\"https:\/\/www.youtube.com\/embed\/GCOWZlvx8Mc\" \/>\n<meta property=\"og:video:type\" content=\"text\/html\" \/>\n<meta property=\"og:video:duration\" content=\"82\" \/>\n<meta property=\"og:video:width\" content=\"480\" \/>\n<meta property=\"og:video:height\" content=\"270\" \/>\n<meta property=\"ya:ovs:adult\" content=\"false\" \/>\n<meta property=\"ya:ovs:upload_date\" content=\"2025-10-28T20:55:54+00:00\" \/>\n<meta property=\"ya:ovs:allow_embed\" content=\"true\" \/>\n<meta property=\"product:price:amount\" content=\"195700.00\" \/>\n<meta property=\"product:price:currency\" content=\"USD\" \/>\n<meta property=\"og:availability\" content=\"instock\" \/>\n<meta property=\"product:availability\" content=\"instock\" \/>\n<meta property=\"product:condition\" content=\"new\" \/>\n<!-- \/ Yoast SEO Premium plugin. -->","yoast_head_json":{"title":"Pays avec maison \u00e0 Estakilla - Los Muermos - Produncan","description":"ChatGPT dit: Terrain \u00e0 Estakilla, Los Muermos, de 5,75 ha avec maison re\u00e7ue, gallon, cave, serre avec irrigation, lumi\u00e8re, APR, noria et excellent acc\u00e8s.","robots":{"index":"index","follow":"follow","max-snippet":"max-snippet:-1","max-image-preview":"max-image-preview:large","max-video-preview":"max-video-preview:-1"},"canonical":"https:\/\/produncan.cl\/fr\/produit\/pays-avec-maison-a-caleta-estakilla-los-muermos-region-de-los-lagos\/","og_locale":"fr_FR","og_type":"article","og_title":"Pays avec maison \u00e0 Caleta Estakilla - Los Muermos, r\u00e9gion de Los Lagos","og_description":"Terrain \u00e0 Estakilla, Los Muermos. Il dispose d'une maison avec r\u00e9ception municipale, serre avec syst\u00e8me d'irrigation, gallon et cave. Il a la lumi\u00e8re \u00e9lectrique, l'eau APR et sa propre. Aucune contribution et un bon acc\u00e8s.","og_url":"https:\/\/produncan.cl\/fr\/produit\/pays-avec-maison-a-caleta-estakilla-los-muermos-region-de-los-lagos\/","og_site_name":"Produncan","article_publisher":"https:\/\/web.facebook.com\/produncanland","article_modified_time":"2025-12-05T16:42:22+00:00","og_image":[{"url":"https:\/\/produncan.cl\/wp-content\/uploads\/2025\/10\/Campito-Estaquilla-Alto-Los-Muermos.webp","type":"","width":"","height":""}],"twitter_card":"summary_large_image","twitter_misc":{"Price":"USD195.700,00","Availability":"In stock"},"schema":{"@context":"https:\/\/schema.org","@graph":[{"@type":"WebPage","@id":"https:\/\/produncan.cl\/fr\/produit\/pays-avec-maison-a-caleta-estakilla-los-muermos-region-de-los-lagos\/","url":"https:\/\/produncan.cl\/fr\/produit\/pays-avec-maison-a-caleta-estakilla-los-muermos-region-de-los-lagos\/","name":"Pays avec maison \u00e0 Estakilla - Los Muermos - Produncan","isPartOf":{"@id":"https:\/\/produncan.cl\/fr\/#website"},"primaryImageOfPage":{"@id":"https:\/\/produncan.cl\/fr\/produit\/pays-avec-maison-a-caleta-estakilla-los-muermos-region-de-los-lagos\/#primaryimage"},"image":{"@id":"https:\/\/produncan.cl\/fr\/produit\/pays-avec-maison-a-caleta-estakilla-los-muermos-region-de-los-lagos\/#primaryimage"},"thumbnailUrl":"https:\/\/produncan.cl\/wp-content\/uploads\/2025\/10\/Campito-Estaquilla-Alto-Los-Muermos.webp","datePublished":"2025-10-28T20:55:54+00:00","dateModified":"2025-12-05T16:42:22+00:00","description":"ChatGPT dit: Terrain \u00e0 Estakilla, Los Muermos, de 5,75 ha avec maison re\u00e7ue, gallon, cave, serre avec irrigation, lumi\u00e8re, APR, noria et excellent acc\u00e8s.","breadcrumb":{"@id":"https:\/\/produncan.cl\/fr\/produit\/pays-avec-maison-a-caleta-estakilla-los-muermos-region-de-los-lagos\/#breadcrumb"},"inLanguage":"fr-FR","potentialAction":[{"@type":"ReadAction","target":["https:\/\/produncan.cl\/fr\/produit\/pays-avec-maison-a-caleta-estakilla-los-muermos-region-de-los-lagos\/"]}]},{"@type":"ImageObject","inLanguage":"fr-FR","@id":"https:\/\/produncan.cl\/fr\/produit\/pays-avec-maison-a-caleta-estakilla-los-muermos-region-de-los-lagos\/#primaryimage","url":"https:\/\/produncan.cl\/wp-content\/uploads\/2025\/10\/Campito-Estaquilla-Alto-Los-Muermos.webp","contentUrl":"https:\/\/produncan.cl\/wp-content\/uploads\/2025\/10\/Campito-Estaquilla-Alto-Los-Muermos.webp","width":800,"height":600,"caption":"Campito Estakilla Alto Los Muermos"},{"@type":"BreadcrumbList","@id":"https:\/\/produncan.cl\/fr\/produit\/pays-avec-maison-a-caleta-estakilla-los-muermos-region-de-los-lagos\/#breadcrumb","itemListElement":[{"@type":"ListItem","position":1,"name":"Inicio","item":"https:\/\/produncan.cl\/fr\/"},{"@type":"ListItem","position":2,"name":"Propri\u00e9t\u00e9s","item":"https:\/\/produncan.cl\/propiedades\/"},{"@type":"ListItem","position":3,"name":"Champs","item":"https:\/\/produncan.cl\/fr\/cat&eacute;gorie\/champs\/"},{"@type":"ListItem","position":4,"name":"Pays avec maison \u00e0 Caleta Estakilla &#8211; Los Muermos, r\u00e9gion de Los Lagos"}]},{"@type":"WebSite","@id":"https:\/\/produncan.cl\/fr\/#website","url":"https:\/\/produncan.cl\/fr\/","name":"Produncan","description":"Nous vous accompagnons dans votre projet de vie !","publisher":{"@id":"https:\/\/produncan.cl\/fr\/#organization"},"potentialAction":[{"@type":"SearchAction","target":{"@type":"EntryPoint","urlTemplate":"https:\/\/produncan.cl\/fr\/?s={search_term_string}"},"query-input":{"@type":"PropertyValueSpecification","valueRequired":true,"valueName":"search_term_string"}}],"inLanguage":"fr-FR"},{"@type":"Organization","@id":"https:\/\/produncan.cl\/fr\/#organization","name":"Produncan","url":"https:\/\/produncan.cl\/fr\/","logo":{"@type":"ImageObject","inLanguage":"fr-FR","@id":"https:\/\/produncan.cl\/fr\/#\/schema\/logo\/image\/","url":"https:\/\/produncan.cl\/wp-content\/uploads\/2021\/03\/LOGO.jpeg","contentUrl":"https:\/\/produncan.cl\/wp-content\/uploads\/2021\/03\/LOGO.jpeg","width":1280,"height":903,"caption":"Produncan"},"image":{"@id":"https:\/\/produncan.cl\/fr\/#\/schema\/logo\/image\/"},"sameAs":["https:\/\/web.facebook.com\/produncanland","https:\/\/www.instagram.com\/pro_duncan\/","https:\/\/www.linkedin.com\/company\/produncan-lands\/","https:\/\/www.youtube.com\/channel\/UCu7N-f3x0svkazD-Eew1-QQ"],"description":"En Produncan somos especialistas en la venta de terrenos en el sur de Chile. Proveemos estancias, campos, parcelas y hoteles.","email":"info@produncan.cl"}]},"og_video":"https:\/\/www.youtube.com\/embed\/GCOWZlvx8Mc","og_video_type":"text\/html","og_video_duration":"82","og_video_width":"480","og_video_height":"270","ya_ovs_adult":"false","ya_ovs_upload_date":"2025-10-28T20:55:54+00:00","ya_ovs_allow_embed":"true","product_price_amount":"195700.00","product_price_currency":"USD","og_availability":"instock","product_availability":"instock","product_condition":"new"},"_links":{"self":[{"href":"https:\/\/produncan.cl\/fr\/wp-json\/wp\/v2\/product\/51529","targetHints":{"allow":["GET"]}}],"collection":[{"href":"https:\/\/produncan.cl\/fr\/wp-json\/wp\/v2\/product"}],"about":[{"href":"https:\/\/produncan.cl\/fr\/wp-json\/wp\/v2\/types\/product"}],"version-history":[{"count":1,"href":"https:\/\/produncan.cl\/fr\/wp-json\/wp\/v2\/product\/51529\/revisions"}],"predecessor-version":[{"id":51543,"href":"https:\/\/produncan.cl\/fr\/wp-json\/wp\/v2\/product\/51529\/revisions\/51543"}],"wp:featuredmedia":[{"embeddable":true,"href":"https:\/\/produncan.cl\/fr\/wp-json\/wp\/v2\/media\/51530"}],"wp:attachment":[{"href":"https:\/\/produncan.cl\/fr\/wp-json\/wp\/v2\/media?parent=51529"}],"wp:term":[{"taxonomy":"product_brand","embeddable":true,"href":"https:\/\/produncan.cl\/fr\/wp-json\/wp\/v2\/product_brand?post=51529"},{"taxonomy":"product_cat","embeddable":true,"href":"https:\/\/produncan.cl\/fr\/wp-json\/wp\/v2\/product_cat?post=51529"},{"taxonomy":"product_tag","embeddable":true,"href":"https:\/\/produncan.cl\/fr\/wp-json\/wp\/v2\/product_tag?post=51529"},{"taxonomy":"regiones","embeddable":true,"href":"https:\/\/produncan.cl\/fr\/wp-json\/wp\/v2\/regiones?post=51529"},{"taxonomy":"ciudades","embeddable":true,"href":"https:\/\/produncan.cl\/fr\/wp-json\/wp\/v2\/ciudades?post=51529"}],"curies":[{"name":"wp","href":"https:\/\/api.w.org\/{rel}","templated":true}]}}