{"id":51589,"date":"2025-10-17T16:26:06","date_gmt":"2025-10-17T19:26:06","guid":{"rendered":"https:\/\/produncan.cl\/propiedad\/site-a-puerto-natales-canon-buena-tardes-region-de-magallanes\/"},"modified":"2025-11-05T11:58:45","modified_gmt":"2025-11-05T14:58:45","slug":"site-a-puerto-natales-canon-buena-tardes-region-de-magallanes","status":"publish","type":"product","link":"https:\/\/produncan.cl\/fr\/produit\/site-a-puerto-natales-canon-buena-tardes-region-de-magallanes\/","title":{"rendered":"Site \u00e0 Puerto Natales, Ca\u00f1\u00f3n Buena Tardes &#8211; R\u00e9gion de Magallanes"},"content":{"rendered":"\t\t<div data-elementor-type=\"product-post\" data-elementor-id=\"51589\" class=\"elementor elementor-51589 elementor-51385\" data-elementor-post-type=\"product\">\n\t\t\t\t<div class=\"elementor-element elementor-element-c716b78 e-flex e-con-boxed e-con e-parent\" data-id=\"c716b78\" data-element_type=\"container\" data-e-type=\"container\" data-settings=\"{&quot;jet_parallax_layout_list&quot;:[]}\">\n\t\t\t\t\t<div class=\"e-con-inner\">\n\t\t\t\t<div class=\"elementor-element elementor-element-536c622 elementor-widget elementor-widget-heading\" data-id=\"536c622\" data-element_type=\"widget\" data-e-type=\"widget\" data-widget_type=\"heading.default\">\n\t\t\t\t\t<h2 class=\"elementor-heading-title elementor-size-default\">Un terrain strat\u00e9gique pour se d\u00e9velopper dans un p\u00f4le touristique<\/h2>\t\t\t\t<\/div>\n\t\t\t\t\t<\/div>\n\t\t\t\t<\/div>\n\t\t<div class=\"elementor-element elementor-element-0062226 e-flex e-con-boxed e-con e-parent\" data-id=\"0062226\" data-element_type=\"container\" data-e-type=\"container\" data-settings=\"{&quot;jet_parallax_layout_list&quot;:[]}\">\n\t\t\t\t\t<div class=\"e-con-inner\">\n\t\t\t\t<div class=\"elementor-element elementor-element-ef9ea1e elementor-widget elementor-widget-text-editor\" data-id=\"ef9ea1e\" data-element_type=\"widget\" data-e-type=\"widget\" data-widget_type=\"text-editor.default\">\n\t\t\t\t\t\t\t\t\t<p>Rencontrez ce site de 2,5 hectares situ\u00e9 dans le secteur de Cadec\u00f3n Buena Tardes, sur la route 9 sur le chemin de Torres del Paine, dans la commune de <a href=\"https:\/\/produncan.cl\/fr\/puerto-natales-ou-se-rencontrent-histoire-nature-et-aventure\/\" rel=\"noopener\" target=\"_blank\"><strong><span style=\"color: #ff0000;\">Puerto Natales<\/span><\/strong><\/a>. Cette propri\u00e9t\u00e9 se distingue par son emplacement strat\u00e9gique sur la route principale, avec une vue imprenable sur les fjords et les montagnes, \u00e0 quelques minutes du centre-ville et juste \u00e0 c\u00f4t\u00e9 de la station Shell, qui lui donne une visibilit\u00e9 exceptionnelle et un v\u00e9hicule \u00e0 haut d\u00e9bit et un environnement touristique. La terre est entour\u00e9e d&#8217;un estuaire, offrant un environnement naturel attrayant et un paysage typique de la Patagonie du Sud, o\u00f9 le d\u00e9veloppement urbain coexiste avec la beaut\u00e9 de l&#8217;environnement naturel.<\/p><p>La propri\u00e9t\u00e9 dans le secteur Cadit\u00f3n Buena Tardes, Puerto Natales, a une superficie totale de 25 000 m2 (2,5 hectares) et a un acc\u00e8s direct aux services essentiels: l&#8217;\u00e9lectricit\u00e9 triphas\u00e9e et monofasque qui passe par la route 9, la connexion au r\u00e9seau d&#8217;eau potable et la ligne de gaz naturel, dispose de caract\u00e9ristiques inhabituelles sur ces terrains \u00e0 l&#8217;int\u00e9rieur de la zone. Tous les terrains ont \u00e9t\u00e9 remplis et compacts il y a des ann\u00e9es, de sorte que le sol est compl\u00e8tement r\u00e9gl\u00e9, facilitant les constructions futures sans avoir \u00e0 effectuer une grande stabilisation ou un remplissage suppl\u00e9mentaire.<\/p><p>Selon le plan r\u00e9glementaire communal, cette zone fera partie de la radio urbaine, faisant de cette parcelle un investissement majeur pour l&#8217;immobilier, le commerce ou le d\u00e9veloppement mixte. Son potentiel permet des utilisations multiples: de la subdivision dans les lots r\u00e9sidentiels \u00e0 l&#8217;installation de projets touristiques, caves, centres logistiques ou services associ\u00e9s au flux croissant vers Torres del Paine. L&#8217;emplacement sur la route et \u00e0 c\u00f4t\u00e9 d&#8217;une station-service le rend \u00e9galement id\u00e9al pour des initiatives commerciales ou touristiques qui cherchent une exposition \u00e9lev\u00e9e et un acc\u00e8s facile.<\/p><p>Puerto Natales est devenue l&#8217;une des villes les plus en croissance du sud du Chili, anim\u00e9e par le tourisme international et national gr\u00e2ce \u00e0 sa proximit\u00e9 du Parc National Torres del Paine, des fjords Patagoniens et de la Route Fin du Monde. Ce flux constant de visiteurs a g\u00e9n\u00e9r\u00e9 une forte demande de logements et de services commerciaux, de sorte que les terres avec cet emplacement et ces caract\u00e9ristiques sont de plus en plus rares et valoris\u00e9es.<\/p><p>Avec une valeur de r\u00e9f\u00e9rence de 2,5 UF par m\u00e8tre carr\u00e9, ce site repr\u00e9sente une opportunit\u00e9 unique pour les investisseurs visionnaires qui cherchent \u00e0 obtenir un actif avec un potentiel de plus-value et de d\u00e9veloppement dans l&#8217;un des domaines les plus prometteurs de la Patagonie chilienne. Un emplacement privil\u00e9gi\u00e9, avec des services pr\u00eats, un terrain ferme et une projection urbaine, dans une ville qui continue de cro\u00eetre au rythme du tourisme et de nouveaux investissements.<\/p><p>Contactez-nous pour plus d&#8217;informations.<\/p>\t\t\t\t\t\t\t\t<\/div>\n\t\t\t\t\t<\/div>\n\t\t\t\t<\/div>\n\t\t\t\t<\/div>\n\t\t","protected":false},"excerpt":{"rendered":"<p>Site \u00e0 Puerto Natales id\u00e9al pour le d\u00e9veloppement immobilier. Situ\u00e9 sur la route 9, avec connexion au gaz, \u00e0 l&#8217;\u00e9lectricit\u00e9, \u00e0 l&#8217;eau potable et bon signal. Situ\u00e9 en hauteur avec vue sur les fjords et les montagnes. Bient\u00f4t \u00e0 la radio urbaine.<\/p>\n","protected":false},"featured_media":51590,"template":"","meta":{"_acf_changed":false},"product_brand":[],"product_cat":[129],"product_tag":[236,237,442],"regiones":[225],"ciudades":[210],"class_list":{"0":"post-51589","1":"product","2":"type-product","3":"status-publish","4":"has-post-thumbnail","6":"product_cat-aysen-magallanes-fr","7":"product_tag-parcelles","8":"product_tag-proprietes-touristiques","9":"product_tag-proprietes-urbaines","10":"regiones-aysen-magallanes","11":"ciudades-puerto-natales","13":"first","14":"instock","15":"shipping-taxable","16":"purchasable","17":"product-type-simple"},"acf":[],"yoast_head":"<!-- This site is optimized with the Yoast SEO Premium plugin v26.0 (Yoast SEO v27.3) - https:\/\/yoast.com\/product\/yoast-seo-premium-wordpress\/ -->\n<title>Site en Puerto Natales - Cadec\u00f3n Buena Tardes - Produncan<\/title>\n<meta name=\"robots\" content=\"index, follow, max-snippet:-1, max-image-preview:large, max-video-preview:-1\" \/>\n<link rel=\"canonical\" href=\"https:\/\/produncan.cl\/fr\/produit\/site-a-puerto-natales-canon-buena-tardes-region-de-magallanes\/\" \/>\n<meta property=\"og:locale\" content=\"fr_FR\" \/>\n<meta property=\"og:type\" content=\"article\" \/>\n<meta property=\"og:title\" content=\"Site \u00e0 Puerto Natales, Ca\u00f1\u00f3n Buena Tardes - R\u00e9gion de Magallanes\" \/>\n<meta property=\"og:description\" content=\"Site \u00e0 Puerto Natales id\u00e9al pour le d\u00e9veloppement immobilier. Situ\u00e9 sur la route 9, avec connexion au gaz, \u00e0 l&#039;\u00e9lectricit\u00e9, \u00e0 l&#039;eau potable et bon signal. Situ\u00e9 en hauteur avec vue sur les fjords et les montagnes. Bient\u00f4t \u00e0 la radio urbaine.\" \/>\n<meta property=\"og:url\" content=\"https:\/\/produncan.cl\/fr\/produit\/site-a-puerto-natales-canon-buena-tardes-region-de-magallanes\/\" \/>\n<meta property=\"og:site_name\" content=\"Produncan\" \/>\n<meta property=\"article:publisher\" content=\"https:\/\/web.facebook.com\/produncanland\" \/>\n<meta property=\"article:modified_time\" content=\"2025-11-05T14:58:45+00:00\" \/>\n<meta property=\"og:image\" content=\"https:\/\/produncan.cl\/wp-content\/uploads\/2025\/10\/Sitio-Canadon-Buenas-Tardes.webp\" \/>\n\t<meta property=\"og:image:width\" content=\"800\" \/>\n\t<meta property=\"og:image:height\" content=\"600\" \/>\n\t<meta property=\"og:image:type\" content=\"image\/webp\" \/>\n<meta name=\"twitter:card\" content=\"summary_large_image\" \/>\n<meta name=\"twitter:label1\" content=\"Price\" \/>\n\t<meta name=\"twitter:data1\" content=\"USD2.695.800,00\" \/>\n\t<meta name=\"twitter:label2\" content=\"Availability\" \/>\n\t<meta name=\"twitter:data2\" content=\"In stock\" \/>\n<script type=\"application\/ld+json\" class=\"yoast-schema-graph\">{\"@context\":\"https:\\\/\\\/schema.org\",\"@graph\":[{\"@type\":\"WebPage\",\"@id\":\"https:\\\/\\\/produncan.cl\\\/fr\\\/produit\\\/site-a-puerto-natales-canon-buena-tardes-region-de-magallanes\\\/\",\"url\":\"https:\\\/\\\/produncan.cl\\\/fr\\\/produit\\\/site-a-puerto-natales-canon-buena-tardes-region-de-magallanes\\\/\",\"name\":\"Site en Puerto Natales - Cadec\u00f3n Buena Tardes - Produncan\",\"isPartOf\":{\"@id\":\"https:\\\/\\\/produncan.cl\\\/fr\\\/#website\"},\"primaryImageOfPage\":{\"@id\":\"https:\\\/\\\/produncan.cl\\\/fr\\\/produit\\\/site-a-puerto-natales-canon-buena-tardes-region-de-magallanes\\\/#primaryimage\"},\"image\":{\"@id\":\"https:\\\/\\\/produncan.cl\\\/fr\\\/produit\\\/site-a-puerto-natales-canon-buena-tardes-region-de-magallanes\\\/#primaryimage\"},\"thumbnailUrl\":\"https:\\\/\\\/produncan.cl\\\/wp-content\\\/uploads\\\/2025\\\/10\\\/Sitio-Canadon-Buenas-Tardes.webp\",\"datePublished\":\"2025-10-17T19:26:06+00:00\",\"dateModified\":\"2025-11-05T14:58:45+00:00\",\"breadcrumb\":{\"@id\":\"https:\\\/\\\/produncan.cl\\\/fr\\\/produit\\\/site-a-puerto-natales-canon-buena-tardes-region-de-magallanes\\\/#breadcrumb\"},\"inLanguage\":\"fr-FR\",\"potentialAction\":[{\"@type\":\"ReadAction\",\"target\":[\"https:\\\/\\\/produncan.cl\\\/fr\\\/produit\\\/site-a-puerto-natales-canon-buena-tardes-region-de-magallanes\\\/\"]}]},{\"@type\":\"ImageObject\",\"inLanguage\":\"fr-FR\",\"@id\":\"https:\\\/\\\/produncan.cl\\\/fr\\\/produit\\\/site-a-puerto-natales-canon-buena-tardes-region-de-magallanes\\\/#primaryimage\",\"url\":\"https:\\\/\\\/produncan.cl\\\/wp-content\\\/uploads\\\/2025\\\/10\\\/Sitio-Canadon-Buenas-Tardes.webp\",\"contentUrl\":\"https:\\\/\\\/produncan.cl\\\/wp-content\\\/uploads\\\/2025\\\/10\\\/Sitio-Canadon-Buenas-Tardes.webp\",\"width\":800,\"height\":600,\"caption\":\"Caddion Buena Site de Tardes\"},{\"@type\":\"BreadcrumbList\",\"@id\":\"https:\\\/\\\/produncan.cl\\\/fr\\\/produit\\\/site-a-puerto-natales-canon-buena-tardes-region-de-magallanes\\\/#breadcrumb\",\"itemListElement\":[{\"@type\":\"ListItem\",\"position\":1,\"name\":\"Inicio\",\"item\":\"https:\\\/\\\/produncan.cl\\\/fr\\\/\"},{\"@type\":\"ListItem\",\"position\":2,\"name\":\"Propri\u00e9t\u00e9s\",\"item\":\"https:\\\/\\\/produncan.cl\\\/propiedades\\\/\"},{\"@type\":\"ListItem\",\"position\":3,\"name\":\"Parcelles\",\"item\":\"https:\\\/\\\/produncan.cl\\\/fr\\\/cat&eacute;gorie\\\/parcelles\\\/\"},{\"@type\":\"ListItem\",\"position\":4,\"name\":\"Site \u00e0 Puerto Natales, Ca\u00f1\u00f3n Buena Tardes &#8211; R\u00e9gion de Magallanes\"}]},{\"@type\":\"WebSite\",\"@id\":\"https:\\\/\\\/produncan.cl\\\/fr\\\/#website\",\"url\":\"https:\\\/\\\/produncan.cl\\\/fr\\\/\",\"name\":\"Produncan\",\"description\":\"Nous vous accompagnons dans votre projet de vie !\",\"publisher\":{\"@id\":\"https:\\\/\\\/produncan.cl\\\/fr\\\/#organization\"},\"potentialAction\":[{\"@type\":\"SearchAction\",\"target\":{\"@type\":\"EntryPoint\",\"urlTemplate\":\"https:\\\/\\\/produncan.cl\\\/fr\\\/?s={search_term_string}\"},\"query-input\":{\"@type\":\"PropertyValueSpecification\",\"valueRequired\":true,\"valueName\":\"search_term_string\"}}],\"inLanguage\":\"fr-FR\"},{\"@type\":\"Organization\",\"@id\":\"https:\\\/\\\/produncan.cl\\\/fr\\\/#organization\",\"name\":\"Produncan\",\"url\":\"https:\\\/\\\/produncan.cl\\\/fr\\\/\",\"logo\":{\"@type\":\"ImageObject\",\"inLanguage\":\"fr-FR\",\"@id\":\"https:\\\/\\\/produncan.cl\\\/fr\\\/#\\\/schema\\\/logo\\\/image\\\/\",\"url\":\"https:\\\/\\\/produncan.cl\\\/wp-content\\\/uploads\\\/2021\\\/03\\\/LOGO.jpeg\",\"contentUrl\":\"https:\\\/\\\/produncan.cl\\\/wp-content\\\/uploads\\\/2021\\\/03\\\/LOGO.jpeg\",\"width\":1280,\"height\":903,\"caption\":\"Produncan\"},\"image\":{\"@id\":\"https:\\\/\\\/produncan.cl\\\/fr\\\/#\\\/schema\\\/logo\\\/image\\\/\"},\"sameAs\":[\"https:\\\/\\\/web.facebook.com\\\/produncanland\",\"https:\\\/\\\/www.instagram.com\\\/pro_duncan\\\/\",\"https:\\\/\\\/www.linkedin.com\\\/company\\\/produncan-lands\\\/\",\"https:\\\/\\\/www.youtube.com\\\/channel\\\/UCu7N-f3x0svkazD-Eew1-QQ\"],\"description\":\"En Produncan somos especialistas en la venta de terrenos en el sur de Chile. Proveemos estancias, campos, parcelas y hoteles.\",\"email\":\"info@produncan.cl\"}]}<\/script>\n<meta property=\"og:video\" content=\"https:\/\/www.youtube.com\/embed\/e5FhzNwMzEE\" \/>\n<meta property=\"og:video:type\" content=\"text\/html\" \/>\n<meta property=\"og:video:duration\" content=\"67\" \/>\n<meta property=\"og:video:width\" content=\"480\" \/>\n<meta property=\"og:video:height\" content=\"270\" \/>\n<meta property=\"ya:ovs:adult\" content=\"false\" \/>\n<meta property=\"ya:ovs:upload_date\" content=\"2025-10-17T19:26:06+00:00\" \/>\n<meta property=\"ya:ovs:allow_embed\" content=\"true\" \/>\n<meta property=\"product:price:amount\" content=\"2695800.00\" \/>\n<meta property=\"product:price:currency\" content=\"USD\" \/>\n<meta property=\"og:availability\" content=\"instock\" \/>\n<meta property=\"product:availability\" content=\"instock\" \/>\n<meta property=\"product:condition\" content=\"new\" \/>\n<!-- \/ Yoast SEO Premium plugin. -->","yoast_head_json":{"title":"Site en Puerto Natales - Cadec\u00f3n Buena Tardes - Produncan","robots":{"index":"index","follow":"follow","max-snippet":"max-snippet:-1","max-image-preview":"max-image-preview:large","max-video-preview":"max-video-preview:-1"},"canonical":"https:\/\/produncan.cl\/fr\/produit\/site-a-puerto-natales-canon-buena-tardes-region-de-magallanes\/","og_locale":"fr_FR","og_type":"article","og_title":"Site \u00e0 Puerto Natales, Ca\u00f1\u00f3n Buena Tardes - R\u00e9gion de Magallanes","og_description":"Site \u00e0 Puerto Natales id\u00e9al pour le d\u00e9veloppement immobilier. Situ\u00e9 sur la route 9, avec connexion au gaz, \u00e0 l'\u00e9lectricit\u00e9, \u00e0 l'eau potable et bon signal. Situ\u00e9 en hauteur avec vue sur les fjords et les montagnes. Bient\u00f4t \u00e0 la radio urbaine.","og_url":"https:\/\/produncan.cl\/fr\/produit\/site-a-puerto-natales-canon-buena-tardes-region-de-magallanes\/","og_site_name":"Produncan","article_publisher":"https:\/\/web.facebook.com\/produncanland","article_modified_time":"2025-11-05T14:58:45+00:00","og_image":[{"width":800,"height":600,"url":"https:\/\/produncan.cl\/wp-content\/uploads\/2025\/10\/Sitio-Canadon-Buenas-Tardes.webp","type":"image\/webp"}],"twitter_card":"summary_large_image","twitter_misc":{"Price":"USD2.695.800,00","Availability":"In stock"},"schema":{"@context":"https:\/\/schema.org","@graph":[{"@type":"WebPage","@id":"https:\/\/produncan.cl\/fr\/produit\/site-a-puerto-natales-canon-buena-tardes-region-de-magallanes\/","url":"https:\/\/produncan.cl\/fr\/produit\/site-a-puerto-natales-canon-buena-tardes-region-de-magallanes\/","name":"Site en Puerto Natales - Cadec\u00f3n Buena Tardes - Produncan","isPartOf":{"@id":"https:\/\/produncan.cl\/fr\/#website"},"primaryImageOfPage":{"@id":"https:\/\/produncan.cl\/fr\/produit\/site-a-puerto-natales-canon-buena-tardes-region-de-magallanes\/#primaryimage"},"image":{"@id":"https:\/\/produncan.cl\/fr\/produit\/site-a-puerto-natales-canon-buena-tardes-region-de-magallanes\/#primaryimage"},"thumbnailUrl":"https:\/\/produncan.cl\/wp-content\/uploads\/2025\/10\/Sitio-Canadon-Buenas-Tardes.webp","datePublished":"2025-10-17T19:26:06+00:00","dateModified":"2025-11-05T14:58:45+00:00","breadcrumb":{"@id":"https:\/\/produncan.cl\/fr\/produit\/site-a-puerto-natales-canon-buena-tardes-region-de-magallanes\/#breadcrumb"},"inLanguage":"fr-FR","potentialAction":[{"@type":"ReadAction","target":["https:\/\/produncan.cl\/fr\/produit\/site-a-puerto-natales-canon-buena-tardes-region-de-magallanes\/"]}]},{"@type":"ImageObject","inLanguage":"fr-FR","@id":"https:\/\/produncan.cl\/fr\/produit\/site-a-puerto-natales-canon-buena-tardes-region-de-magallanes\/#primaryimage","url":"https:\/\/produncan.cl\/wp-content\/uploads\/2025\/10\/Sitio-Canadon-Buenas-Tardes.webp","contentUrl":"https:\/\/produncan.cl\/wp-content\/uploads\/2025\/10\/Sitio-Canadon-Buenas-Tardes.webp","width":800,"height":600,"caption":"Caddion Buena Site de Tardes"},{"@type":"BreadcrumbList","@id":"https:\/\/produncan.cl\/fr\/produit\/site-a-puerto-natales-canon-buena-tardes-region-de-magallanes\/#breadcrumb","itemListElement":[{"@type":"ListItem","position":1,"name":"Inicio","item":"https:\/\/produncan.cl\/fr\/"},{"@type":"ListItem","position":2,"name":"Propri\u00e9t\u00e9s","item":"https:\/\/produncan.cl\/propiedades\/"},{"@type":"ListItem","position":3,"name":"Parcelles","item":"https:\/\/produncan.cl\/fr\/cat&eacute;gorie\/parcelles\/"},{"@type":"ListItem","position":4,"name":"Site \u00e0 Puerto Natales, Ca\u00f1\u00f3n Buena Tardes &#8211; R\u00e9gion de Magallanes"}]},{"@type":"WebSite","@id":"https:\/\/produncan.cl\/fr\/#website","url":"https:\/\/produncan.cl\/fr\/","name":"Produncan","description":"Nous vous accompagnons dans votre projet de vie !","publisher":{"@id":"https:\/\/produncan.cl\/fr\/#organization"},"potentialAction":[{"@type":"SearchAction","target":{"@type":"EntryPoint","urlTemplate":"https:\/\/produncan.cl\/fr\/?s={search_term_string}"},"query-input":{"@type":"PropertyValueSpecification","valueRequired":true,"valueName":"search_term_string"}}],"inLanguage":"fr-FR"},{"@type":"Organization","@id":"https:\/\/produncan.cl\/fr\/#organization","name":"Produncan","url":"https:\/\/produncan.cl\/fr\/","logo":{"@type":"ImageObject","inLanguage":"fr-FR","@id":"https:\/\/produncan.cl\/fr\/#\/schema\/logo\/image\/","url":"https:\/\/produncan.cl\/wp-content\/uploads\/2021\/03\/LOGO.jpeg","contentUrl":"https:\/\/produncan.cl\/wp-content\/uploads\/2021\/03\/LOGO.jpeg","width":1280,"height":903,"caption":"Produncan"},"image":{"@id":"https:\/\/produncan.cl\/fr\/#\/schema\/logo\/image\/"},"sameAs":["https:\/\/web.facebook.com\/produncanland","https:\/\/www.instagram.com\/pro_duncan\/","https:\/\/www.linkedin.com\/company\/produncan-lands\/","https:\/\/www.youtube.com\/channel\/UCu7N-f3x0svkazD-Eew1-QQ"],"description":"En Produncan somos especialistas en la venta de terrenos en el sur de Chile. Proveemos estancias, campos, parcelas y hoteles.","email":"info@produncan.cl"}]},"og_video":"https:\/\/www.youtube.com\/embed\/e5FhzNwMzEE","og_video_type":"text\/html","og_video_duration":"67","og_video_width":"480","og_video_height":"270","ya_ovs_adult":"false","ya_ovs_upload_date":"2025-10-17T19:26:06+00:00","ya_ovs_allow_embed":"true","product_price_amount":"2695800.00","product_price_currency":"USD","og_availability":"instock","product_availability":"instock","product_condition":"new"},"_links":{"self":[{"href":"https:\/\/produncan.cl\/fr\/wp-json\/wp\/v2\/product\/51589","targetHints":{"allow":["GET"]}}],"collection":[{"href":"https:\/\/produncan.cl\/fr\/wp-json\/wp\/v2\/product"}],"about":[{"href":"https:\/\/produncan.cl\/fr\/wp-json\/wp\/v2\/types\/product"}],"version-history":[{"count":1,"href":"https:\/\/produncan.cl\/fr\/wp-json\/wp\/v2\/product\/51589\/revisions"}],"predecessor-version":[{"id":51603,"href":"https:\/\/produncan.cl\/fr\/wp-json\/wp\/v2\/product\/51589\/revisions\/51603"}],"wp:featuredmedia":[{"embeddable":true,"href":"https:\/\/produncan.cl\/fr\/wp-json\/wp\/v2\/media\/51590"}],"wp:attachment":[{"href":"https:\/\/produncan.cl\/fr\/wp-json\/wp\/v2\/media?parent=51589"}],"wp:term":[{"taxonomy":"product_brand","embeddable":true,"href":"https:\/\/produncan.cl\/fr\/wp-json\/wp\/v2\/product_brand?post=51589"},{"taxonomy":"product_cat","embeddable":true,"href":"https:\/\/produncan.cl\/fr\/wp-json\/wp\/v2\/product_cat?post=51589"},{"taxonomy":"product_tag","embeddable":true,"href":"https:\/\/produncan.cl\/fr\/wp-json\/wp\/v2\/product_tag?post=51589"},{"taxonomy":"regiones","embeddable":true,"href":"https:\/\/produncan.cl\/fr\/wp-json\/wp\/v2\/regiones?post=51589"},{"taxonomy":"ciudades","embeddable":true,"href":"https:\/\/produncan.cl\/fr\/wp-json\/wp\/v2\/ciudades?post=51589"}],"curies":[{"name":"wp","href":"https:\/\/api.w.org\/{rel}","templated":true}]}}