{"id":52115,"date":"2025-11-19T13:06:57","date_gmt":"2025-11-19T16:06:57","guid":{"rendered":"https:\/\/produncan.cl\/propiedad\/campo-ustaritz-los-lagos-region-de-los-rios\/"},"modified":"2025-11-24T13:11:02","modified_gmt":"2025-11-24T16:11:02","slug":"campo-ustaritz-los-lagos-region-de-los-rios","status":"publish","type":"product","link":"https:\/\/produncan.cl\/fr\/produit\/campo-ustaritz-los-lagos-region-de-los-rios\/","title":{"rendered":"Campo Ustaritz, Los Lagos &#8211; R\u00e9gion de Los R\u00edos"},"content":{"rendered":"\t\t<div data-elementor-type=\"product-post\" data-elementor-id=\"52115\" class=\"elementor elementor-52115 elementor-51967\" data-elementor-post-type=\"product\">\n\t\t\t\t<div class=\"elementor-element elementor-element-9a10b09 e-flex e-con-boxed e-con e-parent\" data-id=\"9a10b09\" data-element_type=\"container\" data-e-type=\"container\" data-settings=\"{&quot;jet_parallax_layout_list&quot;:[]}\">\n\t\t\t\t\t<div class=\"e-con-inner\">\n\t\t\t\t<div class=\"elementor-element elementor-element-77fbd31 elementor-widget elementor-widget-heading\" data-id=\"77fbd31\" data-element_type=\"widget\" data-e-type=\"widget\" data-widget_type=\"heading.default\">\n\t\t\t\t\t<h2 class=\"elementor-heading-title elementor-size-default\">Possibilit\u00e9 unique d'investissement dans le lait et le b\u00e9tail \u00e0 proximit\u00e9 de Panguipulli!<\/h2>\t\t\t\t<\/div>\n\t\t\t\t\t<\/div>\n\t\t\t\t<\/div>\n\t\t<div class=\"elementor-element elementor-element-a696cc0 e-flex e-con-boxed e-con e-parent\" data-id=\"a696cc0\" data-element_type=\"container\" data-e-type=\"container\" data-settings=\"{&quot;jet_parallax_layout_list&quot;:[]}\">\n\t\t\t\t\t<div class=\"e-con-inner\">\n\t\t\t\t<div class=\"elementor-element elementor-element-6c72db1 elementor-widget elementor-widget-text-editor\" data-id=\"6c72db1\" data-element_type=\"widget\" data-e-type=\"widget\" data-widget_type=\"text-editor.default\">\n\t\t\t\t\t\t\t\t\t<p>D\u00e9couvrez une propri\u00e9t\u00e9 exceptionnelle qui combine un emplacement strat\u00e9gique, une infrastructure de premier niveau et un potentiel productif in\u00e9gal\u00e9. Ce domaine de 348,7 hectares est un joyau de la commune de Los R\u00edos, id\u00e9al pour ceux qui cherchent \u00e0 maximiser leurs investissements dans le secteur laitier et l&#8217;\u00e9levage.<\/p>\t\t\t\t\t\t\t\t<\/div>\n\t\t\t\t\t<\/div>\n\t\t\t\t<\/div>\n\t\t<div class=\"elementor-element elementor-element-600ff16 e-flex e-con-boxed e-con e-parent\" data-id=\"600ff16\" data-element_type=\"container\" data-e-type=\"container\" data-settings=\"{&quot;jet_parallax_layout_list&quot;:[]}\">\n\t\t\t\t\t<div class=\"e-con-inner\">\n\t\t\t\t<div class=\"elementor-element elementor-element-aab8a1a elementor-widget elementor-widget-heading\" data-id=\"aab8a1a\" data-element_type=\"widget\" data-e-type=\"widget\" data-widget_type=\"heading.default\">\n\t\t\t\t\t<h3 class=\"elementor-heading-title elementor-size-default\">Un potentiel et une polyvalence incomparables<\/h3>\t\t\t\t<\/div>\n\t\t\t\t\t<\/div>\n\t\t\t\t<\/div>\n\t\t<div class=\"elementor-element elementor-element-682cf38 e-flex e-con-boxed e-con e-parent\" data-id=\"682cf38\" data-element_type=\"container\" data-e-type=\"container\" data-settings=\"{&quot;jet_parallax_layout_list&quot;:[]}\">\n\t\t\t\t\t<div class=\"e-con-inner\">\n\t\t\t\t<div class=\"elementor-element elementor-element-85f3c7a elementor-widget elementor-widget-text-editor\" data-id=\"85f3c7a\" data-element_type=\"widget\" data-e-type=\"widget\" data-widget_type=\"text-editor.default\">\n\t\t\t\t\t\t\t\t\t<p>Avec des planchers filet\u00e9s de haute qualit\u00e9, ce champ est un moteur de production. Ses vastes surfaces sont distribu\u00e9es pour offrir de multiples possibilit\u00e9s :<\/p><ul><li>215.01 hectares de prairies: Parfait pour les produits laitiers, l&#8217;engraissement, l&#8217;\u00e9levage de b\u00e9tail, ou les cultures comme le fourrage et l&#8217;herbe.<\/li><li>Plantations foresti\u00e8res: Comprend 25,8 ha de Pino Radiata, 16,71 ha d&#8217;Eucaliptos Nitens et 3,55 ha d&#8217;Alamos, offrant un patrimoine forestier diversifi\u00e9.<\/li><li>80,81 hectares de for\u00eats autochtones et de zones vertes : Un environnement naturel privil\u00e9gi\u00e9 avec une excellente exposition solaire.<\/li><\/ul>\t\t\t\t\t\t\t\t<\/div>\n\t\t\t\t\t<\/div>\n\t\t\t\t<\/div>\n\t\t<div class=\"elementor-element elementor-element-c718dcb e-flex e-con-boxed e-con e-parent\" data-id=\"c718dcb\" data-element_type=\"container\" data-e-type=\"container\" data-settings=\"{&quot;jet_parallax_layout_list&quot;:[]}\">\n\t\t\t\t\t<div class=\"e-con-inner\">\n\t\t\t\t<div class=\"elementor-element elementor-element-723f8d5 elementor-widget elementor-widget-heading\" data-id=\"723f8d5\" data-element_type=\"widget\" data-e-type=\"widget\" data-widget_type=\"heading.default\">\n\t\t\t\t\t<h3 class=\"elementor-heading-title elementor-size-default\">Infrastructures de haut niveau pour l'\u00e9levage et l'agriculture<\/h3>\t\t\t\t<\/div>\n\t\t\t\t\t<\/div>\n\t\t\t\t<\/div>\n\t\t<div class=\"elementor-element elementor-element-ba698c2 e-flex e-con-boxed e-con e-parent\" data-id=\"ba698c2\" data-element_type=\"container\" data-e-type=\"container\" data-settings=\"{&quot;jet_parallax_layout_list&quot;:[]}\">\n\t\t\t\t\t<div class=\"e-con-inner\">\n\t\t\t\t<div class=\"elementor-element elementor-element-dacfe9e elementor-widget elementor-widget-text-editor\" data-id=\"dacfe9e\" data-element_type=\"widget\" data-e-type=\"widget\" data-widget_type=\"text-editor.default\">\n\t\t\t\t\t\t\t\t\t<p>Le terrain pr\u00e8s de Panguipulli est \u00e9quip\u00e9 pour une op\u00e9ration efficace et \u00e0 grande \u00e9chelle, avec des installations qui font la diff\u00e9rence:<\/p><ul><li>Laiterie compl\u00e8te : Avec une capacit\u00e9 de 32 animaux, une r\u00e9serve d&#8217;accumulation de 8 000 litres, gallon de fourrage, cour d&#8217;alimentation couverte, puits de purinage et g\u00e9n\u00e9rateur \u00e0 trois phases.<\/li><li>Ressources en eau assur\u00e9es : Les droits sur l&#8217;eau pour 75 litres par seconde, y compris les multiples sources d&#8217;eau, y compris une maison et 5 points d&#8217;extraction des tapis d&#8217;irrigation, ainsi que les droits enregistr\u00e9s sur l&#8217;eau.<\/li><li>Connectivit\u00e9 : \u00e9lectricit\u00e9 triphasique et monophasique, buveurs, coraux, galapos, serre et syst\u00e8me d&#8217;irrigation complet.<\/li><\/ul>\t\t\t\t\t\t\t\t<\/div>\n\t\t\t\t\t<\/div>\n\t\t\t\t<\/div>\n\t\t<div class=\"elementor-element elementor-element-c311672 e-flex e-con-boxed e-con e-parent\" data-id=\"c311672\" data-element_type=\"container\" data-e-type=\"container\" data-settings=\"{&quot;jet_parallax_layout_list&quot;:[]}\">\n\t\t\t\t\t<div class=\"e-con-inner\">\n\t\t\t\t<div class=\"elementor-element elementor-element-f74ccc5 elementor-widget elementor-widget-heading\" data-id=\"f74ccc5\" data-element_type=\"widget\" data-e-type=\"widget\" data-widget_type=\"heading.default\">\n\t\t\t\t\t<h3 class=\"elementor-heading-title elementor-size-default\">R\u00e9sidence Patonal et emplacement prioritaire<\/h3>\t\t\t\t<\/div>\n\t\t\t\t\t<\/div>\n\t\t\t\t<\/div>\n\t\t<div class=\"elementor-element elementor-element-758be7f e-flex e-con-boxed e-con e-parent\" data-id=\"758be7f\" data-element_type=\"container\" data-e-type=\"container\" data-settings=\"{&quot;jet_parallax_layout_list&quot;:[]}\">\n\t\t\t\t\t<div class=\"e-con-inner\">\n\t\t\t\t<div class=\"elementor-element elementor-element-8e58d6d elementor-widget elementor-widget-text-editor\" data-id=\"8e58d6d\" data-element_type=\"widget\" data-e-type=\"widget\" data-widget_type=\"text-editor.default\">\n\t\t\t\t\t\t\t\t\t<p>Profitez du charme du sud avec tout le confort dans sa spacieuse maison patronn\u00e9e de 480m2 (construite il y a 35 ans), bois natif et tissages phare. Il dispose de 5 chambres, 3 salles de bains, bureau, salle de jeux, grande terrasse avec vue sur un jardin spectaculaire et 3 maisons suppl\u00e9mentaires pour les locataires ou les soignants.<\/p>\t\t\t\t\t\t\t\t<\/div>\n\t\t\t\t\t<\/div>\n\t\t\t\t<\/div>\n\t\t<div class=\"elementor-element elementor-element-fb697ae e-flex e-con-boxed e-con e-parent\" data-id=\"fb697ae\" data-element_type=\"container\" data-e-type=\"container\" data-settings=\"{&quot;jet_parallax_layout_list&quot;:[]}\">\n\t\t\t\t\t<div class=\"e-con-inner\">\n\t\t\t\t<div class=\"elementor-element elementor-element-017691f elementor-widget elementor-widget-heading\" data-id=\"017691f\" data-element_type=\"widget\" data-e-type=\"widget\" data-widget_type=\"heading.default\">\n\t\t\t\t\t<h3 class=\"elementor-heading-title elementor-size-default\">Lieu strat\u00e9gique :<\/h3>\t\t\t\t<\/div>\n\t\t\t\t\t<\/div>\n\t\t\t\t<\/div>\n\t\t<div class=\"elementor-element elementor-element-442f82c e-flex e-con-boxed e-con e-parent\" data-id=\"442f82c\" data-element_type=\"container\" data-e-type=\"container\" data-settings=\"{&quot;jet_parallax_layout_list&quot;:[]}\">\n\t\t\t\t\t<div class=\"e-con-inner\">\n\t\t\t\t<div class=\"elementor-element elementor-element-20320a4 elementor-widget elementor-widget-text-editor\" data-id=\"20320a4\" data-element_type=\"widget\" data-e-type=\"widget\" data-widget_type=\"text-editor.default\">\n\t\t\t\t\t\t\t\t\t<ul><li>Accessibilit\u00e9: Acc\u00e8s direct par la route publique, \u00e0 seulement 5 km de la route principale Los Lagos &#8211; Panguipulli et \u00e0 27 km de la route 5 Sud. Asphalte routier au dernier kilom\u00e8tre de ridium en excellent \u00e9tat.<\/li><li>Connectivit\u00e9: Panneau de t\u00e9l\u00e9communications disponible et \u00e0 proximit\u00e9 des transports en commun.<\/li><li>Environnement: Pr\u00e8s de la ville de Los Lagos, Valdivia et Panguipulli, avec des attractions voisines telles que le lac Panguipulli.<\/li><\/ul>\t\t\t\t\t\t\t\t<\/div>\n\t\t\t\t\t<\/div>\n\t\t\t\t<\/div>\n\t\t<div class=\"elementor-element elementor-element-fa60311 e-flex e-con-boxed e-con e-parent\" data-id=\"fa60311\" data-element_type=\"container\" data-e-type=\"container\" data-settings=\"{&quot;jet_parallax_layout_list&quot;:[]}\">\n\t\t\t\t\t<div class=\"e-con-inner\">\n\t\t\t\t<div class=\"elementor-element elementor-element-8b20c1e elementor-widget elementor-widget-text-editor\" data-id=\"8b20c1e\" data-element_type=\"widget\" data-e-type=\"widget\" data-widget_type=\"text-editor.default\">\n\t\t\t\t\t\t\t\t\t<p>CAMPO USTARITZ est plus qu&#8217;une propri\u00e9t\u00e9 ; c&#8217;est un projet de vie et un investissement solide dans la r\u00e9gion fertile de Los R\u00edos.<\/p><p>Contactez-nous aujourd&#8217;hui et faites de votre prochain gros investissement concret!<\/p>\t\t\t\t\t\t\t\t<\/div>\n\t\t\t\t\t<\/div>\n\t\t\t\t<\/div>\n\t\t\t\t<\/div>\n\t\t","protected":false},"excerpt":{"rendered":"<p>Champ laitier \u00e0 Los Lagos pr\u00e8s de Panguipulli. Avec une maison de 480m2 dans un parc spectaculaire. Droits d&#8217;eau pour 75 m \/ sec, 215 a des prairies, maisons de locataires, trois phases d&#8217;\u00e9nergie, installations laiti\u00e8res.<\/p>\n","protected":false},"featured_media":52116,"template":"","meta":{"_acf_changed":false},"product_brand":[],"product_cat":[113],"product_tag":[233],"regiones":[226],"ciudades":[507,505],"class_list":{"0":"post-52115","1":"product","2":"type-product","3":"status-publish","4":"has-post-thumbnail","6":"product_cat-ohiggins-los-lagos-fr","7":"product_tag-champs","8":"regiones-nuble-los_lagos","9":"ciudades-los-lagos","10":"ciudades-panguipulli","12":"first","13":"instock","14":"shipping-taxable","15":"purchasable","16":"product-type-simple"},"acf":[],"yoast_head":"<!-- This site is optimized with the Yoast SEO Premium plugin v26.0 (Yoast SEO v27.4) - https:\/\/yoast.com\/product\/yoast-seo-premium-wordpress\/ -->\n<title>Campo Ustaritz, Los Lagos - R\u00e9gion de Los R\u00edos - Produncan<\/title>\n<meta name=\"description\" content=\"Domaine laitier \u00e0 Los Lagos, pr\u00e8s de Panguipulli. 215 hectares de prairies, maison de la ferme 480 m2, eau 75 l \/ s, \u00e9nergie en trois phases et installations laiti\u00e8res.\" \/>\n<meta name=\"robots\" content=\"index, follow, max-snippet:-1, max-image-preview:large, max-video-preview:-1\" \/>\n<link rel=\"canonical\" href=\"https:\/\/produncan.cl\/fr\/produit\/campo-ustaritz-los-lagos-region-de-los-rios\/\" \/>\n<meta property=\"og:locale\" content=\"fr_FR\" \/>\n<meta property=\"og:type\" content=\"article\" \/>\n<meta property=\"og:title\" content=\"Campo Ustaritz, Los Lagos - R\u00e9gion de Los R\u00edos\" \/>\n<meta property=\"og:description\" content=\"Domaine laitier \u00e0 Los Lagos, pr\u00e8s de Panguipulli. 215 hectares de prairies, maison de la ferme 480 m2, eau 75 l \/ s, \u00e9nergie en trois phases et installations laiti\u00e8res.\" \/>\n<meta property=\"og:url\" content=\"https:\/\/produncan.cl\/fr\/produit\/campo-ustaritz-los-lagos-region-de-los-rios\/\" \/>\n<meta property=\"og:site_name\" content=\"Produncan\" \/>\n<meta property=\"article:publisher\" content=\"https:\/\/web.facebook.com\/produncanland\" \/>\n<meta property=\"article:modified_time\" content=\"2025-11-24T16:11:02+00:00\" \/>\n<meta property=\"og:image\" content=\"https:\/\/produncan.cl\/wp-content\/uploads\/2025\/11\/Campo-Ustaritz-Los-Lagos.webp\" \/>\n<meta name=\"twitter:card\" content=\"summary_large_image\" \/>\n<meta name=\"twitter:label1\" content=\"Price\" \/>\n\t<meta name=\"twitter:data1\" content=\"USD5.418.400,00\" \/>\n\t<meta name=\"twitter:label2\" content=\"Availability\" \/>\n\t<meta name=\"twitter:data2\" content=\"In stock\" \/>\n<script type=\"application\/ld+json\" class=\"yoast-schema-graph\">{\"@context\":\"https:\\\/\\\/schema.org\",\"@graph\":[{\"@type\":\"WebPage\",\"@id\":\"https:\\\/\\\/produncan.cl\\\/fr\\\/produit\\\/campo-ustaritz-los-lagos-region-de-los-rios\\\/\",\"url\":\"https:\\\/\\\/produncan.cl\\\/fr\\\/produit\\\/campo-ustaritz-los-lagos-region-de-los-rios\\\/\",\"name\":\"Campo Ustaritz, Los Lagos - R\u00e9gion de Los R\u00edos - Produncan\",\"isPartOf\":{\"@id\":\"https:\\\/\\\/produncan.cl\\\/fr\\\/#website\"},\"primaryImageOfPage\":{\"@id\":\"https:\\\/\\\/produncan.cl\\\/fr\\\/produit\\\/campo-ustaritz-los-lagos-region-de-los-rios\\\/#primaryimage\"},\"image\":{\"@id\":\"https:\\\/\\\/produncan.cl\\\/fr\\\/produit\\\/campo-ustaritz-los-lagos-region-de-los-rios\\\/#primaryimage\"},\"thumbnailUrl\":\"https:\\\/\\\/produncan.cl\\\/wp-content\\\/uploads\\\/2025\\\/11\\\/Campo-Ustaritz-Los-Lagos.webp\",\"datePublished\":\"2025-11-19T16:06:57+00:00\",\"dateModified\":\"2025-11-24T16:11:02+00:00\",\"description\":\"Domaine laitier \u00e0 Los Lagos, pr\u00e8s de Panguipulli. 215 hectares de prairies, maison de la ferme 480 m2, eau 75 l \\\/ s, \u00e9nergie en trois phases et installations laiti\u00e8res.\",\"breadcrumb\":{\"@id\":\"https:\\\/\\\/produncan.cl\\\/fr\\\/produit\\\/campo-ustaritz-los-lagos-region-de-los-rios\\\/#breadcrumb\"},\"inLanguage\":\"fr-FR\",\"potentialAction\":[{\"@type\":\"ReadAction\",\"target\":[\"https:\\\/\\\/produncan.cl\\\/fr\\\/produit\\\/campo-ustaritz-los-lagos-region-de-los-rios\\\/\"]}]},{\"@type\":\"ImageObject\",\"inLanguage\":\"fr-FR\",\"@id\":\"https:\\\/\\\/produncan.cl\\\/fr\\\/produit\\\/campo-ustaritz-los-lagos-region-de-los-rios\\\/#primaryimage\",\"url\":\"https:\\\/\\\/produncan.cl\\\/wp-content\\\/uploads\\\/2025\\\/11\\\/Campo-Ustaritz-Los-Lagos.webp\",\"contentUrl\":\"https:\\\/\\\/produncan.cl\\\/wp-content\\\/uploads\\\/2025\\\/11\\\/Campo-Ustaritz-Los-Lagos.webp\",\"width\":800,\"height\":600,\"caption\":\"Campo Ustaritz Los Lagos\"},{\"@type\":\"BreadcrumbList\",\"@id\":\"https:\\\/\\\/produncan.cl\\\/fr\\\/produit\\\/campo-ustaritz-los-lagos-region-de-los-rios\\\/#breadcrumb\",\"itemListElement\":[{\"@type\":\"ListItem\",\"position\":1,\"name\":\"Inicio\",\"item\":\"https:\\\/\\\/produncan.cl\\\/fr\\\/\"},{\"@type\":\"ListItem\",\"position\":2,\"name\":\"Propri\u00e9t\u00e9s\",\"item\":\"https:\\\/\\\/produncan.cl\\\/propiedades\\\/\"},{\"@type\":\"ListItem\",\"position\":3,\"name\":\"Champs\",\"item\":\"https:\\\/\\\/produncan.cl\\\/fr\\\/cat&eacute;gorie\\\/champs\\\/\"},{\"@type\":\"ListItem\",\"position\":4,\"name\":\"Campo Ustaritz, Los Lagos &#8211; R\u00e9gion de Los R\u00edos\"}]},{\"@type\":\"WebSite\",\"@id\":\"https:\\\/\\\/produncan.cl\\\/fr\\\/#website\",\"url\":\"https:\\\/\\\/produncan.cl\\\/fr\\\/\",\"name\":\"Produncan\",\"description\":\"Nous vous accompagnons dans votre projet de vie !\",\"publisher\":{\"@id\":\"https:\\\/\\\/produncan.cl\\\/fr\\\/#organization\"},\"potentialAction\":[{\"@type\":\"SearchAction\",\"target\":{\"@type\":\"EntryPoint\",\"urlTemplate\":\"https:\\\/\\\/produncan.cl\\\/fr\\\/?s={search_term_string}\"},\"query-input\":{\"@type\":\"PropertyValueSpecification\",\"valueRequired\":true,\"valueName\":\"search_term_string\"}}],\"inLanguage\":\"fr-FR\"},{\"@type\":\"Organization\",\"@id\":\"https:\\\/\\\/produncan.cl\\\/fr\\\/#organization\",\"name\":\"Produncan\",\"url\":\"https:\\\/\\\/produncan.cl\\\/fr\\\/\",\"logo\":{\"@type\":\"ImageObject\",\"inLanguage\":\"fr-FR\",\"@id\":\"https:\\\/\\\/produncan.cl\\\/fr\\\/#\\\/schema\\\/logo\\\/image\\\/\",\"url\":\"https:\\\/\\\/produncan.cl\\\/wp-content\\\/uploads\\\/2021\\\/03\\\/LOGO.jpeg\",\"contentUrl\":\"https:\\\/\\\/produncan.cl\\\/wp-content\\\/uploads\\\/2021\\\/03\\\/LOGO.jpeg\",\"width\":1280,\"height\":903,\"caption\":\"Produncan\"},\"image\":{\"@id\":\"https:\\\/\\\/produncan.cl\\\/fr\\\/#\\\/schema\\\/logo\\\/image\\\/\"},\"sameAs\":[\"https:\\\/\\\/web.facebook.com\\\/produncanland\",\"https:\\\/\\\/www.instagram.com\\\/pro_duncan\\\/\",\"https:\\\/\\\/www.linkedin.com\\\/company\\\/produncan-lands\\\/\",\"https:\\\/\\\/www.youtube.com\\\/channel\\\/UCu7N-f3x0svkazD-Eew1-QQ\"],\"description\":\"En Produncan somos especialistas en la venta de terrenos en el sur de Chile. Proveemos estancias, campos, parcelas y hoteles.\",\"email\":\"info@produncan.cl\"}]}<\/script>\n<meta property=\"og:video\" content=\"https:\/\/www.youtube.com\/embed\/WbQjUIwrOGg\" \/>\n<meta property=\"og:video:type\" content=\"text\/html\" \/>\n<meta property=\"og:video:duration\" content=\"99\" \/>\n<meta property=\"og:video:width\" content=\"480\" \/>\n<meta property=\"og:video:height\" content=\"270\" \/>\n<meta property=\"ya:ovs:adult\" content=\"false\" \/>\n<meta property=\"ya:ovs:upload_date\" content=\"2025-11-19T16:06:57+00:00\" \/>\n<meta property=\"ya:ovs:allow_embed\" content=\"true\" \/>\n<meta property=\"product:price:amount\" content=\"5418400.00\" \/>\n<meta property=\"product:price:currency\" content=\"USD\" \/>\n<meta property=\"og:availability\" content=\"instock\" \/>\n<meta property=\"product:availability\" content=\"instock\" \/>\n<meta property=\"product:condition\" content=\"new\" \/>\n<!-- \/ Yoast SEO Premium plugin. -->","yoast_head_json":{"title":"Campo Ustaritz, Los Lagos - R\u00e9gion de Los R\u00edos - Produncan","description":"Domaine laitier \u00e0 Los Lagos, pr\u00e8s de Panguipulli. 215 hectares de prairies, maison de la ferme 480 m2, eau 75 l \/ s, \u00e9nergie en trois phases et installations laiti\u00e8res.","robots":{"index":"index","follow":"follow","max-snippet":"max-snippet:-1","max-image-preview":"max-image-preview:large","max-video-preview":"max-video-preview:-1"},"canonical":"https:\/\/produncan.cl\/fr\/produit\/campo-ustaritz-los-lagos-region-de-los-rios\/","og_locale":"fr_FR","og_type":"article","og_title":"Campo Ustaritz, Los Lagos - R\u00e9gion de Los R\u00edos","og_description":"Domaine laitier \u00e0 Los Lagos, pr\u00e8s de Panguipulli. 215 hectares de prairies, maison de la ferme 480 m2, eau 75 l \/ s, \u00e9nergie en trois phases et installations laiti\u00e8res.","og_url":"https:\/\/produncan.cl\/fr\/produit\/campo-ustaritz-los-lagos-region-de-los-rios\/","og_site_name":"Produncan","article_publisher":"https:\/\/web.facebook.com\/produncanland","article_modified_time":"2025-11-24T16:11:02+00:00","og_image":[{"url":"https:\/\/produncan.cl\/wp-content\/uploads\/2025\/11\/Campo-Ustaritz-Los-Lagos.webp","type":"","width":"","height":""}],"twitter_card":"summary_large_image","twitter_misc":{"Price":"USD5.418.400,00","Availability":"In stock"},"schema":{"@context":"https:\/\/schema.org","@graph":[{"@type":"WebPage","@id":"https:\/\/produncan.cl\/fr\/produit\/campo-ustaritz-los-lagos-region-de-los-rios\/","url":"https:\/\/produncan.cl\/fr\/produit\/campo-ustaritz-los-lagos-region-de-los-rios\/","name":"Campo Ustaritz, Los Lagos - R\u00e9gion de Los R\u00edos - Produncan","isPartOf":{"@id":"https:\/\/produncan.cl\/fr\/#website"},"primaryImageOfPage":{"@id":"https:\/\/produncan.cl\/fr\/produit\/campo-ustaritz-los-lagos-region-de-los-rios\/#primaryimage"},"image":{"@id":"https:\/\/produncan.cl\/fr\/produit\/campo-ustaritz-los-lagos-region-de-los-rios\/#primaryimage"},"thumbnailUrl":"https:\/\/produncan.cl\/wp-content\/uploads\/2025\/11\/Campo-Ustaritz-Los-Lagos.webp","datePublished":"2025-11-19T16:06:57+00:00","dateModified":"2025-11-24T16:11:02+00:00","description":"Domaine laitier \u00e0 Los Lagos, pr\u00e8s de Panguipulli. 215 hectares de prairies, maison de la ferme 480 m2, eau 75 l \/ s, \u00e9nergie en trois phases et installations laiti\u00e8res.","breadcrumb":{"@id":"https:\/\/produncan.cl\/fr\/produit\/campo-ustaritz-los-lagos-region-de-los-rios\/#breadcrumb"},"inLanguage":"fr-FR","potentialAction":[{"@type":"ReadAction","target":["https:\/\/produncan.cl\/fr\/produit\/campo-ustaritz-los-lagos-region-de-los-rios\/"]}]},{"@type":"ImageObject","inLanguage":"fr-FR","@id":"https:\/\/produncan.cl\/fr\/produit\/campo-ustaritz-los-lagos-region-de-los-rios\/#primaryimage","url":"https:\/\/produncan.cl\/wp-content\/uploads\/2025\/11\/Campo-Ustaritz-Los-Lagos.webp","contentUrl":"https:\/\/produncan.cl\/wp-content\/uploads\/2025\/11\/Campo-Ustaritz-Los-Lagos.webp","width":800,"height":600,"caption":"Campo Ustaritz Los Lagos"},{"@type":"BreadcrumbList","@id":"https:\/\/produncan.cl\/fr\/produit\/campo-ustaritz-los-lagos-region-de-los-rios\/#breadcrumb","itemListElement":[{"@type":"ListItem","position":1,"name":"Inicio","item":"https:\/\/produncan.cl\/fr\/"},{"@type":"ListItem","position":2,"name":"Propri\u00e9t\u00e9s","item":"https:\/\/produncan.cl\/propiedades\/"},{"@type":"ListItem","position":3,"name":"Champs","item":"https:\/\/produncan.cl\/fr\/cat&eacute;gorie\/champs\/"},{"@type":"ListItem","position":4,"name":"Campo Ustaritz, Los Lagos &#8211; R\u00e9gion de Los R\u00edos"}]},{"@type":"WebSite","@id":"https:\/\/produncan.cl\/fr\/#website","url":"https:\/\/produncan.cl\/fr\/","name":"Produncan","description":"Nous vous accompagnons dans votre projet de vie !","publisher":{"@id":"https:\/\/produncan.cl\/fr\/#organization"},"potentialAction":[{"@type":"SearchAction","target":{"@type":"EntryPoint","urlTemplate":"https:\/\/produncan.cl\/fr\/?s={search_term_string}"},"query-input":{"@type":"PropertyValueSpecification","valueRequired":true,"valueName":"search_term_string"}}],"inLanguage":"fr-FR"},{"@type":"Organization","@id":"https:\/\/produncan.cl\/fr\/#organization","name":"Produncan","url":"https:\/\/produncan.cl\/fr\/","logo":{"@type":"ImageObject","inLanguage":"fr-FR","@id":"https:\/\/produncan.cl\/fr\/#\/schema\/logo\/image\/","url":"https:\/\/produncan.cl\/wp-content\/uploads\/2021\/03\/LOGO.jpeg","contentUrl":"https:\/\/produncan.cl\/wp-content\/uploads\/2021\/03\/LOGO.jpeg","width":1280,"height":903,"caption":"Produncan"},"image":{"@id":"https:\/\/produncan.cl\/fr\/#\/schema\/logo\/image\/"},"sameAs":["https:\/\/web.facebook.com\/produncanland","https:\/\/www.instagram.com\/pro_duncan\/","https:\/\/www.linkedin.com\/company\/produncan-lands\/","https:\/\/www.youtube.com\/channel\/UCu7N-f3x0svkazD-Eew1-QQ"],"description":"En Produncan somos especialistas en la venta de terrenos en el sur de Chile. Proveemos estancias, campos, parcelas y hoteles.","email":"info@produncan.cl"}]},"og_video":"https:\/\/www.youtube.com\/embed\/WbQjUIwrOGg","og_video_type":"text\/html","og_video_duration":"99","og_video_width":"480","og_video_height":"270","ya_ovs_adult":"false","ya_ovs_upload_date":"2025-11-19T16:06:57+00:00","ya_ovs_allow_embed":"true","product_price_amount":"5418400.00","product_price_currency":"USD","og_availability":"instock","product_availability":"instock","product_condition":"new"},"_links":{"self":[{"href":"https:\/\/produncan.cl\/fr\/wp-json\/wp\/v2\/product\/52115","targetHints":{"allow":["GET"]}}],"collection":[{"href":"https:\/\/produncan.cl\/fr\/wp-json\/wp\/v2\/product"}],"about":[{"href":"https:\/\/produncan.cl\/fr\/wp-json\/wp\/v2\/types\/product"}],"version-history":[{"count":1,"href":"https:\/\/produncan.cl\/fr\/wp-json\/wp\/v2\/product\/52115\/revisions"}],"predecessor-version":[{"id":52129,"href":"https:\/\/produncan.cl\/fr\/wp-json\/wp\/v2\/product\/52115\/revisions\/52129"}],"wp:featuredmedia":[{"embeddable":true,"href":"https:\/\/produncan.cl\/fr\/wp-json\/wp\/v2\/media\/52116"}],"wp:attachment":[{"href":"https:\/\/produncan.cl\/fr\/wp-json\/wp\/v2\/media?parent=52115"}],"wp:term":[{"taxonomy":"product_brand","embeddable":true,"href":"https:\/\/produncan.cl\/fr\/wp-json\/wp\/v2\/product_brand?post=52115"},{"taxonomy":"product_cat","embeddable":true,"href":"https:\/\/produncan.cl\/fr\/wp-json\/wp\/v2\/product_cat?post=52115"},{"taxonomy":"product_tag","embeddable":true,"href":"https:\/\/produncan.cl\/fr\/wp-json\/wp\/v2\/product_tag?post=52115"},{"taxonomy":"regiones","embeddable":true,"href":"https:\/\/produncan.cl\/fr\/wp-json\/wp\/v2\/regiones?post=52115"},{"taxonomy":"ciudades","embeddable":true,"href":"https:\/\/produncan.cl\/fr\/wp-json\/wp\/v2\/ciudades?post=52115"}],"curies":[{"name":"wp","href":"https:\/\/api.w.org\/{rel}","templated":true}]}}