{"id":52175,"date":"2025-11-14T17:37:29","date_gmt":"2025-11-14T20:37:29","guid":{"rendered":"https:\/\/produncan.cl\/propiedad\/terrain-a-puerto-varas-los-risos-ii-region-de-los-lagos\/"},"modified":"2025-11-20T13:21:04","modified_gmt":"2025-11-20T16:21:04","slug":"terrain-a-puerto-varas-los-risos-ii-region-de-los-lagos","status":"publish","type":"product","link":"https:\/\/produncan.cl\/fr\/produit\/terrain-a-puerto-varas-los-risos-ii-region-de-los-lagos\/","title":{"rendered":"Terrain \u00e0 Puerto Varas, Los Risos II &#8211; R\u00e9gion de Los Lagos"},"content":{"rendered":"\t\t<div data-elementor-type=\"product-post\" data-elementor-id=\"52175\" class=\"elementor elementor-52175 elementor-51860\" data-elementor-post-type=\"product\">\n\t\t\t\t<div class=\"elementor-element elementor-element-1065b68 e-flex e-con-boxed e-con e-parent\" data-id=\"1065b68\" data-element_type=\"container\" data-e-type=\"container\" data-settings=\"{&quot;jet_parallax_layout_list&quot;:[]}\">\n\t\t\t\t\t<div class=\"e-con-inner\">\n\t\t\t\t<div class=\"elementor-element elementor-element-9b64ff8 elementor-widget elementor-widget-heading\" data-id=\"9b64ff8\" data-element_type=\"widget\" data-e-type=\"widget\" data-widget_type=\"heading.default\">\n\t\t\t\t\t<h2 class=\"elementor-heading-title elementor-size-default\">Terrain avec proche de la route et tous les services<\/h2>\t\t\t\t<\/div>\n\t\t\t\t\t<\/div>\n\t\t\t\t<\/div>\n\t\t<div class=\"elementor-element elementor-element-6f9dd74 e-flex e-con-boxed e-con e-parent\" data-id=\"6f9dd74\" data-element_type=\"container\" data-e-type=\"container\" data-settings=\"{&quot;jet_parallax_layout_list&quot;:[]}\">\n\t\t\t\t\t<div class=\"e-con-inner\">\n\t\t\t\t<div class=\"elementor-element elementor-element-bf22751 elementor-widget elementor-widget-text-editor\" data-id=\"bf22751\" data-element_type=\"widget\" data-e-type=\"widget\" data-widget_type=\"text-editor.default\">\n\t\t\t\t\t\t\t\t\t<p>Ce terrain situ\u00e9 dans la r\u00e9gion de Los Lagos, tr\u00e8s proche de la route et \u00e0 quelques minutes de Puerto Varas, est une occasion exceptionnelle pour ceux qui cherchent \u00e0 construire un projet de vie ou faire un investissement strat\u00e9gique dans un environnement naturel privil\u00e9gi\u00e9. Sa superficie de 5000 m2, enti\u00e8rement utilisable, a une l\u00e9g\u00e8re pente \u00e0 l&#8217;est qui vous permet de profiter d&#8217;une vue sur le lac et garantit une excellente exposition solaire tout au long de la journ\u00e9e. La topographie facilite toute conception architecturale et fait de ce terrain une toile parfaite pour construire une maison.<\/p><p>Son emplacement est l&#8217;un de ses plus grands attributs. Il est reli\u00e9 \u00e0 des routes principalement asphalt\u00e9es et n\u00e9cessite seulement 200 m\u00e8tres de ridium en excellent \u00e9tat pour atteindre la propri\u00e9t\u00e9. De la parcelle, vous pouvez acc\u00e9der rapidement \u00e0 la Route 225, o\u00f9 vous pouvez \u00e9galement trouver les transports en commun \u00e0 une courte distance. L&#8217;a\u00e9roport est \u00e0 seulement 45 minutes, ce qui permet de combiner la tranquillit\u00e9 de la campagne avec le confort de la connectivit\u00e9 urbaine. En outre, Puerto Varas est \u00e0 quelques minutes, offrant services, gastronomie, commerce et une vie culturelle dynamique.<\/p><p>Le terrain a d\u00e9j\u00e0 de l&#8217;\u00e9lectricit\u00e9 au moyen d&#8217;une jonction int\u00e9rieure et a sa propre eau gr\u00e2ce \u00e0 un puits enregistr\u00e9. Il n&#8217;y a pas de servitude, de restrictions, de r\u00e9glementation interne ou de d\u00e9penses communes, ce qui donne une libert\u00e9 totale de construire et de d\u00e9velopper le projet souhait\u00e9 sans limitations. En l&#8217;absence de construction ou de fermeture du p\u00e9rim\u00e8tre, l&#8217;acheteur a la possibilit\u00e9 de concevoir chaque d\u00e9tail \u00e0 partir de z\u00e9ro et d&#8217;adapter compl\u00e8tement l&#8217;espace \u00e0 vos besoins.<\/p><p>L&#8217;environnement se caract\u00e9rise par sa tranquillit\u00e9, sa s\u00e9curit\u00e9 et sa beaut\u00e9 naturelle. La zone combine silence, v\u00e9g\u00e9tation et vues claires, ce qui en fait un v\u00e9ritable abri de repos. De l\u00e0 il est possible de profiter de nombreuses attractions voisines telles que Ensenada, Frutillar, Petrohu\u00e9, Lac Todos los Santos, Ral\u00fan et Cocham\u00f3, des lieux embl\u00e9matiques dans le sud du Chili qui apportent valeur touristique, beaut\u00e9 panoramique et une projection remarquable de la plus-value.<\/p><p>Cette parcelle repr\u00e9sente une combinaison inhabituelle d&#8217;accessibilit\u00e9, services, vue, emplacement strat\u00e9gique et libert\u00e9 de conception. C&#8217;est un terrain id\u00e9al pour ceux qui cherchent \u00e0 vivre dans un environnement naturel sans renoncer \u00e0 la proximit\u00e9 d&#8217;une ville comme Puerto Varas, ou pour ceux qui veulent investir dans une zone de demande croissante et de haute valeur. Si vous cherchez un endroit o\u00f9 le potentiel et la beaut\u00e9 s&#8217;unissent, cette propri\u00e9t\u00e9 est une invitation \u00e0 imaginer et construire votre avenir dans un environnement incomparable.<\/p>\t\t\t\t\t\t\t\t<\/div>\n\t\t\t\t\t<\/div>\n\t\t\t\t<\/div>\n\t\t\t\t<\/div>\n\t\t","protected":false},"excerpt":{"rendered":"<p>Terrain \u00e0 Puerto Varas, \u00e0 quelques pas de la route et avec tous les services : eau enregistr\u00e9e, \u00e9lectricit\u00e9 et bon signal. Seulement 200 m\u00e8tres de ripian, petit projet avec des maisons construites, belle vue sur le pays et le lac.<\/p>\n","protected":false},"featured_media":52176,"template":"","meta":{"_acf_changed":false},"product_brand":[],"product_cat":[113],"product_tag":[236],"regiones":[226],"ciudades":[213,219],"class_list":{"0":"post-52175","1":"product","2":"type-product","3":"status-publish","4":"has-post-thumbnail","6":"product_cat-ohiggins-los-lagos-fr","7":"product_tag-parcelles","8":"regiones-nuble-los_lagos","9":"ciudades-ensenada","10":"ciudades-puerto-varas","12":"first","13":"instock","14":"shipping-taxable","15":"purchasable","16":"product-type-simple"},"acf":[],"yoast_head":"<!-- This site is optimized with the Yoast SEO Premium plugin v26.0 (Yoast SEO v27.4) - https:\/\/yoast.com\/product\/yoast-seo-premium-wordpress\/ -->\n<title>Terrain \u00e0 Puerto Varas, Los Risos II - R\u00e9gion de Los Lagos - Produncan<\/title>\n<meta name=\"description\" content=\"Terrain \u00e0 Puerto Varas, \u00e0 quelques pas de la route, avec de l&#039;eau enregistr\u00e9e, lumi\u00e8re, bon panneau et vue sur le lac. Petit projet avec des maisons et seulement 200 m de ridium.\" \/>\n<meta name=\"robots\" content=\"index, follow, max-snippet:-1, max-image-preview:large, max-video-preview:-1\" \/>\n<link rel=\"canonical\" href=\"https:\/\/produncan.cl\/fr\/produit\/terrain-a-puerto-varas-los-risos-ii-region-de-los-lagos\/\" \/>\n<meta property=\"og:locale\" content=\"fr_FR\" \/>\n<meta property=\"og:type\" content=\"article\" \/>\n<meta property=\"og:title\" content=\"Terrain \u00e0 Puerto Varas, Los Risos II - R\u00e9gion de Los Lagos\" \/>\n<meta property=\"og:description\" content=\"Terrain \u00e0 Puerto Varas, \u00e0 quelques pas de la route, avec de l&#039;eau enregistr\u00e9e, lumi\u00e8re, bon panneau et vue sur le lac. Petit projet avec des maisons et seulement 200 m de ridium.\" \/>\n<meta property=\"og:url\" content=\"https:\/\/produncan.cl\/fr\/produit\/terrain-a-puerto-varas-los-risos-ii-region-de-los-lagos\/\" \/>\n<meta property=\"og:site_name\" content=\"Produncan\" \/>\n<meta property=\"article:publisher\" content=\"https:\/\/web.facebook.com\/produncanland\" \/>\n<meta property=\"article:modified_time\" content=\"2025-11-20T16:21:04+00:00\" \/>\n<meta property=\"og:image\" content=\"https:\/\/produncan.cl\/wp-content\/uploads\/2025\/11\/Parcela-Los-Riscos-II-Ensenada.webp\" \/>\n<meta name=\"twitter:card\" content=\"summary_large_image\" \/>\n<meta name=\"twitter:label1\" content=\"Price\" \/>\n\t<meta name=\"twitter:data1\" content=\"USD103.400,00\" \/>\n\t<meta name=\"twitter:label2\" content=\"Availability\" \/>\n\t<meta name=\"twitter:data2\" content=\"In stock\" \/>\n<script type=\"application\/ld+json\" class=\"yoast-schema-graph\">{\"@context\":\"https:\\\/\\\/schema.org\",\"@graph\":[{\"@type\":\"WebPage\",\"@id\":\"https:\\\/\\\/produncan.cl\\\/fr\\\/produit\\\/terrain-a-puerto-varas-los-risos-ii-region-de-los-lagos\\\/\",\"url\":\"https:\\\/\\\/produncan.cl\\\/fr\\\/produit\\\/terrain-a-puerto-varas-los-risos-ii-region-de-los-lagos\\\/\",\"name\":\"Terrain \u00e0 Puerto Varas, Los Risos II - R\u00e9gion de Los Lagos - Produncan\",\"isPartOf\":{\"@id\":\"https:\\\/\\\/produncan.cl\\\/fr\\\/#website\"},\"primaryImageOfPage\":{\"@id\":\"https:\\\/\\\/produncan.cl\\\/fr\\\/produit\\\/terrain-a-puerto-varas-los-risos-ii-region-de-los-lagos\\\/#primaryimage\"},\"image\":{\"@id\":\"https:\\\/\\\/produncan.cl\\\/fr\\\/produit\\\/terrain-a-puerto-varas-los-risos-ii-region-de-los-lagos\\\/#primaryimage\"},\"thumbnailUrl\":\"https:\\\/\\\/produncan.cl\\\/wp-content\\\/uploads\\\/2025\\\/11\\\/Parcela-Los-Riscos-II-Ensenada.webp\",\"datePublished\":\"2025-11-14T20:37:29+00:00\",\"dateModified\":\"2025-11-20T16:21:04+00:00\",\"description\":\"Terrain \u00e0 Puerto Varas, \u00e0 quelques pas de la route, avec de l'eau enregistr\u00e9e, lumi\u00e8re, bon panneau et vue sur le lac. Petit projet avec des maisons et seulement 200 m de ridium.\",\"breadcrumb\":{\"@id\":\"https:\\\/\\\/produncan.cl\\\/fr\\\/produit\\\/terrain-a-puerto-varas-los-risos-ii-region-de-los-lagos\\\/#breadcrumb\"},\"inLanguage\":\"fr-FR\",\"potentialAction\":[{\"@type\":\"ReadAction\",\"target\":[\"https:\\\/\\\/produncan.cl\\\/fr\\\/produit\\\/terrain-a-puerto-varas-los-risos-ii-region-de-los-lagos\\\/\"]}]},{\"@type\":\"ImageObject\",\"inLanguage\":\"fr-FR\",\"@id\":\"https:\\\/\\\/produncan.cl\\\/fr\\\/produit\\\/terrain-a-puerto-varas-los-risos-ii-region-de-los-lagos\\\/#primaryimage\",\"url\":\"https:\\\/\\\/produncan.cl\\\/wp-content\\\/uploads\\\/2025\\\/11\\\/Parcela-Los-Riscos-II-Ensenada.webp\",\"contentUrl\":\"https:\\\/\\\/produncan.cl\\\/wp-content\\\/uploads\\\/2025\\\/11\\\/Parcela-Los-Riscos-II-Ensenada.webp\",\"width\":800,\"height\":600,\"caption\":\"Emplacement Les risques II Ensenada\"},{\"@type\":\"BreadcrumbList\",\"@id\":\"https:\\\/\\\/produncan.cl\\\/fr\\\/produit\\\/terrain-a-puerto-varas-los-risos-ii-region-de-los-lagos\\\/#breadcrumb\",\"itemListElement\":[{\"@type\":\"ListItem\",\"position\":1,\"name\":\"Inicio\",\"item\":\"https:\\\/\\\/produncan.cl\\\/fr\\\/\"},{\"@type\":\"ListItem\",\"position\":2,\"name\":\"Propri\u00e9t\u00e9s\",\"item\":\"https:\\\/\\\/produncan.cl\\\/propiedades\\\/\"},{\"@type\":\"ListItem\",\"position\":3,\"name\":\"Parcelles\",\"item\":\"https:\\\/\\\/produncan.cl\\\/fr\\\/cat&eacute;gorie\\\/parcelles\\\/\"},{\"@type\":\"ListItem\",\"position\":4,\"name\":\"Terrain \u00e0 Puerto Varas, Los Risos II &#8211; R\u00e9gion de Los Lagos\"}]},{\"@type\":\"WebSite\",\"@id\":\"https:\\\/\\\/produncan.cl\\\/fr\\\/#website\",\"url\":\"https:\\\/\\\/produncan.cl\\\/fr\\\/\",\"name\":\"Produncan\",\"description\":\"Nous vous accompagnons dans votre projet de vie !\",\"publisher\":{\"@id\":\"https:\\\/\\\/produncan.cl\\\/fr\\\/#organization\"},\"potentialAction\":[{\"@type\":\"SearchAction\",\"target\":{\"@type\":\"EntryPoint\",\"urlTemplate\":\"https:\\\/\\\/produncan.cl\\\/fr\\\/?s={search_term_string}\"},\"query-input\":{\"@type\":\"PropertyValueSpecification\",\"valueRequired\":true,\"valueName\":\"search_term_string\"}}],\"inLanguage\":\"fr-FR\"},{\"@type\":\"Organization\",\"@id\":\"https:\\\/\\\/produncan.cl\\\/fr\\\/#organization\",\"name\":\"Produncan\",\"url\":\"https:\\\/\\\/produncan.cl\\\/fr\\\/\",\"logo\":{\"@type\":\"ImageObject\",\"inLanguage\":\"fr-FR\",\"@id\":\"https:\\\/\\\/produncan.cl\\\/fr\\\/#\\\/schema\\\/logo\\\/image\\\/\",\"url\":\"https:\\\/\\\/produncan.cl\\\/wp-content\\\/uploads\\\/2021\\\/03\\\/LOGO.jpeg\",\"contentUrl\":\"https:\\\/\\\/produncan.cl\\\/wp-content\\\/uploads\\\/2021\\\/03\\\/LOGO.jpeg\",\"width\":1280,\"height\":903,\"caption\":\"Produncan\"},\"image\":{\"@id\":\"https:\\\/\\\/produncan.cl\\\/fr\\\/#\\\/schema\\\/logo\\\/image\\\/\"},\"sameAs\":[\"https:\\\/\\\/web.facebook.com\\\/produncanland\",\"https:\\\/\\\/www.instagram.com\\\/pro_duncan\\\/\",\"https:\\\/\\\/www.linkedin.com\\\/company\\\/produncan-lands\\\/\",\"https:\\\/\\\/www.youtube.com\\\/channel\\\/UCu7N-f3x0svkazD-Eew1-QQ\"],\"description\":\"En Produncan somos especialistas en la venta de terrenos en el sur de Chile. Proveemos estancias, campos, parcelas y hoteles.\",\"email\":\"info@produncan.cl\"}]}<\/script>\n<meta property=\"og:video\" content=\"https:\/\/www.youtube.com\/embed\/c3_lDOPl9gM\" \/>\n<meta property=\"og:video:type\" content=\"text\/html\" \/>\n<meta property=\"og:video:duration\" content=\"69\" \/>\n<meta property=\"og:video:width\" content=\"480\" \/>\n<meta property=\"og:video:height\" content=\"270\" \/>\n<meta property=\"ya:ovs:adult\" content=\"false\" \/>\n<meta property=\"ya:ovs:upload_date\" content=\"2025-11-14T20:37:29+00:00\" \/>\n<meta property=\"ya:ovs:allow_embed\" content=\"true\" \/>\n<meta property=\"product:price:amount\" content=\"103400.00\" \/>\n<meta property=\"product:price:currency\" content=\"USD\" \/>\n<meta property=\"og:availability\" content=\"instock\" \/>\n<meta property=\"product:availability\" content=\"instock\" \/>\n<meta property=\"product:condition\" content=\"new\" \/>\n<!-- \/ Yoast SEO Premium plugin. -->","yoast_head_json":{"title":"Terrain \u00e0 Puerto Varas, Los Risos II - R\u00e9gion de Los Lagos - Produncan","description":"Terrain \u00e0 Puerto Varas, \u00e0 quelques pas de la route, avec de l'eau enregistr\u00e9e, lumi\u00e8re, bon panneau et vue sur le lac. Petit projet avec des maisons et seulement 200 m de ridium.","robots":{"index":"index","follow":"follow","max-snippet":"max-snippet:-1","max-image-preview":"max-image-preview:large","max-video-preview":"max-video-preview:-1"},"canonical":"https:\/\/produncan.cl\/fr\/produit\/terrain-a-puerto-varas-los-risos-ii-region-de-los-lagos\/","og_locale":"fr_FR","og_type":"article","og_title":"Terrain \u00e0 Puerto Varas, Los Risos II - R\u00e9gion de Los Lagos","og_description":"Terrain \u00e0 Puerto Varas, \u00e0 quelques pas de la route, avec de l'eau enregistr\u00e9e, lumi\u00e8re, bon panneau et vue sur le lac. Petit projet avec des maisons et seulement 200 m de ridium.","og_url":"https:\/\/produncan.cl\/fr\/produit\/terrain-a-puerto-varas-los-risos-ii-region-de-los-lagos\/","og_site_name":"Produncan","article_publisher":"https:\/\/web.facebook.com\/produncanland","article_modified_time":"2025-11-20T16:21:04+00:00","og_image":[{"url":"https:\/\/produncan.cl\/wp-content\/uploads\/2025\/11\/Parcela-Los-Riscos-II-Ensenada.webp","type":"","width":"","height":""}],"twitter_card":"summary_large_image","twitter_misc":{"Price":"USD103.400,00","Availability":"In stock"},"schema":{"@context":"https:\/\/schema.org","@graph":[{"@type":"WebPage","@id":"https:\/\/produncan.cl\/fr\/produit\/terrain-a-puerto-varas-los-risos-ii-region-de-los-lagos\/","url":"https:\/\/produncan.cl\/fr\/produit\/terrain-a-puerto-varas-los-risos-ii-region-de-los-lagos\/","name":"Terrain \u00e0 Puerto Varas, Los Risos II - R\u00e9gion de Los Lagos - Produncan","isPartOf":{"@id":"https:\/\/produncan.cl\/fr\/#website"},"primaryImageOfPage":{"@id":"https:\/\/produncan.cl\/fr\/produit\/terrain-a-puerto-varas-los-risos-ii-region-de-los-lagos\/#primaryimage"},"image":{"@id":"https:\/\/produncan.cl\/fr\/produit\/terrain-a-puerto-varas-los-risos-ii-region-de-los-lagos\/#primaryimage"},"thumbnailUrl":"https:\/\/produncan.cl\/wp-content\/uploads\/2025\/11\/Parcela-Los-Riscos-II-Ensenada.webp","datePublished":"2025-11-14T20:37:29+00:00","dateModified":"2025-11-20T16:21:04+00:00","description":"Terrain \u00e0 Puerto Varas, \u00e0 quelques pas de la route, avec de l'eau enregistr\u00e9e, lumi\u00e8re, bon panneau et vue sur le lac. Petit projet avec des maisons et seulement 200 m de ridium.","breadcrumb":{"@id":"https:\/\/produncan.cl\/fr\/produit\/terrain-a-puerto-varas-los-risos-ii-region-de-los-lagos\/#breadcrumb"},"inLanguage":"fr-FR","potentialAction":[{"@type":"ReadAction","target":["https:\/\/produncan.cl\/fr\/produit\/terrain-a-puerto-varas-los-risos-ii-region-de-los-lagos\/"]}]},{"@type":"ImageObject","inLanguage":"fr-FR","@id":"https:\/\/produncan.cl\/fr\/produit\/terrain-a-puerto-varas-los-risos-ii-region-de-los-lagos\/#primaryimage","url":"https:\/\/produncan.cl\/wp-content\/uploads\/2025\/11\/Parcela-Los-Riscos-II-Ensenada.webp","contentUrl":"https:\/\/produncan.cl\/wp-content\/uploads\/2025\/11\/Parcela-Los-Riscos-II-Ensenada.webp","width":800,"height":600,"caption":"Emplacement Les risques II Ensenada"},{"@type":"BreadcrumbList","@id":"https:\/\/produncan.cl\/fr\/produit\/terrain-a-puerto-varas-los-risos-ii-region-de-los-lagos\/#breadcrumb","itemListElement":[{"@type":"ListItem","position":1,"name":"Inicio","item":"https:\/\/produncan.cl\/fr\/"},{"@type":"ListItem","position":2,"name":"Propri\u00e9t\u00e9s","item":"https:\/\/produncan.cl\/propiedades\/"},{"@type":"ListItem","position":3,"name":"Parcelles","item":"https:\/\/produncan.cl\/fr\/cat&eacute;gorie\/parcelles\/"},{"@type":"ListItem","position":4,"name":"Terrain \u00e0 Puerto Varas, Los Risos II &#8211; R\u00e9gion de Los Lagos"}]},{"@type":"WebSite","@id":"https:\/\/produncan.cl\/fr\/#website","url":"https:\/\/produncan.cl\/fr\/","name":"Produncan","description":"Nous vous accompagnons dans votre projet de vie !","publisher":{"@id":"https:\/\/produncan.cl\/fr\/#organization"},"potentialAction":[{"@type":"SearchAction","target":{"@type":"EntryPoint","urlTemplate":"https:\/\/produncan.cl\/fr\/?s={search_term_string}"},"query-input":{"@type":"PropertyValueSpecification","valueRequired":true,"valueName":"search_term_string"}}],"inLanguage":"fr-FR"},{"@type":"Organization","@id":"https:\/\/produncan.cl\/fr\/#organization","name":"Produncan","url":"https:\/\/produncan.cl\/fr\/","logo":{"@type":"ImageObject","inLanguage":"fr-FR","@id":"https:\/\/produncan.cl\/fr\/#\/schema\/logo\/image\/","url":"https:\/\/produncan.cl\/wp-content\/uploads\/2021\/03\/LOGO.jpeg","contentUrl":"https:\/\/produncan.cl\/wp-content\/uploads\/2021\/03\/LOGO.jpeg","width":1280,"height":903,"caption":"Produncan"},"image":{"@id":"https:\/\/produncan.cl\/fr\/#\/schema\/logo\/image\/"},"sameAs":["https:\/\/web.facebook.com\/produncanland","https:\/\/www.instagram.com\/pro_duncan\/","https:\/\/www.linkedin.com\/company\/produncan-lands\/","https:\/\/www.youtube.com\/channel\/UCu7N-f3x0svkazD-Eew1-QQ"],"description":"En Produncan somos especialistas en la venta de terrenos en el sur de Chile. Proveemos estancias, campos, parcelas y hoteles.","email":"info@produncan.cl"}]},"og_video":"https:\/\/www.youtube.com\/embed\/c3_lDOPl9gM","og_video_type":"text\/html","og_video_duration":"69","og_video_width":"480","og_video_height":"270","ya_ovs_adult":"false","ya_ovs_upload_date":"2025-11-14T20:37:29+00:00","ya_ovs_allow_embed":"true","product_price_amount":"103400.00","product_price_currency":"USD","og_availability":"instock","product_availability":"instock","product_condition":"new"},"_links":{"self":[{"href":"https:\/\/produncan.cl\/fr\/wp-json\/wp\/v2\/product\/52175","targetHints":{"allow":["GET"]}}],"collection":[{"href":"https:\/\/produncan.cl\/fr\/wp-json\/wp\/v2\/product"}],"about":[{"href":"https:\/\/produncan.cl\/fr\/wp-json\/wp\/v2\/types\/product"}],"version-history":[{"count":1,"href":"https:\/\/produncan.cl\/fr\/wp-json\/wp\/v2\/product\/52175\/revisions"}],"predecessor-version":[{"id":52189,"href":"https:\/\/produncan.cl\/fr\/wp-json\/wp\/v2\/product\/52175\/revisions\/52189"}],"wp:featuredmedia":[{"embeddable":true,"href":"https:\/\/produncan.cl\/fr\/wp-json\/wp\/v2\/media\/52176"}],"wp:attachment":[{"href":"https:\/\/produncan.cl\/fr\/wp-json\/wp\/v2\/media?parent=52175"}],"wp:term":[{"taxonomy":"product_brand","embeddable":true,"href":"https:\/\/produncan.cl\/fr\/wp-json\/wp\/v2\/product_brand?post=52175"},{"taxonomy":"product_cat","embeddable":true,"href":"https:\/\/produncan.cl\/fr\/wp-json\/wp\/v2\/product_cat?post=52175"},{"taxonomy":"product_tag","embeddable":true,"href":"https:\/\/produncan.cl\/fr\/wp-json\/wp\/v2\/product_tag?post=52175"},{"taxonomy":"regiones","embeddable":true,"href":"https:\/\/produncan.cl\/fr\/wp-json\/wp\/v2\/regiones?post=52175"},{"taxonomy":"ciudades","embeddable":true,"href":"https:\/\/produncan.cl\/fr\/wp-json\/wp\/v2\/ciudades?post=52175"}],"curies":[{"name":"wp","href":"https:\/\/api.w.org\/{rel}","templated":true}]}}