{"id":53145,"date":"2025-12-05T12:12:31","date_gmt":"2025-12-05T15:12:31","guid":{"rendered":"https:\/\/produncan.cl\/propiedad\/campo-la-colina-llanada-grande-region-de-lagos\/"},"modified":"2026-02-18T12:50:05","modified_gmt":"2026-02-18T15:50:05","slug":"campo-la-colina-llanada-grande-region-de-lagos","status":"publish","type":"product","link":"https:\/\/produncan.cl\/fr\/produit\/campo-la-colina-llanada-grande-region-de-lagos\/","title":{"rendered":"Campo La Colina, Llanada Grande &#8211; R\u00e9gion de Lagos"},"content":{"rendered":"\t\t<div data-elementor-type=\"product-post\" data-elementor-id=\"53145\" class=\"elementor elementor-53145 elementor-52934\" data-elementor-post-type=\"product\">\n\t\t\t\t<div class=\"elementor-element elementor-element-529aa13 e-flex e-con-boxed e-con e-parent\" data-id=\"529aa13\" data-element_type=\"container\" data-e-type=\"container\" data-settings=\"{&quot;jet_parallax_layout_list&quot;:[]}\">\n\t\t\t\t\t<div class=\"e-con-inner\">\n\t\t\t\t<div class=\"elementor-element elementor-element-e7b6276 elementor-widget elementor-widget-heading\" data-id=\"e7b6276\" data-element_type=\"widget\" data-e-type=\"widget\" data-widget_type=\"heading.default\">\n\t\t\t\t\t<h2 class=\"elementor-heading-title elementor-size-default\">206 hectares entre le lac Azul et le lac Las Rocas<\/h2>\t\t\t\t<\/div>\n\t\t\t\t\t<\/div>\n\t\t\t\t<\/div>\n\t\t<div class=\"elementor-element elementor-element-bf5712a e-flex e-con-boxed e-con e-parent\" data-id=\"bf5712a\" data-element_type=\"container\" data-e-type=\"container\" data-settings=\"{&quot;jet_parallax_layout_list&quot;:[]}\">\n\t\t\t\t\t<div class=\"e-con-inner\">\n\t\t\t\t<div class=\"elementor-element elementor-element-4b170f3 elementor-widget elementor-widget-text-editor\" data-id=\"4b170f3\" data-element_type=\"widget\" data-e-type=\"widget\" data-widget_type=\"text-editor.default\">\n\t\t\t\t\t\t\t\t\t<p>Au c\u0153ur de la vall\u00e9e du Puelo, entour\u00e9 de montagnes, de rivi\u00e8res et de for\u00eats indig\u00e8nes, se trouve Campo La Colina : une propri\u00e9t\u00e9 vierge, autonome et unique en son genre. Avec une superficie totale de 206 hectares, cette propri\u00e9t\u00e9 combine des zones agricoles productives, des zones foresti\u00e8res matures et de vastes prairies, le tout dans un environnement naturel d&#8217;une beaut\u00e9 exceptionnelle. Situ\u00e9 \u00e0 16 kilom\u00e8tres de la ville de Llanada Grande et \u00e0 seulement 3 kilom\u00e8tres du lac de Las Rocas, il offre un style de vie isol\u00e9, calme et profond\u00e9ment li\u00e9 \u00e0 la nature.<\/p>\n<p>La terre a son propre r\u00f4le et sa subdivision approuv\u00e9es par le SAG. Son utilisation du sol est agricole et sa composition est mixte entre les sols agricoles et forestiers. La topographie combine des secteurs plats, ondul\u00e9s et cordill\u00e9riens, permettant diff\u00e9rentes utilisations, de la production \u00e0 la conservation. Il dispose d&#8217;\u00e9lectricit\u00e9 \u00e0 travers des panneaux solaires, g\u00e9n\u00e9rateur et la possibilit\u00e9 de profiter d&#8217;un flux pour turbines \u00e9lectriques en hiver. L&#8217;approvisionnement en eau est garanti par la rivi\u00e8re Cataratas, deux cours d&#8217;eau et des pentes naturelles, avec un raccordement direct \u00e0 la maison avec des tuyaux.<\/p>\n<p>La propri\u00e9t\u00e9 comprend deux maisons, galapos, cave \u00e0 c\u00e9r\u00e9ales, boiseries et diverses structures productives. Il est directement reli\u00e9 \u00e0 la rivi\u00e8re Cataratas, et sa fermeture du p\u00e9rim\u00e8tre est termin\u00e9e, \u00e0 l&#8217;exception des zones de montagne et de la rivi\u00e8re. Il dispose de 35 hectares propres pour les cultures et les p\u00e2turages, utilis\u00e9s pr\u00e9c\u00e9demment pour l&#8217;avoine, le bl\u00e9, les pommes de terre et les fourrages, toujours sans utilisation chimique, fertilis\u00e9s uniquement avec des engrais naturels d&#8217;animaux. En outre, il a buveurs, cordons, un gallon de 20 chevaux avec un marcheur et un deuxi\u00e8me \u00e9tage, et un gallon suppl\u00e9mentaire pour les moutons. La flore indig\u00e8ne comprend les \u00f1ires, les cipr\u00e9s, les coihues et les fruits, tandis que la faune du secteur consid\u00e8re des esp\u00e8ces telles que le puma, le pudu, la g\u00fci\u00f1a et le sanglier.<\/p>\n<p>La campagne est situ\u00e9e dans le secteur de Lago Las Rocas, \u00e0 Cocham\u00f3, dans la r\u00e9gion de Los Lagos. Il est accessible directement depuis une route publique, et l&#8217;a\u00e9roport le plus proche est El Tepual, \u00e0 Puerto Montt, \u00e0 environ six heures compte tenu du passage par barge et des d\u00e9placements en v\u00e9hicule. La ville la plus proche est Llanada Grande. Le signal de t\u00e9l\u00e9communication est limit\u00e9, ce qui accentue la tranquillit\u00e9 de l&#8217;environnement. Pr\u00e8s de la campagne sont des attractions naturelles telles que Lago Las Rocas, la rivi\u00e8re Puelo et diverses cascades, dans un climat de montagne pluvieux typique de la r\u00e9gion.<\/p>\n<p>La maison principale a \u00e9t\u00e9 construite en 2010 et dispose de 90 m\u00e8tres carr\u00e9s, avec une chambre, tandis que la maison du gardien offre deux chambres suppl\u00e9mentaires. Au total, la propri\u00e9t\u00e9 dispose de deux salles de bains. La cave principale est assez grande pour \u00eatre permise comme une maison si d\u00e9sir\u00e9. Le syst\u00e8me d&#8217;eau chaude est exploit\u00e9 par le bois de chauffage et le r\u00e9servoir thermique, et le chauffage par combustion lente.<\/p>\n<p>En tant qu&#8217;\u00e9l\u00e9ment suppl\u00e9mentaire, le champ a un projet de subdivision approuv\u00e9 par SAG, comprenant 33 lots au total, dont 28 unit\u00e9s de moins d&#8217;un hectare, quatre lots macro et beaucoup plus de 146 hectares. Parmi ceux-ci, il y a beaucoup de 4,6 hectares qui concentrent les principales installations, notamment la maison de l&#8217;employeur, la maison du gardien, le galapos, le bois\u00e9, la maison du g\u00e9n\u00e9rateur, les annexes de production, les poules, les pommiers et les corrals.<\/p>\n<p>Campo La Colina est une opportunit\u00e9 exceptionnelle pour ceux qui recherchent un cadre vaste, productif et naturel, id\u00e9al pour les projets agricoles, la conservation, le tourisme naturel ou un abri autosuffisant dans l&#8217;une des zones les plus vierges du sud du Chili.<\/p>\n<p>Contactez-nous et connaissez votre nouvelle destin\u00e9e !<\/p>\n\t\t\t\t\t\t\t\t<\/div>\n\t\t\t\t\t<\/div>\n\t\t\t\t<\/div>\n\t\t\t\t<\/div>\n\t\t","protected":false},"excerpt":{"rendered":"<p>Terrain \u00e0 Llanada Grande de 206 hectares. Acc\u00e8s depuis la route publique, 36 hectares de prairies, rivi\u00e8re, maison patronale, maison gardienne, gallon, installations et \u00e9nergie solaire. Pr\u00e8s du lac Las Rocas et du lac Azul. Avec subdivision en 33 lots.<\/p>\n","protected":false},"featured_media":53146,"template":"","meta":{"_acf_changed":false},"product_brand":[],"product_cat":[113],"product_tag":[233],"regiones":[226],"ciudades":[510],"class_list":{"0":"post-53145","1":"product","2":"type-product","3":"status-publish","4":"has-post-thumbnail","6":"product_cat-ohiggins-los-lagos-fr","7":"product_tag-champs","8":"regiones-nuble-los_lagos","9":"ciudades-llanada-grande","11":"first","12":"instock","13":"shipping-taxable","14":"purchasable","15":"product-type-simple"},"acf":[],"yoast_head":"<!-- This site is optimized with the Yoast SEO Premium plugin v26.0 (Yoast SEO v27.4) - https:\/\/yoast.com\/product\/yoast-seo-premium-wordpress\/ -->\n<title>Campo La Colina, Llanada Grande - R\u00e9gion de Lagos - Produncan<\/title>\n<meta name=\"description\" content=\"Champ de 206 ha \u00e0 Llanada Grande avec 36 ha de prairies, rivi\u00e8re, maisons, gallon, \u00e9nergie solaire et lotissement en 33 lots. Pr\u00e8s des lacs Las Rocas et Azul.\" \/>\n<meta name=\"robots\" content=\"index, follow, max-snippet:-1, max-image-preview:large, max-video-preview:-1\" \/>\n<link rel=\"canonical\" href=\"https:\/\/produncan.cl\/fr\/produit\/campo-la-colina-llanada-grande-region-de-lagos\/\" \/>\n<meta property=\"og:locale\" content=\"fr_FR\" \/>\n<meta property=\"og:type\" content=\"article\" \/>\n<meta property=\"og:title\" content=\"Campo La Colina, Llanada Grande - R\u00e9gion de Lagos\" \/>\n<meta property=\"og:description\" content=\"Champ de 206 ha \u00e0 Llanada Grande avec 36 ha de prairies, rivi\u00e8re, maisons, gallon, \u00e9nergie solaire et lotissement en 33 lots. Pr\u00e8s des lacs Las Rocas et Azul.\" \/>\n<meta property=\"og:url\" content=\"https:\/\/produncan.cl\/fr\/produit\/campo-la-colina-llanada-grande-region-de-lagos\/\" \/>\n<meta property=\"og:site_name\" content=\"Produncan\" \/>\n<meta property=\"article:publisher\" content=\"https:\/\/web.facebook.com\/produncanland\" \/>\n<meta property=\"article:modified_time\" content=\"2026-02-18T15:50:05+00:00\" \/>\n<meta property=\"og:image\" content=\"https:\/\/produncan.cl\/wp-content\/uploads\/2025\/12\/Campo-La-Colina-Llanada-Grande.webp\" \/>\n\t<meta property=\"og:image:width\" content=\"800\" \/>\n\t<meta property=\"og:image:height\" content=\"600\" \/>\n\t<meta property=\"og:image:type\" content=\"image\/webp\" \/>\n<meta name=\"twitter:card\" content=\"summary_large_image\" \/>\n<meta name=\"twitter:label1\" content=\"Price\" \/>\n\t<meta name=\"twitter:data1\" content=\"USD1.561.000,00\" \/>\n\t<meta name=\"twitter:label2\" content=\"Availability\" \/>\n\t<meta name=\"twitter:data2\" content=\"In stock\" \/>\n<script type=\"application\/ld+json\" class=\"yoast-schema-graph\">{\"@context\":\"https:\\\/\\\/schema.org\",\"@graph\":[{\"@type\":\"WebPage\",\"@id\":\"https:\\\/\\\/produncan.cl\\\/fr\\\/produit\\\/campo-la-colina-llanada-grande-region-de-lagos\\\/\",\"url\":\"https:\\\/\\\/produncan.cl\\\/fr\\\/produit\\\/campo-la-colina-llanada-grande-region-de-lagos\\\/\",\"name\":\"Campo La Colina, Llanada Grande - R\u00e9gion de Lagos - Produncan\",\"isPartOf\":{\"@id\":\"https:\\\/\\\/produncan.cl\\\/fr\\\/#website\"},\"primaryImageOfPage\":{\"@id\":\"https:\\\/\\\/produncan.cl\\\/fr\\\/produit\\\/campo-la-colina-llanada-grande-region-de-lagos\\\/#primaryimage\"},\"image\":{\"@id\":\"https:\\\/\\\/produncan.cl\\\/fr\\\/produit\\\/campo-la-colina-llanada-grande-region-de-lagos\\\/#primaryimage\"},\"thumbnailUrl\":\"https:\\\/\\\/produncan.cl\\\/wp-content\\\/uploads\\\/2025\\\/12\\\/Campo-La-Colina-Llanada-Grande.webp\",\"datePublished\":\"2025-12-05T15:12:31+00:00\",\"dateModified\":\"2026-02-18T15:50:05+00:00\",\"description\":\"Champ de 206 ha \u00e0 Llanada Grande avec 36 ha de prairies, rivi\u00e8re, maisons, gallon, \u00e9nergie solaire et lotissement en 33 lots. Pr\u00e8s des lacs Las Rocas et Azul.\",\"breadcrumb\":{\"@id\":\"https:\\\/\\\/produncan.cl\\\/fr\\\/produit\\\/campo-la-colina-llanada-grande-region-de-lagos\\\/#breadcrumb\"},\"inLanguage\":\"fr-FR\",\"potentialAction\":[{\"@type\":\"ReadAction\",\"target\":[\"https:\\\/\\\/produncan.cl\\\/fr\\\/produit\\\/campo-la-colina-llanada-grande-region-de-lagos\\\/\"]}]},{\"@type\":\"ImageObject\",\"inLanguage\":\"fr-FR\",\"@id\":\"https:\\\/\\\/produncan.cl\\\/fr\\\/produit\\\/campo-la-colina-llanada-grande-region-de-lagos\\\/#primaryimage\",\"url\":\"https:\\\/\\\/produncan.cl\\\/wp-content\\\/uploads\\\/2025\\\/12\\\/Campo-La-Colina-Llanada-Grande.webp\",\"contentUrl\":\"https:\\\/\\\/produncan.cl\\\/wp-content\\\/uploads\\\/2025\\\/12\\\/Campo-La-Colina-Llanada-Grande.webp\",\"width\":800,\"height\":600,\"caption\":\"Campo La Colina Llanada Grande\"},{\"@type\":\"BreadcrumbList\",\"@id\":\"https:\\\/\\\/produncan.cl\\\/fr\\\/produit\\\/campo-la-colina-llanada-grande-region-de-lagos\\\/#breadcrumb\",\"itemListElement\":[{\"@type\":\"ListItem\",\"position\":1,\"name\":\"Inicio\",\"item\":\"https:\\\/\\\/produncan.cl\\\/fr\\\/\"},{\"@type\":\"ListItem\",\"position\":2,\"name\":\"Propri\u00e9t\u00e9s\",\"item\":\"https:\\\/\\\/produncan.cl\\\/propiedades\\\/\"},{\"@type\":\"ListItem\",\"position\":3,\"name\":\"Champs\",\"item\":\"https:\\\/\\\/produncan.cl\\\/fr\\\/cat&eacute;gorie\\\/champs\\\/\"},{\"@type\":\"ListItem\",\"position\":4,\"name\":\"Campo La Colina, Llanada Grande &#8211; R\u00e9gion de Lagos\"}]},{\"@type\":\"WebSite\",\"@id\":\"https:\\\/\\\/produncan.cl\\\/fr\\\/#website\",\"url\":\"https:\\\/\\\/produncan.cl\\\/fr\\\/\",\"name\":\"Produncan\",\"description\":\"Nous vous accompagnons dans votre projet de vie !\",\"publisher\":{\"@id\":\"https:\\\/\\\/produncan.cl\\\/fr\\\/#organization\"},\"potentialAction\":[{\"@type\":\"SearchAction\",\"target\":{\"@type\":\"EntryPoint\",\"urlTemplate\":\"https:\\\/\\\/produncan.cl\\\/fr\\\/?s={search_term_string}\"},\"query-input\":{\"@type\":\"PropertyValueSpecification\",\"valueRequired\":true,\"valueName\":\"search_term_string\"}}],\"inLanguage\":\"fr-FR\"},{\"@type\":\"Organization\",\"@id\":\"https:\\\/\\\/produncan.cl\\\/fr\\\/#organization\",\"name\":\"Produncan\",\"url\":\"https:\\\/\\\/produncan.cl\\\/fr\\\/\",\"logo\":{\"@type\":\"ImageObject\",\"inLanguage\":\"fr-FR\",\"@id\":\"https:\\\/\\\/produncan.cl\\\/fr\\\/#\\\/schema\\\/logo\\\/image\\\/\",\"url\":\"https:\\\/\\\/produncan.cl\\\/wp-content\\\/uploads\\\/2021\\\/03\\\/LOGO.jpeg\",\"contentUrl\":\"https:\\\/\\\/produncan.cl\\\/wp-content\\\/uploads\\\/2021\\\/03\\\/LOGO.jpeg\",\"width\":1280,\"height\":903,\"caption\":\"Produncan\"},\"image\":{\"@id\":\"https:\\\/\\\/produncan.cl\\\/fr\\\/#\\\/schema\\\/logo\\\/image\\\/\"},\"sameAs\":[\"https:\\\/\\\/web.facebook.com\\\/produncanland\",\"https:\\\/\\\/www.instagram.com\\\/pro_duncan\\\/\",\"https:\\\/\\\/www.linkedin.com\\\/company\\\/produncan-lands\\\/\",\"https:\\\/\\\/www.youtube.com\\\/channel\\\/UCu7N-f3x0svkazD-Eew1-QQ\"],\"description\":\"En Produncan somos especialistas en la venta de terrenos en el sur de Chile. Proveemos estancias, campos, parcelas y hoteles.\",\"email\":\"info@produncan.cl\"}]}<\/script>\n<meta property=\"og:video\" content=\"https:\/\/www.youtube.com\/embed\/3E_Whyhxdg8\" \/>\n<meta property=\"og:video:type\" content=\"text\/html\" \/>\n<meta property=\"og:video:duration\" content=\"105\" \/>\n<meta property=\"og:video:width\" content=\"480\" \/>\n<meta property=\"og:video:height\" content=\"270\" \/>\n<meta property=\"ya:ovs:adult\" content=\"false\" \/>\n<meta property=\"ya:ovs:upload_date\" content=\"2025-12-05T15:12:31+00:00\" \/>\n<meta property=\"ya:ovs:allow_embed\" content=\"true\" \/>\n<meta property=\"product:price:amount\" content=\"1561000.00\" \/>\n<meta property=\"product:price:currency\" content=\"USD\" \/>\n<meta property=\"og:availability\" content=\"instock\" \/>\n<meta property=\"product:availability\" content=\"instock\" \/>\n<meta property=\"product:condition\" content=\"new\" \/>\n<!-- \/ Yoast SEO Premium plugin. -->","yoast_head_json":{"title":"Campo La Colina, Llanada Grande - R\u00e9gion de Lagos - Produncan","description":"Champ de 206 ha \u00e0 Llanada Grande avec 36 ha de prairies, rivi\u00e8re, maisons, gallon, \u00e9nergie solaire et lotissement en 33 lots. Pr\u00e8s des lacs Las Rocas et Azul.","robots":{"index":"index","follow":"follow","max-snippet":"max-snippet:-1","max-image-preview":"max-image-preview:large","max-video-preview":"max-video-preview:-1"},"canonical":"https:\/\/produncan.cl\/fr\/produit\/campo-la-colina-llanada-grande-region-de-lagos\/","og_locale":"fr_FR","og_type":"article","og_title":"Campo La Colina, Llanada Grande - R\u00e9gion de Lagos","og_description":"Champ de 206 ha \u00e0 Llanada Grande avec 36 ha de prairies, rivi\u00e8re, maisons, gallon, \u00e9nergie solaire et lotissement en 33 lots. Pr\u00e8s des lacs Las Rocas et Azul.","og_url":"https:\/\/produncan.cl\/fr\/produit\/campo-la-colina-llanada-grande-region-de-lagos\/","og_site_name":"Produncan","article_publisher":"https:\/\/web.facebook.com\/produncanland","article_modified_time":"2026-02-18T15:50:05+00:00","og_image":[{"width":800,"height":600,"url":"https:\/\/produncan.cl\/wp-content\/uploads\/2025\/12\/Campo-La-Colina-Llanada-Grande.webp","type":"image\/webp"}],"twitter_card":"summary_large_image","twitter_misc":{"Price":"USD1.561.000,00","Availability":"In stock"},"schema":{"@context":"https:\/\/schema.org","@graph":[{"@type":"WebPage","@id":"https:\/\/produncan.cl\/fr\/produit\/campo-la-colina-llanada-grande-region-de-lagos\/","url":"https:\/\/produncan.cl\/fr\/produit\/campo-la-colina-llanada-grande-region-de-lagos\/","name":"Campo La Colina, Llanada Grande - R\u00e9gion de Lagos - Produncan","isPartOf":{"@id":"https:\/\/produncan.cl\/fr\/#website"},"primaryImageOfPage":{"@id":"https:\/\/produncan.cl\/fr\/produit\/campo-la-colina-llanada-grande-region-de-lagos\/#primaryimage"},"image":{"@id":"https:\/\/produncan.cl\/fr\/produit\/campo-la-colina-llanada-grande-region-de-lagos\/#primaryimage"},"thumbnailUrl":"https:\/\/produncan.cl\/wp-content\/uploads\/2025\/12\/Campo-La-Colina-Llanada-Grande.webp","datePublished":"2025-12-05T15:12:31+00:00","dateModified":"2026-02-18T15:50:05+00:00","description":"Champ de 206 ha \u00e0 Llanada Grande avec 36 ha de prairies, rivi\u00e8re, maisons, gallon, \u00e9nergie solaire et lotissement en 33 lots. Pr\u00e8s des lacs Las Rocas et Azul.","breadcrumb":{"@id":"https:\/\/produncan.cl\/fr\/produit\/campo-la-colina-llanada-grande-region-de-lagos\/#breadcrumb"},"inLanguage":"fr-FR","potentialAction":[{"@type":"ReadAction","target":["https:\/\/produncan.cl\/fr\/produit\/campo-la-colina-llanada-grande-region-de-lagos\/"]}]},{"@type":"ImageObject","inLanguage":"fr-FR","@id":"https:\/\/produncan.cl\/fr\/produit\/campo-la-colina-llanada-grande-region-de-lagos\/#primaryimage","url":"https:\/\/produncan.cl\/wp-content\/uploads\/2025\/12\/Campo-La-Colina-Llanada-Grande.webp","contentUrl":"https:\/\/produncan.cl\/wp-content\/uploads\/2025\/12\/Campo-La-Colina-Llanada-Grande.webp","width":800,"height":600,"caption":"Campo La Colina Llanada Grande"},{"@type":"BreadcrumbList","@id":"https:\/\/produncan.cl\/fr\/produit\/campo-la-colina-llanada-grande-region-de-lagos\/#breadcrumb","itemListElement":[{"@type":"ListItem","position":1,"name":"Inicio","item":"https:\/\/produncan.cl\/fr\/"},{"@type":"ListItem","position":2,"name":"Propri\u00e9t\u00e9s","item":"https:\/\/produncan.cl\/propiedades\/"},{"@type":"ListItem","position":3,"name":"Champs","item":"https:\/\/produncan.cl\/fr\/cat&eacute;gorie\/champs\/"},{"@type":"ListItem","position":4,"name":"Campo La Colina, Llanada Grande &#8211; R\u00e9gion de Lagos"}]},{"@type":"WebSite","@id":"https:\/\/produncan.cl\/fr\/#website","url":"https:\/\/produncan.cl\/fr\/","name":"Produncan","description":"Nous vous accompagnons dans votre projet de vie !","publisher":{"@id":"https:\/\/produncan.cl\/fr\/#organization"},"potentialAction":[{"@type":"SearchAction","target":{"@type":"EntryPoint","urlTemplate":"https:\/\/produncan.cl\/fr\/?s={search_term_string}"},"query-input":{"@type":"PropertyValueSpecification","valueRequired":true,"valueName":"search_term_string"}}],"inLanguage":"fr-FR"},{"@type":"Organization","@id":"https:\/\/produncan.cl\/fr\/#organization","name":"Produncan","url":"https:\/\/produncan.cl\/fr\/","logo":{"@type":"ImageObject","inLanguage":"fr-FR","@id":"https:\/\/produncan.cl\/fr\/#\/schema\/logo\/image\/","url":"https:\/\/produncan.cl\/wp-content\/uploads\/2021\/03\/LOGO.jpeg","contentUrl":"https:\/\/produncan.cl\/wp-content\/uploads\/2021\/03\/LOGO.jpeg","width":1280,"height":903,"caption":"Produncan"},"image":{"@id":"https:\/\/produncan.cl\/fr\/#\/schema\/logo\/image\/"},"sameAs":["https:\/\/web.facebook.com\/produncanland","https:\/\/www.instagram.com\/pro_duncan\/","https:\/\/www.linkedin.com\/company\/produncan-lands\/","https:\/\/www.youtube.com\/channel\/UCu7N-f3x0svkazD-Eew1-QQ"],"description":"En Produncan somos especialistas en la venta de terrenos en el sur de Chile. Proveemos estancias, campos, parcelas y hoteles.","email":"info@produncan.cl"}]},"og_video":"https:\/\/www.youtube.com\/embed\/3E_Whyhxdg8","og_video_type":"text\/html","og_video_duration":"105","og_video_width":"480","og_video_height":"270","ya_ovs_adult":"false","ya_ovs_upload_date":"2025-12-05T15:12:31+00:00","ya_ovs_allow_embed":"true","product_price_amount":"1561000.00","product_price_currency":"USD","og_availability":"instock","product_availability":"instock","product_condition":"new"},"_links":{"self":[{"href":"https:\/\/produncan.cl\/fr\/wp-json\/wp\/v2\/product\/53145","targetHints":{"allow":["GET"]}}],"collection":[{"href":"https:\/\/produncan.cl\/fr\/wp-json\/wp\/v2\/product"}],"about":[{"href":"https:\/\/produncan.cl\/fr\/wp-json\/wp\/v2\/types\/product"}],"version-history":[{"count":2,"href":"https:\/\/produncan.cl\/fr\/wp-json\/wp\/v2\/product\/53145\/revisions"}],"predecessor-version":[{"id":54627,"href":"https:\/\/produncan.cl\/fr\/wp-json\/wp\/v2\/product\/53145\/revisions\/54627"}],"wp:featuredmedia":[{"embeddable":true,"href":"https:\/\/produncan.cl\/fr\/wp-json\/wp\/v2\/media\/53146"}],"wp:attachment":[{"href":"https:\/\/produncan.cl\/fr\/wp-json\/wp\/v2\/media?parent=53145"}],"wp:term":[{"taxonomy":"product_brand","embeddable":true,"href":"https:\/\/produncan.cl\/fr\/wp-json\/wp\/v2\/product_brand?post=53145"},{"taxonomy":"product_cat","embeddable":true,"href":"https:\/\/produncan.cl\/fr\/wp-json\/wp\/v2\/product_cat?post=53145"},{"taxonomy":"product_tag","embeddable":true,"href":"https:\/\/produncan.cl\/fr\/wp-json\/wp\/v2\/product_tag?post=53145"},{"taxonomy":"regiones","embeddable":true,"href":"https:\/\/produncan.cl\/fr\/wp-json\/wp\/v2\/regiones?post=53145"},{"taxonomy":"ciudades","embeddable":true,"href":"https:\/\/produncan.cl\/fr\/wp-json\/wp\/v2\/ciudades?post=53145"}],"curies":[{"name":"wp","href":"https:\/\/api.w.org\/{rel}","templated":true}]}}