{"id":54677,"date":"2026-01-28T12:15:42","date_gmt":"2026-01-28T15:15:42","guid":{"rendered":"https:\/\/produncan.cl\/propiedad\/maison-a-puerto-octay-las-cascades-region-de-los-lagos\/"},"modified":"2026-02-26T11:55:41","modified_gmt":"2026-02-26T14:55:41","slug":"maison-a-puerto-octay-las-cascades-region-de-los-lagos","status":"publish","type":"product","link":"https:\/\/produncan.cl\/fr\/produit\/maison-a-puerto-octay-las-cascades-region-de-los-lagos\/","title":{"rendered":"Maison \u00e0 Puerto Octay, Las Cascades &#8211; R\u00e9gion de Los Lagos"},"content":{"rendered":"\t\t<div data-elementor-type=\"product-post\" data-elementor-id=\"54677\" class=\"elementor elementor-54677 elementor-54598\" data-elementor-post-type=\"product\">\n\t\t\t\t<div class=\"elementor-element elementor-element-c1ccd98 e-flex e-con-boxed e-con e-parent\" data-id=\"c1ccd98\" data-element_type=\"container\" data-e-type=\"container\" data-settings=\"{&quot;jet_parallax_layout_list&quot;:[]}\">\n\t\t\t\t\t<div class=\"e-con-inner\">\n\t\t\t\t<div class=\"elementor-element elementor-element-0f32f03 elementor-widget elementor-widget-heading\" data-id=\"0f32f03\" data-element_type=\"widget\" data-e-type=\"widget\" data-widget_type=\"heading.default\">\n\t\t\t\t\t<h2 class=\"elementor-heading-title elementor-size-default\">Spectaculaire maison en face du lac Llanquihue, avec acc\u00e8s direct \u00e0 la plage de 200 m\u00e8tres<\/h2>\t\t\t\t<\/div>\n\t\t\t\t\t<\/div>\n\t\t\t\t<\/div>\n\t\t<div class=\"elementor-element elementor-element-fc2ef7b e-flex e-con-boxed e-con e-parent\" data-id=\"fc2ef7b\" data-element_type=\"container\" data-e-type=\"container\" data-settings=\"{&quot;jet_parallax_layout_list&quot;:[]}\">\n\t\t\t\t\t<div class=\"e-con-inner\">\n\t\t\t\t<div class=\"elementor-element elementor-element-a75b274 elementor-widget elementor-widget-text-editor\" data-id=\"a75b274\" data-element_type=\"widget\" data-e-type=\"widget\" data-widget_type=\"text-editor.default\">\n\t\t\t\t\t\t\t\t\t<p>Situ\u00e9e dans l&#8217;un des secteurs les plus privil\u00e9gi\u00e9s du lac Llanquihue, cette propri\u00e9t\u00e9 extraordinaire offre une combinaison unique d&#8217;intimit\u00e9, d&#8217;amplitude, de nature et d&#8217;acc\u00e8s direct au lac, avec une orientation ponient qui vous donne tout simplement des couchers de soleil in\u00e9gal\u00e9s.<\/p>\n<p>Situ\u00e9e sur un terrain de 6 000 m2, avec pr\u00e8s de 5 000 m2 utiles et un bord de lac d&#8217;environ 80 m, la maison dispose d&#8217;un acc\u00e8s direct au lac, d&#8217;une plage naturelle juste sous la propri\u00e9t\u00e9 et d&#8217;un quai, ce qui en fait une option exceptionnelle pour ceux qui recherchent une exp\u00e9rience de vie lacustre authentique et exclusive. Tout cela dans un condo ferm\u00e9, avec acc\u00e8s asphalt\u00e9 et \u00e0 seulement 2 km du village de Cascades, qui a des services de base et une connectivit\u00e9 permanente.<\/p>\n<p>La maison, de 430 m2 construite sur trois niveaux, se distingue par sa construction solide et ses finitions fines en bois noble, o\u00f9 elles se distinguent par des poutres et des piliers de pellin (oak), des portes de rauli, des couloirs de cipresse, un escalier ulmo et une combinaison soign\u00e9e de c\u00e9ramique et de bois dans les planchers et les salles de bains. Chaque espace a \u00e9t\u00e9 con\u00e7u pour privil\u00e9gier la lumi\u00e8re naturelle, la vue d\u00e9gag\u00e9e sur le lac et le confort familial.<\/p>\n<p>Il dispose de six chambres, quatre salles de bains, une grande cuisine avec de grands espaces et une salle \u00e0 manger quotidienne, bureau, logis, caves et une grande terrasse panoramique, id\u00e9al pour profiter de l&#8217;environnement naturel. Au troisi\u00e8me \u00e9tage est un grand salon ou salle de jeux, parfait comme un espace familial ou de divertissement. En valeur ajout\u00e9e, la terrasse dispose d&#8217;un jacuzzi avec vue sur le lac, cr\u00e9ant un environnement de repos unique.<\/p>\n<p>La maison dispose d&#8217;un syst\u00e8me de chauffage central par chaudi\u00e8re, chemin\u00e9e et climatisation, ainsi que l&#8217;eau chaude centralis\u00e9e. L&#8217;approvisionnement en eau vient d&#8217;un stero du volcan Osorno, avec projection \u00e0 la connexion future du r\u00e9seau de bien d\u00e9j\u00e0 ex\u00e9cut\u00e9, int\u00e9grant le syst\u00e8me de potification. La propri\u00e9t\u00e9 dispose d&#8217;\u00e9lectricit\u00e9 en trois phases, fen\u00eatres en PVC thermopanel, syst\u00e8me d&#8217;alarme et grand espace pour jusqu&#8217;\u00e0 10 places de stationnement.<\/p>\n<p>Son emplacement est strat\u00e9gique : \u00e0 40 km de Puerto Octay, \u00e0 75 km d&#8217;Osorno et avec un acc\u00e8s rapide aux principales attractions de la r\u00e9gion, comme les volcans Osorno et Calbuco, les parcs nationaux et les activit\u00e9s de plein air tout au long de l&#8217;ann\u00e9e. Il dispose \u00e9galement d&#8217;un signal de t\u00e9l\u00e9communications et d&#8217;un acc\u00e8s Internet, ce qui permet de combiner parfaitement nature et connectivit\u00e9.<\/p>\n<p>Avec une r\u00e9ception municipale et des contributions trimestrielles de 80 000 $, cette propri\u00e9t\u00e9 repr\u00e9sente une occasion exceptionnelle pour ceux qui cherchent une r\u00e9sidence familiale de haut niveau, une deuxi\u00e8me maison de repos ou un investissement en face du lac, dans l&#8217;un des environnements naturels les plus pris\u00e9s du sud du Chili.<\/p>\n<p>Contactez-nous et connaissez cette propri\u00e9t\u00e9 spectaculaire!<\/p>\n\t\t\t\t\t\t\t\t<\/div>\n\t\t\t\t\t<\/div>\n\t\t\t\t<\/div>\n\t\t\t\t<\/div>\n\t\t","protected":false},"excerpt":{"rendered":"<p>Maison dans un terrain \u00e0 Puerto Octay. acc\u00e8s asphalt\u00e9, 80 m\u00e8tres du lac Llanquihue, \u00e9lectricit\u00e9, eau et bon signal. Dans un condo exclusif. 40 km de Puerto Octay et 75 km d&#8217;Osorno.<\/p>\n","protected":false},"featured_media":54678,"template":"","meta":{"_acf_changed":false},"product_brand":[],"product_cat":[113],"product_tag":[236,237],"regiones":[226],"ciudades":[228,541],"class_list":{"0":"post-54677","1":"product","2":"type-product","3":"status-publish","4":"has-post-thumbnail","6":"product_cat-ohiggins-los-lagos-fr","7":"product_tag-parcelles","8":"product_tag-proprietes-touristiques","9":"regiones-nuble-los_lagos","10":"ciudades-frutillar","11":"ciudades-puerto-octay","13":"first","14":"instock","15":"shipping-taxable","16":"purchasable","17":"product-type-simple"},"acf":[],"yoast_head":"<!-- This site is optimized with the Yoast SEO Premium plugin v26.0 (Yoast SEO v27.3) - https:\/\/yoast.com\/product\/yoast-seo-premium-wordpress\/ -->\n<title>Maison \u00e0 Puerto Octay, Las Cascades - R\u00e9gion de Los Lagos - Produncan<\/title>\n<meta name=\"description\" content=\"Maison dans un terrain \u00e0 Puerto Octay. acc\u00e8s asphalt\u00e9, 80 m\u00e8tres du lac Llanquihue, \u00e9lectricit\u00e9, eau et bon signal. Dans un condo exclusif.\" \/>\n<meta name=\"robots\" content=\"index, follow, max-snippet:-1, max-image-preview:large, max-video-preview:-1\" \/>\n<link rel=\"canonical\" href=\"https:\/\/produncan.cl\/fr\/produit\/maison-a-puerto-octay-las-cascades-region-de-los-lagos\/\" \/>\n<meta property=\"og:locale\" content=\"fr_FR\" \/>\n<meta property=\"og:type\" content=\"article\" \/>\n<meta property=\"og:title\" content=\"Maison \u00e0 Puerto Octay, Las Cascades - R\u00e9gion de Los Lagos\" \/>\n<meta property=\"og:description\" content=\"Maison dans un terrain \u00e0 Puerto Octay. acc\u00e8s asphalt\u00e9, 80 m\u00e8tres du lac Llanquihue, \u00e9lectricit\u00e9, eau et bon signal. Dans un condo exclusif.\" \/>\n<meta property=\"og:url\" content=\"https:\/\/produncan.cl\/fr\/produit\/maison-a-puerto-octay-las-cascades-region-de-los-lagos\/\" \/>\n<meta property=\"og:site_name\" content=\"Produncan\" \/>\n<meta property=\"article:publisher\" content=\"https:\/\/web.facebook.com\/produncanland\" \/>\n<meta property=\"article:modified_time\" content=\"2026-02-26T14:55:41+00:00\" \/>\n<meta property=\"og:image\" content=\"https:\/\/produncan.cl\/wp-content\/uploads\/2026\/01\/Casa-Cascadas-Puerto-Octay.webp\" \/>\n\t<meta property=\"og:image:width\" content=\"800\" \/>\n\t<meta property=\"og:image:height\" content=\"600\" \/>\n\t<meta property=\"og:image:type\" content=\"image\/webp\" \/>\n<meta name=\"twitter:card\" content=\"summary_large_image\" \/>\n<meta name=\"twitter:label1\" content=\"Price\" \/>\n\t<meta name=\"twitter:data1\" content=\"USD913.100,00\" \/>\n\t<meta name=\"twitter:label2\" content=\"Availability\" \/>\n\t<meta name=\"twitter:data2\" content=\"In stock\" \/>\n<script type=\"application\/ld+json\" class=\"yoast-schema-graph\">{\"@context\":\"https:\\\/\\\/schema.org\",\"@graph\":[{\"@type\":\"WebPage\",\"@id\":\"https:\\\/\\\/produncan.cl\\\/fr\\\/produit\\\/maison-a-puerto-octay-las-cascades-region-de-los-lagos\\\/\",\"url\":\"https:\\\/\\\/produncan.cl\\\/fr\\\/produit\\\/maison-a-puerto-octay-las-cascades-region-de-los-lagos\\\/\",\"name\":\"Maison \u00e0 Puerto Octay, Las Cascades - R\u00e9gion de Los Lagos - Produncan\",\"isPartOf\":{\"@id\":\"https:\\\/\\\/produncan.cl\\\/fr\\\/#website\"},\"primaryImageOfPage\":{\"@id\":\"https:\\\/\\\/produncan.cl\\\/fr\\\/produit\\\/maison-a-puerto-octay-las-cascades-region-de-los-lagos\\\/#primaryimage\"},\"image\":{\"@id\":\"https:\\\/\\\/produncan.cl\\\/fr\\\/produit\\\/maison-a-puerto-octay-las-cascades-region-de-los-lagos\\\/#primaryimage\"},\"thumbnailUrl\":\"https:\\\/\\\/produncan.cl\\\/wp-content\\\/uploads\\\/2026\\\/01\\\/Casa-Cascadas-Puerto-Octay.webp\",\"datePublished\":\"2026-01-28T15:15:42+00:00\",\"dateModified\":\"2026-02-26T14:55:41+00:00\",\"description\":\"Maison dans un terrain \u00e0 Puerto Octay. acc\u00e8s asphalt\u00e9, 80 m\u00e8tres du lac Llanquihue, \u00e9lectricit\u00e9, eau et bon signal. Dans un condo exclusif.\",\"breadcrumb\":{\"@id\":\"https:\\\/\\\/produncan.cl\\\/fr\\\/produit\\\/maison-a-puerto-octay-las-cascades-region-de-los-lagos\\\/#breadcrumb\"},\"inLanguage\":\"fr-FR\",\"potentialAction\":[{\"@type\":\"ReadAction\",\"target\":[\"https:\\\/\\\/produncan.cl\\\/fr\\\/produit\\\/maison-a-puerto-octay-las-cascades-region-de-los-lagos\\\/\"]}]},{\"@type\":\"ImageObject\",\"inLanguage\":\"fr-FR\",\"@id\":\"https:\\\/\\\/produncan.cl\\\/fr\\\/produit\\\/maison-a-puerto-octay-las-cascades-region-de-los-lagos\\\/#primaryimage\",\"url\":\"https:\\\/\\\/produncan.cl\\\/wp-content\\\/uploads\\\/2026\\\/01\\\/Casa-Cascadas-Puerto-Octay.webp\",\"contentUrl\":\"https:\\\/\\\/produncan.cl\\\/wp-content\\\/uploads\\\/2026\\\/01\\\/Casa-Cascadas-Puerto-Octay.webp\",\"width\":800,\"height\":600,\"caption\":\"Casa Cascades Puerto Octay\"},{\"@type\":\"BreadcrumbList\",\"@id\":\"https:\\\/\\\/produncan.cl\\\/fr\\\/produit\\\/maison-a-puerto-octay-las-cascades-region-de-los-lagos\\\/#breadcrumb\",\"itemListElement\":[{\"@type\":\"ListItem\",\"position\":1,\"name\":\"Inicio\",\"item\":\"https:\\\/\\\/produncan.cl\\\/fr\\\/\"},{\"@type\":\"ListItem\",\"position\":2,\"name\":\"Propri\u00e9t\u00e9s\",\"item\":\"https:\\\/\\\/produncan.cl\\\/propiedades\\\/\"},{\"@type\":\"ListItem\",\"position\":3,\"name\":\"Parcelles\",\"item\":\"https:\\\/\\\/produncan.cl\\\/fr\\\/cat&eacute;gorie\\\/parcelles\\\/\"},{\"@type\":\"ListItem\",\"position\":4,\"name\":\"Maison \u00e0 Puerto Octay, Las Cascades &#8211; R\u00e9gion de Los Lagos\"}]},{\"@type\":\"WebSite\",\"@id\":\"https:\\\/\\\/produncan.cl\\\/fr\\\/#website\",\"url\":\"https:\\\/\\\/produncan.cl\\\/fr\\\/\",\"name\":\"Produncan\",\"description\":\"Nous vous accompagnons dans votre projet de vie !\",\"publisher\":{\"@id\":\"https:\\\/\\\/produncan.cl\\\/fr\\\/#organization\"},\"potentialAction\":[{\"@type\":\"SearchAction\",\"target\":{\"@type\":\"EntryPoint\",\"urlTemplate\":\"https:\\\/\\\/produncan.cl\\\/fr\\\/?s={search_term_string}\"},\"query-input\":{\"@type\":\"PropertyValueSpecification\",\"valueRequired\":true,\"valueName\":\"search_term_string\"}}],\"inLanguage\":\"fr-FR\"},{\"@type\":\"Organization\",\"@id\":\"https:\\\/\\\/produncan.cl\\\/fr\\\/#organization\",\"name\":\"Produncan\",\"url\":\"https:\\\/\\\/produncan.cl\\\/fr\\\/\",\"logo\":{\"@type\":\"ImageObject\",\"inLanguage\":\"fr-FR\",\"@id\":\"https:\\\/\\\/produncan.cl\\\/fr\\\/#\\\/schema\\\/logo\\\/image\\\/\",\"url\":\"https:\\\/\\\/produncan.cl\\\/wp-content\\\/uploads\\\/2021\\\/03\\\/LOGO.jpeg\",\"contentUrl\":\"https:\\\/\\\/produncan.cl\\\/wp-content\\\/uploads\\\/2021\\\/03\\\/LOGO.jpeg\",\"width\":1280,\"height\":903,\"caption\":\"Produncan\"},\"image\":{\"@id\":\"https:\\\/\\\/produncan.cl\\\/fr\\\/#\\\/schema\\\/logo\\\/image\\\/\"},\"sameAs\":[\"https:\\\/\\\/web.facebook.com\\\/produncanland\",\"https:\\\/\\\/www.instagram.com\\\/pro_duncan\\\/\",\"https:\\\/\\\/www.linkedin.com\\\/company\\\/produncan-lands\\\/\",\"https:\\\/\\\/www.youtube.com\\\/channel\\\/UCu7N-f3x0svkazD-Eew1-QQ\"],\"description\":\"En Produncan somos especialistas en la venta de terrenos en el sur de Chile. Proveemos estancias, campos, parcelas y hoteles.\",\"email\":\"info@produncan.cl\"}]}<\/script>\n<meta property=\"og:video\" content=\"https:\/\/www.youtube.com\/embed\/JSXapuCfi2M\" \/>\n<meta property=\"og:video:type\" content=\"text\/html\" \/>\n<meta property=\"og:video:duration\" content=\"82\" \/>\n<meta property=\"og:video:width\" content=\"480\" \/>\n<meta property=\"og:video:height\" content=\"270\" \/>\n<meta property=\"ya:ovs:adult\" content=\"false\" \/>\n<meta property=\"ya:ovs:upload_date\" content=\"2026-01-28T15:15:42+00:00\" \/>\n<meta property=\"ya:ovs:allow_embed\" content=\"true\" \/>\n<meta property=\"product:price:amount\" content=\"913100.00\" \/>\n<meta property=\"product:price:currency\" content=\"USD\" \/>\n<meta property=\"og:availability\" content=\"instock\" \/>\n<meta property=\"product:availability\" content=\"instock\" \/>\n<meta property=\"product:condition\" content=\"new\" \/>\n<!-- \/ Yoast SEO Premium plugin. -->","yoast_head_json":{"title":"Maison \u00e0 Puerto Octay, Las Cascades - R\u00e9gion de Los Lagos - Produncan","description":"Maison dans un terrain \u00e0 Puerto Octay. acc\u00e8s asphalt\u00e9, 80 m\u00e8tres du lac Llanquihue, \u00e9lectricit\u00e9, eau et bon signal. Dans un condo exclusif.","robots":{"index":"index","follow":"follow","max-snippet":"max-snippet:-1","max-image-preview":"max-image-preview:large","max-video-preview":"max-video-preview:-1"},"canonical":"https:\/\/produncan.cl\/fr\/produit\/maison-a-puerto-octay-las-cascades-region-de-los-lagos\/","og_locale":"fr_FR","og_type":"article","og_title":"Maison \u00e0 Puerto Octay, Las Cascades - R\u00e9gion de Los Lagos","og_description":"Maison dans un terrain \u00e0 Puerto Octay. acc\u00e8s asphalt\u00e9, 80 m\u00e8tres du lac Llanquihue, \u00e9lectricit\u00e9, eau et bon signal. Dans un condo exclusif.","og_url":"https:\/\/produncan.cl\/fr\/produit\/maison-a-puerto-octay-las-cascades-region-de-los-lagos\/","og_site_name":"Produncan","article_publisher":"https:\/\/web.facebook.com\/produncanland","article_modified_time":"2026-02-26T14:55:41+00:00","og_image":[{"width":800,"height":600,"url":"https:\/\/produncan.cl\/wp-content\/uploads\/2026\/01\/Casa-Cascadas-Puerto-Octay.webp","type":"image\/webp"}],"twitter_card":"summary_large_image","twitter_misc":{"Price":"USD913.100,00","Availability":"In stock"},"schema":{"@context":"https:\/\/schema.org","@graph":[{"@type":"WebPage","@id":"https:\/\/produncan.cl\/fr\/produit\/maison-a-puerto-octay-las-cascades-region-de-los-lagos\/","url":"https:\/\/produncan.cl\/fr\/produit\/maison-a-puerto-octay-las-cascades-region-de-los-lagos\/","name":"Maison \u00e0 Puerto Octay, Las Cascades - R\u00e9gion de Los Lagos - Produncan","isPartOf":{"@id":"https:\/\/produncan.cl\/fr\/#website"},"primaryImageOfPage":{"@id":"https:\/\/produncan.cl\/fr\/produit\/maison-a-puerto-octay-las-cascades-region-de-los-lagos\/#primaryimage"},"image":{"@id":"https:\/\/produncan.cl\/fr\/produit\/maison-a-puerto-octay-las-cascades-region-de-los-lagos\/#primaryimage"},"thumbnailUrl":"https:\/\/produncan.cl\/wp-content\/uploads\/2026\/01\/Casa-Cascadas-Puerto-Octay.webp","datePublished":"2026-01-28T15:15:42+00:00","dateModified":"2026-02-26T14:55:41+00:00","description":"Maison dans un terrain \u00e0 Puerto Octay. acc\u00e8s asphalt\u00e9, 80 m\u00e8tres du lac Llanquihue, \u00e9lectricit\u00e9, eau et bon signal. Dans un condo exclusif.","breadcrumb":{"@id":"https:\/\/produncan.cl\/fr\/produit\/maison-a-puerto-octay-las-cascades-region-de-los-lagos\/#breadcrumb"},"inLanguage":"fr-FR","potentialAction":[{"@type":"ReadAction","target":["https:\/\/produncan.cl\/fr\/produit\/maison-a-puerto-octay-las-cascades-region-de-los-lagos\/"]}]},{"@type":"ImageObject","inLanguage":"fr-FR","@id":"https:\/\/produncan.cl\/fr\/produit\/maison-a-puerto-octay-las-cascades-region-de-los-lagos\/#primaryimage","url":"https:\/\/produncan.cl\/wp-content\/uploads\/2026\/01\/Casa-Cascadas-Puerto-Octay.webp","contentUrl":"https:\/\/produncan.cl\/wp-content\/uploads\/2026\/01\/Casa-Cascadas-Puerto-Octay.webp","width":800,"height":600,"caption":"Casa Cascades Puerto Octay"},{"@type":"BreadcrumbList","@id":"https:\/\/produncan.cl\/fr\/produit\/maison-a-puerto-octay-las-cascades-region-de-los-lagos\/#breadcrumb","itemListElement":[{"@type":"ListItem","position":1,"name":"Inicio","item":"https:\/\/produncan.cl\/fr\/"},{"@type":"ListItem","position":2,"name":"Propri\u00e9t\u00e9s","item":"https:\/\/produncan.cl\/propiedades\/"},{"@type":"ListItem","position":3,"name":"Parcelles","item":"https:\/\/produncan.cl\/fr\/cat&eacute;gorie\/parcelles\/"},{"@type":"ListItem","position":4,"name":"Maison \u00e0 Puerto Octay, Las Cascades &#8211; R\u00e9gion de Los Lagos"}]},{"@type":"WebSite","@id":"https:\/\/produncan.cl\/fr\/#website","url":"https:\/\/produncan.cl\/fr\/","name":"Produncan","description":"Nous vous accompagnons dans votre projet de vie !","publisher":{"@id":"https:\/\/produncan.cl\/fr\/#organization"},"potentialAction":[{"@type":"SearchAction","target":{"@type":"EntryPoint","urlTemplate":"https:\/\/produncan.cl\/fr\/?s={search_term_string}"},"query-input":{"@type":"PropertyValueSpecification","valueRequired":true,"valueName":"search_term_string"}}],"inLanguage":"fr-FR"},{"@type":"Organization","@id":"https:\/\/produncan.cl\/fr\/#organization","name":"Produncan","url":"https:\/\/produncan.cl\/fr\/","logo":{"@type":"ImageObject","inLanguage":"fr-FR","@id":"https:\/\/produncan.cl\/fr\/#\/schema\/logo\/image\/","url":"https:\/\/produncan.cl\/wp-content\/uploads\/2021\/03\/LOGO.jpeg","contentUrl":"https:\/\/produncan.cl\/wp-content\/uploads\/2021\/03\/LOGO.jpeg","width":1280,"height":903,"caption":"Produncan"},"image":{"@id":"https:\/\/produncan.cl\/fr\/#\/schema\/logo\/image\/"},"sameAs":["https:\/\/web.facebook.com\/produncanland","https:\/\/www.instagram.com\/pro_duncan\/","https:\/\/www.linkedin.com\/company\/produncan-lands\/","https:\/\/www.youtube.com\/channel\/UCu7N-f3x0svkazD-Eew1-QQ"],"description":"En Produncan somos especialistas en la venta de terrenos en el sur de Chile. Proveemos estancias, campos, parcelas y hoteles.","email":"info@produncan.cl"}]},"og_video":"https:\/\/www.youtube.com\/embed\/JSXapuCfi2M","og_video_type":"text\/html","og_video_duration":"82","og_video_width":"480","og_video_height":"270","ya_ovs_adult":"false","ya_ovs_upload_date":"2026-01-28T15:15:42+00:00","ya_ovs_allow_embed":"true","product_price_amount":"913100.00","product_price_currency":"USD","og_availability":"instock","product_availability":"instock","product_condition":"new"},"_links":{"self":[{"href":"https:\/\/produncan.cl\/fr\/wp-json\/wp\/v2\/product\/54677","targetHints":{"allow":["GET"]}}],"collection":[{"href":"https:\/\/produncan.cl\/fr\/wp-json\/wp\/v2\/product"}],"about":[{"href":"https:\/\/produncan.cl\/fr\/wp-json\/wp\/v2\/types\/product"}],"version-history":[{"count":1,"href":"https:\/\/produncan.cl\/fr\/wp-json\/wp\/v2\/product\/54677\/revisions"}],"predecessor-version":[{"id":54691,"href":"https:\/\/produncan.cl\/fr\/wp-json\/wp\/v2\/product\/54677\/revisions\/54691"}],"wp:featuredmedia":[{"embeddable":true,"href":"https:\/\/produncan.cl\/fr\/wp-json\/wp\/v2\/media\/54678"}],"wp:attachment":[{"href":"https:\/\/produncan.cl\/fr\/wp-json\/wp\/v2\/media?parent=54677"}],"wp:term":[{"taxonomy":"product_brand","embeddable":true,"href":"https:\/\/produncan.cl\/fr\/wp-json\/wp\/v2\/product_brand?post=54677"},{"taxonomy":"product_cat","embeddable":true,"href":"https:\/\/produncan.cl\/fr\/wp-json\/wp\/v2\/product_cat?post=54677"},{"taxonomy":"product_tag","embeddable":true,"href":"https:\/\/produncan.cl\/fr\/wp-json\/wp\/v2\/product_tag?post=54677"},{"taxonomy":"regiones","embeddable":true,"href":"https:\/\/produncan.cl\/fr\/wp-json\/wp\/v2\/regiones?post=54677"},{"taxonomy":"ciudades","embeddable":true,"href":"https:\/\/produncan.cl\/fr\/wp-json\/wp\/v2\/ciudades?post=54677"}],"curies":[{"name":"wp","href":"https:\/\/api.w.org\/{rel}","templated":true}]}}