{"id":54737,"date":"2026-01-27T18:43:14","date_gmt":"2026-01-27T21:43:14","guid":{"rendered":"https:\/\/produncan.cl\/propiedad\/plot-main-noire-region-daysen\/"},"modified":"2026-03-30T18:41:08","modified_gmt":"2026-03-30T21:41:08","slug":"plot-main-noire-region-daysen","status":"publish","type":"product","link":"https:\/\/produncan.cl\/fr\/produit\/plot-main-noire-region-daysen\/","title":{"rendered":"Plot Main Noire &#8211; R\u00e9gion d&#8217;Aysen"},"content":{"rendered":"\t\t<div data-elementor-type=\"product-post\" data-elementor-id=\"54737\" class=\"elementor elementor-54737 elementor-54575\" data-elementor-post-type=\"product\">\n\t\t\t\t\t\t<div class=\"elementor-element elementor-element-6d2bf17 e-con e-atomic-element e-flexbox-base\" data-id=\"6d2bf17\" data-element_type=\"e-flexbox\" data-e-type=\"e-flexbox\" data-interaction-id=\"6d2bf17\">\n\t\t\t\t<div class=\"elementor-element elementor-element-a3f0217 elementor-widget elementor-widget-heading\" data-id=\"a3f0217\" data-element_type=\"widget\" data-e-type=\"widget\" data-widget_type=\"heading.default\">\n\t\t\t\t\t<h2 class=\"elementor-heading-title elementor-size-default\">Confidentialit\u00e9, vues sur la Patagonie et connexion directe \u00e0 la Route du Sud<\/h2>\t\t\t\t<\/div>\n\t\t\t\t<\/div>\n\t\t\t\t<div class=\"elementor-element elementor-element-8c86123 e-con e-atomic-element e-flexbox-base\" data-id=\"8c86123\" data-element_type=\"e-flexbox\" data-e-type=\"e-flexbox\" data-interaction-id=\"8c86123\">\n\t\t\t\t<div class=\"elementor-element elementor-element-d1a6cbc elementor-widget elementor-widget-text-editor\" data-id=\"d1a6cbc\" data-element_type=\"widget\" data-e-type=\"widget\" data-widget_type=\"text-editor.default\">\n\t\t\t\t\t\t\t\t\t<p>Situ\u00e9 dans le secteur Empereur Guillermo, \u00e0 quelques minutes de Villa Ortega, ce terrain offre une opportunit\u00e9 unique pour ceux qui cherchent \u00e0 vivre ou investir en Patagonie, combinant environnement naturel privil\u00e9gi\u00e9, excellente connectivit\u00e9 et haut potentiel touristique.<\/p>\n<p>Le terrain est situ\u00e9 \u00e0 un haut point de la pampa Patagonienne et culmine dans une petite for\u00eat de pins et de v\u00e9g\u00e9tation indig\u00e8ne, \u00e0 partir de laquelle des vues ouvertes sont obtenues \u00e0 Cerro Empericio Guillermo, Cerro Rosado et le paysage rural de Villa Ortega. Sa topographie largement plate, avec une pente finale lisse, permet le d\u00e9veloppement de projets de logement ou de tourisme en profitant d&#8217;un panorama in\u00e9gal\u00e9.<\/p>\n<p>La propri\u00e9t\u00e9 a son propre r\u00f4le, l&#8217;utilisation du sol agricole et une superficie de 10 000 m2 enregistr\u00e9e, \u00e9tant en pratique environ 2 000 m2 de plus d&#8217;un hectare en raison d&#8217;une erreur topographique historique, qui ne peut \u00eatre modifi\u00e9e puisque les terres environnantes sont vendues et cl\u00f4tur\u00e9es. Il a un acc\u00e8s direct et asphalt\u00e9 depuis la route sud, l&#8217;\u00e9lectricit\u00e9 par une ligne \u00e9lectrique passant par la route 7 et une rivi\u00e8re avec de l&#8217;eau propre. Il n&#8217;a aucune interdiction ni servitude et a une excellente exposition solaire.<\/p>\n<p>Le terrain a la faisabilit\u00e9 et le raccordement \u00e0 l&#8217;\u00e9lectricit\u00e9, la ligne d&#8217;\u00e9lectricit\u00e9 passe par la route, et est \u00e9galement incorpor\u00e9 dans un comit\u00e9 d&#8217;eau potable rurale (APR), qui facilite consid\u00e9rablement le d\u00e9veloppement du projet, \u00e9vitant des efforts complexes et co\u00fbteux.<\/p>\n<p>Il est situ\u00e9 \u00e0 2,9 km de la Villa Ortega et \u00e0 33 km de Coyhaique, avec une route enti\u00e8rement pav\u00e9e, un bon signal de t\u00e9l\u00e9communications et \u00e0 proximit\u00e9 d&#8217;activit\u00e9s telles que le trekking, l&#8217;\u00e9quitation et la p\u00eache sportive internationale.<\/p>\n<p>\u00c0 titre de valeur ajout\u00e9e, la propri\u00e9t\u00e9 est int\u00e9gr\u00e9e au comit\u00e9 rural de l&#8217;\u00e9lectricit\u00e9 et de l&#8217;eau potable et la vente comprend une tente gonflable de haute qualit\u00e9, adapt\u00e9e \u00e0 -20 \u00b0C, avec des connexions pour le po\u00eale de type Bosca, id\u00e9al pour une utilisation imm\u00e9diate tout en d\u00e9veloppant un projet final.<\/p>\n<p>Contactez-nous et r\u00e9alisez votre r\u00eave en Patagonie !<\/p>\n\t\t\t\t\t\t\t\t<\/div>\n\t\t\t\t<\/div>\n\t\t\t\t<\/div>\n\t\t","protected":false},"excerpt":{"rendered":"<p>Placez-le \u00e0 33 kms de Coyhaique. Il se connecte \u00e0 la route sud, acc\u00e8s pav\u00e9, \u00e9lectricit\u00e9, eau potable rurale et excellent signal t\u00e9l\u00e9phonique. Pr\u00e8s de la Villa Ortega, donnant sur l&#8217;empereur Cerro Guillermo.<\/p>\n","protected":false},"featured_media":54738,"template":"","meta":{"_acf_changed":false},"product_brand":[],"product_cat":[129],"product_tag":[236],"regiones":[],"ciudades":[],"class_list":{"0":"post-54737","1":"product","2":"type-product","3":"status-publish","4":"has-post-thumbnail","6":"product_cat-aysen-magallanes-fr","7":"product_tag-parcelles","9":"first","10":"instock","11":"shipping-taxable","12":"purchasable","13":"product-type-simple"},"acf":[],"yoast_head":"<!-- This site is optimized with the Yoast SEO Premium plugin v26.0 (Yoast SEO v27.3) - https:\/\/yoast.com\/product\/yoast-seo-premium-wordpress\/ -->\n<title>Plot Main Noire - R\u00e9gion d&#039;Aysen - Produncan<\/title>\n<meta name=\"description\" content=\"Placez-le \u00e0 33 kms de Coyhaique. Il se connecte \u00e0 la route sud, acc\u00e8s pav\u00e9, \u00e9lectricit\u00e9, eau potable rurale et excellent signal t\u00e9l\u00e9phonique. Pr\u00e8s de la Villa Ortega, donnant sur l&#039;empereur Cerro Guillermo.\" \/>\n<meta name=\"robots\" content=\"index, follow, max-snippet:-1, max-image-preview:large, max-video-preview:-1\" \/>\n<link rel=\"canonical\" href=\"https:\/\/produncan.cl\/fr\/produit\/plot-main-noire-region-daysen\/\" \/>\n<meta property=\"og:locale\" content=\"fr_FR\" \/>\n<meta property=\"og:type\" content=\"article\" \/>\n<meta property=\"og:title\" content=\"Plot Main Noire - R\u00e9gion d&#039;Aysen\" \/>\n<meta property=\"og:description\" content=\"Placez-le \u00e0 33 kms de Coyhaique. Il se connecte \u00e0 la route sud, acc\u00e8s pav\u00e9, \u00e9lectricit\u00e9, eau potable rurale et excellent signal t\u00e9l\u00e9phonique. Pr\u00e8s de la Villa Ortega, donnant sur l&#039;empereur Cerro Guillermo.\" \/>\n<meta property=\"og:url\" content=\"https:\/\/produncan.cl\/fr\/produit\/plot-main-noire-region-daysen\/\" \/>\n<meta property=\"og:site_name\" content=\"Produncan\" \/>\n<meta property=\"article:publisher\" content=\"https:\/\/web.facebook.com\/produncanland\" \/>\n<meta property=\"article:modified_time\" content=\"2026-03-30T21:41:08+00:00\" \/>\n<meta property=\"og:image\" content=\"https:\/\/produncan.cl\/wp-content\/uploads\/2026\/01\/Parcela-Mano-negra.webp\" \/>\n\t<meta property=\"og:image:width\" content=\"800\" \/>\n\t<meta property=\"og:image:height\" content=\"600\" \/>\n\t<meta property=\"og:image:type\" content=\"image\/webp\" \/>\n<meta name=\"twitter:card\" content=\"summary_large_image\" \/>\n<meta name=\"twitter:label1\" content=\"Price\" \/>\n\t<meta name=\"twitter:data1\" content=\"USD50.200,00\" \/>\n\t<meta name=\"twitter:label2\" content=\"Availability\" \/>\n\t<meta name=\"twitter:data2\" content=\"In stock\" \/>\n<script type=\"application\/ld+json\" class=\"yoast-schema-graph\">{\"@context\":\"https:\\\/\\\/schema.org\",\"@graph\":[{\"@type\":\"WebPage\",\"@id\":\"https:\\\/\\\/produncan.cl\\\/fr\\\/produit\\\/plot-main-noire-region-daysen\\\/\",\"url\":\"https:\\\/\\\/produncan.cl\\\/fr\\\/produit\\\/plot-main-noire-region-daysen\\\/\",\"name\":\"Plot Main Noire - R\u00e9gion d'Aysen - Produncan\",\"isPartOf\":{\"@id\":\"https:\\\/\\\/produncan.cl\\\/fr\\\/#website\"},\"primaryImageOfPage\":{\"@id\":\"https:\\\/\\\/produncan.cl\\\/fr\\\/produit\\\/plot-main-noire-region-daysen\\\/#primaryimage\"},\"image\":{\"@id\":\"https:\\\/\\\/produncan.cl\\\/fr\\\/produit\\\/plot-main-noire-region-daysen\\\/#primaryimage\"},\"thumbnailUrl\":\"https:\\\/\\\/produncan.cl\\\/wp-content\\\/uploads\\\/2026\\\/01\\\/Parcela-Mano-negra.webp\",\"datePublished\":\"2026-01-27T21:43:14+00:00\",\"dateModified\":\"2026-03-30T21:41:08+00:00\",\"description\":\"Placez-le \u00e0 33 kms de Coyhaique. Il se connecte \u00e0 la route sud, acc\u00e8s pav\u00e9, \u00e9lectricit\u00e9, eau potable rurale et excellent signal t\u00e9l\u00e9phonique. Pr\u00e8s de la Villa Ortega, donnant sur l'empereur Cerro Guillermo.\",\"breadcrumb\":{\"@id\":\"https:\\\/\\\/produncan.cl\\\/fr\\\/produit\\\/plot-main-noire-region-daysen\\\/#breadcrumb\"},\"inLanguage\":\"fr-FR\",\"potentialAction\":[{\"@type\":\"ReadAction\",\"target\":[\"https:\\\/\\\/produncan.cl\\\/fr\\\/produit\\\/plot-main-noire-region-daysen\\\/\"]}]},{\"@type\":\"ImageObject\",\"inLanguage\":\"fr-FR\",\"@id\":\"https:\\\/\\\/produncan.cl\\\/fr\\\/produit\\\/plot-main-noire-region-daysen\\\/#primaryimage\",\"url\":\"https:\\\/\\\/produncan.cl\\\/wp-content\\\/uploads\\\/2026\\\/01\\\/Parcela-Mano-negra.webp\",\"contentUrl\":\"https:\\\/\\\/produncan.cl\\\/wp-content\\\/uploads\\\/2026\\\/01\\\/Parcela-Mano-negra.webp\",\"width\":800,\"height\":600,\"caption\":\"Plot Main noire\"},{\"@type\":\"BreadcrumbList\",\"@id\":\"https:\\\/\\\/produncan.cl\\\/fr\\\/produit\\\/plot-main-noire-region-daysen\\\/#breadcrumb\",\"itemListElement\":[{\"@type\":\"ListItem\",\"position\":1,\"name\":\"Inicio\",\"item\":\"https:\\\/\\\/produncan.cl\\\/fr\\\/\"},{\"@type\":\"ListItem\",\"position\":2,\"name\":\"Propri\u00e9t\u00e9s\",\"item\":\"https:\\\/\\\/produncan.cl\\\/propiedades\\\/\"},{\"@type\":\"ListItem\",\"position\":3,\"name\":\"Parcelles\",\"item\":\"https:\\\/\\\/produncan.cl\\\/fr\\\/cat&eacute;gorie\\\/parcelles\\\/\"},{\"@type\":\"ListItem\",\"position\":4,\"name\":\"Plot Main Noire &#8211; R\u00e9gion d&#8217;Aysen\"}]},{\"@type\":\"WebSite\",\"@id\":\"https:\\\/\\\/produncan.cl\\\/fr\\\/#website\",\"url\":\"https:\\\/\\\/produncan.cl\\\/fr\\\/\",\"name\":\"Produncan\",\"description\":\"Nous vous accompagnons dans votre projet de vie !\",\"publisher\":{\"@id\":\"https:\\\/\\\/produncan.cl\\\/fr\\\/#organization\"},\"potentialAction\":[{\"@type\":\"SearchAction\",\"target\":{\"@type\":\"EntryPoint\",\"urlTemplate\":\"https:\\\/\\\/produncan.cl\\\/fr\\\/?s={search_term_string}\"},\"query-input\":{\"@type\":\"PropertyValueSpecification\",\"valueRequired\":true,\"valueName\":\"search_term_string\"}}],\"inLanguage\":\"fr-FR\"},{\"@type\":\"Organization\",\"@id\":\"https:\\\/\\\/produncan.cl\\\/fr\\\/#organization\",\"name\":\"Produncan\",\"url\":\"https:\\\/\\\/produncan.cl\\\/fr\\\/\",\"logo\":{\"@type\":\"ImageObject\",\"inLanguage\":\"fr-FR\",\"@id\":\"https:\\\/\\\/produncan.cl\\\/fr\\\/#\\\/schema\\\/logo\\\/image\\\/\",\"url\":\"https:\\\/\\\/produncan.cl\\\/wp-content\\\/uploads\\\/2021\\\/03\\\/LOGO.jpeg\",\"contentUrl\":\"https:\\\/\\\/produncan.cl\\\/wp-content\\\/uploads\\\/2021\\\/03\\\/LOGO.jpeg\",\"width\":1280,\"height\":903,\"caption\":\"Produncan\"},\"image\":{\"@id\":\"https:\\\/\\\/produncan.cl\\\/fr\\\/#\\\/schema\\\/logo\\\/image\\\/\"},\"sameAs\":[\"https:\\\/\\\/web.facebook.com\\\/produncanland\",\"https:\\\/\\\/www.instagram.com\\\/pro_duncan\\\/\",\"https:\\\/\\\/www.linkedin.com\\\/company\\\/produncan-lands\\\/\",\"https:\\\/\\\/www.youtube.com\\\/channel\\\/UCu7N-f3x0svkazD-Eew1-QQ\"],\"description\":\"En Produncan somos especialistas en la venta de terrenos en el sur de Chile. Proveemos estancias, campos, parcelas y hoteles.\",\"email\":\"info@produncan.cl\"}]}<\/script>\n<meta property=\"og:video\" content=\"https:\/\/www.youtube.com\/embed\/SXkpTxWffHU\" \/>\n<meta property=\"og:video:type\" content=\"text\/html\" \/>\n<meta property=\"og:video:duration\" content=\"72\" \/>\n<meta property=\"og:video:width\" content=\"480\" \/>\n<meta property=\"og:video:height\" content=\"270\" \/>\n<meta property=\"ya:ovs:adult\" content=\"false\" \/>\n<meta property=\"ya:ovs:upload_date\" content=\"2026-01-27T21:43:14+00:00\" \/>\n<meta property=\"ya:ovs:allow_embed\" content=\"true\" \/>\n<meta property=\"product:price:amount\" content=\"50200.00\" \/>\n<meta property=\"product:price:currency\" content=\"USD\" \/>\n<meta property=\"og:availability\" content=\"instock\" \/>\n<meta property=\"product:availability\" content=\"instock\" \/>\n<meta property=\"product:condition\" content=\"new\" \/>\n<!-- \/ Yoast SEO Premium plugin. -->","yoast_head_json":{"title":"Plot Main Noire - R\u00e9gion d'Aysen - Produncan","description":"Placez-le \u00e0 33 kms de Coyhaique. Il se connecte \u00e0 la route sud, acc\u00e8s pav\u00e9, \u00e9lectricit\u00e9, eau potable rurale et excellent signal t\u00e9l\u00e9phonique. Pr\u00e8s de la Villa Ortega, donnant sur l'empereur Cerro Guillermo.","robots":{"index":"index","follow":"follow","max-snippet":"max-snippet:-1","max-image-preview":"max-image-preview:large","max-video-preview":"max-video-preview:-1"},"canonical":"https:\/\/produncan.cl\/fr\/produit\/plot-main-noire-region-daysen\/","og_locale":"fr_FR","og_type":"article","og_title":"Plot Main Noire - R\u00e9gion d'Aysen","og_description":"Placez-le \u00e0 33 kms de Coyhaique. Il se connecte \u00e0 la route sud, acc\u00e8s pav\u00e9, \u00e9lectricit\u00e9, eau potable rurale et excellent signal t\u00e9l\u00e9phonique. Pr\u00e8s de la Villa Ortega, donnant sur l'empereur Cerro Guillermo.","og_url":"https:\/\/produncan.cl\/fr\/produit\/plot-main-noire-region-daysen\/","og_site_name":"Produncan","article_publisher":"https:\/\/web.facebook.com\/produncanland","article_modified_time":"2026-03-30T21:41:08+00:00","og_image":[{"width":800,"height":600,"url":"https:\/\/produncan.cl\/wp-content\/uploads\/2026\/01\/Parcela-Mano-negra.webp","type":"image\/webp"}],"twitter_card":"summary_large_image","twitter_misc":{"Price":"USD50.200,00","Availability":"In stock"},"schema":{"@context":"https:\/\/schema.org","@graph":[{"@type":"WebPage","@id":"https:\/\/produncan.cl\/fr\/produit\/plot-main-noire-region-daysen\/","url":"https:\/\/produncan.cl\/fr\/produit\/plot-main-noire-region-daysen\/","name":"Plot Main Noire - R\u00e9gion d'Aysen - Produncan","isPartOf":{"@id":"https:\/\/produncan.cl\/fr\/#website"},"primaryImageOfPage":{"@id":"https:\/\/produncan.cl\/fr\/produit\/plot-main-noire-region-daysen\/#primaryimage"},"image":{"@id":"https:\/\/produncan.cl\/fr\/produit\/plot-main-noire-region-daysen\/#primaryimage"},"thumbnailUrl":"https:\/\/produncan.cl\/wp-content\/uploads\/2026\/01\/Parcela-Mano-negra.webp","datePublished":"2026-01-27T21:43:14+00:00","dateModified":"2026-03-30T21:41:08+00:00","description":"Placez-le \u00e0 33 kms de Coyhaique. Il se connecte \u00e0 la route sud, acc\u00e8s pav\u00e9, \u00e9lectricit\u00e9, eau potable rurale et excellent signal t\u00e9l\u00e9phonique. Pr\u00e8s de la Villa Ortega, donnant sur l'empereur Cerro Guillermo.","breadcrumb":{"@id":"https:\/\/produncan.cl\/fr\/produit\/plot-main-noire-region-daysen\/#breadcrumb"},"inLanguage":"fr-FR","potentialAction":[{"@type":"ReadAction","target":["https:\/\/produncan.cl\/fr\/produit\/plot-main-noire-region-daysen\/"]}]},{"@type":"ImageObject","inLanguage":"fr-FR","@id":"https:\/\/produncan.cl\/fr\/produit\/plot-main-noire-region-daysen\/#primaryimage","url":"https:\/\/produncan.cl\/wp-content\/uploads\/2026\/01\/Parcela-Mano-negra.webp","contentUrl":"https:\/\/produncan.cl\/wp-content\/uploads\/2026\/01\/Parcela-Mano-negra.webp","width":800,"height":600,"caption":"Plot Main noire"},{"@type":"BreadcrumbList","@id":"https:\/\/produncan.cl\/fr\/produit\/plot-main-noire-region-daysen\/#breadcrumb","itemListElement":[{"@type":"ListItem","position":1,"name":"Inicio","item":"https:\/\/produncan.cl\/fr\/"},{"@type":"ListItem","position":2,"name":"Propri\u00e9t\u00e9s","item":"https:\/\/produncan.cl\/propiedades\/"},{"@type":"ListItem","position":3,"name":"Parcelles","item":"https:\/\/produncan.cl\/fr\/cat&eacute;gorie\/parcelles\/"},{"@type":"ListItem","position":4,"name":"Plot Main Noire &#8211; R\u00e9gion d&#8217;Aysen"}]},{"@type":"WebSite","@id":"https:\/\/produncan.cl\/fr\/#website","url":"https:\/\/produncan.cl\/fr\/","name":"Produncan","description":"Nous vous accompagnons dans votre projet de vie !","publisher":{"@id":"https:\/\/produncan.cl\/fr\/#organization"},"potentialAction":[{"@type":"SearchAction","target":{"@type":"EntryPoint","urlTemplate":"https:\/\/produncan.cl\/fr\/?s={search_term_string}"},"query-input":{"@type":"PropertyValueSpecification","valueRequired":true,"valueName":"search_term_string"}}],"inLanguage":"fr-FR"},{"@type":"Organization","@id":"https:\/\/produncan.cl\/fr\/#organization","name":"Produncan","url":"https:\/\/produncan.cl\/fr\/","logo":{"@type":"ImageObject","inLanguage":"fr-FR","@id":"https:\/\/produncan.cl\/fr\/#\/schema\/logo\/image\/","url":"https:\/\/produncan.cl\/wp-content\/uploads\/2021\/03\/LOGO.jpeg","contentUrl":"https:\/\/produncan.cl\/wp-content\/uploads\/2021\/03\/LOGO.jpeg","width":1280,"height":903,"caption":"Produncan"},"image":{"@id":"https:\/\/produncan.cl\/fr\/#\/schema\/logo\/image\/"},"sameAs":["https:\/\/web.facebook.com\/produncanland","https:\/\/www.instagram.com\/pro_duncan\/","https:\/\/www.linkedin.com\/company\/produncan-lands\/","https:\/\/www.youtube.com\/channel\/UCu7N-f3x0svkazD-Eew1-QQ"],"description":"En Produncan somos especialistas en la venta de terrenos en el sur de Chile. Proveemos estancias, campos, parcelas y hoteles.","email":"info@produncan.cl"}]},"og_video":"https:\/\/www.youtube.com\/embed\/SXkpTxWffHU","og_video_type":"text\/html","og_video_duration":"72","og_video_width":"480","og_video_height":"270","ya_ovs_adult":"false","ya_ovs_upload_date":"2026-01-27T21:43:14+00:00","ya_ovs_allow_embed":"true","product_price_amount":"50200.00","product_price_currency":"USD","og_availability":"instock","product_availability":"instock","product_condition":"new"},"_links":{"self":[{"href":"https:\/\/produncan.cl\/fr\/wp-json\/wp\/v2\/product\/54737","targetHints":{"allow":["GET"]}}],"collection":[{"href":"https:\/\/produncan.cl\/fr\/wp-json\/wp\/v2\/product"}],"about":[{"href":"https:\/\/produncan.cl\/fr\/wp-json\/wp\/v2\/types\/product"}],"version-history":[{"count":1,"href":"https:\/\/produncan.cl\/fr\/wp-json\/wp\/v2\/product\/54737\/revisions"}],"predecessor-version":[{"id":54751,"href":"https:\/\/produncan.cl\/fr\/wp-json\/wp\/v2\/product\/54737\/revisions\/54751"}],"wp:featuredmedia":[{"embeddable":true,"href":"https:\/\/produncan.cl\/fr\/wp-json\/wp\/v2\/media\/54738"}],"wp:attachment":[{"href":"https:\/\/produncan.cl\/fr\/wp-json\/wp\/v2\/media?parent=54737"}],"wp:term":[{"taxonomy":"product_brand","embeddable":true,"href":"https:\/\/produncan.cl\/fr\/wp-json\/wp\/v2\/product_brand?post=54737"},{"taxonomy":"product_cat","embeddable":true,"href":"https:\/\/produncan.cl\/fr\/wp-json\/wp\/v2\/product_cat?post=54737"},{"taxonomy":"product_tag","embeddable":true,"href":"https:\/\/produncan.cl\/fr\/wp-json\/wp\/v2\/product_tag?post=54737"},{"taxonomy":"regiones","embeddable":true,"href":"https:\/\/produncan.cl\/fr\/wp-json\/wp\/v2\/regiones?post=54737"},{"taxonomy":"ciudades","embeddable":true,"href":"https:\/\/produncan.cl\/fr\/wp-json\/wp\/v2\/ciudades?post=54737"}],"curies":[{"name":"wp","href":"https:\/\/api.w.org\/{rel}","templated":true}]}}