{"id":54797,"date":"2026-01-20T21:00:29","date_gmt":"2026-01-21T00:00:29","guid":{"rendered":"https:\/\/produncan.cl\/propiedad\/terrain-en-ilque-puerto-montt-region-de-los-lagos\/"},"modified":"2026-02-26T11:55:42","modified_gmt":"2026-02-26T14:55:42","slug":"terrain-en-ilque-puerto-montt-region-de-los-lagos","status":"publish","type":"product","link":"https:\/\/produncan.cl\/fr\/produit\/terrain-en-ilque-puerto-montt-region-de-los-lagos\/","title":{"rendered":"Terrain en Ilque, Puerto Montt &#8211; R\u00e9gion de Los Lagos"},"content":{"rendered":"\t\t<div data-elementor-type=\"product-post\" data-elementor-id=\"54797\" class=\"elementor elementor-54797 elementor-54500\" data-elementor-post-type=\"product\">\n\t\t\t\t<div class=\"elementor-element elementor-element-d0192b4 e-flex e-con-boxed e-con e-parent\" data-id=\"d0192b4\" data-element_type=\"container\" data-e-type=\"container\" data-settings=\"{&quot;jet_parallax_layout_list&quot;:[]}\">\n\t\t\t\t\t<div class=\"e-con-inner\">\n\t\t\t\t<div class=\"elementor-element elementor-element-d524722 elementor-widget elementor-widget-heading\" data-id=\"d524722\" data-element_type=\"widget\" data-e-type=\"widget\" data-widget_type=\"heading.default\">\n\t\t\t\t\t<h2 class=\"elementor-heading-title elementor-size-default\">Cercania, acc\u00e8s imbattable, infrastructure et divers \u00e9cosyst\u00e8mes dans 68.54 hectares<\/h2>\t\t\t\t<\/div>\n\t\t\t\t\t<\/div>\n\t\t\t\t<\/div>\n\t\t<div class=\"elementor-element elementor-element-a9a6992 e-flex e-con-boxed e-con e-parent\" data-id=\"a9a6992\" data-element_type=\"container\" data-e-type=\"container\" data-settings=\"{&quot;jet_parallax_layout_list&quot;:[]}\">\n\t\t\t\t\t<div class=\"e-con-inner\">\n\t\t\t\t<div class=\"elementor-element elementor-element-cce6e0a elementor-widget elementor-widget-text-editor\" data-id=\"cce6e0a\" data-element_type=\"widget\" data-e-type=\"widget\" data-widget_type=\"text-editor.default\">\n\t\t\t\t\t\t\t\t\t<p>Situ\u00e9 dans le secteur Ilque, commune de <a href=\"https:\/\/produncan.cl\/ciudades\/puerto-montt\/\" rel=\"noopener\" target=\"_blank\"><span style=\"color: #c74040;\"><strong>Puerto Montt<\/strong><\/span><\/a>Ce domaine de 68,54 hectares combine une grande superficie agricole avec des zones naturelles de grande valeur \u00e9cologique. Son acc\u00e8s est rapide, avec route asphalt\u00e9e de Puerto Montt et seulement 800 m\u00e8tres de ripio final en tr\u00e8s bon \u00e9tat. La propri\u00e9t\u00e9 a son propre r\u00f4le et l&#8217;utilisation des sols agricoles.<\/p>\n<p>Le sol a une topographie ondul\u00e9e, avec des secteurs de planicie et de pente molle dans la zone humide. L&#8217;exposition solaire est optimale pour une grande partie de la journ\u00e9e. Il est enti\u00e8rement cl\u00f4tur\u00e9 avec des cl\u00f4tures en bois et des fils barbel\u00e9s, et l&#8217;acc\u00e8s principal avec portail en m\u00e9tal coulissant. Il comprend 4300 m\u00e8tres lin\u00e9aires de cl\u00f4tures internes.<\/p>\n<p>Le champ dispose d&#8217;une alimentation \u00e9lectrique SESA, d&#8217;un r\u00e9seau d&#8217;eau potable rurale et d&#8217;une ligne de ciment de 3 m\u00e8tres de profondeur avec une maison de protection. La propri\u00e9t\u00e9 ne donne pas la servitude \u00e0 d&#8217;autres terres, seulement des voies internes. Il poss\u00e8de 24 hectares de prairies d&#8217;excellente qualit\u00e9 pour le b\u00e9tail et l&#8217;agriculture, 10 hectares d&#8217;arbustes, 1,5 hectares de construction et de routes, 20,04 hectares de for\u00eats renouvelables indig\u00e8nes et 13 hectares de mallin. Il contient des esp\u00e8ces indig\u00e8nes comme les coigues, les rayans et les lumas. La faune locale comprend des renards chiliens, des chucaos, des zorzales, des rayaditos et des tioques.<\/p>\n<p>Une de ses caract\u00e9ristiques principales est la pr\u00e9sence de 13 hectares de Mallin (terre humide) avec un plan de r\u00e9colte actif pour le pompon, avec des cycles d&#8217;extraction tous les quatre ans. De plus, il poss\u00e8de un bras de la rivi\u00e8re Trap\u00e9n qui fait partie de la deslinde de la propri\u00e9t\u00e9.<\/p>\n<p>Les b\u00e2timents de la propri\u00e9t\u00e9 comprennent quatre caves, un gallon de 120 m2, un stylo de 72 m2 et un s\u00e9cheur \u00e0 pompon. Il dispose \u00e9galement de machines agricoles : tracteurs, machines \u00e0 planter, pagaies et pagaies, trois chalutiers, trilateur et rechargeuse de carburant.<\/p>\n<p>La maison principale, construite en 2018, a 210 m 2 sur un \u00e9tage. Il dispose de quatre chambres, deux salles de bains, hall, logia, cuisine ouverte avec salle \u00e0 manger quotidienne, cellier et un bureau. Sa construction est en bois naturel, avec planchers en bois, fen\u00eatres thermopanneaux et chauffage avec deux po\u00eales \u00e0 combustion lente. Il a une teinture d&#8217;eau chaude, cinq terrasses face aux volcans et la zone humide et une galerie couverte avec vue sur le paysage. La maison a \u00e9galement une vid\u00e9osurveillance dans l&#8217;entr\u00e9e, la route int\u00e9rieure et le p\u00e9rim\u00e8tre. Il est vendu amoblada.<\/p>\n<p>La propri\u00e9t\u00e9 offre une vue d\u00e9gag\u00e9e sur le volcan Calbuco et trois autres volcans \u00e0 c\u00f4t\u00e9 d&#8217;un cordon de montagne. La for\u00eat de la propri\u00e9t\u00e9 a des routes int\u00e9rieures. Il y a un seul voisin \u00e0 800 m\u00e8tres, ce qui fournit l&#8217;intimit\u00e9.<\/p>\n<p>La ville la plus proche est Puerto Montt. L&#8217;a\u00e9roport El Tepual est \u00e0 35 minutes. Il y a des transports en commun dans la zone asphalt\u00e9e, avec un bus quotidien pour Puerto Montt. Un signal est disponible chez Wom, Movistar et Entel. Les attractions les plus proches incluent l&#8217;\u00eele Tenglo, le monument naturel de Lahuen \u00d1adi, le lac Llanquihue et le volcan Calbuco.<\/p>\n<p>Le climat est temp\u00e9r\u00e9 par l&#8217;oc\u00e9an, caract\u00e9ris\u00e9 par des temp\u00e9ratures mod\u00e9r\u00e9es tout au long de l&#8217;ann\u00e9e, des \u00e9t\u00e9s frais entre 11 et 20 degr\u00e9s et des hivers entre 4 et 11 degr\u00e9s. Les pluies sont fr\u00e9quentes m\u00eame en \u00e9t\u00e9, ce qui favorise les paysages verts et la grande disponibilit\u00e9 en eau qui distingue la r\u00e9gion.<\/p>\n<p>Ce domaine regroupe la productivit\u00e9, la biodiversit\u00e9, l&#8217;infrastructure et un emplacement strat\u00e9gique, ce qui en fait une occasion exceptionnelle pour des projets agricoles, touristiques ou r\u00e9sidentiels, dans un environnement d&#8217;intimit\u00e9 absolue et avec un paysage naturel unique dans la r\u00e9gion.<\/p>\n<p>Contactez-nous et faites votre prochain gros investissement!<\/p>\n\t\t\t\t\t\t\t\t<\/div>\n\t\t\t\t\t<\/div>\n\t\t\t\t<\/div>\n\t\t\t\t<\/div>\n\t\t","protected":false},"excerpt":{"rendered":"<p>Pays \u00e0 Puerto Montt, surplombant la cha\u00eene de montagnes, \u00e0 proximit\u00e9 de la ville de Calbuco. Avec maison de 210m2, galapos, cave, volaille et machines. Pavage de l&#8217;acc\u00e8s, prairies, terres humides, rivi\u00e8res et for\u00eats indig\u00e8nes. Eau APR et \u00e9lectricit\u00e9.<\/p>\n","protected":false},"featured_media":54798,"template":"","meta":{"_acf_changed":false},"product_brand":[],"product_cat":[113],"product_tag":[233],"regiones":[226],"ciudades":[218,219],"class_list":{"0":"post-54797","1":"product","2":"type-product","3":"status-publish","4":"has-post-thumbnail","6":"product_cat-ohiggins-los-lagos-fr","7":"product_tag-champs","8":"regiones-nuble-los_lagos","9":"ciudades-puerto-montt","10":"ciudades-puerto-varas","12":"first","13":"instock","14":"shipping-taxable","15":"purchasable","16":"product-type-simple"},"acf":[],"yoast_head":"<!-- This site is optimized with the Yoast SEO Premium plugin v26.0 (Yoast SEO v27.3) - https:\/\/yoast.com\/product\/yoast-seo-premium-wordpress\/ -->\n<title>Terrain en Ilque, Puerto Montt - R\u00e9gion de Los Lagos - Produncan<\/title>\n<meta name=\"description\" content=\"Pays \u00e0 Puerto Montt, surplombant la cha\u00eene de montagnes, \u00e0 proximit\u00e9 de la ville de Calbuco. Avec maison de 210m2, galapos, cave, volaille et machines.\" \/>\n<meta name=\"robots\" content=\"index, follow, max-snippet:-1, max-image-preview:large, max-video-preview:-1\" \/>\n<link rel=\"canonical\" href=\"https:\/\/produncan.cl\/fr\/produit\/terrain-en-ilque-puerto-montt-region-de-los-lagos\/\" \/>\n<meta property=\"og:locale\" content=\"fr_FR\" \/>\n<meta property=\"og:type\" content=\"article\" \/>\n<meta property=\"og:title\" content=\"Terrain en Ilque, Puerto Montt - R\u00e9gion de Los Lagos\" \/>\n<meta property=\"og:description\" content=\"Pays \u00e0 Puerto Montt, surplombant la cha\u00eene de montagnes, \u00e0 proximit\u00e9 de la ville de Calbuco. Avec maison de 210m2, galapos, cave, volaille et machines.\" \/>\n<meta property=\"og:url\" content=\"https:\/\/produncan.cl\/fr\/produit\/terrain-en-ilque-puerto-montt-region-de-los-lagos\/\" \/>\n<meta property=\"og:site_name\" content=\"Produncan\" \/>\n<meta property=\"article:publisher\" content=\"https:\/\/web.facebook.com\/produncanland\" \/>\n<meta property=\"article:modified_time\" content=\"2026-02-26T14:55:42+00:00\" \/>\n<meta property=\"og:image\" content=\"https:\/\/produncan.cl\/wp-content\/uploads\/2026\/01\/Campo-Ilque-Puerto-Montt.webp\" \/>\n<meta name=\"twitter:card\" content=\"summary_large_image\" \/>\n<meta name=\"twitter:label1\" content=\"Price\" \/>\n\t<meta name=\"twitter:data1\" content=\"USD1.521.800,00\" \/>\n\t<meta name=\"twitter:label2\" content=\"Availability\" \/>\n\t<meta name=\"twitter:data2\" content=\"In stock\" \/>\n<script type=\"application\/ld+json\" class=\"yoast-schema-graph\">{\"@context\":\"https:\\\/\\\/schema.org\",\"@graph\":[{\"@type\":\"WebPage\",\"@id\":\"https:\\\/\\\/produncan.cl\\\/fr\\\/produit\\\/terrain-en-ilque-puerto-montt-region-de-los-lagos\\\/\",\"url\":\"https:\\\/\\\/produncan.cl\\\/fr\\\/produit\\\/terrain-en-ilque-puerto-montt-region-de-los-lagos\\\/\",\"name\":\"Terrain en Ilque, Puerto Montt - R\u00e9gion de Los Lagos - Produncan\",\"isPartOf\":{\"@id\":\"https:\\\/\\\/produncan.cl\\\/fr\\\/#website\"},\"primaryImageOfPage\":{\"@id\":\"https:\\\/\\\/produncan.cl\\\/fr\\\/produit\\\/terrain-en-ilque-puerto-montt-region-de-los-lagos\\\/#primaryimage\"},\"image\":{\"@id\":\"https:\\\/\\\/produncan.cl\\\/fr\\\/produit\\\/terrain-en-ilque-puerto-montt-region-de-los-lagos\\\/#primaryimage\"},\"thumbnailUrl\":\"https:\\\/\\\/produncan.cl\\\/wp-content\\\/uploads\\\/2026\\\/01\\\/Campo-Ilque-Puerto-Montt.webp\",\"datePublished\":\"2026-01-21T00:00:29+00:00\",\"dateModified\":\"2026-02-26T14:55:42+00:00\",\"description\":\"Pays \u00e0 Puerto Montt, surplombant la cha\u00eene de montagnes, \u00e0 proximit\u00e9 de la ville de Calbuco. Avec maison de 210m2, galapos, cave, volaille et machines.\",\"breadcrumb\":{\"@id\":\"https:\\\/\\\/produncan.cl\\\/fr\\\/produit\\\/terrain-en-ilque-puerto-montt-region-de-los-lagos\\\/#breadcrumb\"},\"inLanguage\":\"fr-FR\",\"potentialAction\":[{\"@type\":\"ReadAction\",\"target\":[\"https:\\\/\\\/produncan.cl\\\/fr\\\/produit\\\/terrain-en-ilque-puerto-montt-region-de-los-lagos\\\/\"]}]},{\"@type\":\"ImageObject\",\"inLanguage\":\"fr-FR\",\"@id\":\"https:\\\/\\\/produncan.cl\\\/fr\\\/produit\\\/terrain-en-ilque-puerto-montt-region-de-los-lagos\\\/#primaryimage\",\"url\":\"https:\\\/\\\/produncan.cl\\\/wp-content\\\/uploads\\\/2026\\\/01\\\/Campo-Ilque-Puerto-Montt.webp\",\"contentUrl\":\"https:\\\/\\\/produncan.cl\\\/wp-content\\\/uploads\\\/2026\\\/01\\\/Campo-Ilque-Puerto-Montt.webp\",\"width\":800,\"height\":600,\"caption\":\"Campo Ilque Puerto Montt\"},{\"@type\":\"BreadcrumbList\",\"@id\":\"https:\\\/\\\/produncan.cl\\\/fr\\\/produit\\\/terrain-en-ilque-puerto-montt-region-de-los-lagos\\\/#breadcrumb\",\"itemListElement\":[{\"@type\":\"ListItem\",\"position\":1,\"name\":\"Inicio\",\"item\":\"https:\\\/\\\/produncan.cl\\\/fr\\\/\"},{\"@type\":\"ListItem\",\"position\":2,\"name\":\"Propri\u00e9t\u00e9s\",\"item\":\"https:\\\/\\\/produncan.cl\\\/propiedades\\\/\"},{\"@type\":\"ListItem\",\"position\":3,\"name\":\"Champs\",\"item\":\"https:\\\/\\\/produncan.cl\\\/fr\\\/cat&eacute;gorie\\\/champs\\\/\"},{\"@type\":\"ListItem\",\"position\":4,\"name\":\"Terrain en Ilque, Puerto Montt &#8211; R\u00e9gion de Los Lagos\"}]},{\"@type\":\"WebSite\",\"@id\":\"https:\\\/\\\/produncan.cl\\\/fr\\\/#website\",\"url\":\"https:\\\/\\\/produncan.cl\\\/fr\\\/\",\"name\":\"Produncan\",\"description\":\"Nous vous accompagnons dans votre projet de vie !\",\"publisher\":{\"@id\":\"https:\\\/\\\/produncan.cl\\\/fr\\\/#organization\"},\"potentialAction\":[{\"@type\":\"SearchAction\",\"target\":{\"@type\":\"EntryPoint\",\"urlTemplate\":\"https:\\\/\\\/produncan.cl\\\/fr\\\/?s={search_term_string}\"},\"query-input\":{\"@type\":\"PropertyValueSpecification\",\"valueRequired\":true,\"valueName\":\"search_term_string\"}}],\"inLanguage\":\"fr-FR\"},{\"@type\":\"Organization\",\"@id\":\"https:\\\/\\\/produncan.cl\\\/fr\\\/#organization\",\"name\":\"Produncan\",\"url\":\"https:\\\/\\\/produncan.cl\\\/fr\\\/\",\"logo\":{\"@type\":\"ImageObject\",\"inLanguage\":\"fr-FR\",\"@id\":\"https:\\\/\\\/produncan.cl\\\/fr\\\/#\\\/schema\\\/logo\\\/image\\\/\",\"url\":\"https:\\\/\\\/produncan.cl\\\/wp-content\\\/uploads\\\/2021\\\/03\\\/LOGO.jpeg\",\"contentUrl\":\"https:\\\/\\\/produncan.cl\\\/wp-content\\\/uploads\\\/2021\\\/03\\\/LOGO.jpeg\",\"width\":1280,\"height\":903,\"caption\":\"Produncan\"},\"image\":{\"@id\":\"https:\\\/\\\/produncan.cl\\\/fr\\\/#\\\/schema\\\/logo\\\/image\\\/\"},\"sameAs\":[\"https:\\\/\\\/web.facebook.com\\\/produncanland\",\"https:\\\/\\\/www.instagram.com\\\/pro_duncan\\\/\",\"https:\\\/\\\/www.linkedin.com\\\/company\\\/produncan-lands\\\/\",\"https:\\\/\\\/www.youtube.com\\\/channel\\\/UCu7N-f3x0svkazD-Eew1-QQ\"],\"description\":\"En Produncan somos especialistas en la venta de terrenos en el sur de Chile. Proveemos estancias, campos, parcelas y hoteles.\",\"email\":\"info@produncan.cl\"}]}<\/script>\n<meta property=\"og:video\" content=\"https:\/\/www.youtube.com\/embed\/hmrphgRFp_c\" \/>\n<meta property=\"og:video:type\" content=\"text\/html\" \/>\n<meta property=\"og:video:duration\" content=\"89\" \/>\n<meta property=\"og:video:width\" content=\"480\" \/>\n<meta property=\"og:video:height\" content=\"270\" \/>\n<meta property=\"ya:ovs:adult\" content=\"false\" \/>\n<meta property=\"ya:ovs:upload_date\" content=\"2026-01-21T00:00:29+00:00\" \/>\n<meta property=\"ya:ovs:allow_embed\" content=\"true\" \/>\n<meta property=\"product:price:amount\" content=\"1521800.00\" \/>\n<meta property=\"product:price:currency\" content=\"USD\" \/>\n<meta property=\"og:availability\" content=\"instock\" \/>\n<meta property=\"product:availability\" content=\"instock\" \/>\n<meta property=\"product:condition\" content=\"new\" \/>\n<!-- \/ Yoast SEO Premium plugin. -->","yoast_head_json":{"title":"Terrain en Ilque, Puerto Montt - R\u00e9gion de Los Lagos - Produncan","description":"Pays \u00e0 Puerto Montt, surplombant la cha\u00eene de montagnes, \u00e0 proximit\u00e9 de la ville de Calbuco. Avec maison de 210m2, galapos, cave, volaille et machines.","robots":{"index":"index","follow":"follow","max-snippet":"max-snippet:-1","max-image-preview":"max-image-preview:large","max-video-preview":"max-video-preview:-1"},"canonical":"https:\/\/produncan.cl\/fr\/produit\/terrain-en-ilque-puerto-montt-region-de-los-lagos\/","og_locale":"fr_FR","og_type":"article","og_title":"Terrain en Ilque, Puerto Montt - R\u00e9gion de Los Lagos","og_description":"Pays \u00e0 Puerto Montt, surplombant la cha\u00eene de montagnes, \u00e0 proximit\u00e9 de la ville de Calbuco. Avec maison de 210m2, galapos, cave, volaille et machines.","og_url":"https:\/\/produncan.cl\/fr\/produit\/terrain-en-ilque-puerto-montt-region-de-los-lagos\/","og_site_name":"Produncan","article_publisher":"https:\/\/web.facebook.com\/produncanland","article_modified_time":"2026-02-26T14:55:42+00:00","og_image":[{"url":"https:\/\/produncan.cl\/wp-content\/uploads\/2026\/01\/Campo-Ilque-Puerto-Montt.webp","type":"","width":"","height":""}],"twitter_card":"summary_large_image","twitter_misc":{"Price":"USD1.521.800,00","Availability":"In stock"},"schema":{"@context":"https:\/\/schema.org","@graph":[{"@type":"WebPage","@id":"https:\/\/produncan.cl\/fr\/produit\/terrain-en-ilque-puerto-montt-region-de-los-lagos\/","url":"https:\/\/produncan.cl\/fr\/produit\/terrain-en-ilque-puerto-montt-region-de-los-lagos\/","name":"Terrain en Ilque, Puerto Montt - R\u00e9gion de Los Lagos - Produncan","isPartOf":{"@id":"https:\/\/produncan.cl\/fr\/#website"},"primaryImageOfPage":{"@id":"https:\/\/produncan.cl\/fr\/produit\/terrain-en-ilque-puerto-montt-region-de-los-lagos\/#primaryimage"},"image":{"@id":"https:\/\/produncan.cl\/fr\/produit\/terrain-en-ilque-puerto-montt-region-de-los-lagos\/#primaryimage"},"thumbnailUrl":"https:\/\/produncan.cl\/wp-content\/uploads\/2026\/01\/Campo-Ilque-Puerto-Montt.webp","datePublished":"2026-01-21T00:00:29+00:00","dateModified":"2026-02-26T14:55:42+00:00","description":"Pays \u00e0 Puerto Montt, surplombant la cha\u00eene de montagnes, \u00e0 proximit\u00e9 de la ville de Calbuco. Avec maison de 210m2, galapos, cave, volaille et machines.","breadcrumb":{"@id":"https:\/\/produncan.cl\/fr\/produit\/terrain-en-ilque-puerto-montt-region-de-los-lagos\/#breadcrumb"},"inLanguage":"fr-FR","potentialAction":[{"@type":"ReadAction","target":["https:\/\/produncan.cl\/fr\/produit\/terrain-en-ilque-puerto-montt-region-de-los-lagos\/"]}]},{"@type":"ImageObject","inLanguage":"fr-FR","@id":"https:\/\/produncan.cl\/fr\/produit\/terrain-en-ilque-puerto-montt-region-de-los-lagos\/#primaryimage","url":"https:\/\/produncan.cl\/wp-content\/uploads\/2026\/01\/Campo-Ilque-Puerto-Montt.webp","contentUrl":"https:\/\/produncan.cl\/wp-content\/uploads\/2026\/01\/Campo-Ilque-Puerto-Montt.webp","width":800,"height":600,"caption":"Campo Ilque Puerto Montt"},{"@type":"BreadcrumbList","@id":"https:\/\/produncan.cl\/fr\/produit\/terrain-en-ilque-puerto-montt-region-de-los-lagos\/#breadcrumb","itemListElement":[{"@type":"ListItem","position":1,"name":"Inicio","item":"https:\/\/produncan.cl\/fr\/"},{"@type":"ListItem","position":2,"name":"Propri\u00e9t\u00e9s","item":"https:\/\/produncan.cl\/propiedades\/"},{"@type":"ListItem","position":3,"name":"Champs","item":"https:\/\/produncan.cl\/fr\/cat&eacute;gorie\/champs\/"},{"@type":"ListItem","position":4,"name":"Terrain en Ilque, Puerto Montt &#8211; R\u00e9gion de Los Lagos"}]},{"@type":"WebSite","@id":"https:\/\/produncan.cl\/fr\/#website","url":"https:\/\/produncan.cl\/fr\/","name":"Produncan","description":"Nous vous accompagnons dans votre projet de vie !","publisher":{"@id":"https:\/\/produncan.cl\/fr\/#organization"},"potentialAction":[{"@type":"SearchAction","target":{"@type":"EntryPoint","urlTemplate":"https:\/\/produncan.cl\/fr\/?s={search_term_string}"},"query-input":{"@type":"PropertyValueSpecification","valueRequired":true,"valueName":"search_term_string"}}],"inLanguage":"fr-FR"},{"@type":"Organization","@id":"https:\/\/produncan.cl\/fr\/#organization","name":"Produncan","url":"https:\/\/produncan.cl\/fr\/","logo":{"@type":"ImageObject","inLanguage":"fr-FR","@id":"https:\/\/produncan.cl\/fr\/#\/schema\/logo\/image\/","url":"https:\/\/produncan.cl\/wp-content\/uploads\/2021\/03\/LOGO.jpeg","contentUrl":"https:\/\/produncan.cl\/wp-content\/uploads\/2021\/03\/LOGO.jpeg","width":1280,"height":903,"caption":"Produncan"},"image":{"@id":"https:\/\/produncan.cl\/fr\/#\/schema\/logo\/image\/"},"sameAs":["https:\/\/web.facebook.com\/produncanland","https:\/\/www.instagram.com\/pro_duncan\/","https:\/\/www.linkedin.com\/company\/produncan-lands\/","https:\/\/www.youtube.com\/channel\/UCu7N-f3x0svkazD-Eew1-QQ"],"description":"En Produncan somos especialistas en la venta de terrenos en el sur de Chile. Proveemos estancias, campos, parcelas y hoteles.","email":"info@produncan.cl"}]},"og_video":"https:\/\/www.youtube.com\/embed\/hmrphgRFp_c","og_video_type":"text\/html","og_video_duration":"89","og_video_width":"480","og_video_height":"270","ya_ovs_adult":"false","ya_ovs_upload_date":"2026-01-21T00:00:29+00:00","ya_ovs_allow_embed":"true","product_price_amount":"1521800.00","product_price_currency":"USD","og_availability":"instock","product_availability":"instock","product_condition":"new"},"_links":{"self":[{"href":"https:\/\/produncan.cl\/fr\/wp-json\/wp\/v2\/product\/54797","targetHints":{"allow":["GET"]}}],"collection":[{"href":"https:\/\/produncan.cl\/fr\/wp-json\/wp\/v2\/product"}],"about":[{"href":"https:\/\/produncan.cl\/fr\/wp-json\/wp\/v2\/types\/product"}],"version-history":[{"count":1,"href":"https:\/\/produncan.cl\/fr\/wp-json\/wp\/v2\/product\/54797\/revisions"}],"predecessor-version":[{"id":54811,"href":"https:\/\/produncan.cl\/fr\/wp-json\/wp\/v2\/product\/54797\/revisions\/54811"}],"wp:featuredmedia":[{"embeddable":true,"href":"https:\/\/produncan.cl\/fr\/wp-json\/wp\/v2\/media\/54798"}],"wp:attachment":[{"href":"https:\/\/produncan.cl\/fr\/wp-json\/wp\/v2\/media?parent=54797"}],"wp:term":[{"taxonomy":"product_brand","embeddable":true,"href":"https:\/\/produncan.cl\/fr\/wp-json\/wp\/v2\/product_brand?post=54797"},{"taxonomy":"product_cat","embeddable":true,"href":"https:\/\/produncan.cl\/fr\/wp-json\/wp\/v2\/product_cat?post=54797"},{"taxonomy":"product_tag","embeddable":true,"href":"https:\/\/produncan.cl\/fr\/wp-json\/wp\/v2\/product_tag?post=54797"},{"taxonomy":"regiones","embeddable":true,"href":"https:\/\/produncan.cl\/fr\/wp-json\/wp\/v2\/regiones?post=54797"},{"taxonomy":"ciudades","embeddable":true,"href":"https:\/\/produncan.cl\/fr\/wp-json\/wp\/v2\/ciudades?post=54797"}],"curies":[{"name":"wp","href":"https:\/\/api.w.org\/{rel}","templated":true}]}}