{"id":7322,"date":"2022-05-13T15:33:01","date_gmt":"2022-05-13T19:33:01","guid":{"rendered":"https:\/\/produncan.cl\/producto\/terrains-de-santa-ana\/"},"modified":"2025-12-26T17:32:21","modified_gmt":"2025-12-26T20:32:21","slug":"parcelles-santa-ana","status":"publish","type":"product","link":"https:\/\/produncan.cl\/fr\/produit\/parcelles-santa-ana\/","title":{"rendered":"Terrains \u00e0 Puerto Varas, Santa Ana &#8211; District des lacs"},"content":{"rendered":"\t\t<div data-elementor-type=\"product-post\" data-elementor-id=\"7322\" class=\"elementor elementor-7322 elementor-1541\" data-elementor-post-type=\"product\">\n\t\t\t\t<div class=\"elementor-element elementor-element-b7ccbea e-flex e-con-boxed e-con e-parent\" data-id=\"b7ccbea\" data-element_type=\"container\" data-e-type=\"container\" data-settings=\"{&quot;jet_parallax_layout_list&quot;:[]}\">\n\t\t\t\t\t<div class=\"e-con-inner\">\n\t\t<div class=\"elementor-element elementor-element-8f485a4 e-con-full e-flex e-con e-child\" data-id=\"8f485a4\" data-element_type=\"container\" data-e-type=\"container\" data-settings=\"{&quot;jet_parallax_layout_list&quot;:[]}\">\n\t\t\t\t<div class=\"elementor-element elementor-element-0511b07 elementor-widget elementor-widget-heading\" data-id=\"0511b07\" data-element_type=\"widget\" data-e-type=\"widget\" data-widget_type=\"heading.default\">\n\t\t\t\t\t<h2 class=\"elementor-heading-title elementor-size-default\">Nature, confort et communaut\u00e9 \u00e0 seulement 15 minutes de Puerto Varas, seulement 5 lots disponibles.<\/h2>\t\t\t\t<\/div>\n\t\t\t\t<div class=\"elementor-element elementor-element-b6458e7 elementor-widget elementor-widget-text-editor\" data-id=\"b6458e7\" data-element_type=\"widget\" data-e-type=\"widget\" data-widget_type=\"text-editor.default\">\n\t\t\t\t\t\t\t\t\t<p>Si vous recherchez une propri\u00e9t\u00e9 b\u00e9n\u00e9ficiant d&#8217;une excellente connectivit\u00e9, d&#8217;un environnement naturel, d&#8217;une s\u00e9curit\u00e9 et de services consolid\u00e9s, ce lotissement \u00e0 Puerto Varas est une opportunit\u00e9 unique. Situ\u00e9 dans la commune de Puerto Varas, \u00e0 seulement 15 minutes du centre-ville par une route enti\u00e8rement goudronn\u00e9e, ce projet se distingue par sa maturit\u00e9 et sa solidit\u00e9 : sur les 97 parcelles qui le composent, 91 ont d\u00e9j\u00e0 \u00e9t\u00e9 vendues et 67 sont d\u00e9j\u00e0 construites, refl\u00e9tant une communaut\u00e9 active, stable et en pleine croissance. <\/p>\n<p>Contrairement \u00e0 de nombreux autres projets immobiliers, ces terrains \u00e0 Puerto Varas ne vous permettent pas seulement d&#8217;acqu\u00e9rir un terrain, mais aussi de vous int\u00e9grer dans un environnement s\u00fbr, habitable d\u00e8s le premier jour, avec des voisins organis\u00e9s qui prennent soin et appr\u00e9cient les lieux. Toutes les parcelles sont imm\u00e9diatement raccord\u00e9es \u00e0 un syst\u00e8me d&#8217;eau potable priv\u00e9, agr\u00e9\u00e9 par le minist\u00e8re de la Sant\u00e9, ce qui permet d&#8217;obtenir des permis de construire et la r\u00e9ception d\u00e9finitive des travaux. La pression de l&#8217;eau est excellente et son co\u00fbt mensuel fixe et tr\u00e8s abordable. L&#8217;\u00e9lectricit\u00e9 est fournie par la compagnie Crell, avec une borne d\u00e9j\u00e0 install\u00e9e, ce qui facilite le raccordement pour les nouveaux r\u00e9sidents. De plus, il existe une connexion \u00e0 la fibre optique de la compagnie IP Patagonia.    <\/p>\n<p>L&#8217;acc\u00e8s au lotissement est contr\u00f4l\u00e9 par un portail \u00e9lectrique, et chaque propri\u00e9taire re\u00e7oit une t\u00e9l\u00e9commande. Les chemins int\u00e9rieurs sont gravillonn\u00e9s et en bon \u00e9tat, ils font cinq m\u00e8tres de large. Bien qu&#8217;il ne s&#8217;agisse pas d&#8217;une copropri\u00e9t\u00e9, les voisins ont form\u00e9 une association qui se charge de l&#8217;entretien des chemins, moyennant une cotisation semestrielle volontaire peu co\u00fbteuse.  <\/p>\n<p>Ces terrains \u00e0 Puerto Varas b\u00e9n\u00e9ficient d&#8217;une situation privil\u00e9gi\u00e9e \u00e0 un prix abordable, non seulement en raison de leur proximit\u00e9 avec Puerto Varas et Puerto Montt, mais aussi de leur position strat\u00e9gique. Depuis Santa Ana, vous n&#8217;\u00eates qu&#8217;\u00e0 5 minutes du lac Llanquihue, d&#8217;o\u00f9 vous avez acc\u00e8s aux lacs Todos los Santos, Petrohu\u00e9, Ral\u00fan ou Puelo, ainsi qu&#8217;\u00e0 une route alternative vers Puerto Montt, Chamiza et le parc Alerce Andino, ce qui fait de cet endroit une base parfaite pour ceux qui souhaitent avoir leur premi\u00e8re maison. De plus, les conditions du terrain permettent de construire jusqu&#8217;\u00e0 deux maisons par parcelle, ainsi qu&#8217;une cave \u00e0 vin, un espace barbecue et un parking. Si vous souhaitez d\u00e9velopper un projet commercial ou touristique avec des cabanes, il est \u00e9galement possible de demander un changement d&#8217;affectation du terrain afin d&#8217;\u00e9largir le potentiel de construction.   <\/p>\n<p><span style=\"font-size: 1rem;\">Les parcelles situ\u00e9es \u00e0 Puerto Varas, Santa Ana, ne se trouvent pas dans des zones \u00e0 risque volcanique ou fluvial. Elles sont situ\u00e9es en altitude et prot\u00e9g\u00e9es par la v\u00e9g\u00e9tation indig\u00e8ne, ce qui offre une s\u00e9curit\u00e9 naturelle et un environnement \u00e9cologiquement \u00e9quilibr\u00e9. <\/span><\/p>\n<p>En r\u00e9sum\u00e9, ce lotissement repr\u00e9sente bien plus qu&#8217;un simple investissement foncier : c&#8217;est une porte ouverte sur une vie en \u00e9quilibre, avec la libert\u00e9 de construire, d\u00e9velopper et habiter avec du sens. Si vous r\u00eavez d&#8217;un terrain pour vivre, entreprendre ou vous reposer pr\u00e8s de Puerto Varas, dans un environnement naturel mais avec toutes les infrastructures n\u00e9cessaires, Santa Ana est le lieu id\u00e9al. <\/p>\n<p>Contactez-nous et d\u00e9couvrez tout ce que ce projet consolid\u00e9 a \u00e0 vous offrir. Seulement 5 unit\u00e9s disponibles. <\/p>\n\t\t\t\t\t\t\t\t<\/div>\n\t\t\t\t<\/div>\n\t\t\t\t\t<\/div>\n\t\t\t\t<\/div>\n\t\t\t\t<\/div>\n\t\t","protected":false},"excerpt":{"rendered":"<p>Terrains \u00e0 Puerto Varas dans le cadre d&#8217;un projet consolid\u00e9 avec une excellente connectivit\u00e9, un acc\u00e8s asphalt\u00e9, une eau certifi\u00e9e par le minist\u00e8re de la Sant\u00e9, l&#8217;\u00e9lectricit\u00e9 et la fibre optique. \u00c0 5 minutes du lac Llanquihue et \u00e0 15 minutes de Puerto Varas. <\/p>\n","protected":false},"featured_media":44837,"template":"","meta":{"_acf_changed":false},"product_brand":[],"product_cat":[113],"product_tag":[236],"regiones":[226],"ciudades":[218,219],"class_list":{"0":"post-7322","1":"product","2":"type-product","3":"status-publish","4":"has-post-thumbnail","6":"product_cat-ohiggins-los-lagos-fr","7":"product_tag-parcelles","8":"regiones-nuble-los_lagos","9":"ciudades-puerto-montt","10":"ciudades-puerto-varas","12":"first","13":"onbackorder","14":"sold-individually","15":"shipping-taxable","16":"purchasable","17":"product-type-simple"},"acf":[],"yoast_head":"<!-- This site is optimized with the Yoast SEO Premium plugin v26.0 (Yoast SEO v27.3) - https:\/\/yoast.com\/product\/yoast-seo-premium-wordpress\/ -->\n<title>Terrains \u00e0 Puerto Varas, Santa Ana - District des lacs - Produncan<\/title>\n<meta name=\"description\" content=\"Parcelles \u00e0 Puerto Varas, dans un projet consolid\u00e9 avec eau Minsal, \u00e9lectricit\u00e9, fibre optique et acc\u00e8s asphalt\u00e9. \u00c0 5 min du lac Llanquihue et \u00e0 15 min de la ville.\" \/>\n<meta name=\"robots\" content=\"index, follow, max-snippet:-1, max-image-preview:large, max-video-preview:-1\" \/>\n<link rel=\"canonical\" href=\"https:\/\/produncan.cl\/fr\/produit\/parcelles-santa-ana\/\" \/>\n<meta property=\"og:locale\" content=\"fr_FR\" \/>\n<meta property=\"og:type\" content=\"article\" \/>\n<meta property=\"og:title\" content=\"Terrains \u00e0 Puerto Varas, Santa Ana - District des lacs\" \/>\n<meta property=\"og:description\" content=\"Parcelles \u00e0 Puerto Varas, dans un projet consolid\u00e9 avec eau Minsal, \u00e9lectricit\u00e9, fibre optique et acc\u00e8s asphalt\u00e9. \u00c0 5 min du lac Llanquihue et \u00e0 15 min de la ville.\" \/>\n<meta property=\"og:url\" content=\"https:\/\/produncan.cl\/fr\/produit\/parcelles-santa-ana\/\" \/>\n<meta property=\"og:site_name\" content=\"Produncan\" \/>\n<meta property=\"article:publisher\" content=\"https:\/\/web.facebook.com\/produncanland\" \/>\n<meta property=\"article:modified_time\" content=\"2025-12-26T20:32:21+00:00\" \/>\n<meta property=\"og:image\" content=\"https:\/\/produncan.cl\/wp-content\/uploads\/2022\/05\/Parcelas-Santa-Ana-Puerto-Varas.webp\" \/>\n\t<meta property=\"og:image:width\" content=\"800\" \/>\n\t<meta property=\"og:image:height\" content=\"600\" \/>\n\t<meta property=\"og:image:type\" content=\"image\/webp\" \/>\n<meta name=\"twitter:card\" content=\"summary_large_image\" \/>\n<meta name=\"twitter:label1\" content=\"Price\" \/>\n\t<meta name=\"twitter:data1\" content=\"USD71.000,00\" \/>\n\t<meta name=\"twitter:label2\" content=\"Availability\" \/>\n\t<meta name=\"twitter:data2\" content=\"On backorder\" \/>\n<script type=\"application\/ld+json\" class=\"yoast-schema-graph\">{\"@context\":\"https:\\\/\\\/schema.org\",\"@graph\":[{\"@type\":\"WebPage\",\"@id\":\"https:\\\/\\\/produncan.cl\\\/fr\\\/produit\\\/parcelles-santa-ana\\\/\",\"url\":\"https:\\\/\\\/produncan.cl\\\/fr\\\/produit\\\/parcelles-santa-ana\\\/\",\"name\":\"Terrains \u00e0 Puerto Varas, Santa Ana - District des lacs - Produncan\",\"isPartOf\":{\"@id\":\"https:\\\/\\\/produncan.cl\\\/fr\\\/#website\"},\"primaryImageOfPage\":{\"@id\":\"https:\\\/\\\/produncan.cl\\\/fr\\\/produit\\\/parcelles-santa-ana\\\/#primaryimage\"},\"image\":{\"@id\":\"https:\\\/\\\/produncan.cl\\\/fr\\\/produit\\\/parcelles-santa-ana\\\/#primaryimage\"},\"thumbnailUrl\":\"https:\\\/\\\/produncan.cl\\\/wp-content\\\/uploads\\\/2022\\\/05\\\/Parcelas-Santa-Ana-Puerto-Varas.webp\",\"datePublished\":\"2022-05-13T19:33:01+00:00\",\"dateModified\":\"2025-12-26T20:32:21+00:00\",\"description\":\"Parcelles \u00e0 Puerto Varas, dans un projet consolid\u00e9 avec eau Minsal, \u00e9lectricit\u00e9, fibre optique et acc\u00e8s asphalt\u00e9. \u00c0 5 min du lac Llanquihue et \u00e0 15 min de la ville.\",\"breadcrumb\":{\"@id\":\"https:\\\/\\\/produncan.cl\\\/fr\\\/produit\\\/parcelles-santa-ana\\\/#breadcrumb\"},\"inLanguage\":\"fr-FR\",\"potentialAction\":[{\"@type\":\"ReadAction\",\"target\":[\"https:\\\/\\\/produncan.cl\\\/fr\\\/produit\\\/parcelles-santa-ana\\\/\"]}]},{\"@type\":\"ImageObject\",\"inLanguage\":\"fr-FR\",\"@id\":\"https:\\\/\\\/produncan.cl\\\/fr\\\/produit\\\/parcelles-santa-ana\\\/#primaryimage\",\"url\":\"https:\\\/\\\/produncan.cl\\\/wp-content\\\/uploads\\\/2022\\\/05\\\/Parcelas-Santa-Ana-Puerto-Varas.webp\",\"contentUrl\":\"https:\\\/\\\/produncan.cl\\\/wp-content\\\/uploads\\\/2022\\\/05\\\/Parcelas-Santa-Ana-Puerto-Varas.webp\",\"width\":800,\"height\":600},{\"@type\":\"BreadcrumbList\",\"@id\":\"https:\\\/\\\/produncan.cl\\\/fr\\\/produit\\\/parcelles-santa-ana\\\/#breadcrumb\",\"itemListElement\":[{\"@type\":\"ListItem\",\"position\":1,\"name\":\"Inicio\",\"item\":\"https:\\\/\\\/produncan.cl\\\/fr\\\/\"},{\"@type\":\"ListItem\",\"position\":2,\"name\":\"Propri\u00e9t\u00e9s\",\"item\":\"https:\\\/\\\/produncan.cl\\\/propiedades\\\/\"},{\"@type\":\"ListItem\",\"position\":3,\"name\":\"Parcelles\",\"item\":\"https:\\\/\\\/produncan.cl\\\/fr\\\/cat&eacute;gorie\\\/parcelles\\\/\"},{\"@type\":\"ListItem\",\"position\":4,\"name\":\"Terrains \u00e0 Puerto Varas, Santa Ana &#8211; District des lacs\"}]},{\"@type\":\"WebSite\",\"@id\":\"https:\\\/\\\/produncan.cl\\\/fr\\\/#website\",\"url\":\"https:\\\/\\\/produncan.cl\\\/fr\\\/\",\"name\":\"Produncan\",\"description\":\"Nous vous accompagnons dans votre projet de vie !\",\"publisher\":{\"@id\":\"https:\\\/\\\/produncan.cl\\\/fr\\\/#organization\"},\"potentialAction\":[{\"@type\":\"SearchAction\",\"target\":{\"@type\":\"EntryPoint\",\"urlTemplate\":\"https:\\\/\\\/produncan.cl\\\/fr\\\/?s={search_term_string}\"},\"query-input\":{\"@type\":\"PropertyValueSpecification\",\"valueRequired\":true,\"valueName\":\"search_term_string\"}}],\"inLanguage\":\"fr-FR\"},{\"@type\":\"Organization\",\"@id\":\"https:\\\/\\\/produncan.cl\\\/fr\\\/#organization\",\"name\":\"Produncan\",\"url\":\"https:\\\/\\\/produncan.cl\\\/fr\\\/\",\"logo\":{\"@type\":\"ImageObject\",\"inLanguage\":\"fr-FR\",\"@id\":\"https:\\\/\\\/produncan.cl\\\/fr\\\/#\\\/schema\\\/logo\\\/image\\\/\",\"url\":\"https:\\\/\\\/produncan.cl\\\/wp-content\\\/uploads\\\/2021\\\/03\\\/LOGO.jpeg\",\"contentUrl\":\"https:\\\/\\\/produncan.cl\\\/wp-content\\\/uploads\\\/2021\\\/03\\\/LOGO.jpeg\",\"width\":1280,\"height\":903,\"caption\":\"Produncan\"},\"image\":{\"@id\":\"https:\\\/\\\/produncan.cl\\\/fr\\\/#\\\/schema\\\/logo\\\/image\\\/\"},\"sameAs\":[\"https:\\\/\\\/web.facebook.com\\\/produncanland\",\"https:\\\/\\\/www.instagram.com\\\/pro_duncan\\\/\",\"https:\\\/\\\/www.linkedin.com\\\/company\\\/produncan-lands\\\/\",\"https:\\\/\\\/www.youtube.com\\\/channel\\\/UCu7N-f3x0svkazD-Eew1-QQ\"],\"description\":\"En Produncan somos especialistas en la venta de terrenos en el sur de Chile. Proveemos estancias, campos, parcelas y hoteles.\",\"email\":\"info@produncan.cl\"}]}<\/script>\n<meta property=\"og:video\" content=\"https:\/\/www.youtube.com\/embed\/fUanbM1X_nE\" \/>\n<meta property=\"og:video:type\" content=\"text\/html\" \/>\n<meta property=\"og:video:duration\" content=\"58\" \/>\n<meta property=\"og:video:width\" content=\"480\" \/>\n<meta property=\"og:video:height\" content=\"270\" \/>\n<meta property=\"ya:ovs:adult\" content=\"false\" \/>\n<meta property=\"ya:ovs:upload_date\" content=\"2022-05-13T19:33:01+00:00\" \/>\n<meta property=\"ya:ovs:allow_embed\" content=\"true\" \/>\n<meta property=\"product:price:amount\" content=\"71000.00\" \/>\n<meta property=\"product:price:currency\" content=\"USD\" \/>\n<meta property=\"og:availability\" content=\"backorder\" \/>\n<meta property=\"product:availability\" content=\"available for order\" \/>\n<meta property=\"product:condition\" content=\"new\" \/>\n<!-- \/ Yoast SEO Premium plugin. -->","yoast_head_json":{"title":"Terrains \u00e0 Puerto Varas, Santa Ana - District des lacs - Produncan","description":"Parcelles \u00e0 Puerto Varas, dans un projet consolid\u00e9 avec eau Minsal, \u00e9lectricit\u00e9, fibre optique et acc\u00e8s asphalt\u00e9. \u00c0 5 min du lac Llanquihue et \u00e0 15 min de la ville.","robots":{"index":"index","follow":"follow","max-snippet":"max-snippet:-1","max-image-preview":"max-image-preview:large","max-video-preview":"max-video-preview:-1"},"canonical":"https:\/\/produncan.cl\/fr\/produit\/parcelles-santa-ana\/","og_locale":"fr_FR","og_type":"article","og_title":"Terrains \u00e0 Puerto Varas, Santa Ana - District des lacs","og_description":"Parcelles \u00e0 Puerto Varas, dans un projet consolid\u00e9 avec eau Minsal, \u00e9lectricit\u00e9, fibre optique et acc\u00e8s asphalt\u00e9. \u00c0 5 min du lac Llanquihue et \u00e0 15 min de la ville.","og_url":"https:\/\/produncan.cl\/fr\/produit\/parcelles-santa-ana\/","og_site_name":"Produncan","article_publisher":"https:\/\/web.facebook.com\/produncanland","article_modified_time":"2025-12-26T20:32:21+00:00","og_image":[{"width":800,"height":600,"url":"https:\/\/produncan.cl\/wp-content\/uploads\/2022\/05\/Parcelas-Santa-Ana-Puerto-Varas.webp","type":"image\/webp"}],"twitter_card":"summary_large_image","twitter_misc":{"Price":"USD71.000,00","Availability":"On backorder"},"schema":{"@context":"https:\/\/schema.org","@graph":[{"@type":"WebPage","@id":"https:\/\/produncan.cl\/fr\/produit\/parcelles-santa-ana\/","url":"https:\/\/produncan.cl\/fr\/produit\/parcelles-santa-ana\/","name":"Terrains \u00e0 Puerto Varas, Santa Ana - District des lacs - Produncan","isPartOf":{"@id":"https:\/\/produncan.cl\/fr\/#website"},"primaryImageOfPage":{"@id":"https:\/\/produncan.cl\/fr\/produit\/parcelles-santa-ana\/#primaryimage"},"image":{"@id":"https:\/\/produncan.cl\/fr\/produit\/parcelles-santa-ana\/#primaryimage"},"thumbnailUrl":"https:\/\/produncan.cl\/wp-content\/uploads\/2022\/05\/Parcelas-Santa-Ana-Puerto-Varas.webp","datePublished":"2022-05-13T19:33:01+00:00","dateModified":"2025-12-26T20:32:21+00:00","description":"Parcelles \u00e0 Puerto Varas, dans un projet consolid\u00e9 avec eau Minsal, \u00e9lectricit\u00e9, fibre optique et acc\u00e8s asphalt\u00e9. \u00c0 5 min du lac Llanquihue et \u00e0 15 min de la ville.","breadcrumb":{"@id":"https:\/\/produncan.cl\/fr\/produit\/parcelles-santa-ana\/#breadcrumb"},"inLanguage":"fr-FR","potentialAction":[{"@type":"ReadAction","target":["https:\/\/produncan.cl\/fr\/produit\/parcelles-santa-ana\/"]}]},{"@type":"ImageObject","inLanguage":"fr-FR","@id":"https:\/\/produncan.cl\/fr\/produit\/parcelles-santa-ana\/#primaryimage","url":"https:\/\/produncan.cl\/wp-content\/uploads\/2022\/05\/Parcelas-Santa-Ana-Puerto-Varas.webp","contentUrl":"https:\/\/produncan.cl\/wp-content\/uploads\/2022\/05\/Parcelas-Santa-Ana-Puerto-Varas.webp","width":800,"height":600},{"@type":"BreadcrumbList","@id":"https:\/\/produncan.cl\/fr\/produit\/parcelles-santa-ana\/#breadcrumb","itemListElement":[{"@type":"ListItem","position":1,"name":"Inicio","item":"https:\/\/produncan.cl\/fr\/"},{"@type":"ListItem","position":2,"name":"Propri\u00e9t\u00e9s","item":"https:\/\/produncan.cl\/propiedades\/"},{"@type":"ListItem","position":3,"name":"Parcelles","item":"https:\/\/produncan.cl\/fr\/cat&eacute;gorie\/parcelles\/"},{"@type":"ListItem","position":4,"name":"Terrains \u00e0 Puerto Varas, Santa Ana &#8211; District des lacs"}]},{"@type":"WebSite","@id":"https:\/\/produncan.cl\/fr\/#website","url":"https:\/\/produncan.cl\/fr\/","name":"Produncan","description":"Nous vous accompagnons dans votre projet de vie !","publisher":{"@id":"https:\/\/produncan.cl\/fr\/#organization"},"potentialAction":[{"@type":"SearchAction","target":{"@type":"EntryPoint","urlTemplate":"https:\/\/produncan.cl\/fr\/?s={search_term_string}"},"query-input":{"@type":"PropertyValueSpecification","valueRequired":true,"valueName":"search_term_string"}}],"inLanguage":"fr-FR"},{"@type":"Organization","@id":"https:\/\/produncan.cl\/fr\/#organization","name":"Produncan","url":"https:\/\/produncan.cl\/fr\/","logo":{"@type":"ImageObject","inLanguage":"fr-FR","@id":"https:\/\/produncan.cl\/fr\/#\/schema\/logo\/image\/","url":"https:\/\/produncan.cl\/wp-content\/uploads\/2021\/03\/LOGO.jpeg","contentUrl":"https:\/\/produncan.cl\/wp-content\/uploads\/2021\/03\/LOGO.jpeg","width":1280,"height":903,"caption":"Produncan"},"image":{"@id":"https:\/\/produncan.cl\/fr\/#\/schema\/logo\/image\/"},"sameAs":["https:\/\/web.facebook.com\/produncanland","https:\/\/www.instagram.com\/pro_duncan\/","https:\/\/www.linkedin.com\/company\/produncan-lands\/","https:\/\/www.youtube.com\/channel\/UCu7N-f3x0svkazD-Eew1-QQ"],"description":"En Produncan somos especialistas en la venta de terrenos en el sur de Chile. Proveemos estancias, campos, parcelas y hoteles.","email":"info@produncan.cl"}]},"og_video":"https:\/\/www.youtube.com\/embed\/fUanbM1X_nE","og_video_type":"text\/html","og_video_duration":"58","og_video_width":"480","og_video_height":"270","ya_ovs_adult":"false","ya_ovs_upload_date":"2022-05-13T19:33:01+00:00","ya_ovs_allow_embed":"true","product_price_amount":"71000.00","product_price_currency":"USD","og_availability":"backorder","product_availability":"available for order","product_condition":"new"},"_links":{"self":[{"href":"https:\/\/produncan.cl\/fr\/wp-json\/wp\/v2\/product\/7322","targetHints":{"allow":["GET"]}}],"collection":[{"href":"https:\/\/produncan.cl\/fr\/wp-json\/wp\/v2\/product"}],"about":[{"href":"https:\/\/produncan.cl\/fr\/wp-json\/wp\/v2\/types\/product"}],"version-history":[{"count":2,"href":"https:\/\/produncan.cl\/fr\/wp-json\/wp\/v2\/product\/7322\/revisions"}],"predecessor-version":[{"id":54319,"href":"https:\/\/produncan.cl\/fr\/wp-json\/wp\/v2\/product\/7322\/revisions\/54319"}],"wp:featuredmedia":[{"embeddable":true,"href":"https:\/\/produncan.cl\/fr\/wp-json\/wp\/v2\/media\/44837"}],"wp:attachment":[{"href":"https:\/\/produncan.cl\/fr\/wp-json\/wp\/v2\/media?parent=7322"}],"wp:term":[{"taxonomy":"product_brand","embeddable":true,"href":"https:\/\/produncan.cl\/fr\/wp-json\/wp\/v2\/product_brand?post=7322"},{"taxonomy":"product_cat","embeddable":true,"href":"https:\/\/produncan.cl\/fr\/wp-json\/wp\/v2\/product_cat?post=7322"},{"taxonomy":"product_tag","embeddable":true,"href":"https:\/\/produncan.cl\/fr\/wp-json\/wp\/v2\/product_tag?post=7322"},{"taxonomy":"regiones","embeddable":true,"href":"https:\/\/produncan.cl\/fr\/wp-json\/wp\/v2\/regiones?post=7322"},{"taxonomy":"ciudades","embeddable":true,"href":"https:\/\/produncan.cl\/fr\/wp-json\/wp\/v2\/ciudades?post=7322"}],"curies":[{"name":"wp","href":"https:\/\/api.w.org\/{rel}","templated":true}]}}