{"id":7333,"date":"2023-05-12T16:30:42","date_gmt":"2023-05-12T20:30:42","guid":{"rendered":"https:\/\/produncan.cl\/producto\/parcelles-sequoia\/"},"modified":"2025-08-18T16:45:34","modified_gmt":"2025-08-18T20:45:34","slug":"parcelles-sequoia","status":"publish","type":"product","link":"https:\/\/produncan.cl\/fr\/produit\/parcelles-sequoia\/","title":{"rendered":"Parcelles \u00e0 Rio Negro &#8211; Sequoia Park, R\u00e9gion des lacs"},"content":{"rendered":"\t\t<div data-elementor-type=\"product-post\" data-elementor-id=\"7333\" class=\"elementor elementor-7333 elementor-1543\" data-elementor-post-type=\"product\">\n\t\t\t\t<div class=\"elementor-element elementor-element-6a28a0c e-flex e-con-boxed e-con e-parent\" data-id=\"6a28a0c\" data-element_type=\"container\" data-e-type=\"container\" data-settings=\"{&quot;jet_parallax_layout_list&quot;:[]}\">\n\t\t\t\t\t<div class=\"e-con-inner\">\n\t\t\t\t<div class=\"elementor-element elementor-element-0b9407b elementor-widget elementor-widget-heading\" data-id=\"0b9407b\" data-element_type=\"widget\" data-e-type=\"widget\" data-widget_type=\"heading.default\">\n\t\t\t\t\t<h2 class=\"elementor-heading-title elementor-size-default\"><h2 style=\"font-family: Roboto, sans-serif\">Parcelles \u00e0 Rio Negro dans un parc biologique o\u00f9 l'on pratique l'agro\u00e9cologie et l'\u00e9thique agricole<\/h2><\/h2>\t\t\t\t<\/div>\n\t\t\t\t\t<\/div>\n\t\t\t\t<\/div>\n\t\t<div class=\"elementor-element elementor-element-decb635 e-flex e-con-boxed e-con e-parent\" data-id=\"decb635\" data-element_type=\"container\" data-e-type=\"container\" data-settings=\"{&quot;jet_parallax_layout_list&quot;:[]}\">\n\t\t\t\t\t<div class=\"e-con-inner\">\n\t\t<div class=\"elementor-element elementor-element-ef4f512 e-con-full e-flex e-con e-child\" data-id=\"ef4f512\" data-element_type=\"container\" data-e-type=\"container\" data-settings=\"{&quot;jet_parallax_layout_list&quot;:[]}\">\n\t\t\t\t<div class=\"elementor-element elementor-element-00417c6 elementor-widget elementor-widget-text-editor\" data-id=\"00417c6\" data-element_type=\"widget\" data-e-type=\"widget\" data-widget_type=\"text-editor.default\">\n\t\t\t\t\t\t\t\t\t<p>PR\u00c9PAREZ-VOUS ! Car dans les Parcelas &#8220;Parque Sequoia sector R\u00edo Negro&#8221;, vous pouvez profiter de for\u00eats de s\u00e9quoias, d&#8217;arbres indig\u00e8nes et de centaines de fleurs, qui font de l&#8217;endroit une explosion de couleurs et de parfums.<\/p><p><span style=\"color: var( --e-global-color-text ); font-family: var( --e-global-typography-text-font-family ), Sans-serif; letter-spacing: 0.1px; text-align: var(--text-align);\">Certaines parcelles sont plant\u00e9es de myrtilles biologiques. Cela signifie que vous pourriez poss\u00e9der une micro plantation, les r\u00e9colter avec votre famille et profiter de ce fruit toute l&#8217;ann\u00e9e.<\/span><\/p><p><span style=\"color: var( --e-global-color-text ); font-family: var( --e-global-typography-text-font-family ), Sans-serif; letter-spacing: 0.1px; text-align: var(--text-align);\">Le parc se trouve \u00e0 seulement 23 minutes d&#8217;Osorno et 45 minutes de Puerto Varas. \u00c0 proximit\u00e9 se trouvent un h\u00f4pital, le CESFAM, des \u00e9coles, des sup\u00e9rettes et l&#8217;a\u00e9roport de Ca\u00f1al Bajo n&#8217;est qu&#8217;\u00e0 23 minutes.<\/span><\/p><p><span style=\"color: var( --e-global-color-text ); font-family: var( --e-global-typography-text-font-family ), Sans-serif; letter-spacing: 0.1px; text-align: var(--text-align);\">Y a-t-il de l&#8217;eau potable ? Le lotissement dispose d&#8217;une matrice d&#8217;irrigation et d&#8217;un puits profond pour l&#8217;approvisionnement en eau avec analyse de l&#8217;eau, l&#8217;approvisionnement en eau de chaque parcelle. Chaque parcelle a son propre compteur.<\/span><\/p><p><span style=\"color: var( --e-global-color-text ); font-family: var( --e-global-typography-text-font-family ), Sans-serif; letter-spacing: 0.1px; text-align: var(--text-align);\">Y a-t-il du courant \u00e9lectrique ? Les installations \u00e9lectriques souterraines \u00e0 basse tension et leur r\u00e9seau de distribution jusqu&#8217;\u00e0 leur raccordement au lot ou \u00e0 la parcelle respective. En outre, chaque parcelle a acc\u00e8s \u00e0 l&#8217;\u00e9lectricit\u00e9 \u00e0 partir d&#8217;un tableau central avec son compteur individuel respectif, qui est factur\u00e9 \u00e0 chaque propri\u00e9taire au co\u00fbt de la jonction ou du r\u00e9seau souterrain respectif, \u00e0 partir de l&#8217;avant de sa parcelle.<\/span><\/p><p><span style=\"color: var( --e-global-color-text ); font-family: var( --e-global-typography-text-font-family ), Sans-serif; letter-spacing: 0.1px; text-align: var(--text-align);\">Y a-t-il des restrictions sur la conception et les mat\u00e9riaux de construction ? Tous les syst\u00e8mes de construction sont accept\u00e9s : bois, pierre, pierre de ciment, norv\u00e9gien, rustique, \u00e9l\u00e9gant style montagneux patagonien, toit en bardeaux de bois ou en bardeaux d&#8217;asphalte, et l&#8217;utilisation de feuilles de zinc, de bardages en plastique ou similaires comme rev\u00eatement mural ext\u00e9rieur est interdite.<\/span><\/p><p><span style=\"color: var( --e-global-color-text ); font-family: var( --e-global-typography-text-font-family ), Sans-serif; letter-spacing: 0.1px; text-align: var(--text-align);\">Enfin, le projet dispose d&#8217;un r\u00e8glement int\u00e9rieur. Les d\u00e9penses communes seront pay\u00e9es et sont estim\u00e9es \u00e0 environ 40 millions de dollars, les routes int\u00e9rieures sont pr\u00eates et en bon \u00e9tat, et la parcelle est cl\u00f4tur\u00e9e et aura un portail \u00e9lectrique.<\/span><\/p><p><span style=\"color: var( --e-global-color-text ); font-family: var( --e-global-typography-text-font-family ), Sans-serif; letter-spacing: 0.1px; text-align: var(--text-align);\">Les hypoth\u00e8ques ne sont pas accept\u00e9es.<\/span><\/p><p><span style=\"color: var( --e-global-color-text ); font-family: var( --e-global-typography-text-font-family ), Sans-serif; letter-spacing: 0.1px; text-align: var(--text-align);\">Profitez de l&#8217;avantage d&#8217;avoir l&#8217;un des meilleurs terrains de R\u00edo Negro !<\/span><\/p><p><span style=\"color: var( --e-global-color-text ); font-family: var( --e-global-typography-text-font-family ), Sans-serif; letter-spacing: 0.1px; text-align: var(--text-align);\">Le prix des parcelles est fix\u00e9 \u00e0 partir de 1650 UF x 5000m\u00b2.<\/span><\/p><p><span style=\"color: var( --e-global-color-text ); font-family: var( --e-global-typography-text-font-family ), Sans-serif; letter-spacing: 0.1px; text-align: var(--text-align);\">NOUS VOUS INVITONS \u00c0 VISITER LA PROPRI\u00c9T\u00c9<\/span><\/p>\t\t\t\t\t\t\t\t<\/div>\n\t\t\t\t<\/div>\n\t\t\t\t\t<\/div>\n\t\t\t\t<\/div>\n\t\t\t\t<\/div>\n\t\t","protected":false},"excerpt":{"rendered":"<p>Projet de parcelles dans le Rio Negro, r\u00e9gion des lacs, avec 10 parcelles spectaculaires pr\u00e8s de la route 7 entre Osorno et Frutillar. L&#8217;\u00e9lectricit\u00e9 et l&#8217;eau sont disponibles. <\/p>\n","protected":false},"featured_media":4317,"template":"","meta":{"_acf_changed":false},"product_brand":[],"product_cat":[113],"product_tag":[236],"regiones":[226],"ciudades":[228,217],"class_list":{"0":"post-7333","1":"product","2":"type-product","3":"status-publish","4":"has-post-thumbnail","6":"product_cat-ohiggins-los-lagos-fr","7":"product_tag-parcelles","8":"regiones-nuble-los_lagos","9":"ciudades-frutillar","10":"ciudades-osorno","12":"first","13":"instock","14":"shipping-taxable","15":"purchasable","16":"product-type-simple"},"acf":[],"yoast_head":"<!-- This site is optimized with the Yoast SEO Premium plugin v26.0 (Yoast SEO v27.3) - https:\/\/yoast.com\/product\/yoast-seo-premium-wordpress\/ -->\n<title>% % titre %<\/title>\n<meta name=\"description\" content=\"Parcelles situ\u00e9es dans un parc o\u00f9 vous pourrez admirer des for\u00eats de s\u00e9quoias et des centaines de fleurs, dans le secteur de Rio Negro.\" \/>\n<meta name=\"robots\" content=\"index, follow, max-snippet:-1, max-image-preview:large, max-video-preview:-1\" \/>\n<link rel=\"canonical\" href=\"https:\/\/produncan.cl\/fr\/produit\/parcelles-sequoia\/\" \/>\n<meta property=\"og:locale\" content=\"fr_FR\" \/>\n<meta property=\"og:type\" content=\"article\" \/>\n<meta property=\"og:title\" content=\"Parcelles \u00e0 Rio Negro - Sequoia Park, R\u00e9gion des lacs\" \/>\n<meta property=\"og:description\" content=\"Parcelles situ\u00e9es dans un parc o\u00f9 vous pourrez admirer des for\u00eats de s\u00e9quoias et des centaines de fleurs, dans le secteur de Rio Negro.\" \/>\n<meta property=\"og:url\" content=\"https:\/\/produncan.cl\/fr\/produit\/parcelles-sequoia\/\" \/>\n<meta property=\"og:site_name\" content=\"Produncan\" \/>\n<meta property=\"article:publisher\" content=\"https:\/\/web.facebook.com\/produncanland\" \/>\n<meta property=\"article:modified_time\" content=\"2025-08-18T20:45:34+00:00\" \/>\n<meta property=\"og:image\" content=\"https:\/\/produncan.cl\/wp-content\/uploads\/2021\/03\/PARQUE-SEQUOIA.webp\" \/>\n\t<meta property=\"og:image:width\" content=\"960\" \/>\n\t<meta property=\"og:image:height\" content=\"720\" \/>\n\t<meta property=\"og:image:type\" content=\"image\/webp\" \/>\n<meta name=\"twitter:card\" content=\"summary_large_image\" \/>\n<meta name=\"twitter:label1\" content=\"Price\" \/>\n\t<meta name=\"twitter:data1\" content=\"USD60.900,00\" \/>\n\t<meta name=\"twitter:label2\" content=\"Availability\" \/>\n\t<meta name=\"twitter:data2\" content=\"In stock\" \/>\n<script type=\"application\/ld+json\" class=\"yoast-schema-graph\">{\"@context\":\"https:\\\/\\\/schema.org\",\"@graph\":[{\"@type\":\"WebPage\",\"@id\":\"https:\\\/\\\/produncan.cl\\\/fr\\\/produit\\\/parcelles-sequoia\\\/\",\"url\":\"https:\\\/\\\/produncan.cl\\\/fr\\\/produit\\\/parcelles-sequoia\\\/\",\"name\":\"% % titre %\",\"isPartOf\":{\"@id\":\"https:\\\/\\\/produncan.cl\\\/fr\\\/#website\"},\"primaryImageOfPage\":{\"@id\":\"https:\\\/\\\/produncan.cl\\\/fr\\\/produit\\\/parcelles-sequoia\\\/#primaryimage\"},\"image\":{\"@id\":\"https:\\\/\\\/produncan.cl\\\/fr\\\/produit\\\/parcelles-sequoia\\\/#primaryimage\"},\"thumbnailUrl\":\"https:\\\/\\\/produncan.cl\\\/wp-content\\\/uploads\\\/2021\\\/03\\\/PARQUE-SEQUOIA.webp\",\"datePublished\":\"2023-05-12T20:30:42+00:00\",\"dateModified\":\"2025-08-18T20:45:34+00:00\",\"description\":\"Parcelles situ\u00e9es dans un parc o\u00f9 vous pourrez admirer des for\u00eats de s\u00e9quoias et des centaines de fleurs, dans le secteur de Rio Negro.\",\"breadcrumb\":{\"@id\":\"https:\\\/\\\/produncan.cl\\\/fr\\\/produit\\\/parcelles-sequoia\\\/#breadcrumb\"},\"inLanguage\":\"fr-FR\",\"potentialAction\":[{\"@type\":\"ReadAction\",\"target\":[\"https:\\\/\\\/produncan.cl\\\/fr\\\/produit\\\/parcelles-sequoia\\\/\"]}]},{\"@type\":\"ImageObject\",\"inLanguage\":\"fr-FR\",\"@id\":\"https:\\\/\\\/produncan.cl\\\/fr\\\/produit\\\/parcelles-sequoia\\\/#primaryimage\",\"url\":\"https:\\\/\\\/produncan.cl\\\/wp-content\\\/uploads\\\/2021\\\/03\\\/PARQUE-SEQUOIA.webp\",\"contentUrl\":\"https:\\\/\\\/produncan.cl\\\/wp-content\\\/uploads\\\/2021\\\/03\\\/PARQUE-SEQUOIA.webp\",\"width\":960,\"height\":720,\"caption\":\"Parcelles du parc Sequoia \u00e0 R\u00edo Negro\"},{\"@type\":\"BreadcrumbList\",\"@id\":\"https:\\\/\\\/produncan.cl\\\/fr\\\/produit\\\/parcelles-sequoia\\\/#breadcrumb\",\"itemListElement\":[{\"@type\":\"ListItem\",\"position\":1,\"name\":\"Inicio\",\"item\":\"https:\\\/\\\/produncan.cl\\\/fr\\\/\"},{\"@type\":\"ListItem\",\"position\":2,\"name\":\"Propri\u00e9t\u00e9s\",\"item\":\"https:\\\/\\\/produncan.cl\\\/propiedades\\\/\"},{\"@type\":\"ListItem\",\"position\":3,\"name\":\"Parcelles\",\"item\":\"https:\\\/\\\/produncan.cl\\\/fr\\\/cat&eacute;gorie\\\/parcelles\\\/\"},{\"@type\":\"ListItem\",\"position\":4,\"name\":\"Parcelles \u00e0 Rio Negro &#8211; Sequoia Park, R\u00e9gion des lacs\"}]},{\"@type\":\"WebSite\",\"@id\":\"https:\\\/\\\/produncan.cl\\\/fr\\\/#website\",\"url\":\"https:\\\/\\\/produncan.cl\\\/fr\\\/\",\"name\":\"Produncan\",\"description\":\"Nous vous accompagnons dans votre projet de vie !\",\"publisher\":{\"@id\":\"https:\\\/\\\/produncan.cl\\\/fr\\\/#organization\"},\"potentialAction\":[{\"@type\":\"SearchAction\",\"target\":{\"@type\":\"EntryPoint\",\"urlTemplate\":\"https:\\\/\\\/produncan.cl\\\/fr\\\/?s={search_term_string}\"},\"query-input\":{\"@type\":\"PropertyValueSpecification\",\"valueRequired\":true,\"valueName\":\"search_term_string\"}}],\"inLanguage\":\"fr-FR\"},{\"@type\":\"Organization\",\"@id\":\"https:\\\/\\\/produncan.cl\\\/fr\\\/#organization\",\"name\":\"Produncan\",\"url\":\"https:\\\/\\\/produncan.cl\\\/fr\\\/\",\"logo\":{\"@type\":\"ImageObject\",\"inLanguage\":\"fr-FR\",\"@id\":\"https:\\\/\\\/produncan.cl\\\/fr\\\/#\\\/schema\\\/logo\\\/image\\\/\",\"url\":\"https:\\\/\\\/produncan.cl\\\/wp-content\\\/uploads\\\/2021\\\/03\\\/LOGO.jpeg\",\"contentUrl\":\"https:\\\/\\\/produncan.cl\\\/wp-content\\\/uploads\\\/2021\\\/03\\\/LOGO.jpeg\",\"width\":1280,\"height\":903,\"caption\":\"Produncan\"},\"image\":{\"@id\":\"https:\\\/\\\/produncan.cl\\\/fr\\\/#\\\/schema\\\/logo\\\/image\\\/\"},\"sameAs\":[\"https:\\\/\\\/web.facebook.com\\\/produncanland\",\"https:\\\/\\\/www.instagram.com\\\/pro_duncan\\\/\",\"https:\\\/\\\/www.linkedin.com\\\/company\\\/produncan-lands\\\/\",\"https:\\\/\\\/www.youtube.com\\\/channel\\\/UCu7N-f3x0svkazD-Eew1-QQ\"],\"description\":\"En Produncan somos especialistas en la venta de terrenos en el sur de Chile. Proveemos estancias, campos, parcelas y hoteles.\",\"email\":\"info@produncan.cl\"}]}<\/script>\n<meta property=\"og:video\" content=\"https:\/\/www.youtube.com\/embed\/oljlM1j9OzM\" \/>\n<meta property=\"og:video:type\" content=\"text\/html\" \/>\n<meta property=\"og:video:duration\" content=\"60\" \/>\n<meta property=\"og:video:width\" content=\"480\" \/>\n<meta property=\"og:video:height\" content=\"360\" \/>\n<meta property=\"ya:ovs:adult\" content=\"false\" \/>\n<meta property=\"ya:ovs:upload_date\" content=\"2023-05-12T20:30:42+00:00\" \/>\n<meta property=\"ya:ovs:allow_embed\" content=\"true\" \/>\n<meta property=\"product:price:amount\" content=\"60900.00\" \/>\n<meta property=\"product:price:currency\" content=\"USD\" \/>\n<meta property=\"og:availability\" content=\"instock\" \/>\n<meta property=\"product:availability\" content=\"instock\" \/>\n<meta property=\"product:condition\" content=\"new\" \/>\n<!-- \/ Yoast SEO Premium plugin. -->","yoast_head_json":{"title":"% % titre %","description":"Parcelles situ\u00e9es dans un parc o\u00f9 vous pourrez admirer des for\u00eats de s\u00e9quoias et des centaines de fleurs, dans le secteur de Rio Negro.","robots":{"index":"index","follow":"follow","max-snippet":"max-snippet:-1","max-image-preview":"max-image-preview:large","max-video-preview":"max-video-preview:-1"},"canonical":"https:\/\/produncan.cl\/fr\/produit\/parcelles-sequoia\/","og_locale":"fr_FR","og_type":"article","og_title":"Parcelles \u00e0 Rio Negro - Sequoia Park, R\u00e9gion des lacs","og_description":"Parcelles situ\u00e9es dans un parc o\u00f9 vous pourrez admirer des for\u00eats de s\u00e9quoias et des centaines de fleurs, dans le secteur de Rio Negro.","og_url":"https:\/\/produncan.cl\/fr\/produit\/parcelles-sequoia\/","og_site_name":"Produncan","article_publisher":"https:\/\/web.facebook.com\/produncanland","article_modified_time":"2025-08-18T20:45:34+00:00","og_image":[{"width":960,"height":720,"url":"https:\/\/produncan.cl\/wp-content\/uploads\/2021\/03\/PARQUE-SEQUOIA.webp","type":"image\/webp"}],"twitter_card":"summary_large_image","twitter_misc":{"Price":"USD60.900,00","Availability":"In stock"},"schema":{"@context":"https:\/\/schema.org","@graph":[{"@type":"WebPage","@id":"https:\/\/produncan.cl\/fr\/produit\/parcelles-sequoia\/","url":"https:\/\/produncan.cl\/fr\/produit\/parcelles-sequoia\/","name":"% % titre %","isPartOf":{"@id":"https:\/\/produncan.cl\/fr\/#website"},"primaryImageOfPage":{"@id":"https:\/\/produncan.cl\/fr\/produit\/parcelles-sequoia\/#primaryimage"},"image":{"@id":"https:\/\/produncan.cl\/fr\/produit\/parcelles-sequoia\/#primaryimage"},"thumbnailUrl":"https:\/\/produncan.cl\/wp-content\/uploads\/2021\/03\/PARQUE-SEQUOIA.webp","datePublished":"2023-05-12T20:30:42+00:00","dateModified":"2025-08-18T20:45:34+00:00","description":"Parcelles situ\u00e9es dans un parc o\u00f9 vous pourrez admirer des for\u00eats de s\u00e9quoias et des centaines de fleurs, dans le secteur de Rio Negro.","breadcrumb":{"@id":"https:\/\/produncan.cl\/fr\/produit\/parcelles-sequoia\/#breadcrumb"},"inLanguage":"fr-FR","potentialAction":[{"@type":"ReadAction","target":["https:\/\/produncan.cl\/fr\/produit\/parcelles-sequoia\/"]}]},{"@type":"ImageObject","inLanguage":"fr-FR","@id":"https:\/\/produncan.cl\/fr\/produit\/parcelles-sequoia\/#primaryimage","url":"https:\/\/produncan.cl\/wp-content\/uploads\/2021\/03\/PARQUE-SEQUOIA.webp","contentUrl":"https:\/\/produncan.cl\/wp-content\/uploads\/2021\/03\/PARQUE-SEQUOIA.webp","width":960,"height":720,"caption":"Parcelles du parc Sequoia \u00e0 R\u00edo Negro"},{"@type":"BreadcrumbList","@id":"https:\/\/produncan.cl\/fr\/produit\/parcelles-sequoia\/#breadcrumb","itemListElement":[{"@type":"ListItem","position":1,"name":"Inicio","item":"https:\/\/produncan.cl\/fr\/"},{"@type":"ListItem","position":2,"name":"Propri\u00e9t\u00e9s","item":"https:\/\/produncan.cl\/propiedades\/"},{"@type":"ListItem","position":3,"name":"Parcelles","item":"https:\/\/produncan.cl\/fr\/cat&eacute;gorie\/parcelles\/"},{"@type":"ListItem","position":4,"name":"Parcelles \u00e0 Rio Negro &#8211; Sequoia Park, R\u00e9gion des lacs"}]},{"@type":"WebSite","@id":"https:\/\/produncan.cl\/fr\/#website","url":"https:\/\/produncan.cl\/fr\/","name":"Produncan","description":"Nous vous accompagnons dans votre projet de vie !","publisher":{"@id":"https:\/\/produncan.cl\/fr\/#organization"},"potentialAction":[{"@type":"SearchAction","target":{"@type":"EntryPoint","urlTemplate":"https:\/\/produncan.cl\/fr\/?s={search_term_string}"},"query-input":{"@type":"PropertyValueSpecification","valueRequired":true,"valueName":"search_term_string"}}],"inLanguage":"fr-FR"},{"@type":"Organization","@id":"https:\/\/produncan.cl\/fr\/#organization","name":"Produncan","url":"https:\/\/produncan.cl\/fr\/","logo":{"@type":"ImageObject","inLanguage":"fr-FR","@id":"https:\/\/produncan.cl\/fr\/#\/schema\/logo\/image\/","url":"https:\/\/produncan.cl\/wp-content\/uploads\/2021\/03\/LOGO.jpeg","contentUrl":"https:\/\/produncan.cl\/wp-content\/uploads\/2021\/03\/LOGO.jpeg","width":1280,"height":903,"caption":"Produncan"},"image":{"@id":"https:\/\/produncan.cl\/fr\/#\/schema\/logo\/image\/"},"sameAs":["https:\/\/web.facebook.com\/produncanland","https:\/\/www.instagram.com\/pro_duncan\/","https:\/\/www.linkedin.com\/company\/produncan-lands\/","https:\/\/www.youtube.com\/channel\/UCu7N-f3x0svkazD-Eew1-QQ"],"description":"En Produncan somos especialistas en la venta de terrenos en el sur de Chile. Proveemos estancias, campos, parcelas y hoteles.","email":"info@produncan.cl"}]},"og_video":"https:\/\/www.youtube.com\/embed\/oljlM1j9OzM","og_video_type":"text\/html","og_video_duration":"60","og_video_width":"480","og_video_height":"360","ya_ovs_adult":"false","ya_ovs_upload_date":"2023-05-12T20:30:42+00:00","ya_ovs_allow_embed":"true","product_price_amount":"60900.00","product_price_currency":"USD","og_availability":"instock","product_availability":"instock","product_condition":"new"},"_links":{"self":[{"href":"https:\/\/produncan.cl\/fr\/wp-json\/wp\/v2\/product\/7333","targetHints":{"allow":["GET"]}}],"collection":[{"href":"https:\/\/produncan.cl\/fr\/wp-json\/wp\/v2\/product"}],"about":[{"href":"https:\/\/produncan.cl\/fr\/wp-json\/wp\/v2\/types\/product"}],"version-history":[{"count":0,"href":"https:\/\/produncan.cl\/fr\/wp-json\/wp\/v2\/product\/7333\/revisions"}],"wp:featuredmedia":[{"embeddable":true,"href":"https:\/\/produncan.cl\/fr\/wp-json\/wp\/v2\/media\/4317"}],"wp:attachment":[{"href":"https:\/\/produncan.cl\/fr\/wp-json\/wp\/v2\/media?parent=7333"}],"wp:term":[{"taxonomy":"product_brand","embeddable":true,"href":"https:\/\/produncan.cl\/fr\/wp-json\/wp\/v2\/product_brand?post=7333"},{"taxonomy":"product_cat","embeddable":true,"href":"https:\/\/produncan.cl\/fr\/wp-json\/wp\/v2\/product_cat?post=7333"},{"taxonomy":"product_tag","embeddable":true,"href":"https:\/\/produncan.cl\/fr\/wp-json\/wp\/v2\/product_tag?post=7333"},{"taxonomy":"regiones","embeddable":true,"href":"https:\/\/produncan.cl\/fr\/wp-json\/wp\/v2\/regiones?post=7333"},{"taxonomy":"ciudades","embeddable":true,"href":"https:\/\/produncan.cl\/fr\/wp-json\/wp\/v2\/ciudades?post=7333"}],"curies":[{"name":"wp","href":"https:\/\/api.w.org\/{rel}","templated":true}]}}