{"id":7453,"date":"2024-05-07T12:44:03","date_gmt":"2024-05-07T16:44:03","guid":{"rendered":"https:\/\/produncan.cl\/producto\/terrains-de-bahia-rupanco\/"},"modified":"2025-12-26T17:19:55","modified_gmt":"2025-12-26T20:19:55","slug":"parcelles-bahia-rupanco","status":"publish","type":"product","link":"https:\/\/produncan.cl\/fr\/produit\/parcelles-bahia-rupanco\/","title":{"rendered":"Parcelles au lac Rupanco, baie de Rupanco &#8211; Osorno &#8211; R\u00e9gion des lacs"},"content":{"rendered":"\t\t<div data-elementor-type=\"product-post\" data-elementor-id=\"7453\" class=\"elementor elementor-7453 elementor-1601\" data-elementor-post-type=\"product\">\n\t\t\t\t\t\t<section class=\"elementor-section elementor-top-section elementor-element elementor-element-167e39ab elementor-section-boxed elementor-section-height-default elementor-section-height-default\" data-id=\"167e39ab\" data-element_type=\"section\" data-e-type=\"section\" data-settings=\"{&quot;jet_parallax_layout_list&quot;:[]}\">\n\t\t\t\t\t\t<div class=\"elementor-container elementor-column-gap-default\">\n\t\t\t\t\t<div class=\"elementor-column elementor-col-100 elementor-top-column elementor-element elementor-element-3bba0c98\" data-id=\"3bba0c98\" data-element_type=\"column\" data-e-type=\"column\">\n\t\t\t<div class=\"elementor-widget-wrap elementor-element-populated\">\n\t\t\t\t\t\t<div class=\"elementor-element elementor-element-dec0302 elementor-widget elementor-widget-text-editor\" data-id=\"dec0302\" data-element_type=\"widget\" data-e-type=\"widget\" data-widget_type=\"text-editor.default\">\n\t\t\t\t\t\t\t\t\t<h2>T\u00e9l\u00e9travail \u00e0 partir d&#8217;un endroit TOP du Sud, d\u00e9couvrez les parcelles de terrain de Bah\u00eda Rupanco<\/h2>\n<p>Ces parcelles \u00e0 Lago Rupanco, Osorno font partie d&#8217;un projet situ\u00e9 dans un secteur qui permet la proximit\u00e9 de la ville, la meilleure vue panoramique de l&#8217;endroit, avec tous les services de base et d&#8217;excellentes communications.<\/p>\n<p>A proximit\u00e9 se trouvent Entre Lagos, Puerto Octay et l&#8217;a\u00e9roport d&#8217;Osorno Ca\u00f1al Bajo, offrant ainsi les conditions pour \u00eatre isol\u00e9 et super bien connect\u00e9.<\/p>\n<p>Le projet exclusif de seulement 7 parcelles, est situ\u00e9 dans un environnement avec de beaux arbres indig\u00e8nes et des prairies parfaites, un paysage sublime vers les volcans Osorno et Puntiagudo et l&#8217;acc\u00e8s au lac pour profiter avec la famille et avoir votre propre bateau.<\/p>\n<p>Elle n&#8217;est qu&#8217;\u00e0 quelques heures de Villa la Angostura et de Bariloche en Argentine. \u00c0 proximit\u00e9, entre autres, se trouvent les sources chaudes de Puyehue et de Puerto Octay.<\/p>\n<p>Il n&#8217;y a que 7 parcelles disponibles \u00e0 la vente, et les superficies vont de 5092m\u00b2 \u00e0 6565m\u00b2.<\/p>\n<p>Toutes ont l&#8217;eau branch\u00e9e \u00e0 l&#8217;entr\u00e9e. Il y a \u00e9galement de l&#8217;eau provenant d&#8217;un puits profond fourni par la soci\u00e9t\u00e9 immobili\u00e8re, au cas o\u00f9 vous auriez besoin de plus d&#8217;eau, pour remplir une piscine, etc.<\/p>\n<p><span style=\"color: var( --e-global-color-text ); font-family: var( --e-global-typography-text-font-family ), Sans-serif; font-weight: var( --e-global-typography-text-font-weight );\">Il y a un acc\u00e8s \u00e0 la rive du lac, la zone commune attenante au lac correspond \u00e0 une superficie de 1596,21m\u00b2 et 47,02mts de rive et de jet\u00e9e. Les routes ont une largeur de 8 m\u00e8tres.<\/span><\/p>\n<ul>\n<li>Remise de 2 % si l&#8217;acheteur s&#8217;engage \u00e0 construire dans les deux premi\u00e8res ann\u00e9es.<\/li>\n<li>Il y a une possibilit\u00e9 de paiement comptant de 50% et le solde en 12 versements. Dans tous les cas, il est possible de demander un pr\u00eat hypoth\u00e9caire.<\/li>\n<li>&nbsp;<\/li>\n<\/ul>\n<div>Le prix en UF est de UF5450 x 6466m\u00b2.<\/div>\n<div>&nbsp;<\/div>\n<p>Ne manquez pas cette occasion !<\/p>\t\t\t\t\t\t\t\t<\/div>\n\t\t\t\t\t<\/div>\n\t\t<\/div>\n\t\t\t\t\t<\/div>\n\t\t<\/section>\n\t\t\t\t<\/div>\n\t\t","protected":false},"excerpt":{"rendered":"<p>7 parcelles exclusives au bord du lac Rupanco. Avec un acc\u00e8s commun au lac, une vue sur la cha\u00eene de montagnes, un acc\u00e8s asphalt\u00e9, la proximit\u00e9 de la ville et des services tels que l&#8217;eau potable et l&#8217;\u00e9lectricit\u00e9 en milieu rural.<\/p>\n","protected":false},"featured_media":5497,"template":"","meta":{"_acf_changed":false},"product_brand":[],"product_cat":[113],"product_tag":[236],"regiones":[226],"ciudades":[517,217],"class_list":{"0":"post-7453","1":"product","2":"type-product","3":"status-publish","4":"has-post-thumbnail","6":"product_cat-ohiggins-los-lagos-fr","7":"product_tag-parcelles","8":"regiones-nuble-los_lagos","9":"ciudades-entre-lagos","10":"ciudades-osorno","12":"first","13":"instock","14":"sold-individually","15":"shipping-taxable","16":"purchasable","17":"product-type-simple"},"acf":[],"yoast_head":"<!-- This site is optimized with the Yoast SEO Premium plugin v26.0 (Yoast SEO v27.3) - https:\/\/yoast.com\/product\/yoast-seo-premium-wordpress\/ -->\n<title>Terrains au bord du lac Rupanco, Osorno, r\u00e9gion de Los Lagos<\/title>\n<meta name=\"description\" content=\"Parcelas Bah\u00eda Rupanco est un projet exclusif de seulement 7 parcelles sur le lac Rupanco. Proximit\u00e9 de la ville et vue panoramique imbattable !\" \/>\n<meta name=\"robots\" content=\"index, follow, max-snippet:-1, max-image-preview:large, max-video-preview:-1\" \/>\n<link rel=\"canonical\" href=\"https:\/\/produncan.cl\/fr\/produit\/parcelles-bahia-rupanco\/\" \/>\n<meta property=\"og:locale\" content=\"fr_FR\" \/>\n<meta property=\"og:type\" content=\"article\" \/>\n<meta property=\"og:title\" content=\"Parcelles au lac Rupanco, baie de Rupanco - Osorno - R\u00e9gion des lacs\" \/>\n<meta property=\"og:description\" content=\"Parcelas Bah\u00eda Rupanco est un projet exclusif de seulement 7 parcelles sur le lac Rupanco. Proximit\u00e9 de la ville et vue panoramique imbattable !\" \/>\n<meta property=\"og:url\" content=\"https:\/\/produncan.cl\/fr\/produit\/parcelles-bahia-rupanco\/\" \/>\n<meta property=\"og:site_name\" content=\"Produncan\" \/>\n<meta property=\"article:publisher\" content=\"https:\/\/web.facebook.com\/produncanland\" \/>\n<meta property=\"article:modified_time\" content=\"2025-12-26T20:19:55+00:00\" \/>\n<meta property=\"og:image\" content=\"https:\/\/produncan.cl\/wp-content\/uploads\/2022\/05\/Parcelas-Bahia-Rupanco-1.webp\" \/>\n\t<meta property=\"og:image:width\" content=\"600\" \/>\n\t<meta property=\"og:image:height\" content=\"450\" \/>\n\t<meta property=\"og:image:type\" content=\"image\/webp\" \/>\n<meta name=\"twitter:card\" content=\"summary_large_image\" \/>\n<meta name=\"twitter:label1\" content=\"Price\" \/>\n\t<meta name=\"twitter:data1\" content=\"USD274.000,00\" \/>\n\t<meta name=\"twitter:label2\" content=\"Availability\" \/>\n\t<meta name=\"twitter:data2\" content=\"In stock\" \/>\n<script type=\"application\/ld+json\" class=\"yoast-schema-graph\">{\"@context\":\"https:\\\/\\\/schema.org\",\"@graph\":[{\"@type\":\"WebPage\",\"@id\":\"https:\\\/\\\/produncan.cl\\\/fr\\\/produit\\\/parcelles-bahia-rupanco\\\/\",\"url\":\"https:\\\/\\\/produncan.cl\\\/fr\\\/produit\\\/parcelles-bahia-rupanco\\\/\",\"name\":\"Terrains au bord du lac Rupanco, Osorno, r\u00e9gion de Los Lagos\",\"isPartOf\":{\"@id\":\"https:\\\/\\\/produncan.cl\\\/fr\\\/#website\"},\"primaryImageOfPage\":{\"@id\":\"https:\\\/\\\/produncan.cl\\\/fr\\\/produit\\\/parcelles-bahia-rupanco\\\/#primaryimage\"},\"image\":{\"@id\":\"https:\\\/\\\/produncan.cl\\\/fr\\\/produit\\\/parcelles-bahia-rupanco\\\/#primaryimage\"},\"thumbnailUrl\":\"https:\\\/\\\/produncan.cl\\\/wp-content\\\/uploads\\\/2022\\\/05\\\/Parcelas-Bahia-Rupanco-1.webp\",\"datePublished\":\"2024-05-07T16:44:03+00:00\",\"dateModified\":\"2025-12-26T20:19:55+00:00\",\"description\":\"Parcelas Bah\u00eda Rupanco est un projet exclusif de seulement 7 parcelles sur le lac Rupanco. Proximit\u00e9 de la ville et vue panoramique imbattable !\",\"breadcrumb\":{\"@id\":\"https:\\\/\\\/produncan.cl\\\/fr\\\/produit\\\/parcelles-bahia-rupanco\\\/#breadcrumb\"},\"inLanguage\":\"fr-FR\",\"potentialAction\":[{\"@type\":\"ReadAction\",\"target\":[\"https:\\\/\\\/produncan.cl\\\/fr\\\/produit\\\/parcelles-bahia-rupanco\\\/\"]}]},{\"@type\":\"ImageObject\",\"inLanguage\":\"fr-FR\",\"@id\":\"https:\\\/\\\/produncan.cl\\\/fr\\\/produit\\\/parcelles-bahia-rupanco\\\/#primaryimage\",\"url\":\"https:\\\/\\\/produncan.cl\\\/wp-content\\\/uploads\\\/2022\\\/05\\\/Parcelas-Bahia-Rupanco-1.webp\",\"contentUrl\":\"https:\\\/\\\/produncan.cl\\\/wp-content\\\/uploads\\\/2022\\\/05\\\/Parcelas-Bahia-Rupanco-1.webp\",\"width\":600,\"height\":450,\"caption\":\"Terrains de la baie de Rupanco\"},{\"@type\":\"BreadcrumbList\",\"@id\":\"https:\\\/\\\/produncan.cl\\\/fr\\\/produit\\\/parcelles-bahia-rupanco\\\/#breadcrumb\",\"itemListElement\":[{\"@type\":\"ListItem\",\"position\":1,\"name\":\"Inicio\",\"item\":\"https:\\\/\\\/produncan.cl\\\/fr\\\/\"},{\"@type\":\"ListItem\",\"position\":2,\"name\":\"Propri\u00e9t\u00e9s\",\"item\":\"https:\\\/\\\/produncan.cl\\\/propiedades\\\/\"},{\"@type\":\"ListItem\",\"position\":3,\"name\":\"Parcelles\",\"item\":\"https:\\\/\\\/produncan.cl\\\/fr\\\/cat&eacute;gorie\\\/parcelles\\\/\"},{\"@type\":\"ListItem\",\"position\":4,\"name\":\"Parcelles au lac Rupanco, baie de Rupanco &#8211; Osorno &#8211; R\u00e9gion des lacs\"}]},{\"@type\":\"WebSite\",\"@id\":\"https:\\\/\\\/produncan.cl\\\/fr\\\/#website\",\"url\":\"https:\\\/\\\/produncan.cl\\\/fr\\\/\",\"name\":\"Produncan\",\"description\":\"Nous vous accompagnons dans votre projet de vie !\",\"publisher\":{\"@id\":\"https:\\\/\\\/produncan.cl\\\/fr\\\/#organization\"},\"potentialAction\":[{\"@type\":\"SearchAction\",\"target\":{\"@type\":\"EntryPoint\",\"urlTemplate\":\"https:\\\/\\\/produncan.cl\\\/fr\\\/?s={search_term_string}\"},\"query-input\":{\"@type\":\"PropertyValueSpecification\",\"valueRequired\":true,\"valueName\":\"search_term_string\"}}],\"inLanguage\":\"fr-FR\"},{\"@type\":\"Organization\",\"@id\":\"https:\\\/\\\/produncan.cl\\\/fr\\\/#organization\",\"name\":\"Produncan\",\"url\":\"https:\\\/\\\/produncan.cl\\\/fr\\\/\",\"logo\":{\"@type\":\"ImageObject\",\"inLanguage\":\"fr-FR\",\"@id\":\"https:\\\/\\\/produncan.cl\\\/fr\\\/#\\\/schema\\\/logo\\\/image\\\/\",\"url\":\"https:\\\/\\\/produncan.cl\\\/wp-content\\\/uploads\\\/2021\\\/03\\\/LOGO.jpeg\",\"contentUrl\":\"https:\\\/\\\/produncan.cl\\\/wp-content\\\/uploads\\\/2021\\\/03\\\/LOGO.jpeg\",\"width\":1280,\"height\":903,\"caption\":\"Produncan\"},\"image\":{\"@id\":\"https:\\\/\\\/produncan.cl\\\/fr\\\/#\\\/schema\\\/logo\\\/image\\\/\"},\"sameAs\":[\"https:\\\/\\\/web.facebook.com\\\/produncanland\",\"https:\\\/\\\/www.instagram.com\\\/pro_duncan\\\/\",\"https:\\\/\\\/www.linkedin.com\\\/company\\\/produncan-lands\\\/\",\"https:\\\/\\\/www.youtube.com\\\/channel\\\/UCu7N-f3x0svkazD-Eew1-QQ\"],\"description\":\"En Produncan somos especialistas en la venta de terrenos en el sur de Chile. Proveemos estancias, campos, parcelas y hoteles.\",\"email\":\"info@produncan.cl\"}]}<\/script>\n<meta property=\"og:video\" content=\"https:\/\/www.youtube.com\/embed\/6ebuE9IU7XU\" \/>\n<meta property=\"og:video:type\" content=\"text\/html\" \/>\n<meta property=\"og:video:duration\" content=\"62\" \/>\n<meta property=\"og:video:width\" content=\"480\" \/>\n<meta property=\"og:video:height\" content=\"360\" \/>\n<meta property=\"ya:ovs:adult\" content=\"false\" \/>\n<meta property=\"ya:ovs:upload_date\" content=\"2024-05-07T16:44:03+00:00\" \/>\n<meta property=\"ya:ovs:allow_embed\" content=\"true\" \/>\n<meta property=\"product:price:amount\" content=\"274000.00\" \/>\n<meta property=\"product:price:currency\" content=\"USD\" \/>\n<meta property=\"og:availability\" content=\"instock\" \/>\n<meta property=\"product:availability\" content=\"instock\" \/>\n<meta property=\"product:condition\" content=\"new\" \/>\n<!-- \/ Yoast SEO Premium plugin. -->","yoast_head_json":{"title":"Terrains au bord du lac Rupanco, Osorno, r\u00e9gion de Los Lagos","description":"Parcelas Bah\u00eda Rupanco est un projet exclusif de seulement 7 parcelles sur le lac Rupanco. Proximit\u00e9 de la ville et vue panoramique imbattable !","robots":{"index":"index","follow":"follow","max-snippet":"max-snippet:-1","max-image-preview":"max-image-preview:large","max-video-preview":"max-video-preview:-1"},"canonical":"https:\/\/produncan.cl\/fr\/produit\/parcelles-bahia-rupanco\/","og_locale":"fr_FR","og_type":"article","og_title":"Parcelles au lac Rupanco, baie de Rupanco - Osorno - R\u00e9gion des lacs","og_description":"Parcelas Bah\u00eda Rupanco est un projet exclusif de seulement 7 parcelles sur le lac Rupanco. Proximit\u00e9 de la ville et vue panoramique imbattable !","og_url":"https:\/\/produncan.cl\/fr\/produit\/parcelles-bahia-rupanco\/","og_site_name":"Produncan","article_publisher":"https:\/\/web.facebook.com\/produncanland","article_modified_time":"2025-12-26T20:19:55+00:00","og_image":[{"width":600,"height":450,"url":"https:\/\/produncan.cl\/wp-content\/uploads\/2022\/05\/Parcelas-Bahia-Rupanco-1.webp","type":"image\/webp"}],"twitter_card":"summary_large_image","twitter_misc":{"Price":"USD274.000,00","Availability":"In stock"},"schema":{"@context":"https:\/\/schema.org","@graph":[{"@type":"WebPage","@id":"https:\/\/produncan.cl\/fr\/produit\/parcelles-bahia-rupanco\/","url":"https:\/\/produncan.cl\/fr\/produit\/parcelles-bahia-rupanco\/","name":"Terrains au bord du lac Rupanco, Osorno, r\u00e9gion de Los Lagos","isPartOf":{"@id":"https:\/\/produncan.cl\/fr\/#website"},"primaryImageOfPage":{"@id":"https:\/\/produncan.cl\/fr\/produit\/parcelles-bahia-rupanco\/#primaryimage"},"image":{"@id":"https:\/\/produncan.cl\/fr\/produit\/parcelles-bahia-rupanco\/#primaryimage"},"thumbnailUrl":"https:\/\/produncan.cl\/wp-content\/uploads\/2022\/05\/Parcelas-Bahia-Rupanco-1.webp","datePublished":"2024-05-07T16:44:03+00:00","dateModified":"2025-12-26T20:19:55+00:00","description":"Parcelas Bah\u00eda Rupanco est un projet exclusif de seulement 7 parcelles sur le lac Rupanco. Proximit\u00e9 de la ville et vue panoramique imbattable !","breadcrumb":{"@id":"https:\/\/produncan.cl\/fr\/produit\/parcelles-bahia-rupanco\/#breadcrumb"},"inLanguage":"fr-FR","potentialAction":[{"@type":"ReadAction","target":["https:\/\/produncan.cl\/fr\/produit\/parcelles-bahia-rupanco\/"]}]},{"@type":"ImageObject","inLanguage":"fr-FR","@id":"https:\/\/produncan.cl\/fr\/produit\/parcelles-bahia-rupanco\/#primaryimage","url":"https:\/\/produncan.cl\/wp-content\/uploads\/2022\/05\/Parcelas-Bahia-Rupanco-1.webp","contentUrl":"https:\/\/produncan.cl\/wp-content\/uploads\/2022\/05\/Parcelas-Bahia-Rupanco-1.webp","width":600,"height":450,"caption":"Terrains de la baie de Rupanco"},{"@type":"BreadcrumbList","@id":"https:\/\/produncan.cl\/fr\/produit\/parcelles-bahia-rupanco\/#breadcrumb","itemListElement":[{"@type":"ListItem","position":1,"name":"Inicio","item":"https:\/\/produncan.cl\/fr\/"},{"@type":"ListItem","position":2,"name":"Propri\u00e9t\u00e9s","item":"https:\/\/produncan.cl\/propiedades\/"},{"@type":"ListItem","position":3,"name":"Parcelles","item":"https:\/\/produncan.cl\/fr\/cat&eacute;gorie\/parcelles\/"},{"@type":"ListItem","position":4,"name":"Parcelles au lac Rupanco, baie de Rupanco &#8211; Osorno &#8211; R\u00e9gion des lacs"}]},{"@type":"WebSite","@id":"https:\/\/produncan.cl\/fr\/#website","url":"https:\/\/produncan.cl\/fr\/","name":"Produncan","description":"Nous vous accompagnons dans votre projet de vie !","publisher":{"@id":"https:\/\/produncan.cl\/fr\/#organization"},"potentialAction":[{"@type":"SearchAction","target":{"@type":"EntryPoint","urlTemplate":"https:\/\/produncan.cl\/fr\/?s={search_term_string}"},"query-input":{"@type":"PropertyValueSpecification","valueRequired":true,"valueName":"search_term_string"}}],"inLanguage":"fr-FR"},{"@type":"Organization","@id":"https:\/\/produncan.cl\/fr\/#organization","name":"Produncan","url":"https:\/\/produncan.cl\/fr\/","logo":{"@type":"ImageObject","inLanguage":"fr-FR","@id":"https:\/\/produncan.cl\/fr\/#\/schema\/logo\/image\/","url":"https:\/\/produncan.cl\/wp-content\/uploads\/2021\/03\/LOGO.jpeg","contentUrl":"https:\/\/produncan.cl\/wp-content\/uploads\/2021\/03\/LOGO.jpeg","width":1280,"height":903,"caption":"Produncan"},"image":{"@id":"https:\/\/produncan.cl\/fr\/#\/schema\/logo\/image\/"},"sameAs":["https:\/\/web.facebook.com\/produncanland","https:\/\/www.instagram.com\/pro_duncan\/","https:\/\/www.linkedin.com\/company\/produncan-lands\/","https:\/\/www.youtube.com\/channel\/UCu7N-f3x0svkazD-Eew1-QQ"],"description":"En Produncan somos especialistas en la venta de terrenos en el sur de Chile. Proveemos estancias, campos, parcelas y hoteles.","email":"info@produncan.cl"}]},"og_video":"https:\/\/www.youtube.com\/embed\/6ebuE9IU7XU","og_video_type":"text\/html","og_video_duration":"62","og_video_width":"480","og_video_height":"360","ya_ovs_adult":"false","ya_ovs_upload_date":"2024-05-07T16:44:03+00:00","ya_ovs_allow_embed":"true","product_price_amount":"274000.00","product_price_currency":"USD","og_availability":"instock","product_availability":"instock","product_condition":"new"},"_links":{"self":[{"href":"https:\/\/produncan.cl\/fr\/wp-json\/wp\/v2\/product\/7453","targetHints":{"allow":["GET"]}}],"collection":[{"href":"https:\/\/produncan.cl\/fr\/wp-json\/wp\/v2\/product"}],"about":[{"href":"https:\/\/produncan.cl\/fr\/wp-json\/wp\/v2\/types\/product"}],"version-history":[{"count":1,"href":"https:\/\/produncan.cl\/fr\/wp-json\/wp\/v2\/product\/7453\/revisions"}],"predecessor-version":[{"id":54135,"href":"https:\/\/produncan.cl\/fr\/wp-json\/wp\/v2\/product\/7453\/revisions\/54135"}],"wp:featuredmedia":[{"embeddable":true,"href":"https:\/\/produncan.cl\/fr\/wp-json\/wp\/v2\/media\/5497"}],"wp:attachment":[{"href":"https:\/\/produncan.cl\/fr\/wp-json\/wp\/v2\/media?parent=7453"}],"wp:term":[{"taxonomy":"product_brand","embeddable":true,"href":"https:\/\/produncan.cl\/fr\/wp-json\/wp\/v2\/product_brand?post=7453"},{"taxonomy":"product_cat","embeddable":true,"href":"https:\/\/produncan.cl\/fr\/wp-json\/wp\/v2\/product_cat?post=7453"},{"taxonomy":"product_tag","embeddable":true,"href":"https:\/\/produncan.cl\/fr\/wp-json\/wp\/v2\/product_tag?post=7453"},{"taxonomy":"regiones","embeddable":true,"href":"https:\/\/produncan.cl\/fr\/wp-json\/wp\/v2\/regiones?post=7453"},{"taxonomy":"ciudades","embeddable":true,"href":"https:\/\/produncan.cl\/fr\/wp-json\/wp\/v2\/ciudades?post=7453"}],"curies":[{"name":"wp","href":"https:\/\/api.w.org\/{rel}","templated":true}]}}