{"id":7457,"date":"2022-09-06T12:16:59","date_gmt":"2022-09-06T16:16:59","guid":{"rendered":"https:\/\/produncan.cl\/producto\/parc-de-los-volcanes\/"},"modified":"2025-08-14T11:43:24","modified_gmt":"2025-08-14T15:43:24","slug":"parque-los-volcanes","status":"publish","type":"product","link":"https:\/\/produncan.cl\/fr\/produit\/parque-los-volcanes\/","title":{"rendered":"Parc de Los Volcanes &#8211; Ensenada &#8211; Puerto Varas"},"content":{"rendered":"\t\t<div data-elementor-type=\"product-post\" data-elementor-id=\"7457\" class=\"elementor elementor-7457 elementor-1587\" data-elementor-post-type=\"product\">\n\t\t\t\t<div class=\"elementor-element elementor-element-916fb83 e-flex e-con-boxed e-con e-parent\" data-id=\"916fb83\" data-element_type=\"container\" data-e-type=\"container\" data-settings=\"{&quot;jet_parallax_layout_list&quot;:[]}\">\n\t\t\t\t\t<div class=\"e-con-inner\">\n\t\t\t\t<div class=\"elementor-element elementor-element-570f524 elementor-widget elementor-widget-heading\" data-id=\"570f524\" data-element_type=\"widget\" data-e-type=\"widget\" data-widget_type=\"heading.default\">\n\t\t\t\t\t<h2 class=\"elementor-heading-title elementor-size-default\">D\u00e9couvrez le joyau cach\u00e9 du lac Llanquihue et vivez au milieu d'un paysage sublime dans le cadre du projet Parque Los Volcanes !<\/h2>\t\t\t\t<\/div>\n\t\t\t\t\t<\/div>\n\t\t\t\t<\/div>\n\t\t<div class=\"elementor-element elementor-element-69bd685 e-flex e-con-boxed e-con e-parent\" data-id=\"69bd685\" data-element_type=\"container\" data-e-type=\"container\" data-settings=\"{&quot;jet_parallax_layout_list&quot;:[]}\">\n\t\t\t\t\t<div class=\"e-con-inner\">\n\t\t\t\t<div class=\"elementor-element elementor-element-5f33de8 elementor-widget elementor-widget-text-editor\" data-id=\"5f33de8\" data-element_type=\"widget\" data-e-type=\"widget\" data-widget_type=\"text-editor.default\">\n\t\t\t\t\t\t\t\t\t<p>Situ\u00e9 dans la charmante ville d&#8217;Ensenada, \u00e0 seulement 50 km de Puerto Varas, ce projet vous offre la possibilit\u00e9 de vous immerger dans l&#8217;un des plus beaux environnements naturels de la r\u00e9gion des lacs. Ici, la nature vous surprendra et vous invitera \u00e0 vivre en harmonie avec le paysage.<\/p><p>Dot\u00e9 d&#8217;\u00e9quipements de premi\u00e8re classe, le projet dispose d&#8217;une loge de portier dont l&#8217;acc\u00e8s est contr\u00f4l\u00e9 et d&#8217;un garde forestier pour garantir votre s\u00e9curit\u00e9 et votre tranquillit\u00e9 d&#8217;esprit. Les routes en excellent \u00e9tat vous permettront d&#8217;acc\u00e9der facilement \u00e0 votre parcelle et aux zones communes environnantes.<\/p><p>Au Parque Los Volcanes, l&#8217;approvisionnement en \u00e9lectricit\u00e9 est assur\u00e9 et l&#8217;eau provient de sources qui \u00e9manent du majestueux volcan Calbuco. Imaginez que vous buviez de l&#8217;eau pure et fra\u00eeche provenant directement de la montagne.<\/p><p>Depuis votre maison, vous pourrez admirer les vues panoramiques des imposants volcans Osorno, Puntiagudo et Calbuco, qui se dressent majestueusement \u00e0 c\u00f4t\u00e9 des lacs Llanquihue, Rupanco et Todos los Santos. Vous serez entour\u00e9 de lacs, de rivi\u00e8res et de for\u00eats indig\u00e8nes, cr\u00e9ant une atmosph\u00e8re magique et sereine qui vous invitera \u00e0 vous connecter avec la nature.<\/p><p>En outre, le projet Parque Los Volcanes offre de vastes espaces communs o\u00f9 l&#8217;on peut pratiquer l&#8217;\u00e9quitation, la randonn\u00e9e, la relaxation dans des sources d&#8217;eau chaude naturelles et la p\u00eache dans le pittoresque Rio Blanco, entre autres activit\u00e9s.<\/p><p>Elle dispose m\u00eame d&#8217;un a\u00e9rodrome autoris\u00e9 par la D.G.A.C., ce qui vous donne encore plus d&#8217;options pour explorer et profiter de cet endroit merveilleux.<\/p><p>Si vous aimez l&#8217;aventure, vous ne serez qu&#8217;\u00e0 quelques minutes du c\u00e9l\u00e8bre parc national Vicente P\u00e9rez Rosales, du charmant lac Llanquihue, des impressionnantes chutes de Petrohu\u00e9 et de la rivi\u00e8re Petrohu\u00e9, o\u00f9 vous pourrez pratiquer le rafting et la p\u00eache sportive. Vous pouvez \u00e9galement visiter le Kotiax Bikepark, les sources thermales naturelles, la Laguna Verde et la pittoresque Ensenada, o\u00f9 vous trouverez un large \u00e9ventail d&#8217;activit\u00e9s touristiques, gastronomiques, patrimoniales et sportives.<\/p><p>La situation privil\u00e9gi\u00e9e du projet vous permet d&#8217;acc\u00e9der facilement \u00e0 la route d&#8217;Interlagos, vous offrant ainsi une excellente connectivit\u00e9 pour explorer le lac Todos los Santos, Cocham\u00f3, Puelo, Llanada Grande, la route des 7 lacs, la Carretera Austral et m\u00eame planifier un voyage passionnant vers le dernier archipel de l&#8217;\u00eele de Chilo\u00e9.<\/p><p><span style=\"color: var( --e-global-color-text ); font-family: var( --e-global-typography-text-font-family ), Sans-serif; font-weight: var( --e-global-typography-text-font-weight ); text-align: var(--text-align);\">Tout cela peut \u00eatre acquis \u00e0 des prix abordables, avec des options \u00e0 partir de 55 millions de dollars pour des lots de 5000 m\u00b2. Imaginez construire votre maison dans ce paradis naturel !<\/span><\/p><p><span style=\"color: var( --e-global-color-text ); font-family: var( --e-global-typography-text-font-family ), Sans-serif; font-weight: var( --e-global-typography-text-font-weight ); text-align: var(--text-align);\">Ne manquez pas l&#8217;occasion de visiter cet endroit magnifique.<\/span><\/p><p><span style=\"color: var( --e-global-color-text ); font-family: var( --e-global-typography-text-font-family ), Sans-serif; font-weight: var( --e-global-typography-text-font-weight ); text-align: var(--text-align);\">Contactez-nous d\u00e8s maintenant pour programmer une visite et d\u00e9couvrir le charme du Parque Los Volcanes !<\/span><\/p>\t\t\t\t\t\t\t\t<\/div>\n\t\t\t\t\t<\/div>\n\t\t\t\t<\/div>\n\t\t\t\t<\/div>\n\t\t","protected":false},"excerpt":{"rendered":"<p>Terrain \u00e0 Los Lagos avec \u00e9lectricit\u00e9, eau, espaces communs et a\u00e9rodrome. Connexions avec les lacs et les villes voisines.<\/p>\n","protected":false},"featured_media":5609,"template":"","meta":{"_acf_changed":false},"product_brand":[],"product_cat":[113],"product_tag":[236],"regiones":[226],"ciudades":[213,218,219],"class_list":{"0":"post-7457","1":"product","2":"type-product","3":"status-publish","4":"has-post-thumbnail","6":"product_cat-ohiggins-los-lagos-fr","7":"product_tag-parcelles","8":"regiones-nuble-los_lagos","9":"ciudades-ensenada","10":"ciudades-puerto-montt","11":"ciudades-puerto-varas","13":"first","14":"instock","15":"sold-individually","16":"shipping-taxable","17":"purchasable","18":"product-type-simple"},"acf":[],"yoast_head":"<!-- This site is optimized with the Yoast SEO Premium plugin v26.0 (Yoast SEO v27.3) - https:\/\/yoast.com\/product\/yoast-seo-premium-wordpress\/ -->\n<title>Terrains Parque Los Volcanes - Ensenada - Puerto Varas<\/title>\n<meta name=\"description\" content=\"Terrains \u00e0 Ensenada, un endroit aux paysages les plus impressionnants de la r\u00e9gion des lacs. Il dispose de l&#039;\u00e9lectricit\u00e9, de l&#039;eau, de zones communes et d&#039;un a\u00e9rodrome.\" \/>\n<meta name=\"robots\" content=\"index, follow, max-snippet:-1, max-image-preview:large, max-video-preview:-1\" \/>\n<link rel=\"canonical\" href=\"https:\/\/produncan.cl\/fr\/produit\/parque-los-volcanes\/\" \/>\n<meta property=\"og:locale\" content=\"fr_FR\" \/>\n<meta property=\"og:type\" content=\"article\" \/>\n<meta property=\"og:title\" content=\"Parc de Los Volcanes - Ensenada - Puerto Varas\" \/>\n<meta property=\"og:description\" content=\"Terrains \u00e0 Ensenada, un endroit aux paysages les plus impressionnants de la r\u00e9gion des lacs. Il dispose de l&#039;\u00e9lectricit\u00e9, de l&#039;eau, de zones communes et d&#039;un a\u00e9rodrome.\" \/>\n<meta property=\"og:url\" content=\"https:\/\/produncan.cl\/fr\/produit\/parque-los-volcanes\/\" \/>\n<meta property=\"og:site_name\" content=\"Produncan\" \/>\n<meta property=\"article:publisher\" content=\"https:\/\/web.facebook.com\/produncanland\" \/>\n<meta property=\"article:modified_time\" content=\"2025-08-14T15:43:24+00:00\" \/>\n<meta property=\"og:image\" content=\"https:\/\/produncan.cl\/wp-content\/uploads\/2022\/05\/Parque-Los-Volcanes.webp\" \/>\n\t<meta property=\"og:image:width\" content=\"600\" \/>\n\t<meta property=\"og:image:height\" content=\"450\" \/>\n\t<meta property=\"og:image:type\" content=\"image\/webp\" \/>\n<meta name=\"twitter:card\" content=\"summary_large_image\" \/>\n<meta name=\"twitter:label1\" content=\"Price\" \/>\n\t<meta name=\"twitter:data1\" content=\"USD59.800,00\" \/>\n\t<meta name=\"twitter:label2\" content=\"Availability\" \/>\n\t<meta name=\"twitter:data2\" content=\"In stock\" \/>\n<script type=\"application\/ld+json\" class=\"yoast-schema-graph\">{\"@context\":\"https:\\\/\\\/schema.org\",\"@graph\":[{\"@type\":\"WebPage\",\"@id\":\"https:\\\/\\\/produncan.cl\\\/fr\\\/produit\\\/parque-los-volcanes\\\/\",\"url\":\"https:\\\/\\\/produncan.cl\\\/fr\\\/produit\\\/parque-los-volcanes\\\/\",\"name\":\"Terrains Parque Los Volcanes - Ensenada - Puerto Varas\",\"isPartOf\":{\"@id\":\"https:\\\/\\\/produncan.cl\\\/fr\\\/#website\"},\"primaryImageOfPage\":{\"@id\":\"https:\\\/\\\/produncan.cl\\\/fr\\\/produit\\\/parque-los-volcanes\\\/#primaryimage\"},\"image\":{\"@id\":\"https:\\\/\\\/produncan.cl\\\/fr\\\/produit\\\/parque-los-volcanes\\\/#primaryimage\"},\"thumbnailUrl\":\"https:\\\/\\\/produncan.cl\\\/wp-content\\\/uploads\\\/2022\\\/05\\\/Parque-Los-Volcanes.webp\",\"datePublished\":\"2022-09-06T16:16:59+00:00\",\"dateModified\":\"2025-08-14T15:43:24+00:00\",\"description\":\"Terrains \u00e0 Ensenada, un endroit aux paysages les plus impressionnants de la r\u00e9gion des lacs. Il dispose de l'\u00e9lectricit\u00e9, de l'eau, de zones communes et d'un a\u00e9rodrome.\",\"breadcrumb\":{\"@id\":\"https:\\\/\\\/produncan.cl\\\/fr\\\/produit\\\/parque-los-volcanes\\\/#breadcrumb\"},\"inLanguage\":\"fr-FR\",\"potentialAction\":[{\"@type\":\"ReadAction\",\"target\":[\"https:\\\/\\\/produncan.cl\\\/fr\\\/produit\\\/parque-los-volcanes\\\/\"]}]},{\"@type\":\"ImageObject\",\"inLanguage\":\"fr-FR\",\"@id\":\"https:\\\/\\\/produncan.cl\\\/fr\\\/produit\\\/parque-los-volcanes\\\/#primaryimage\",\"url\":\"https:\\\/\\\/produncan.cl\\\/wp-content\\\/uploads\\\/2022\\\/05\\\/Parque-Los-Volcanes.webp\",\"contentUrl\":\"https:\\\/\\\/produncan.cl\\\/wp-content\\\/uploads\\\/2022\\\/05\\\/Parque-Los-Volcanes.webp\",\"width\":600,\"height\":450,\"caption\":\"Parc de Los Volcanes\"},{\"@type\":\"BreadcrumbList\",\"@id\":\"https:\\\/\\\/produncan.cl\\\/fr\\\/produit\\\/parque-los-volcanes\\\/#breadcrumb\",\"itemListElement\":[{\"@type\":\"ListItem\",\"position\":1,\"name\":\"Inicio\",\"item\":\"https:\\\/\\\/produncan.cl\\\/fr\\\/\"},{\"@type\":\"ListItem\",\"position\":2,\"name\":\"Propri\u00e9t\u00e9s\",\"item\":\"https:\\\/\\\/produncan.cl\\\/propiedades\\\/\"},{\"@type\":\"ListItem\",\"position\":3,\"name\":\"Parcelles\",\"item\":\"https:\\\/\\\/produncan.cl\\\/fr\\\/cat&eacute;gorie\\\/parcelles\\\/\"},{\"@type\":\"ListItem\",\"position\":4,\"name\":\"Parc de Los Volcanes &#8211; Ensenada &#8211; Puerto Varas\"}]},{\"@type\":\"WebSite\",\"@id\":\"https:\\\/\\\/produncan.cl\\\/fr\\\/#website\",\"url\":\"https:\\\/\\\/produncan.cl\\\/fr\\\/\",\"name\":\"Produncan\",\"description\":\"Nous vous accompagnons dans votre projet de vie !\",\"publisher\":{\"@id\":\"https:\\\/\\\/produncan.cl\\\/fr\\\/#organization\"},\"potentialAction\":[{\"@type\":\"SearchAction\",\"target\":{\"@type\":\"EntryPoint\",\"urlTemplate\":\"https:\\\/\\\/produncan.cl\\\/fr\\\/?s={search_term_string}\"},\"query-input\":{\"@type\":\"PropertyValueSpecification\",\"valueRequired\":true,\"valueName\":\"search_term_string\"}}],\"inLanguage\":\"fr-FR\"},{\"@type\":\"Organization\",\"@id\":\"https:\\\/\\\/produncan.cl\\\/fr\\\/#organization\",\"name\":\"Produncan\",\"url\":\"https:\\\/\\\/produncan.cl\\\/fr\\\/\",\"logo\":{\"@type\":\"ImageObject\",\"inLanguage\":\"fr-FR\",\"@id\":\"https:\\\/\\\/produncan.cl\\\/fr\\\/#\\\/schema\\\/logo\\\/image\\\/\",\"url\":\"https:\\\/\\\/produncan.cl\\\/wp-content\\\/uploads\\\/2021\\\/03\\\/LOGO.jpeg\",\"contentUrl\":\"https:\\\/\\\/produncan.cl\\\/wp-content\\\/uploads\\\/2021\\\/03\\\/LOGO.jpeg\",\"width\":1280,\"height\":903,\"caption\":\"Produncan\"},\"image\":{\"@id\":\"https:\\\/\\\/produncan.cl\\\/fr\\\/#\\\/schema\\\/logo\\\/image\\\/\"},\"sameAs\":[\"https:\\\/\\\/web.facebook.com\\\/produncanland\",\"https:\\\/\\\/www.instagram.com\\\/pro_duncan\\\/\",\"https:\\\/\\\/www.linkedin.com\\\/company\\\/produncan-lands\\\/\",\"https:\\\/\\\/www.youtube.com\\\/channel\\\/UCu7N-f3x0svkazD-Eew1-QQ\"],\"description\":\"En Produncan somos especialistas en la venta de terrenos en el sur de Chile. Proveemos estancias, campos, parcelas y hoteles.\",\"email\":\"info@produncan.cl\"}]}<\/script>\n<meta property=\"og:video\" content=\"https:\/\/www.youtube.com\/embed\/0NvDjiAqYyY\" \/>\n<meta property=\"og:video:type\" content=\"text\/html\" \/>\n<meta property=\"og:video:duration\" content=\"58\" \/>\n<meta property=\"og:video:width\" content=\"480\" \/>\n<meta property=\"og:video:height\" content=\"360\" \/>\n<meta property=\"ya:ovs:adult\" content=\"false\" \/>\n<meta property=\"ya:ovs:upload_date\" content=\"2022-09-06T16:16:59+00:00\" \/>\n<meta property=\"ya:ovs:allow_embed\" content=\"true\" \/>\n<meta property=\"product:price:amount\" content=\"59800.00\" \/>\n<meta property=\"product:price:currency\" content=\"USD\" \/>\n<meta property=\"og:availability\" content=\"instock\" \/>\n<meta property=\"product:availability\" content=\"instock\" \/>\n<meta property=\"product:condition\" content=\"new\" \/>\n<!-- \/ Yoast SEO Premium plugin. -->","yoast_head_json":{"title":"Terrains Parque Los Volcanes - Ensenada - Puerto Varas","description":"Terrains \u00e0 Ensenada, un endroit aux paysages les plus impressionnants de la r\u00e9gion des lacs. Il dispose de l'\u00e9lectricit\u00e9, de l'eau, de zones communes et d'un a\u00e9rodrome.","robots":{"index":"index","follow":"follow","max-snippet":"max-snippet:-1","max-image-preview":"max-image-preview:large","max-video-preview":"max-video-preview:-1"},"canonical":"https:\/\/produncan.cl\/fr\/produit\/parque-los-volcanes\/","og_locale":"fr_FR","og_type":"article","og_title":"Parc de Los Volcanes - Ensenada - Puerto Varas","og_description":"Terrains \u00e0 Ensenada, un endroit aux paysages les plus impressionnants de la r\u00e9gion des lacs. Il dispose de l'\u00e9lectricit\u00e9, de l'eau, de zones communes et d'un a\u00e9rodrome.","og_url":"https:\/\/produncan.cl\/fr\/produit\/parque-los-volcanes\/","og_site_name":"Produncan","article_publisher":"https:\/\/web.facebook.com\/produncanland","article_modified_time":"2025-08-14T15:43:24+00:00","og_image":[{"width":600,"height":450,"url":"https:\/\/produncan.cl\/wp-content\/uploads\/2022\/05\/Parque-Los-Volcanes.webp","type":"image\/webp"}],"twitter_card":"summary_large_image","twitter_misc":{"Price":"USD59.800,00","Availability":"In stock"},"schema":{"@context":"https:\/\/schema.org","@graph":[{"@type":"WebPage","@id":"https:\/\/produncan.cl\/fr\/produit\/parque-los-volcanes\/","url":"https:\/\/produncan.cl\/fr\/produit\/parque-los-volcanes\/","name":"Terrains Parque Los Volcanes - Ensenada - Puerto Varas","isPartOf":{"@id":"https:\/\/produncan.cl\/fr\/#website"},"primaryImageOfPage":{"@id":"https:\/\/produncan.cl\/fr\/produit\/parque-los-volcanes\/#primaryimage"},"image":{"@id":"https:\/\/produncan.cl\/fr\/produit\/parque-los-volcanes\/#primaryimage"},"thumbnailUrl":"https:\/\/produncan.cl\/wp-content\/uploads\/2022\/05\/Parque-Los-Volcanes.webp","datePublished":"2022-09-06T16:16:59+00:00","dateModified":"2025-08-14T15:43:24+00:00","description":"Terrains \u00e0 Ensenada, un endroit aux paysages les plus impressionnants de la r\u00e9gion des lacs. Il dispose de l'\u00e9lectricit\u00e9, de l'eau, de zones communes et d'un a\u00e9rodrome.","breadcrumb":{"@id":"https:\/\/produncan.cl\/fr\/produit\/parque-los-volcanes\/#breadcrumb"},"inLanguage":"fr-FR","potentialAction":[{"@type":"ReadAction","target":["https:\/\/produncan.cl\/fr\/produit\/parque-los-volcanes\/"]}]},{"@type":"ImageObject","inLanguage":"fr-FR","@id":"https:\/\/produncan.cl\/fr\/produit\/parque-los-volcanes\/#primaryimage","url":"https:\/\/produncan.cl\/wp-content\/uploads\/2022\/05\/Parque-Los-Volcanes.webp","contentUrl":"https:\/\/produncan.cl\/wp-content\/uploads\/2022\/05\/Parque-Los-Volcanes.webp","width":600,"height":450,"caption":"Parc de Los Volcanes"},{"@type":"BreadcrumbList","@id":"https:\/\/produncan.cl\/fr\/produit\/parque-los-volcanes\/#breadcrumb","itemListElement":[{"@type":"ListItem","position":1,"name":"Inicio","item":"https:\/\/produncan.cl\/fr\/"},{"@type":"ListItem","position":2,"name":"Propri\u00e9t\u00e9s","item":"https:\/\/produncan.cl\/propiedades\/"},{"@type":"ListItem","position":3,"name":"Parcelles","item":"https:\/\/produncan.cl\/fr\/cat&eacute;gorie\/parcelles\/"},{"@type":"ListItem","position":4,"name":"Parc de Los Volcanes &#8211; Ensenada &#8211; Puerto Varas"}]},{"@type":"WebSite","@id":"https:\/\/produncan.cl\/fr\/#website","url":"https:\/\/produncan.cl\/fr\/","name":"Produncan","description":"Nous vous accompagnons dans votre projet de vie !","publisher":{"@id":"https:\/\/produncan.cl\/fr\/#organization"},"potentialAction":[{"@type":"SearchAction","target":{"@type":"EntryPoint","urlTemplate":"https:\/\/produncan.cl\/fr\/?s={search_term_string}"},"query-input":{"@type":"PropertyValueSpecification","valueRequired":true,"valueName":"search_term_string"}}],"inLanguage":"fr-FR"},{"@type":"Organization","@id":"https:\/\/produncan.cl\/fr\/#organization","name":"Produncan","url":"https:\/\/produncan.cl\/fr\/","logo":{"@type":"ImageObject","inLanguage":"fr-FR","@id":"https:\/\/produncan.cl\/fr\/#\/schema\/logo\/image\/","url":"https:\/\/produncan.cl\/wp-content\/uploads\/2021\/03\/LOGO.jpeg","contentUrl":"https:\/\/produncan.cl\/wp-content\/uploads\/2021\/03\/LOGO.jpeg","width":1280,"height":903,"caption":"Produncan"},"image":{"@id":"https:\/\/produncan.cl\/fr\/#\/schema\/logo\/image\/"},"sameAs":["https:\/\/web.facebook.com\/produncanland","https:\/\/www.instagram.com\/pro_duncan\/","https:\/\/www.linkedin.com\/company\/produncan-lands\/","https:\/\/www.youtube.com\/channel\/UCu7N-f3x0svkazD-Eew1-QQ"],"description":"En Produncan somos especialistas en la venta de terrenos en el sur de Chile. Proveemos estancias, campos, parcelas y hoteles.","email":"info@produncan.cl"}]},"og_video":"https:\/\/www.youtube.com\/embed\/0NvDjiAqYyY","og_video_type":"text\/html","og_video_duration":"58","og_video_width":"480","og_video_height":"360","ya_ovs_adult":"false","ya_ovs_upload_date":"2022-09-06T16:16:59+00:00","ya_ovs_allow_embed":"true","product_price_amount":"59800.00","product_price_currency":"USD","og_availability":"instock","product_availability":"instock","product_condition":"new"},"_links":{"self":[{"href":"https:\/\/produncan.cl\/fr\/wp-json\/wp\/v2\/product\/7457","targetHints":{"allow":["GET"]}}],"collection":[{"href":"https:\/\/produncan.cl\/fr\/wp-json\/wp\/v2\/product"}],"about":[{"href":"https:\/\/produncan.cl\/fr\/wp-json\/wp\/v2\/types\/product"}],"version-history":[{"count":0,"href":"https:\/\/produncan.cl\/fr\/wp-json\/wp\/v2\/product\/7457\/revisions"}],"wp:featuredmedia":[{"embeddable":true,"href":"https:\/\/produncan.cl\/fr\/wp-json\/wp\/v2\/media\/5609"}],"wp:attachment":[{"href":"https:\/\/produncan.cl\/fr\/wp-json\/wp\/v2\/media?parent=7457"}],"wp:term":[{"taxonomy":"product_brand","embeddable":true,"href":"https:\/\/produncan.cl\/fr\/wp-json\/wp\/v2\/product_brand?post=7457"},{"taxonomy":"product_cat","embeddable":true,"href":"https:\/\/produncan.cl\/fr\/wp-json\/wp\/v2\/product_cat?post=7457"},{"taxonomy":"product_tag","embeddable":true,"href":"https:\/\/produncan.cl\/fr\/wp-json\/wp\/v2\/product_tag?post=7457"},{"taxonomy":"regiones","embeddable":true,"href":"https:\/\/produncan.cl\/fr\/wp-json\/wp\/v2\/regiones?post=7457"},{"taxonomy":"ciudades","embeddable":true,"href":"https:\/\/produncan.cl\/fr\/wp-json\/wp\/v2\/ciudades?post=7457"}],"curies":[{"name":"wp","href":"https:\/\/api.w.org\/{rel}","templated":true}]}}