{"id":7458,"date":"2021-09-02T12:04:10","date_gmt":"2021-09-02T16:04:10","guid":{"rendered":"https:\/\/produncan.cl\/producto\/champ-a-trumao\/"},"modified":"2025-08-19T12:21:08","modified_gmt":"2025-08-19T16:21:08","slug":"campo-en-trumao","status":"publish","type":"product","link":"https:\/\/produncan.cl\/fr\/produit\/campo-en-trumao\/","title":{"rendered":"Champ 33,06ha R\u00edo Bueno &#8211; Trumao, Regi\u00f3n de los R\u00edos"},"content":{"rendered":"\t\t<div data-elementor-type=\"product-post\" data-elementor-id=\"7458\" class=\"elementor elementor-7458 elementor-1583\" data-elementor-post-type=\"product\">\n\t\t\t\t\t\t<section class=\"elementor-section elementor-top-section elementor-element elementor-element-1938012d elementor-section-boxed elementor-section-height-default elementor-section-height-default\" data-id=\"1938012d\" data-element_type=\"section\" data-e-type=\"section\" data-settings=\"{&quot;jet_parallax_layout_list&quot;:[]}\">\n\t\t\t\t\t\t<div class=\"elementor-container elementor-column-gap-default\">\n\t\t\t\t\t<div class=\"elementor-column elementor-col-100 elementor-top-column elementor-element elementor-element-34eb3309\" data-id=\"34eb3309\" data-element_type=\"column\" data-e-type=\"column\">\n\t\t\t<div class=\"elementor-widget-wrap elementor-element-populated\">\n\t\t\t\t\t\t<div class=\"elementor-element elementor-element-1cfd729 elementor-widget elementor-widget-text-editor\" data-id=\"1cfd729\" data-element_type=\"widget\" data-e-type=\"widget\" data-widget_type=\"text-editor.default\">\n\t\t\t\t\t\t\t\t\t<h2>Un champ dans l&#8217;un des plus beaux endroits du sud du Chili !<\/h2><p>Beau parcours de 33,06 ha et 1,1 km de berge. Le terrain est situ\u00e9 au niveau du lac Ranco (valeur \u00e9lev\u00e9e) mais situ\u00e9 de La Union vers la mer, dans un secteur appel\u00e9 Trumao qui est exceptionnellement beau et connu pour son histoire, ses zones humides, ses collines vertes et la largeur de la rivi\u00e8re Bueno qui permet la navigation vers l&#8217;est et l&#8217;ouest jusqu&#8217;\u00e0 l&#8217;embouchure de la rivi\u00e8re.<\/p><p>Depuis le camp, au nord-ouest, il est possible d&#8217;acc\u00e9der au parc national de l&#8217;Alerce c\u00f4tier et \u00e0 Valdivia, le tout en pr\u00e9vision d&#8217;un d\u00e9veloppement futur encore \u00e0 saisir.<\/p><p>Il est situ\u00e9 \u00e0 40 minutes de La Uni\u00f3n.<\/p><p>La route est asphalt\u00e9e depuis La Uni\u00f3n jusqu&#8217;\u00e0 8 km avant le camp. La route en gravier est en cours d&#8217;asphaltage et \u00e0 la fin des travaux, il ne restera plus que 2 km de route en gravier jusqu&#8217;au champ.<\/p><p>L&#8217;a\u00e9roport de Ca\u00f1al Bajo est \u00e0 1 heure et 14 minutes. 75 Km. L&#8217;a\u00e9roport de Pichoy est \u00e0 139 km, soit 2,19 heures. Approximativement. Il y a deux p\u00e9ages sur l&#8217;itin\u00e9raire.<\/p><p>Transport rural avec horaires. Vous pouvez vous y rendre en taxi depuis La Uni\u00f3n ou Cruce Los Tambores.<\/p><p>L&#8217;eau potable \u00e0 travers l&#8217;APR du secteur. (Programme d&#8217;eau potable en milieu rural). Elle a des droits sur l&#8217;eau de la rivi\u00e8re pour 30 litres par seconde.<\/p><p>Il y a une connexion \u00e9lectrique de base et un pyl\u00f4ne \u00e9lectrique jusqu&#8217;\u00e0 la maison du gardien.<\/p><p>Cl\u00f4tures de type rural (piquets et barbel\u00e9s)<\/p><p>Vous pouvez subdiviser car il s&#8217;agit d&#8217;une terre agricole, la subdivision minimale est de 5.000, Mts.<\/p><p>Y a-t-il des sources ou d&#8217;autres cours d&#8217;eau ? Oui, la rivi\u00e8re Icu\u00e9, qui se jette dans le R\u00edo Bueno, cette rivi\u00e8re g\u00e9n\u00e8re \u00e9galement une zone humide dans la campagne, ce qui la rend riche en flore et en faune.<\/p><p>Le paysage comporte des zones plates et vallonn\u00e9es jusqu&#8217;\u00e0 la rivi\u00e8re.<\/p><p>Y a-t-il des routes int\u00e9rieures, de quel type ? Oui, jusqu&#8217;\u00e0 la rive, c&#8217;est du gravier.<\/p>\t\t\t\t\t\t\t\t<\/div>\n\t\t\t\t\t<\/div>\n\t\t<\/div>\n\t\t\t\t\t<\/div>\n\t\t<\/section>\n\t\t\t\t<\/div>\n\t\t","protected":false},"excerpt":{"rendered":"<p>Campo et \u00e0 1,1 km de la rive du fleuve Bueno, pr\u00e8s de Trumao, dans la r\u00e9gion de La Uni\u00f3n. Bon acc\u00e8s, \u00e9lectricit\u00e9, droits d&#8217;eau, principalement des prairies et des zones humides.<\/p>\n","protected":false},"featured_media":29065,"template":"","meta":{"_acf_changed":false},"product_brand":[],"product_cat":[113],"product_tag":[233,237],"regiones":[226],"ciudades":[215],"class_list":{"0":"post-7458","1":"product","2":"type-product","3":"status-publish","4":"has-post-thumbnail","6":"product_cat-ohiggins-los-lagos-fr","7":"product_tag-champs","8":"product_tag-proprietes-touristiques","9":"regiones-nuble-los_lagos","10":"ciudades-la-union","12":"first","13":"outofstock","14":"sold-individually","15":"shipping-taxable","16":"product-type-simple"},"acf":[],"yoast_head":"<!-- This site is optimized with the Yoast SEO Premium plugin v26.0 (Yoast SEO v27.3) - https:\/\/yoast.com\/product\/yoast-seo-premium-wordpress\/ -->\n<title>Champ 33,06ha R\u00edo Bueno - Trumao, Regi\u00f3n de los R\u00edos - Produncan<\/title>\n<meta name=\"description\" content=\"Champ de 33,06 ha et 1,1 km de berge situ\u00e9 de La Union vers la r\u00e9serve c\u00f4ti\u00e8re de Valdivia, dans un secteur appel\u00e9 Trumao.\" \/>\n<meta name=\"robots\" content=\"index, follow, max-snippet:-1, max-image-preview:large, max-video-preview:-1\" \/>\n<link rel=\"canonical\" href=\"https:\/\/produncan.cl\/fr\/produit\/campo-en-trumao\/\" \/>\n<meta property=\"og:locale\" content=\"fr_FR\" \/>\n<meta property=\"og:type\" content=\"article\" \/>\n<meta property=\"og:title\" content=\"Champ 33,06ha R\u00edo Bueno - Trumao, Regi\u00f3n de los R\u00edos\" \/>\n<meta property=\"og:description\" content=\"Champ de 33,06 ha et 1,1 km de berge situ\u00e9 de La Union vers la r\u00e9serve c\u00f4ti\u00e8re de Valdivia, dans un secteur appel\u00e9 Trumao.\" \/>\n<meta property=\"og:url\" content=\"https:\/\/produncan.cl\/fr\/produit\/campo-en-trumao\/\" \/>\n<meta property=\"og:site_name\" content=\"Produncan\" \/>\n<meta property=\"article:publisher\" content=\"https:\/\/web.facebook.com\/produncanland\" \/>\n<meta property=\"article:modified_time\" content=\"2025-08-19T16:21:08+00:00\" \/>\n<meta property=\"og:image\" content=\"https:\/\/produncan.cl\/wp-content\/uploads\/2023\/09\/Campo-Rio-Bueno-Vendido.webp\" \/>\n\t<meta property=\"og:image:width\" content=\"600\" \/>\n\t<meta property=\"og:image:height\" content=\"450\" \/>\n\t<meta property=\"og:image:type\" content=\"image\/webp\" \/>\n<meta name=\"twitter:card\" content=\"summary_large_image\" \/>\n<meta name=\"twitter:label1\" content=\"Price\" \/>\n\t<meta name=\"twitter:data1\" content=\"\" \/>\n\t<meta name=\"twitter:label2\" content=\"Availability\" \/>\n\t<meta name=\"twitter:data2\" content=\"Out of stock\" \/>\n<script type=\"application\/ld+json\" class=\"yoast-schema-graph\">{\"@context\":\"https:\\\/\\\/schema.org\",\"@graph\":[{\"@type\":\"WebPage\",\"@id\":\"https:\\\/\\\/produncan.cl\\\/fr\\\/produit\\\/campo-en-trumao\\\/\",\"url\":\"https:\\\/\\\/produncan.cl\\\/fr\\\/produit\\\/campo-en-trumao\\\/\",\"name\":\"Champ 33,06ha R\u00edo Bueno - Trumao, Regi\u00f3n de los R\u00edos - Produncan\",\"isPartOf\":{\"@id\":\"https:\\\/\\\/produncan.cl\\\/fr\\\/#website\"},\"primaryImageOfPage\":{\"@id\":\"https:\\\/\\\/produncan.cl\\\/fr\\\/produit\\\/campo-en-trumao\\\/#primaryimage\"},\"image\":{\"@id\":\"https:\\\/\\\/produncan.cl\\\/fr\\\/produit\\\/campo-en-trumao\\\/#primaryimage\"},\"thumbnailUrl\":\"https:\\\/\\\/produncan.cl\\\/wp-content\\\/uploads\\\/2023\\\/09\\\/Campo-Rio-Bueno-Vendido.webp\",\"datePublished\":\"2021-09-02T16:04:10+00:00\",\"dateModified\":\"2025-08-19T16:21:08+00:00\",\"description\":\"Champ de 33,06 ha et 1,1 km de berge situ\u00e9 de La Union vers la r\u00e9serve c\u00f4ti\u00e8re de Valdivia, dans un secteur appel\u00e9 Trumao.\",\"breadcrumb\":{\"@id\":\"https:\\\/\\\/produncan.cl\\\/fr\\\/produit\\\/campo-en-trumao\\\/#breadcrumb\"},\"inLanguage\":\"fr-FR\",\"potentialAction\":[{\"@type\":\"ReadAction\",\"target\":[\"https:\\\/\\\/produncan.cl\\\/fr\\\/produit\\\/campo-en-trumao\\\/\"]}]},{\"@type\":\"ImageObject\",\"inLanguage\":\"fr-FR\",\"@id\":\"https:\\\/\\\/produncan.cl\\\/fr\\\/produit\\\/campo-en-trumao\\\/#primaryimage\",\"url\":\"https:\\\/\\\/produncan.cl\\\/wp-content\\\/uploads\\\/2023\\\/09\\\/Campo-Rio-Bueno-Vendido.webp\",\"contentUrl\":\"https:\\\/\\\/produncan.cl\\\/wp-content\\\/uploads\\\/2023\\\/09\\\/Campo-Rio-Bueno-Vendido.webp\",\"width\":600,\"height\":450},{\"@type\":\"BreadcrumbList\",\"@id\":\"https:\\\/\\\/produncan.cl\\\/fr\\\/produit\\\/campo-en-trumao\\\/#breadcrumb\",\"itemListElement\":[{\"@type\":\"ListItem\",\"position\":1,\"name\":\"Inicio\",\"item\":\"https:\\\/\\\/produncan.cl\\\/fr\\\/\"},{\"@type\":\"ListItem\",\"position\":2,\"name\":\"Propri\u00e9t\u00e9s\",\"item\":\"https:\\\/\\\/produncan.cl\\\/propiedades\\\/\"},{\"@type\":\"ListItem\",\"position\":3,\"name\":\"Champs\",\"item\":\"https:\\\/\\\/produncan.cl\\\/fr\\\/cat&eacute;gorie\\\/champs\\\/\"},{\"@type\":\"ListItem\",\"position\":4,\"name\":\"Champ 33,06ha R\u00edo Bueno &#8211; Trumao, Regi\u00f3n de los R\u00edos\"}]},{\"@type\":\"WebSite\",\"@id\":\"https:\\\/\\\/produncan.cl\\\/fr\\\/#website\",\"url\":\"https:\\\/\\\/produncan.cl\\\/fr\\\/\",\"name\":\"Produncan\",\"description\":\"Nous vous accompagnons dans votre projet de vie !\",\"publisher\":{\"@id\":\"https:\\\/\\\/produncan.cl\\\/fr\\\/#organization\"},\"potentialAction\":[{\"@type\":\"SearchAction\",\"target\":{\"@type\":\"EntryPoint\",\"urlTemplate\":\"https:\\\/\\\/produncan.cl\\\/fr\\\/?s={search_term_string}\"},\"query-input\":{\"@type\":\"PropertyValueSpecification\",\"valueRequired\":true,\"valueName\":\"search_term_string\"}}],\"inLanguage\":\"fr-FR\"},{\"@type\":\"Organization\",\"@id\":\"https:\\\/\\\/produncan.cl\\\/fr\\\/#organization\",\"name\":\"Produncan\",\"url\":\"https:\\\/\\\/produncan.cl\\\/fr\\\/\",\"logo\":{\"@type\":\"ImageObject\",\"inLanguage\":\"fr-FR\",\"@id\":\"https:\\\/\\\/produncan.cl\\\/fr\\\/#\\\/schema\\\/logo\\\/image\\\/\",\"url\":\"https:\\\/\\\/produncan.cl\\\/wp-content\\\/uploads\\\/2021\\\/03\\\/LOGO.jpeg\",\"contentUrl\":\"https:\\\/\\\/produncan.cl\\\/wp-content\\\/uploads\\\/2021\\\/03\\\/LOGO.jpeg\",\"width\":1280,\"height\":903,\"caption\":\"Produncan\"},\"image\":{\"@id\":\"https:\\\/\\\/produncan.cl\\\/fr\\\/#\\\/schema\\\/logo\\\/image\\\/\"},\"sameAs\":[\"https:\\\/\\\/web.facebook.com\\\/produncanland\",\"https:\\\/\\\/www.instagram.com\\\/pro_duncan\\\/\",\"https:\\\/\\\/www.linkedin.com\\\/company\\\/produncan-lands\\\/\",\"https:\\\/\\\/www.youtube.com\\\/channel\\\/UCu7N-f3x0svkazD-Eew1-QQ\"],\"description\":\"En Produncan somos especialistas en la venta de terrenos en el sur de Chile. Proveemos estancias, campos, parcelas y hoteles.\",\"email\":\"info@produncan.cl\"}]}<\/script>\n<meta property=\"og:video\" content=\"https:\/\/www.youtube.com\/embed\/TEg8m2tj750\" \/>\n<meta property=\"og:video:type\" content=\"text\/html\" \/>\n<meta property=\"og:video:duration\" content=\"61\" \/>\n<meta property=\"og:video:width\" content=\"480\" \/>\n<meta property=\"og:video:height\" content=\"360\" \/>\n<meta property=\"ya:ovs:adult\" content=\"false\" \/>\n<meta property=\"ya:ovs:upload_date\" content=\"2021-09-02T16:04:10+00:00\" \/>\n<meta property=\"ya:ovs:allow_embed\" content=\"true\" \/>\n<meta property=\"product:price:currency\" content=\"USD\" \/>\n<meta property=\"og:availability\" content=\"out of stock\" \/>\n<meta property=\"product:availability\" content=\"out of stock\" \/>\n<meta property=\"product:condition\" content=\"new\" \/>\n<!-- \/ Yoast SEO Premium plugin. -->","yoast_head_json":{"title":"Champ 33,06ha R\u00edo Bueno - Trumao, Regi\u00f3n de los R\u00edos - Produncan","description":"Champ de 33,06 ha et 1,1 km de berge situ\u00e9 de La Union vers la r\u00e9serve c\u00f4ti\u00e8re de Valdivia, dans un secteur appel\u00e9 Trumao.","robots":{"index":"index","follow":"follow","max-snippet":"max-snippet:-1","max-image-preview":"max-image-preview:large","max-video-preview":"max-video-preview:-1"},"canonical":"https:\/\/produncan.cl\/fr\/produit\/campo-en-trumao\/","og_locale":"fr_FR","og_type":"article","og_title":"Champ 33,06ha R\u00edo Bueno - Trumao, Regi\u00f3n de los R\u00edos","og_description":"Champ de 33,06 ha et 1,1 km de berge situ\u00e9 de La Union vers la r\u00e9serve c\u00f4ti\u00e8re de Valdivia, dans un secteur appel\u00e9 Trumao.","og_url":"https:\/\/produncan.cl\/fr\/produit\/campo-en-trumao\/","og_site_name":"Produncan","article_publisher":"https:\/\/web.facebook.com\/produncanland","article_modified_time":"2025-08-19T16:21:08+00:00","og_image":[{"width":600,"height":450,"url":"https:\/\/produncan.cl\/wp-content\/uploads\/2023\/09\/Campo-Rio-Bueno-Vendido.webp","type":"image\/webp"}],"twitter_card":"summary_large_image","twitter_misc":{"Price":"","Availability":"Out of stock"},"schema":{"@context":"https:\/\/schema.org","@graph":[{"@type":"WebPage","@id":"https:\/\/produncan.cl\/fr\/produit\/campo-en-trumao\/","url":"https:\/\/produncan.cl\/fr\/produit\/campo-en-trumao\/","name":"Champ 33,06ha R\u00edo Bueno - Trumao, Regi\u00f3n de los R\u00edos - Produncan","isPartOf":{"@id":"https:\/\/produncan.cl\/fr\/#website"},"primaryImageOfPage":{"@id":"https:\/\/produncan.cl\/fr\/produit\/campo-en-trumao\/#primaryimage"},"image":{"@id":"https:\/\/produncan.cl\/fr\/produit\/campo-en-trumao\/#primaryimage"},"thumbnailUrl":"https:\/\/produncan.cl\/wp-content\/uploads\/2023\/09\/Campo-Rio-Bueno-Vendido.webp","datePublished":"2021-09-02T16:04:10+00:00","dateModified":"2025-08-19T16:21:08+00:00","description":"Champ de 33,06 ha et 1,1 km de berge situ\u00e9 de La Union vers la r\u00e9serve c\u00f4ti\u00e8re de Valdivia, dans un secteur appel\u00e9 Trumao.","breadcrumb":{"@id":"https:\/\/produncan.cl\/fr\/produit\/campo-en-trumao\/#breadcrumb"},"inLanguage":"fr-FR","potentialAction":[{"@type":"ReadAction","target":["https:\/\/produncan.cl\/fr\/produit\/campo-en-trumao\/"]}]},{"@type":"ImageObject","inLanguage":"fr-FR","@id":"https:\/\/produncan.cl\/fr\/produit\/campo-en-trumao\/#primaryimage","url":"https:\/\/produncan.cl\/wp-content\/uploads\/2023\/09\/Campo-Rio-Bueno-Vendido.webp","contentUrl":"https:\/\/produncan.cl\/wp-content\/uploads\/2023\/09\/Campo-Rio-Bueno-Vendido.webp","width":600,"height":450},{"@type":"BreadcrumbList","@id":"https:\/\/produncan.cl\/fr\/produit\/campo-en-trumao\/#breadcrumb","itemListElement":[{"@type":"ListItem","position":1,"name":"Inicio","item":"https:\/\/produncan.cl\/fr\/"},{"@type":"ListItem","position":2,"name":"Propri\u00e9t\u00e9s","item":"https:\/\/produncan.cl\/propiedades\/"},{"@type":"ListItem","position":3,"name":"Champs","item":"https:\/\/produncan.cl\/fr\/cat&eacute;gorie\/champs\/"},{"@type":"ListItem","position":4,"name":"Champ 33,06ha R\u00edo Bueno &#8211; Trumao, Regi\u00f3n de los R\u00edos"}]},{"@type":"WebSite","@id":"https:\/\/produncan.cl\/fr\/#website","url":"https:\/\/produncan.cl\/fr\/","name":"Produncan","description":"Nous vous accompagnons dans votre projet de vie !","publisher":{"@id":"https:\/\/produncan.cl\/fr\/#organization"},"potentialAction":[{"@type":"SearchAction","target":{"@type":"EntryPoint","urlTemplate":"https:\/\/produncan.cl\/fr\/?s={search_term_string}"},"query-input":{"@type":"PropertyValueSpecification","valueRequired":true,"valueName":"search_term_string"}}],"inLanguage":"fr-FR"},{"@type":"Organization","@id":"https:\/\/produncan.cl\/fr\/#organization","name":"Produncan","url":"https:\/\/produncan.cl\/fr\/","logo":{"@type":"ImageObject","inLanguage":"fr-FR","@id":"https:\/\/produncan.cl\/fr\/#\/schema\/logo\/image\/","url":"https:\/\/produncan.cl\/wp-content\/uploads\/2021\/03\/LOGO.jpeg","contentUrl":"https:\/\/produncan.cl\/wp-content\/uploads\/2021\/03\/LOGO.jpeg","width":1280,"height":903,"caption":"Produncan"},"image":{"@id":"https:\/\/produncan.cl\/fr\/#\/schema\/logo\/image\/"},"sameAs":["https:\/\/web.facebook.com\/produncanland","https:\/\/www.instagram.com\/pro_duncan\/","https:\/\/www.linkedin.com\/company\/produncan-lands\/","https:\/\/www.youtube.com\/channel\/UCu7N-f3x0svkazD-Eew1-QQ"],"description":"En Produncan somos especialistas en la venta de terrenos en el sur de Chile. Proveemos estancias, campos, parcelas y hoteles.","email":"info@produncan.cl"}]},"og_video":"https:\/\/www.youtube.com\/embed\/TEg8m2tj750","og_video_type":"text\/html","og_video_duration":"61","og_video_width":"480","og_video_height":"360","ya_ovs_adult":"false","ya_ovs_upload_date":"2021-09-02T16:04:10+00:00","ya_ovs_allow_embed":"true","product_price_currency":"USD","og_availability":"out of stock","product_availability":"out of stock","product_condition":"new"},"_links":{"self":[{"href":"https:\/\/produncan.cl\/fr\/wp-json\/wp\/v2\/product\/7458","targetHints":{"allow":["GET"]}}],"collection":[{"href":"https:\/\/produncan.cl\/fr\/wp-json\/wp\/v2\/product"}],"about":[{"href":"https:\/\/produncan.cl\/fr\/wp-json\/wp\/v2\/types\/product"}],"version-history":[{"count":0,"href":"https:\/\/produncan.cl\/fr\/wp-json\/wp\/v2\/product\/7458\/revisions"}],"wp:featuredmedia":[{"embeddable":true,"href":"https:\/\/produncan.cl\/fr\/wp-json\/wp\/v2\/media\/29065"}],"wp:attachment":[{"href":"https:\/\/produncan.cl\/fr\/wp-json\/wp\/v2\/media?parent=7458"}],"wp:term":[{"taxonomy":"product_brand","embeddable":true,"href":"https:\/\/produncan.cl\/fr\/wp-json\/wp\/v2\/product_brand?post=7458"},{"taxonomy":"product_cat","embeddable":true,"href":"https:\/\/produncan.cl\/fr\/wp-json\/wp\/v2\/product_cat?post=7458"},{"taxonomy":"product_tag","embeddable":true,"href":"https:\/\/produncan.cl\/fr\/wp-json\/wp\/v2\/product_tag?post=7458"},{"taxonomy":"regiones","embeddable":true,"href":"https:\/\/produncan.cl\/fr\/wp-json\/wp\/v2\/regiones?post=7458"},{"taxonomy":"ciudades","embeddable":true,"href":"https:\/\/produncan.cl\/fr\/wp-json\/wp\/v2\/ciudades?post=7458"}],"curies":[{"name":"wp","href":"https:\/\/api.w.org\/{rel}","templated":true}]}}