{"id":7467,"date":"2021-05-06T12:38:43","date_gmt":"2021-05-06T16:38:43","guid":{"rendered":"https:\/\/produncan.cl\/producto\/developpement-de-terrazas-de-dalcahue\/"},"modified":"2025-08-07T16:52:56","modified_gmt":"2025-08-07T20:52:56","slug":"loteo-terrazas-de-dalcahue","status":"publish","type":"product","link":"https:\/\/produncan.cl\/fr\/produit\/loteo-terrazas-de-dalcahue\/","title":{"rendered":"&#8220;Loteo Terrazas de Dalcahue &#8211; Chilo\u00e9&#8221;"},"content":{"rendered":"<p><span style=\"color: #fb1212;\"><a style=\"color: #fb1212;\" href=\"https:\/\/www.instagram.com\/tv\/CPOo1huncRL\/?hl=es-la\">REGARDER LA VID\u00c9O SUR INSTAGRAM<\/a><\/span><\/p>\n<h2>Vous souhaitez vivre \u00e0 proximit\u00e9 de l&#8217;a\u00e9roport et de la route 5 \u00e0 Chiloe ? Terrazas de Dalcahue est pour vous !<\/h2>\n<p>Le projet est situ\u00e9 sur les rives de la rivi\u00e8re Lengu\u00e9 et, au milieu des ruisseaux et des sources, de la v\u00e9g\u00e9tation indig\u00e8ne et de la for\u00eat indig\u00e8ne avec une faune abondante (pud\u00fa, chinchilla, renard chilote, pics, chucaos, martins-p\u00eacheurs, entre autres). Il est situ\u00e9 \u00e0 37 minutes du centre de Castro, \u00e0 15 minutes de l&#8217;a\u00e9roport et \u00e0 deux pas de la route 5, dans un endroit strat\u00e9gique au milieu d&#8217;un v\u00e9ritable sanctuaire naturel. Le projet comprend la fourniture de raccordements \u00e9lectriques pour chaque parcelle, une zone r\u00e9cr\u00e9ative commune avec un parc en bordure de rivi\u00e8re, d&#8217;excellentes routes int\u00e9rieures avec \u00e9clairage solaire et une p\u00e9riode de d\u00e9veloppement de 36 mois. Les prix par parcelle sont r\u00e9partis en fonction de la typologie, de la taille et des descriptions des parcelles : valeur minimale de 7 900 000 $, valeur moyenne par parcelle de 12 500 000 $ et maximum de 21 500 000 $. C&#8217;est \u00e9galement le 1er projet immobilier au Chili \u00e0 recevoir des \u20bf cryptocurrencies comme forme de paiement !<\/p>\n","protected":false},"excerpt":{"rendered":"<p>Projet id\u00e9al \u00e0 Chilo\u00e9. \u00c0 15 minutes de l&#8217;a\u00e9roport et pr\u00e8s de la Route 5.<\/p>\n","protected":false},"featured_media":6005,"template":"","meta":{"_acf_changed":false},"product_brand":[],"product_cat":[113],"product_tag":[],"regiones":[226],"ciudades":[],"class_list":{"0":"post-7467","1":"product","2":"type-product","3":"status-publish","4":"has-post-thumbnail","6":"product_cat-ohiggins-los-lagos-fr","7":"regiones-nuble-los_lagos","9":"first","10":"outofstock","11":"sold-individually","12":"shipping-taxable","13":"purchasable","14":"product-type-simple"},"acf":[],"yoast_head":"<!-- This site is optimized with the Yoast SEO Premium plugin v26.0 (Yoast SEO v27.4) - https:\/\/yoast.com\/product\/yoast-seo-premium-wordpress\/ -->\n<title>&quot;Loteo Terrazas de Dalcahue - Chilo\u00e9&quot; - Produncan<\/title>\n<meta name=\"description\" content=\"Ce projet d&#039;emplacement strat\u00e9gique est id\u00e9al pour ceux qui souhaitent vivre \u00e0 Chiloe tout en restant super bien connect\u00e9s.\" \/>\n<meta name=\"robots\" content=\"index, follow, max-snippet:-1, max-image-preview:large, max-video-preview:-1\" \/>\n<link rel=\"canonical\" href=\"https:\/\/produncan.cl\/fr\/produit\/loteo-terrazas-de-dalcahue\/\" \/>\n<meta property=\"og:locale\" content=\"fr_FR\" \/>\n<meta property=\"og:type\" content=\"article\" \/>\n<meta property=\"og:title\" content=\"&quot;Loteo Terrazas de Dalcahue - Chilo\u00e9&quot;\" \/>\n<meta property=\"og:description\" content=\"Ce projet d&#039;emplacement strat\u00e9gique est id\u00e9al pour ceux qui souhaitent vivre \u00e0 Chiloe tout en restant super bien connect\u00e9s.\" \/>\n<meta property=\"og:url\" content=\"https:\/\/produncan.cl\/fr\/produit\/loteo-terrazas-de-dalcahue\/\" \/>\n<meta property=\"og:site_name\" content=\"Produncan\" \/>\n<meta property=\"article:publisher\" content=\"https:\/\/web.facebook.com\/produncanland\" \/>\n<meta property=\"article:modified_time\" content=\"2025-08-07T20:52:56+00:00\" \/>\n<meta property=\"og:image\" content=\"https:\/\/produncan.cl\/wp-content\/uploads\/2022\/05\/Terrazas-de-Dalcahue-vendido.webp\" \/>\n\t<meta property=\"og:image:width\" content=\"600\" \/>\n\t<meta property=\"og:image:height\" content=\"450\" \/>\n\t<meta property=\"og:image:type\" content=\"image\/webp\" \/>\n<meta name=\"twitter:card\" content=\"summary_large_image\" \/>\n<meta name=\"twitter:label1\" content=\"Price\" \/>\n\t<meta name=\"twitter:data1\" content=\"USD14.200,00\" \/>\n\t<meta name=\"twitter:label2\" content=\"Availability\" \/>\n\t<meta name=\"twitter:data2\" content=\"Out of stock\" \/>\n<script type=\"application\/ld+json\" class=\"yoast-schema-graph\">{\"@context\":\"https:\\\/\\\/schema.org\",\"@graph\":[{\"@type\":\"WebPage\",\"@id\":\"https:\\\/\\\/produncan.cl\\\/fr\\\/produit\\\/loteo-terrazas-de-dalcahue\\\/\",\"url\":\"https:\\\/\\\/produncan.cl\\\/fr\\\/produit\\\/loteo-terrazas-de-dalcahue\\\/\",\"name\":\"\\\"Loteo Terrazas de Dalcahue - Chilo\u00e9\\\" - Produncan\",\"isPartOf\":{\"@id\":\"https:\\\/\\\/produncan.cl\\\/fr\\\/#website\"},\"primaryImageOfPage\":{\"@id\":\"https:\\\/\\\/produncan.cl\\\/fr\\\/produit\\\/loteo-terrazas-de-dalcahue\\\/#primaryimage\"},\"image\":{\"@id\":\"https:\\\/\\\/produncan.cl\\\/fr\\\/produit\\\/loteo-terrazas-de-dalcahue\\\/#primaryimage\"},\"thumbnailUrl\":\"https:\\\/\\\/produncan.cl\\\/wp-content\\\/uploads\\\/2022\\\/05\\\/Terrazas-de-Dalcahue-vendido.webp\",\"datePublished\":\"2021-05-06T16:38:43+00:00\",\"dateModified\":\"2025-08-07T20:52:56+00:00\",\"description\":\"Ce projet d'emplacement strat\u00e9gique est id\u00e9al pour ceux qui souhaitent vivre \u00e0 Chiloe tout en restant super bien connect\u00e9s.\",\"breadcrumb\":{\"@id\":\"https:\\\/\\\/produncan.cl\\\/fr\\\/produit\\\/loteo-terrazas-de-dalcahue\\\/#breadcrumb\"},\"inLanguage\":\"fr-FR\",\"potentialAction\":[{\"@type\":\"ReadAction\",\"target\":[\"https:\\\/\\\/produncan.cl\\\/fr\\\/produit\\\/loteo-terrazas-de-dalcahue\\\/\"]}]},{\"@type\":\"ImageObject\",\"inLanguage\":\"fr-FR\",\"@id\":\"https:\\\/\\\/produncan.cl\\\/fr\\\/produit\\\/loteo-terrazas-de-dalcahue\\\/#primaryimage\",\"url\":\"https:\\\/\\\/produncan.cl\\\/wp-content\\\/uploads\\\/2022\\\/05\\\/Terrazas-de-Dalcahue-vendido.webp\",\"contentUrl\":\"https:\\\/\\\/produncan.cl\\\/wp-content\\\/uploads\\\/2022\\\/05\\\/Terrazas-de-Dalcahue-vendido.webp\",\"width\":600,\"height\":450,\"caption\":\"Terrazas-de-Dalcahue-Vendu\"},{\"@type\":\"BreadcrumbList\",\"@id\":\"https:\\\/\\\/produncan.cl\\\/fr\\\/produit\\\/loteo-terrazas-de-dalcahue\\\/#breadcrumb\",\"itemListElement\":[{\"@type\":\"ListItem\",\"position\":1,\"name\":\"Inicio\",\"item\":\"https:\\\/\\\/produncan.cl\\\/fr\\\/\"},{\"@type\":\"ListItem\",\"position\":2,\"name\":\"Propri\u00e9t\u00e9s\",\"item\":\"https:\\\/\\\/produncan.cl\\\/propiedades\\\/\"},{\"@type\":\"ListItem\",\"position\":3,\"name\":\"&#8220;Loteo Terrazas de Dalcahue &#8211; Chilo\u00e9&#8221;\"}]},{\"@type\":\"WebSite\",\"@id\":\"https:\\\/\\\/produncan.cl\\\/fr\\\/#website\",\"url\":\"https:\\\/\\\/produncan.cl\\\/fr\\\/\",\"name\":\"Produncan\",\"description\":\"Nous vous accompagnons dans votre projet de vie !\",\"publisher\":{\"@id\":\"https:\\\/\\\/produncan.cl\\\/fr\\\/#organization\"},\"potentialAction\":[{\"@type\":\"SearchAction\",\"target\":{\"@type\":\"EntryPoint\",\"urlTemplate\":\"https:\\\/\\\/produncan.cl\\\/fr\\\/?s={search_term_string}\"},\"query-input\":{\"@type\":\"PropertyValueSpecification\",\"valueRequired\":true,\"valueName\":\"search_term_string\"}}],\"inLanguage\":\"fr-FR\"},{\"@type\":\"Organization\",\"@id\":\"https:\\\/\\\/produncan.cl\\\/fr\\\/#organization\",\"name\":\"Produncan\",\"url\":\"https:\\\/\\\/produncan.cl\\\/fr\\\/\",\"logo\":{\"@type\":\"ImageObject\",\"inLanguage\":\"fr-FR\",\"@id\":\"https:\\\/\\\/produncan.cl\\\/fr\\\/#\\\/schema\\\/logo\\\/image\\\/\",\"url\":\"https:\\\/\\\/produncan.cl\\\/wp-content\\\/uploads\\\/2021\\\/03\\\/LOGO.jpeg\",\"contentUrl\":\"https:\\\/\\\/produncan.cl\\\/wp-content\\\/uploads\\\/2021\\\/03\\\/LOGO.jpeg\",\"width\":1280,\"height\":903,\"caption\":\"Produncan\"},\"image\":{\"@id\":\"https:\\\/\\\/produncan.cl\\\/fr\\\/#\\\/schema\\\/logo\\\/image\\\/\"},\"sameAs\":[\"https:\\\/\\\/web.facebook.com\\\/produncanland\",\"https:\\\/\\\/www.instagram.com\\\/pro_duncan\\\/\",\"https:\\\/\\\/www.linkedin.com\\\/company\\\/produncan-lands\\\/\",\"https:\\\/\\\/www.youtube.com\\\/channel\\\/UCu7N-f3x0svkazD-Eew1-QQ\"],\"description\":\"En Produncan somos especialistas en la venta de terrenos en el sur de Chile. Proveemos estancias, campos, parcelas y hoteles.\",\"email\":\"info@produncan.cl\"}]}<\/script>\n<meta property=\"og:video\" content=\"https:\/\/www.youtube.com\/embed\/4SZAEusQqv8\" \/>\n<meta property=\"og:video:type\" content=\"text\/html\" \/>\n<meta property=\"og:video:duration\" content=\"61\" \/>\n<meta property=\"og:video:width\" content=\"480\" \/>\n<meta property=\"og:video:height\" content=\"360\" \/>\n<meta property=\"ya:ovs:adult\" content=\"false\" \/>\n<meta property=\"ya:ovs:upload_date\" content=\"2021-05-06T16:38:43+00:00\" \/>\n<meta property=\"ya:ovs:allow_embed\" content=\"true\" \/>\n<meta property=\"product:price:amount\" content=\"14200.00\" \/>\n<meta property=\"product:price:currency\" content=\"USD\" \/>\n<meta property=\"og:availability\" content=\"out of stock\" \/>\n<meta property=\"product:availability\" content=\"out of stock\" \/>\n<meta property=\"product:condition\" content=\"new\" \/>\n<!-- \/ Yoast SEO Premium plugin. -->","yoast_head_json":{"title":"\"Loteo Terrazas de Dalcahue - Chilo\u00e9\" - Produncan","description":"Ce projet d'emplacement strat\u00e9gique est id\u00e9al pour ceux qui souhaitent vivre \u00e0 Chiloe tout en restant super bien connect\u00e9s.","robots":{"index":"index","follow":"follow","max-snippet":"max-snippet:-1","max-image-preview":"max-image-preview:large","max-video-preview":"max-video-preview:-1"},"canonical":"https:\/\/produncan.cl\/fr\/produit\/loteo-terrazas-de-dalcahue\/","og_locale":"fr_FR","og_type":"article","og_title":"\"Loteo Terrazas de Dalcahue - Chilo\u00e9\"","og_description":"Ce projet d'emplacement strat\u00e9gique est id\u00e9al pour ceux qui souhaitent vivre \u00e0 Chiloe tout en restant super bien connect\u00e9s.","og_url":"https:\/\/produncan.cl\/fr\/produit\/loteo-terrazas-de-dalcahue\/","og_site_name":"Produncan","article_publisher":"https:\/\/web.facebook.com\/produncanland","article_modified_time":"2025-08-07T20:52:56+00:00","og_image":[{"width":600,"height":450,"url":"https:\/\/produncan.cl\/wp-content\/uploads\/2022\/05\/Terrazas-de-Dalcahue-vendido.webp","type":"image\/webp"}],"twitter_card":"summary_large_image","twitter_misc":{"Price":"USD14.200,00","Availability":"Out of stock"},"schema":{"@context":"https:\/\/schema.org","@graph":[{"@type":"WebPage","@id":"https:\/\/produncan.cl\/fr\/produit\/loteo-terrazas-de-dalcahue\/","url":"https:\/\/produncan.cl\/fr\/produit\/loteo-terrazas-de-dalcahue\/","name":"\"Loteo Terrazas de Dalcahue - Chilo\u00e9\" - Produncan","isPartOf":{"@id":"https:\/\/produncan.cl\/fr\/#website"},"primaryImageOfPage":{"@id":"https:\/\/produncan.cl\/fr\/produit\/loteo-terrazas-de-dalcahue\/#primaryimage"},"image":{"@id":"https:\/\/produncan.cl\/fr\/produit\/loteo-terrazas-de-dalcahue\/#primaryimage"},"thumbnailUrl":"https:\/\/produncan.cl\/wp-content\/uploads\/2022\/05\/Terrazas-de-Dalcahue-vendido.webp","datePublished":"2021-05-06T16:38:43+00:00","dateModified":"2025-08-07T20:52:56+00:00","description":"Ce projet d'emplacement strat\u00e9gique est id\u00e9al pour ceux qui souhaitent vivre \u00e0 Chiloe tout en restant super bien connect\u00e9s.","breadcrumb":{"@id":"https:\/\/produncan.cl\/fr\/produit\/loteo-terrazas-de-dalcahue\/#breadcrumb"},"inLanguage":"fr-FR","potentialAction":[{"@type":"ReadAction","target":["https:\/\/produncan.cl\/fr\/produit\/loteo-terrazas-de-dalcahue\/"]}]},{"@type":"ImageObject","inLanguage":"fr-FR","@id":"https:\/\/produncan.cl\/fr\/produit\/loteo-terrazas-de-dalcahue\/#primaryimage","url":"https:\/\/produncan.cl\/wp-content\/uploads\/2022\/05\/Terrazas-de-Dalcahue-vendido.webp","contentUrl":"https:\/\/produncan.cl\/wp-content\/uploads\/2022\/05\/Terrazas-de-Dalcahue-vendido.webp","width":600,"height":450,"caption":"Terrazas-de-Dalcahue-Vendu"},{"@type":"BreadcrumbList","@id":"https:\/\/produncan.cl\/fr\/produit\/loteo-terrazas-de-dalcahue\/#breadcrumb","itemListElement":[{"@type":"ListItem","position":1,"name":"Inicio","item":"https:\/\/produncan.cl\/fr\/"},{"@type":"ListItem","position":2,"name":"Propri\u00e9t\u00e9s","item":"https:\/\/produncan.cl\/propiedades\/"},{"@type":"ListItem","position":3,"name":"&#8220;Loteo Terrazas de Dalcahue &#8211; Chilo\u00e9&#8221;"}]},{"@type":"WebSite","@id":"https:\/\/produncan.cl\/fr\/#website","url":"https:\/\/produncan.cl\/fr\/","name":"Produncan","description":"Nous vous accompagnons dans votre projet de vie !","publisher":{"@id":"https:\/\/produncan.cl\/fr\/#organization"},"potentialAction":[{"@type":"SearchAction","target":{"@type":"EntryPoint","urlTemplate":"https:\/\/produncan.cl\/fr\/?s={search_term_string}"},"query-input":{"@type":"PropertyValueSpecification","valueRequired":true,"valueName":"search_term_string"}}],"inLanguage":"fr-FR"},{"@type":"Organization","@id":"https:\/\/produncan.cl\/fr\/#organization","name":"Produncan","url":"https:\/\/produncan.cl\/fr\/","logo":{"@type":"ImageObject","inLanguage":"fr-FR","@id":"https:\/\/produncan.cl\/fr\/#\/schema\/logo\/image\/","url":"https:\/\/produncan.cl\/wp-content\/uploads\/2021\/03\/LOGO.jpeg","contentUrl":"https:\/\/produncan.cl\/wp-content\/uploads\/2021\/03\/LOGO.jpeg","width":1280,"height":903,"caption":"Produncan"},"image":{"@id":"https:\/\/produncan.cl\/fr\/#\/schema\/logo\/image\/"},"sameAs":["https:\/\/web.facebook.com\/produncanland","https:\/\/www.instagram.com\/pro_duncan\/","https:\/\/www.linkedin.com\/company\/produncan-lands\/","https:\/\/www.youtube.com\/channel\/UCu7N-f3x0svkazD-Eew1-QQ"],"description":"En Produncan somos especialistas en la venta de terrenos en el sur de Chile. Proveemos estancias, campos, parcelas y hoteles.","email":"info@produncan.cl"}]},"og_video":"https:\/\/www.youtube.com\/embed\/4SZAEusQqv8","og_video_type":"text\/html","og_video_duration":"61","og_video_width":"480","og_video_height":"360","ya_ovs_adult":"false","ya_ovs_upload_date":"2021-05-06T16:38:43+00:00","ya_ovs_allow_embed":"true","product_price_amount":"14200.00","product_price_currency":"USD","og_availability":"out of stock","product_availability":"out of stock","product_condition":"new"},"_links":{"self":[{"href":"https:\/\/produncan.cl\/fr\/wp-json\/wp\/v2\/product\/7467","targetHints":{"allow":["GET"]}}],"collection":[{"href":"https:\/\/produncan.cl\/fr\/wp-json\/wp\/v2\/product"}],"about":[{"href":"https:\/\/produncan.cl\/fr\/wp-json\/wp\/v2\/types\/product"}],"version-history":[{"count":0,"href":"https:\/\/produncan.cl\/fr\/wp-json\/wp\/v2\/product\/7467\/revisions"}],"wp:featuredmedia":[{"embeddable":true,"href":"https:\/\/produncan.cl\/fr\/wp-json\/wp\/v2\/media\/6005"}],"wp:attachment":[{"href":"https:\/\/produncan.cl\/fr\/wp-json\/wp\/v2\/media?parent=7467"}],"wp:term":[{"taxonomy":"product_brand","embeddable":true,"href":"https:\/\/produncan.cl\/fr\/wp-json\/wp\/v2\/product_brand?post=7467"},{"taxonomy":"product_cat","embeddable":true,"href":"https:\/\/produncan.cl\/fr\/wp-json\/wp\/v2\/product_cat?post=7467"},{"taxonomy":"product_tag","embeddable":true,"href":"https:\/\/produncan.cl\/fr\/wp-json\/wp\/v2\/product_tag?post=7467"},{"taxonomy":"regiones","embeddable":true,"href":"https:\/\/produncan.cl\/fr\/wp-json\/wp\/v2\/regiones?post=7467"},{"taxonomy":"ciudades","embeddable":true,"href":"https:\/\/produncan.cl\/fr\/wp-json\/wp\/v2\/ciudades?post=7467"}],"curies":[{"name":"wp","href":"https:\/\/api.w.org\/{rel}","templated":true}]}}