{"id":7522,"date":"2023-05-06T12:53:58","date_gmt":"2023-05-06T16:53:58","guid":{"rendered":"https:\/\/produncan.cl\/producto\/maison-du-lac-rupanco\/"},"modified":"2025-08-19T11:10:16","modified_gmt":"2025-08-19T15:10:16","slug":"maison-lac-rupanco","status":"publish","type":"product","link":"https:\/\/produncan.cl\/fr\/produit\/maison-lac-rupanco\/","title":{"rendered":"Maison au Lac Rupanco &#8211; Osorno, R\u00e9gion de Los Lagos"},"content":{"rendered":"\t\t<div data-elementor-type=\"product-post\" data-elementor-id=\"7522\" class=\"elementor elementor-7522 elementor-1607\" data-elementor-post-type=\"product\">\n\t\t\t\t\t\t<section class=\"elementor-section elementor-top-section elementor-element elementor-element-2bf3810d elementor-section-boxed elementor-section-height-default elementor-section-height-default\" data-id=\"2bf3810d\" data-element_type=\"section\" data-e-type=\"section\" data-settings=\"{&quot;jet_parallax_layout_list&quot;:[]}\">\n\t\t\t\t\t\t<div class=\"elementor-container elementor-column-gap-default\">\n\t\t\t\t\t<div class=\"elementor-column elementor-col-100 elementor-top-column elementor-element elementor-element-5ebd7c19\" data-id=\"5ebd7c19\" data-element_type=\"column\" data-e-type=\"column\">\n\t\t\t<div class=\"elementor-widget-wrap elementor-element-populated\">\n\t\t\t\t\t\t<div class=\"elementor-element elementor-element-7367d86 elementor-widget elementor-widget-heading\" data-id=\"7367d86\" data-element_type=\"widget\" data-e-type=\"widget\" data-widget_type=\"heading.default\">\n\t\t\t\t\t<h2 class=\"elementor-heading-title elementor-size-default\">Passez vos meilleures ann\u00e9es dans cette maison au bord du lac Rupanco !<\/h2>\t\t\t\t<\/div>\n\t\t\t\t<div class=\"elementor-element elementor-element-218bccb2 elementor-widget elementor-widget-text-editor\" data-id=\"218bccb2\" data-element_type=\"widget\" data-e-type=\"widget\" data-widget_type=\"text-editor.default\">\n\t\t\t\t\t\t\t\t\t<p>Maison au sein du projet exclusif Bah\u00eda Rupanco, dans un environnement avec de beaux arbres indig\u00e8nes, des prairies parfaites et une vue sublime sur les volcans Osorno et Puntiagudo.<\/p>\n<p><span style=\"color: var( --e-global-color-text ); font-family: var( --e-global-typography-text-font-family ), Sans-serif; font-weight: var( --e-global-typography-text-font-weight );\">La maison, neuve et inutilis\u00e9e, id\u00e9ale pour les meilleures ann\u00e9es de votre vie, a une surface utilisable de 399m\u00b2 sur un terrain de 4120m\u00b2.<\/span><\/p>\n<p><span style=\"color: var( --e-global-color-text ); font-family: var( --e-global-typography-text-font-family ), Sans-serif; font-weight: var( --e-global-typography-text-font-weight );\">Elle compte 7 chambres, 7 salles de bain, une spectaculaire cuisine am\u00e9ricaine moderne, un salon, une salle \u00e0 manger, un barbecue, un salon, une buanderie, des caves et est construite avec des mat\u00e9riaux nobles et de haute qualit\u00e9.<\/span><\/p>\n<p><span style=\"color: var( --e-global-color-text ); font-family: var( --e-global-typography-text-font-family ), Sans-serif; font-weight: var( --e-global-typography-text-font-weight );\">Il a acc\u00e8s au lac Rupanco, dispose de tous les services de base et d&#8217;un tr\u00e8s bon signal.<\/span><\/p>\n<p><span style=\"color: var( --e-global-color-text ); font-family: var( --e-global-typography-text-font-family ), Sans-serif; font-weight: var( --e-global-typography-text-font-weight );\">Pr\u00e8s de l&#8217;a\u00e9roport d&#8217;Osorno Ca\u00f1al Bajo, par une route pav\u00e9e, offrant les conditions parfaites pour \u00eatre \u00e9loign\u00e9, mais en m\u00eame temps super bien connect\u00e9, id\u00e9al !<\/span><\/p>\n<p><span style=\"color: var( --e-global-color-text ); font-family: var( --e-global-typography-text-font-family ), Sans-serif; font-weight: var( --e-global-typography-text-font-weight );\">Cuisine am\u00e9ricaine, lave-vaisselle Teka 2C, plaque de cuisson \u00e0 gaz professionnelle Trotter, four \u00e9lectrique, hotte aspirante, chaudi\u00e8re \u00e9lectrique et chauffage Trotter, four \u00e0 micro-ondes FDV Deluxe Smart.<\/span><\/p>\n<ul>\n<li><span style=\"background-color: transparent; color: var( --e-global-color-text ); font-family: var( --e-global-typography-text-font-family ), Sans-serif; font-weight: var( --e-global-typography-text-font-weight );\">Mat\u00e9riaux Cuisine Carrelage en porcelaine avec bord en acajou, portes et fa\u00e7ade de tiroir en acajou, plinthe masisa en placage d&#8217;acajou, int\u00e9rieurs en m\u00e9lanine, int\u00e9rieurs en m\u00e9lanine blanche, poign\u00e9e en double T, rails t\u00e9lescopiques, bras hydrauliques.<\/span><\/li>\n<li>Mat\u00e9riaux de la salle de bains Rev\u00eatement, portes et dos en acajou, plinthe en placage d&#8217;acajou masisa, int\u00e9rieurs en m\u00e9lamine blanche, poign\u00e9e \u00e0 bouton, WC monobloc Vinciny Ecole, lavabo L.Omega, lavabo \u00e0 poser L.Omega.<\/li>\n<\/ul>\n<div>&nbsp;<\/div>\n<p>Syst\u00e8me de chauffage central par le sol \/ chaudi\u00e8re \u00e0 gaz, r\u00e9servoir d&#8217;eau et thermostats \u00e9lectroniques \/ chemin\u00e9e Bosca 27kw<\/p>\n<p><span style=\"color: var( --e-global-color-text ); font-family: var( --e-global-typography-text-font-family ), Sans-serif; font-weight: var( --e-global-typography-text-font-weight );\">Zone barbecue avec hotte et grill en b\u00e9ton arm\u00e9, briques r\u00e9fractaires.<\/span><\/p>\n<p><span style=\"color: var( --e-global-color-text ); font-family: var( --e-global-typography-text-font-family ), Sans-serif; font-weight: var( --e-global-typography-text-font-weight );\">Le prix est de 19 800 UF<\/span><\/p>\n<p><span style=\"color: var( --e-global-color-text ); font-family: var( --e-global-typography-text-font-family ), Sans-serif; font-weight: var( --e-global-typography-text-font-weight );\">NE MANQUEZ PAS L&#8217;OCCASION DE COMMENCER LA MEILLEURE \u00c9TAPE DE VOTRE VIE !<\/span><\/p>\n<p><span style=\"color: var( --e-global-color-text ); font-family: var( --e-global-typography-text-font-family ), Sans-serif; font-weight: var( --e-global-typography-text-font-weight );\">NOUS VOUS INVITONS A VISITER LA PROPRIETE POUR DEMANDER TOUTES LES SPECIFICATIONS TECHNIQUES DE LA MAISON!<\/span><\/p>\t\t\t\t\t\t\t\t<\/div>\n\t\t\t\t\t<\/div>\n\t\t<\/div>\n\t\t\t\t\t<\/div>\n\t\t<\/section>\n\t\t\t\t<\/div>\n\t\t","protected":false},"excerpt":{"rendered":"<p>Maison \u00e0 Lago Rupanco, Osorno, de 399 m\u00b2. Grande vue sur la cordill\u00e8re, acc\u00e8s partag\u00e9 au lac avec 7 parcelles, acc\u00e8s goudronn\u00e9, adjacent \u00e0 Marina de Rupanco. \u00c0 15 minutes d&#8217;Entre Lagos.  <\/p>\n","protected":false},"featured_media":5381,"template":"","meta":{"_acf_changed":false},"product_brand":[],"product_cat":[113],"product_tag":[236],"regiones":[226],"ciudades":[217],"class_list":{"0":"post-7522","1":"product","2":"type-product","3":"status-publish","4":"has-post-thumbnail","6":"product_cat-ohiggins-los-lagos-fr","7":"product_tag-parcelles","8":"regiones-nuble-los_lagos","9":"ciudades-osorno","11":"first","12":"instock","13":"sold-individually","14":"shipping-taxable","15":"purchasable","16":"product-type-simple"},"acf":[],"yoast_head":"<!-- This site is optimized with the Yoast SEO Premium plugin v26.0 (Yoast SEO v27.3) - https:\/\/yoast.com\/product\/yoast-seo-premium-wordpress\/ -->\n<title>Maison au Lac Rupanco - Osorno, R\u00e9gion de Los Lagos - Produncan<\/title>\n<meta name=\"description\" content=\"Spectaculaire maison au bord du lac Rupanco d&#039;une superficie de 399 m\u00b2 id\u00e9ale pour \u00eatre transform\u00e9e en un Lodge, sur un terrain de 4120m\u00b2 dans le meilleur secteur et vue du lac Rupanco.\" \/>\n<meta name=\"robots\" content=\"index, follow, max-snippet:-1, max-image-preview:large, max-video-preview:-1\" \/>\n<link rel=\"canonical\" href=\"https:\/\/produncan.cl\/fr\/produit\/maison-lac-rupanco\/\" \/>\n<meta property=\"og:locale\" content=\"fr_FR\" \/>\n<meta property=\"og:type\" content=\"article\" \/>\n<meta property=\"og:title\" content=\"Maison au Lac Rupanco - Osorno, R\u00e9gion de Los Lagos\" \/>\n<meta property=\"og:description\" content=\"Spectaculaire maison au bord du lac Rupanco d&#039;une superficie de 399 m\u00b2 id\u00e9ale pour \u00eatre transform\u00e9e en un Lodge, sur un terrain de 4120m\u00b2 dans le meilleur secteur et vue du lac Rupanco.\" \/>\n<meta property=\"og:url\" content=\"https:\/\/produncan.cl\/fr\/produit\/maison-lac-rupanco\/\" \/>\n<meta property=\"og:site_name\" content=\"Produncan\" \/>\n<meta property=\"article:publisher\" content=\"https:\/\/web.facebook.com\/produncanland\" \/>\n<meta property=\"article:modified_time\" content=\"2025-08-19T15:10:16+00:00\" \/>\n<meta property=\"og:image\" content=\"https:\/\/produncan.cl\/wp-content\/uploads\/2022\/05\/Casa-Lago-Rupanco-1.webp\" \/>\n\t<meta property=\"og:image:width\" content=\"600\" \/>\n\t<meta property=\"og:image:height\" content=\"450\" \/>\n\t<meta property=\"og:image:type\" content=\"image\/webp\" \/>\n<meta name=\"twitter:card\" content=\"summary_large_image\" \/>\n<meta name=\"twitter:label1\" content=\"Price\" \/>\n\t<meta name=\"twitter:data1\" content=\"USD855.500,00\" \/>\n\t<meta name=\"twitter:label2\" content=\"Availability\" \/>\n\t<meta name=\"twitter:data2\" content=\"In stock\" \/>\n<script type=\"application\/ld+json\" class=\"yoast-schema-graph\">{\"@context\":\"https:\\\/\\\/schema.org\",\"@graph\":[{\"@type\":\"WebPage\",\"@id\":\"https:\\\/\\\/produncan.cl\\\/fr\\\/produit\\\/maison-lac-rupanco\\\/\",\"url\":\"https:\\\/\\\/produncan.cl\\\/fr\\\/produit\\\/maison-lac-rupanco\\\/\",\"name\":\"Maison au Lac Rupanco - Osorno, R\u00e9gion de Los Lagos - Produncan\",\"isPartOf\":{\"@id\":\"https:\\\/\\\/produncan.cl\\\/fr\\\/#website\"},\"primaryImageOfPage\":{\"@id\":\"https:\\\/\\\/produncan.cl\\\/fr\\\/produit\\\/maison-lac-rupanco\\\/#primaryimage\"},\"image\":{\"@id\":\"https:\\\/\\\/produncan.cl\\\/fr\\\/produit\\\/maison-lac-rupanco\\\/#primaryimage\"},\"thumbnailUrl\":\"https:\\\/\\\/produncan.cl\\\/wp-content\\\/uploads\\\/2022\\\/05\\\/Casa-Lago-Rupanco-1.webp\",\"datePublished\":\"2023-05-06T16:53:58+00:00\",\"dateModified\":\"2025-08-19T15:10:16+00:00\",\"description\":\"Spectaculaire maison au bord du lac Rupanco d'une superficie de 399 m\u00b2 id\u00e9ale pour \u00eatre transform\u00e9e en un Lodge, sur un terrain de 4120m\u00b2 dans le meilleur secteur et vue du lac Rupanco.\",\"breadcrumb\":{\"@id\":\"https:\\\/\\\/produncan.cl\\\/fr\\\/produit\\\/maison-lac-rupanco\\\/#breadcrumb\"},\"inLanguage\":\"fr-FR\",\"potentialAction\":[{\"@type\":\"ReadAction\",\"target\":[\"https:\\\/\\\/produncan.cl\\\/fr\\\/produit\\\/maison-lac-rupanco\\\/\"]}]},{\"@type\":\"ImageObject\",\"inLanguage\":\"fr-FR\",\"@id\":\"https:\\\/\\\/produncan.cl\\\/fr\\\/produit\\\/maison-lac-rupanco\\\/#primaryimage\",\"url\":\"https:\\\/\\\/produncan.cl\\\/wp-content\\\/uploads\\\/2022\\\/05\\\/Casa-Lago-Rupanco-1.webp\",\"contentUrl\":\"https:\\\/\\\/produncan.cl\\\/wp-content\\\/uploads\\\/2022\\\/05\\\/Casa-Lago-Rupanco-1.webp\",\"width\":600,\"height\":450,\"caption\":\"Maison du lac Rupanco\"},{\"@type\":\"BreadcrumbList\",\"@id\":\"https:\\\/\\\/produncan.cl\\\/fr\\\/produit\\\/maison-lac-rupanco\\\/#breadcrumb\",\"itemListElement\":[{\"@type\":\"ListItem\",\"position\":1,\"name\":\"Inicio\",\"item\":\"https:\\\/\\\/produncan.cl\\\/fr\\\/\"},{\"@type\":\"ListItem\",\"position\":2,\"name\":\"Propri\u00e9t\u00e9s\",\"item\":\"https:\\\/\\\/produncan.cl\\\/propiedades\\\/\"},{\"@type\":\"ListItem\",\"position\":3,\"name\":\"Parcelles\",\"item\":\"https:\\\/\\\/produncan.cl\\\/fr\\\/cat&eacute;gorie\\\/parcelles\\\/\"},{\"@type\":\"ListItem\",\"position\":4,\"name\":\"Maison au Lac Rupanco &#8211; Osorno, R\u00e9gion de Los Lagos\"}]},{\"@type\":\"WebSite\",\"@id\":\"https:\\\/\\\/produncan.cl\\\/fr\\\/#website\",\"url\":\"https:\\\/\\\/produncan.cl\\\/fr\\\/\",\"name\":\"Produncan\",\"description\":\"Nous vous accompagnons dans votre projet de vie !\",\"publisher\":{\"@id\":\"https:\\\/\\\/produncan.cl\\\/fr\\\/#organization\"},\"potentialAction\":[{\"@type\":\"SearchAction\",\"target\":{\"@type\":\"EntryPoint\",\"urlTemplate\":\"https:\\\/\\\/produncan.cl\\\/fr\\\/?s={search_term_string}\"},\"query-input\":{\"@type\":\"PropertyValueSpecification\",\"valueRequired\":true,\"valueName\":\"search_term_string\"}}],\"inLanguage\":\"fr-FR\"},{\"@type\":\"Organization\",\"@id\":\"https:\\\/\\\/produncan.cl\\\/fr\\\/#organization\",\"name\":\"Produncan\",\"url\":\"https:\\\/\\\/produncan.cl\\\/fr\\\/\",\"logo\":{\"@type\":\"ImageObject\",\"inLanguage\":\"fr-FR\",\"@id\":\"https:\\\/\\\/produncan.cl\\\/fr\\\/#\\\/schema\\\/logo\\\/image\\\/\",\"url\":\"https:\\\/\\\/produncan.cl\\\/wp-content\\\/uploads\\\/2021\\\/03\\\/LOGO.jpeg\",\"contentUrl\":\"https:\\\/\\\/produncan.cl\\\/wp-content\\\/uploads\\\/2021\\\/03\\\/LOGO.jpeg\",\"width\":1280,\"height\":903,\"caption\":\"Produncan\"},\"image\":{\"@id\":\"https:\\\/\\\/produncan.cl\\\/fr\\\/#\\\/schema\\\/logo\\\/image\\\/\"},\"sameAs\":[\"https:\\\/\\\/web.facebook.com\\\/produncanland\",\"https:\\\/\\\/www.instagram.com\\\/pro_duncan\\\/\",\"https:\\\/\\\/www.linkedin.com\\\/company\\\/produncan-lands\\\/\",\"https:\\\/\\\/www.youtube.com\\\/channel\\\/UCu7N-f3x0svkazD-Eew1-QQ\"],\"description\":\"En Produncan somos especialistas en la venta de terrenos en el sur de Chile. Proveemos estancias, campos, parcelas y hoteles.\",\"email\":\"info@produncan.cl\"}]}<\/script>\n<meta property=\"og:video\" content=\"https:\/\/www.youtube.com\/embed\/6iix51YudeU\" \/>\n<meta property=\"og:video:type\" content=\"text\/html\" \/>\n<meta property=\"og:video:duration\" content=\"57\" \/>\n<meta property=\"og:video:width\" content=\"480\" \/>\n<meta property=\"og:video:height\" content=\"360\" \/>\n<meta property=\"ya:ovs:adult\" content=\"false\" \/>\n<meta property=\"ya:ovs:upload_date\" content=\"2023-05-06T16:53:58+00:00\" \/>\n<meta property=\"ya:ovs:allow_embed\" content=\"true\" \/>\n<meta property=\"product:price:amount\" content=\"855500.00\" \/>\n<meta property=\"product:price:currency\" content=\"USD\" \/>\n<meta property=\"og:availability\" content=\"instock\" \/>\n<meta property=\"product:availability\" content=\"instock\" \/>\n<meta property=\"product:condition\" content=\"new\" \/>\n<!-- \/ Yoast SEO Premium plugin. -->","yoast_head_json":{"title":"Maison au Lac Rupanco - Osorno, R\u00e9gion de Los Lagos - Produncan","description":"Spectaculaire maison au bord du lac Rupanco d'une superficie de 399 m\u00b2 id\u00e9ale pour \u00eatre transform\u00e9e en un Lodge, sur un terrain de 4120m\u00b2 dans le meilleur secteur et vue du lac Rupanco.","robots":{"index":"index","follow":"follow","max-snippet":"max-snippet:-1","max-image-preview":"max-image-preview:large","max-video-preview":"max-video-preview:-1"},"canonical":"https:\/\/produncan.cl\/fr\/produit\/maison-lac-rupanco\/","og_locale":"fr_FR","og_type":"article","og_title":"Maison au Lac Rupanco - Osorno, R\u00e9gion de Los Lagos","og_description":"Spectaculaire maison au bord du lac Rupanco d'une superficie de 399 m\u00b2 id\u00e9ale pour \u00eatre transform\u00e9e en un Lodge, sur un terrain de 4120m\u00b2 dans le meilleur secteur et vue du lac Rupanco.","og_url":"https:\/\/produncan.cl\/fr\/produit\/maison-lac-rupanco\/","og_site_name":"Produncan","article_publisher":"https:\/\/web.facebook.com\/produncanland","article_modified_time":"2025-08-19T15:10:16+00:00","og_image":[{"width":600,"height":450,"url":"https:\/\/produncan.cl\/wp-content\/uploads\/2022\/05\/Casa-Lago-Rupanco-1.webp","type":"image\/webp"}],"twitter_card":"summary_large_image","twitter_misc":{"Price":"USD855.500,00","Availability":"In stock"},"schema":{"@context":"https:\/\/schema.org","@graph":[{"@type":"WebPage","@id":"https:\/\/produncan.cl\/fr\/produit\/maison-lac-rupanco\/","url":"https:\/\/produncan.cl\/fr\/produit\/maison-lac-rupanco\/","name":"Maison au Lac Rupanco - Osorno, R\u00e9gion de Los Lagos - Produncan","isPartOf":{"@id":"https:\/\/produncan.cl\/fr\/#website"},"primaryImageOfPage":{"@id":"https:\/\/produncan.cl\/fr\/produit\/maison-lac-rupanco\/#primaryimage"},"image":{"@id":"https:\/\/produncan.cl\/fr\/produit\/maison-lac-rupanco\/#primaryimage"},"thumbnailUrl":"https:\/\/produncan.cl\/wp-content\/uploads\/2022\/05\/Casa-Lago-Rupanco-1.webp","datePublished":"2023-05-06T16:53:58+00:00","dateModified":"2025-08-19T15:10:16+00:00","description":"Spectaculaire maison au bord du lac Rupanco d'une superficie de 399 m\u00b2 id\u00e9ale pour \u00eatre transform\u00e9e en un Lodge, sur un terrain de 4120m\u00b2 dans le meilleur secteur et vue du lac Rupanco.","breadcrumb":{"@id":"https:\/\/produncan.cl\/fr\/produit\/maison-lac-rupanco\/#breadcrumb"},"inLanguage":"fr-FR","potentialAction":[{"@type":"ReadAction","target":["https:\/\/produncan.cl\/fr\/produit\/maison-lac-rupanco\/"]}]},{"@type":"ImageObject","inLanguage":"fr-FR","@id":"https:\/\/produncan.cl\/fr\/produit\/maison-lac-rupanco\/#primaryimage","url":"https:\/\/produncan.cl\/wp-content\/uploads\/2022\/05\/Casa-Lago-Rupanco-1.webp","contentUrl":"https:\/\/produncan.cl\/wp-content\/uploads\/2022\/05\/Casa-Lago-Rupanco-1.webp","width":600,"height":450,"caption":"Maison du lac Rupanco"},{"@type":"BreadcrumbList","@id":"https:\/\/produncan.cl\/fr\/produit\/maison-lac-rupanco\/#breadcrumb","itemListElement":[{"@type":"ListItem","position":1,"name":"Inicio","item":"https:\/\/produncan.cl\/fr\/"},{"@type":"ListItem","position":2,"name":"Propri\u00e9t\u00e9s","item":"https:\/\/produncan.cl\/propiedades\/"},{"@type":"ListItem","position":3,"name":"Parcelles","item":"https:\/\/produncan.cl\/fr\/cat&eacute;gorie\/parcelles\/"},{"@type":"ListItem","position":4,"name":"Maison au Lac Rupanco &#8211; Osorno, R\u00e9gion de Los Lagos"}]},{"@type":"WebSite","@id":"https:\/\/produncan.cl\/fr\/#website","url":"https:\/\/produncan.cl\/fr\/","name":"Produncan","description":"Nous vous accompagnons dans votre projet de vie !","publisher":{"@id":"https:\/\/produncan.cl\/fr\/#organization"},"potentialAction":[{"@type":"SearchAction","target":{"@type":"EntryPoint","urlTemplate":"https:\/\/produncan.cl\/fr\/?s={search_term_string}"},"query-input":{"@type":"PropertyValueSpecification","valueRequired":true,"valueName":"search_term_string"}}],"inLanguage":"fr-FR"},{"@type":"Organization","@id":"https:\/\/produncan.cl\/fr\/#organization","name":"Produncan","url":"https:\/\/produncan.cl\/fr\/","logo":{"@type":"ImageObject","inLanguage":"fr-FR","@id":"https:\/\/produncan.cl\/fr\/#\/schema\/logo\/image\/","url":"https:\/\/produncan.cl\/wp-content\/uploads\/2021\/03\/LOGO.jpeg","contentUrl":"https:\/\/produncan.cl\/wp-content\/uploads\/2021\/03\/LOGO.jpeg","width":1280,"height":903,"caption":"Produncan"},"image":{"@id":"https:\/\/produncan.cl\/fr\/#\/schema\/logo\/image\/"},"sameAs":["https:\/\/web.facebook.com\/produncanland","https:\/\/www.instagram.com\/pro_duncan\/","https:\/\/www.linkedin.com\/company\/produncan-lands\/","https:\/\/www.youtube.com\/channel\/UCu7N-f3x0svkazD-Eew1-QQ"],"description":"En Produncan somos especialistas en la venta de terrenos en el sur de Chile. Proveemos estancias, campos, parcelas y hoteles.","email":"info@produncan.cl"}]},"og_video":"https:\/\/www.youtube.com\/embed\/6iix51YudeU","og_video_type":"text\/html","og_video_duration":"57","og_video_width":"480","og_video_height":"360","ya_ovs_adult":"false","ya_ovs_upload_date":"2023-05-06T16:53:58+00:00","ya_ovs_allow_embed":"true","product_price_amount":"855500.00","product_price_currency":"USD","og_availability":"instock","product_availability":"instock","product_condition":"new"},"_links":{"self":[{"href":"https:\/\/produncan.cl\/fr\/wp-json\/wp\/v2\/product\/7522","targetHints":{"allow":["GET"]}}],"collection":[{"href":"https:\/\/produncan.cl\/fr\/wp-json\/wp\/v2\/product"}],"about":[{"href":"https:\/\/produncan.cl\/fr\/wp-json\/wp\/v2\/types\/product"}],"version-history":[{"count":0,"href":"https:\/\/produncan.cl\/fr\/wp-json\/wp\/v2\/product\/7522\/revisions"}],"wp:featuredmedia":[{"embeddable":true,"href":"https:\/\/produncan.cl\/fr\/wp-json\/wp\/v2\/media\/5381"}],"wp:attachment":[{"href":"https:\/\/produncan.cl\/fr\/wp-json\/wp\/v2\/media?parent=7522"}],"wp:term":[{"taxonomy":"product_brand","embeddable":true,"href":"https:\/\/produncan.cl\/fr\/wp-json\/wp\/v2\/product_brand?post=7522"},{"taxonomy":"product_cat","embeddable":true,"href":"https:\/\/produncan.cl\/fr\/wp-json\/wp\/v2\/product_cat?post=7522"},{"taxonomy":"product_tag","embeddable":true,"href":"https:\/\/produncan.cl\/fr\/wp-json\/wp\/v2\/product_tag?post=7522"},{"taxonomy":"regiones","embeddable":true,"href":"https:\/\/produncan.cl\/fr\/wp-json\/wp\/v2\/regiones?post=7522"},{"taxonomy":"ciudades","embeddable":true,"href":"https:\/\/produncan.cl\/fr\/wp-json\/wp\/v2\/ciudades?post=7522"}],"curies":[{"name":"wp","href":"https:\/\/api.w.org\/{rel}","templated":true}]}}