{"id":7555,"date":"2024-05-06T12:02:14","date_gmt":"2024-05-06T16:02:14","guid":{"rendered":"https:\/\/produncan.cl\/producto\/terrains-hacienda-del-lago\/"},"modified":"2025-11-28T14:04:31","modified_gmt":"2025-11-28T17:04:31","slug":"parcelas-hacienda-del-lago","status":"publish","type":"product","link":"https:\/\/produncan.cl\/fr\/produit\/parcelas-hacienda-del-lago\/","title":{"rendered":"Terrains \u00e0 Frutillar &#8211; Hacienda del Lago, R\u00e9gion des lacs, R\u00e9gion de Los Lagos"},"content":{"rendered":"\t\t<div data-elementor-type=\"product-post\" data-elementor-id=\"7555\" class=\"elementor elementor-7555 elementor-1579\" data-elementor-post-type=\"product\">\n\t\t\t\t\t\t<section class=\"elementor-section elementor-top-section elementor-element elementor-element-40b86621 elementor-section-boxed elementor-section-height-default elementor-section-height-default\" data-id=\"40b86621\" data-element_type=\"section\" data-e-type=\"section\" data-settings=\"{&quot;jet_parallax_layout_list&quot;:[]}\">\n\t\t\t\t\t\t<div class=\"elementor-container elementor-column-gap-default\">\n\t\t\t\t\t<div class=\"elementor-column elementor-col-100 elementor-top-column elementor-element elementor-element-32bffd76\" data-id=\"32bffd76\" data-element_type=\"column\" data-e-type=\"column\">\n\t\t\t<div class=\"elementor-widget-wrap elementor-element-populated\">\n\t\t\t\t\t\t<div class=\"elementor-element elementor-element-5f312cf9 elementor-widget elementor-widget-text-editor\" data-id=\"5f312cf9\" data-element_type=\"widget\" data-e-type=\"widget\" data-widget_type=\"text-editor.default\">\n\t\t\t\t\t\t\t\t\t<h2>\u00c0 Frutillar, j&#8217;ai une qualit\u00e9 de vie spectaculaire !<\/h2>\n<p><span style=\"color: var( --e-global-color-text ); font-family: var( --e-global-typography-text-font-family ), Sans-serif; font-weight: var( --e-global-typography-text-font-weight ); font-size: 1rem;\">Terrains \u00e0 Frutillar avec de belles vues<\/span><span style=\"color: var( --e-global-color-text ); font-family: var( --e-global-typography-text-font-family ), Sans-serif; font-weight: var( --e-global-typography-text-font-weight ); font-size: 1rem;\">&nbsp;sur le lac Llanquihue, les volcans et les vieux arbres comme les lauriers et les ch\u00eanes qui donnent du charme \u00e0 l&#8217;endroit.<\/span><\/p>\n<p><span style=\"color: var( --e-global-color-text ); font-family: var( --e-global-typography-text-font-family ), Sans-serif; font-weight: var( --e-global-typography-text-font-weight );\">D\u00e9velopp\u00e9s par des architectes et des paysagistes de renom. Il dispose d&#8217;une urbanisation souterraine, d&#8217;un \u00e9clairage routier, d&#8217;un portail et d&#8217;une porte d&#8217;entr\u00e9e \u00e0 commande automatique.<\/span><\/p>\n<p>Elle poss\u00e8de des autorisations du service de sant\u00e9 pour l&#8217;eau et de la surintendance de l&#8217;\u00e9lectricit\u00e9 pour l&#8217;\u00e9lectricit\u00e9. Important pour l&#8217;acc\u00e8s au cr\u00e9dit bancaire.<\/p>\n<p>Il existe plusieurs alternatives dans les environs :<\/p>\n<ul>\n<li>Le Patagonia Virgen Golf Club, d\u00e9velopp\u00e9 par le c\u00e9l\u00e8bre golfeur Nicklaus, est situ\u00e9 \u00e0 3 km et la Marina est \u00e0 5 km, \u00e0 c\u00f4t\u00e9 de la plage du m\u00eame projet.<\/li>\n<li>Le centre de vacances de la Caja los Andes se trouve \u00e0 seulement 6 km. Il dispose de nombreuses installations qui peuvent \u00eatre utilis\u00e9es sans n\u00e9cessairement y s\u00e9journer, comme des courts de tennis, une piscine ext\u00e9rieure et chauff\u00e9e, des installations de barbecue, une jet\u00e9e avec mise \u00e0 l&#8217;eau des bateaux, etc.<\/li>\n<li>Le club de gymnastique de Llanquihue est situ\u00e9 \u00e0 5 km et poss\u00e8de une belle plage avec une rampe de mise \u00e0 l&#8217;eau et un terrain polyvalent pour les sports.<\/li>\n<\/ul>\n<div>&nbsp;<\/div>\n<p>Le projet dispose de diff\u00e9rents acc\u00e8s qui rendent sa connectivit\u00e9 facile. On peut y acc\u00e9der directement depuis la Ruta 5 Sur, depuis Frutillar, depuis l&#8217;entr\u00e9e de Totoral ou depuis Llanquihue.<\/p>\n<p><span style=\"color: var( --e-global-color-text ); font-family: var( --e-global-typography-text-font-family ), Sans-serif; font-weight: var( --e-global-typography-text-font-weight );\">L&#8217;a\u00e9roport est facilement accessible en 45 minutes depuis l&#8217;autoroute 5 Sud. La propri\u00e9t\u00e9 a un r\u00e8glement de copropri\u00e9t\u00e9 enregistr\u00e9 aupr\u00e8s du Conservador. En plus de cela, il existe un comit\u00e9 d&#8217;architecture qui vise les projets.<\/span><\/p>\n<p>Les parcelles ont les cl\u00f4tures frontales d\u00e9j\u00e0 install\u00e9es, qui doivent \u00eatre ensuite recouvertes d&#8217;arbustes selon le choix de chaque propri\u00e9taire. <br>A fin de donner plus d&#8217; ordre et d&#8217;harmonie aux chemins et aux fa\u00e7ades desparcelles.<\/p>\n<p>Distance des principaux environs : 7 km de Llanquihue, 12 km de Puerto Varas, Frutillar 3 km de route en gravier ou 5 km d&#8217;asphalte.<\/p>\n<p><span style=\"color: var( --e-global-color-text ); font-family: var( --e-global-typography-text-font-family ), Sans-serif; font-weight: var( --e-global-typography-text-font-weight );\">Le prix varie entre UF4200<\/span><\/p>\n<p><\/p>\t\t\t\t\t\t\t\t<\/div>\n\t\t\t\t\t<\/div>\n\t\t<\/div>\n\t\t\t\t\t<\/div>\n\t\t<\/section>\n\t\t\t\t<\/div>\n\t\t","protected":false},"excerpt":{"rendered":"<p>Parcelles \u00e0 Frutillar dans un projet exclusif consolid\u00e9 avec \u00e9lectricit\u00e9 souterraine, eau potable, am\u00e9nagement paysager, vues sur les montagnes et acc\u00e8s asphalt\u00e9.<\/p>\n","protected":false},"featured_media":5617,"template":"","meta":{"_acf_changed":false},"product_brand":[],"product_cat":[113],"product_tag":[236],"regiones":[226],"ciudades":[228],"class_list":{"0":"post-7555","1":"product","2":"type-product","3":"status-publish","4":"has-post-thumbnail","6":"product_cat-ohiggins-los-lagos-fr","7":"product_tag-parcelles","8":"regiones-nuble-los_lagos","9":"ciudades-frutillar","11":"first","12":"instock","13":"sold-individually","14":"shipping-taxable","15":"purchasable","16":"product-type-simple"},"acf":[],"yoast_head":"<!-- This site is optimized with the Yoast SEO Premium plugin v26.0 (Yoast SEO v27.3) - https:\/\/yoast.com\/product\/yoast-seo-premium-wordpress\/ -->\n<title>Terrains \u00e0 Frutillar - Hacienda del Lago, R\u00e9gion des lacs, R\u00e9gion de Los Lagos - Produncan<\/title>\n<meta name=\"description\" content=\"Hacienda del Lago, un terrain \u00e0 Frutillar am\u00e9nag\u00e9 par des architectes paysagistes de renom qui ont r\u00e9ussi \u00e0 maintenir harmonieusement l&#039;environnement naturel.\" \/>\n<meta name=\"robots\" content=\"index, follow, max-snippet:-1, max-image-preview:large, max-video-preview:-1\" \/>\n<link rel=\"canonical\" href=\"https:\/\/produncan.cl\/fr\/produit\/parcelas-hacienda-del-lago\/\" \/>\n<meta property=\"og:locale\" content=\"fr_FR\" \/>\n<meta property=\"og:type\" content=\"article\" \/>\n<meta property=\"og:title\" content=\"Terrains \u00e0 Frutillar - Hacienda del Lago, R\u00e9gion des lacs, R\u00e9gion de Los Lagos\" \/>\n<meta property=\"og:description\" content=\"Hacienda del Lago, un terrain \u00e0 Frutillar am\u00e9nag\u00e9 par des architectes paysagistes de renom qui ont r\u00e9ussi \u00e0 maintenir harmonieusement l&#039;environnement naturel.\" \/>\n<meta property=\"og:url\" content=\"https:\/\/produncan.cl\/fr\/produit\/parcelas-hacienda-del-lago\/\" \/>\n<meta property=\"og:site_name\" content=\"Produncan\" \/>\n<meta property=\"article:publisher\" content=\"https:\/\/web.facebook.com\/produncanland\" \/>\n<meta property=\"article:modified_time\" content=\"2025-11-28T17:04:31+00:00\" \/>\n<meta property=\"og:image\" content=\"https:\/\/produncan.cl\/wp-content\/uploads\/2022\/05\/Parcelas-Hacienda-del-Lago.webp\" \/>\n\t<meta property=\"og:image:width\" content=\"600\" \/>\n\t<meta property=\"og:image:height\" content=\"450\" \/>\n\t<meta property=\"og:image:type\" content=\"image\/webp\" \/>\n<meta name=\"twitter:card\" content=\"summary_large_image\" \/>\n<meta name=\"twitter:label1\" content=\"Price\" \/>\n\t<meta name=\"twitter:data1\" content=\"USD179.400,00\" \/>\n\t<meta name=\"twitter:label2\" content=\"Availability\" \/>\n\t<meta name=\"twitter:data2\" content=\"In stock\" \/>\n<script type=\"application\/ld+json\" class=\"yoast-schema-graph\">{\"@context\":\"https:\\\/\\\/schema.org\",\"@graph\":[{\"@type\":\"WebPage\",\"@id\":\"https:\\\/\\\/produncan.cl\\\/fr\\\/produit\\\/parcelas-hacienda-del-lago\\\/\",\"url\":\"https:\\\/\\\/produncan.cl\\\/fr\\\/produit\\\/parcelas-hacienda-del-lago\\\/\",\"name\":\"Terrains \u00e0 Frutillar - Hacienda del Lago, R\u00e9gion des lacs, R\u00e9gion de Los Lagos - Produncan\",\"isPartOf\":{\"@id\":\"https:\\\/\\\/produncan.cl\\\/fr\\\/#website\"},\"primaryImageOfPage\":{\"@id\":\"https:\\\/\\\/produncan.cl\\\/fr\\\/produit\\\/parcelas-hacienda-del-lago\\\/#primaryimage\"},\"image\":{\"@id\":\"https:\\\/\\\/produncan.cl\\\/fr\\\/produit\\\/parcelas-hacienda-del-lago\\\/#primaryimage\"},\"thumbnailUrl\":\"https:\\\/\\\/produncan.cl\\\/wp-content\\\/uploads\\\/2022\\\/05\\\/Parcelas-Hacienda-del-Lago.webp\",\"datePublished\":\"2024-05-06T16:02:14+00:00\",\"dateModified\":\"2025-11-28T17:04:31+00:00\",\"description\":\"Hacienda del Lago, un terrain \u00e0 Frutillar am\u00e9nag\u00e9 par des architectes paysagistes de renom qui ont r\u00e9ussi \u00e0 maintenir harmonieusement l'environnement naturel.\",\"breadcrumb\":{\"@id\":\"https:\\\/\\\/produncan.cl\\\/fr\\\/produit\\\/parcelas-hacienda-del-lago\\\/#breadcrumb\"},\"inLanguage\":\"fr-FR\",\"potentialAction\":[{\"@type\":\"ReadAction\",\"target\":[\"https:\\\/\\\/produncan.cl\\\/fr\\\/produit\\\/parcelas-hacienda-del-lago\\\/\"]}]},{\"@type\":\"ImageObject\",\"inLanguage\":\"fr-FR\",\"@id\":\"https:\\\/\\\/produncan.cl\\\/fr\\\/produit\\\/parcelas-hacienda-del-lago\\\/#primaryimage\",\"url\":\"https:\\\/\\\/produncan.cl\\\/wp-content\\\/uploads\\\/2022\\\/05\\\/Parcelas-Hacienda-del-Lago.webp\",\"contentUrl\":\"https:\\\/\\\/produncan.cl\\\/wp-content\\\/uploads\\\/2022\\\/05\\\/Parcelas-Hacienda-del-Lago.webp\",\"width\":600,\"height\":450,\"caption\":\"Hacienda del Lago\"},{\"@type\":\"BreadcrumbList\",\"@id\":\"https:\\\/\\\/produncan.cl\\\/fr\\\/produit\\\/parcelas-hacienda-del-lago\\\/#breadcrumb\",\"itemListElement\":[{\"@type\":\"ListItem\",\"position\":1,\"name\":\"Inicio\",\"item\":\"https:\\\/\\\/produncan.cl\\\/fr\\\/\"},{\"@type\":\"ListItem\",\"position\":2,\"name\":\"Propri\u00e9t\u00e9s\",\"item\":\"https:\\\/\\\/produncan.cl\\\/propiedades\\\/\"},{\"@type\":\"ListItem\",\"position\":3,\"name\":\"Parcelles\",\"item\":\"https:\\\/\\\/produncan.cl\\\/fr\\\/cat&eacute;gorie\\\/parcelles\\\/\"},{\"@type\":\"ListItem\",\"position\":4,\"name\":\"Terrains \u00e0 Frutillar &#8211; Hacienda del Lago, R\u00e9gion des lacs, R\u00e9gion de Los Lagos\"}]},{\"@type\":\"WebSite\",\"@id\":\"https:\\\/\\\/produncan.cl\\\/fr\\\/#website\",\"url\":\"https:\\\/\\\/produncan.cl\\\/fr\\\/\",\"name\":\"Produncan\",\"description\":\"Nous vous accompagnons dans votre projet de vie !\",\"publisher\":{\"@id\":\"https:\\\/\\\/produncan.cl\\\/fr\\\/#organization\"},\"potentialAction\":[{\"@type\":\"SearchAction\",\"target\":{\"@type\":\"EntryPoint\",\"urlTemplate\":\"https:\\\/\\\/produncan.cl\\\/fr\\\/?s={search_term_string}\"},\"query-input\":{\"@type\":\"PropertyValueSpecification\",\"valueRequired\":true,\"valueName\":\"search_term_string\"}}],\"inLanguage\":\"fr-FR\"},{\"@type\":\"Organization\",\"@id\":\"https:\\\/\\\/produncan.cl\\\/fr\\\/#organization\",\"name\":\"Produncan\",\"url\":\"https:\\\/\\\/produncan.cl\\\/fr\\\/\",\"logo\":{\"@type\":\"ImageObject\",\"inLanguage\":\"fr-FR\",\"@id\":\"https:\\\/\\\/produncan.cl\\\/fr\\\/#\\\/schema\\\/logo\\\/image\\\/\",\"url\":\"https:\\\/\\\/produncan.cl\\\/wp-content\\\/uploads\\\/2021\\\/03\\\/LOGO.jpeg\",\"contentUrl\":\"https:\\\/\\\/produncan.cl\\\/wp-content\\\/uploads\\\/2021\\\/03\\\/LOGO.jpeg\",\"width\":1280,\"height\":903,\"caption\":\"Produncan\"},\"image\":{\"@id\":\"https:\\\/\\\/produncan.cl\\\/fr\\\/#\\\/schema\\\/logo\\\/image\\\/\"},\"sameAs\":[\"https:\\\/\\\/web.facebook.com\\\/produncanland\",\"https:\\\/\\\/www.instagram.com\\\/pro_duncan\\\/\",\"https:\\\/\\\/www.linkedin.com\\\/company\\\/produncan-lands\\\/\",\"https:\\\/\\\/www.youtube.com\\\/channel\\\/UCu7N-f3x0svkazD-Eew1-QQ\"],\"description\":\"En Produncan somos especialistas en la venta de terrenos en el sur de Chile. Proveemos estancias, campos, parcelas y hoteles.\",\"email\":\"info@produncan.cl\"}]}<\/script>\n<meta property=\"og:video\" content=\"https:\/\/www.youtube.com\/embed\/OywuyNTDZt0\" \/>\n<meta property=\"og:video:type\" content=\"text\/html\" \/>\n<meta property=\"og:video:duration\" content=\"61\" \/>\n<meta property=\"og:video:width\" content=\"480\" \/>\n<meta property=\"og:video:height\" content=\"360\" \/>\n<meta property=\"ya:ovs:adult\" content=\"false\" \/>\n<meta property=\"ya:ovs:upload_date\" content=\"2024-05-06T16:02:14+00:00\" \/>\n<meta property=\"ya:ovs:allow_embed\" content=\"true\" \/>\n<meta property=\"product:price:amount\" content=\"179400.00\" \/>\n<meta property=\"product:price:currency\" content=\"USD\" \/>\n<meta property=\"og:availability\" content=\"instock\" \/>\n<meta property=\"product:availability\" content=\"instock\" \/>\n<meta property=\"product:condition\" content=\"new\" \/>\n<!-- \/ Yoast SEO Premium plugin. -->","yoast_head_json":{"title":"Terrains \u00e0 Frutillar - Hacienda del Lago, R\u00e9gion des lacs, R\u00e9gion de Los Lagos - Produncan","description":"Hacienda del Lago, un terrain \u00e0 Frutillar am\u00e9nag\u00e9 par des architectes paysagistes de renom qui ont r\u00e9ussi \u00e0 maintenir harmonieusement l'environnement naturel.","robots":{"index":"index","follow":"follow","max-snippet":"max-snippet:-1","max-image-preview":"max-image-preview:large","max-video-preview":"max-video-preview:-1"},"canonical":"https:\/\/produncan.cl\/fr\/produit\/parcelas-hacienda-del-lago\/","og_locale":"fr_FR","og_type":"article","og_title":"Terrains \u00e0 Frutillar - Hacienda del Lago, R\u00e9gion des lacs, R\u00e9gion de Los Lagos","og_description":"Hacienda del Lago, un terrain \u00e0 Frutillar am\u00e9nag\u00e9 par des architectes paysagistes de renom qui ont r\u00e9ussi \u00e0 maintenir harmonieusement l'environnement naturel.","og_url":"https:\/\/produncan.cl\/fr\/produit\/parcelas-hacienda-del-lago\/","og_site_name":"Produncan","article_publisher":"https:\/\/web.facebook.com\/produncanland","article_modified_time":"2025-11-28T17:04:31+00:00","og_image":[{"width":600,"height":450,"url":"https:\/\/produncan.cl\/wp-content\/uploads\/2022\/05\/Parcelas-Hacienda-del-Lago.webp","type":"image\/webp"}],"twitter_card":"summary_large_image","twitter_misc":{"Price":"USD179.400,00","Availability":"In stock"},"schema":{"@context":"https:\/\/schema.org","@graph":[{"@type":"WebPage","@id":"https:\/\/produncan.cl\/fr\/produit\/parcelas-hacienda-del-lago\/","url":"https:\/\/produncan.cl\/fr\/produit\/parcelas-hacienda-del-lago\/","name":"Terrains \u00e0 Frutillar - Hacienda del Lago, R\u00e9gion des lacs, R\u00e9gion de Los Lagos - Produncan","isPartOf":{"@id":"https:\/\/produncan.cl\/fr\/#website"},"primaryImageOfPage":{"@id":"https:\/\/produncan.cl\/fr\/produit\/parcelas-hacienda-del-lago\/#primaryimage"},"image":{"@id":"https:\/\/produncan.cl\/fr\/produit\/parcelas-hacienda-del-lago\/#primaryimage"},"thumbnailUrl":"https:\/\/produncan.cl\/wp-content\/uploads\/2022\/05\/Parcelas-Hacienda-del-Lago.webp","datePublished":"2024-05-06T16:02:14+00:00","dateModified":"2025-11-28T17:04:31+00:00","description":"Hacienda del Lago, un terrain \u00e0 Frutillar am\u00e9nag\u00e9 par des architectes paysagistes de renom qui ont r\u00e9ussi \u00e0 maintenir harmonieusement l'environnement naturel.","breadcrumb":{"@id":"https:\/\/produncan.cl\/fr\/produit\/parcelas-hacienda-del-lago\/#breadcrumb"},"inLanguage":"fr-FR","potentialAction":[{"@type":"ReadAction","target":["https:\/\/produncan.cl\/fr\/produit\/parcelas-hacienda-del-lago\/"]}]},{"@type":"ImageObject","inLanguage":"fr-FR","@id":"https:\/\/produncan.cl\/fr\/produit\/parcelas-hacienda-del-lago\/#primaryimage","url":"https:\/\/produncan.cl\/wp-content\/uploads\/2022\/05\/Parcelas-Hacienda-del-Lago.webp","contentUrl":"https:\/\/produncan.cl\/wp-content\/uploads\/2022\/05\/Parcelas-Hacienda-del-Lago.webp","width":600,"height":450,"caption":"Hacienda del Lago"},{"@type":"BreadcrumbList","@id":"https:\/\/produncan.cl\/fr\/produit\/parcelas-hacienda-del-lago\/#breadcrumb","itemListElement":[{"@type":"ListItem","position":1,"name":"Inicio","item":"https:\/\/produncan.cl\/fr\/"},{"@type":"ListItem","position":2,"name":"Propri\u00e9t\u00e9s","item":"https:\/\/produncan.cl\/propiedades\/"},{"@type":"ListItem","position":3,"name":"Parcelles","item":"https:\/\/produncan.cl\/fr\/cat&eacute;gorie\/parcelles\/"},{"@type":"ListItem","position":4,"name":"Terrains \u00e0 Frutillar &#8211; Hacienda del Lago, R\u00e9gion des lacs, R\u00e9gion de Los Lagos"}]},{"@type":"WebSite","@id":"https:\/\/produncan.cl\/fr\/#website","url":"https:\/\/produncan.cl\/fr\/","name":"Produncan","description":"Nous vous accompagnons dans votre projet de vie !","publisher":{"@id":"https:\/\/produncan.cl\/fr\/#organization"},"potentialAction":[{"@type":"SearchAction","target":{"@type":"EntryPoint","urlTemplate":"https:\/\/produncan.cl\/fr\/?s={search_term_string}"},"query-input":{"@type":"PropertyValueSpecification","valueRequired":true,"valueName":"search_term_string"}}],"inLanguage":"fr-FR"},{"@type":"Organization","@id":"https:\/\/produncan.cl\/fr\/#organization","name":"Produncan","url":"https:\/\/produncan.cl\/fr\/","logo":{"@type":"ImageObject","inLanguage":"fr-FR","@id":"https:\/\/produncan.cl\/fr\/#\/schema\/logo\/image\/","url":"https:\/\/produncan.cl\/wp-content\/uploads\/2021\/03\/LOGO.jpeg","contentUrl":"https:\/\/produncan.cl\/wp-content\/uploads\/2021\/03\/LOGO.jpeg","width":1280,"height":903,"caption":"Produncan"},"image":{"@id":"https:\/\/produncan.cl\/fr\/#\/schema\/logo\/image\/"},"sameAs":["https:\/\/web.facebook.com\/produncanland","https:\/\/www.instagram.com\/pro_duncan\/","https:\/\/www.linkedin.com\/company\/produncan-lands\/","https:\/\/www.youtube.com\/channel\/UCu7N-f3x0svkazD-Eew1-QQ"],"description":"En Produncan somos especialistas en la venta de terrenos en el sur de Chile. Proveemos estancias, campos, parcelas y hoteles.","email":"info@produncan.cl"}]},"og_video":"https:\/\/www.youtube.com\/embed\/OywuyNTDZt0","og_video_type":"text\/html","og_video_duration":"61","og_video_width":"480","og_video_height":"360","ya_ovs_adult":"false","ya_ovs_upload_date":"2024-05-06T16:02:14+00:00","ya_ovs_allow_embed":"true","product_price_amount":"179400.00","product_price_currency":"USD","og_availability":"instock","product_availability":"instock","product_condition":"new"},"_links":{"self":[{"href":"https:\/\/produncan.cl\/fr\/wp-json\/wp\/v2\/product\/7555","targetHints":{"allow":["GET"]}}],"collection":[{"href":"https:\/\/produncan.cl\/fr\/wp-json\/wp\/v2\/product"}],"about":[{"href":"https:\/\/produncan.cl\/fr\/wp-json\/wp\/v2\/types\/product"}],"version-history":[{"count":1,"href":"https:\/\/produncan.cl\/fr\/wp-json\/wp\/v2\/product\/7555\/revisions"}],"predecessor-version":[{"id":52519,"href":"https:\/\/produncan.cl\/fr\/wp-json\/wp\/v2\/product\/7555\/revisions\/52519"}],"wp:featuredmedia":[{"embeddable":true,"href":"https:\/\/produncan.cl\/fr\/wp-json\/wp\/v2\/media\/5617"}],"wp:attachment":[{"href":"https:\/\/produncan.cl\/fr\/wp-json\/wp\/v2\/media?parent=7555"}],"wp:term":[{"taxonomy":"product_brand","embeddable":true,"href":"https:\/\/produncan.cl\/fr\/wp-json\/wp\/v2\/product_brand?post=7555"},{"taxonomy":"product_cat","embeddable":true,"href":"https:\/\/produncan.cl\/fr\/wp-json\/wp\/v2\/product_cat?post=7555"},{"taxonomy":"product_tag","embeddable":true,"href":"https:\/\/produncan.cl\/fr\/wp-json\/wp\/v2\/product_tag?post=7555"},{"taxonomy":"regiones","embeddable":true,"href":"https:\/\/produncan.cl\/fr\/wp-json\/wp\/v2\/regiones?post=7555"},{"taxonomy":"ciudades","embeddable":true,"href":"https:\/\/produncan.cl\/fr\/wp-json\/wp\/v2\/ciudades?post=7555"}],"curies":[{"name":"wp","href":"https:\/\/api.w.org\/{rel}","templated":true}]}}