{"id":7578,"date":"2021-05-06T12:24:44","date_gmt":"2021-05-06T16:24:44","guid":{"rendered":"https:\/\/produncan.cl\/producto\/camp-el-manio-fresia\/"},"modified":"2025-08-07T16:52:59","modified_gmt":"2025-08-07T20:52:59","slug":"campo-el-manio-fresia","status":"publish","type":"product","link":"https:\/\/produncan.cl\/fr\/produit\/campo-el-manio-fresia\/","title":{"rendered":"&#8220;Champ 40ha El Ma\u00f1io Fresia &#8211; R\u00e9gion des Lacs&#8221;"},"content":{"rendered":"<p><span style=\"color: #fb1212;\"><a style=\"color: #fb1212;\" href=\"https:\/\/www.instagram.com\/tv\/COqtxp-nJJW\/?hl=es-la\" target=\"_blank\" rel=\"noopener\">REGARDER LA VID\u00c9O SUR INSTAGRAM<\/a><\/span><\/p>\n<h2>Cette ferme de 40 ha est \u00e9quip\u00e9e pour que vous puissiez vous y installer imm\u00e9diatement !<\/h2>\n<p>Il se trouve \u00e0 1 heure \u00e0 l&#8217;ouest de Puerto Varas et peut \u00eatre atteint depuis Estaci\u00f3n R\u00edo Frio, Los Muermos ou Fresia via une route pav\u00e9e jusqu&#8217;\u00e0 5Kms du site. Ensuite, vous devez continuer sur une route de gravier, en bon \u00e9tat, qui sera bient\u00f4t en grande partie pav\u00e9e.<\/p>\n<p>La ferme dispose d&#8217;une maison en bardeaux de m\u00e9l\u00e8ze de 66m\u00b2, d&#8217;une cabane de 42m\u00b2, de deux hangars de 105m\u00b2 et 48m\u00b2 respectivement, d&#8217;une cave \u00e0 vin de 24m\u00b2, d&#8217;un enclos pour petits animaux et d&#8217;une serre.<\/p>\n<p>L&#8217;\u00e9lectricit\u00e9 arrive \u00e0 la maison, elle dispose d&#8217;eau de source, d&#8217;un estuaire dans les \u00be de ses environs, d&#8217;arbres fruitiers : pommiers, pruniers, cerisiers et griottiers, et d&#8217;une proportion de 50%-50% d&#8217;arbres indig\u00e8nes, avec une grande vue vers Estaci\u00f3n R\u00edo Frio et Los Muermos.<br \/>\nLa for\u00eat compte Canelo, Ciruelillo, Rodal, Ulmo, Array\u00e1n, Luma, Meli, Lingue, Tepa et Ma\u00f1\u00edo.<\/p>\n<p>\u00c0 proximit\u00e9 se trouvent un bureau de poste, un mini-march\u00e9, une \u00e9cole et une \u00e9glise. Sur sa c\u00f4te, vous pourrez acc\u00e9der \u00e0 des endroits paradisiaques tels que la plage de Llico bajo, Puerto Godoy, Quenir et Caleta Estaquilla.<br \/>\nUN LIEU FANTASTIQUE POUR UN PROJET MAGNIFIQUE !<\/p>\n","protected":false},"excerpt":{"rendered":"<p>&#8220;Champ pr\u00e8s de la Station R\u00edo Frio. Enti\u00e8rement \u00e9quip\u00e9. Vue panoramique.&#8221;<\/p>\n","protected":false},"featured_media":4005,"template":"","meta":{"_acf_changed":false},"product_brand":[],"product_cat":[113],"product_tag":[],"regiones":[226],"ciudades":[],"class_list":{"0":"post-7578","1":"product","2":"type-product","3":"status-publish","4":"has-post-thumbnail","6":"product_cat-ohiggins-los-lagos-fr","7":"regiones-nuble-los_lagos","9":"first","10":"outofstock","11":"sold-individually","12":"shipping-taxable","13":"purchasable","14":"product-type-simple"},"acf":[],"yoast_head":"<!-- This site is optimized with the Yoast SEO Premium plugin v26.0 (Yoast SEO v27.4) - https:\/\/yoast.com\/product\/yoast-seo-premium-wordpress\/ -->\n<title>&quot;Champ El Ma\u00f1\u00edo Fresia - R\u00e9gion des Lacs - Produncan&quot;<\/title>\n<meta name=\"description\" content=\"Voici la traduction du texte en fran\u00e7ais tout en conservant le format original : &quot;Ce champ de 40 hectares pr\u00e8s de Estaci\u00f3n R\u00edo Frio, Los Lagos, est enti\u00e8rement \u00e9quip\u00e9 pour que vous puissiez vous installer imm\u00e9diatement.&quot;\" \/>\n<meta name=\"robots\" content=\"index, follow, max-snippet:-1, max-image-preview:large, max-video-preview:-1\" \/>\n<link rel=\"canonical\" href=\"https:\/\/produncan.cl\/fr\/produit\/campo-el-manio-fresia\/\" \/>\n<meta property=\"og:locale\" content=\"fr_FR\" \/>\n<meta property=\"og:type\" content=\"article\" \/>\n<meta property=\"og:title\" content=\"&quot;Champ 40ha El Ma\u00f1io Fresia - R\u00e9gion des Lacs&quot;\" \/>\n<meta property=\"og:description\" content=\"Voici la traduction du texte en fran\u00e7ais tout en conservant le format original : &quot;Ce champ de 40 hectares pr\u00e8s de Estaci\u00f3n R\u00edo Frio, Los Lagos, est enti\u00e8rement \u00e9quip\u00e9 pour que vous puissiez vous installer imm\u00e9diatement.&quot;\" \/>\n<meta property=\"og:url\" content=\"https:\/\/produncan.cl\/fr\/produit\/campo-el-manio-fresia\/\" \/>\n<meta property=\"og:site_name\" content=\"Produncan\" \/>\n<meta property=\"article:publisher\" content=\"https:\/\/web.facebook.com\/produncanland\" \/>\n<meta property=\"article:modified_time\" content=\"2025-08-07T20:52:59+00:00\" \/>\n<meta property=\"og:image\" content=\"https:\/\/produncan.cl\/wp-content\/uploads\/2022\/02\/Campo-El-Manio-Fresia-Vendido.webp\" \/>\n\t<meta property=\"og:image:width\" content=\"300\" \/>\n\t<meta property=\"og:image:height\" content=\"225\" \/>\n\t<meta property=\"og:image:type\" content=\"image\/webp\" \/>\n<meta name=\"twitter:card\" content=\"summary_large_image\" \/>\n<meta name=\"twitter:label1\" content=\"Price\" \/>\n\t<meta name=\"twitter:data1\" content=\"USD315.600,00\" \/>\n\t<meta name=\"twitter:label2\" content=\"Availability\" \/>\n\t<meta name=\"twitter:data2\" content=\"Out of stock\" \/>\n<script type=\"application\/ld+json\" class=\"yoast-schema-graph\">{\"@context\":\"https:\\\/\\\/schema.org\",\"@graph\":[{\"@type\":\"WebPage\",\"@id\":\"https:\\\/\\\/produncan.cl\\\/fr\\\/produit\\\/campo-el-manio-fresia\\\/\",\"url\":\"https:\\\/\\\/produncan.cl\\\/fr\\\/produit\\\/campo-el-manio-fresia\\\/\",\"name\":\"\\\"Champ El Ma\u00f1\u00edo Fresia - R\u00e9gion des Lacs - Produncan\\\"\",\"isPartOf\":{\"@id\":\"https:\\\/\\\/produncan.cl\\\/fr\\\/#website\"},\"primaryImageOfPage\":{\"@id\":\"https:\\\/\\\/produncan.cl\\\/fr\\\/produit\\\/campo-el-manio-fresia\\\/#primaryimage\"},\"image\":{\"@id\":\"https:\\\/\\\/produncan.cl\\\/fr\\\/produit\\\/campo-el-manio-fresia\\\/#primaryimage\"},\"thumbnailUrl\":\"https:\\\/\\\/produncan.cl\\\/wp-content\\\/uploads\\\/2022\\\/02\\\/Campo-El-Manio-Fresia-Vendido.webp\",\"datePublished\":\"2021-05-06T16:24:44+00:00\",\"dateModified\":\"2025-08-07T20:52:59+00:00\",\"description\":\"Voici la traduction du texte en fran\u00e7ais tout en conservant le format original : \\\"Ce champ de 40 hectares pr\u00e8s de Estaci\u00f3n R\u00edo Frio, Los Lagos, est enti\u00e8rement \u00e9quip\u00e9 pour que vous puissiez vous installer imm\u00e9diatement.\\\"\",\"breadcrumb\":{\"@id\":\"https:\\\/\\\/produncan.cl\\\/fr\\\/produit\\\/campo-el-manio-fresia\\\/#breadcrumb\"},\"inLanguage\":\"fr-FR\",\"potentialAction\":[{\"@type\":\"ReadAction\",\"target\":[\"https:\\\/\\\/produncan.cl\\\/fr\\\/produit\\\/campo-el-manio-fresia\\\/\"]}]},{\"@type\":\"ImageObject\",\"inLanguage\":\"fr-FR\",\"@id\":\"https:\\\/\\\/produncan.cl\\\/fr\\\/produit\\\/campo-el-manio-fresia\\\/#primaryimage\",\"url\":\"https:\\\/\\\/produncan.cl\\\/wp-content\\\/uploads\\\/2022\\\/02\\\/Campo-El-Manio-Fresia-Vendido.webp\",\"contentUrl\":\"https:\\\/\\\/produncan.cl\\\/wp-content\\\/uploads\\\/2022\\\/02\\\/Campo-El-Manio-Fresia-Vendido.webp\",\"width\":300,\"height\":225,\"caption\":\"Champ El Ma\u00f1\u00edo vendu\"},{\"@type\":\"BreadcrumbList\",\"@id\":\"https:\\\/\\\/produncan.cl\\\/fr\\\/produit\\\/campo-el-manio-fresia\\\/#breadcrumb\",\"itemListElement\":[{\"@type\":\"ListItem\",\"position\":1,\"name\":\"Inicio\",\"item\":\"https:\\\/\\\/produncan.cl\\\/fr\\\/\"},{\"@type\":\"ListItem\",\"position\":2,\"name\":\"Propri\u00e9t\u00e9s\",\"item\":\"https:\\\/\\\/produncan.cl\\\/propiedades\\\/\"},{\"@type\":\"ListItem\",\"position\":3,\"name\":\"&#8220;Champ 40ha El Ma\u00f1io Fresia &#8211; R\u00e9gion des Lacs&#8221;\"}]},{\"@type\":\"WebSite\",\"@id\":\"https:\\\/\\\/produncan.cl\\\/fr\\\/#website\",\"url\":\"https:\\\/\\\/produncan.cl\\\/fr\\\/\",\"name\":\"Produncan\",\"description\":\"Nous vous accompagnons dans votre projet de vie !\",\"publisher\":{\"@id\":\"https:\\\/\\\/produncan.cl\\\/fr\\\/#organization\"},\"potentialAction\":[{\"@type\":\"SearchAction\",\"target\":{\"@type\":\"EntryPoint\",\"urlTemplate\":\"https:\\\/\\\/produncan.cl\\\/fr\\\/?s={search_term_string}\"},\"query-input\":{\"@type\":\"PropertyValueSpecification\",\"valueRequired\":true,\"valueName\":\"search_term_string\"}}],\"inLanguage\":\"fr-FR\"},{\"@type\":\"Organization\",\"@id\":\"https:\\\/\\\/produncan.cl\\\/fr\\\/#organization\",\"name\":\"Produncan\",\"url\":\"https:\\\/\\\/produncan.cl\\\/fr\\\/\",\"logo\":{\"@type\":\"ImageObject\",\"inLanguage\":\"fr-FR\",\"@id\":\"https:\\\/\\\/produncan.cl\\\/fr\\\/#\\\/schema\\\/logo\\\/image\\\/\",\"url\":\"https:\\\/\\\/produncan.cl\\\/wp-content\\\/uploads\\\/2021\\\/03\\\/LOGO.jpeg\",\"contentUrl\":\"https:\\\/\\\/produncan.cl\\\/wp-content\\\/uploads\\\/2021\\\/03\\\/LOGO.jpeg\",\"width\":1280,\"height\":903,\"caption\":\"Produncan\"},\"image\":{\"@id\":\"https:\\\/\\\/produncan.cl\\\/fr\\\/#\\\/schema\\\/logo\\\/image\\\/\"},\"sameAs\":[\"https:\\\/\\\/web.facebook.com\\\/produncanland\",\"https:\\\/\\\/www.instagram.com\\\/pro_duncan\\\/\",\"https:\\\/\\\/www.linkedin.com\\\/company\\\/produncan-lands\\\/\",\"https:\\\/\\\/www.youtube.com\\\/channel\\\/UCu7N-f3x0svkazD-Eew1-QQ\"],\"description\":\"En Produncan somos especialistas en la venta de terrenos en el sur de Chile. Proveemos estancias, campos, parcelas y hoteles.\",\"email\":\"info@produncan.cl\"}]}<\/script>\n<meta property=\"og:video\" content=\"https:\/\/www.youtube.com\/embed\/oxvIcb8a2lw\" \/>\n<meta property=\"og:video:type\" content=\"text\/html\" \/>\n<meta property=\"og:video:duration\" content=\"60\" \/>\n<meta property=\"og:video:width\" content=\"480\" \/>\n<meta property=\"og:video:height\" content=\"360\" \/>\n<meta property=\"ya:ovs:adult\" content=\"false\" \/>\n<meta property=\"ya:ovs:upload_date\" content=\"2021-05-06T16:24:44+00:00\" \/>\n<meta property=\"ya:ovs:allow_embed\" content=\"true\" \/>\n<meta property=\"product:price:amount\" content=\"315600.00\" \/>\n<meta property=\"product:price:currency\" content=\"USD\" \/>\n<meta property=\"og:availability\" content=\"out of stock\" \/>\n<meta property=\"product:availability\" content=\"out of stock\" \/>\n<meta property=\"product:condition\" content=\"new\" \/>\n<!-- \/ Yoast SEO Premium plugin. -->","yoast_head_json":{"title":"\"Champ El Ma\u00f1\u00edo Fresia - R\u00e9gion des Lacs - Produncan\"","description":"Voici la traduction du texte en fran\u00e7ais tout en conservant le format original : \"Ce champ de 40 hectares pr\u00e8s de Estaci\u00f3n R\u00edo Frio, Los Lagos, est enti\u00e8rement \u00e9quip\u00e9 pour que vous puissiez vous installer imm\u00e9diatement.\"","robots":{"index":"index","follow":"follow","max-snippet":"max-snippet:-1","max-image-preview":"max-image-preview:large","max-video-preview":"max-video-preview:-1"},"canonical":"https:\/\/produncan.cl\/fr\/produit\/campo-el-manio-fresia\/","og_locale":"fr_FR","og_type":"article","og_title":"\"Champ 40ha El Ma\u00f1io Fresia - R\u00e9gion des Lacs\"","og_description":"Voici la traduction du texte en fran\u00e7ais tout en conservant le format original : \"Ce champ de 40 hectares pr\u00e8s de Estaci\u00f3n R\u00edo Frio, Los Lagos, est enti\u00e8rement \u00e9quip\u00e9 pour que vous puissiez vous installer imm\u00e9diatement.\"","og_url":"https:\/\/produncan.cl\/fr\/produit\/campo-el-manio-fresia\/","og_site_name":"Produncan","article_publisher":"https:\/\/web.facebook.com\/produncanland","article_modified_time":"2025-08-07T20:52:59+00:00","og_image":[{"width":300,"height":225,"url":"https:\/\/produncan.cl\/wp-content\/uploads\/2022\/02\/Campo-El-Manio-Fresia-Vendido.webp","type":"image\/webp"}],"twitter_card":"summary_large_image","twitter_misc":{"Price":"USD315.600,00","Availability":"Out of stock"},"schema":{"@context":"https:\/\/schema.org","@graph":[{"@type":"WebPage","@id":"https:\/\/produncan.cl\/fr\/produit\/campo-el-manio-fresia\/","url":"https:\/\/produncan.cl\/fr\/produit\/campo-el-manio-fresia\/","name":"\"Champ El Ma\u00f1\u00edo Fresia - R\u00e9gion des Lacs - Produncan\"","isPartOf":{"@id":"https:\/\/produncan.cl\/fr\/#website"},"primaryImageOfPage":{"@id":"https:\/\/produncan.cl\/fr\/produit\/campo-el-manio-fresia\/#primaryimage"},"image":{"@id":"https:\/\/produncan.cl\/fr\/produit\/campo-el-manio-fresia\/#primaryimage"},"thumbnailUrl":"https:\/\/produncan.cl\/wp-content\/uploads\/2022\/02\/Campo-El-Manio-Fresia-Vendido.webp","datePublished":"2021-05-06T16:24:44+00:00","dateModified":"2025-08-07T20:52:59+00:00","description":"Voici la traduction du texte en fran\u00e7ais tout en conservant le format original : \"Ce champ de 40 hectares pr\u00e8s de Estaci\u00f3n R\u00edo Frio, Los Lagos, est enti\u00e8rement \u00e9quip\u00e9 pour que vous puissiez vous installer imm\u00e9diatement.\"","breadcrumb":{"@id":"https:\/\/produncan.cl\/fr\/produit\/campo-el-manio-fresia\/#breadcrumb"},"inLanguage":"fr-FR","potentialAction":[{"@type":"ReadAction","target":["https:\/\/produncan.cl\/fr\/produit\/campo-el-manio-fresia\/"]}]},{"@type":"ImageObject","inLanguage":"fr-FR","@id":"https:\/\/produncan.cl\/fr\/produit\/campo-el-manio-fresia\/#primaryimage","url":"https:\/\/produncan.cl\/wp-content\/uploads\/2022\/02\/Campo-El-Manio-Fresia-Vendido.webp","contentUrl":"https:\/\/produncan.cl\/wp-content\/uploads\/2022\/02\/Campo-El-Manio-Fresia-Vendido.webp","width":300,"height":225,"caption":"Champ El Ma\u00f1\u00edo vendu"},{"@type":"BreadcrumbList","@id":"https:\/\/produncan.cl\/fr\/produit\/campo-el-manio-fresia\/#breadcrumb","itemListElement":[{"@type":"ListItem","position":1,"name":"Inicio","item":"https:\/\/produncan.cl\/fr\/"},{"@type":"ListItem","position":2,"name":"Propri\u00e9t\u00e9s","item":"https:\/\/produncan.cl\/propiedades\/"},{"@type":"ListItem","position":3,"name":"&#8220;Champ 40ha El Ma\u00f1io Fresia &#8211; R\u00e9gion des Lacs&#8221;"}]},{"@type":"WebSite","@id":"https:\/\/produncan.cl\/fr\/#website","url":"https:\/\/produncan.cl\/fr\/","name":"Produncan","description":"Nous vous accompagnons dans votre projet de vie !","publisher":{"@id":"https:\/\/produncan.cl\/fr\/#organization"},"potentialAction":[{"@type":"SearchAction","target":{"@type":"EntryPoint","urlTemplate":"https:\/\/produncan.cl\/fr\/?s={search_term_string}"},"query-input":{"@type":"PropertyValueSpecification","valueRequired":true,"valueName":"search_term_string"}}],"inLanguage":"fr-FR"},{"@type":"Organization","@id":"https:\/\/produncan.cl\/fr\/#organization","name":"Produncan","url":"https:\/\/produncan.cl\/fr\/","logo":{"@type":"ImageObject","inLanguage":"fr-FR","@id":"https:\/\/produncan.cl\/fr\/#\/schema\/logo\/image\/","url":"https:\/\/produncan.cl\/wp-content\/uploads\/2021\/03\/LOGO.jpeg","contentUrl":"https:\/\/produncan.cl\/wp-content\/uploads\/2021\/03\/LOGO.jpeg","width":1280,"height":903,"caption":"Produncan"},"image":{"@id":"https:\/\/produncan.cl\/fr\/#\/schema\/logo\/image\/"},"sameAs":["https:\/\/web.facebook.com\/produncanland","https:\/\/www.instagram.com\/pro_duncan\/","https:\/\/www.linkedin.com\/company\/produncan-lands\/","https:\/\/www.youtube.com\/channel\/UCu7N-f3x0svkazD-Eew1-QQ"],"description":"En Produncan somos especialistas en la venta de terrenos en el sur de Chile. Proveemos estancias, campos, parcelas y hoteles.","email":"info@produncan.cl"}]},"og_video":"https:\/\/www.youtube.com\/embed\/oxvIcb8a2lw","og_video_type":"text\/html","og_video_duration":"60","og_video_width":"480","og_video_height":"360","ya_ovs_adult":"false","ya_ovs_upload_date":"2021-05-06T16:24:44+00:00","ya_ovs_allow_embed":"true","product_price_amount":"315600.00","product_price_currency":"USD","og_availability":"out of stock","product_availability":"out of stock","product_condition":"new"},"_links":{"self":[{"href":"https:\/\/produncan.cl\/fr\/wp-json\/wp\/v2\/product\/7578","targetHints":{"allow":["GET"]}}],"collection":[{"href":"https:\/\/produncan.cl\/fr\/wp-json\/wp\/v2\/product"}],"about":[{"href":"https:\/\/produncan.cl\/fr\/wp-json\/wp\/v2\/types\/product"}],"version-history":[{"count":0,"href":"https:\/\/produncan.cl\/fr\/wp-json\/wp\/v2\/product\/7578\/revisions"}],"wp:featuredmedia":[{"embeddable":true,"href":"https:\/\/produncan.cl\/fr\/wp-json\/wp\/v2\/media\/4005"}],"wp:attachment":[{"href":"https:\/\/produncan.cl\/fr\/wp-json\/wp\/v2\/media?parent=7578"}],"wp:term":[{"taxonomy":"product_brand","embeddable":true,"href":"https:\/\/produncan.cl\/fr\/wp-json\/wp\/v2\/product_brand?post=7578"},{"taxonomy":"product_cat","embeddable":true,"href":"https:\/\/produncan.cl\/fr\/wp-json\/wp\/v2\/product_cat?post=7578"},{"taxonomy":"product_tag","embeddable":true,"href":"https:\/\/produncan.cl\/fr\/wp-json\/wp\/v2\/product_tag?post=7578"},{"taxonomy":"regiones","embeddable":true,"href":"https:\/\/produncan.cl\/fr\/wp-json\/wp\/v2\/regiones?post=7578"},{"taxonomy":"ciudades","embeddable":true,"href":"https:\/\/produncan.cl\/fr\/wp-json\/wp\/v2\/ciudades?post=7578"}],"curies":[{"name":"wp","href":"https:\/\/api.w.org\/{rel}","templated":true}]}}