{"id":7827,"date":"2022-10-24T17:48:53","date_gmt":"2022-10-24T20:48:53","guid":{"rendered":"https:\/\/produncan.cl\/producto\/campito-el-manio-iii-86ha\/"},"modified":"2025-12-04T18:07:59","modified_gmt":"2025-12-04T21:07:59","slug":"campito-el-manio-iii","status":"publish","type":"product","link":"https:\/\/produncan.cl\/fr\/produit\/campito-el-manio-iii\/","title":{"rendered":"Campito \u00e0 R\u00edo Fr\u00edo &#8211; El Ma\u00f1\u00edo III, Los Muermos"},"content":{"rendered":"\t\t<div data-elementor-type=\"product-post\" data-elementor-id=\"7827\" class=\"elementor elementor-7827 elementor-3518\" data-elementor-post-type=\"product\">\n\t\t\t\t\t\t<section class=\"elementor-section elementor-top-section elementor-element elementor-element-211ce535 elementor-section-boxed elementor-section-height-default elementor-section-height-default\" data-id=\"211ce535\" data-element_type=\"section\" data-e-type=\"section\" data-settings=\"{&quot;jet_parallax_layout_list&quot;:[]}\">\n\t\t\t\t\t\t<div class=\"elementor-container elementor-column-gap-default\">\n\t\t\t\t\t<div class=\"elementor-column elementor-col-100 elementor-top-column elementor-element elementor-element-29def38\" data-id=\"29def38\" data-element_type=\"column\" data-e-type=\"column\">\n\t\t\t<div class=\"elementor-widget-wrap elementor-element-populated\">\n\t\t\t\t\t\t<div class=\"elementor-element elementor-element-642f2168 elementor-widget elementor-widget-text-editor\" data-id=\"642f2168\" data-element_type=\"widget\" data-e-type=\"widget\" data-widget_type=\"text-editor.default\">\n\t\t\t\t\t\t\t\t\t<h2>8,6 HECTARES DE TERRAIN AVEC UNE VUE MAGNIFIQUE \u00c0 UNE HEURE DE PUERTO VARAS !<\/h2><p>Nous vous invitons \u00e0 visiter ce camp d&#8217;altitude de 8,6 hectares, \u00e0 une heure \u00e0 l&#8217;ouest de Puerto Varas, avec une vue magnifique sur les champs verts et les volcans.<\/p><p>L&#8217;acc\u00e8s \u00e0 la propri\u00e9t\u00e9 se fait depuis la Estaci\u00f3n R\u00edo Frio \u00e0 l&#8217;ouest, le long d&#8217;une route qui est actuellement asphalt\u00e9e jusqu&#8217;\u00e0 4 km avant le site. Continuez ensuite le long d&#8217;une route de gravier en cours d&#8217;asphaltage, et tournez enfin sur une servitude bien entretenue de 1,8 km de long.<\/p><p>Le campito est situ\u00e9 au d\u00e9but de la cha\u00eene de montagnes c\u00f4ti\u00e8res, orient\u00e9 au nord-est, avec une vue imprenable sur les stations Rio Frio, Puerto Varas et les volcans Calbuco, Osorno et Puntiagudo, entre autres.<\/p><p>La ligne \u00e9lectrique traverse la propri\u00e9t\u00e9, il y a de l&#8217;eau provenant d&#8217;une source, et il y a un ruisseau avec de l&#8217;eau en abondance qui ne s&#8217;ass\u00e8che pas en \u00e9t\u00e9. En outre, le signal t\u00e9l\u00e9phonique est excellent.<\/p><p>D&#8217;autre part, dans la zone de la propri\u00e9t\u00e9 qui est proche de la route et de l&#8217;entr\u00e9e, il y a une prairie claire avec des pentes douces, id\u00e9ale pour construire la maison, et ensuite une pente qui s&#8217;accentue jusqu&#8217;\u00e0 atteindre l&#8217;estuaire, permettant le d\u00e9veloppement de beaucoup de possibilit\u00e9s.<\/p><p>La propri\u00e9t\u00e9 compte 40 % de prairies et 60 % d&#8217;arbres indig\u00e8nes. La partie inf\u00e9rieure de la for\u00eat pr\u00e9sente des arbres anciens et une grande biodiversit\u00e9 et faune, id\u00e9ale pour les amoureux de la nature.<\/p><p>Parmi la flore, vous trouverez Canelo, Ciruelillo, Rodal, Ulmo, Array\u00e1n, Luma, Meli, Lingue, Tepa et Ma\u00f1\u00edo, entre autres.<\/p><p>\u00c0 proximit\u00e9, on trouve un bureau de poste, une sup\u00e9rette, une \u00e9cole et une \u00e9glise. La petite ville de Los Muermos n&#8217;est qu&#8217;\u00e0 25 minutes, ce qui vous permet de faire des provisions pour tout ce dont vous avez besoin.<\/p><p>Enfin, la propri\u00e9t\u00e9 est relativement proche de la c\u00f4te, o\u00f9 vous pouvez acc\u00e9der \u00e0 des endroits paradisiaques tels que Llico bajo, Puerto Godoy, Quenir et Caleta Estaquilla.<\/p><p>NE MANQUEZ PAS CET EMPLACEMENT FANTASTIQUE POUR UN PROJET MAGNIFIQUE !<\/p>\t\t\t\t\t\t\t\t<\/div>\n\t\t\t\t\t<\/div>\n\t\t<\/div>\n\t\t\t\t\t<\/div>\n\t\t<\/section>\n\t\t\t\t<\/div>\n\t\t","protected":false},"excerpt":{"rendered":"<p>Camping \u00e0 R\u00edo Fr\u00edo, Los Muermos, \u00e0 1 heure de Puerto Varas, avec marais, sources, \u00e9lectricit\u00e9, bonne r\u00e9ception et vue panoramique sur la cordill\u00e8re. 4 kilom\u00e8tres de chemin de gravier en cours d&#8217;asphaltage. Terrain plat, avec une pente g\u00e9n\u00e9ralement douce.  <\/p>\n","protected":false},"featured_media":7141,"template":"","meta":{"_acf_changed":false},"product_brand":[],"product_cat":[113],"product_tag":[236,237],"regiones":[226],"ciudades":[214,216],"class_list":{"0":"post-7827","1":"product","2":"type-product","3":"status-publish","4":"has-post-thumbnail","6":"product_cat-ohiggins-los-lagos-fr","7":"product_tag-parcelles","8":"product_tag-proprietes-touristiques","9":"regiones-nuble-los_lagos","10":"ciudades-fresia","11":"ciudades-los-muermos","13":"first","14":"instock","15":"sold-individually","16":"shipping-taxable","17":"purchasable","18":"product-type-simple"},"acf":[],"yoast_head":"<!-- This site is optimized with the Yoast SEO Premium plugin v26.0 (Yoast SEO v27.3) - https:\/\/yoast.com\/product\/yoast-seo-premium-wordpress\/ -->\n<title>Campito \u00e0 R\u00edo Fr\u00edo - El Ma\u00f1\u00edo III, Los Muermos - Produncan<\/title>\n<meta name=\"description\" content=\"Campito \u00e0 R\u00edo Fr\u00edo avec une magnifique vue sur les champs verdoyants et les volcansune heure de Puerto Varas. \u00c9lectricit\u00e9, eau, signal et bon acc\u00e8s.\" \/>\n<meta name=\"robots\" content=\"index, follow, max-snippet:-1, max-image-preview:large, max-video-preview:-1\" \/>\n<link rel=\"canonical\" href=\"https:\/\/produncan.cl\/fr\/produit\/campito-el-manio-iii\/\" \/>\n<meta property=\"og:locale\" content=\"fr_FR\" \/>\n<meta property=\"og:type\" content=\"article\" \/>\n<meta property=\"og:title\" content=\"Campito \u00e0 R\u00edo Fr\u00edo - El Ma\u00f1\u00edo III, Los Muermos\" \/>\n<meta property=\"og:description\" content=\"Campito \u00e0 R\u00edo Fr\u00edo avec une magnifique vue sur les champs verdoyants et les volcansune heure de Puerto Varas. \u00c9lectricit\u00e9, eau, signal et bon acc\u00e8s.\" \/>\n<meta property=\"og:url\" content=\"https:\/\/produncan.cl\/fr\/produit\/campito-el-manio-iii\/\" \/>\n<meta property=\"og:site_name\" content=\"Produncan\" \/>\n<meta property=\"article:publisher\" content=\"https:\/\/web.facebook.com\/produncanland\" \/>\n<meta property=\"article:modified_time\" content=\"2025-12-04T21:07:59+00:00\" \/>\n<meta property=\"og:image\" content=\"https:\/\/produncan.cl\/wp-content\/uploads\/2022\/10\/Campito-El-Manio-III.webp\" \/>\n\t<meta property=\"og:image:width\" content=\"600\" \/>\n\t<meta property=\"og:image:height\" content=\"450\" \/>\n\t<meta property=\"og:image:type\" content=\"image\/webp\" \/>\n<meta name=\"twitter:card\" content=\"summary_large_image\" \/>\n<meta name=\"twitter:label1\" content=\"Price\" \/>\n\t<meta name=\"twitter:data1\" content=\"USD92.400,00\" \/>\n\t<meta name=\"twitter:label2\" content=\"Availability\" \/>\n\t<meta name=\"twitter:data2\" content=\"In stock\" \/>\n<script type=\"application\/ld+json\" class=\"yoast-schema-graph\">{\"@context\":\"https:\\\/\\\/schema.org\",\"@graph\":[{\"@type\":\"WebPage\",\"@id\":\"https:\\\/\\\/produncan.cl\\\/fr\\\/produit\\\/campito-el-manio-iii\\\/\",\"url\":\"https:\\\/\\\/produncan.cl\\\/fr\\\/produit\\\/campito-el-manio-iii\\\/\",\"name\":\"Campito \u00e0 R\u00edo Fr\u00edo - El Ma\u00f1\u00edo III, Los Muermos - Produncan\",\"isPartOf\":{\"@id\":\"https:\\\/\\\/produncan.cl\\\/fr\\\/#website\"},\"primaryImageOfPage\":{\"@id\":\"https:\\\/\\\/produncan.cl\\\/fr\\\/produit\\\/campito-el-manio-iii\\\/#primaryimage\"},\"image\":{\"@id\":\"https:\\\/\\\/produncan.cl\\\/fr\\\/produit\\\/campito-el-manio-iii\\\/#primaryimage\"},\"thumbnailUrl\":\"https:\\\/\\\/produncan.cl\\\/wp-content\\\/uploads\\\/2022\\\/10\\\/Campito-El-Manio-III.webp\",\"datePublished\":\"2022-10-24T20:48:53+00:00\",\"dateModified\":\"2025-12-04T21:07:59+00:00\",\"description\":\"Campito \u00e0 R\u00edo Fr\u00edo avec une magnifique vue sur les champs verdoyants et les volcansune heure de Puerto Varas. \u00c9lectricit\u00e9, eau, signal et bon acc\u00e8s.\",\"breadcrumb\":{\"@id\":\"https:\\\/\\\/produncan.cl\\\/fr\\\/produit\\\/campito-el-manio-iii\\\/#breadcrumb\"},\"inLanguage\":\"fr-FR\",\"potentialAction\":[{\"@type\":\"ReadAction\",\"target\":[\"https:\\\/\\\/produncan.cl\\\/fr\\\/produit\\\/campito-el-manio-iii\\\/\"]}]},{\"@type\":\"ImageObject\",\"inLanguage\":\"fr-FR\",\"@id\":\"https:\\\/\\\/produncan.cl\\\/fr\\\/produit\\\/campito-el-manio-iii\\\/#primaryimage\",\"url\":\"https:\\\/\\\/produncan.cl\\\/wp-content\\\/uploads\\\/2022\\\/10\\\/Campito-El-Manio-III.webp\",\"contentUrl\":\"https:\\\/\\\/produncan.cl\\\/wp-content\\\/uploads\\\/2022\\\/10\\\/Campito-El-Manio-III.webp\",\"width\":600,\"height\":450},{\"@type\":\"BreadcrumbList\",\"@id\":\"https:\\\/\\\/produncan.cl\\\/fr\\\/produit\\\/campito-el-manio-iii\\\/#breadcrumb\",\"itemListElement\":[{\"@type\":\"ListItem\",\"position\":1,\"name\":\"Inicio\",\"item\":\"https:\\\/\\\/produncan.cl\\\/fr\\\/\"},{\"@type\":\"ListItem\",\"position\":2,\"name\":\"Propri\u00e9t\u00e9s\",\"item\":\"https:\\\/\\\/produncan.cl\\\/propiedades\\\/\"},{\"@type\":\"ListItem\",\"position\":3,\"name\":\"Parcelles\",\"item\":\"https:\\\/\\\/produncan.cl\\\/fr\\\/cat&eacute;gorie\\\/parcelles\\\/\"},{\"@type\":\"ListItem\",\"position\":4,\"name\":\"Campito \u00e0 R\u00edo Fr\u00edo &#8211; El Ma\u00f1\u00edo III, Los Muermos\"}]},{\"@type\":\"WebSite\",\"@id\":\"https:\\\/\\\/produncan.cl\\\/fr\\\/#website\",\"url\":\"https:\\\/\\\/produncan.cl\\\/fr\\\/\",\"name\":\"Produncan\",\"description\":\"Nous vous accompagnons dans votre projet de vie !\",\"publisher\":{\"@id\":\"https:\\\/\\\/produncan.cl\\\/fr\\\/#organization\"},\"potentialAction\":[{\"@type\":\"SearchAction\",\"target\":{\"@type\":\"EntryPoint\",\"urlTemplate\":\"https:\\\/\\\/produncan.cl\\\/fr\\\/?s={search_term_string}\"},\"query-input\":{\"@type\":\"PropertyValueSpecification\",\"valueRequired\":true,\"valueName\":\"search_term_string\"}}],\"inLanguage\":\"fr-FR\"},{\"@type\":\"Organization\",\"@id\":\"https:\\\/\\\/produncan.cl\\\/fr\\\/#organization\",\"name\":\"Produncan\",\"url\":\"https:\\\/\\\/produncan.cl\\\/fr\\\/\",\"logo\":{\"@type\":\"ImageObject\",\"inLanguage\":\"fr-FR\",\"@id\":\"https:\\\/\\\/produncan.cl\\\/fr\\\/#\\\/schema\\\/logo\\\/image\\\/\",\"url\":\"https:\\\/\\\/produncan.cl\\\/wp-content\\\/uploads\\\/2021\\\/03\\\/LOGO.jpeg\",\"contentUrl\":\"https:\\\/\\\/produncan.cl\\\/wp-content\\\/uploads\\\/2021\\\/03\\\/LOGO.jpeg\",\"width\":1280,\"height\":903,\"caption\":\"Produncan\"},\"image\":{\"@id\":\"https:\\\/\\\/produncan.cl\\\/fr\\\/#\\\/schema\\\/logo\\\/image\\\/\"},\"sameAs\":[\"https:\\\/\\\/web.facebook.com\\\/produncanland\",\"https:\\\/\\\/www.instagram.com\\\/pro_duncan\\\/\",\"https:\\\/\\\/www.linkedin.com\\\/company\\\/produncan-lands\\\/\",\"https:\\\/\\\/www.youtube.com\\\/channel\\\/UCu7N-f3x0svkazD-Eew1-QQ\"],\"description\":\"En Produncan somos especialistas en la venta de terrenos en el sur de Chile. Proveemos estancias, campos, parcelas y hoteles.\",\"email\":\"info@produncan.cl\"}]}<\/script>\n<meta property=\"og:video\" content=\"https:\/\/www.youtube.com\/embed\/nXUbpGADup0\" \/>\n<meta property=\"og:video:type\" content=\"text\/html\" \/>\n<meta property=\"og:video:duration\" content=\"60\" \/>\n<meta property=\"og:video:width\" content=\"480\" \/>\n<meta property=\"og:video:height\" content=\"360\" \/>\n<meta property=\"ya:ovs:adult\" content=\"false\" \/>\n<meta property=\"ya:ovs:upload_date\" content=\"2022-10-24T20:48:53+00:00\" \/>\n<meta property=\"ya:ovs:allow_embed\" content=\"true\" \/>\n<meta property=\"product:price:amount\" content=\"92400.00\" \/>\n<meta property=\"product:price:currency\" content=\"USD\" \/>\n<meta property=\"og:availability\" content=\"instock\" \/>\n<meta property=\"product:availability\" content=\"instock\" \/>\n<meta property=\"product:condition\" content=\"new\" \/>\n<!-- \/ Yoast SEO Premium plugin. -->","yoast_head_json":{"title":"Campito \u00e0 R\u00edo Fr\u00edo - El Ma\u00f1\u00edo III, Los Muermos - Produncan","description":"Campito \u00e0 R\u00edo Fr\u00edo avec une magnifique vue sur les champs verdoyants et les volcansune heure de Puerto Varas. \u00c9lectricit\u00e9, eau, signal et bon acc\u00e8s.","robots":{"index":"index","follow":"follow","max-snippet":"max-snippet:-1","max-image-preview":"max-image-preview:large","max-video-preview":"max-video-preview:-1"},"canonical":"https:\/\/produncan.cl\/fr\/produit\/campito-el-manio-iii\/","og_locale":"fr_FR","og_type":"article","og_title":"Campito \u00e0 R\u00edo Fr\u00edo - El Ma\u00f1\u00edo III, Los Muermos","og_description":"Campito \u00e0 R\u00edo Fr\u00edo avec une magnifique vue sur les champs verdoyants et les volcansune heure de Puerto Varas. \u00c9lectricit\u00e9, eau, signal et bon acc\u00e8s.","og_url":"https:\/\/produncan.cl\/fr\/produit\/campito-el-manio-iii\/","og_site_name":"Produncan","article_publisher":"https:\/\/web.facebook.com\/produncanland","article_modified_time":"2025-12-04T21:07:59+00:00","og_image":[{"width":600,"height":450,"url":"https:\/\/produncan.cl\/wp-content\/uploads\/2022\/10\/Campito-El-Manio-III.webp","type":"image\/webp"}],"twitter_card":"summary_large_image","twitter_misc":{"Price":"USD92.400,00","Availability":"In stock"},"schema":{"@context":"https:\/\/schema.org","@graph":[{"@type":"WebPage","@id":"https:\/\/produncan.cl\/fr\/produit\/campito-el-manio-iii\/","url":"https:\/\/produncan.cl\/fr\/produit\/campito-el-manio-iii\/","name":"Campito \u00e0 R\u00edo Fr\u00edo - El Ma\u00f1\u00edo III, Los Muermos - Produncan","isPartOf":{"@id":"https:\/\/produncan.cl\/fr\/#website"},"primaryImageOfPage":{"@id":"https:\/\/produncan.cl\/fr\/produit\/campito-el-manio-iii\/#primaryimage"},"image":{"@id":"https:\/\/produncan.cl\/fr\/produit\/campito-el-manio-iii\/#primaryimage"},"thumbnailUrl":"https:\/\/produncan.cl\/wp-content\/uploads\/2022\/10\/Campito-El-Manio-III.webp","datePublished":"2022-10-24T20:48:53+00:00","dateModified":"2025-12-04T21:07:59+00:00","description":"Campito \u00e0 R\u00edo Fr\u00edo avec une magnifique vue sur les champs verdoyants et les volcansune heure de Puerto Varas. \u00c9lectricit\u00e9, eau, signal et bon acc\u00e8s.","breadcrumb":{"@id":"https:\/\/produncan.cl\/fr\/produit\/campito-el-manio-iii\/#breadcrumb"},"inLanguage":"fr-FR","potentialAction":[{"@type":"ReadAction","target":["https:\/\/produncan.cl\/fr\/produit\/campito-el-manio-iii\/"]}]},{"@type":"ImageObject","inLanguage":"fr-FR","@id":"https:\/\/produncan.cl\/fr\/produit\/campito-el-manio-iii\/#primaryimage","url":"https:\/\/produncan.cl\/wp-content\/uploads\/2022\/10\/Campito-El-Manio-III.webp","contentUrl":"https:\/\/produncan.cl\/wp-content\/uploads\/2022\/10\/Campito-El-Manio-III.webp","width":600,"height":450},{"@type":"BreadcrumbList","@id":"https:\/\/produncan.cl\/fr\/produit\/campito-el-manio-iii\/#breadcrumb","itemListElement":[{"@type":"ListItem","position":1,"name":"Inicio","item":"https:\/\/produncan.cl\/fr\/"},{"@type":"ListItem","position":2,"name":"Propri\u00e9t\u00e9s","item":"https:\/\/produncan.cl\/propiedades\/"},{"@type":"ListItem","position":3,"name":"Parcelles","item":"https:\/\/produncan.cl\/fr\/cat&eacute;gorie\/parcelles\/"},{"@type":"ListItem","position":4,"name":"Campito \u00e0 R\u00edo Fr\u00edo &#8211; El Ma\u00f1\u00edo III, Los Muermos"}]},{"@type":"WebSite","@id":"https:\/\/produncan.cl\/fr\/#website","url":"https:\/\/produncan.cl\/fr\/","name":"Produncan","description":"Nous vous accompagnons dans votre projet de vie !","publisher":{"@id":"https:\/\/produncan.cl\/fr\/#organization"},"potentialAction":[{"@type":"SearchAction","target":{"@type":"EntryPoint","urlTemplate":"https:\/\/produncan.cl\/fr\/?s={search_term_string}"},"query-input":{"@type":"PropertyValueSpecification","valueRequired":true,"valueName":"search_term_string"}}],"inLanguage":"fr-FR"},{"@type":"Organization","@id":"https:\/\/produncan.cl\/fr\/#organization","name":"Produncan","url":"https:\/\/produncan.cl\/fr\/","logo":{"@type":"ImageObject","inLanguage":"fr-FR","@id":"https:\/\/produncan.cl\/fr\/#\/schema\/logo\/image\/","url":"https:\/\/produncan.cl\/wp-content\/uploads\/2021\/03\/LOGO.jpeg","contentUrl":"https:\/\/produncan.cl\/wp-content\/uploads\/2021\/03\/LOGO.jpeg","width":1280,"height":903,"caption":"Produncan"},"image":{"@id":"https:\/\/produncan.cl\/fr\/#\/schema\/logo\/image\/"},"sameAs":["https:\/\/web.facebook.com\/produncanland","https:\/\/www.instagram.com\/pro_duncan\/","https:\/\/www.linkedin.com\/company\/produncan-lands\/","https:\/\/www.youtube.com\/channel\/UCu7N-f3x0svkazD-Eew1-QQ"],"description":"En Produncan somos especialistas en la venta de terrenos en el sur de Chile. Proveemos estancias, campos, parcelas y hoteles.","email":"info@produncan.cl"}]},"og_video":"https:\/\/www.youtube.com\/embed\/nXUbpGADup0","og_video_type":"text\/html","og_video_duration":"60","og_video_width":"480","og_video_height":"360","ya_ovs_adult":"false","ya_ovs_upload_date":"2022-10-24T20:48:53+00:00","ya_ovs_allow_embed":"true","product_price_amount":"92400.00","product_price_currency":"USD","og_availability":"instock","product_availability":"instock","product_condition":"new"},"_links":{"self":[{"href":"https:\/\/produncan.cl\/fr\/wp-json\/wp\/v2\/product\/7827","targetHints":{"allow":["GET"]}}],"collection":[{"href":"https:\/\/produncan.cl\/fr\/wp-json\/wp\/v2\/product"}],"about":[{"href":"https:\/\/produncan.cl\/fr\/wp-json\/wp\/v2\/types\/product"}],"version-history":[{"count":1,"href":"https:\/\/produncan.cl\/fr\/wp-json\/wp\/v2\/product\/7827\/revisions"}],"predecessor-version":[{"id":52932,"href":"https:\/\/produncan.cl\/fr\/wp-json\/wp\/v2\/product\/7827\/revisions\/52932"}],"wp:featuredmedia":[{"embeddable":true,"href":"https:\/\/produncan.cl\/fr\/wp-json\/wp\/v2\/media\/7141"}],"wp:attachment":[{"href":"https:\/\/produncan.cl\/fr\/wp-json\/wp\/v2\/media?parent=7827"}],"wp:term":[{"taxonomy":"product_brand","embeddable":true,"href":"https:\/\/produncan.cl\/fr\/wp-json\/wp\/v2\/product_brand?post=7827"},{"taxonomy":"product_cat","embeddable":true,"href":"https:\/\/produncan.cl\/fr\/wp-json\/wp\/v2\/product_cat?post=7827"},{"taxonomy":"product_tag","embeddable":true,"href":"https:\/\/produncan.cl\/fr\/wp-json\/wp\/v2\/product_tag?post=7827"},{"taxonomy":"regiones","embeddable":true,"href":"https:\/\/produncan.cl\/fr\/wp-json\/wp\/v2\/regiones?post=7827"},{"taxonomy":"ciudades","embeddable":true,"href":"https:\/\/produncan.cl\/fr\/wp-json\/wp\/v2\/ciudades?post=7827"}],"curies":[{"name":"wp","href":"https:\/\/api.w.org\/{rel}","templated":true}]}}