{"id":7828,"date":"2022-02-18T18:30:05","date_gmt":"2022-02-18T21:30:05","guid":{"rendered":"https:\/\/produncan.cl\/producto\/champ-de-santa-rosa-27-4ha\/"},"modified":"2025-08-19T12:07:49","modified_gmt":"2025-08-19T16:07:49","slug":"campo-santa-rosa-27-4ha-2","status":"publish","type":"product","link":"https:\/\/produncan.cl\/fr\/produit\/campo-santa-rosa-27-4ha-2\/","title":{"rendered":"Campagne \u00e0 La Uni\u00f3n, Santa Rosa &#8211; R\u00e9gion de Los R\u00edos"},"content":{"rendered":"\t\t<div data-elementor-type=\"product-post\" data-elementor-id=\"7828\" class=\"elementor elementor-7828 elementor-3495\" data-elementor-post-type=\"product\">\n\t\t\t\t\t\t<section class=\"elementor-section elementor-top-section elementor-element elementor-element-41d140bf elementor-section-boxed elementor-section-height-default elementor-section-height-default\" data-id=\"41d140bf\" data-element_type=\"section\" data-e-type=\"section\" data-settings=\"{&quot;jet_parallax_layout_list&quot;:[]}\">\n\t\t\t\t\t\t<div class=\"elementor-container elementor-column-gap-default\">\n\t\t\t\t\t<div class=\"elementor-column elementor-col-100 elementor-top-column elementor-element elementor-element-597fb03f\" data-id=\"597fb03f\" data-element_type=\"column\" data-e-type=\"column\">\n\t\t\t<div class=\"elementor-widget-wrap elementor-element-populated\">\n\t\t\t\t\t\t<div class=\"elementor-element elementor-element-4f50d805 elementor-widget elementor-widget-text-editor\" data-id=\"4f50d805\" data-element_type=\"widget\" data-e-type=\"widget\" data-widget_type=\"text-editor.default\">\n\t\t\t\t\t\t\t\t\t<h2>Ayez votre terrain \u00e0 La Uni\u00f3n, pr\u00e8s du lac Ranco !<\/h2><p>Nous vous invitons \u00e0 visiter les 27,4 hectares de terrain essentiellement plat avec une belle vue sur les montagnes.<\/p><p>On acc\u00e8de \u00e0 la propri\u00e9t\u00e9 depuis La Uni\u00f3n ou R\u00edo Bueno sur la route de Futrono, par une route asphalt\u00e9e, puis une route en gravier de seulement 1,3 km en excellent \u00e9tat.<\/p><h3>Caract\u00e9ristiques et emplacement du Camp Santa Rosa<\/h3><p>La ferme de Santa Rosa compte 50 % d&#8217;arbres indig\u00e8nes, 50 % de prairies, un estuaire, une rivi\u00e8re, des sources, une cl\u00f4ture p\u00e9riph\u00e9rique de 40 % et aucun b\u00e2timent. Les lignes \u00e9lectriques atteignent le camp et il y a un signal.<\/p><p>Autrefois, on travaillait l&#8217;avoine, les pommes de terre et le bl\u00e9.<\/p><p>La ferme se trouve \u00e0 42 km de La Uni\u00f3n et \u00e0 33 km de Futrono, \u00e0 quelques minutes seulement du lac Ranco, qui est aujourd&#8217;hui l&#8217;une des zones les plus exclusives et les plus pr\u00e9cieuses du Chili.<\/p><h3>La flore et la faune<\/h3><ul><li>En fauna predomina la gui\u00f1a, el pud\u00fa, el zorro gris, el coipo del sur, y el gato mont\u00e9s, adem\u00e1s de otras especies introducidas como la liebre.<\/li><li>En ce qui concerne les oiseaux, on remarque, entre autres, le chucao, le hupp\u00e9, le torcaza, le choroy, le grand pic et la perdrix m\u00e9ridionale.<\/li><li>La flore est domin\u00e9e par la coigue, l&#8217;hualle, le canelo, le myrte et l&#8217;ulmo.<\/li><\/ul><div> <\/div><p>Le climat varie de 3 \u00e0 20 \u00b0C. El sector no presenta meses secos, pero el m\u00e1s afectado corresponde al mes de febrero<\/p><p>NE MANQUEZ PAS L&#8217;OPPORTUNIT\u00c9 DE POSS\u00c9DER UN TERRAIN AVEC UNE SURFACE ID\u00c9ALE POUR ENTREPRENDRE VOTRE PROJET PR\u00c8S DU LAC RANCO !<\/p>\t\t\t\t\t\t\t\t<\/div>\n\t\t\t\t\t<\/div>\n\t\t<\/div>\n\t\t\t\t\t<\/div>\n\t\t<\/section>\n\t\t\t\t<\/div>\n\t\t","protected":false},"excerpt":{"rendered":"<p>Campagne dans l&#8217;Union, pr\u00e8s du lac Ranco, en majorit\u00e9 plat avec une belle vue sur la cordill\u00e8re. Elle dispose de l&#8217;\u00e9lectricit\u00e9, d&#8217;un signal, d&#8217;un estuaire, de sources et d&#8217;une rivi\u00e8re.<\/p>\n","protected":false},"featured_media":7089,"template":"","meta":{"_acf_changed":false},"product_brand":[],"product_cat":[113],"product_tag":[233],"regiones":[226],"ciudades":[215],"class_list":{"0":"post-7828","1":"product","2":"type-product","3":"status-publish","4":"has-post-thumbnail","6":"product_cat-ohiggins-los-lagos-fr","7":"product_tag-champs","8":"regiones-nuble-los_lagos","9":"ciudades-la-union","11":"first","12":"instock","13":"shipping-taxable","14":"purchasable","15":"product-type-simple"},"acf":[],"yoast_head":"<!-- This site is optimized with the Yoast SEO Premium plugin v26.0 (Yoast SEO v27.3) - https:\/\/yoast.com\/product\/yoast-seo-premium-wordpress\/ -->\n<title>Campagne \u00e0 La Uni\u00f3n, Santa Rosa - R\u00e9gion de Los R\u00edos - Produncan<\/title>\n<meta name=\"description\" content=\"Champ Santa Rosa 27,4ha, pr\u00e8s du lac Ranco, principalement plat avec une belle vue sur la cha\u00eene de montagnes. Elle dispose de l&#039;\u00e9lectricit\u00e9, d&#039;un signal, d&#039;un estuaire, de sources et d&#039;une rivi\u00e8re.\" \/>\n<meta name=\"robots\" content=\"index, follow, max-snippet:-1, max-image-preview:large, max-video-preview:-1\" \/>\n<link rel=\"canonical\" href=\"https:\/\/produncan.cl\/fr\/produit\/campo-santa-rosa-27-4ha-2\/\" \/>\n<meta property=\"og:locale\" content=\"fr_FR\" \/>\n<meta property=\"og:type\" content=\"article\" \/>\n<meta property=\"og:title\" content=\"Campagne \u00e0 La Uni\u00f3n, Santa Rosa - R\u00e9gion de Los R\u00edos\" \/>\n<meta property=\"og:description\" content=\"Champ Santa Rosa 27,4ha, pr\u00e8s du lac Ranco, principalement plat avec une belle vue sur la cha\u00eene de montagnes. Elle dispose de l&#039;\u00e9lectricit\u00e9, d&#039;un signal, d&#039;un estuaire, de sources et d&#039;une rivi\u00e8re.\" \/>\n<meta property=\"og:url\" content=\"https:\/\/produncan.cl\/fr\/produit\/campo-santa-rosa-27-4ha-2\/\" \/>\n<meta property=\"og:site_name\" content=\"Produncan\" \/>\n<meta property=\"article:publisher\" content=\"https:\/\/web.facebook.com\/produncanland\" \/>\n<meta property=\"article:modified_time\" content=\"2025-08-19T16:07:49+00:00\" \/>\n<meta property=\"og:image\" content=\"https:\/\/produncan.cl\/wp-content\/uploads\/2022\/10\/1Campo-Santa-Rosa.webp\" \/>\n\t<meta property=\"og:image:width\" content=\"600\" \/>\n\t<meta property=\"og:image:height\" content=\"450\" \/>\n\t<meta property=\"og:image:type\" content=\"image\/webp\" \/>\n<meta name=\"twitter:card\" content=\"summary_large_image\" \/>\n<meta name=\"twitter:label1\" content=\"Price\" \/>\n\t<meta name=\"twitter:data1\" content=\"USD652.200,00\" \/>\n\t<meta name=\"twitter:label2\" content=\"Availability\" \/>\n\t<meta name=\"twitter:data2\" content=\"In stock\" \/>\n<script type=\"application\/ld+json\" class=\"yoast-schema-graph\">{\"@context\":\"https:\\\/\\\/schema.org\",\"@graph\":[{\"@type\":\"WebPage\",\"@id\":\"https:\\\/\\\/produncan.cl\\\/fr\\\/produit\\\/campo-santa-rosa-27-4ha-2\\\/\",\"url\":\"https:\\\/\\\/produncan.cl\\\/fr\\\/produit\\\/campo-santa-rosa-27-4ha-2\\\/\",\"name\":\"Campagne \u00e0 La Uni\u00f3n, Santa Rosa - R\u00e9gion de Los R\u00edos - Produncan\",\"isPartOf\":{\"@id\":\"https:\\\/\\\/produncan.cl\\\/fr\\\/#website\"},\"primaryImageOfPage\":{\"@id\":\"https:\\\/\\\/produncan.cl\\\/fr\\\/produit\\\/campo-santa-rosa-27-4ha-2\\\/#primaryimage\"},\"image\":{\"@id\":\"https:\\\/\\\/produncan.cl\\\/fr\\\/produit\\\/campo-santa-rosa-27-4ha-2\\\/#primaryimage\"},\"thumbnailUrl\":\"https:\\\/\\\/produncan.cl\\\/wp-content\\\/uploads\\\/2022\\\/10\\\/1Campo-Santa-Rosa.webp\",\"datePublished\":\"2022-02-18T21:30:05+00:00\",\"dateModified\":\"2025-08-19T16:07:49+00:00\",\"description\":\"Champ Santa Rosa 27,4ha, pr\u00e8s du lac Ranco, principalement plat avec une belle vue sur la cha\u00eene de montagnes. Elle dispose de l'\u00e9lectricit\u00e9, d'un signal, d'un estuaire, de sources et d'une rivi\u00e8re.\",\"breadcrumb\":{\"@id\":\"https:\\\/\\\/produncan.cl\\\/fr\\\/produit\\\/campo-santa-rosa-27-4ha-2\\\/#breadcrumb\"},\"inLanguage\":\"fr-FR\",\"potentialAction\":[{\"@type\":\"ReadAction\",\"target\":[\"https:\\\/\\\/produncan.cl\\\/fr\\\/produit\\\/campo-santa-rosa-27-4ha-2\\\/\"]}]},{\"@type\":\"ImageObject\",\"inLanguage\":\"fr-FR\",\"@id\":\"https:\\\/\\\/produncan.cl\\\/fr\\\/produit\\\/campo-santa-rosa-27-4ha-2\\\/#primaryimage\",\"url\":\"https:\\\/\\\/produncan.cl\\\/wp-content\\\/uploads\\\/2022\\\/10\\\/1Campo-Santa-Rosa.webp\",\"contentUrl\":\"https:\\\/\\\/produncan.cl\\\/wp-content\\\/uploads\\\/2022\\\/10\\\/1Campo-Santa-Rosa.webp\",\"width\":600,\"height\":450},{\"@type\":\"BreadcrumbList\",\"@id\":\"https:\\\/\\\/produncan.cl\\\/fr\\\/produit\\\/campo-santa-rosa-27-4ha-2\\\/#breadcrumb\",\"itemListElement\":[{\"@type\":\"ListItem\",\"position\":1,\"name\":\"Inicio\",\"item\":\"https:\\\/\\\/produncan.cl\\\/fr\\\/\"},{\"@type\":\"ListItem\",\"position\":2,\"name\":\"Propri\u00e9t\u00e9s\",\"item\":\"https:\\\/\\\/produncan.cl\\\/propiedades\\\/\"},{\"@type\":\"ListItem\",\"position\":3,\"name\":\"Champs\",\"item\":\"https:\\\/\\\/produncan.cl\\\/fr\\\/cat&eacute;gorie\\\/champs\\\/\"},{\"@type\":\"ListItem\",\"position\":4,\"name\":\"Campagne \u00e0 La Uni\u00f3n, Santa Rosa &#8211; R\u00e9gion de Los R\u00edos\"}]},{\"@type\":\"WebSite\",\"@id\":\"https:\\\/\\\/produncan.cl\\\/fr\\\/#website\",\"url\":\"https:\\\/\\\/produncan.cl\\\/fr\\\/\",\"name\":\"Produncan\",\"description\":\"Nous vous accompagnons dans votre projet de vie !\",\"publisher\":{\"@id\":\"https:\\\/\\\/produncan.cl\\\/fr\\\/#organization\"},\"potentialAction\":[{\"@type\":\"SearchAction\",\"target\":{\"@type\":\"EntryPoint\",\"urlTemplate\":\"https:\\\/\\\/produncan.cl\\\/fr\\\/?s={search_term_string}\"},\"query-input\":{\"@type\":\"PropertyValueSpecification\",\"valueRequired\":true,\"valueName\":\"search_term_string\"}}],\"inLanguage\":\"fr-FR\"},{\"@type\":\"Organization\",\"@id\":\"https:\\\/\\\/produncan.cl\\\/fr\\\/#organization\",\"name\":\"Produncan\",\"url\":\"https:\\\/\\\/produncan.cl\\\/fr\\\/\",\"logo\":{\"@type\":\"ImageObject\",\"inLanguage\":\"fr-FR\",\"@id\":\"https:\\\/\\\/produncan.cl\\\/fr\\\/#\\\/schema\\\/logo\\\/image\\\/\",\"url\":\"https:\\\/\\\/produncan.cl\\\/wp-content\\\/uploads\\\/2021\\\/03\\\/LOGO.jpeg\",\"contentUrl\":\"https:\\\/\\\/produncan.cl\\\/wp-content\\\/uploads\\\/2021\\\/03\\\/LOGO.jpeg\",\"width\":1280,\"height\":903,\"caption\":\"Produncan\"},\"image\":{\"@id\":\"https:\\\/\\\/produncan.cl\\\/fr\\\/#\\\/schema\\\/logo\\\/image\\\/\"},\"sameAs\":[\"https:\\\/\\\/web.facebook.com\\\/produncanland\",\"https:\\\/\\\/www.instagram.com\\\/pro_duncan\\\/\",\"https:\\\/\\\/www.linkedin.com\\\/company\\\/produncan-lands\\\/\",\"https:\\\/\\\/www.youtube.com\\\/channel\\\/UCu7N-f3x0svkazD-Eew1-QQ\"],\"description\":\"En Produncan somos especialistas en la venta de terrenos en el sur de Chile. Proveemos estancias, campos, parcelas y hoteles.\",\"email\":\"info@produncan.cl\"}]}<\/script>\n<meta property=\"og:video\" content=\"https:\/\/www.youtube.com\/embed\/lD1HS4g6I6Q\" \/>\n<meta property=\"og:video:type\" content=\"text\/html\" \/>\n<meta property=\"og:video:duration\" content=\"61\" \/>\n<meta property=\"og:video:width\" content=\"480\" \/>\n<meta property=\"og:video:height\" content=\"360\" \/>\n<meta property=\"ya:ovs:adult\" content=\"false\" \/>\n<meta property=\"ya:ovs:upload_date\" content=\"2022-02-18T21:30:05+00:00\" \/>\n<meta property=\"ya:ovs:allow_embed\" content=\"true\" \/>\n<meta property=\"product:price:amount\" content=\"652200.00\" \/>\n<meta property=\"product:price:currency\" content=\"USD\" \/>\n<meta property=\"og:availability\" content=\"instock\" \/>\n<meta property=\"product:availability\" content=\"instock\" \/>\n<meta property=\"product:condition\" content=\"new\" \/>\n<!-- \/ Yoast SEO Premium plugin. -->","yoast_head_json":{"title":"Campagne \u00e0 La Uni\u00f3n, Santa Rosa - R\u00e9gion de Los R\u00edos - Produncan","description":"Champ Santa Rosa 27,4ha, pr\u00e8s du lac Ranco, principalement plat avec une belle vue sur la cha\u00eene de montagnes. Elle dispose de l'\u00e9lectricit\u00e9, d'un signal, d'un estuaire, de sources et d'une rivi\u00e8re.","robots":{"index":"index","follow":"follow","max-snippet":"max-snippet:-1","max-image-preview":"max-image-preview:large","max-video-preview":"max-video-preview:-1"},"canonical":"https:\/\/produncan.cl\/fr\/produit\/campo-santa-rosa-27-4ha-2\/","og_locale":"fr_FR","og_type":"article","og_title":"Campagne \u00e0 La Uni\u00f3n, Santa Rosa - R\u00e9gion de Los R\u00edos","og_description":"Champ Santa Rosa 27,4ha, pr\u00e8s du lac Ranco, principalement plat avec une belle vue sur la cha\u00eene de montagnes. Elle dispose de l'\u00e9lectricit\u00e9, d'un signal, d'un estuaire, de sources et d'une rivi\u00e8re.","og_url":"https:\/\/produncan.cl\/fr\/produit\/campo-santa-rosa-27-4ha-2\/","og_site_name":"Produncan","article_publisher":"https:\/\/web.facebook.com\/produncanland","article_modified_time":"2025-08-19T16:07:49+00:00","og_image":[{"width":600,"height":450,"url":"https:\/\/produncan.cl\/wp-content\/uploads\/2022\/10\/1Campo-Santa-Rosa.webp","type":"image\/webp"}],"twitter_card":"summary_large_image","twitter_misc":{"Price":"USD652.200,00","Availability":"In stock"},"schema":{"@context":"https:\/\/schema.org","@graph":[{"@type":"WebPage","@id":"https:\/\/produncan.cl\/fr\/produit\/campo-santa-rosa-27-4ha-2\/","url":"https:\/\/produncan.cl\/fr\/produit\/campo-santa-rosa-27-4ha-2\/","name":"Campagne \u00e0 La Uni\u00f3n, Santa Rosa - R\u00e9gion de Los R\u00edos - Produncan","isPartOf":{"@id":"https:\/\/produncan.cl\/fr\/#website"},"primaryImageOfPage":{"@id":"https:\/\/produncan.cl\/fr\/produit\/campo-santa-rosa-27-4ha-2\/#primaryimage"},"image":{"@id":"https:\/\/produncan.cl\/fr\/produit\/campo-santa-rosa-27-4ha-2\/#primaryimage"},"thumbnailUrl":"https:\/\/produncan.cl\/wp-content\/uploads\/2022\/10\/1Campo-Santa-Rosa.webp","datePublished":"2022-02-18T21:30:05+00:00","dateModified":"2025-08-19T16:07:49+00:00","description":"Champ Santa Rosa 27,4ha, pr\u00e8s du lac Ranco, principalement plat avec une belle vue sur la cha\u00eene de montagnes. Elle dispose de l'\u00e9lectricit\u00e9, d'un signal, d'un estuaire, de sources et d'une rivi\u00e8re.","breadcrumb":{"@id":"https:\/\/produncan.cl\/fr\/produit\/campo-santa-rosa-27-4ha-2\/#breadcrumb"},"inLanguage":"fr-FR","potentialAction":[{"@type":"ReadAction","target":["https:\/\/produncan.cl\/fr\/produit\/campo-santa-rosa-27-4ha-2\/"]}]},{"@type":"ImageObject","inLanguage":"fr-FR","@id":"https:\/\/produncan.cl\/fr\/produit\/campo-santa-rosa-27-4ha-2\/#primaryimage","url":"https:\/\/produncan.cl\/wp-content\/uploads\/2022\/10\/1Campo-Santa-Rosa.webp","contentUrl":"https:\/\/produncan.cl\/wp-content\/uploads\/2022\/10\/1Campo-Santa-Rosa.webp","width":600,"height":450},{"@type":"BreadcrumbList","@id":"https:\/\/produncan.cl\/fr\/produit\/campo-santa-rosa-27-4ha-2\/#breadcrumb","itemListElement":[{"@type":"ListItem","position":1,"name":"Inicio","item":"https:\/\/produncan.cl\/fr\/"},{"@type":"ListItem","position":2,"name":"Propri\u00e9t\u00e9s","item":"https:\/\/produncan.cl\/propiedades\/"},{"@type":"ListItem","position":3,"name":"Champs","item":"https:\/\/produncan.cl\/fr\/cat&eacute;gorie\/champs\/"},{"@type":"ListItem","position":4,"name":"Campagne \u00e0 La Uni\u00f3n, Santa Rosa &#8211; R\u00e9gion de Los R\u00edos"}]},{"@type":"WebSite","@id":"https:\/\/produncan.cl\/fr\/#website","url":"https:\/\/produncan.cl\/fr\/","name":"Produncan","description":"Nous vous accompagnons dans votre projet de vie !","publisher":{"@id":"https:\/\/produncan.cl\/fr\/#organization"},"potentialAction":[{"@type":"SearchAction","target":{"@type":"EntryPoint","urlTemplate":"https:\/\/produncan.cl\/fr\/?s={search_term_string}"},"query-input":{"@type":"PropertyValueSpecification","valueRequired":true,"valueName":"search_term_string"}}],"inLanguage":"fr-FR"},{"@type":"Organization","@id":"https:\/\/produncan.cl\/fr\/#organization","name":"Produncan","url":"https:\/\/produncan.cl\/fr\/","logo":{"@type":"ImageObject","inLanguage":"fr-FR","@id":"https:\/\/produncan.cl\/fr\/#\/schema\/logo\/image\/","url":"https:\/\/produncan.cl\/wp-content\/uploads\/2021\/03\/LOGO.jpeg","contentUrl":"https:\/\/produncan.cl\/wp-content\/uploads\/2021\/03\/LOGO.jpeg","width":1280,"height":903,"caption":"Produncan"},"image":{"@id":"https:\/\/produncan.cl\/fr\/#\/schema\/logo\/image\/"},"sameAs":["https:\/\/web.facebook.com\/produncanland","https:\/\/www.instagram.com\/pro_duncan\/","https:\/\/www.linkedin.com\/company\/produncan-lands\/","https:\/\/www.youtube.com\/channel\/UCu7N-f3x0svkazD-Eew1-QQ"],"description":"En Produncan somos especialistas en la venta de terrenos en el sur de Chile. Proveemos estancias, campos, parcelas y hoteles.","email":"info@produncan.cl"}]},"og_video":"https:\/\/www.youtube.com\/embed\/lD1HS4g6I6Q","og_video_type":"text\/html","og_video_duration":"61","og_video_width":"480","og_video_height":"360","ya_ovs_adult":"false","ya_ovs_upload_date":"2022-02-18T21:30:05+00:00","ya_ovs_allow_embed":"true","product_price_amount":"652200.00","product_price_currency":"USD","og_availability":"instock","product_availability":"instock","product_condition":"new"},"_links":{"self":[{"href":"https:\/\/produncan.cl\/fr\/wp-json\/wp\/v2\/product\/7828","targetHints":{"allow":["GET"]}}],"collection":[{"href":"https:\/\/produncan.cl\/fr\/wp-json\/wp\/v2\/product"}],"about":[{"href":"https:\/\/produncan.cl\/fr\/wp-json\/wp\/v2\/types\/product"}],"version-history":[{"count":0,"href":"https:\/\/produncan.cl\/fr\/wp-json\/wp\/v2\/product\/7828\/revisions"}],"wp:featuredmedia":[{"embeddable":true,"href":"https:\/\/produncan.cl\/fr\/wp-json\/wp\/v2\/media\/7089"}],"wp:attachment":[{"href":"https:\/\/produncan.cl\/fr\/wp-json\/wp\/v2\/media?parent=7828"}],"wp:term":[{"taxonomy":"product_brand","embeddable":true,"href":"https:\/\/produncan.cl\/fr\/wp-json\/wp\/v2\/product_brand?post=7828"},{"taxonomy":"product_cat","embeddable":true,"href":"https:\/\/produncan.cl\/fr\/wp-json\/wp\/v2\/product_cat?post=7828"},{"taxonomy":"product_tag","embeddable":true,"href":"https:\/\/produncan.cl\/fr\/wp-json\/wp\/v2\/product_tag?post=7828"},{"taxonomy":"regiones","embeddable":true,"href":"https:\/\/produncan.cl\/fr\/wp-json\/wp\/v2\/regiones?post=7828"},{"taxonomy":"ciudades","embeddable":true,"href":"https:\/\/produncan.cl\/fr\/wp-json\/wp\/v2\/ciudades?post=7828"}],"curies":[{"name":"wp","href":"https:\/\/api.w.org\/{rel}","templated":true}]}}