{"id":7830,"date":"2021-10-04T12:24:10","date_gmt":"2021-10-04T15:24:10","guid":{"rendered":"https:\/\/produncan.cl\/producto\/site-de-llanquihue\/"},"modified":"2025-12-26T17:29:21","modified_gmt":"2025-12-26T20:29:21","slug":"site-llanquihue","status":"publish","type":"product","link":"https:\/\/produncan.cl\/fr\/produit\/site-llanquihue\/","title":{"rendered":"Sitio Llanquihue 2222m\u00b2 &#8211; R\u00e9gion de Los Lagos"},"content":{"rendered":"\t\t<div data-elementor-type=\"product-post\" data-elementor-id=\"7830\" class=\"elementor elementor-7830 elementor-3371\" data-elementor-post-type=\"product\">\n\t\t\t\t\t\t<section class=\"elementor-section elementor-top-section elementor-element elementor-element-5ef9db5b elementor-section-boxed elementor-section-height-default elementor-section-height-default\" data-id=\"5ef9db5b\" data-element_type=\"section\" data-e-type=\"section\" data-settings=\"{&quot;jet_parallax_layout_list&quot;:[]}\">\n\t\t\t\t\t\t<div class=\"elementor-container elementor-column-gap-default\">\n\t\t\t\t\t<div class=\"elementor-column elementor-col-100 elementor-top-column elementor-element elementor-element-7fb16f07\" data-id=\"7fb16f07\" data-element_type=\"column\" data-e-type=\"column\">\n\t\t\t<div class=\"elementor-widget-wrap elementor-element-populated\">\n\t\t\t\t\t\t<div class=\"elementor-element elementor-element-4e3eba4c elementor-widget elementor-widget-text-editor\" data-id=\"4e3eba4c\" data-element_type=\"widget\" data-e-type=\"widget\" data-widget_type=\"text-editor.default\">\n\t\t\t\t\t\t\t\t\t<h2>UN ENDROIT ID\u00c9AL \u00c0 LLANQUIHUE POUR R\u00c9ALISER VOTRE PROJET D&#8217;HABITATION ET COMMERCIAL !<\/h2>\n<p>R\u00e9alisez votre projet sur un site de 2222m\u00b2 strat\u00e9giquement situ\u00e9 au centre de la ville de Llanquihue. \u00c0 deux p\u00e2t\u00e9s de maisons de l&#8217;h\u00f4tel de ville et du bord du lac.<\/p>\n<p>La ville de Llanquihue est connue pour son histoire, qui remonte \u00e0 1852, pour avoir la meilleure vue sur les volcans du lac et o\u00f9 na\u00eet la c\u00e9l\u00e8bre rivi\u00e8re Maull\u00edn. Elle n&#8217;est qu&#8217;\u00e0 quelques minutes au nord de Puerto Varas, et promet de devenir un centre de fort d\u00e9veloppement.<\/p>\n<p>Le terrain total \u00e0 vendre de 2222m\u00b2 est compos\u00e9 de deux terrains attenants, l&#8217;un de 972m\u00b2 et l&#8217;autre de 1250m\u00b2. Tous deux avec Certificat de Rapports Pr\u00e9alables (CIP) zone C et H-2, la premi\u00e8re zone permettant une hauteur de 15,6mts et une constructibilit\u00e9 de 2,5, et la seconde, indiquant une hauteur de 6mts et une constructibilit\u00e9 de 1, ratios qui devraient \u00eatre am\u00e9lior\u00e9s par fusion.<\/p>\n<p>En outre, les deux sites ont :<\/p>\n<ul>\n<li>Une grande maison<\/li>\n<li>Abri,<\/li>\n<li>Fruit trees<\/li>\n<li>Entr\u00e9es de v\u00e9hicules.<\/li>\n<\/ul>\n<div> <\/div>\n<p>Les deux sites sont directement adjacents \u00e0 deux rues importantes du centre-ville. De plus, ils sont situ\u00e9s en face de Covepa, \u00e0 un demi-p\u00e2t\u00e9 de maisons de Modinger (Llanquihue jerky), et \u00e0 quelques pas du centre civique et du bord du lac.<\/p>\n<h3>La croissance se concentre sur Llanquihue<\/h3>\n<p>Llanquihue subit actuellement le d\u00e9bordement naturel des villes de Puerto Varas et Frutillar, o\u00f9 les prix atteignent des niveaux record. Aujourd&#8217;hui, la meilleure alternative pour acheter \u00e0 des prix raisonnables est Llanquihue, une ville qui promet de devenir le nouveau p\u00f4le de croissance.<\/p>\n<p>La localit\u00e9 borde la Ruta 5 sud, dispose de 4 acc\u00e8s, et \u00e0 l&#8217;avenir d&#8217;un 5e acc\u00e8s \u00e0 partir du front de mer projet\u00e9 qui viendra de Puerto Varas. En outre, elle poss\u00e8de d\u00e9j\u00e0 des quartiers, des magasins, des maisons et des appartements de haut standing, tout en conservant l&#8217;esth\u00e9tique ancienne de ses origines allemandes.<\/p>\n<p>Llanquihue a \u00e9t\u00e9 fond\u00e9e par des colons allemands en 1852 et stimul\u00e9e par le chemin de fer en 1907, qui a permis le d\u00e9veloppement des premi\u00e8res usines agro-industrielles et, plus tard, l&#8217;installation de grandes entreprises telles que Cecinas Llanquihue, Proagar, Nestl\u00e9, le parc \u00e9olien Aurora et R\u00eda Austral, entre autres.<\/p>\n<p>Le prix est de 15 UF x m\u00b2.<\/p>\n<p>N&#8217;ATTENDEZ PLUS ET INVESTISSEZ DANS UN TERRAIN AVEC UNE TR\u00c8S FORTE PLUS-VALUE !<\/p>\n\t\t\t\t\t\t\t\t<\/div>\n\t\t\t\t\t<\/div>\n\t\t<\/div>\n\t\t\t\t\t<\/div>\n\t\t<\/section>\n\t\t\t\t<\/div>\n\t\t","protected":false},"excerpt":{"rendered":"<p>Terrain de 2222m\u00b2 au centre de Llanquihue avec grande maison, hangar, arbres fruitiers.<\/p>\n","protected":false},"featured_media":51083,"template":"","meta":{"_acf_changed":false},"product_brand":[],"product_cat":[113],"product_tag":[442],"regiones":[226],"ciudades":[229],"class_list":{"0":"post-7830","1":"product","2":"type-product","3":"status-publish","4":"has-post-thumbnail","6":"product_cat-ohiggins-los-lagos-fr","7":"product_tag-proprietes-urbaines","8":"regiones-nuble-los_lagos","9":"ciudades-llanquihue","11":"first","12":"instock","13":"sold-individually","14":"shipping-taxable","15":"purchasable","16":"product-type-simple"},"acf":[],"yoast_head":"<!-- This site is optimized with the Yoast SEO Premium plugin v26.0 (Yoast SEO v27.3) - https:\/\/yoast.com\/product\/yoast-seo-premium-wordpress\/ -->\n<title>Sitio Llanquihue 2222m\u00b2 - R\u00e9gion de Los Lagos - Produncan<\/title>\n<meta name=\"description\" content=\"Site de 2222m\u00b2 situ\u00e9 strat\u00e9giquement au centre de Llanquihue et \u00e0 deux p\u00e2t\u00e9s de maisons de la municipalit\u00e9 et du bord du lac.\" \/>\n<meta name=\"robots\" content=\"index, follow, max-snippet:-1, max-image-preview:large, max-video-preview:-1\" \/>\n<link rel=\"canonical\" href=\"https:\/\/produncan.cl\/fr\/produit\/site-llanquihue\/\" \/>\n<meta property=\"og:locale\" content=\"fr_FR\" \/>\n<meta property=\"og:type\" content=\"article\" \/>\n<meta property=\"og:title\" content=\"Sitio Llanquihue 2222m\u00b2 - R\u00e9gion de Los Lagos\" \/>\n<meta property=\"og:description\" content=\"Site de 2222m\u00b2 situ\u00e9 strat\u00e9giquement au centre de Llanquihue et \u00e0 deux p\u00e2t\u00e9s de maisons de la municipalit\u00e9 et du bord du lac.\" \/>\n<meta property=\"og:url\" content=\"https:\/\/produncan.cl\/fr\/produit\/site-llanquihue\/\" \/>\n<meta property=\"og:site_name\" content=\"Produncan\" \/>\n<meta property=\"article:publisher\" content=\"https:\/\/web.facebook.com\/produncanland\" \/>\n<meta property=\"article:modified_time\" content=\"2025-12-26T20:29:21+00:00\" \/>\n<meta property=\"og:image\" content=\"https:\/\/produncan.cl\/wp-content\/uploads\/2021\/10\/Sitio-En-venta-en-Llanquihue.webp\" \/>\n\t<meta property=\"og:image:width\" content=\"800\" \/>\n\t<meta property=\"og:image:height\" content=\"600\" \/>\n\t<meta property=\"og:image:type\" content=\"image\/webp\" \/>\n<meta name=\"twitter:card\" content=\"summary_large_image\" \/>\n<meta name=\"twitter:label1\" content=\"Price\" \/>\n\t<meta name=\"twitter:data1\" content=\"USD527.000,00\" \/>\n\t<meta name=\"twitter:label2\" content=\"Availability\" \/>\n\t<meta name=\"twitter:data2\" content=\"In stock\" \/>\n<script type=\"application\/ld+json\" class=\"yoast-schema-graph\">{\"@context\":\"https:\\\/\\\/schema.org\",\"@graph\":[{\"@type\":\"WebPage\",\"@id\":\"https:\\\/\\\/produncan.cl\\\/fr\\\/produit\\\/site-llanquihue\\\/\",\"url\":\"https:\\\/\\\/produncan.cl\\\/fr\\\/produit\\\/site-llanquihue\\\/\",\"name\":\"Sitio Llanquihue 2222m\u00b2 - R\u00e9gion de Los Lagos - Produncan\",\"isPartOf\":{\"@id\":\"https:\\\/\\\/produncan.cl\\\/fr\\\/#website\"},\"primaryImageOfPage\":{\"@id\":\"https:\\\/\\\/produncan.cl\\\/fr\\\/produit\\\/site-llanquihue\\\/#primaryimage\"},\"image\":{\"@id\":\"https:\\\/\\\/produncan.cl\\\/fr\\\/produit\\\/site-llanquihue\\\/#primaryimage\"},\"thumbnailUrl\":\"https:\\\/\\\/produncan.cl\\\/wp-content\\\/uploads\\\/2021\\\/10\\\/Sitio-En-venta-en-Llanquihue.webp\",\"datePublished\":\"2021-10-04T15:24:10+00:00\",\"dateModified\":\"2025-12-26T20:29:21+00:00\",\"description\":\"Site de 2222m\u00b2 situ\u00e9 strat\u00e9giquement au centre de Llanquihue et \u00e0 deux p\u00e2t\u00e9s de maisons de la municipalit\u00e9 et du bord du lac.\",\"breadcrumb\":{\"@id\":\"https:\\\/\\\/produncan.cl\\\/fr\\\/produit\\\/site-llanquihue\\\/#breadcrumb\"},\"inLanguage\":\"fr-FR\",\"potentialAction\":[{\"@type\":\"ReadAction\",\"target\":[\"https:\\\/\\\/produncan.cl\\\/fr\\\/produit\\\/site-llanquihue\\\/\"]}]},{\"@type\":\"ImageObject\",\"inLanguage\":\"fr-FR\",\"@id\":\"https:\\\/\\\/produncan.cl\\\/fr\\\/produit\\\/site-llanquihue\\\/#primaryimage\",\"url\":\"https:\\\/\\\/produncan.cl\\\/wp-content\\\/uploads\\\/2021\\\/10\\\/Sitio-En-venta-en-Llanquihue.webp\",\"contentUrl\":\"https:\\\/\\\/produncan.cl\\\/wp-content\\\/uploads\\\/2021\\\/10\\\/Sitio-En-venta-en-Llanquihue.webp\",\"width\":800,\"height\":600,\"caption\":\"Sitio En venta en Llanquihue\"},{\"@type\":\"BreadcrumbList\",\"@id\":\"https:\\\/\\\/produncan.cl\\\/fr\\\/produit\\\/site-llanquihue\\\/#breadcrumb\",\"itemListElement\":[{\"@type\":\"ListItem\",\"position\":1,\"name\":\"Inicio\",\"item\":\"https:\\\/\\\/produncan.cl\\\/fr\\\/\"},{\"@type\":\"ListItem\",\"position\":2,\"name\":\"Propri\u00e9t\u00e9s\",\"item\":\"https:\\\/\\\/produncan.cl\\\/propiedades\\\/\"},{\"@type\":\"ListItem\",\"position\":3,\"name\":\"Propri\u00e9t\u00e9s urbaines\",\"item\":\"https:\\\/\\\/produncan.cl\\\/fr\\\/cat&eacute;gorie\\\/proprietes-urbaines\\\/\"},{\"@type\":\"ListItem\",\"position\":4,\"name\":\"Sitio Llanquihue 2222m\u00b2 &#8211; R\u00e9gion de Los Lagos\"}]},{\"@type\":\"WebSite\",\"@id\":\"https:\\\/\\\/produncan.cl\\\/fr\\\/#website\",\"url\":\"https:\\\/\\\/produncan.cl\\\/fr\\\/\",\"name\":\"Produncan\",\"description\":\"Nous vous accompagnons dans votre projet de vie !\",\"publisher\":{\"@id\":\"https:\\\/\\\/produncan.cl\\\/fr\\\/#organization\"},\"potentialAction\":[{\"@type\":\"SearchAction\",\"target\":{\"@type\":\"EntryPoint\",\"urlTemplate\":\"https:\\\/\\\/produncan.cl\\\/fr\\\/?s={search_term_string}\"},\"query-input\":{\"@type\":\"PropertyValueSpecification\",\"valueRequired\":true,\"valueName\":\"search_term_string\"}}],\"inLanguage\":\"fr-FR\"},{\"@type\":\"Organization\",\"@id\":\"https:\\\/\\\/produncan.cl\\\/fr\\\/#organization\",\"name\":\"Produncan\",\"url\":\"https:\\\/\\\/produncan.cl\\\/fr\\\/\",\"logo\":{\"@type\":\"ImageObject\",\"inLanguage\":\"fr-FR\",\"@id\":\"https:\\\/\\\/produncan.cl\\\/fr\\\/#\\\/schema\\\/logo\\\/image\\\/\",\"url\":\"https:\\\/\\\/produncan.cl\\\/wp-content\\\/uploads\\\/2021\\\/03\\\/LOGO.jpeg\",\"contentUrl\":\"https:\\\/\\\/produncan.cl\\\/wp-content\\\/uploads\\\/2021\\\/03\\\/LOGO.jpeg\",\"width\":1280,\"height\":903,\"caption\":\"Produncan\"},\"image\":{\"@id\":\"https:\\\/\\\/produncan.cl\\\/fr\\\/#\\\/schema\\\/logo\\\/image\\\/\"},\"sameAs\":[\"https:\\\/\\\/web.facebook.com\\\/produncanland\",\"https:\\\/\\\/www.instagram.com\\\/pro_duncan\\\/\",\"https:\\\/\\\/www.linkedin.com\\\/company\\\/produncan-lands\\\/\",\"https:\\\/\\\/www.youtube.com\\\/channel\\\/UCu7N-f3x0svkazD-Eew1-QQ\"],\"description\":\"En Produncan somos especialistas en la venta de terrenos en el sur de Chile. Proveemos estancias, campos, parcelas y hoteles.\",\"email\":\"info@produncan.cl\"}]}<\/script>\n<meta property=\"og:video\" content=\"https:\/\/www.youtube.com\/embed\/mIDnnwm88rM\" \/>\n<meta property=\"og:video:type\" content=\"text\/html\" \/>\n<meta property=\"og:video:duration\" content=\"56\" \/>\n<meta property=\"og:video:width\" content=\"480\" \/>\n<meta property=\"og:video:height\" content=\"270\" \/>\n<meta property=\"ya:ovs:adult\" content=\"false\" \/>\n<meta property=\"ya:ovs:upload_date\" content=\"2021-10-04T15:24:10+00:00\" \/>\n<meta property=\"ya:ovs:allow_embed\" content=\"true\" \/>\n<meta property=\"product:price:amount\" content=\"527000.00\" \/>\n<meta property=\"product:price:currency\" content=\"USD\" \/>\n<meta property=\"og:availability\" content=\"instock\" \/>\n<meta property=\"product:availability\" content=\"instock\" \/>\n<meta property=\"product:condition\" content=\"new\" \/>\n<!-- \/ Yoast SEO Premium plugin. -->","yoast_head_json":{"title":"Sitio Llanquihue 2222m\u00b2 - R\u00e9gion de Los Lagos - Produncan","description":"Site de 2222m\u00b2 situ\u00e9 strat\u00e9giquement au centre de Llanquihue et \u00e0 deux p\u00e2t\u00e9s de maisons de la municipalit\u00e9 et du bord du lac.","robots":{"index":"index","follow":"follow","max-snippet":"max-snippet:-1","max-image-preview":"max-image-preview:large","max-video-preview":"max-video-preview:-1"},"canonical":"https:\/\/produncan.cl\/fr\/produit\/site-llanquihue\/","og_locale":"fr_FR","og_type":"article","og_title":"Sitio Llanquihue 2222m\u00b2 - R\u00e9gion de Los Lagos","og_description":"Site de 2222m\u00b2 situ\u00e9 strat\u00e9giquement au centre de Llanquihue et \u00e0 deux p\u00e2t\u00e9s de maisons de la municipalit\u00e9 et du bord du lac.","og_url":"https:\/\/produncan.cl\/fr\/produit\/site-llanquihue\/","og_site_name":"Produncan","article_publisher":"https:\/\/web.facebook.com\/produncanland","article_modified_time":"2025-12-26T20:29:21+00:00","og_image":[{"width":800,"height":600,"url":"https:\/\/produncan.cl\/wp-content\/uploads\/2021\/10\/Sitio-En-venta-en-Llanquihue.webp","type":"image\/webp"}],"twitter_card":"summary_large_image","twitter_misc":{"Price":"USD527.000,00","Availability":"In stock"},"schema":{"@context":"https:\/\/schema.org","@graph":[{"@type":"WebPage","@id":"https:\/\/produncan.cl\/fr\/produit\/site-llanquihue\/","url":"https:\/\/produncan.cl\/fr\/produit\/site-llanquihue\/","name":"Sitio Llanquihue 2222m\u00b2 - R\u00e9gion de Los Lagos - Produncan","isPartOf":{"@id":"https:\/\/produncan.cl\/fr\/#website"},"primaryImageOfPage":{"@id":"https:\/\/produncan.cl\/fr\/produit\/site-llanquihue\/#primaryimage"},"image":{"@id":"https:\/\/produncan.cl\/fr\/produit\/site-llanquihue\/#primaryimage"},"thumbnailUrl":"https:\/\/produncan.cl\/wp-content\/uploads\/2021\/10\/Sitio-En-venta-en-Llanquihue.webp","datePublished":"2021-10-04T15:24:10+00:00","dateModified":"2025-12-26T20:29:21+00:00","description":"Site de 2222m\u00b2 situ\u00e9 strat\u00e9giquement au centre de Llanquihue et \u00e0 deux p\u00e2t\u00e9s de maisons de la municipalit\u00e9 et du bord du lac.","breadcrumb":{"@id":"https:\/\/produncan.cl\/fr\/produit\/site-llanquihue\/#breadcrumb"},"inLanguage":"fr-FR","potentialAction":[{"@type":"ReadAction","target":["https:\/\/produncan.cl\/fr\/produit\/site-llanquihue\/"]}]},{"@type":"ImageObject","inLanguage":"fr-FR","@id":"https:\/\/produncan.cl\/fr\/produit\/site-llanquihue\/#primaryimage","url":"https:\/\/produncan.cl\/wp-content\/uploads\/2021\/10\/Sitio-En-venta-en-Llanquihue.webp","contentUrl":"https:\/\/produncan.cl\/wp-content\/uploads\/2021\/10\/Sitio-En-venta-en-Llanquihue.webp","width":800,"height":600,"caption":"Sitio En venta en Llanquihue"},{"@type":"BreadcrumbList","@id":"https:\/\/produncan.cl\/fr\/produit\/site-llanquihue\/#breadcrumb","itemListElement":[{"@type":"ListItem","position":1,"name":"Inicio","item":"https:\/\/produncan.cl\/fr\/"},{"@type":"ListItem","position":2,"name":"Propri\u00e9t\u00e9s","item":"https:\/\/produncan.cl\/propiedades\/"},{"@type":"ListItem","position":3,"name":"Propri\u00e9t\u00e9s urbaines","item":"https:\/\/produncan.cl\/fr\/cat&eacute;gorie\/proprietes-urbaines\/"},{"@type":"ListItem","position":4,"name":"Sitio Llanquihue 2222m\u00b2 &#8211; R\u00e9gion de Los Lagos"}]},{"@type":"WebSite","@id":"https:\/\/produncan.cl\/fr\/#website","url":"https:\/\/produncan.cl\/fr\/","name":"Produncan","description":"Nous vous accompagnons dans votre projet de vie !","publisher":{"@id":"https:\/\/produncan.cl\/fr\/#organization"},"potentialAction":[{"@type":"SearchAction","target":{"@type":"EntryPoint","urlTemplate":"https:\/\/produncan.cl\/fr\/?s={search_term_string}"},"query-input":{"@type":"PropertyValueSpecification","valueRequired":true,"valueName":"search_term_string"}}],"inLanguage":"fr-FR"},{"@type":"Organization","@id":"https:\/\/produncan.cl\/fr\/#organization","name":"Produncan","url":"https:\/\/produncan.cl\/fr\/","logo":{"@type":"ImageObject","inLanguage":"fr-FR","@id":"https:\/\/produncan.cl\/fr\/#\/schema\/logo\/image\/","url":"https:\/\/produncan.cl\/wp-content\/uploads\/2021\/03\/LOGO.jpeg","contentUrl":"https:\/\/produncan.cl\/wp-content\/uploads\/2021\/03\/LOGO.jpeg","width":1280,"height":903,"caption":"Produncan"},"image":{"@id":"https:\/\/produncan.cl\/fr\/#\/schema\/logo\/image\/"},"sameAs":["https:\/\/web.facebook.com\/produncanland","https:\/\/www.instagram.com\/pro_duncan\/","https:\/\/www.linkedin.com\/company\/produncan-lands\/","https:\/\/www.youtube.com\/channel\/UCu7N-f3x0svkazD-Eew1-QQ"],"description":"En Produncan somos especialistas en la venta de terrenos en el sur de Chile. Proveemos estancias, campos, parcelas y hoteles.","email":"info@produncan.cl"}]},"og_video":"https:\/\/www.youtube.com\/embed\/mIDnnwm88rM","og_video_type":"text\/html","og_video_duration":"56","og_video_width":"480","og_video_height":"270","ya_ovs_adult":"false","ya_ovs_upload_date":"2021-10-04T15:24:10+00:00","ya_ovs_allow_embed":"true","product_price_amount":"527000.00","product_price_currency":"USD","og_availability":"instock","product_availability":"instock","product_condition":"new"},"_links":{"self":[{"href":"https:\/\/produncan.cl\/fr\/wp-json\/wp\/v2\/product\/7830","targetHints":{"allow":["GET"]}}],"collection":[{"href":"https:\/\/produncan.cl\/fr\/wp-json\/wp\/v2\/product"}],"about":[{"href":"https:\/\/produncan.cl\/fr\/wp-json\/wp\/v2\/types\/product"}],"version-history":[{"count":3,"href":"https:\/\/produncan.cl\/fr\/wp-json\/wp\/v2\/product\/7830\/revisions"}],"predecessor-version":[{"id":54240,"href":"https:\/\/produncan.cl\/fr\/wp-json\/wp\/v2\/product\/7830\/revisions\/54240"}],"wp:featuredmedia":[{"embeddable":true,"href":"https:\/\/produncan.cl\/fr\/wp-json\/wp\/v2\/media\/51083"}],"wp:attachment":[{"href":"https:\/\/produncan.cl\/fr\/wp-json\/wp\/v2\/media?parent=7830"}],"wp:term":[{"taxonomy":"product_brand","embeddable":true,"href":"https:\/\/produncan.cl\/fr\/wp-json\/wp\/v2\/product_brand?post=7830"},{"taxonomy":"product_cat","embeddable":true,"href":"https:\/\/produncan.cl\/fr\/wp-json\/wp\/v2\/product_cat?post=7830"},{"taxonomy":"product_tag","embeddable":true,"href":"https:\/\/produncan.cl\/fr\/wp-json\/wp\/v2\/product_tag?post=7830"},{"taxonomy":"regiones","embeddable":true,"href":"https:\/\/produncan.cl\/fr\/wp-json\/wp\/v2\/regiones?post=7830"},{"taxonomy":"ciudades","embeddable":true,"href":"https:\/\/produncan.cl\/fr\/wp-json\/wp\/v2\/ciudades?post=7830"}],"curies":[{"name":"wp","href":"https:\/\/api.w.org\/{rel}","templated":true}]}}