{"id":7833,"date":"2022-09-28T13:02:51","date_gmt":"2022-09-28T16:02:51","guid":{"rendered":"https:\/\/produncan.cl\/producto\/ile-kruger\/"},"modified":"2025-08-20T17:43:19","modified_gmt":"2025-08-20T21:43:19","slug":"island-kruger","status":"publish","type":"product","link":"https:\/\/produncan.cl\/fr\/produit\/island-kruger\/","title":{"rendered":"Isla Kruger &#8211; Fiordo Eberhard, Natales"},"content":{"rendered":"\t\t<div data-elementor-type=\"product-post\" data-elementor-id=\"7833\" class=\"elementor elementor-7833 elementor-1611\" data-elementor-post-type=\"product\">\n\t\t\t\t<div class=\"elementor-element elementor-element-e785f86 e-flex e-con-boxed e-con e-parent\" data-id=\"e785f86\" data-element_type=\"container\" data-e-type=\"container\" data-settings=\"{&quot;jet_parallax_layout_list&quot;:[]}\">\n\t\t\t\t\t<div class=\"e-con-inner\">\n\t\t\t\t<div class=\"elementor-element elementor-element-6ce3609 elementor-widget elementor-widget-heading\" data-id=\"6ce3609\" data-element_type=\"widget\" data-e-type=\"widget\" data-widget_type=\"heading.default\">\n\t\t\t\t\t<h2 class=\"elementor-heading-title elementor-size-default\">Investir o\u00f9 l'histoire et la nature embrassent en Patagonie<\/h2>\t\t\t\t<\/div>\n\t\t\t\t\t<\/div>\n\t\t\t\t<\/div>\n\t\t<div class=\"elementor-element elementor-element-9d99f18 e-flex e-con-boxed e-con e-parent\" data-id=\"9d99f18\" data-element_type=\"container\" data-e-type=\"container\" data-settings=\"{&quot;jet_parallax_layout_list&quot;:[]}\">\n\t\t\t\t\t<div class=\"e-con-inner\">\n\t\t\t\t<div class=\"elementor-element elementor-element-91c69a7 elementor-widget elementor-widget-text-editor\" data-id=\"91c69a7\" data-element_type=\"widget\" data-e-type=\"widget\" data-widget_type=\"text-editor.default\">\n\t\t\t\t\t\t\t\t\t<p>\u00c0 l&#8217;extr\u00e9mit\u00e9 sud du monde, o\u00f9 le temps semble s&#8217;\u00eatre arr\u00eat\u00e9 et o\u00f9 la nature a conserv\u00e9 sa puret\u00e9 originelle, se trouve un endroit qui semble tout droit sorti d&#8217;un r\u00eave : l&#8217;\u00eele Kruger. Un paradis de 14,55 hectares qui flotte paisiblement dans le fjord Eberhard, \u00e0 seulement 500 m\u00e8tres du continent et \u00e0 quelques minutes de Puerto Natales, la porte d&#8217;entr\u00e9e du parc national Torres del Paine. <\/p><p>Cette \u00eele n&#8217;est pas seulement un terrain, c&#8217;est une invitation \u00e0 l&#8217;imagination. Avec ses vues majestueuses sur les Torres del Paine et entour\u00e9e d&#8217;eaux calmes et prot\u00e9g\u00e9es, l&#8217;\u00eele Kruger est parfaite pour d\u00e9velopper un projet touristique haut de gamme, tel qu&#8217;un lodge boutique, un club de yachting exclusif ou une marina de luxe. L&#8217;environnement est s\u00fbr, inspirant et profond\u00e9ment li\u00e9 \u00e0 l&#8217;histoire de la colonisation d&#8217;\u00daltima Esperanza, \u00e0 la fin du XIXe si\u00e8cle.  <\/p><p>La propri\u00e9t\u00e9 comprend des b\u00e2timents existants, une maison principale de 190 m\u00b2 et des constructions annexes, des services de base autonomes et un embarcad\u00e8re enregistr\u00e9 qui permet un acc\u00e8s rapide depuis Puerto Natales, voire en h\u00e9licopt\u00e8re ou en hydravion.<\/p><p>Au-del\u00e0 de sa beaut\u00e9 naturelle impressionnante et de son emplacement strat\u00e9gique, l&#8217;\u00eele Kruger est \u00e9galement un symbole historique : elle est \u00e9troitement li\u00e9e aux premiers processus d&#8217;exploration et de colonisation de la r\u00e9gion, t\u00e9moin de la migration depuis les villages primitifs de Puerto Prat vers ce que nous connaissons aujourd&#8217;hui sous le nom de Puerto Natales. L&#8217;\u00eele porte le nom de Ricardo Kruger Lei, un pionnier allemand qui a jou\u00e9 un r\u00f4le cl\u00e9 dans l&#8217;affirmation de la souverainet\u00e9 chilienne en Patagonie. Son h\u00e9ritage est encore pr\u00e9sent dans ces terres silencieuses, o\u00f9 les falaises, les oiseaux, le vent et l&#8217;histoire cohabitent en harmonie.  <\/p><p>Une opportunit\u00e9 exceptionnelle<\/p><ul><li>Prix de vente : 850 000 000 CLP<\/li><li>\u00c9valuation TINSA (ao\u00fbt 2025) : UF 25 505,42 (1 000 052 858 CLP)<\/li><li>Superficie : 14,55 hectares selon les mesures satellitaires<\/li><li>Type de propri\u00e9t\u00e9 : Site rural \u00e0 usage agricole, avec potentiel touristique et r\u00e9sidentiel<\/li><li>Emplacement : Fjord Eberhard, Puerto Natales, r\u00e9gion de Magellan et de l&#8217;Antarctique chilien<br><br><\/li><\/ul><p>L&#8217;\u00eele Kruger \u00e0 Puerto Natales n&#8217;est pas seulement un investissement : c&#8217;est une d\u00e9claration d&#8217;amour pour la nature, l&#8217;histoire et la vie authentique. C&#8217;est l&#8217;endroit id\u00e9al pour ceux qui r\u00eavent de cr\u00e9er un refuge unique en Patagonie, o\u00f9 la paix et la grandeur du paysage font partie du quotidien. <br>Contactez-nous pour d\u00e9couvrir ce coin unique au monde. L&#8217;avenir de la Patagonie pourrait commencer ici.  <\/p>\t\t\t\t\t\t\t\t<\/div>\n\t\t\t\t\t<\/div>\n\t\t\t\t<\/div>\n\t\t\t\t<\/div>\n\t\t","protected":false},"excerpt":{"rendered":"<p>\u00cele dans le fjord Eberhard Puerto Natales. Avec maison de ma\u00eetre, installations et proximit\u00e9 du continent et de l&#8217;a\u00e9roport. Id\u00e9al pour d\u00e9velopper un lodge et une marina. C&#8217;est ici qu&#8217;a commenc\u00e9 l&#8217;histoire des premiers colons qui sont arriv\u00e9s \u00e0 Puerto Natales.    <\/p>\n","protected":false},"featured_media":47431,"template":"","meta":{"_acf_changed":false},"product_brand":[],"product_cat":[129],"product_tag":[233,237],"regiones":[225],"ciudades":[210],"class_list":{"0":"post-7833","1":"product","2":"type-product","3":"status-publish","4":"has-post-thumbnail","6":"product_cat-aysen-magallanes-fr","7":"product_tag-champs","8":"product_tag-proprietes-touristiques","9":"regiones-aysen-magallanes","10":"ciudades-puerto-natales","12":"first","13":"instock","14":"sold-individually","15":"shipping-taxable","16":"purchasable","17":"product-type-simple"},"acf":[],"yoast_head":"<!-- This site is optimized with the Yoast SEO Premium plugin v26.0 (Yoast SEO v27.3) - https:\/\/yoast.com\/product\/yoast-seo-premium-wordpress\/ -->\n<title>Isla Kruger - Fiordo Eberhard, Natales - Produncan<\/title>\n<meta name=\"description\" content=\"\u00cele dans le fjord Eberhard qui fait partie de la colonisation de \u00daltima Esperanza. Elle poss\u00e8de 15 hectares et se trouve \u00e0 seulement 300 m\u00e8tres du continent.\" \/>\n<meta name=\"robots\" content=\"index, follow, max-snippet:-1, max-image-preview:large, max-video-preview:-1\" \/>\n<link rel=\"canonical\" href=\"https:\/\/produncan.cl\/fr\/produit\/island-kruger\/\" \/>\n<meta property=\"og:locale\" content=\"fr_FR\" \/>\n<meta property=\"og:type\" content=\"article\" \/>\n<meta property=\"og:title\" content=\"Isla Kruger - Fiordo Eberhard, Natales\" \/>\n<meta property=\"og:description\" content=\"\u00cele dans le fjord Eberhard qui fait partie de la colonisation de \u00daltima Esperanza. Elle poss\u00e8de 15 hectares et se trouve \u00e0 seulement 300 m\u00e8tres du continent.\" \/>\n<meta property=\"og:url\" content=\"https:\/\/produncan.cl\/fr\/produit\/island-kruger\/\" \/>\n<meta property=\"og:site_name\" content=\"Produncan\" \/>\n<meta property=\"article:publisher\" content=\"https:\/\/web.facebook.com\/produncanland\" \/>\n<meta property=\"article:modified_time\" content=\"2025-08-20T21:43:19+00:00\" \/>\n<meta property=\"og:image\" content=\"https:\/\/produncan.cl\/wp-content\/uploads\/2022\/09\/ISLA-KRUGER.webp\" \/>\n\t<meta property=\"og:image:width\" content=\"800\" \/>\n\t<meta property=\"og:image:height\" content=\"600\" \/>\n\t<meta property=\"og:image:type\" content=\"image\/webp\" \/>\n<meta name=\"twitter:card\" content=\"summary_large_image\" \/>\n<meta name=\"twitter:label1\" content=\"Price\" \/>\n\t<meta name=\"twitter:data1\" content=\"USD924.000,00\" \/>\n\t<meta name=\"twitter:label2\" content=\"Availability\" \/>\n\t<meta name=\"twitter:data2\" content=\"In stock\" \/>\n<script type=\"application\/ld+json\" class=\"yoast-schema-graph\">{\"@context\":\"https:\\\/\\\/schema.org\",\"@graph\":[{\"@type\":\"WebPage\",\"@id\":\"https:\\\/\\\/produncan.cl\\\/fr\\\/produit\\\/island-kruger\\\/\",\"url\":\"https:\\\/\\\/produncan.cl\\\/fr\\\/produit\\\/island-kruger\\\/\",\"name\":\"Isla Kruger - Fiordo Eberhard, Natales - Produncan\",\"isPartOf\":{\"@id\":\"https:\\\/\\\/produncan.cl\\\/fr\\\/#website\"},\"primaryImageOfPage\":{\"@id\":\"https:\\\/\\\/produncan.cl\\\/fr\\\/produit\\\/island-kruger\\\/#primaryimage\"},\"image\":{\"@id\":\"https:\\\/\\\/produncan.cl\\\/fr\\\/produit\\\/island-kruger\\\/#primaryimage\"},\"thumbnailUrl\":\"https:\\\/\\\/produncan.cl\\\/wp-content\\\/uploads\\\/2022\\\/09\\\/ISLA-KRUGER.webp\",\"datePublished\":\"2022-09-28T16:02:51+00:00\",\"dateModified\":\"2025-08-20T21:43:19+00:00\",\"description\":\"\u00cele dans le fjord Eberhard qui fait partie de la colonisation de \u00daltima Esperanza. Elle poss\u00e8de 15 hectares et se trouve \u00e0 seulement 300 m\u00e8tres du continent.\",\"breadcrumb\":{\"@id\":\"https:\\\/\\\/produncan.cl\\\/fr\\\/produit\\\/island-kruger\\\/#breadcrumb\"},\"inLanguage\":\"fr-FR\",\"potentialAction\":[{\"@type\":\"ReadAction\",\"target\":[\"https:\\\/\\\/produncan.cl\\\/fr\\\/produit\\\/island-kruger\\\/\"]}]},{\"@type\":\"ImageObject\",\"inLanguage\":\"fr-FR\",\"@id\":\"https:\\\/\\\/produncan.cl\\\/fr\\\/produit\\\/island-kruger\\\/#primaryimage\",\"url\":\"https:\\\/\\\/produncan.cl\\\/wp-content\\\/uploads\\\/2022\\\/09\\\/ISLA-KRUGER.webp\",\"contentUrl\":\"https:\\\/\\\/produncan.cl\\\/wp-content\\\/uploads\\\/2022\\\/09\\\/ISLA-KRUGER.webp\",\"width\":800,\"height\":600},{\"@type\":\"BreadcrumbList\",\"@id\":\"https:\\\/\\\/produncan.cl\\\/fr\\\/produit\\\/island-kruger\\\/#breadcrumb\",\"itemListElement\":[{\"@type\":\"ListItem\",\"position\":1,\"name\":\"Inicio\",\"item\":\"https:\\\/\\\/produncan.cl\\\/fr\\\/\"},{\"@type\":\"ListItem\",\"position\":2,\"name\":\"Propri\u00e9t\u00e9s\",\"item\":\"https:\\\/\\\/produncan.cl\\\/propiedades\\\/\"},{\"@type\":\"ListItem\",\"position\":3,\"name\":\"Champs\",\"item\":\"https:\\\/\\\/produncan.cl\\\/fr\\\/cat&eacute;gorie\\\/champs\\\/\"},{\"@type\":\"ListItem\",\"position\":4,\"name\":\"Isla Kruger &#8211; Fiordo Eberhard, Natales\"}]},{\"@type\":\"WebSite\",\"@id\":\"https:\\\/\\\/produncan.cl\\\/fr\\\/#website\",\"url\":\"https:\\\/\\\/produncan.cl\\\/fr\\\/\",\"name\":\"Produncan\",\"description\":\"Nous vous accompagnons dans votre projet de vie !\",\"publisher\":{\"@id\":\"https:\\\/\\\/produncan.cl\\\/fr\\\/#organization\"},\"potentialAction\":[{\"@type\":\"SearchAction\",\"target\":{\"@type\":\"EntryPoint\",\"urlTemplate\":\"https:\\\/\\\/produncan.cl\\\/fr\\\/?s={search_term_string}\"},\"query-input\":{\"@type\":\"PropertyValueSpecification\",\"valueRequired\":true,\"valueName\":\"search_term_string\"}}],\"inLanguage\":\"fr-FR\"},{\"@type\":\"Organization\",\"@id\":\"https:\\\/\\\/produncan.cl\\\/fr\\\/#organization\",\"name\":\"Produncan\",\"url\":\"https:\\\/\\\/produncan.cl\\\/fr\\\/\",\"logo\":{\"@type\":\"ImageObject\",\"inLanguage\":\"fr-FR\",\"@id\":\"https:\\\/\\\/produncan.cl\\\/fr\\\/#\\\/schema\\\/logo\\\/image\\\/\",\"url\":\"https:\\\/\\\/produncan.cl\\\/wp-content\\\/uploads\\\/2021\\\/03\\\/LOGO.jpeg\",\"contentUrl\":\"https:\\\/\\\/produncan.cl\\\/wp-content\\\/uploads\\\/2021\\\/03\\\/LOGO.jpeg\",\"width\":1280,\"height\":903,\"caption\":\"Produncan\"},\"image\":{\"@id\":\"https:\\\/\\\/produncan.cl\\\/fr\\\/#\\\/schema\\\/logo\\\/image\\\/\"},\"sameAs\":[\"https:\\\/\\\/web.facebook.com\\\/produncanland\",\"https:\\\/\\\/www.instagram.com\\\/pro_duncan\\\/\",\"https:\\\/\\\/www.linkedin.com\\\/company\\\/produncan-lands\\\/\",\"https:\\\/\\\/www.youtube.com\\\/channel\\\/UCu7N-f3x0svkazD-Eew1-QQ\"],\"description\":\"En Produncan somos especialistas en la venta de terrenos en el sur de Chile. Proveemos estancias, campos, parcelas y hoteles.\",\"email\":\"info@produncan.cl\"}]}<\/script>\n<meta property=\"og:video\" content=\"https:\/\/www.youtube.com\/embed\/1ZYAeB_B7OY\" \/>\n<meta property=\"og:video:type\" content=\"text\/html\" \/>\n<meta property=\"og:video:duration\" content=\"90\" \/>\n<meta property=\"og:video:width\" content=\"480\" \/>\n<meta property=\"og:video:height\" content=\"270\" \/>\n<meta property=\"ya:ovs:adult\" content=\"false\" \/>\n<meta property=\"ya:ovs:upload_date\" content=\"2022-09-28T16:02:51+00:00\" \/>\n<meta property=\"ya:ovs:allow_embed\" content=\"true\" \/>\n<meta property=\"product:price:amount\" content=\"924000.00\" \/>\n<meta property=\"product:price:currency\" content=\"USD\" \/>\n<meta property=\"og:availability\" content=\"instock\" \/>\n<meta property=\"product:availability\" content=\"instock\" \/>\n<meta property=\"product:condition\" content=\"new\" \/>\n<!-- \/ Yoast SEO Premium plugin. -->","yoast_head_json":{"title":"Isla Kruger - Fiordo Eberhard, Natales - Produncan","description":"\u00cele dans le fjord Eberhard qui fait partie de la colonisation de \u00daltima Esperanza. Elle poss\u00e8de 15 hectares et se trouve \u00e0 seulement 300 m\u00e8tres du continent.","robots":{"index":"index","follow":"follow","max-snippet":"max-snippet:-1","max-image-preview":"max-image-preview:large","max-video-preview":"max-video-preview:-1"},"canonical":"https:\/\/produncan.cl\/fr\/produit\/island-kruger\/","og_locale":"fr_FR","og_type":"article","og_title":"Isla Kruger - Fiordo Eberhard, Natales","og_description":"\u00cele dans le fjord Eberhard qui fait partie de la colonisation de \u00daltima Esperanza. Elle poss\u00e8de 15 hectares et se trouve \u00e0 seulement 300 m\u00e8tres du continent.","og_url":"https:\/\/produncan.cl\/fr\/produit\/island-kruger\/","og_site_name":"Produncan","article_publisher":"https:\/\/web.facebook.com\/produncanland","article_modified_time":"2025-08-20T21:43:19+00:00","og_image":[{"width":800,"height":600,"url":"https:\/\/produncan.cl\/wp-content\/uploads\/2022\/09\/ISLA-KRUGER.webp","type":"image\/webp"}],"twitter_card":"summary_large_image","twitter_misc":{"Price":"USD924.000,00","Availability":"In stock"},"schema":{"@context":"https:\/\/schema.org","@graph":[{"@type":"WebPage","@id":"https:\/\/produncan.cl\/fr\/produit\/island-kruger\/","url":"https:\/\/produncan.cl\/fr\/produit\/island-kruger\/","name":"Isla Kruger - Fiordo Eberhard, Natales - Produncan","isPartOf":{"@id":"https:\/\/produncan.cl\/fr\/#website"},"primaryImageOfPage":{"@id":"https:\/\/produncan.cl\/fr\/produit\/island-kruger\/#primaryimage"},"image":{"@id":"https:\/\/produncan.cl\/fr\/produit\/island-kruger\/#primaryimage"},"thumbnailUrl":"https:\/\/produncan.cl\/wp-content\/uploads\/2022\/09\/ISLA-KRUGER.webp","datePublished":"2022-09-28T16:02:51+00:00","dateModified":"2025-08-20T21:43:19+00:00","description":"\u00cele dans le fjord Eberhard qui fait partie de la colonisation de \u00daltima Esperanza. Elle poss\u00e8de 15 hectares et se trouve \u00e0 seulement 300 m\u00e8tres du continent.","breadcrumb":{"@id":"https:\/\/produncan.cl\/fr\/produit\/island-kruger\/#breadcrumb"},"inLanguage":"fr-FR","potentialAction":[{"@type":"ReadAction","target":["https:\/\/produncan.cl\/fr\/produit\/island-kruger\/"]}]},{"@type":"ImageObject","inLanguage":"fr-FR","@id":"https:\/\/produncan.cl\/fr\/produit\/island-kruger\/#primaryimage","url":"https:\/\/produncan.cl\/wp-content\/uploads\/2022\/09\/ISLA-KRUGER.webp","contentUrl":"https:\/\/produncan.cl\/wp-content\/uploads\/2022\/09\/ISLA-KRUGER.webp","width":800,"height":600},{"@type":"BreadcrumbList","@id":"https:\/\/produncan.cl\/fr\/produit\/island-kruger\/#breadcrumb","itemListElement":[{"@type":"ListItem","position":1,"name":"Inicio","item":"https:\/\/produncan.cl\/fr\/"},{"@type":"ListItem","position":2,"name":"Propri\u00e9t\u00e9s","item":"https:\/\/produncan.cl\/propiedades\/"},{"@type":"ListItem","position":3,"name":"Champs","item":"https:\/\/produncan.cl\/fr\/cat&eacute;gorie\/champs\/"},{"@type":"ListItem","position":4,"name":"Isla Kruger &#8211; Fiordo Eberhard, Natales"}]},{"@type":"WebSite","@id":"https:\/\/produncan.cl\/fr\/#website","url":"https:\/\/produncan.cl\/fr\/","name":"Produncan","description":"Nous vous accompagnons dans votre projet de vie !","publisher":{"@id":"https:\/\/produncan.cl\/fr\/#organization"},"potentialAction":[{"@type":"SearchAction","target":{"@type":"EntryPoint","urlTemplate":"https:\/\/produncan.cl\/fr\/?s={search_term_string}"},"query-input":{"@type":"PropertyValueSpecification","valueRequired":true,"valueName":"search_term_string"}}],"inLanguage":"fr-FR"},{"@type":"Organization","@id":"https:\/\/produncan.cl\/fr\/#organization","name":"Produncan","url":"https:\/\/produncan.cl\/fr\/","logo":{"@type":"ImageObject","inLanguage":"fr-FR","@id":"https:\/\/produncan.cl\/fr\/#\/schema\/logo\/image\/","url":"https:\/\/produncan.cl\/wp-content\/uploads\/2021\/03\/LOGO.jpeg","contentUrl":"https:\/\/produncan.cl\/wp-content\/uploads\/2021\/03\/LOGO.jpeg","width":1280,"height":903,"caption":"Produncan"},"image":{"@id":"https:\/\/produncan.cl\/fr\/#\/schema\/logo\/image\/"},"sameAs":["https:\/\/web.facebook.com\/produncanland","https:\/\/www.instagram.com\/pro_duncan\/","https:\/\/www.linkedin.com\/company\/produncan-lands\/","https:\/\/www.youtube.com\/channel\/UCu7N-f3x0svkazD-Eew1-QQ"],"description":"En Produncan somos especialistas en la venta de terrenos en el sur de Chile. Proveemos estancias, campos, parcelas y hoteles.","email":"info@produncan.cl"}]},"og_video":"https:\/\/www.youtube.com\/embed\/1ZYAeB_B7OY","og_video_type":"text\/html","og_video_duration":"90","og_video_width":"480","og_video_height":"270","ya_ovs_adult":"false","ya_ovs_upload_date":"2022-09-28T16:02:51+00:00","ya_ovs_allow_embed":"true","product_price_amount":"924000.00","product_price_currency":"USD","og_availability":"instock","product_availability":"instock","product_condition":"new"},"_links":{"self":[{"href":"https:\/\/produncan.cl\/fr\/wp-json\/wp\/v2\/product\/7833","targetHints":{"allow":["GET"]}}],"collection":[{"href":"https:\/\/produncan.cl\/fr\/wp-json\/wp\/v2\/product"}],"about":[{"href":"https:\/\/produncan.cl\/fr\/wp-json\/wp\/v2\/types\/product"}],"version-history":[{"count":0,"href":"https:\/\/produncan.cl\/fr\/wp-json\/wp\/v2\/product\/7833\/revisions"}],"wp:featuredmedia":[{"embeddable":true,"href":"https:\/\/produncan.cl\/fr\/wp-json\/wp\/v2\/media\/47431"}],"wp:attachment":[{"href":"https:\/\/produncan.cl\/fr\/wp-json\/wp\/v2\/media?parent=7833"}],"wp:term":[{"taxonomy":"product_brand","embeddable":true,"href":"https:\/\/produncan.cl\/fr\/wp-json\/wp\/v2\/product_brand?post=7833"},{"taxonomy":"product_cat","embeddable":true,"href":"https:\/\/produncan.cl\/fr\/wp-json\/wp\/v2\/product_cat?post=7833"},{"taxonomy":"product_tag","embeddable":true,"href":"https:\/\/produncan.cl\/fr\/wp-json\/wp\/v2\/product_tag?post=7833"},{"taxonomy":"regiones","embeddable":true,"href":"https:\/\/produncan.cl\/fr\/wp-json\/wp\/v2\/regiones?post=7833"},{"taxonomy":"ciudades","embeddable":true,"href":"https:\/\/produncan.cl\/fr\/wp-json\/wp\/v2\/ciudades?post=7833"}],"curies":[{"name":"wp","href":"https:\/\/api.w.org\/{rel}","templated":true}]}}