{"id":7836,"date":"2021-04-27T14:12:50","date_gmt":"2021-04-27T18:12:50","guid":{"rendered":"https:\/\/produncan.cl\/producto\/champ-loma-la-piedra-40ha\/"},"modified":"2025-08-09T10:35:37","modified_gmt":"2025-08-09T14:35:37","slug":"campo-loma-la-piedra-40ha-2","status":"publish","type":"product","link":"https:\/\/produncan.cl\/fr\/produit\/campo-loma-la-piedra-40ha-2\/","title":{"rendered":"&#8220;Champ 40ha Loma La Piedra &#8211; San Juan de la Costa, Osorno&#8221;"},"content":{"rendered":"\t\t<div data-elementor-type=\"product-post\" data-elementor-id=\"7836\" class=\"elementor elementor-7836 elementor-3118\" data-elementor-post-type=\"product\">\n\t\t\t\t\t\t<section class=\"elementor-section elementor-top-section elementor-element elementor-element-119c87f2 elementor-section-boxed elementor-section-height-default elementor-section-height-default\" data-id=\"119c87f2\" data-element_type=\"section\" data-e-type=\"section\" data-settings=\"{&quot;jet_parallax_layout_list&quot;:[]}\">\n\t\t\t\t\t\t<div class=\"elementor-container elementor-column-gap-default\">\n\t\t\t\t\t<div class=\"elementor-column elementor-col-100 elementor-top-column elementor-element elementor-element-2b56c151\" data-id=\"2b56c151\" data-element_type=\"column\" data-e-type=\"column\">\n\t\t\t<div class=\"elementor-widget-wrap elementor-element-populated\">\n\t\t\t\t\t\t<div class=\"elementor-element elementor-element-15c1562b elementor-widget elementor-widget-text-editor\" data-id=\"15c1562b\" data-element_type=\"widget\" data-e-type=\"widget\" data-widget_type=\"text-editor.default\">\n\t\t\t\t\t\t\t\t\t&#8220;`html\n<h2>Vivez l&#8217;Indomptable Mont de San Juan de la Costa !<\/h2><p>Bienvenue dans un domaine de 40 hectares situ\u00e9 \u00e0 47 km \u00e0 l&#8217;ouest d&#8217;Osorno et \u00e0 40 km de Bah\u00eda Mansa. \u00c0 la m\u00eame latitude que le meilleur secret bien gard\u00e9 d&#8217;Osorno, la magnifique Caleta C\u00f3ndor.<\/p><h3>Acc\u00e8s au Domaine Loma La Piedra<\/h3><p>Le domaine est accessible par un chemin rural qui m\u00e8ne au sud depuis la route U-40 qui relie Bah\u00eda Mansa et Osorno.<\/p><p>Le domaine poss\u00e8de deux entr\u00e9es qui donnent directement sur le chemin rural. Et \u00e0 travers l&#8217;une d&#8217;elles, il y a un chemin interne qui sert \u00e9galement de servitude \u00e0 d&#8217;autres domaines voisins.<\/p><h3>Caract\u00e9ristiques de la propri\u00e9t\u00e9<\/h3><ul><li>La propri\u00e9t\u00e9 poss\u00e8de une rivi\u00e8re d&#8217;environ 1 km de long o\u00f9 l&#8217;on peut p\u00eacher, plusieurs ruisseaux et sources, le tout dans une colline \u00e0 pente douce, avec diverses esp\u00e8ces indig\u00e8nes, une diversit\u00e9 de faune et une belle vue.<\/li><li>La propri\u00e9t\u00e9 dispose \u00e9galement de l&#8217;\u00e9lectricit\u00e9 sur le domaine, l&#8217;eau provient de sources et il y a une bonne couverture de t\u00e9l\u00e9communications dans plusieurs secteurs de l&#8217;endroit.<\/li><li>La propri\u00e9t\u00e9 est majoritairement couverte de for\u00eat indig\u00e8ne avec des esp\u00e8ces principalement de tineo, luma, meli, et ma\u00f1io, et dans une moindre mesure, ulmo, canelo, noisetiers, tepa, coigue et alerce.<\/li><\/ul><div>\u00a0<\/div><p>Le domaine a un statut indig\u00e8ne, profitez de l&#8217;avantage acquis de l&#8217;\u00c9tat, pour les personnes physiques indig\u00e8nes et les communaut\u00e9s indig\u00e8nes.<\/p><p><span style=\"color: var( --e-global-color-text ); font-family: var( --e-global-typography-text-font-family ), Sans-serif; font-weight: var( --e-global-typography-text-font-weight );\">N&#8217;ATTENDEZ PLUS, D\u00c9VELOPPEZ VOTRE PROJET DANS UN BEL ENVIRONNEMENT ET AVEC UNE EXCELLENTE VUE !<\/span><\/p>\n&#8220;`\t\t\t\t\t\t\t\t<\/div>\n\t\t\t\t\t<\/div>\n\t\t<\/div>\n\t\t\t\t\t<\/div>\n\t\t<\/section>\n\t\t\t\t<\/div>\n\t\t","protected":false},"excerpt":{"rendered":"<p>Champ \u00e0 San Juan de la Costa, avec \u00e9lectricit\u00e9, rivi\u00e8re et chemin rural.<\/p>\n","protected":false},"featured_media":26569,"template":"","meta":{"_acf_changed":false},"product_brand":[],"product_cat":[113],"product_tag":[233],"regiones":[226],"ciudades":[],"class_list":{"0":"post-7836","1":"product","2":"type-product","3":"status-publish","4":"has-post-thumbnail","6":"product_cat-ohiggins-los-lagos-fr","7":"product_tag-champs","8":"regiones-nuble-los_lagos","10":"first","11":"outofstock","12":"shipping-taxable","13":"purchasable","14":"product-type-simple"},"acf":[],"yoast_head":"<!-- This site is optimized with the Yoast SEO Premium plugin v26.0 (Yoast SEO v27.4) - https:\/\/yoast.com\/product\/yoast-seo-premium-wordpress\/ -->\n<title>&quot;Champ 40ha Loma La Piedra - San Juan de la Costa, Osorno&quot; - Produncan<\/title>\n<meta name=\"robots\" content=\"index, follow, max-snippet:-1, max-image-preview:large, max-video-preview:-1\" \/>\n<link rel=\"canonical\" href=\"https:\/\/produncan.cl\/fr\/produit\/campo-loma-la-piedra-40ha-2\/\" \/>\n<meta property=\"og:locale\" content=\"fr_FR\" \/>\n<meta property=\"og:type\" content=\"article\" \/>\n<meta property=\"og:title\" content=\"&quot;Champ 40ha Loma La Piedra - San Juan de la Costa, Osorno&quot;\" \/>\n<meta property=\"og:description\" content=\"Champ \u00e0 San Juan de la Costa, avec \u00e9lectricit\u00e9, rivi\u00e8re et chemin rural.\" \/>\n<meta property=\"og:url\" content=\"https:\/\/produncan.cl\/fr\/produit\/campo-loma-la-piedra-40ha-2\/\" \/>\n<meta property=\"og:site_name\" content=\"Produncan\" \/>\n<meta property=\"article:publisher\" content=\"https:\/\/web.facebook.com\/produncanland\" \/>\n<meta property=\"article:modified_time\" content=\"2025-08-09T14:35:37+00:00\" \/>\n<meta property=\"og:image\" content=\"https:\/\/produncan.cl\/wp-content\/uploads\/2022\/12\/Campo-Loma-La-Piedra-Vendido.webp\" \/>\n\t<meta property=\"og:image:width\" content=\"600\" \/>\n\t<meta property=\"og:image:height\" content=\"450\" \/>\n\t<meta property=\"og:image:type\" content=\"image\/webp\" \/>\n<meta name=\"twitter:card\" content=\"summary_large_image\" \/>\n<meta name=\"twitter:label1\" content=\"Price\" \/>\n\t<meta name=\"twitter:data1\" content=\"USD200.700,00\" \/>\n\t<meta name=\"twitter:label2\" content=\"Availability\" \/>\n\t<meta name=\"twitter:data2\" content=\"Out of stock\" \/>\n<script type=\"application\/ld+json\" class=\"yoast-schema-graph\">{\"@context\":\"https:\\\/\\\/schema.org\",\"@graph\":[{\"@type\":\"WebPage\",\"@id\":\"https:\\\/\\\/produncan.cl\\\/fr\\\/produit\\\/campo-loma-la-piedra-40ha-2\\\/\",\"url\":\"https:\\\/\\\/produncan.cl\\\/fr\\\/produit\\\/campo-loma-la-piedra-40ha-2\\\/\",\"name\":\"\\\"Champ 40ha Loma La Piedra - San Juan de la Costa, Osorno\\\" - Produncan\",\"isPartOf\":{\"@id\":\"https:\\\/\\\/produncan.cl\\\/fr\\\/#website\"},\"primaryImageOfPage\":{\"@id\":\"https:\\\/\\\/produncan.cl\\\/fr\\\/produit\\\/campo-loma-la-piedra-40ha-2\\\/#primaryimage\"},\"image\":{\"@id\":\"https:\\\/\\\/produncan.cl\\\/fr\\\/produit\\\/campo-loma-la-piedra-40ha-2\\\/#primaryimage\"},\"thumbnailUrl\":\"https:\\\/\\\/produncan.cl\\\/wp-content\\\/uploads\\\/2022\\\/12\\\/Campo-Loma-La-Piedra-Vendido.webp\",\"datePublished\":\"2021-04-27T18:12:50+00:00\",\"dateModified\":\"2025-08-09T14:35:37+00:00\",\"breadcrumb\":{\"@id\":\"https:\\\/\\\/produncan.cl\\\/fr\\\/produit\\\/campo-loma-la-piedra-40ha-2\\\/#breadcrumb\"},\"inLanguage\":\"fr-FR\",\"potentialAction\":[{\"@type\":\"ReadAction\",\"target\":[\"https:\\\/\\\/produncan.cl\\\/fr\\\/produit\\\/campo-loma-la-piedra-40ha-2\\\/\"]}]},{\"@type\":\"ImageObject\",\"inLanguage\":\"fr-FR\",\"@id\":\"https:\\\/\\\/produncan.cl\\\/fr\\\/produit\\\/campo-loma-la-piedra-40ha-2\\\/#primaryimage\",\"url\":\"https:\\\/\\\/produncan.cl\\\/wp-content\\\/uploads\\\/2022\\\/12\\\/Campo-Loma-La-Piedra-Vendido.webp\",\"contentUrl\":\"https:\\\/\\\/produncan.cl\\\/wp-content\\\/uploads\\\/2022\\\/12\\\/Campo-Loma-La-Piedra-Vendido.webp\",\"width\":600,\"height\":450},{\"@type\":\"BreadcrumbList\",\"@id\":\"https:\\\/\\\/produncan.cl\\\/fr\\\/produit\\\/campo-loma-la-piedra-40ha-2\\\/#breadcrumb\",\"itemListElement\":[{\"@type\":\"ListItem\",\"position\":1,\"name\":\"Inicio\",\"item\":\"https:\\\/\\\/produncan.cl\\\/fr\\\/\"},{\"@type\":\"ListItem\",\"position\":2,\"name\":\"Propri\u00e9t\u00e9s\",\"item\":\"https:\\\/\\\/produncan.cl\\\/propiedades\\\/\"},{\"@type\":\"ListItem\",\"position\":3,\"name\":\"Champs\",\"item\":\"https:\\\/\\\/produncan.cl\\\/fr\\\/cat&eacute;gorie\\\/champs\\\/\"},{\"@type\":\"ListItem\",\"position\":4,\"name\":\"&#8220;Champ 40ha Loma La Piedra &#8211; San Juan de la Costa, Osorno&#8221;\"}]},{\"@type\":\"WebSite\",\"@id\":\"https:\\\/\\\/produncan.cl\\\/fr\\\/#website\",\"url\":\"https:\\\/\\\/produncan.cl\\\/fr\\\/\",\"name\":\"Produncan\",\"description\":\"Nous vous accompagnons dans votre projet de vie !\",\"publisher\":{\"@id\":\"https:\\\/\\\/produncan.cl\\\/fr\\\/#organization\"},\"potentialAction\":[{\"@type\":\"SearchAction\",\"target\":{\"@type\":\"EntryPoint\",\"urlTemplate\":\"https:\\\/\\\/produncan.cl\\\/fr\\\/?s={search_term_string}\"},\"query-input\":{\"@type\":\"PropertyValueSpecification\",\"valueRequired\":true,\"valueName\":\"search_term_string\"}}],\"inLanguage\":\"fr-FR\"},{\"@type\":\"Organization\",\"@id\":\"https:\\\/\\\/produncan.cl\\\/fr\\\/#organization\",\"name\":\"Produncan\",\"url\":\"https:\\\/\\\/produncan.cl\\\/fr\\\/\",\"logo\":{\"@type\":\"ImageObject\",\"inLanguage\":\"fr-FR\",\"@id\":\"https:\\\/\\\/produncan.cl\\\/fr\\\/#\\\/schema\\\/logo\\\/image\\\/\",\"url\":\"https:\\\/\\\/produncan.cl\\\/wp-content\\\/uploads\\\/2021\\\/03\\\/LOGO.jpeg\",\"contentUrl\":\"https:\\\/\\\/produncan.cl\\\/wp-content\\\/uploads\\\/2021\\\/03\\\/LOGO.jpeg\",\"width\":1280,\"height\":903,\"caption\":\"Produncan\"},\"image\":{\"@id\":\"https:\\\/\\\/produncan.cl\\\/fr\\\/#\\\/schema\\\/logo\\\/image\\\/\"},\"sameAs\":[\"https:\\\/\\\/web.facebook.com\\\/produncanland\",\"https:\\\/\\\/www.instagram.com\\\/pro_duncan\\\/\",\"https:\\\/\\\/www.linkedin.com\\\/company\\\/produncan-lands\\\/\",\"https:\\\/\\\/www.youtube.com\\\/channel\\\/UCu7N-f3x0svkazD-Eew1-QQ\"],\"description\":\"En Produncan somos especialistas en la venta de terrenos en el sur de Chile. Proveemos estancias, campos, parcelas y hoteles.\",\"email\":\"info@produncan.cl\"}]}<\/script>\n<meta property=\"og:video\" content=\"https:\/\/www.youtube.com\/embed\/nBcIkQmXG_w\" \/>\n<meta property=\"og:video:type\" content=\"text\/html\" \/>\n<meta property=\"og:video:duration\" content=\"61\" \/>\n<meta property=\"og:video:width\" content=\"480\" \/>\n<meta property=\"og:video:height\" content=\"360\" \/>\n<meta property=\"ya:ovs:adult\" content=\"false\" \/>\n<meta property=\"ya:ovs:upload_date\" content=\"2021-04-27T18:12:50+00:00\" \/>\n<meta property=\"ya:ovs:allow_embed\" content=\"true\" \/>\n<meta property=\"product:price:amount\" content=\"200700.00\" \/>\n<meta property=\"product:price:currency\" content=\"USD\" \/>\n<meta property=\"og:availability\" content=\"out of stock\" \/>\n<meta property=\"product:availability\" content=\"out of stock\" \/>\n<meta property=\"product:condition\" content=\"new\" \/>\n<!-- \/ Yoast SEO Premium plugin. -->","yoast_head_json":{"title":"\"Champ 40ha Loma La Piedra - San Juan de la Costa, Osorno\" - Produncan","robots":{"index":"index","follow":"follow","max-snippet":"max-snippet:-1","max-image-preview":"max-image-preview:large","max-video-preview":"max-video-preview:-1"},"canonical":"https:\/\/produncan.cl\/fr\/produit\/campo-loma-la-piedra-40ha-2\/","og_locale":"fr_FR","og_type":"article","og_title":"\"Champ 40ha Loma La Piedra - San Juan de la Costa, Osorno\"","og_description":"Champ \u00e0 San Juan de la Costa, avec \u00e9lectricit\u00e9, rivi\u00e8re et chemin rural.","og_url":"https:\/\/produncan.cl\/fr\/produit\/campo-loma-la-piedra-40ha-2\/","og_site_name":"Produncan","article_publisher":"https:\/\/web.facebook.com\/produncanland","article_modified_time":"2025-08-09T14:35:37+00:00","og_image":[{"width":600,"height":450,"url":"https:\/\/produncan.cl\/wp-content\/uploads\/2022\/12\/Campo-Loma-La-Piedra-Vendido.webp","type":"image\/webp"}],"twitter_card":"summary_large_image","twitter_misc":{"Price":"USD200.700,00","Availability":"Out of stock"},"schema":{"@context":"https:\/\/schema.org","@graph":[{"@type":"WebPage","@id":"https:\/\/produncan.cl\/fr\/produit\/campo-loma-la-piedra-40ha-2\/","url":"https:\/\/produncan.cl\/fr\/produit\/campo-loma-la-piedra-40ha-2\/","name":"\"Champ 40ha Loma La Piedra - San Juan de la Costa, Osorno\" - Produncan","isPartOf":{"@id":"https:\/\/produncan.cl\/fr\/#website"},"primaryImageOfPage":{"@id":"https:\/\/produncan.cl\/fr\/produit\/campo-loma-la-piedra-40ha-2\/#primaryimage"},"image":{"@id":"https:\/\/produncan.cl\/fr\/produit\/campo-loma-la-piedra-40ha-2\/#primaryimage"},"thumbnailUrl":"https:\/\/produncan.cl\/wp-content\/uploads\/2022\/12\/Campo-Loma-La-Piedra-Vendido.webp","datePublished":"2021-04-27T18:12:50+00:00","dateModified":"2025-08-09T14:35:37+00:00","breadcrumb":{"@id":"https:\/\/produncan.cl\/fr\/produit\/campo-loma-la-piedra-40ha-2\/#breadcrumb"},"inLanguage":"fr-FR","potentialAction":[{"@type":"ReadAction","target":["https:\/\/produncan.cl\/fr\/produit\/campo-loma-la-piedra-40ha-2\/"]}]},{"@type":"ImageObject","inLanguage":"fr-FR","@id":"https:\/\/produncan.cl\/fr\/produit\/campo-loma-la-piedra-40ha-2\/#primaryimage","url":"https:\/\/produncan.cl\/wp-content\/uploads\/2022\/12\/Campo-Loma-La-Piedra-Vendido.webp","contentUrl":"https:\/\/produncan.cl\/wp-content\/uploads\/2022\/12\/Campo-Loma-La-Piedra-Vendido.webp","width":600,"height":450},{"@type":"BreadcrumbList","@id":"https:\/\/produncan.cl\/fr\/produit\/campo-loma-la-piedra-40ha-2\/#breadcrumb","itemListElement":[{"@type":"ListItem","position":1,"name":"Inicio","item":"https:\/\/produncan.cl\/fr\/"},{"@type":"ListItem","position":2,"name":"Propri\u00e9t\u00e9s","item":"https:\/\/produncan.cl\/propiedades\/"},{"@type":"ListItem","position":3,"name":"Champs","item":"https:\/\/produncan.cl\/fr\/cat&eacute;gorie\/champs\/"},{"@type":"ListItem","position":4,"name":"&#8220;Champ 40ha Loma La Piedra &#8211; San Juan de la Costa, Osorno&#8221;"}]},{"@type":"WebSite","@id":"https:\/\/produncan.cl\/fr\/#website","url":"https:\/\/produncan.cl\/fr\/","name":"Produncan","description":"Nous vous accompagnons dans votre projet de vie !","publisher":{"@id":"https:\/\/produncan.cl\/fr\/#organization"},"potentialAction":[{"@type":"SearchAction","target":{"@type":"EntryPoint","urlTemplate":"https:\/\/produncan.cl\/fr\/?s={search_term_string}"},"query-input":{"@type":"PropertyValueSpecification","valueRequired":true,"valueName":"search_term_string"}}],"inLanguage":"fr-FR"},{"@type":"Organization","@id":"https:\/\/produncan.cl\/fr\/#organization","name":"Produncan","url":"https:\/\/produncan.cl\/fr\/","logo":{"@type":"ImageObject","inLanguage":"fr-FR","@id":"https:\/\/produncan.cl\/fr\/#\/schema\/logo\/image\/","url":"https:\/\/produncan.cl\/wp-content\/uploads\/2021\/03\/LOGO.jpeg","contentUrl":"https:\/\/produncan.cl\/wp-content\/uploads\/2021\/03\/LOGO.jpeg","width":1280,"height":903,"caption":"Produncan"},"image":{"@id":"https:\/\/produncan.cl\/fr\/#\/schema\/logo\/image\/"},"sameAs":["https:\/\/web.facebook.com\/produncanland","https:\/\/www.instagram.com\/pro_duncan\/","https:\/\/www.linkedin.com\/company\/produncan-lands\/","https:\/\/www.youtube.com\/channel\/UCu7N-f3x0svkazD-Eew1-QQ"],"description":"En Produncan somos especialistas en la venta de terrenos en el sur de Chile. Proveemos estancias, campos, parcelas y hoteles.","email":"info@produncan.cl"}]},"og_video":"https:\/\/www.youtube.com\/embed\/nBcIkQmXG_w","og_video_type":"text\/html","og_video_duration":"61","og_video_width":"480","og_video_height":"360","ya_ovs_adult":"false","ya_ovs_upload_date":"2021-04-27T18:12:50+00:00","ya_ovs_allow_embed":"true","product_price_amount":"200700.00","product_price_currency":"USD","og_availability":"out of stock","product_availability":"out of stock","product_condition":"new"},"_links":{"self":[{"href":"https:\/\/produncan.cl\/fr\/wp-json\/wp\/v2\/product\/7836","targetHints":{"allow":["GET"]}}],"collection":[{"href":"https:\/\/produncan.cl\/fr\/wp-json\/wp\/v2\/product"}],"about":[{"href":"https:\/\/produncan.cl\/fr\/wp-json\/wp\/v2\/types\/product"}],"version-history":[{"count":0,"href":"https:\/\/produncan.cl\/fr\/wp-json\/wp\/v2\/product\/7836\/revisions"}],"wp:featuredmedia":[{"embeddable":true,"href":"https:\/\/produncan.cl\/fr\/wp-json\/wp\/v2\/media\/26569"}],"wp:attachment":[{"href":"https:\/\/produncan.cl\/fr\/wp-json\/wp\/v2\/media?parent=7836"}],"wp:term":[{"taxonomy":"product_brand","embeddable":true,"href":"https:\/\/produncan.cl\/fr\/wp-json\/wp\/v2\/product_brand?post=7836"},{"taxonomy":"product_cat","embeddable":true,"href":"https:\/\/produncan.cl\/fr\/wp-json\/wp\/v2\/product_cat?post=7836"},{"taxonomy":"product_tag","embeddable":true,"href":"https:\/\/produncan.cl\/fr\/wp-json\/wp\/v2\/product_tag?post=7836"},{"taxonomy":"regiones","embeddable":true,"href":"https:\/\/produncan.cl\/fr\/wp-json\/wp\/v2\/regiones?post=7836"},{"taxonomy":"ciudades","embeddable":true,"href":"https:\/\/produncan.cl\/fr\/wp-json\/wp\/v2\/ciudades?post=7836"}],"curies":[{"name":"wp","href":"https:\/\/api.w.org\/{rel}","templated":true}]}}