{"id":7837,"date":"2022-01-22T17:32:20","date_gmt":"2022-01-22T20:32:20","guid":{"rendered":"https:\/\/produncan.cl\/producto\/ferme-potrerillo\/"},"modified":"2025-08-14T12:34:31","modified_gmt":"2025-08-14T16:34:31","slug":"campo-fundo-potrerillo-2","status":"publish","type":"product","link":"https:\/\/produncan.cl\/fr\/produit\/campo-fundo-potrerillo-2\/","title":{"rendered":"&#8220;Champ 42ha Fundo Potrerillo &#8211; Estaquilla, R\u00e9gion des Lacs&#8221;"},"content":{"rendered":"\t\t<div data-elementor-type=\"product-post\" data-elementor-id=\"7837\" class=\"elementor elementor-7837 elementor-3041\" data-elementor-post-type=\"product\">\n\t\t\t\t\t\t<section class=\"elementor-section elementor-top-section elementor-element elementor-element-c930c5d elementor-section-boxed elementor-section-height-default elementor-section-height-default\" data-id=\"c930c5d\" data-element_type=\"section\" data-e-type=\"section\" data-settings=\"{&quot;jet_parallax_layout_list&quot;:[]}\">\n\t\t\t\t\t\t<div class=\"elementor-container elementor-column-gap-default\">\n\t\t\t\t\t<div class=\"elementor-column elementor-col-100 elementor-top-column elementor-element elementor-element-94adf78\" data-id=\"94adf78\" data-element_type=\"column\" data-e-type=\"column\">\n\t\t\t<div class=\"elementor-widget-wrap elementor-element-populated\">\n\t\t\t\t\t\t<div class=\"elementor-element elementor-element-49c07846 elementor-widget elementor-widget-text-editor\" data-id=\"49c07846\" data-element_type=\"widget\" data-e-type=\"widget\" data-widget_type=\"text-editor.default\">\n\t\t\t\t\t\t\t\t\t&#8220;`html\n<h2>Champ Fundo Potrerillo, avec Belle Vue et Proche de la Mer!<\/h2><p>Bienvenue dans un champ de 42 hectares situ\u00e9 \u00e0 quelques m\u00e8tres de la route, avec rivi\u00e8re et ruisseaux, et une belle vue au nord dans le secteur d&#8217;Estaquilla, proche de Los Muermos, R\u00e9gion des Lacs.<\/p><p>La propri\u00e9t\u00e9 dispose de l&#8217;\u00e9lectricit\u00e9 \u00e0 100 m\u00e8tres de son entr\u00e9e, l&#8217;eau provient de sources, il y a plusieurs ruisseaux et une bonne couverture de t\u00e9l\u00e9communications.<\/p><p>Le champ poss\u00e8de diff\u00e9rentes formations, permettant de nombreuses possibilit\u00e9s pour son d\u00e9veloppement :<\/p><ul><li>Dans sa partie haute, il pr\u00e9sente une colline avec des arbres indig\u00e8nes, sa partie m\u00e9diane a des prairies, et dans sa partie basse, il montre une zone plane avec acc\u00e8s \u00e0 200 m\u00e8tres de rivi\u00e8re. Le terrain est couvert \u00e0 environ 70% de for\u00eat indig\u00e8ne avec des esp\u00e8ces telles que les alerces, ulmo, tepa, canelo et luma, entre autres.<\/li><li>On acc\u00e8de au champ depuis la route par deux acc\u00e8s en gravier, l&#8217;un de 600 m\u00e8tres et l&#8217;autre de 1,3 km de long. Les chemins internes du champ servent \u00e9galement de servitude pour donner acc\u00e8s \u00e0 d&#8217;autres champs voisins.<\/li><li>Depuis l&#8217;endroit, il faut 7 minutes pour rejoindre la plage d&#8217;Estaquilla et 30 minutes pour Los Muermos. \u00c0 un kilom\u00e8tre de distance, il y a un club sportif, une \u00e9glise et une \u00e9cole, et \u00e0 3 kilom\u00e8tres un poste de sant\u00e9.<\/li><\/ul><div>\u00a0<\/div><p>Le secteur pr\u00e9sente une forte plus-value en raison de sa beaut\u00e9, du d\u00e9veloppement touristique de haut niveau \u00e0 proximit\u00e9 d&#8217;Estaquilla et de Puerto Godoy, et parce qu&#8217;il constitue une option pour ceux qui cherchent \u00e0 se rapprocher de Puerto Varas.<\/p><p><span style=\"color: var( --e-global-color-text ); font-family: var( --e-global-typography-text-font-family ), Sans-serif; font-weight: var( --e-global-typography-text-font-weight );\">NE TARDEZ PLUS, D\u00c9VELOPPEZ VOTRE PROJET DANS UN BEL ENVIRONNEMENT ET AVEC UNE EXCELLENTE VUE!<\/span><\/p>\n&#8220;`\t\t\t\t\t\t\t\t<\/div>\n\t\t\t\t\t<\/div>\n\t\t<\/div>\n\t\t\t\t\t<\/div>\n\t\t<\/section>\n\t\t\t\t<\/div>\n\t\t","protected":false},"excerpt":{"rendered":"<p>&#8220;Champ \u00e0 33 km de Los Muermos. \u00c9lectricit\u00e9, eau, sources, ruisseaux, rivi\u00e8re.&#8221;<\/p>\n","protected":false},"featured_media":30779,"template":"","meta":{"_acf_changed":false},"product_brand":[],"product_cat":[113],"product_tag":[233],"regiones":[226],"ciudades":[216],"class_list":{"0":"post-7837","1":"product","2":"type-product","3":"status-publish","4":"has-post-thumbnail","6":"product_cat-ohiggins-los-lagos-fr","7":"product_tag-champs","8":"regiones-nuble-los_lagos","9":"ciudades-los-muermos","11":"first","12":"outofstock","13":"sold-individually","14":"shipping-taxable","15":"product-type-simple"},"acf":[],"yoast_head":"<!-- This site is optimized with the Yoast SEO Premium plugin v26.0 (Yoast SEO v27.3) - https:\/\/yoast.com\/product\/yoast-seo-premium-wordpress\/ -->\n<title>&quot;Champ 42ha Fundo Potrerillo - Estaquilla, R\u00e9gion des Lacs&quot; - Produncan<\/title>\n<meta name=\"description\" content=\"&quot;Champ Fundo Potrerillo 42ha \u00e0 7Kms de la plage d&#039;Estaquilla. \u00c0 600m de la route, \u00e9lectricit\u00e9, bon signal, sources, ruisseaux et rivi\u00e8re&quot;\" \/>\n<meta name=\"robots\" content=\"index, follow, max-snippet:-1, max-image-preview:large, max-video-preview:-1\" \/>\n<link rel=\"canonical\" href=\"https:\/\/produncan.cl\/fr\/produit\/campo-fundo-potrerillo-2\/\" \/>\n<meta property=\"og:locale\" content=\"fr_FR\" \/>\n<meta property=\"og:type\" content=\"article\" \/>\n<meta property=\"og:title\" content=\"&quot;Champ 42ha Fundo Potrerillo - Estaquilla, R\u00e9gion des Lacs&quot;\" \/>\n<meta property=\"og:description\" content=\"&quot;Champ Fundo Potrerillo 42ha \u00e0 7Kms de la plage d&#039;Estaquilla. \u00c0 600m de la route, \u00e9lectricit\u00e9, bon signal, sources, ruisseaux et rivi\u00e8re&quot;\" \/>\n<meta property=\"og:url\" content=\"https:\/\/produncan.cl\/fr\/produit\/campo-fundo-potrerillo-2\/\" \/>\n<meta property=\"og:site_name\" content=\"Produncan\" \/>\n<meta property=\"article:publisher\" content=\"https:\/\/web.facebook.com\/produncanland\" \/>\n<meta property=\"article:modified_time\" content=\"2025-08-14T16:34:31+00:00\" \/>\n<meta property=\"og:image\" content=\"https:\/\/produncan.cl\/wp-content\/uploads\/2022\/02\/Fundo-Potrerillo-Vendido.webp\" \/>\n\t<meta property=\"og:image:width\" content=\"800\" \/>\n\t<meta property=\"og:image:height\" content=\"600\" \/>\n\t<meta property=\"og:image:type\" content=\"image\/webp\" \/>\n<meta name=\"twitter:card\" content=\"summary_large_image\" \/>\n<meta name=\"twitter:label1\" content=\"Price\" \/>\n\t<meta name=\"twitter:data1\" content=\"\" \/>\n\t<meta name=\"twitter:label2\" content=\"Availability\" \/>\n\t<meta name=\"twitter:data2\" content=\"Out of stock\" \/>\n<script type=\"application\/ld+json\" class=\"yoast-schema-graph\">{\"@context\":\"https:\\\/\\\/schema.org\",\"@graph\":[{\"@type\":\"WebPage\",\"@id\":\"https:\\\/\\\/produncan.cl\\\/fr\\\/produit\\\/campo-fundo-potrerillo-2\\\/\",\"url\":\"https:\\\/\\\/produncan.cl\\\/fr\\\/produit\\\/campo-fundo-potrerillo-2\\\/\",\"name\":\"\\\"Champ 42ha Fundo Potrerillo - Estaquilla, R\u00e9gion des Lacs\\\" - Produncan\",\"isPartOf\":{\"@id\":\"https:\\\/\\\/produncan.cl\\\/fr\\\/#website\"},\"primaryImageOfPage\":{\"@id\":\"https:\\\/\\\/produncan.cl\\\/fr\\\/produit\\\/campo-fundo-potrerillo-2\\\/#primaryimage\"},\"image\":{\"@id\":\"https:\\\/\\\/produncan.cl\\\/fr\\\/produit\\\/campo-fundo-potrerillo-2\\\/#primaryimage\"},\"thumbnailUrl\":\"https:\\\/\\\/produncan.cl\\\/wp-content\\\/uploads\\\/2022\\\/02\\\/Fundo-Potrerillo-Vendido.webp\",\"datePublished\":\"2022-01-22T20:32:20+00:00\",\"dateModified\":\"2025-08-14T16:34:31+00:00\",\"description\":\"\\\"Champ Fundo Potrerillo 42ha \u00e0 7Kms de la plage d'Estaquilla. \u00c0 600m de la route, \u00e9lectricit\u00e9, bon signal, sources, ruisseaux et rivi\u00e8re\\\"\",\"breadcrumb\":{\"@id\":\"https:\\\/\\\/produncan.cl\\\/fr\\\/produit\\\/campo-fundo-potrerillo-2\\\/#breadcrumb\"},\"inLanguage\":\"fr-FR\",\"potentialAction\":[{\"@type\":\"ReadAction\",\"target\":[\"https:\\\/\\\/produncan.cl\\\/fr\\\/produit\\\/campo-fundo-potrerillo-2\\\/\"]}]},{\"@type\":\"ImageObject\",\"inLanguage\":\"fr-FR\",\"@id\":\"https:\\\/\\\/produncan.cl\\\/fr\\\/produit\\\/campo-fundo-potrerillo-2\\\/#primaryimage\",\"url\":\"https:\\\/\\\/produncan.cl\\\/wp-content\\\/uploads\\\/2022\\\/02\\\/Fundo-Potrerillo-Vendido.webp\",\"contentUrl\":\"https:\\\/\\\/produncan.cl\\\/wp-content\\\/uploads\\\/2022\\\/02\\\/Fundo-Potrerillo-Vendido.webp\",\"width\":800,\"height\":600},{\"@type\":\"BreadcrumbList\",\"@id\":\"https:\\\/\\\/produncan.cl\\\/fr\\\/produit\\\/campo-fundo-potrerillo-2\\\/#breadcrumb\",\"itemListElement\":[{\"@type\":\"ListItem\",\"position\":1,\"name\":\"Inicio\",\"item\":\"https:\\\/\\\/produncan.cl\\\/fr\\\/\"},{\"@type\":\"ListItem\",\"position\":2,\"name\":\"Propri\u00e9t\u00e9s\",\"item\":\"https:\\\/\\\/produncan.cl\\\/propiedades\\\/\"},{\"@type\":\"ListItem\",\"position\":3,\"name\":\"Champs\",\"item\":\"https:\\\/\\\/produncan.cl\\\/fr\\\/cat&eacute;gorie\\\/champs\\\/\"},{\"@type\":\"ListItem\",\"position\":4,\"name\":\"&#8220;Champ 42ha Fundo Potrerillo &#8211; Estaquilla, R\u00e9gion des Lacs&#8221;\"}]},{\"@type\":\"WebSite\",\"@id\":\"https:\\\/\\\/produncan.cl\\\/fr\\\/#website\",\"url\":\"https:\\\/\\\/produncan.cl\\\/fr\\\/\",\"name\":\"Produncan\",\"description\":\"Nous vous accompagnons dans votre projet de vie !\",\"publisher\":{\"@id\":\"https:\\\/\\\/produncan.cl\\\/fr\\\/#organization\"},\"potentialAction\":[{\"@type\":\"SearchAction\",\"target\":{\"@type\":\"EntryPoint\",\"urlTemplate\":\"https:\\\/\\\/produncan.cl\\\/fr\\\/?s={search_term_string}\"},\"query-input\":{\"@type\":\"PropertyValueSpecification\",\"valueRequired\":true,\"valueName\":\"search_term_string\"}}],\"inLanguage\":\"fr-FR\"},{\"@type\":\"Organization\",\"@id\":\"https:\\\/\\\/produncan.cl\\\/fr\\\/#organization\",\"name\":\"Produncan\",\"url\":\"https:\\\/\\\/produncan.cl\\\/fr\\\/\",\"logo\":{\"@type\":\"ImageObject\",\"inLanguage\":\"fr-FR\",\"@id\":\"https:\\\/\\\/produncan.cl\\\/fr\\\/#\\\/schema\\\/logo\\\/image\\\/\",\"url\":\"https:\\\/\\\/produncan.cl\\\/wp-content\\\/uploads\\\/2021\\\/03\\\/LOGO.jpeg\",\"contentUrl\":\"https:\\\/\\\/produncan.cl\\\/wp-content\\\/uploads\\\/2021\\\/03\\\/LOGO.jpeg\",\"width\":1280,\"height\":903,\"caption\":\"Produncan\"},\"image\":{\"@id\":\"https:\\\/\\\/produncan.cl\\\/fr\\\/#\\\/schema\\\/logo\\\/image\\\/\"},\"sameAs\":[\"https:\\\/\\\/web.facebook.com\\\/produncanland\",\"https:\\\/\\\/www.instagram.com\\\/pro_duncan\\\/\",\"https:\\\/\\\/www.linkedin.com\\\/company\\\/produncan-lands\\\/\",\"https:\\\/\\\/www.youtube.com\\\/channel\\\/UCu7N-f3x0svkazD-Eew1-QQ\"],\"description\":\"En Produncan somos especialistas en la venta de terrenos en el sur de Chile. Proveemos estancias, campos, parcelas y hoteles.\",\"email\":\"info@produncan.cl\"}]}<\/script>\n<meta property=\"og:video\" content=\"https:\/\/www.youtube.com\/embed\/mBW2K69TSWA\" \/>\n<meta property=\"og:video:type\" content=\"text\/html\" \/>\n<meta property=\"og:video:duration\" content=\"61\" \/>\n<meta property=\"og:video:width\" content=\"480\" \/>\n<meta property=\"og:video:height\" content=\"360\" \/>\n<meta property=\"ya:ovs:adult\" content=\"false\" \/>\n<meta property=\"ya:ovs:upload_date\" content=\"2022-01-22T20:32:20+00:00\" \/>\n<meta property=\"ya:ovs:allow_embed\" content=\"true\" \/>\n<meta property=\"product:price:currency\" content=\"USD\" \/>\n<meta property=\"og:availability\" content=\"out of stock\" \/>\n<meta property=\"product:availability\" content=\"out of stock\" \/>\n<meta property=\"product:condition\" content=\"new\" \/>\n<!-- \/ Yoast SEO Premium plugin. -->","yoast_head_json":{"title":"\"Champ 42ha Fundo Potrerillo - Estaquilla, R\u00e9gion des Lacs\" - Produncan","description":"\"Champ Fundo Potrerillo 42ha \u00e0 7Kms de la plage d'Estaquilla. \u00c0 600m de la route, \u00e9lectricit\u00e9, bon signal, sources, ruisseaux et rivi\u00e8re\"","robots":{"index":"index","follow":"follow","max-snippet":"max-snippet:-1","max-image-preview":"max-image-preview:large","max-video-preview":"max-video-preview:-1"},"canonical":"https:\/\/produncan.cl\/fr\/produit\/campo-fundo-potrerillo-2\/","og_locale":"fr_FR","og_type":"article","og_title":"\"Champ 42ha Fundo Potrerillo - Estaquilla, R\u00e9gion des Lacs\"","og_description":"\"Champ Fundo Potrerillo 42ha \u00e0 7Kms de la plage d'Estaquilla. \u00c0 600m de la route, \u00e9lectricit\u00e9, bon signal, sources, ruisseaux et rivi\u00e8re\"","og_url":"https:\/\/produncan.cl\/fr\/produit\/campo-fundo-potrerillo-2\/","og_site_name":"Produncan","article_publisher":"https:\/\/web.facebook.com\/produncanland","article_modified_time":"2025-08-14T16:34:31+00:00","og_image":[{"width":800,"height":600,"url":"https:\/\/produncan.cl\/wp-content\/uploads\/2022\/02\/Fundo-Potrerillo-Vendido.webp","type":"image\/webp"}],"twitter_card":"summary_large_image","twitter_misc":{"Price":"","Availability":"Out of stock"},"schema":{"@context":"https:\/\/schema.org","@graph":[{"@type":"WebPage","@id":"https:\/\/produncan.cl\/fr\/produit\/campo-fundo-potrerillo-2\/","url":"https:\/\/produncan.cl\/fr\/produit\/campo-fundo-potrerillo-2\/","name":"\"Champ 42ha Fundo Potrerillo - Estaquilla, R\u00e9gion des Lacs\" - Produncan","isPartOf":{"@id":"https:\/\/produncan.cl\/fr\/#website"},"primaryImageOfPage":{"@id":"https:\/\/produncan.cl\/fr\/produit\/campo-fundo-potrerillo-2\/#primaryimage"},"image":{"@id":"https:\/\/produncan.cl\/fr\/produit\/campo-fundo-potrerillo-2\/#primaryimage"},"thumbnailUrl":"https:\/\/produncan.cl\/wp-content\/uploads\/2022\/02\/Fundo-Potrerillo-Vendido.webp","datePublished":"2022-01-22T20:32:20+00:00","dateModified":"2025-08-14T16:34:31+00:00","description":"\"Champ Fundo Potrerillo 42ha \u00e0 7Kms de la plage d'Estaquilla. \u00c0 600m de la route, \u00e9lectricit\u00e9, bon signal, sources, ruisseaux et rivi\u00e8re\"","breadcrumb":{"@id":"https:\/\/produncan.cl\/fr\/produit\/campo-fundo-potrerillo-2\/#breadcrumb"},"inLanguage":"fr-FR","potentialAction":[{"@type":"ReadAction","target":["https:\/\/produncan.cl\/fr\/produit\/campo-fundo-potrerillo-2\/"]}]},{"@type":"ImageObject","inLanguage":"fr-FR","@id":"https:\/\/produncan.cl\/fr\/produit\/campo-fundo-potrerillo-2\/#primaryimage","url":"https:\/\/produncan.cl\/wp-content\/uploads\/2022\/02\/Fundo-Potrerillo-Vendido.webp","contentUrl":"https:\/\/produncan.cl\/wp-content\/uploads\/2022\/02\/Fundo-Potrerillo-Vendido.webp","width":800,"height":600},{"@type":"BreadcrumbList","@id":"https:\/\/produncan.cl\/fr\/produit\/campo-fundo-potrerillo-2\/#breadcrumb","itemListElement":[{"@type":"ListItem","position":1,"name":"Inicio","item":"https:\/\/produncan.cl\/fr\/"},{"@type":"ListItem","position":2,"name":"Propri\u00e9t\u00e9s","item":"https:\/\/produncan.cl\/propiedades\/"},{"@type":"ListItem","position":3,"name":"Champs","item":"https:\/\/produncan.cl\/fr\/cat&eacute;gorie\/champs\/"},{"@type":"ListItem","position":4,"name":"&#8220;Champ 42ha Fundo Potrerillo &#8211; Estaquilla, R\u00e9gion des Lacs&#8221;"}]},{"@type":"WebSite","@id":"https:\/\/produncan.cl\/fr\/#website","url":"https:\/\/produncan.cl\/fr\/","name":"Produncan","description":"Nous vous accompagnons dans votre projet de vie !","publisher":{"@id":"https:\/\/produncan.cl\/fr\/#organization"},"potentialAction":[{"@type":"SearchAction","target":{"@type":"EntryPoint","urlTemplate":"https:\/\/produncan.cl\/fr\/?s={search_term_string}"},"query-input":{"@type":"PropertyValueSpecification","valueRequired":true,"valueName":"search_term_string"}}],"inLanguage":"fr-FR"},{"@type":"Organization","@id":"https:\/\/produncan.cl\/fr\/#organization","name":"Produncan","url":"https:\/\/produncan.cl\/fr\/","logo":{"@type":"ImageObject","inLanguage":"fr-FR","@id":"https:\/\/produncan.cl\/fr\/#\/schema\/logo\/image\/","url":"https:\/\/produncan.cl\/wp-content\/uploads\/2021\/03\/LOGO.jpeg","contentUrl":"https:\/\/produncan.cl\/wp-content\/uploads\/2021\/03\/LOGO.jpeg","width":1280,"height":903,"caption":"Produncan"},"image":{"@id":"https:\/\/produncan.cl\/fr\/#\/schema\/logo\/image\/"},"sameAs":["https:\/\/web.facebook.com\/produncanland","https:\/\/www.instagram.com\/pro_duncan\/","https:\/\/www.linkedin.com\/company\/produncan-lands\/","https:\/\/www.youtube.com\/channel\/UCu7N-f3x0svkazD-Eew1-QQ"],"description":"En Produncan somos especialistas en la venta de terrenos en el sur de Chile. Proveemos estancias, campos, parcelas y hoteles.","email":"info@produncan.cl"}]},"og_video":"https:\/\/www.youtube.com\/embed\/mBW2K69TSWA","og_video_type":"text\/html","og_video_duration":"61","og_video_width":"480","og_video_height":"360","ya_ovs_adult":"false","ya_ovs_upload_date":"2022-01-22T20:32:20+00:00","ya_ovs_allow_embed":"true","product_price_currency":"USD","og_availability":"out of stock","product_availability":"out of stock","product_condition":"new"},"_links":{"self":[{"href":"https:\/\/produncan.cl\/fr\/wp-json\/wp\/v2\/product\/7837","targetHints":{"allow":["GET"]}}],"collection":[{"href":"https:\/\/produncan.cl\/fr\/wp-json\/wp\/v2\/product"}],"about":[{"href":"https:\/\/produncan.cl\/fr\/wp-json\/wp\/v2\/types\/product"}],"version-history":[{"count":0,"href":"https:\/\/produncan.cl\/fr\/wp-json\/wp\/v2\/product\/7837\/revisions"}],"wp:featuredmedia":[{"embeddable":true,"href":"https:\/\/produncan.cl\/fr\/wp-json\/wp\/v2\/media\/30779"}],"wp:attachment":[{"href":"https:\/\/produncan.cl\/fr\/wp-json\/wp\/v2\/media?parent=7837"}],"wp:term":[{"taxonomy":"product_brand","embeddable":true,"href":"https:\/\/produncan.cl\/fr\/wp-json\/wp\/v2\/product_brand?post=7837"},{"taxonomy":"product_cat","embeddable":true,"href":"https:\/\/produncan.cl\/fr\/wp-json\/wp\/v2\/product_cat?post=7837"},{"taxonomy":"product_tag","embeddable":true,"href":"https:\/\/produncan.cl\/fr\/wp-json\/wp\/v2\/product_tag?post=7837"},{"taxonomy":"regiones","embeddable":true,"href":"https:\/\/produncan.cl\/fr\/wp-json\/wp\/v2\/regiones?post=7837"},{"taxonomy":"ciudades","embeddable":true,"href":"https:\/\/produncan.cl\/fr\/wp-json\/wp\/v2\/ciudades?post=7837"}],"curies":[{"name":"wp","href":"https:\/\/api.w.org\/{rel}","templated":true}]}}