{"id":7838,"date":"2023-10-03T12:00:04","date_gmt":"2023-10-03T15:00:04","guid":{"rendered":"https:\/\/produncan.cl\/producto\/terrain-agricole-de-laguna-sofia\/"},"modified":"2025-11-28T13:55:04","modified_gmt":"2025-11-28T16:55:04","slug":"land-agricola-laguna-sofia","status":"publish","type":"product","link":"https:\/\/produncan.cl\/fr\/produit\/land-agricola-laguna-sofia\/","title":{"rendered":"Parcelles \u00e0 Puerto Natales, Laguna Sof\u00eda &#8211; R\u00e9gion de Magallanes"},"content":{"rendered":"\t\t<div data-elementor-type=\"product-post\" data-elementor-id=\"7838\" class=\"elementor elementor-7838 elementor-1574\" data-elementor-post-type=\"product\">\n\t\t\t\t\t\t<section class=\"elementor-section elementor-top-section elementor-element elementor-element-6a07348c elementor-section-boxed elementor-section-height-default elementor-section-height-default\" data-id=\"6a07348c\" data-element_type=\"section\" data-e-type=\"section\" data-settings=\"{&quot;jet_parallax_layout_list&quot;:[]}\">\n\t\t\t\t\t\t<div class=\"elementor-container elementor-column-gap-default\">\n\t\t\t\t\t<div class=\"elementor-column elementor-col-100 elementor-top-column elementor-element elementor-element-2bcff3e9\" data-id=\"2bcff3e9\" data-element_type=\"column\" data-e-type=\"column\">\n\t\t\t<div class=\"elementor-widget-wrap elementor-element-populated\">\n\t\t\t\t\t\t<div class=\"elementor-element elementor-element-0de046b elementor-widget elementor-widget-heading\" data-id=\"0de046b\" data-element_type=\"widget\" data-e-type=\"widget\" data-widget_type=\"heading.default\">\n\t\t\t\t\t<h2 class=\"elementor-heading-title elementor-size-default\">Un refuge naturel au c\u0153ur des Magellans<\/h2>\t\t\t\t<\/div>\n\t\t\t\t\t<\/div>\n\t\t<\/div>\n\t\t\t\t\t<\/div>\n\t\t<\/section>\n\t\t<div class=\"elementor-element elementor-element-61bc565 e-flex e-con-boxed e-con e-parent\" data-id=\"61bc565\" data-element_type=\"container\" data-e-type=\"container\" data-settings=\"{&quot;jet_parallax_layout_list&quot;:[]}\">\n\t\t\t\t\t<div class=\"e-con-inner\">\n\t\t\t\t<div class=\"elementor-element elementor-element-3ab83e7 elementor-widget elementor-widget-text-editor\" data-id=\"3ab83e7\" data-element_type=\"widget\" data-e-type=\"widget\" data-widget_type=\"text-editor.default\">\n\t\t\t\t\t\t\t\t\t<p>Dans la majestueuse r\u00e9gion de Magallanes, \u00e0 seulement 25 minutes au nord de Puerto Natales, sur le chemin de Torres del Paine, se trouve Laguna Sof\u00eda, l&#8217;un des paysages les plus \u00e9blouissants et embl\u00e9matiques du sud du Chili.<\/p><p>Ce projet exclusif, compos\u00e9 de 64 lots, offre l&#8217;occasion unique de vivre ou d&#8217;investir dans un environnement naturel incomparable, entour\u00e9 de montagnes, de for\u00eats indig\u00e8nes et d&#8217;eaux cristallines.<\/p><p>Situ\u00e9es \u00e0 c\u00f4t\u00e9 de la Laguna Sof\u00eda, \u00e0 l&#8217;arri\u00e8re de la Cave del Milondo, ces parcelles sont situ\u00e9es entre la Sierra Se\u00f1oret et la Sierra Prat, un sc\u00e9nario de beaut\u00e9 changeante selon la saison de l&#8217;ann\u00e9e, gr\u00e2ce \u00e0 la pr\u00e9sence de \u00f1irres, longas, ch\u00eanes, coigues et maitres qui teintent le paysage de tons uniques.<\/p><p>L&#8217;acc\u00e8s est confortable et rapide: de Puerto Natales vous pouvez atteindre la route 9 pav\u00e9e, puis seulement 6 km de route incurv\u00e9e en excellent \u00e9tat m\u00e8nent directement \u00e0 l&#8217;entr\u00e9e du projet.<\/p><p>Cet environnement offre non seulement une vue privil\u00e9gi\u00e9e, mais aussi des exp\u00e9riences pour tous les go\u00fbts:<\/p><ul><li>Plage et acc\u00e8s commun au lagon, avec quai priv\u00e9.<\/li><li>Parc naturel de 20 hectares avec for\u00eat indig\u00e8ne pour des promenades en famille.<\/li><li>Plus de 300 hectares de collines et de sentiers * * id\u00e9al pour le trekking, l&#8217;\u00e9quitation et l&#8217;exploration.<\/li><li>Espaces id\u00e9aux pour la p\u00eache sportive, l&#8217;escalade et l&#8217;observation de la flore et de la faune.<br\/><br\/><\/li><\/ul><p>Le terrain varie de 1,4 \u00e0 6 hectares, d&#8217;une valeur de 1 670 UF par hectare. De nombreuses parcelles ont d\u00e9j\u00e0 des maisons construites, aliment\u00e9es en \u00e9nergie solaire et en eau \u00e0 travers des puits, ce qui garantit une vie autonome en pleine nature.<\/p><p>Les lots de Laguna Sofia sont pour la plupart vendus, mais il y a encore les derni\u00e8res unit\u00e9s disponibles avec une vue privil\u00e9gi\u00e9e sur la lagune.<\/p><p>Laguna Sofia est bien plus qu&#8217;un lieu de vie : c&#8217;est un refuge naturel o\u00f9 vous pouvez retrouver la tranquillit\u00e9, les \u00e9motions et l&#8217;essence de la Patagonie Indomite.<\/p><p>Contactez-nous et connectez-vous \u00e0 la nature. D\u00e9couvrez votre espace \u00e0 Laguna Sofia.<\/p>\t\t\t\t\t\t\t\t<\/div>\n\t\t\t\t\t<\/div>\n\t\t\t\t<\/div>\n\t\t\t\t<\/div>\n\t\t","protected":false},"excerpt":{"rendered":"<p>Terrains \u00e0 Puerto Natales avec vue spectaculaire sur la lagune Sof\u00eda. Projet consolid\u00e9, plusieurs maisons construites, acc\u00e8s commun \u00e0 la lagune, peu d&#8217;unit\u00e9s disponibles. \u00c0 proximit\u00e9 de Pingo Salvaje, \u00e0 20 minutes de Puerto Natales.  <\/p>\n","protected":false},"featured_media":29071,"template":"","meta":{"_acf_changed":false},"product_brand":[],"product_cat":[129],"product_tag":[236,237],"regiones":[225],"ciudades":[210],"class_list":{"0":"post-7838","1":"product","2":"type-product","3":"status-publish","4":"has-post-thumbnail","6":"product_cat-aysen-magallanes-fr","7":"product_tag-parcelles","8":"product_tag-proprietes-touristiques","9":"regiones-aysen-magallanes","10":"ciudades-puerto-natales","12":"first","13":"instock","14":"featured","15":"sold-individually","16":"shipping-taxable","17":"purchasable","18":"product-type-simple"},"acf":[],"yoast_head":"<!-- This site is optimized with the Yoast SEO Premium plugin v26.0 (Yoast SEO v27.4) - https:\/\/yoast.com\/product\/yoast-seo-premium-wordpress\/ -->\n<title>Terrains \u00e0 Puerto Natales - Laguna Sofia - Magallanes - Produncan<\/title>\n<meta name=\"description\" content=\"Terrains \u00e0 Puerto Natales, Laguna Sofia avec des vues spectaculaires et un acc\u00e8s \u00e0 la lagune. Profitez de l&#039;\u00e9quitation, de la voile et des meilleurs moments en famille.\" \/>\n<meta name=\"robots\" content=\"index, follow, max-snippet:-1, max-image-preview:large, max-video-preview:-1\" \/>\n<link rel=\"canonical\" href=\"https:\/\/produncan.cl\/fr\/produit\/land-agricola-laguna-sofia\/\" \/>\n<meta property=\"og:locale\" content=\"fr_FR\" \/>\n<meta property=\"og:type\" content=\"article\" \/>\n<meta property=\"og:title\" content=\"Parcelles \u00e0 Puerto Natales, Laguna Sof\u00eda - R\u00e9gion de Magallanes\" \/>\n<meta property=\"og:description\" content=\"Terrains \u00e0 Puerto Natales, Laguna Sofia avec des vues spectaculaires et un acc\u00e8s \u00e0 la lagune. Profitez de l&#039;\u00e9quitation, de la voile et des meilleurs moments en famille.\" \/>\n<meta property=\"og:url\" content=\"https:\/\/produncan.cl\/fr\/produit\/land-agricola-laguna-sofia\/\" \/>\n<meta property=\"og:site_name\" content=\"Produncan\" \/>\n<meta property=\"article:publisher\" content=\"https:\/\/web.facebook.com\/produncanland\" \/>\n<meta property=\"article:modified_time\" content=\"2025-11-28T16:55:04+00:00\" \/>\n<meta property=\"og:image\" content=\"https:\/\/produncan.cl\/wp-content\/uploads\/2023\/10\/Parcelas-Laguna-Sofia-En-Venta-Puerto-Natales.webp\" \/>\n<meta name=\"twitter:card\" content=\"summary_large_image\" \/>\n<meta name=\"twitter:label1\" content=\"Price\" \/>\n\t<meta name=\"twitter:data1\" content=\"USD129.200,00\" \/>\n\t<meta name=\"twitter:label2\" content=\"Availability\" \/>\n\t<meta name=\"twitter:data2\" content=\"In stock\" \/>\n<script type=\"application\/ld+json\" class=\"yoast-schema-graph\">{\"@context\":\"https:\\\/\\\/schema.org\",\"@graph\":[{\"@type\":\"WebPage\",\"@id\":\"https:\\\/\\\/produncan.cl\\\/fr\\\/produit\\\/land-agricola-laguna-sofia\\\/\",\"url\":\"https:\\\/\\\/produncan.cl\\\/fr\\\/produit\\\/land-agricola-laguna-sofia\\\/\",\"name\":\"Terrains \u00e0 Puerto Natales - Laguna Sofia - Magallanes - Produncan\",\"isPartOf\":{\"@id\":\"https:\\\/\\\/produncan.cl\\\/fr\\\/#website\"},\"primaryImageOfPage\":{\"@id\":\"https:\\\/\\\/produncan.cl\\\/fr\\\/produit\\\/land-agricola-laguna-sofia\\\/#primaryimage\"},\"image\":{\"@id\":\"https:\\\/\\\/produncan.cl\\\/fr\\\/produit\\\/land-agricola-laguna-sofia\\\/#primaryimage\"},\"thumbnailUrl\":\"https:\\\/\\\/produncan.cl\\\/wp-content\\\/uploads\\\/2023\\\/10\\\/Parcelas-Laguna-Sofia-En-Venta-Puerto-Natales.webp\",\"datePublished\":\"2023-10-03T15:00:04+00:00\",\"dateModified\":\"2025-11-28T16:55:04+00:00\",\"description\":\"Terrains \u00e0 Puerto Natales, Laguna Sofia avec des vues spectaculaires et un acc\u00e8s \u00e0 la lagune. Profitez de l'\u00e9quitation, de la voile et des meilleurs moments en famille.\",\"breadcrumb\":{\"@id\":\"https:\\\/\\\/produncan.cl\\\/fr\\\/produit\\\/land-agricola-laguna-sofia\\\/#breadcrumb\"},\"inLanguage\":\"fr-FR\",\"potentialAction\":[{\"@type\":\"ReadAction\",\"target\":[\"https:\\\/\\\/produncan.cl\\\/fr\\\/produit\\\/land-agricola-laguna-sofia\\\/\"]}]},{\"@type\":\"ImageObject\",\"inLanguage\":\"fr-FR\",\"@id\":\"https:\\\/\\\/produncan.cl\\\/fr\\\/produit\\\/land-agricola-laguna-sofia\\\/#primaryimage\",\"url\":\"https:\\\/\\\/produncan.cl\\\/wp-content\\\/uploads\\\/2023\\\/10\\\/Parcelas-Laguna-Sofia-En-Venta-Puerto-Natales.webp\",\"contentUrl\":\"https:\\\/\\\/produncan.cl\\\/wp-content\\\/uploads\\\/2023\\\/10\\\/Parcelas-Laguna-Sofia-En-Venta-Puerto-Natales.webp\",\"width\":600,\"height\":450,\"caption\":\"Terrain Laguna Sofia \u00e0 vendre Puerto Natales\"},{\"@type\":\"BreadcrumbList\",\"@id\":\"https:\\\/\\\/produncan.cl\\\/fr\\\/produit\\\/land-agricola-laguna-sofia\\\/#breadcrumb\",\"itemListElement\":[{\"@type\":\"ListItem\",\"position\":1,\"name\":\"Inicio\",\"item\":\"https:\\\/\\\/produncan.cl\\\/fr\\\/\"},{\"@type\":\"ListItem\",\"position\":2,\"name\":\"Propri\u00e9t\u00e9s\",\"item\":\"https:\\\/\\\/produncan.cl\\\/propiedades\\\/\"},{\"@type\":\"ListItem\",\"position\":3,\"name\":\"Parcelles\",\"item\":\"https:\\\/\\\/produncan.cl\\\/fr\\\/cat&eacute;gorie\\\/parcelles\\\/\"},{\"@type\":\"ListItem\",\"position\":4,\"name\":\"Parcelles \u00e0 Puerto Natales, Laguna Sof\u00eda &#8211; R\u00e9gion de Magallanes\"}]},{\"@type\":\"WebSite\",\"@id\":\"https:\\\/\\\/produncan.cl\\\/fr\\\/#website\",\"url\":\"https:\\\/\\\/produncan.cl\\\/fr\\\/\",\"name\":\"Produncan\",\"description\":\"Nous vous accompagnons dans votre projet de vie !\",\"publisher\":{\"@id\":\"https:\\\/\\\/produncan.cl\\\/fr\\\/#organization\"},\"potentialAction\":[{\"@type\":\"SearchAction\",\"target\":{\"@type\":\"EntryPoint\",\"urlTemplate\":\"https:\\\/\\\/produncan.cl\\\/fr\\\/?s={search_term_string}\"},\"query-input\":{\"@type\":\"PropertyValueSpecification\",\"valueRequired\":true,\"valueName\":\"search_term_string\"}}],\"inLanguage\":\"fr-FR\"},{\"@type\":\"Organization\",\"@id\":\"https:\\\/\\\/produncan.cl\\\/fr\\\/#organization\",\"name\":\"Produncan\",\"url\":\"https:\\\/\\\/produncan.cl\\\/fr\\\/\",\"logo\":{\"@type\":\"ImageObject\",\"inLanguage\":\"fr-FR\",\"@id\":\"https:\\\/\\\/produncan.cl\\\/fr\\\/#\\\/schema\\\/logo\\\/image\\\/\",\"url\":\"https:\\\/\\\/produncan.cl\\\/wp-content\\\/uploads\\\/2021\\\/03\\\/LOGO.jpeg\",\"contentUrl\":\"https:\\\/\\\/produncan.cl\\\/wp-content\\\/uploads\\\/2021\\\/03\\\/LOGO.jpeg\",\"width\":1280,\"height\":903,\"caption\":\"Produncan\"},\"image\":{\"@id\":\"https:\\\/\\\/produncan.cl\\\/fr\\\/#\\\/schema\\\/logo\\\/image\\\/\"},\"sameAs\":[\"https:\\\/\\\/web.facebook.com\\\/produncanland\",\"https:\\\/\\\/www.instagram.com\\\/pro_duncan\\\/\",\"https:\\\/\\\/www.linkedin.com\\\/company\\\/produncan-lands\\\/\",\"https:\\\/\\\/www.youtube.com\\\/channel\\\/UCu7N-f3x0svkazD-Eew1-QQ\"],\"description\":\"En Produncan somos especialistas en la venta de terrenos en el sur de Chile. Proveemos estancias, campos, parcelas y hoteles.\",\"email\":\"info@produncan.cl\"}]}<\/script>\n<meta property=\"og:video\" content=\"https:\/\/www.youtube.com\/embed\/pDmR_ewQggQ\" \/>\n<meta property=\"og:video:type\" content=\"text\/html\" \/>\n<meta property=\"og:video:duration\" content=\"60\" \/>\n<meta property=\"og:video:width\" content=\"480\" \/>\n<meta property=\"og:video:height\" content=\"360\" \/>\n<meta property=\"ya:ovs:adult\" content=\"false\" \/>\n<meta property=\"ya:ovs:upload_date\" content=\"2023-10-03T15:00:04+00:00\" \/>\n<meta property=\"ya:ovs:allow_embed\" content=\"true\" \/>\n<meta property=\"product:price:amount\" content=\"129200.00\" \/>\n<meta property=\"product:price:currency\" content=\"USD\" \/>\n<meta property=\"og:availability\" content=\"instock\" \/>\n<meta property=\"product:availability\" content=\"instock\" \/>\n<meta property=\"product:condition\" content=\"new\" \/>\n<!-- \/ Yoast SEO Premium plugin. -->","yoast_head_json":{"title":"Terrains \u00e0 Puerto Natales - Laguna Sofia - Magallanes - Produncan","description":"Terrains \u00e0 Puerto Natales, Laguna Sofia avec des vues spectaculaires et un acc\u00e8s \u00e0 la lagune. Profitez de l'\u00e9quitation, de la voile et des meilleurs moments en famille.","robots":{"index":"index","follow":"follow","max-snippet":"max-snippet:-1","max-image-preview":"max-image-preview:large","max-video-preview":"max-video-preview:-1"},"canonical":"https:\/\/produncan.cl\/fr\/produit\/land-agricola-laguna-sofia\/","og_locale":"fr_FR","og_type":"article","og_title":"Parcelles \u00e0 Puerto Natales, Laguna Sof\u00eda - R\u00e9gion de Magallanes","og_description":"Terrains \u00e0 Puerto Natales, Laguna Sofia avec des vues spectaculaires et un acc\u00e8s \u00e0 la lagune. Profitez de l'\u00e9quitation, de la voile et des meilleurs moments en famille.","og_url":"https:\/\/produncan.cl\/fr\/produit\/land-agricola-laguna-sofia\/","og_site_name":"Produncan","article_publisher":"https:\/\/web.facebook.com\/produncanland","article_modified_time":"2025-11-28T16:55:04+00:00","og_image":[{"url":"https:\/\/produncan.cl\/wp-content\/uploads\/2023\/10\/Parcelas-Laguna-Sofia-En-Venta-Puerto-Natales.webp","type":"","width":"","height":""}],"twitter_card":"summary_large_image","twitter_misc":{"Price":"USD129.200,00","Availability":"In stock"},"schema":{"@context":"https:\/\/schema.org","@graph":[{"@type":"WebPage","@id":"https:\/\/produncan.cl\/fr\/produit\/land-agricola-laguna-sofia\/","url":"https:\/\/produncan.cl\/fr\/produit\/land-agricola-laguna-sofia\/","name":"Terrains \u00e0 Puerto Natales - Laguna Sofia - Magallanes - Produncan","isPartOf":{"@id":"https:\/\/produncan.cl\/fr\/#website"},"primaryImageOfPage":{"@id":"https:\/\/produncan.cl\/fr\/produit\/land-agricola-laguna-sofia\/#primaryimage"},"image":{"@id":"https:\/\/produncan.cl\/fr\/produit\/land-agricola-laguna-sofia\/#primaryimage"},"thumbnailUrl":"https:\/\/produncan.cl\/wp-content\/uploads\/2023\/10\/Parcelas-Laguna-Sofia-En-Venta-Puerto-Natales.webp","datePublished":"2023-10-03T15:00:04+00:00","dateModified":"2025-11-28T16:55:04+00:00","description":"Terrains \u00e0 Puerto Natales, Laguna Sofia avec des vues spectaculaires et un acc\u00e8s \u00e0 la lagune. Profitez de l'\u00e9quitation, de la voile et des meilleurs moments en famille.","breadcrumb":{"@id":"https:\/\/produncan.cl\/fr\/produit\/land-agricola-laguna-sofia\/#breadcrumb"},"inLanguage":"fr-FR","potentialAction":[{"@type":"ReadAction","target":["https:\/\/produncan.cl\/fr\/produit\/land-agricola-laguna-sofia\/"]}]},{"@type":"ImageObject","inLanguage":"fr-FR","@id":"https:\/\/produncan.cl\/fr\/produit\/land-agricola-laguna-sofia\/#primaryimage","url":"https:\/\/produncan.cl\/wp-content\/uploads\/2023\/10\/Parcelas-Laguna-Sofia-En-Venta-Puerto-Natales.webp","contentUrl":"https:\/\/produncan.cl\/wp-content\/uploads\/2023\/10\/Parcelas-Laguna-Sofia-En-Venta-Puerto-Natales.webp","width":600,"height":450,"caption":"Terrain Laguna Sofia \u00e0 vendre Puerto Natales"},{"@type":"BreadcrumbList","@id":"https:\/\/produncan.cl\/fr\/produit\/land-agricola-laguna-sofia\/#breadcrumb","itemListElement":[{"@type":"ListItem","position":1,"name":"Inicio","item":"https:\/\/produncan.cl\/fr\/"},{"@type":"ListItem","position":2,"name":"Propri\u00e9t\u00e9s","item":"https:\/\/produncan.cl\/propiedades\/"},{"@type":"ListItem","position":3,"name":"Parcelles","item":"https:\/\/produncan.cl\/fr\/cat&eacute;gorie\/parcelles\/"},{"@type":"ListItem","position":4,"name":"Parcelles \u00e0 Puerto Natales, Laguna Sof\u00eda &#8211; R\u00e9gion de Magallanes"}]},{"@type":"WebSite","@id":"https:\/\/produncan.cl\/fr\/#website","url":"https:\/\/produncan.cl\/fr\/","name":"Produncan","description":"Nous vous accompagnons dans votre projet de vie !","publisher":{"@id":"https:\/\/produncan.cl\/fr\/#organization"},"potentialAction":[{"@type":"SearchAction","target":{"@type":"EntryPoint","urlTemplate":"https:\/\/produncan.cl\/fr\/?s={search_term_string}"},"query-input":{"@type":"PropertyValueSpecification","valueRequired":true,"valueName":"search_term_string"}}],"inLanguage":"fr-FR"},{"@type":"Organization","@id":"https:\/\/produncan.cl\/fr\/#organization","name":"Produncan","url":"https:\/\/produncan.cl\/fr\/","logo":{"@type":"ImageObject","inLanguage":"fr-FR","@id":"https:\/\/produncan.cl\/fr\/#\/schema\/logo\/image\/","url":"https:\/\/produncan.cl\/wp-content\/uploads\/2021\/03\/LOGO.jpeg","contentUrl":"https:\/\/produncan.cl\/wp-content\/uploads\/2021\/03\/LOGO.jpeg","width":1280,"height":903,"caption":"Produncan"},"image":{"@id":"https:\/\/produncan.cl\/fr\/#\/schema\/logo\/image\/"},"sameAs":["https:\/\/web.facebook.com\/produncanland","https:\/\/www.instagram.com\/pro_duncan\/","https:\/\/www.linkedin.com\/company\/produncan-lands\/","https:\/\/www.youtube.com\/channel\/UCu7N-f3x0svkazD-Eew1-QQ"],"description":"En Produncan somos especialistas en la venta de terrenos en el sur de Chile. Proveemos estancias, campos, parcelas y hoteles.","email":"info@produncan.cl"}]},"og_video":"https:\/\/www.youtube.com\/embed\/pDmR_ewQggQ","og_video_type":"text\/html","og_video_duration":"60","og_video_width":"480","og_video_height":"360","ya_ovs_adult":"false","ya_ovs_upload_date":"2023-10-03T15:00:04+00:00","ya_ovs_allow_embed":"true","product_price_amount":"129200.00","product_price_currency":"USD","og_availability":"instock","product_availability":"instock","product_condition":"new"},"_links":{"self":[{"href":"https:\/\/produncan.cl\/fr\/wp-json\/wp\/v2\/product\/7838","targetHints":{"allow":["GET"]}}],"collection":[{"href":"https:\/\/produncan.cl\/fr\/wp-json\/wp\/v2\/product"}],"about":[{"href":"https:\/\/produncan.cl\/fr\/wp-json\/wp\/v2\/types\/product"}],"version-history":[{"count":2,"href":"https:\/\/produncan.cl\/fr\/wp-json\/wp\/v2\/product\/7838\/revisions"}],"predecessor-version":[{"id":52614,"href":"https:\/\/produncan.cl\/fr\/wp-json\/wp\/v2\/product\/7838\/revisions\/52614"}],"wp:featuredmedia":[{"embeddable":true,"href":"https:\/\/produncan.cl\/fr\/wp-json\/wp\/v2\/media\/29071"}],"wp:attachment":[{"href":"https:\/\/produncan.cl\/fr\/wp-json\/wp\/v2\/media?parent=7838"}],"wp:term":[{"taxonomy":"product_brand","embeddable":true,"href":"https:\/\/produncan.cl\/fr\/wp-json\/wp\/v2\/product_brand?post=7838"},{"taxonomy":"product_cat","embeddable":true,"href":"https:\/\/produncan.cl\/fr\/wp-json\/wp\/v2\/product_cat?post=7838"},{"taxonomy":"product_tag","embeddable":true,"href":"https:\/\/produncan.cl\/fr\/wp-json\/wp\/v2\/product_tag?post=7838"},{"taxonomy":"regiones","embeddable":true,"href":"https:\/\/produncan.cl\/fr\/wp-json\/wp\/v2\/regiones?post=7838"},{"taxonomy":"ciudades","embeddable":true,"href":"https:\/\/produncan.cl\/fr\/wp-json\/wp\/v2\/ciudades?post=7838"}],"curies":[{"name":"wp","href":"https:\/\/api.w.org\/{rel}","templated":true}]}}