{"id":7840,"date":"2022-08-16T17:32:02","date_gmt":"2022-08-16T21:32:02","guid":{"rendered":"https:\/\/produncan.cl\/producto\/campito-cerro-plato-13-5ha\/"},"modified":"2025-12-04T17:05:25","modified_gmt":"2025-12-04T20:05:25","slug":"campito-cerro-plato-135ha-2","status":"publish","type":"product","link":"https:\/\/produncan.cl\/fr\/produit\/campito-cerro-plato-135ha-2\/","title":{"rendered":"Campagne \u00e0 Coyhaique, Cerro Plato &#8211; R\u00e9gion d&#8217;Ays\u00e9n"},"content":{"rendered":"\t\t<div data-elementor-type=\"product-post\" data-elementor-id=\"7840\" class=\"elementor elementor-7840 elementor-2833\" data-elementor-post-type=\"product\">\n\t\t\t\t\t\t<section class=\"elementor-section elementor-top-section elementor-element elementor-element-4224726f elementor-section-boxed elementor-section-height-default elementor-section-height-default\" data-id=\"4224726f\" data-element_type=\"section\" data-e-type=\"section\" data-settings=\"{&quot;jet_parallax_layout_list&quot;:[]}\">\n\t\t\t\t\t\t<div class=\"elementor-container elementor-column-gap-default\">\n\t\t\t\t\t<div class=\"elementor-column elementor-col-100 elementor-top-column elementor-element elementor-element-4fa2c174\" data-id=\"4fa2c174\" data-element_type=\"column\" data-e-type=\"column\">\n\t\t\t<div class=\"elementor-widget-wrap elementor-element-populated\">\n\t\t\t\t\t\t<div class=\"elementor-element elementor-element-343c588c elementor-widget elementor-widget-text-editor\" data-id=\"343c588c\" data-element_type=\"widget\" data-e-type=\"widget\" data-widget_type=\"text-editor.default\">\n\t\t\t\t\t\t\t\t\t<h2>Un Campito avec les conditions id\u00e9ales pour d\u00e9marrer votre projet touristique !<\/h2>\nBienvenue au petit camp Cerro Plato, 13,5 hectares avec 700 m\u00e8tres de rivi\u00e8re. Situ\u00e9 \u00e0 87 km au nord de Coyhaique et \u00e0 27 km \u00e0 l&#8217;est de Villa Ma\u00f1ihuales, dans la r\u00e9gion d&#8217;Ays\u00e9n.\n\nLa propri\u00e9t\u00e9 offre une vue magnifique sur la cha\u00eene de montagnes de Patagonie. Les roches s\u00e9dimentaires et les for\u00eats indig\u00e8nes luxuriantes de ses cha\u00eenes de montagnes pr\u00e9sentent de nombreuses formations fascinantes et font le bonheur des g\u00e9ologues et des amoureux de la nature.\n<h3>Acc\u00e8s et voisinage de Campito Cerro Plato<\/h3>\n<ul>\n \t<li>On peut y acc\u00e9der depuis Villa Ortega ou depuis la Carretera Austral, \u00e0 Villa Ma\u00f1ihuales. Vous emprunterez une route de gravier bien entretenue et des paysages spectaculaires.<\/li>\n \t<li>Elle est \u00e9galement proche de la route internationale vers Alto Rio Senguer en Argentine, ce qui ouvre de nombreuses possibilit\u00e9s.<\/li>\n \t<li>\u00c0 proximit\u00e9, on trouve des lacs et des lagunes, des pavillons de chasse et de p\u00eache, des sentiers de trekking et d&#8217;\u00e9quitation.<\/li>\n<\/ul>\n<h3>Services<\/h3>\nLa propri\u00e9t\u00e9 dispose de l&#8217;\u00e9lectricit\u00e9 \u00e0 l&#8217;entr\u00e9e, d&#8217;une bonne couverture t\u00e9l\u00e9phonique, de cl\u00f4tures d&#8217;enceinte et d&#8217;une rivi\u00e8re qui traverse le milieu de la propri\u00e9t\u00e9.\n\nN&#8217;ATTENDEZ PAS PLUS LONGTEMPS ET COMMENCEZ VOTRE PROJET \u00c0 CAMPITO CERRO PLATO, UN LIEU \u00c0 FORTE CROISSANCE TOURISTIQUE !\t\t\t\t\t\t\t\t<\/div>\n\t\t\t\t\t<\/div>\n\t\t<\/div>\n\t\t\t\t\t<\/div>\n\t\t<\/section>\n\t\t\t\t<\/div>\n\t\t","protected":false},"excerpt":{"rendered":"<p>Terrain \u00e0 Ays\u00e9n, secteur El Gato, \u00e0 l&#8217;est de Villa Ma\u00f1ihuales, sur la route de R\u00edo Norte. Excellent acc\u00e8s, 700 m\u00e8tres de rivi\u00e8re et vue imprenable sur l&#8217;imposante cordill\u00e8re de Patagonie. Id\u00e9al pour des projets touristiques.  <\/p>\n","protected":false},"featured_media":6253,"template":"","meta":{"_acf_changed":false},"product_brand":[],"product_cat":[129],"product_tag":[233,237],"regiones":[225],"ciudades":[209],"class_list":{"0":"post-7840","1":"product","2":"type-product","3":"status-publish","4":"has-post-thumbnail","6":"product_cat-aysen-magallanes-fr","7":"product_tag-champs","8":"product_tag-proprietes-touristiques","9":"regiones-aysen-magallanes","10":"ciudades-coyhaique","12":"first","13":"instock","14":"sold-individually","15":"shipping-taxable","16":"purchasable","17":"product-type-simple"},"acf":[],"yoast_head":"<!-- This site is optimized with the Yoast SEO Premium plugin v26.0 (Yoast SEO v27.3) - https:\/\/yoast.com\/product\/yoast-seo-premium-wordpress\/ -->\n<title>Campito 13,5ha Cerro Plato - Coyhaique, Ays\u00e9n - Produncan<\/title>\n<meta name=\"description\" content=\"Campito \u00e0 Coyhaique, 13,5 ha avec 700 m\u00e8tres de rivi\u00e8re, \u00e0 87 km au nord de Coyhaique, \u00e0 27 km de l&#039;autoroute sud, magnifique vue sur la cordill\u00e8re de Patagonie.\" \/>\n<meta name=\"robots\" content=\"index, follow, max-snippet:-1, max-image-preview:large, max-video-preview:-1\" \/>\n<link rel=\"canonical\" href=\"https:\/\/produncan.cl\/fr\/produit\/campito-cerro-plato-135ha-2\/\" \/>\n<meta property=\"og:locale\" content=\"fr_FR\" \/>\n<meta property=\"og:type\" content=\"article\" \/>\n<meta property=\"og:title\" content=\"Campagne \u00e0 Coyhaique, Cerro Plato - R\u00e9gion d&#039;Ays\u00e9n\" \/>\n<meta property=\"og:description\" content=\"Campito \u00e0 Coyhaique, 13,5 ha avec 700 m\u00e8tres de rivi\u00e8re, \u00e0 87 km au nord de Coyhaique, \u00e0 27 km de l&#039;autoroute sud, magnifique vue sur la cordill\u00e8re de Patagonie.\" \/>\n<meta property=\"og:url\" content=\"https:\/\/produncan.cl\/fr\/produit\/campito-cerro-plato-135ha-2\/\" \/>\n<meta property=\"og:site_name\" content=\"Produncan\" \/>\n<meta property=\"article:publisher\" content=\"https:\/\/web.facebook.com\/produncanland\" \/>\n<meta property=\"article:modified_time\" content=\"2025-12-04T20:05:25+00:00\" \/>\n<meta property=\"og:image\" content=\"https:\/\/produncan.cl\/wp-content\/uploads\/2022\/08\/Campito-cerro-plato.webp\" \/>\n\t<meta property=\"og:image:width\" content=\"600\" \/>\n\t<meta property=\"og:image:height\" content=\"450\" \/>\n\t<meta property=\"og:image:type\" content=\"image\/webp\" \/>\n<meta name=\"twitter:card\" content=\"summary_large_image\" \/>\n<meta name=\"twitter:label1\" content=\"Price\" \/>\n\t<meta name=\"twitter:data1\" content=\"USD199.000,00\" \/>\n\t<meta name=\"twitter:label2\" content=\"Availability\" \/>\n\t<meta name=\"twitter:data2\" content=\"In stock\" \/>\n<script type=\"application\/ld+json\" class=\"yoast-schema-graph\">{\"@context\":\"https:\\\/\\\/schema.org\",\"@graph\":[{\"@type\":\"WebPage\",\"@id\":\"https:\\\/\\\/produncan.cl\\\/fr\\\/produit\\\/campito-cerro-plato-135ha-2\\\/\",\"url\":\"https:\\\/\\\/produncan.cl\\\/fr\\\/produit\\\/campito-cerro-plato-135ha-2\\\/\",\"name\":\"Campito 13,5ha Cerro Plato - Coyhaique, Ays\u00e9n - Produncan\",\"isPartOf\":{\"@id\":\"https:\\\/\\\/produncan.cl\\\/fr\\\/#website\"},\"primaryImageOfPage\":{\"@id\":\"https:\\\/\\\/produncan.cl\\\/fr\\\/produit\\\/campito-cerro-plato-135ha-2\\\/#primaryimage\"},\"image\":{\"@id\":\"https:\\\/\\\/produncan.cl\\\/fr\\\/produit\\\/campito-cerro-plato-135ha-2\\\/#primaryimage\"},\"thumbnailUrl\":\"https:\\\/\\\/produncan.cl\\\/wp-content\\\/uploads\\\/2022\\\/08\\\/Campito-cerro-plato.webp\",\"datePublished\":\"2022-08-16T21:32:02+00:00\",\"dateModified\":\"2025-12-04T20:05:25+00:00\",\"description\":\"Campito \u00e0 Coyhaique, 13,5 ha avec 700 m\u00e8tres de rivi\u00e8re, \u00e0 87 km au nord de Coyhaique, \u00e0 27 km de l'autoroute sud, magnifique vue sur la cordill\u00e8re de Patagonie.\",\"breadcrumb\":{\"@id\":\"https:\\\/\\\/produncan.cl\\\/fr\\\/produit\\\/campito-cerro-plato-135ha-2\\\/#breadcrumb\"},\"inLanguage\":\"fr-FR\",\"potentialAction\":[{\"@type\":\"ReadAction\",\"target\":[\"https:\\\/\\\/produncan.cl\\\/fr\\\/produit\\\/campito-cerro-plato-135ha-2\\\/\"]}]},{\"@type\":\"ImageObject\",\"inLanguage\":\"fr-FR\",\"@id\":\"https:\\\/\\\/produncan.cl\\\/fr\\\/produit\\\/campito-cerro-plato-135ha-2\\\/#primaryimage\",\"url\":\"https:\\\/\\\/produncan.cl\\\/wp-content\\\/uploads\\\/2022\\\/08\\\/Campito-cerro-plato.webp\",\"contentUrl\":\"https:\\\/\\\/produncan.cl\\\/wp-content\\\/uploads\\\/2022\\\/08\\\/Campito-cerro-plato.webp\",\"width\":600,\"height\":450},{\"@type\":\"BreadcrumbList\",\"@id\":\"https:\\\/\\\/produncan.cl\\\/fr\\\/produit\\\/campito-cerro-plato-135ha-2\\\/#breadcrumb\",\"itemListElement\":[{\"@type\":\"ListItem\",\"position\":1,\"name\":\"Inicio\",\"item\":\"https:\\\/\\\/produncan.cl\\\/fr\\\/\"},{\"@type\":\"ListItem\",\"position\":2,\"name\":\"Propri\u00e9t\u00e9s\",\"item\":\"https:\\\/\\\/produncan.cl\\\/propiedades\\\/\"},{\"@type\":\"ListItem\",\"position\":3,\"name\":\"Champs\",\"item\":\"https:\\\/\\\/produncan.cl\\\/fr\\\/cat&eacute;gorie\\\/champs\\\/\"},{\"@type\":\"ListItem\",\"position\":4,\"name\":\"Campagne \u00e0 Coyhaique, Cerro Plato &#8211; R\u00e9gion d&#8217;Ays\u00e9n\"}]},{\"@type\":\"WebSite\",\"@id\":\"https:\\\/\\\/produncan.cl\\\/fr\\\/#website\",\"url\":\"https:\\\/\\\/produncan.cl\\\/fr\\\/\",\"name\":\"Produncan\",\"description\":\"Nous vous accompagnons dans votre projet de vie !\",\"publisher\":{\"@id\":\"https:\\\/\\\/produncan.cl\\\/fr\\\/#organization\"},\"potentialAction\":[{\"@type\":\"SearchAction\",\"target\":{\"@type\":\"EntryPoint\",\"urlTemplate\":\"https:\\\/\\\/produncan.cl\\\/fr\\\/?s={search_term_string}\"},\"query-input\":{\"@type\":\"PropertyValueSpecification\",\"valueRequired\":true,\"valueName\":\"search_term_string\"}}],\"inLanguage\":\"fr-FR\"},{\"@type\":\"Organization\",\"@id\":\"https:\\\/\\\/produncan.cl\\\/fr\\\/#organization\",\"name\":\"Produncan\",\"url\":\"https:\\\/\\\/produncan.cl\\\/fr\\\/\",\"logo\":{\"@type\":\"ImageObject\",\"inLanguage\":\"fr-FR\",\"@id\":\"https:\\\/\\\/produncan.cl\\\/fr\\\/#\\\/schema\\\/logo\\\/image\\\/\",\"url\":\"https:\\\/\\\/produncan.cl\\\/wp-content\\\/uploads\\\/2021\\\/03\\\/LOGO.jpeg\",\"contentUrl\":\"https:\\\/\\\/produncan.cl\\\/wp-content\\\/uploads\\\/2021\\\/03\\\/LOGO.jpeg\",\"width\":1280,\"height\":903,\"caption\":\"Produncan\"},\"image\":{\"@id\":\"https:\\\/\\\/produncan.cl\\\/fr\\\/#\\\/schema\\\/logo\\\/image\\\/\"},\"sameAs\":[\"https:\\\/\\\/web.facebook.com\\\/produncanland\",\"https:\\\/\\\/www.instagram.com\\\/pro_duncan\\\/\",\"https:\\\/\\\/www.linkedin.com\\\/company\\\/produncan-lands\\\/\",\"https:\\\/\\\/www.youtube.com\\\/channel\\\/UCu7N-f3x0svkazD-Eew1-QQ\"],\"description\":\"En Produncan somos especialistas en la venta de terrenos en el sur de Chile. Proveemos estancias, campos, parcelas y hoteles.\",\"email\":\"info@produncan.cl\"}]}<\/script>\n<meta property=\"og:video\" content=\"https:\/\/www.youtube.com\/embed\/Lh_XmtSQKhc\" \/>\n<meta property=\"og:video:type\" content=\"text\/html\" \/>\n<meta property=\"og:video:duration\" content=\"61\" \/>\n<meta property=\"og:video:width\" content=\"480\" \/>\n<meta property=\"og:video:height\" content=\"360\" \/>\n<meta property=\"ya:ovs:adult\" content=\"false\" \/>\n<meta property=\"ya:ovs:upload_date\" content=\"2022-08-16T21:32:02+00:00\" \/>\n<meta property=\"ya:ovs:allow_embed\" content=\"true\" \/>\n<meta property=\"product:price:amount\" content=\"199000.00\" \/>\n<meta property=\"product:price:currency\" content=\"USD\" \/>\n<meta property=\"og:availability\" content=\"instock\" \/>\n<meta property=\"product:availability\" content=\"instock\" \/>\n<meta property=\"product:condition\" content=\"new\" \/>\n<!-- \/ Yoast SEO Premium plugin. -->","yoast_head_json":{"title":"Campito 13,5ha Cerro Plato - Coyhaique, Ays\u00e9n - Produncan","description":"Campito \u00e0 Coyhaique, 13,5 ha avec 700 m\u00e8tres de rivi\u00e8re, \u00e0 87 km au nord de Coyhaique, \u00e0 27 km de l'autoroute sud, magnifique vue sur la cordill\u00e8re de Patagonie.","robots":{"index":"index","follow":"follow","max-snippet":"max-snippet:-1","max-image-preview":"max-image-preview:large","max-video-preview":"max-video-preview:-1"},"canonical":"https:\/\/produncan.cl\/fr\/produit\/campito-cerro-plato-135ha-2\/","og_locale":"fr_FR","og_type":"article","og_title":"Campagne \u00e0 Coyhaique, Cerro Plato - R\u00e9gion d'Ays\u00e9n","og_description":"Campito \u00e0 Coyhaique, 13,5 ha avec 700 m\u00e8tres de rivi\u00e8re, \u00e0 87 km au nord de Coyhaique, \u00e0 27 km de l'autoroute sud, magnifique vue sur la cordill\u00e8re de Patagonie.","og_url":"https:\/\/produncan.cl\/fr\/produit\/campito-cerro-plato-135ha-2\/","og_site_name":"Produncan","article_publisher":"https:\/\/web.facebook.com\/produncanland","article_modified_time":"2025-12-04T20:05:25+00:00","og_image":[{"width":600,"height":450,"url":"https:\/\/produncan.cl\/wp-content\/uploads\/2022\/08\/Campito-cerro-plato.webp","type":"image\/webp"}],"twitter_card":"summary_large_image","twitter_misc":{"Price":"USD199.000,00","Availability":"In stock"},"schema":{"@context":"https:\/\/schema.org","@graph":[{"@type":"WebPage","@id":"https:\/\/produncan.cl\/fr\/produit\/campito-cerro-plato-135ha-2\/","url":"https:\/\/produncan.cl\/fr\/produit\/campito-cerro-plato-135ha-2\/","name":"Campito 13,5ha Cerro Plato - Coyhaique, Ays\u00e9n - Produncan","isPartOf":{"@id":"https:\/\/produncan.cl\/fr\/#website"},"primaryImageOfPage":{"@id":"https:\/\/produncan.cl\/fr\/produit\/campito-cerro-plato-135ha-2\/#primaryimage"},"image":{"@id":"https:\/\/produncan.cl\/fr\/produit\/campito-cerro-plato-135ha-2\/#primaryimage"},"thumbnailUrl":"https:\/\/produncan.cl\/wp-content\/uploads\/2022\/08\/Campito-cerro-plato.webp","datePublished":"2022-08-16T21:32:02+00:00","dateModified":"2025-12-04T20:05:25+00:00","description":"Campito \u00e0 Coyhaique, 13,5 ha avec 700 m\u00e8tres de rivi\u00e8re, \u00e0 87 km au nord de Coyhaique, \u00e0 27 km de l'autoroute sud, magnifique vue sur la cordill\u00e8re de Patagonie.","breadcrumb":{"@id":"https:\/\/produncan.cl\/fr\/produit\/campito-cerro-plato-135ha-2\/#breadcrumb"},"inLanguage":"fr-FR","potentialAction":[{"@type":"ReadAction","target":["https:\/\/produncan.cl\/fr\/produit\/campito-cerro-plato-135ha-2\/"]}]},{"@type":"ImageObject","inLanguage":"fr-FR","@id":"https:\/\/produncan.cl\/fr\/produit\/campito-cerro-plato-135ha-2\/#primaryimage","url":"https:\/\/produncan.cl\/wp-content\/uploads\/2022\/08\/Campito-cerro-plato.webp","contentUrl":"https:\/\/produncan.cl\/wp-content\/uploads\/2022\/08\/Campito-cerro-plato.webp","width":600,"height":450},{"@type":"BreadcrumbList","@id":"https:\/\/produncan.cl\/fr\/produit\/campito-cerro-plato-135ha-2\/#breadcrumb","itemListElement":[{"@type":"ListItem","position":1,"name":"Inicio","item":"https:\/\/produncan.cl\/fr\/"},{"@type":"ListItem","position":2,"name":"Propri\u00e9t\u00e9s","item":"https:\/\/produncan.cl\/propiedades\/"},{"@type":"ListItem","position":3,"name":"Champs","item":"https:\/\/produncan.cl\/fr\/cat&eacute;gorie\/champs\/"},{"@type":"ListItem","position":4,"name":"Campagne \u00e0 Coyhaique, Cerro Plato &#8211; R\u00e9gion d&#8217;Ays\u00e9n"}]},{"@type":"WebSite","@id":"https:\/\/produncan.cl\/fr\/#website","url":"https:\/\/produncan.cl\/fr\/","name":"Produncan","description":"Nous vous accompagnons dans votre projet de vie !","publisher":{"@id":"https:\/\/produncan.cl\/fr\/#organization"},"potentialAction":[{"@type":"SearchAction","target":{"@type":"EntryPoint","urlTemplate":"https:\/\/produncan.cl\/fr\/?s={search_term_string}"},"query-input":{"@type":"PropertyValueSpecification","valueRequired":true,"valueName":"search_term_string"}}],"inLanguage":"fr-FR"},{"@type":"Organization","@id":"https:\/\/produncan.cl\/fr\/#organization","name":"Produncan","url":"https:\/\/produncan.cl\/fr\/","logo":{"@type":"ImageObject","inLanguage":"fr-FR","@id":"https:\/\/produncan.cl\/fr\/#\/schema\/logo\/image\/","url":"https:\/\/produncan.cl\/wp-content\/uploads\/2021\/03\/LOGO.jpeg","contentUrl":"https:\/\/produncan.cl\/wp-content\/uploads\/2021\/03\/LOGO.jpeg","width":1280,"height":903,"caption":"Produncan"},"image":{"@id":"https:\/\/produncan.cl\/fr\/#\/schema\/logo\/image\/"},"sameAs":["https:\/\/web.facebook.com\/produncanland","https:\/\/www.instagram.com\/pro_duncan\/","https:\/\/www.linkedin.com\/company\/produncan-lands\/","https:\/\/www.youtube.com\/channel\/UCu7N-f3x0svkazD-Eew1-QQ"],"description":"En Produncan somos especialistas en la venta de terrenos en el sur de Chile. Proveemos estancias, campos, parcelas y hoteles.","email":"info@produncan.cl"}]},"og_video":"https:\/\/www.youtube.com\/embed\/Lh_XmtSQKhc","og_video_type":"text\/html","og_video_duration":"61","og_video_width":"480","og_video_height":"360","ya_ovs_adult":"false","ya_ovs_upload_date":"2022-08-16T21:32:02+00:00","ya_ovs_allow_embed":"true","product_price_amount":"199000.00","product_price_currency":"USD","og_availability":"instock","product_availability":"instock","product_condition":"new"},"_links":{"self":[{"href":"https:\/\/produncan.cl\/fr\/wp-json\/wp\/v2\/product\/7840","targetHints":{"allow":["GET"]}}],"collection":[{"href":"https:\/\/produncan.cl\/fr\/wp-json\/wp\/v2\/product"}],"about":[{"href":"https:\/\/produncan.cl\/fr\/wp-json\/wp\/v2\/types\/product"}],"version-history":[{"count":1,"href":"https:\/\/produncan.cl\/fr\/wp-json\/wp\/v2\/product\/7840\/revisions"}],"predecessor-version":[{"id":51164,"href":"https:\/\/produncan.cl\/fr\/wp-json\/wp\/v2\/product\/7840\/revisions\/51164"}],"wp:featuredmedia":[{"embeddable":true,"href":"https:\/\/produncan.cl\/fr\/wp-json\/wp\/v2\/media\/6253"}],"wp:attachment":[{"href":"https:\/\/produncan.cl\/fr\/wp-json\/wp\/v2\/media?parent=7840"}],"wp:term":[{"taxonomy":"product_brand","embeddable":true,"href":"https:\/\/produncan.cl\/fr\/wp-json\/wp\/v2\/product_brand?post=7840"},{"taxonomy":"product_cat","embeddable":true,"href":"https:\/\/produncan.cl\/fr\/wp-json\/wp\/v2\/product_cat?post=7840"},{"taxonomy":"product_tag","embeddable":true,"href":"https:\/\/produncan.cl\/fr\/wp-json\/wp\/v2\/product_tag?post=7840"},{"taxonomy":"regiones","embeddable":true,"href":"https:\/\/produncan.cl\/fr\/wp-json\/wp\/v2\/regiones?post=7840"},{"taxonomy":"ciudades","embeddable":true,"href":"https:\/\/produncan.cl\/fr\/wp-json\/wp\/v2\/ciudades?post=7840"}],"curies":[{"name":"wp","href":"https:\/\/api.w.org\/{rel}","templated":true}]}}