{"id":7841,"date":"2024-05-08T17:27:41","date_gmt":"2024-05-08T21:27:41","guid":{"rendered":"https:\/\/produncan.cl\/producto\/champ-el-manio-40-6ha\/"},"modified":"2025-11-24T17:55:34","modified_gmt":"2025-11-24T20:55:34","slug":"campo-el-manio-406ha-2","status":"publish","type":"product","link":"https:\/\/produncan.cl\/fr\/produit\/campo-el-manio-406ha-2\/","title":{"rendered":"Campo \u00e0 R\u00edo Fr\u00edo &#8211; El Ma\u00f1\u00edo II, Los Muermos"},"content":{"rendered":"\t\t<div data-elementor-type=\"product-post\" data-elementor-id=\"7841\" class=\"elementor elementor-7841 elementor-2761\" data-elementor-post-type=\"product\">\n\t\t\t\t<div class=\"elementor-element elementor-element-faa1921 e-flex e-con-boxed e-con e-parent\" data-id=\"faa1921\" data-element_type=\"container\" data-e-type=\"container\" data-settings=\"{&quot;jet_parallax_layout_list&quot;:[]}\">\n\t\t\t\t\t<div class=\"e-con-inner\">\n\t\t<div class=\"elementor-element elementor-element-7bc89d8 e-con-full e-flex e-con e-child\" data-id=\"7bc89d8\" data-element_type=\"container\" data-e-type=\"container\" data-settings=\"{&quot;jet_parallax_layout_list&quot;:[]}\">\n\t\t\t\t<div class=\"elementor-element elementor-element-f9b3748 elementor-widget elementor-widget-heading\" data-id=\"f9b3748\" data-element_type=\"widget\" data-e-type=\"widget\" data-widget_type=\"heading.default\">\n\t\t\t\t\t<h2 class=\"elementor-heading-title elementor-size-default\">Campo El Ma\u00f1\u00edo: nature, eau et connectivit\u00e9 en Fresia<\/h2>\t\t\t\t<\/div>\n\t\t\t\t<\/div>\n\t\t\t\t\t<\/div>\n\t\t\t\t<\/div>\n\t\t<div class=\"elementor-element elementor-element-0a1fc0b e-flex e-con-boxed e-con e-parent\" data-id=\"0a1fc0b\" data-element_type=\"container\" data-e-type=\"container\" data-settings=\"{&quot;jet_parallax_layout_list&quot;:[]}\">\n\t\t\t\t\t<div class=\"e-con-inner\">\n\t\t\t\t<div class=\"elementor-element elementor-element-074d44d elementor-widget elementor-widget-text-editor\" data-id=\"074d44d\" data-element_type=\"widget\" data-e-type=\"widget\" data-widget_type=\"text-editor.default\">\n\t\t\t\t\t\t\t\t\t<p>D\u00e9couvrez ce domaine de 40,66 hectares dans la municipalit\u00e9 de Fresia, R\u00e9gion de Los Lagos, un lieu o\u00f9 le paysage sud se d\u00e9veloppe entre for\u00eats indig\u00e8nes, prairies douces et cours d&#8217;eau permanents. Un environnement id\u00e9al pour les projets agricoles et touristiques et pour ceux qui recherchent un espace de d\u00e9connexion, avec un excellent acc\u00e8s et des services d\u00e9j\u00e0 disponibles.<\/p><p>Sa topographie combine des zones plates et des lombages doux qui donnent une vue ouverte sur les volcans et les vall\u00e9es. La propri\u00e9t\u00e9 est remplie de tapis d&#8217;\u00e9coulement constants tout au long de l&#8217;ann\u00e9e et avec la rivi\u00e8re Llico, assurant la fertilit\u00e9 du sol et l&#8217;approvisionnement en eau naturelle.<\/p><p>Situ\u00e9 \u00e0 seulement une heure de Puerto Varas, il est tr\u00e8s proche de l&#8217;Estaci\u00f3n R\u00edo Frio et Los Muermos. Il est accessible par une route pav\u00e9e jusqu&#8217;\u00e0 environ 4 km de la campagne, continuant sur une route rurale en bon \u00e9tat, actuellement en cours de pavage vers la c\u00f4te.<\/p><p>Le champ est compos\u00e9 de deux couches contigu\u00ebs, le lot A de 23.16 hectares et le lot B de 17.50 hectares, unis dans le m\u00eame r\u00f4le et s\u00e9par\u00e9s seulement par une route voisine.<\/p><p>Il a une ferme en bois en tr\u00e8s bon \u00e9tat de 8 x 7 m\u00e8tres, avec trois chambres, salle de bains avec fosse septique, salon, salle \u00e0 manger et cuisine. Il a \u00e9galement des corrals pour la gestion des animaux et des cl\u00f4tures dans tout son p\u00e9rim\u00e8tre, \u00e0 l&#8217;exception des bords naturels avec des rivi\u00e8res et des tapis.<\/p><p>L&#8217;\u00e9lectricit\u00e9 est raccord\u00e9e au r\u00e9seau public par un approvisionnement en eau naturel. La connectivit\u00e9 num\u00e9rique est \u00e9galement garantie par un bon signal t\u00e9l\u00e9phonique et internet.<\/p><p>Sa v\u00e9g\u00e9tation est l&#8217;une de ses plus grandes attractions: une vaste for\u00eat indig\u00e8ne qui comprend des esp\u00e8ces telles que Canelo, Ciruelillo, Rodal, Ulmo, Array\u00e1n, Luma, Meli, Lingue, Tepa et Ma\u00f1\u00edo, donnant identit\u00e9 et biodiversit\u00e9 au sol.<\/p><p>La propri\u00e9t\u00e9 a toute sa documentation par jour, pr\u00eate \u00e0 \u00eatre transf\u00e9r\u00e9e. Dans les environs il y a des services essentiels tels que posta rural, mini march\u00e9, \u00e9cole et \u00e9glise. En outre, sa proximit\u00e9 avec la c\u00f4te vous permet de profiter du spa et des calets tels que Llico Bajo, Puerto Godoy, Quenir et Estakilla, de v\u00e9ritables paysages du nord de la Patagonie.<\/p><p>Un champ polyvalent et charmant, o\u00f9 la terre, l&#8217;eau et la tranquillit\u00e9 sont trouv\u00e9s pour donner vie \u00e0 un projet avec signification.<\/p>\t\t\t\t\t\t\t\t<\/div>\n\t\t\t\t\t<\/div>\n\t\t\t\t<\/div>\n\t\t\t\t<\/div>\n\t\t","protected":false},"excerpt":{"rendered":"<p>Campagne \u00e0 Los Muermos, \u00e0 1 heure de Puerto Varas, avec une vue imprenable sur la cordill\u00e8re. Maison, \u00e9lectricit\u00e9 et bon r\u00e9seau.  Il dispose d&#8217;une rivi\u00e8re, d&#8217;une source et d&#8217;un estuaire. 4 kilom\u00e8tres de gravier en cours d&#8217;asphaltage. Tr\u00e8s bon prix de vente. <\/p>\n","protected":false},"featured_media":6205,"template":"","meta":{"_acf_changed":false},"product_brand":[],"product_cat":[113],"product_tag":[233],"regiones":[226],"ciudades":[214,216],"class_list":{"0":"post-7841","1":"product","2":"type-product","3":"status-publish","4":"has-post-thumbnail","6":"product_cat-ohiggins-los-lagos-fr","7":"product_tag-champs","8":"regiones-nuble-los_lagos","9":"ciudades-fresia","10":"ciudades-los-muermos","12":"first","13":"instock","14":"sold-individually","15":"shipping-taxable","16":"purchasable","17":"product-type-simple"},"acf":[],"yoast_head":"<!-- This site is optimized with the Yoast SEO Premium plugin v26.0 (Yoast SEO v27.3) - https:\/\/yoast.com\/product\/yoast-seo-premium-wordpress\/ -->\n<title>Campo El Ma\u00f1\u00edo - R\u00edo Frio, Los Muermos - Produncan<\/title>\n<meta name=\"description\" content=\"Ferme El Ma\u00f1\u00edo de 40,6ha, \u00e0 1 heure de Puerto Varas, accessible depuis la gare de R\u00edo Fr\u00edo. Maison de 66m\u00b2, remises, cave, \u00e9tang et arbres fruitiers.\" \/>\n<meta name=\"robots\" content=\"index, follow, max-snippet:-1, max-image-preview:large, max-video-preview:-1\" \/>\n<link rel=\"canonical\" href=\"https:\/\/produncan.cl\/fr\/produit\/campo-el-manio-406ha-2\/\" \/>\n<meta property=\"og:locale\" content=\"fr_FR\" \/>\n<meta property=\"og:type\" content=\"article\" \/>\n<meta property=\"og:title\" content=\"Campo \u00e0 R\u00edo Fr\u00edo - El Ma\u00f1\u00edo II, Los Muermos\" \/>\n<meta property=\"og:description\" content=\"Ferme El Ma\u00f1\u00edo de 40,6ha, \u00e0 1 heure de Puerto Varas, accessible depuis la gare de R\u00edo Fr\u00edo. Maison de 66m\u00b2, remises, cave, \u00e9tang et arbres fruitiers.\" \/>\n<meta property=\"og:url\" content=\"https:\/\/produncan.cl\/fr\/produit\/campo-el-manio-406ha-2\/\" \/>\n<meta property=\"og:site_name\" content=\"Produncan\" \/>\n<meta property=\"article:publisher\" content=\"https:\/\/web.facebook.com\/produncanland\" \/>\n<meta property=\"article:modified_time\" content=\"2025-11-24T20:55:34+00:00\" \/>\n<meta property=\"og:image\" content=\"https:\/\/produncan.cl\/wp-content\/uploads\/2022\/08\/Campo-El-Manio-II.webp\" \/>\n\t<meta property=\"og:image:width\" content=\"600\" \/>\n\t<meta property=\"og:image:height\" content=\"450\" \/>\n\t<meta property=\"og:image:type\" content=\"image\/webp\" \/>\n<meta name=\"twitter:card\" content=\"summary_large_image\" \/>\n<meta name=\"twitter:label1\" content=\"Price\" \/>\n\t<meta name=\"twitter:data1\" content=\"USD250.100,00\" \/>\n\t<meta name=\"twitter:label2\" content=\"Availability\" \/>\n\t<meta name=\"twitter:data2\" content=\"In stock\" \/>\n<script type=\"application\/ld+json\" class=\"yoast-schema-graph\">{\"@context\":\"https:\\\/\\\/schema.org\",\"@graph\":[{\"@type\":\"WebPage\",\"@id\":\"https:\\\/\\\/produncan.cl\\\/fr\\\/produit\\\/campo-el-manio-406ha-2\\\/\",\"url\":\"https:\\\/\\\/produncan.cl\\\/fr\\\/produit\\\/campo-el-manio-406ha-2\\\/\",\"name\":\"Campo El Ma\u00f1\u00edo - R\u00edo Frio, Los Muermos - Produncan\",\"isPartOf\":{\"@id\":\"https:\\\/\\\/produncan.cl\\\/fr\\\/#website\"},\"primaryImageOfPage\":{\"@id\":\"https:\\\/\\\/produncan.cl\\\/fr\\\/produit\\\/campo-el-manio-406ha-2\\\/#primaryimage\"},\"image\":{\"@id\":\"https:\\\/\\\/produncan.cl\\\/fr\\\/produit\\\/campo-el-manio-406ha-2\\\/#primaryimage\"},\"thumbnailUrl\":\"https:\\\/\\\/produncan.cl\\\/wp-content\\\/uploads\\\/2022\\\/08\\\/Campo-El-Manio-II.webp\",\"datePublished\":\"2024-05-08T21:27:41+00:00\",\"dateModified\":\"2025-11-24T20:55:34+00:00\",\"description\":\"Ferme El Ma\u00f1\u00edo de 40,6ha, \u00e0 1 heure de Puerto Varas, accessible depuis la gare de R\u00edo Fr\u00edo. Maison de 66m\u00b2, remises, cave, \u00e9tang et arbres fruitiers.\",\"breadcrumb\":{\"@id\":\"https:\\\/\\\/produncan.cl\\\/fr\\\/produit\\\/campo-el-manio-406ha-2\\\/#breadcrumb\"},\"inLanguage\":\"fr-FR\",\"potentialAction\":[{\"@type\":\"ReadAction\",\"target\":[\"https:\\\/\\\/produncan.cl\\\/fr\\\/produit\\\/campo-el-manio-406ha-2\\\/\"]}]},{\"@type\":\"ImageObject\",\"inLanguage\":\"fr-FR\",\"@id\":\"https:\\\/\\\/produncan.cl\\\/fr\\\/produit\\\/campo-el-manio-406ha-2\\\/#primaryimage\",\"url\":\"https:\\\/\\\/produncan.cl\\\/wp-content\\\/uploads\\\/2022\\\/08\\\/Campo-El-Manio-II.webp\",\"contentUrl\":\"https:\\\/\\\/produncan.cl\\\/wp-content\\\/uploads\\\/2022\\\/08\\\/Campo-El-Manio-II.webp\",\"width\":600,\"height\":450,\"caption\":\"Campo El Ma\u00f1io II\"},{\"@type\":\"BreadcrumbList\",\"@id\":\"https:\\\/\\\/produncan.cl\\\/fr\\\/produit\\\/campo-el-manio-406ha-2\\\/#breadcrumb\",\"itemListElement\":[{\"@type\":\"ListItem\",\"position\":1,\"name\":\"Inicio\",\"item\":\"https:\\\/\\\/produncan.cl\\\/fr\\\/\"},{\"@type\":\"ListItem\",\"position\":2,\"name\":\"Propri\u00e9t\u00e9s\",\"item\":\"https:\\\/\\\/produncan.cl\\\/propiedades\\\/\"},{\"@type\":\"ListItem\",\"position\":3,\"name\":\"Champs\",\"item\":\"https:\\\/\\\/produncan.cl\\\/fr\\\/cat&eacute;gorie\\\/champs\\\/\"},{\"@type\":\"ListItem\",\"position\":4,\"name\":\"Campo \u00e0 R\u00edo Fr\u00edo &#8211; El Ma\u00f1\u00edo II, Los Muermos\"}]},{\"@type\":\"WebSite\",\"@id\":\"https:\\\/\\\/produncan.cl\\\/fr\\\/#website\",\"url\":\"https:\\\/\\\/produncan.cl\\\/fr\\\/\",\"name\":\"Produncan\",\"description\":\"Nous vous accompagnons dans votre projet de vie !\",\"publisher\":{\"@id\":\"https:\\\/\\\/produncan.cl\\\/fr\\\/#organization\"},\"potentialAction\":[{\"@type\":\"SearchAction\",\"target\":{\"@type\":\"EntryPoint\",\"urlTemplate\":\"https:\\\/\\\/produncan.cl\\\/fr\\\/?s={search_term_string}\"},\"query-input\":{\"@type\":\"PropertyValueSpecification\",\"valueRequired\":true,\"valueName\":\"search_term_string\"}}],\"inLanguage\":\"fr-FR\"},{\"@type\":\"Organization\",\"@id\":\"https:\\\/\\\/produncan.cl\\\/fr\\\/#organization\",\"name\":\"Produncan\",\"url\":\"https:\\\/\\\/produncan.cl\\\/fr\\\/\",\"logo\":{\"@type\":\"ImageObject\",\"inLanguage\":\"fr-FR\",\"@id\":\"https:\\\/\\\/produncan.cl\\\/fr\\\/#\\\/schema\\\/logo\\\/image\\\/\",\"url\":\"https:\\\/\\\/produncan.cl\\\/wp-content\\\/uploads\\\/2021\\\/03\\\/LOGO.jpeg\",\"contentUrl\":\"https:\\\/\\\/produncan.cl\\\/wp-content\\\/uploads\\\/2021\\\/03\\\/LOGO.jpeg\",\"width\":1280,\"height\":903,\"caption\":\"Produncan\"},\"image\":{\"@id\":\"https:\\\/\\\/produncan.cl\\\/fr\\\/#\\\/schema\\\/logo\\\/image\\\/\"},\"sameAs\":[\"https:\\\/\\\/web.facebook.com\\\/produncanland\",\"https:\\\/\\\/www.instagram.com\\\/pro_duncan\\\/\",\"https:\\\/\\\/www.linkedin.com\\\/company\\\/produncan-lands\\\/\",\"https:\\\/\\\/www.youtube.com\\\/channel\\\/UCu7N-f3x0svkazD-Eew1-QQ\"],\"description\":\"En Produncan somos especialistas en la venta de terrenos en el sur de Chile. Proveemos estancias, campos, parcelas y hoteles.\",\"email\":\"info@produncan.cl\"}]}<\/script>\n<meta property=\"og:video\" content=\"https:\/\/www.youtube.com\/embed\/hyquJS8Rd7o\" \/>\n<meta property=\"og:video:type\" content=\"text\/html\" \/>\n<meta property=\"og:video:duration\" content=\"57\" \/>\n<meta property=\"og:video:width\" content=\"480\" \/>\n<meta property=\"og:video:height\" content=\"270\" \/>\n<meta property=\"ya:ovs:adult\" content=\"false\" \/>\n<meta property=\"ya:ovs:upload_date\" content=\"2024-05-08T21:27:41+00:00\" \/>\n<meta property=\"ya:ovs:allow_embed\" content=\"true\" \/>\n<meta property=\"product:price:amount\" content=\"250100.00\" \/>\n<meta property=\"product:price:currency\" content=\"USD\" \/>\n<meta property=\"og:availability\" content=\"instock\" \/>\n<meta property=\"product:availability\" content=\"instock\" \/>\n<meta property=\"product:condition\" content=\"new\" \/>\n<!-- \/ Yoast SEO Premium plugin. -->","yoast_head_json":{"title":"Campo El Ma\u00f1\u00edo - R\u00edo Frio, Los Muermos - Produncan","description":"Ferme El Ma\u00f1\u00edo de 40,6ha, \u00e0 1 heure de Puerto Varas, accessible depuis la gare de R\u00edo Fr\u00edo. Maison de 66m\u00b2, remises, cave, \u00e9tang et arbres fruitiers.","robots":{"index":"index","follow":"follow","max-snippet":"max-snippet:-1","max-image-preview":"max-image-preview:large","max-video-preview":"max-video-preview:-1"},"canonical":"https:\/\/produncan.cl\/fr\/produit\/campo-el-manio-406ha-2\/","og_locale":"fr_FR","og_type":"article","og_title":"Campo \u00e0 R\u00edo Fr\u00edo - El Ma\u00f1\u00edo II, Los Muermos","og_description":"Ferme El Ma\u00f1\u00edo de 40,6ha, \u00e0 1 heure de Puerto Varas, accessible depuis la gare de R\u00edo Fr\u00edo. Maison de 66m\u00b2, remises, cave, \u00e9tang et arbres fruitiers.","og_url":"https:\/\/produncan.cl\/fr\/produit\/campo-el-manio-406ha-2\/","og_site_name":"Produncan","article_publisher":"https:\/\/web.facebook.com\/produncanland","article_modified_time":"2025-11-24T20:55:34+00:00","og_image":[{"width":600,"height":450,"url":"https:\/\/produncan.cl\/wp-content\/uploads\/2022\/08\/Campo-El-Manio-II.webp","type":"image\/webp"}],"twitter_card":"summary_large_image","twitter_misc":{"Price":"USD250.100,00","Availability":"In stock"},"schema":{"@context":"https:\/\/schema.org","@graph":[{"@type":"WebPage","@id":"https:\/\/produncan.cl\/fr\/produit\/campo-el-manio-406ha-2\/","url":"https:\/\/produncan.cl\/fr\/produit\/campo-el-manio-406ha-2\/","name":"Campo El Ma\u00f1\u00edo - R\u00edo Frio, Los Muermos - Produncan","isPartOf":{"@id":"https:\/\/produncan.cl\/fr\/#website"},"primaryImageOfPage":{"@id":"https:\/\/produncan.cl\/fr\/produit\/campo-el-manio-406ha-2\/#primaryimage"},"image":{"@id":"https:\/\/produncan.cl\/fr\/produit\/campo-el-manio-406ha-2\/#primaryimage"},"thumbnailUrl":"https:\/\/produncan.cl\/wp-content\/uploads\/2022\/08\/Campo-El-Manio-II.webp","datePublished":"2024-05-08T21:27:41+00:00","dateModified":"2025-11-24T20:55:34+00:00","description":"Ferme El Ma\u00f1\u00edo de 40,6ha, \u00e0 1 heure de Puerto Varas, accessible depuis la gare de R\u00edo Fr\u00edo. Maison de 66m\u00b2, remises, cave, \u00e9tang et arbres fruitiers.","breadcrumb":{"@id":"https:\/\/produncan.cl\/fr\/produit\/campo-el-manio-406ha-2\/#breadcrumb"},"inLanguage":"fr-FR","potentialAction":[{"@type":"ReadAction","target":["https:\/\/produncan.cl\/fr\/produit\/campo-el-manio-406ha-2\/"]}]},{"@type":"ImageObject","inLanguage":"fr-FR","@id":"https:\/\/produncan.cl\/fr\/produit\/campo-el-manio-406ha-2\/#primaryimage","url":"https:\/\/produncan.cl\/wp-content\/uploads\/2022\/08\/Campo-El-Manio-II.webp","contentUrl":"https:\/\/produncan.cl\/wp-content\/uploads\/2022\/08\/Campo-El-Manio-II.webp","width":600,"height":450,"caption":"Campo El Ma\u00f1io II"},{"@type":"BreadcrumbList","@id":"https:\/\/produncan.cl\/fr\/produit\/campo-el-manio-406ha-2\/#breadcrumb","itemListElement":[{"@type":"ListItem","position":1,"name":"Inicio","item":"https:\/\/produncan.cl\/fr\/"},{"@type":"ListItem","position":2,"name":"Propri\u00e9t\u00e9s","item":"https:\/\/produncan.cl\/propiedades\/"},{"@type":"ListItem","position":3,"name":"Champs","item":"https:\/\/produncan.cl\/fr\/cat&eacute;gorie\/champs\/"},{"@type":"ListItem","position":4,"name":"Campo \u00e0 R\u00edo Fr\u00edo &#8211; El Ma\u00f1\u00edo II, Los Muermos"}]},{"@type":"WebSite","@id":"https:\/\/produncan.cl\/fr\/#website","url":"https:\/\/produncan.cl\/fr\/","name":"Produncan","description":"Nous vous accompagnons dans votre projet de vie !","publisher":{"@id":"https:\/\/produncan.cl\/fr\/#organization"},"potentialAction":[{"@type":"SearchAction","target":{"@type":"EntryPoint","urlTemplate":"https:\/\/produncan.cl\/fr\/?s={search_term_string}"},"query-input":{"@type":"PropertyValueSpecification","valueRequired":true,"valueName":"search_term_string"}}],"inLanguage":"fr-FR"},{"@type":"Organization","@id":"https:\/\/produncan.cl\/fr\/#organization","name":"Produncan","url":"https:\/\/produncan.cl\/fr\/","logo":{"@type":"ImageObject","inLanguage":"fr-FR","@id":"https:\/\/produncan.cl\/fr\/#\/schema\/logo\/image\/","url":"https:\/\/produncan.cl\/wp-content\/uploads\/2021\/03\/LOGO.jpeg","contentUrl":"https:\/\/produncan.cl\/wp-content\/uploads\/2021\/03\/LOGO.jpeg","width":1280,"height":903,"caption":"Produncan"},"image":{"@id":"https:\/\/produncan.cl\/fr\/#\/schema\/logo\/image\/"},"sameAs":["https:\/\/web.facebook.com\/produncanland","https:\/\/www.instagram.com\/pro_duncan\/","https:\/\/www.linkedin.com\/company\/produncan-lands\/","https:\/\/www.youtube.com\/channel\/UCu7N-f3x0svkazD-Eew1-QQ"],"description":"En Produncan somos especialistas en la venta de terrenos en el sur de Chile. Proveemos estancias, campos, parcelas y hoteles.","email":"info@produncan.cl"}]},"og_video":"https:\/\/www.youtube.com\/embed\/hyquJS8Rd7o","og_video_type":"text\/html","og_video_duration":"57","og_video_width":"480","og_video_height":"270","ya_ovs_adult":"false","ya_ovs_upload_date":"2024-05-08T21:27:41+00:00","ya_ovs_allow_embed":"true","product_price_amount":"250100.00","product_price_currency":"USD","og_availability":"instock","product_availability":"instock","product_condition":"new"},"_links":{"self":[{"href":"https:\/\/produncan.cl\/fr\/wp-json\/wp\/v2\/product\/7841","targetHints":{"allow":["GET"]}}],"collection":[{"href":"https:\/\/produncan.cl\/fr\/wp-json\/wp\/v2\/product"}],"about":[{"href":"https:\/\/produncan.cl\/fr\/wp-json\/wp\/v2\/types\/product"}],"version-history":[{"count":2,"href":"https:\/\/produncan.cl\/fr\/wp-json\/wp\/v2\/product\/7841\/revisions"}],"predecessor-version":[{"id":52515,"href":"https:\/\/produncan.cl\/fr\/wp-json\/wp\/v2\/product\/7841\/revisions\/52515"}],"wp:featuredmedia":[{"embeddable":true,"href":"https:\/\/produncan.cl\/fr\/wp-json\/wp\/v2\/media\/6205"}],"wp:attachment":[{"href":"https:\/\/produncan.cl\/fr\/wp-json\/wp\/v2\/media?parent=7841"}],"wp:term":[{"taxonomy":"product_brand","embeddable":true,"href":"https:\/\/produncan.cl\/fr\/wp-json\/wp\/v2\/product_brand?post=7841"},{"taxonomy":"product_cat","embeddable":true,"href":"https:\/\/produncan.cl\/fr\/wp-json\/wp\/v2\/product_cat?post=7841"},{"taxonomy":"product_tag","embeddable":true,"href":"https:\/\/produncan.cl\/fr\/wp-json\/wp\/v2\/product_tag?post=7841"},{"taxonomy":"regiones","embeddable":true,"href":"https:\/\/produncan.cl\/fr\/wp-json\/wp\/v2\/regiones?post=7841"},{"taxonomy":"ciudades","embeddable":true,"href":"https:\/\/produncan.cl\/fr\/wp-json\/wp\/v2\/ciudades?post=7841"}],"curies":[{"name":"wp","href":"https:\/\/api.w.org\/{rel}","templated":true}]}}